{"id":1592,"date":"2016-11-19T20:16:21","date_gmt":"2016-11-19T20:16:21","guid":{"rendered":"http:\/\/odk-ergon.pl\/?page_id=1592"},"modified":"2022-06-15T15:25:16","modified_gmt":"2022-06-15T13:25:16","slug":"examen-sep","status":"publish","type":"page","link":"https:\/\/odk-ergon.pl\/fr\/baza-wiedzy\/egzamin-sep\/","title":{"rendered":"Examen G1, G2, G3"},"content":{"rendered":"<p><a href=\"http:\/\/odk-ergon.pl\/wp-content\/uploads\/2016\/11\/test-986769_640.jpg\"><img loading=\"lazy\" decoding=\"async\" class=\"size-medium wp-image-1595 alignleft\" src=\"http:\/\/odk-ergon.pl\/wp-content\/uploads\/2016\/11\/test-986769_640-300x225.jpg\" alt=\"essai-986769_640\" width=\"300\" height=\"225\" srcset=\"https:\/\/odk-ergon.pl\/wp-content\/uploads\/2016\/11\/test-986769_640-300x225.jpg 300w, https:\/\/odk-ergon.pl\/wp-content\/uploads\/2016\/11\/test-986769_640-624x468.jpg 624w, https:\/\/odk-ergon.pl\/wp-content\/uploads\/2016\/11\/test-986769_640.jpg 640w\" sizes=\"auto, (max-width: 300px) 100vw, 300px\" \/><\/a>Chaque personne qui souhaite obtenir une qualification professionnelle doit r\u00e9ussir un examen, qui est l&#039;un des plus couramment choisis par les sp\u00e9cialistes aujourd&#039;hui. Notre <a href=\"https:\/\/odk-ergon.pl\/fr\/o-firmie\/\">Centre de formation du personnel ERGON<\/a> est une formation moderne dans laquelle il vaut vraiment la peine d&#039;investir \u00e0 un tel moment. Nous dispensons des cours qui pr\u00e9parent aux examens devant les commissions PSE, SIMP, SITPS et bien d&#039;autres, qui sont nomm\u00e9s par l&#039;Office de r\u00e9gulation de l&#039;\u00e9nergie (Energy Regulatory Office). Nous vous encourageons \u00e0 profiter de notre offre et \u00e0 vous inscrire \u00e0 une formation professionnelle pratique.<\/p>\n<p>Il convient de savoir que la c\u00e9l\u00e8bre Association des ing\u00e9nieurs \u00e9lectriciens polonais a \u00e9t\u00e9 cr\u00e9\u00e9e au 19e\/20e si\u00e8cle. Ici, la mission la plus importante est d&#039;\u00e9duquer et de vulgariser les connaissances dans le domaine de l&#039;\u00e9nergie. Nous traitons \u00e9galement ici de l&#039;\u00e9valuation de la conformit\u00e9 des produits \u00e9lectriques basse tension. L&#039;Association polonaise de l&#039;installation \u00e9lectrique, quant \u00e0 elle, fonctionne depuis 2007 et a \u00e9t\u00e9 cr\u00e9\u00e9e \u00e0 l&#039;initiative des plus grandes entreprises \u00e9nerg\u00e9tiques de Pologne. Nous avons \u00e9galement l&#039;Association des ing\u00e9nieurs et techniciens polonais en m\u00e9canique, qui a \u00e9t\u00e9 fond\u00e9e dans les ann\u00e9es 1920 par le professeur Henryk Mierzejewski. En outre, nous avons \u00e9galement l&#039;Association des ing\u00e9nieurs et techniciens de l&#039;industrie alimentaire, qui a \u00e9t\u00e9 cr\u00e9\u00e9e dans les ann\u00e9es 1940 au si\u00e8cle pr\u00e9c\u00e9dent.<\/p>\n<p>Nous vous encourageons \u00e0 vous inscrire \u00e0 nos formations qui vous pr\u00e9parent aux examens SEP, PSE, SIMP et SITPS. C&#039;est une excellente pr\u00e9paration et des connaissances pratiques qui peuvent ensuite \u00eatre utilis\u00e9es dans votre travail quotidien. Nous fournissons \u00e9galement des exemples de questions pour des groupes sp\u00e9cifiques : G-1, G-2, G-3.<\/p>\n<p>Aujourd&#039;hui, tout le monde peut obtenir une qualification professionnelle et s&#039;inscrire aux cours PSE, SIM, SITPS et SEP correspondants. Vous devez postuler \u00e0 l&#039;examen avec une pi\u00e8ce d&#039;identit\u00e9 valide. Nous avons des comit\u00e9s dans tout le pays, vous pouvez donc choisir un endroit pratique. En ce qui concerne l&#039;examen SEP 1 kV et bien d&#039;autres men\u00e9s par PSE, SIMP, SITPS, vous devez vous inscrire par \u00e9crit. Toutes les formalit\u00e9s peuvent \u00eatre organis\u00e9es par notre Centre. Les frais pour l&#039;examen national SEP sont actuellement de 168 PLN et doivent \u00eatre pay\u00e9s avant de passer l&#039;examen. Nous vous encourageons \u00e0 lire les d\u00e9tails sur le site Web de SEP et d&#039;autres associations.<\/p>\n<p>Nous vous encourageons \u00e9galement \u00e0 vous renseigner sur les exemples de questions d&#039;examen.<\/p>\n<p><em>Les informations sur le site ne constituent pas une offre. Ils ont \u00e9t\u00e9 pr\u00e9sent\u00e9s afin que la personne qui suit la formation puisse conna\u00eetre la possibilit\u00e9 d&#039;obtenir des qualifications aupr\u00e8s d&#039;organismes de formation d&#039;\u00e9lectricien dans toute la Pologne.<\/em><\/p>","protected":false},"excerpt":{"rendered":"<p>Ka\u017cda osoba, jaka chce uzyska\u0107 uprawnienia zawodowe, musi zda\u0107 egzamin, kt\u00f3ry jest dzisiaj jednym z najcz\u0119stszych, na jakie decyduj\u0105 si\u0119 specjali\u015bci. Nasz O\u015brodek Doskonalenia Kadr ERGON to nowoczesne szkolenia, na jakie rzeczywi\u015bcie warto postawi\u0107 w takim momencie. Zapewniamy kursy, jakie przygotowuj\u0105 do egzamin\u00f3w przed komisjami PSE, SIMP, SITPS oraz wieloma innymi, jakie s\u0105 mianowane przez URE (Urz\u0105d Regulacji Energetyki). Zach\u0119camy do skorzystania z naszej oferty i zapisania si\u0119 na dogodne dla siebie szkolenia zawodowe. Warto wiedzie\u0107, \u017ce s\u0142ynne Stowarzyszenie Elektryk\u00f3w Polskich powsta\u0142o w XIX\/XX wieku. Tutaj najwa\u017cniejsz\u0105 misj\u0105 jest edukacja oraz popularyzowanie wiedzy w zakresie energetyki. Mamy tutaj do czynienia tak\u017ce z ocen\u0105 zgodno\u015bci wyrob\u00f3w elektrycznych niskiego napi\u0119cia. Polskie Stowarzyszenie Elektroinstalacyjne dzia\u0142a z kolei od 2007 roku, a powsta\u0142o z inicjatywy najwi\u0119kszych firm energetycznych w Polsce. Mamy tak\u017ce Stowarzyszenie In\u017cynier\u00f3w i technik\u00f3w Mechanik\u00f3w Polskich, kt\u00f3re zosta\u0142o za\u0142o\u017cone w latach dwudziestych ubieg\u0142ego wieku przez profesora Henryka Mierzejewskiego. Dodatkowo mamy jeszcze Stowarzyszenie In\u017cynier\u00f3w i Technik\u00f3w Przemys\u0142u Spo\u017cywczego, kt\u00f3re powsta\u0142o w latach czterdziestych w poprzednim stuleciu. Zach\u0119camy do zapisywania si\u0119 na nasze szkolenia, jakie przygotowuj\u0105 do egzamin\u00f3w SEP, PSE, SIMP oraz SITPS. To \u015bwietne przygotowanie i wiedza praktyczna, jak\u0105 p\u00f3\u017aniej mo\u017cna wykorzysta\u0107 w swojej codziennej pracy. Zapewniamy tak\u017ce przyk\u0142adowe pytania do konkretnych grup: G-1, G-2, G-3. Dzisiaj ka\u017cdy mo\u017ce zyska\u0107 kwalifikacje zawodowe i zapisa\u0107 si\u0119 na odpowiednie kursy PSE, SIM, SITPS, oraz SEP. Na egzamin nale\u017cy zg\u0142osi\u0107 si\u0119 z wa\u017cnym dowodem to\u017csamo\u015bci. Mamy komisje na terenie ca\u0142ego kraju, wi\u0119c mo\u017cna wybra\u0107 dogodn\u0105 lokalizacj\u0119. Je\u015bli chodzi o egzamin SEP 1 kV oraz wiele innych prowadzonych przez PSE, SIMP, SITPS, [&hellip;]<\/p>\n","protected":false},"author":1,"featured_media":0,"parent":1226,"menu_order":0,"comment_status":"closed","ping_status":"closed","template":"","meta":{"sfsi_plus_gutenberg_text_before_share":"","sfsi_plus_gutenberg_show_text_before_share":"","sfsi_plus_gutenberg_icon_type":"","sfsi_plus_gutenberg_icon_alignemt":"","sfsi_plus_gutenburg_max_per_row":"","footnotes":""},"class_list":["post-1592","page","type-page","status-publish","hentry","has_thumb"],"aioseo_notices":[],"_links":{"self":[{"href":"https:\/\/odk-ergon.pl\/fr\/wp-json\/wp\/v2\/pages\/1592","targetHints":{"allow":["GET"]}}],"collection":[{"href":"https:\/\/odk-ergon.pl\/fr\/wp-json\/wp\/v2\/pages"}],"about":[{"href":"https:\/\/odk-ergon.pl\/fr\/wp-json\/wp\/v2\/types\/page"}],"author":[{"embeddable":true,"href":"https:\/\/odk-ergon.pl\/fr\/wp-json\/wp\/v2\/users\/1"}],"replies":[{"embeddable":true,"href":"https:\/\/odk-ergon.pl\/fr\/wp-json\/wp\/v2\/comments?post=1592"}],"version-history":[{"count":6,"href":"https:\/\/odk-ergon.pl\/fr\/wp-json\/wp\/v2\/pages\/1592\/revisions"}],"predecessor-version":[{"id":2245,"href":"https:\/\/odk-ergon.pl\/fr\/wp-json\/wp\/v2\/pages\/1592\/revisions\/2245"}],"up":[{"embeddable":true,"href":"https:\/\/odk-ergon.pl\/fr\/wp-json\/wp\/v2\/pages\/1226"}],"wp:attachment":[{"href":"https:\/\/odk-ergon.pl\/fr\/wp-json\/wp\/v2\/media?parent=1592"}],"curies":[{"name":"wp","href":"https:\/\/api.w.org\/{rel}","templated":true}]}}