{"id":1618,"date":"2017-12-04T15:42:52","date_gmt":"2017-12-04T15:42:52","guid":{"rendered":"http:\/\/odk-ergon.pl\/?page_id=1618"},"modified":"2022-11-24T12:38:58","modified_gmt":"2022-11-24T11:38:58","slug":"reglements","status":"publish","type":"page","link":"https:\/\/odk-ergon.pl\/fr\/szkolenia\/szkolenia-na-suwnice\/przepisy\/","title":{"rendered":"R\u00e9glementation relative \u00e0 l&#039;utilisation des ponts roulants"},"content":{"rendered":"<div style=\"float: left; margin-right: 5px; margin-bottom: 10px; text-align: justify;\"><div id=\"metaslider-id-1686\" style=\"max-width: 200px;\" class=\"ml-slider-3-106-0 metaslider metaslider-flex metaslider-1686 ml-slider ms-theme-default nav-hidden\" role=\"region\" aria-label=\"Nouveau curseur\" data-height=\"150\" data-width=\"200\">\n    <div id=\"metaslider_container_1686\">\n        <div id=\"metaslider_1686\" class=\"flexslider\">\n            <ul class='slides'>\n                <li style=\"display: block; width: 100%;\" class=\"slide-1687 ms-image\" aria-roledescription=\"slide\" data-date=\"2017-12-18 13:33:06\" data-filename=\"12-0-200x150.jpg\" data-slide-type=\"image\"><img loading=\"lazy\" decoding=\"async\" src=\"https:\/\/odk-ergon.pl\/wp-content\/uploads\/2017\/12\/12-0-200x150.jpg\" height=\"150\" width=\"200\" alt=\"\" class=\"slider-1686 slide-1687 msDefaultImage\" \/><\/li>\n            <\/ul>\n        <\/div>\n        \n    <\/div>\n<\/div><\/div>\n<p><strong>R\u00e9glementation ponts roulants - UDT, OHS <\/strong><\/p>\n<p>Les grues sont des appareils soumis \u00e0 un contr\u00f4le technique. Les personnes qui utilisent des ponts roulants doivent disposer des <a href=\"https:\/\/odk-ergon.pl\/fr\/szkolenia\/szkolenia-na-suwnice\/\">Dipl\u00f4mes UDT<\/a> et avoir une formation \u00e0 jour en mati\u00e8re de sant\u00e9 et de s\u00e9curit\u00e9 pour exercer leurs fonctions conform\u00e9ment \u00e0 la r\u00e9glementation.<\/p>\n<div class=\"filmw\">\n<div class=\"responsive-youtube\" style=\"text-align: center;\"><iframe loading=\"lazy\" title=\"Lecteur vid\u00e9o YouTube\" src=\"https:\/\/www.youtube.com\/embed\/sfP7oV2iCs4\" width=\"560\" height=\"315\" frameborder=\"0\" allowfullscreen=\"allowfullscreen\"><\/iframe><\/div>\n<\/div>\n<p><strong> Les r\u00e9glementations relatives \u00e0 l&#039;exploitation des ponts roulants comprennent\u00a0: <\/strong><\/p>\n<ul>\n<li>Loi du 21 d\u00e9cembre 2000 sur l&#039;inspection technique (Journal officiel n\u00b0 122, article 1321, tel que modifi\u00e9)<\/li>\n<li>Ordonnance du ministre de l&#039;\u00e9conomie du 18 juillet 2001 relative \u00e0 la proc\u00e9dure de v\u00e9rification des qualifications requises pour le fonctionnement et l&#039;entretien des appareils techniques (Journal officiel n\u00b0 79, article 849), modifi\u00e9e par l&#039;ordonnance du 20 f\u00e9vrier 2003 (Journal officiel n\u00b0 50, point 426), d\u00e9livr\u00e9 sur la base de l&#039;art. 23 s. 5 de la loi sur le contr\u00f4le technique<\/li>\n<li>R\u00e8glement du ministre de l&#039;entrepreneuriat et de la technologie du 30 octobre 2018 sur les conditions techniques du contr\u00f4le technique dans le domaine de l&#039;exploitation, de la r\u00e9paration et de la modernisation des \u00e9quipements de manutention (Journal officiel 2018, article 2176)<\/li>\n<li>R\u00e8glement du Conseil des ministres du 7 d\u00e9cembre 2012 sur les types de dispositifs techniques soumis au contr\u00f4le technique (Journal officiel de 2012 n\u00b0 0 point 1468), \u00e9mis en vertu de l&#039;art. 5 s. 2 de la loi sur le contr\u00f4le technique<\/li>\n<li>Ordonnance du ministre de l&#039;\u00e9conomie du 27 novembre 2014 modifiant l&#039;ordonnance sur le montant des redevances pour les activit\u00e9s des unit\u00e9s de contr\u00f4le technique (Journal officiel de 2014, article 1675), prise en application de l&#039;art. 34 s. 3 de la loi sur le contr\u00f4le technique<\/li>\n<\/ul>\n<p><a href=\"https:\/\/odk-ergon.pl\/wp-content\/uploads\/2022\/10\/1.jpeg\"><img loading=\"lazy\" decoding=\"async\" class=\"aligncenter wp-image-2531\" src=\"https:\/\/odk-ergon.pl\/wp-content\/uploads\/2022\/10\/1-300x211.jpeg\" alt=\"\" width=\"750\" height=\"528\" srcset=\"https:\/\/odk-ergon.pl\/wp-content\/uploads\/2022\/10\/1-300x211.jpeg 300w, https:\/\/odk-ergon.pl\/wp-content\/uploads\/2022\/10\/1-1024x721.jpeg 1024w, https:\/\/odk-ergon.pl\/wp-content\/uploads\/2022\/10\/1-768x541.jpeg 768w, https:\/\/odk-ergon.pl\/wp-content\/uploads\/2022\/10\/1-1536x1082.jpeg 1536w, https:\/\/odk-ergon.pl\/wp-content\/uploads\/2022\/10\/1-18x12.jpeg 18w, https:\/\/odk-ergon.pl\/wp-content\/uploads\/2022\/10\/1-624x440.jpeg 624w, https:\/\/odk-ergon.pl\/wp-content\/uploads\/2022\/10\/1.jpeg 1600w\" sizes=\"auto, (max-width: 750px) 100vw, 750px\" \/><\/a><\/p>\n<p>Les personnes qui souhaitent commencer \u00e0 travailler sur une grue doivent poss\u00e9der les qualifications UDT appropri\u00e9es conform\u00e9ment \u00e0 la loi. Ils peuvent \u00eatre obtenus en s&#039;inscrivant \u00e0 un cours de grue, puis en abordant et en r\u00e9ussissant l&#039;examen devant le comit\u00e9 du Bureau de l&#039;inspection technique. Les autorisations pour les ponts roulants accord\u00e9es \u00e0 cette \u00e9poque sont \u00e0 dur\u00e9e ind\u00e9termin\u00e9e - il n&#039;est pas n\u00e9cessaire de les renouveler et de les v\u00e9rifier.<\/p>\n<p>Nous vous invitons \u00e0 suivre votre formation UDT dans notre Centre de perfectionnement du personnel ERGON - nous fournissons une pr\u00e9paration compl\u00e8te et professionnelle \u00e0 l'examen et garantissons un taux de r\u00e9ussite \u00e9lev\u00e9. Nous op\u00e9rons dans la ville de Varsovie et dans nos centres r\u00e9gionaux. Faible <a href=\"https:\/\/odk-ergon.pl\/fr\/cennik\/\">le prix<\/a>Nos points forts sont un service professionnel et une efficacit\u00e9 \u00e9lev\u00e9e - inscrivez-vous d\u00e8s maintenant !<\/p>\n<div class=\"button_styl\" style=\"float: right; padding-left: 15px; padding-bottom: 8px; margin-bottom: 5px;\"><a class=\"myButton myButton_maly\" href=\"https:\/\/platformaedukacji.pl\/login\/signup.php\" target=\"_blank\" rel=\"nofollow noopener noreferrer\"><span style=\"color: white;\">Inscrivez-vous \u00e0 la formation<\/span><\/a><\/div>\n<div style=\"padding-top: 70px;\">\n<h2>Plus d&#039;information:<\/h2>\n<div style=\"text-align: center; font-size: 85%; line-height: 120%;\">\n<div style=\"float: left; margin-right: 40px; height: 290px;\">\n<p><a href=\"\/fr\/entrainement\/formation-grues\/action-interdite\/\"><img decoding=\"async\" style=\"width: 300px; height: 225px;\" src=\"\/wp-content\/uploads\/2017\/12\/zabronione_m.jpg\" alt=\"\" \/><\/a><\/p>\n<div style=\"width: 300px; font-size: 130%;\"><strong><a href=\"https:\/\/odk-ergon.pl\/fr\/szkolenia\/szkolenia-na-suwnice\/czynnosci-zabronione\/\">Activit\u00e9s interdites<\/a><\/strong><\/div>\n<p>&nbsp;<\/p>\n<\/div>\n<div style=\"float: left; margin-right: 40px; height: 290px;\">\n<p><a href=\"\/fr\/entrainement\/formation-grues\/grutier\/\"><img decoding=\"async\" style=\"width: 300px; height: 225px;\" src=\"\/wp-content\/uploads\/2017\/12\/Foto-suwnice-200x150.jpg\" alt=\"\" \/><\/a><\/p>\n<div style=\"width: 300px; font-size: 130%;\"><strong>Grutier<\/strong><\/div>\n<p>&nbsp;<\/p>\n<\/div>\n<\/div>\n<div style=\"clear: both;\"><\/div>\n<div style=\"text-align: center; font-size: 85%; line-height: 120%;\">\n<div style=\"float: left; margin-right: 40px; height: 290px;\">\n<p><a href=\"\/fr\/entrainement\/formation-grues\/structures-de-grue-de-base\/\"><img decoding=\"async\" style=\"width: 300px; height: 225px;\" src=\"\/wp-content\/uploads\/2017\/12\/220_Suwnica_bramowa_jaworzno-1-200x150.jpg\" alt=\"\" \/><\/a><\/p>\n<div style=\"width: 300px; font-size: 130%;\"><strong><a href=\"https:\/\/odk-ergon.pl\/fr\/szkolenia\/szkolenia-na-suwnice\/podstawowe-konstrukcje-suwnic\/\">Structures de grue de base<\/a><\/strong><\/div>\n<p>&nbsp;<\/p>\n<\/div>\n<div style=\"float: left; margin-right: 40px; height: 290px;\">\n<p><a href=\"\/fr\/entrainement\/formation-grues\/reglements\/\"><img decoding=\"async\" style=\"width: 300px; height: 225px;\" src=\"\/wp-content\/uploads\/2017\/12\/12-0-200x150.jpg\" alt=\"\" \/><\/a><\/p>\n<div style=\"width: 300px; font-size: 130%;\"><strong>R\u00e9glementation relative \u00e0 l&#039;utilisation des ponts roulants<\/strong><\/div>\n<p>&nbsp;<\/p>\n<\/div>\n<\/div>\n<div style=\"text-align: center; font-size: 85%; line-height: 120%;\">\n<div style=\"float: left; margin-right: 40px; height: 290px;\">\n<p><a href=\"\/fr\/entrainement\/formation-grues\/\"><img decoding=\"async\" style=\"width: 300px; height: 225px;\" src=\"\/wp-content\/uploads\/2014\/04\/suwnice.jpeg\" alt=\"\" \/><\/a><\/p>\n<div style=\"width: 300px; font-size: 130%;\"><strong><a href=\"https:\/\/odk-ergon.pl\/fr\/szkolenia\/szkolenia-na-suwnice\/uprawnienia\/\">Qualifications UDT pour les ponts roulants<\/a><\/strong><\/div>\n<p>&nbsp;<\/p>\n<\/div>\n<\/div>\n<div style=\"text-align: center; font-size: 85%; line-height: 120%;\">\n<div style=\"float: left; margin-right: 40px; height: 290px;\">\n<p><a href=\"\/fr\/entrainement\/formation-grues\/droits\/\"><img decoding=\"async\" style=\"width: 300px; height: 225px;\" src=\"\/wp-content\/uploads\/2017\/10\/welder-working-at-height2-200x150.jpg\" alt=\"\" \/><\/a><\/p>\n<div style=\"width: 300px; font-size: 130%;\"><strong>Cours pour les ponts roulants<\/strong><\/div>\n<p>&nbsp;<\/p>\n<\/div>\n<\/div>\n<\/div>\n<p><a href=\"https:\/\/odk-ergon.pl\/wp-content\/uploads\/2022\/11\/32-suwnice-odk-ergon.pl_.png\"><img loading=\"lazy\" decoding=\"async\" class=\"aligncenter wp-image-2548\" src=\"https:\/\/odk-ergon.pl\/wp-content\/uploads\/2022\/11\/32-suwnice-odk-ergon.pl_-300x175.png\" alt=\"\" width=\"750\" height=\"438\" srcset=\"https:\/\/odk-ergon.pl\/wp-content\/uploads\/2022\/11\/32-suwnice-odk-ergon.pl_-300x175.png 300w, https:\/\/odk-ergon.pl\/wp-content\/uploads\/2022\/11\/32-suwnice-odk-ergon.pl_-1024x597.png 1024w, https:\/\/odk-ergon.pl\/wp-content\/uploads\/2022\/11\/32-suwnice-odk-ergon.pl_-768x448.png 768w, https:\/\/odk-ergon.pl\/wp-content\/uploads\/2022\/11\/32-suwnice-odk-ergon.pl_-18x12.png 18w, https:\/\/odk-ergon.pl\/wp-content\/uploads\/2022\/11\/32-suwnice-odk-ergon.pl_-624x364.png 624w, https:\/\/odk-ergon.pl\/wp-content\/uploads\/2022\/11\/32-suwnice-odk-ergon.pl_.png 1200w\" sizes=\"auto, (max-width: 750px) 100vw, 750px\" \/><\/a><\/p>","protected":false},"excerpt":{"rendered":"<p>Przepisy dotycz\u0105ce suwnic \u2013 UDT, BHP Suwnice to urz\u0105dzenia, kt\u00f3re podlegaj\u0105 dozorowi technicznemu. Osoby obs\u0142uguj\u0105ce suwnice musz\u0105 posiada\u0107 odpowiednie uprawnienia UDT oraz posiada\u0107 aktualne przeszkolenie BHP, aby wykonywa\u0107 swoje obowi\u0105zki zgodnie z przepisami. Przepisy dotycz\u0105ce eksploatacji suwnic zawieraj\u0105: Ustawa z dnia 21 grudnia 2000 r. o dozorze technicznym (Dz. U. Nr 122, poz. 1321, z p\u00f3\u017aniejszymi zmianami) Rozporz\u0105dzenie Ministra Gospodarki z dnia 18 lipca 2001 r. w sprawie trybu sprawdzania kwalifikacji wymaganych przy obs\u0142udze i konserwacji urz\u0105dze\u0144 technicznych (Dz. U. Nr 79, poz. 849), zmienione rozporz\u0105dzeniem z dnia 20 lutego 2003 r. (Dz. U. Nr 50, poz. 426), wydane na podstawie art. 23 ust. 5 ustawy o dozorze technicznym Rozporz\u0105dzenie Ministra Przedsi\u0119biorczo\u015bci i Technologii z dnia 30 pa\u017adziernika 2018 r. w sprawie warunk\u00f3w technicznych dozoru technicznego w zakresie eksploatacji, napraw i modernizacji urz\u0105dze\u0144 transportu bliskiego (Dz.U. 2018 poz. 2176) Rozporz\u0105dzenie Rady Ministr\u00f3w z dnia 7 grudnia 2012 r. w sprawie rodzaj\u00f3w urz\u0105dze\u0144 technicznych podlegaj\u0105cych dozorowi technicznemu (Dz. U. 2012 Nr 0 poz. 1468), wydane na podstawie art. 5 ust. 2 ustawy o dozorze technicznym Rozporz\u0105dzenie Ministra Gospodarki z dnia 27 listopada 2014 r. zmieniaj\u0105ce rozporz\u0105dzenie w sprawie wysoko\u015bci op\u0142at za czynno\u015bci jednostek dozoru technicznego (Dz. U. 2014 poz. 1675), wydane na podstawie art. 34 ust. 3 ustawy o dozorze technicznym Osoby chc\u0105ce rozpocz\u0105\u0107 prac\u0119 na suwnicy, musz\u0105 posiada\u0107 odpowiednie uprawnienia UDT zgodnie z przepisami prawa. Mo\u017cna uzyska\u0107 je poprzez zapisanie sia na kurs na suwnice, a nast\u0119pnie podej\u015bcie i zaliczenie egzaminu przed komisj\u0105 Urz\u0119du Dozoru Technicznego. Nadawane w\u00f3wczas uprawnienia na suwnice s\u0105 bezterminowe \u2013 nie [&hellip;]<\/p>\n","protected":false},"author":1,"featured_media":2531,"parent":1616,"menu_order":0,"comment_status":"closed","ping_status":"closed","template":"","meta":{"sfsi_plus_gutenberg_text_before_share":"","sfsi_plus_gutenberg_show_text_before_share":"","sfsi_plus_gutenberg_icon_type":"","sfsi_plus_gutenberg_icon_alignemt":"","sfsi_plus_gutenburg_max_per_row":"","footnotes":""},"class_list":["post-1618","page","type-page","status-publish","has-post-thumbnail","hentry","has_thumb"],"aioseo_notices":[],"_links":{"self":[{"href":"https:\/\/odk-ergon.pl\/fr\/wp-json\/wp\/v2\/pages\/1618","targetHints":{"allow":["GET"]}}],"collection":[{"href":"https:\/\/odk-ergon.pl\/fr\/wp-json\/wp\/v2\/pages"}],"about":[{"href":"https:\/\/odk-ergon.pl\/fr\/wp-json\/wp\/v2\/types\/page"}],"author":[{"embeddable":true,"href":"https:\/\/odk-ergon.pl\/fr\/wp-json\/wp\/v2\/users\/1"}],"replies":[{"embeddable":true,"href":"https:\/\/odk-ergon.pl\/fr\/wp-json\/wp\/v2\/comments?post=1618"}],"version-history":[{"count":10,"href":"https:\/\/odk-ergon.pl\/fr\/wp-json\/wp\/v2\/pages\/1618\/revisions"}],"predecessor-version":[{"id":2550,"href":"https:\/\/odk-ergon.pl\/fr\/wp-json\/wp\/v2\/pages\/1618\/revisions\/2550"}],"up":[{"embeddable":true,"href":"https:\/\/odk-ergon.pl\/fr\/wp-json\/wp\/v2\/pages\/1616"}],"wp:featuredmedia":[{"embeddable":true,"href":"https:\/\/odk-ergon.pl\/fr\/wp-json\/wp\/v2\/media\/2531"}],"wp:attachment":[{"href":"https:\/\/odk-ergon.pl\/fr\/wp-json\/wp\/v2\/media?parent=1618"}],"curies":[{"name":"wp","href":"https:\/\/api.w.org\/{rel}","templated":true}]}}