{"id":1620,"date":"2017-12-04T15:44:39","date_gmt":"2017-12-04T15:44:39","guid":{"rendered":"http:\/\/odk-ergon.pl\/?page_id=1620"},"modified":"2022-11-24T13:03:50","modified_gmt":"2022-11-24T12:03:50","slug":"structures-de-grue-de-base","status":"publish","type":"page","link":"https:\/\/odk-ergon.pl\/fr\/szkolenia\/szkolenia-na-suwnice\/podstawowe-konstrukcje-suwnic\/","title":{"rendered":"Structures de grue de base"},"content":{"rendered":"<div style=\"float: left; margin-right: 5px; margin-bottom: 10px; text-align: justify;\"><div id=\"metaslider-id-1679\" style=\"max-width: 200px;\" class=\"ml-slider-3-108-0 metaslider metaslider-flex metaslider-1679 ml-slider ms-theme-default nav-hidden\" role=\"region\" aria-label=\"grue5\" data-height=\"150\" data-width=\"200\">\n    <div id=\"metaslider_container_1679\">\n        <div id=\"metaslider_1679\" class=\"flexslider\">\n            <ul class='slides'>\n                <li style=\"display: block; width: 100%;\" class=\"slide-1680 ms-image\" aria-roledescription=\"slide\" data-date=\"2017-12-18 13:31:22\" data-filename=\"220_Suwnica_bramowa_jaworzno-1-200x150.jpg\" data-slide-type=\"image\"><img loading=\"lazy\" decoding=\"async\" src=\"https:\/\/odk-ergon.pl\/wp-content\/uploads\/2017\/12\/220_Suwnica_bramowa_jaworzno-1-200x150.jpg\" height=\"150\" width=\"200\" alt=\"\" class=\"slider-1679 slide-1680 msDefaultImage\" \/><\/li>\n                <li style=\"display: none; width: 100%;\" class=\"slide-1681 ms-image\" aria-roledescription=\"slide\" data-date=\"2017-12-18 13:31:22\" data-filename=\"dscf1492_deb-200x150.jpg\" data-slide-type=\"image\"><img loading=\"lazy\" decoding=\"async\" src=\"https:\/\/odk-ergon.pl\/wp-content\/uploads\/2017\/12\/dscf1492_deb-200x150.jpg\" height=\"150\" width=\"200\" alt=\"\" class=\"slider-1679 slide-1681 msDefaultImage\" \/><\/li>\n                <li style=\"display: none; width: 100%;\" class=\"slide-1682 ms-image\" aria-roledescription=\"slide\" data-date=\"2017-12-18 13:31:22\" data-filename=\"foto2-suwnice-200x150.jpg\" data-slide-type=\"image\"><img loading=\"lazy\" decoding=\"async\" src=\"https:\/\/odk-ergon.pl\/wp-content\/uploads\/2017\/12\/foto2-suwnice-200x150.jpg\" height=\"150\" width=\"200\" alt=\"\" class=\"slider-1679 slide-1682 msDefaultImage\" \/><\/li>\n                <li style=\"display: none; width: 100%;\" class=\"slide-1683 ms-image\" aria-roledescription=\"slide\" data-date=\"2017-12-18 13:31:22\" data-filename=\"images-1-200x150.jpg\" data-slide-type=\"image\"><img loading=\"lazy\" decoding=\"async\" src=\"https:\/\/odk-ergon.pl\/wp-content\/uploads\/2017\/12\/images-1-200x150.jpg\" height=\"150\" width=\"200\" alt=\"\" class=\"slider-1679 slide-1683 msDefaultImage\" \/><\/li>\n                <li style=\"display: none; width: 100%;\" class=\"slide-1684 ms-image\" aria-roledescription=\"slide\" data-date=\"2017-12-18 13:31:22\" data-filename=\"CSU-Bryndal-2-e1509213597100-200x150.jpg\" data-slide-type=\"image\"><img loading=\"lazy\" decoding=\"async\" src=\"https:\/\/odk-ergon.pl\/wp-content\/uploads\/2017\/12\/CSU-Bryndal-2-e1509213597100-200x150.jpg\" height=\"150\" width=\"200\" alt=\"\" class=\"slider-1679 slide-1684 msDefaultImage\" \/><div class=\"caption-wrap\"><div class=\"caption\">Pont roulant jaune pour l&#039;usine<\/div><\/div><\/li>\n            <\/ul>\n        <\/div>\n        \n    <\/div>\n<\/div><\/div>\n<p><strong>Types de grues <\/strong><\/p>\n<p>Les grues sont des appareils class\u00e9s comme grues, c&#039;est-\u00e0-dire qu&#039;elles sont con\u00e7ues pour le d\u00e9placement vertical et horizontal de charges. De par leur conception, les grues permettent le d\u00e9placement des charges en les soulevant et en les abaissant dans l&#039;espace d\u00e9limit\u00e9 par la structure et la voie.<\/p>\n<p><strong>Il existe trois principaux types de grues : <\/strong><\/p>\n<ul>\n<li>pont (chauss\u00e9e)<\/li>\n<li>portique<\/li>\n<li>suspendu<\/li>\n<\/ul>\n<p>Les grues \u00e0 portique diff\u00e8rent par leur conception et leur lieu de montage. Ils sont le plus souvent utilis\u00e9s dans les halls industriels, les d\u00e9charges, les embranchements ferroviaires et les chantiers navals. Selon le type de grue, l&#039;op\u00e9rateur peut la faire fonctionner depuis le sol ou depuis la cabine de l&#039;op\u00e9rateur. La commande peut \u00eatre filaire ou sans fil.<\/p>\n<div class=\"filmw\">\n<div class=\"responsive-youtube\" style=\"text-align: center;\"><iframe loading=\"lazy\" title=\"Lecteur vid\u00e9o YouTube\" src=\"https:\/\/www.youtube.com\/embed\/sfP7oV2iCs4\" width=\"560\" height=\"315\" frameborder=\"0\" allowfullscreen=\"allowfullscreen\"><\/iframe><\/div>\n<\/div>\n<p><strong>Pont roulant <\/strong><br \/>\nLe pont roulant, \u00e9galement appel\u00e9 pont roulant sur chenilles, est principalement utilis\u00e9 dans les halls industriels. Le pont roulant est constitu\u00e9 d&#039;un pont en treillis sur rails sur lequel se d\u00e9place le tracteur (dispositif de levage servant \u00e0 d\u00e9placer des charges).<\/p>\n<p><a href=\"https:\/\/odk-ergon.pl\/wp-content\/uploads\/2022\/10\/2.jpeg\"><img loading=\"lazy\" decoding=\"async\" class=\"alignright size-medium wp-image-2528\" src=\"https:\/\/odk-ergon.pl\/wp-content\/uploads\/2022\/10\/2-300x200.jpeg\" alt=\"\" width=\"300\" height=\"200\" srcset=\"https:\/\/odk-ergon.pl\/wp-content\/uploads\/2022\/10\/2-300x200.jpeg 300w, https:\/\/odk-ergon.pl\/wp-content\/uploads\/2022\/10\/2-1024x683.jpeg 1024w, https:\/\/odk-ergon.pl\/wp-content\/uploads\/2022\/10\/2-768x512.jpeg 768w, https:\/\/odk-ergon.pl\/wp-content\/uploads\/2022\/10\/2-1536x1024.jpeg 1536w, https:\/\/odk-ergon.pl\/wp-content\/uploads\/2022\/10\/2-18x12.jpeg 18w, https:\/\/odk-ergon.pl\/wp-content\/uploads\/2022\/10\/2-624x416.jpeg 624w, https:\/\/odk-ergon.pl\/wp-content\/uploads\/2022\/10\/2.jpeg 1600w\" sizes=\"auto, (max-width: 300px) 100vw, 300px\" \/><\/a><\/p>\n<p><strong>Grue portique <\/strong><br \/>\nLes grues \u00e0 portique - \u00e9galement appel\u00e9es grues \u00e0 portique, se trouvent principalement \u00e0 l&#039;ext\u00e9rieur. Ils ont de grandes dimensions et sont utilis\u00e9s pour transporter des charges importantes. Ils consistent en une plate-forme suspendue sur des ponts lat\u00e9raux et peuvent avoir deux portes ou plus. Dans le cas des portiques, les portillons peuvent \u00eatre circulaires ou sur rail. Comme pour les autres types d&#039;\u00e9quipements, il y a une grue sur le pont du portique.<\/p>\n<p><strong>Grue suspendue <\/strong><br \/>\nLes grues suspendues sont destin\u00e9es \u00e0 \u00eatre install\u00e9es sous la structure du toit. Ils prennent moins de place et permettent une utilisation optimale de la hauteur des pi\u00e8ces. Les grues suspendues modernes ont g\u00e9n\u00e9ralement une structure modulaire.<\/p>\n<p>Nous vous invitons \u00e0 participer \u00e0 nos cours de formation sur les ponts roulants dans nos locaux de <a href=\"https:\/\/odk-ergon.pl\/fr\/o-firmie\/\">Centre de formation du personnel ERGON<\/a>! Nous organisons des cours dans la ville de Varsovie et dans d'autres endroits en Pologne. Nous vous encourageons \u00e0 vous inscrire \u00e0 un cours sur les grues. <a href=\"https:\/\/odk-ergon.pl\/fr\/cennik\/\">le prix<\/a>Les dates et les lieux sont disponibles sur notre site web. Si vous avez des questions, veuillez nous contacter.<\/p>\n<div class=\"button_styl\" style=\"float: right; padding-left: 15px; padding-bottom: 8px; margin-bottom: 5px;\"><a class=\"myButton myButton_maly\" href=\"https:\/\/platformaedukacji.pl\/login\/signup.php\" target=\"_blank\" rel=\"nofollow noopener\"><span style=\"color: white;\">Inscrivez-vous \u00e0 la formation<\/span><\/a><\/div>\n<div style=\"padding-top: 70px;\">\n<h2>Plus d&#039;information:<\/h2>\n<div style=\"text-align: center; font-size: 85%; line-height: 120%;\">\n<div style=\"float: left; margin-right: 40px; height: 290px;\">\n<p><a href=\"\/fr\/entrainement\/formation-grues\/action-interdite\/\"><img decoding=\"async\" style=\"width: 300px; height: 225px;\" src=\"\/wp-content\/uploads\/2017\/12\/zabronione_m.jpg\" alt=\"\" \/><\/a><\/p>\n<div style=\"width: 300px; font-size: 130%;\"><strong><a href=\"https:\/\/odk-ergon.pl\/fr\/szkolenia\/szkolenia-na-suwnice\/czynnosci-zabronione\/\">Activit\u00e9s interdites<\/a><\/strong><\/div>\n<p>&nbsp;<\/p>\n<\/div>\n<div style=\"float: left; margin-right: 40px; height: 290px;\">\n<p><a href=\"\/fr\/entrainement\/formation-grues\/grutier\/\"><img decoding=\"async\" style=\"width: 300px; height: 225px;\" src=\"\/wp-content\/uploads\/2017\/12\/Foto-suwnice-200x150.jpg\" alt=\"\" \/><\/a><\/p>\n<div style=\"width: 300px; font-size: 130%;\"><strong>Grutier<\/strong><\/div>\n<p>&nbsp;<\/p>\n<\/div>\n<\/div>\n<div style=\"clear: both;\"><\/div>\n<div style=\"text-align: center; font-size: 85%; line-height: 120%;\">\n<div style=\"float: left; margin-right: 40px; height: 290px;\">\n<p><a href=\"\/fr\/entrainement\/formation-grues\/structures-de-grue-de-base\/\"><img decoding=\"async\" style=\"width: 300px; height: 225px;\" src=\"\/wp-content\/uploads\/2017\/12\/220_Suwnica_bramowa_jaworzno-1-200x150.jpg\" alt=\"\" \/><\/a><\/p>\n<div style=\"width: 300px; font-size: 130%;\"><strong>Structures de grue de base<\/strong><\/div>\n<p>&nbsp;<\/p>\n<\/div>\n<div style=\"float: left; margin-right: 40px; height: 290px;\">\n<p><a href=\"\/fr\/entrainement\/formation-grues\/reglements\/\"><img decoding=\"async\" style=\"width: 300px; height: 225px;\" src=\"\/wp-content\/uploads\/2017\/12\/12-0-200x150.jpg\" alt=\"\" \/><\/a><\/p>\n<div style=\"width: 300px; font-size: 130%;\"><strong>Dispositions relatives \u00e0 <a href=\"https:\/\/odk-ergon.pl\/fr\/szkolenia\/szkolenia-na-suwnice\/przepisy\/\">utilisation de ponts roulants<\/a><\/strong><\/div>\n<p>&nbsp;<\/p>\n<\/div>\n<\/div>\n<div style=\"text-align: center; font-size: 85%; line-height: 120%;\">\n<div style=\"float: left; margin-right: 40px; height: 290px;\">\n<p><a href=\"\/fr\/entrainement\/formation-grues\/\"><img decoding=\"async\" style=\"width: 300px; height: 225px;\" src=\"\/wp-content\/uploads\/2014\/04\/suwnice.jpeg\" alt=\"\" \/><\/a><\/p>\n<div style=\"width: 300px; font-size: 130%;\"><strong><a href=\"https:\/\/odk-ergon.pl\/fr\/szkolenia\/szkolenia-na-suwnice\/uprawnienia\/\">Qualifications UDT pour les ponts roulants<\/a><\/strong><\/div>\n<p>&nbsp;<\/p>\n<\/div>\n<\/div>\n<div style=\"text-align: center; font-size: 85%; line-height: 120%;\">\n<div style=\"float: left; margin-right: 40px; height: 290px;\">\n<p><a href=\"\/fr\/entrainement\/formation-grues\/droits\/\"><img decoding=\"async\" style=\"width: 300px; height: 225px;\" src=\"\/wp-content\/uploads\/2017\/10\/welder-working-at-height2-200x150.jpg\" alt=\"\" \/><\/a><\/p>\n<div style=\"width: 300px; font-size: 130%;\"><strong>Cours pour les ponts roulants<\/strong><\/div>\n<p>&nbsp;<\/p>\n<\/div>\n<\/div>\n<\/div>\n<p><a href=\"https:\/\/odk-ergon.pl\/wp-content\/uploads\/2022\/11\/32-suwnice-odk-ergon.pl_.png\"><img loading=\"lazy\" decoding=\"async\" class=\"aligncenter wp-image-2548\" src=\"https:\/\/odk-ergon.pl\/wp-content\/uploads\/2022\/11\/32-suwnice-odk-ergon.pl_-300x175.png\" alt=\"\" width=\"750\" height=\"438\" srcset=\"https:\/\/odk-ergon.pl\/wp-content\/uploads\/2022\/11\/32-suwnice-odk-ergon.pl_-300x175.png 300w, https:\/\/odk-ergon.pl\/wp-content\/uploads\/2022\/11\/32-suwnice-odk-ergon.pl_-1024x597.png 1024w, https:\/\/odk-ergon.pl\/wp-content\/uploads\/2022\/11\/32-suwnice-odk-ergon.pl_-768x448.png 768w, https:\/\/odk-ergon.pl\/wp-content\/uploads\/2022\/11\/32-suwnice-odk-ergon.pl_-18x12.png 18w, https:\/\/odk-ergon.pl\/wp-content\/uploads\/2022\/11\/32-suwnice-odk-ergon.pl_-624x364.png 624w, https:\/\/odk-ergon.pl\/wp-content\/uploads\/2022\/11\/32-suwnice-odk-ergon.pl_.png 1200w\" sizes=\"auto, (max-width: 750px) 100vw, 750px\" \/><\/a><\/p>","protected":false},"excerpt":{"rendered":"<p>Rodzaje suwnic Suwnice s\u0105 urz\u0105dzeniami zaliczanymi do d\u017awignic, czyli przeznaczone s\u0105 do przemieszczania pionowego i poziomego \u0142adunk\u00f3w. Dzi\u0119ki swojej konstrukcji suwnice umo\u017cliwiaj\u0105 przemieszczanie \u0142adunk\u00f3w poprzez ich podnoszenie i opuszczanie na przestrzeni wyznaczonej konstrukcj\u0105 oraz torem jazdy. Wyr\u00f3\u017cniamy trzy g\u0142\u00f3wne rodzaje suwnic: pomostowa (natorowa) bramowa podwieszona Suwnice r\u00f3\u017cni\u0105 si\u0119 one swoj\u0105 konstrukcj\u0105 i miejscem monta\u017cu. Najcz\u0119\u015bciej wykorzystywane s\u0105 w halach przemys\u0142owych, na sk\u0142adowiskach, na bocznicach kolejowych oraz w stoczniach. W zale\u017cno\u015bci od typu suwnicy operator mo\u017ce obs\u0142ugiwa\u0107 j\u0105 z poziomu ziemi albo z kabiny operatora. Sterowanie mo\u017ce odbywa\u0107 si\u0119 przewodowo lub bezprzewodowo. Suwnica pomostowa Suwnica pomostowa, kt\u00f3ra okre\u015blana jest r\u00f3wnie\u017c jako natorowa, stosowana jest przede wszystkim w halach przemys\u0142owych. Na suwnic\u0119 pomostow\u0105 sk\u0142adaj\u0105 si\u0119 kratownicowy pomost na szynach, po kt\u00f3rym porusza si\u0119 ci\u0119gnik (urz\u0105dzenie d\u017awigowe s\u0142u\u017c\u0105ce do przemieszczania \u0142adunk\u00f3w). Suwnica bramowa Suwnice bramowe \u2013 tak\u017ce okre\u015blane jako bramownice, spotykane s\u0105 przede wszystkim na zewn\u0105trz. Maj\u0105 du\u017ce gabaryty i s\u0142u\u017c\u0105 do przenoszenia du\u017cych \u0142adunk\u00f3w. Sk\u0142adaj\u0105 si\u0119 z pomostu zawieszonego na bocznych mostach i mog\u0105 posiada\u0107 dwie lub wi\u0119cej bram. W przypadku suwnic bramowych bramy mog\u0105 porusza\u0107 si\u0119 ko\u0142owo albo szynowo. Podobnie jak w przypadku innych rodzaj\u00f3w urz\u0105dzenia, na pomo\u015bcie suwnicy bramowej znajduje si\u0119 ci\u0119gnik. Suwnica podwieszana Suwnice podwieszane przeznaczone s\u0105 do monta\u017cu pod konstrukcj\u0105 dachow\u0105. Zabieraj\u0105 mniej przestrzeni i umo\u017cliwiaj\u0105 optymalne wykorzystanie wysoko\u015bci pomieszcze\u0144. Nowoczesne suwnice podwieszane maj\u0105 najcz\u0119\u015bciej budow\u0119 modu\u0142ow\u0105. Zapraszamy na szkolenia UDT na suwnice do naszego O\u015brodka Doskonalenia Kadr ERGON! Prowadzimy zaj\u0119cia w mie\u015bcie Warszawa i innych miejscowo\u015bciach na terenie Polski. Zach\u0119camy do zapisania si\u0119 na kurs na suwnice \u2013 cena, terminy i lokalizacje [&hellip;]<\/p>\n","protected":false},"author":1,"featured_media":2528,"parent":1616,"menu_order":0,"comment_status":"closed","ping_status":"closed","template":"","meta":{"sfsi_plus_gutenberg_text_before_share":"","sfsi_plus_gutenberg_show_text_before_share":"","sfsi_plus_gutenberg_icon_type":"","sfsi_plus_gutenberg_icon_alignemt":"","sfsi_plus_gutenburg_max_per_row":"","footnotes":""},"class_list":["post-1620","page","type-page","status-publish","has-post-thumbnail","hentry","has_thumb"],"aioseo_notices":[],"_links":{"self":[{"href":"https:\/\/odk-ergon.pl\/fr\/wp-json\/wp\/v2\/pages\/1620","targetHints":{"allow":["GET"]}}],"collection":[{"href":"https:\/\/odk-ergon.pl\/fr\/wp-json\/wp\/v2\/pages"}],"about":[{"href":"https:\/\/odk-ergon.pl\/fr\/wp-json\/wp\/v2\/types\/page"}],"author":[{"embeddable":true,"href":"https:\/\/odk-ergon.pl\/fr\/wp-json\/wp\/v2\/users\/1"}],"replies":[{"embeddable":true,"href":"https:\/\/odk-ergon.pl\/fr\/wp-json\/wp\/v2\/comments?post=1620"}],"version-history":[{"count":9,"href":"https:\/\/odk-ergon.pl\/fr\/wp-json\/wp\/v2\/pages\/1620\/revisions"}],"predecessor-version":[{"id":2551,"href":"https:\/\/odk-ergon.pl\/fr\/wp-json\/wp\/v2\/pages\/1620\/revisions\/2551"}],"up":[{"embeddable":true,"href":"https:\/\/odk-ergon.pl\/fr\/wp-json\/wp\/v2\/pages\/1616"}],"wp:featuredmedia":[{"embeddable":true,"href":"https:\/\/odk-ergon.pl\/fr\/wp-json\/wp\/v2\/media\/2528"}],"wp:attachment":[{"href":"https:\/\/odk-ergon.pl\/fr\/wp-json\/wp\/v2\/media?parent=1620"}],"curies":[{"name":"wp","href":"https:\/\/api.w.org\/{rel}","templated":true}]}}