{"id":1626,"date":"2017-12-04T15:50:29","date_gmt":"2017-12-04T15:50:29","guid":{"rendered":"http:\/\/odk-ergon.pl\/?page_id=1626"},"modified":"2022-11-24T13:07:54","modified_gmt":"2022-11-24T12:07:54","slug":"action-interdite","status":"publish","type":"page","link":"https:\/\/odk-ergon.pl\/fr\/szkolenia\/szkolenia-na-suwnice\/czynnosci-zabronione\/","title":{"rendered":"Activit\u00e9s interdites dans le travail du grutier"},"content":{"rendered":"<div style=\"float: left; margin-right: 5px; margin-bottom: 10px; text-align: justify;\"><div id=\"metaslider-id-1671\" style=\"max-width: 200px;\" class=\"ml-slider-3-106-0 metaslider metaslider-flex metaslider-1671 ml-slider ms-theme-default nav-hidden\" role=\"region\" aria-label=\"grue3\" data-height=\"150\" data-width=\"200\">\n    <div id=\"metaslider_container_1671\">\n        <div id=\"metaslider_1671\" class=\"flexslider\">\n            <ul class='slides'>\n                <li style=\"display: block; width: 100%;\" class=\"slide-1673 ms-image\" aria-roledescription=\"slide\" data-date=\"2017-12-18 13:28:43\" data-filename=\"zabronione_m.jpg\" data-slide-type=\"image\"><img loading=\"lazy\" decoding=\"async\" src=\"https:\/\/odk-ergon.pl\/wp-content\/uploads\/2017\/12\/zabronione_m.jpg\" height=\"150\" width=\"200\" alt=\"\" class=\"slider-1671 slide-1673 msDefaultImage\" \/><\/li>\n            <\/ul>\n        <\/div>\n        \n    <\/div>\n<\/div><\/div>\n<h2><strong>Grutier - activit\u00e9s interdites <\/strong><\/h2>\n<p>Travailler comme grutier n\u00e9cessite de remplir certaines conditions. Le respect des r\u00e9glementations en mati\u00e8re de sant\u00e9 et de s\u00e9curit\u00e9 est particuli\u00e8rement important car il peut r\u00e9duire le risque d&#039;accidents du travail.<\/p>\n<p>Une personne employ\u00e9e comme grutier doit avoir <a href=\"https:\/\/odk-ergon.pl\/fr\/szkolenia\/szkolenia-na-suwnice\/\">Dipl\u00f4mes UDT<\/a> - Bureau de l&#039;Inspection Technique. Pour les obtenir, vous devez suivre le cours de grue et r\u00e9ussir l&#039;examen devant la commission UDT.<\/p>\n<p>Lors des travaux, le portique doit se rappeler d&#039;ob\u00e9ir aux r\u00e8gles d&#039;hygi\u00e8ne et de s\u00e9curit\u00e9 et \u00e0 l&#039;UDT. L&#039;op\u00e9rateur doit \u00e9galement veiller \u00e0 ne pas effectuer d&#039;activit\u00e9s interdites.<\/p>\n<div class=\"filmw\">\n<div class=\"responsive-youtube\" style=\"text-align: center;\"><iframe loading=\"lazy\" title=\"Lecteur vid\u00e9o YouTube\" src=\"https:\/\/www.youtube.com\/embed\/sfP7oV2iCs4\" width=\"560\" height=\"315\" frameborder=\"0\" allowfullscreen=\"allowfullscreen\"><\/iframe><\/div>\n<\/div>\n<p><strong>Pendant le travail, il est interdit au grutier de :<\/strong><\/p>\n<ul>\n<li>utiliser un appareil d\u00e9fectueux ou sans d\u00e9cision UDT valable l&#039;autorisant \u00e0 fonctionner<\/li>\n<li>travailler sous l&#039;influence de l&#039;alcool, d&#039;autres substances intoxicantes, de drogues pouvant affecter l&#039;aptitude psychophysique<\/li>\n<li>utiliser des \u00e9lingues endommag\u00e9es ou d\u00e9pareill\u00e9es<\/li>\n<li>entretenir la grue pendant son fonctionnement<\/li>\n<li>effectuer des r\u00e9parations et des r\u00e9glages de leur propre chef<\/li>\n<li>soulever des charges sup\u00e9rieures \u00e0 la capacit\u00e9 autoris\u00e9e de l&#039;\u00e9quipement<\/li>\n<li>soulever des charges transportant des personnes<\/li>\n<li>soulever des charges hors de port\u00e9e de la machine, \u00e9galement en les tirant en diagonale<\/li>\n<li>soulever des charges fix\u00e9es \u00e0 la surface, par exemple soud\u00e9es, boulonn\u00e9es, gel\u00e9es ou enterr\u00e9es<\/li>\n<li>d\u00e9placer des charges sur des personnes et sur des lieux de travail<\/li>\n<li>utiliser une protection contre les surcharges lors de la pes\u00e9e de la charge<\/li>\n<li>laisser la charge sur le dispositif de pr\u00e9hension<\/li>\n<li>arr\u00eater le tracteur, le chariot ou le pont en passant par-dessus les interrupteurs de fin de course de s\u00e9curit\u00e9<\/li>\n<\/ul>\n<p>Les personnes souhaitant obtenir une licence UDT sont invit\u00e9es \u00e0 participer \u00e0 un cours sur les grues -. <a href=\"https:\/\/odk-ergon.pl\/fr\/cennik\/\">le prix<\/a>Les dates et lieux des cours sont indiqu\u00e9s sur notre site web. Avec nous, vous pouvez obtenir sans difficult\u00e9 les autorisations pour les grues. Nous sommes disponibles dans la ville de Varsovie et dans d'autres endroits. Si vous avez des questions, nous restons \u00e0 votre disposition.<\/p>\n<div class=\"button_styl\" style=\"float: right; padding-left: 15px; padding-bottom: 8px; margin-bottom: 5px;\"><a class=\"myButton myButton_maly\" href=\"https:\/\/platformaedukacji.pl\/login\/signup.php\" target=\"_blank\" rel=\"nofollow noopener\"><span style=\"color: white;\">Inscrivez-vous \u00e0 la formation<\/span><\/a><\/div>\n<div style=\"padding-top: 70px;\">\n<h2>Plus d&#039;information:<\/h2>\n<div style=\"text-align: center; font-size: 85%; line-height: 120%;\">\n<div style=\"float: left; margin-right: 40px; height: 290px;\">\n<p><a href=\"\/fr\/entrainement\/formation-grues\/action-interdite\/\"><img decoding=\"async\" style=\"width: 300px; height: 225px;\" src=\"\/wp-content\/uploads\/2017\/12\/zabronione_m.jpg\" alt=\"\" \/><\/a><\/p>\n<div style=\"width: 300px; font-size: 130%;\"><strong>Activit\u00e9s interdites<\/strong><\/div>\n<p>&nbsp;<\/p>\n<\/div>\n<div style=\"float: left; margin-right: 40px; height: 290px;\">\n<p><a href=\"\/fr\/entrainement\/formation-grues\/grutier\/\"><img decoding=\"async\" style=\"width: 300px; height: 225px;\" src=\"\/wp-content\/uploads\/2017\/12\/Foto-suwnice-200x150.jpg\" alt=\"\" \/><\/a><\/p>\n<div style=\"width: 300px; font-size: 130%;\"><strong>Grutier<\/strong><\/div>\n<p>&nbsp;<\/p>\n<\/div>\n<\/div>\n<div style=\"clear: both;\"><\/div>\n<div style=\"text-align: center; font-size: 85%; line-height: 120%;\">\n<div style=\"float: left; margin-right: 40px; height: 290px;\">\n<p><a href=\"\/fr\/entrainement\/formation-grues\/structures-de-grue-de-base\/\"><img decoding=\"async\" style=\"width: 300px; height: 225px;\" src=\"\/wp-content\/uploads\/2017\/12\/220_Suwnica_bramowa_jaworzno-1-200x150.jpg\" alt=\"\" \/><\/a><\/p>\n<div style=\"width: 300px; font-size: 130%;\"><strong><a href=\"https:\/\/odk-ergon.pl\/fr\/szkolenia\/szkolenia-na-suwnice\/podstawowe-konstrukcje-suwnic\/\">Structures de grue de base<\/a><\/strong><\/div>\n<p>&nbsp;<\/p>\n<\/div>\n<div style=\"float: left; margin-right: 40px; height: 290px;\">\n<p><a href=\"\/fr\/entrainement\/formation-grues\/reglements\/\"><img decoding=\"async\" style=\"width: 300px; height: 225px;\" src=\"\/wp-content\/uploads\/2017\/12\/12-0-200x150.jpg\" alt=\"\" \/><\/a><\/p>\n<div style=\"width: 300px; font-size: 130%;\"><strong>Dispositions relatives \u00e0 <a href=\"https:\/\/odk-ergon.pl\/fr\/szkolenia\/szkolenia-na-suwnice\/przepisy\/\">utilisation de ponts roulants<\/a><\/strong><\/div>\n<p>&nbsp;<\/p>\n<\/div>\n<\/div>\n<div style=\"text-align: center; font-size: 85%; line-height: 120%;\">\n<div style=\"float: left; margin-right: 40px; height: 290px;\">\n<p><a href=\"\/fr\/entrainement\/\"><img decoding=\"async\" style=\"width: 300px; height: 225px;\" src=\"\/wp-content\/uploads\/2014\/04\/suwnice.jpeg\" alt=\"\" \/><\/a><\/p>\n<div style=\"width: 300px; font-size: 130%;\"><strong><a href=\"https:\/\/odk-ergon.pl\/fr\/szkolenia\/szkolenia-na-suwnice\/uprawnienia\/\">Qualifications UDT pour les ponts roulants<\/a><\/strong><\/div>\n<p>&nbsp;<\/p>\n<\/div>\n<\/div>\n<div style=\"text-align: center; font-size: 85%; line-height: 120%;\">\n<div style=\"float: left; margin-right: 40px; height: 290px;\">\n<p><a href=\"\/fr\/entrainement\/formation-grues\/droits\/\"><img decoding=\"async\" style=\"width: 300px; height: 225px;\" src=\"\/wp-content\/uploads\/2017\/10\/welder-working-at-height2-200x150.jpg\" alt=\"\" \/><\/a><\/p>\n<div style=\"width: 300px; font-size: 130%;\"><strong>Cours pour les ponts roulants<\/strong><\/div>\n<p>&nbsp;<\/p>\n<\/div>\n<\/div>\n<\/div>\n<p><a href=\"https:\/\/odk-ergon.pl\/wp-content\/uploads\/2022\/11\/32-suwnice-odk-ergon.pl_.png\"><img loading=\"lazy\" decoding=\"async\" class=\"aligncenter wp-image-2548\" src=\"https:\/\/odk-ergon.pl\/wp-content\/uploads\/2022\/11\/32-suwnice-odk-ergon.pl_-300x175.png\" alt=\"\" width=\"750\" height=\"438\" srcset=\"https:\/\/odk-ergon.pl\/wp-content\/uploads\/2022\/11\/32-suwnice-odk-ergon.pl_-300x175.png 300w, https:\/\/odk-ergon.pl\/wp-content\/uploads\/2022\/11\/32-suwnice-odk-ergon.pl_-1024x597.png 1024w, https:\/\/odk-ergon.pl\/wp-content\/uploads\/2022\/11\/32-suwnice-odk-ergon.pl_-768x448.png 768w, https:\/\/odk-ergon.pl\/wp-content\/uploads\/2022\/11\/32-suwnice-odk-ergon.pl_-18x12.png 18w, https:\/\/odk-ergon.pl\/wp-content\/uploads\/2022\/11\/32-suwnice-odk-ergon.pl_-624x364.png 624w, https:\/\/odk-ergon.pl\/wp-content\/uploads\/2022\/11\/32-suwnice-odk-ergon.pl_.png 1200w\" sizes=\"auto, (max-width: 750px) 100vw, 750px\" \/><\/a><\/p>","protected":false},"excerpt":{"rendered":"<p>Operator suwnicy \u2013 czynno\u015bci zabronione Praca w zawodzie operatora suwnicy wymaga spe\u0142nienia odpowiednich warunk\u00f3w. Przestrzeganie przepis\u00f3w BHP jest szczeg\u00f3lnie istotne, poniewa\u017c dzi\u0119ki temu mo\u017cna zmniejszy\u0107 ryzyko wypadk\u00f3w przy pracy. Osoba zatrudniona jako suwnicowy musi posiada\u0107 uprawnienia UDT \u2013 Urz\u0119du Dozoru Technicznego. W celu ich uzyskania nale\u017cy uko\u0144czy kurs na suwnic\u0119 i pozytywnie zaliczy\u0107 egzamin przed komisj\u0105 UDT. W trakcie pracy suwnicowy musi pami\u0119ta\u0107 o przestrzeganiu zasad BHP oraz UDT. Operator musi r\u00f3wnie\u017c uwa\u017ca\u0107, o tym, aby nie wykonywa\u0107 czynno\u015bci zabronionych. Podczas pracy operatorowi suwnicy zabrania si\u0119: korzysta\u0107 z urz\u0105dzenia niesprawnego lub bez wa\u017cnej decyzji UDT dopuszczaj\u0105cej je do pracy pracowa\u0107 pod wp\u0142ywem alkoholu, pozosta\u0142ych substancji odurzaj\u0105cych, lek\u00f3w mog\u0105cych wp\u0142ywa\u0107 na sprawno\u015b\u0107 psychofizyczn\u0105 korzysta\u0107 z uszkodzonych lub niedopasowanych zawiesi prowadzi\u0107 konserwacj\u0119 suwnicy podczas jej pracy samowolnie przeprowadza\u0107 naprawy i regulacje podnosi\u0107 \u0142adunki wy\u017csze ni\u017c dopuszczalny ud\u017awig urz\u0105dzenia podnosi\u0107 \u0142adunki, na kt\u00f3rych znajduj\u0105 si\u0119 ludzie podnosi\u0107 \u0142adunki poza zasi\u0119giem urz\u0105dzenia, tak\u017ce przez ci\u0105gni\u0119cie ich uko\u015bnie podnosi\u0107 \u0142adunki przytwierdzone do powierzchni, na przyk\u0142ad przyspawane, przykr\u0119cone, przymarzni\u0119te lub przysypane przenosi\u0107 \u0142adunki nad osobami oraz nad stanowiskami pracy stosowa\u0107 zabezpieczenia przed przeci\u0105\u017ceniem przy wa\u017ceniu \u0142adunku zostawi\u0107 \u0142adunek na urz\u0105dzeniu chwytnym zatrzymywa\u0107 ci\u0119gnik, w\u00f3zek lub most, naje\u017cd\u017caj\u0105c na kra\u0144cowe \u0142\u0105czniki bezpiecze\u0144stwa Osoby chc\u0105ce uzyska\u0107 uprawnienia UDT zapraszamy na kurs na suwnice \u2013 cena, terminy i miejsca prowadzenia zaj\u0119\u0107 s\u0105 przedstawione na naszej stronie internetowej. Razem z nami uprawnienia na suwnice mo\u017cna uzyska\u0107 bez trudno\u015bci. Jeste\u015bmy dost\u0119pni w mie\u015bcie Warszawa i innych miejscowo\u015bciach. W razie pyta\u0144 pozostajemy do Pa\u0144stwa dyspozycji. Zapisz si\u0119 na szkolenie Wi\u0119cej informacji: Czynno\u015bci zabronione &nbsp; Operator suwnicy &nbsp; [&hellip;]<\/p>\n","protected":false},"author":1,"featured_media":1672,"parent":1616,"menu_order":0,"comment_status":"closed","ping_status":"closed","template":"","meta":{"sfsi_plus_gutenberg_text_before_share":"","sfsi_plus_gutenberg_show_text_before_share":"","sfsi_plus_gutenberg_icon_type":"","sfsi_plus_gutenberg_icon_alignemt":"","sfsi_plus_gutenburg_max_per_row":"","footnotes":""},"class_list":["post-1626","page","type-page","status-publish","has-post-thumbnail","hentry","has_thumb"],"aioseo_notices":[],"_links":{"self":[{"href":"https:\/\/odk-ergon.pl\/fr\/wp-json\/wp\/v2\/pages\/1626","targetHints":{"allow":["GET"]}}],"collection":[{"href":"https:\/\/odk-ergon.pl\/fr\/wp-json\/wp\/v2\/pages"}],"about":[{"href":"https:\/\/odk-ergon.pl\/fr\/wp-json\/wp\/v2\/types\/page"}],"author":[{"embeddable":true,"href":"https:\/\/odk-ergon.pl\/fr\/wp-json\/wp\/v2\/users\/1"}],"replies":[{"embeddable":true,"href":"https:\/\/odk-ergon.pl\/fr\/wp-json\/wp\/v2\/comments?post=1626"}],"version-history":[{"count":11,"href":"https:\/\/odk-ergon.pl\/fr\/wp-json\/wp\/v2\/pages\/1626\/revisions"}],"predecessor-version":[{"id":2555,"href":"https:\/\/odk-ergon.pl\/fr\/wp-json\/wp\/v2\/pages\/1626\/revisions\/2555"}],"up":[{"embeddable":true,"href":"https:\/\/odk-ergon.pl\/fr\/wp-json\/wp\/v2\/pages\/1616"}],"wp:featuredmedia":[{"embeddable":true,"href":"https:\/\/odk-ergon.pl\/fr\/wp-json\/wp\/v2\/media\/1672"}],"wp:attachment":[{"href":"https:\/\/odk-ergon.pl\/fr\/wp-json\/wp\/v2\/media?parent=1626"}],"curies":[{"name":"wp","href":"https:\/\/api.w.org\/{rel}","templated":true}]}}