{"id":1791,"date":"2020-01-06T00:04:57","date_gmt":"2020-01-05T23:04:57","guid":{"rendered":"http:\/\/odk-ergon.pl\/?page_id=1791"},"modified":"2020-01-06T00:04:57","modified_gmt":"2020-01-05T23:04:57","slug":"protection-des-donnees-personnelles-rgpd","status":"publish","type":"page","link":"https:\/\/odk-ergon.pl\/fr\/szkolenia\/ochrona-danych-osobowych-rodo\/","title":{"rendered":"Protection des donn\u00e9es personnelles - RGPD"},"content":{"rendered":"<p>Nous vous invitons \u00e0 notre formation RGPD sur la protection des donn\u00e9es personnelles <a href=\"https:\/\/odk-ergon.pl\/fr\/o-firmie\/\">Centre de formation du personnel ERGON<\/a>. Les cours sont disponibles dans la ville de Varsovie. Nous formons de mani\u00e8re professionnelle, compl\u00e8te et \u00e0 bas prix !<\/p>\n<p>Les cours sont destin\u00e9s aux contr\u00f4leurs de donn\u00e9es et \u00e0 d&#039;autres personnes qui souhaitent en savoir plus sur les changements introduits par le r\u00e8glement RGPD de l&#039;UE, qui a \u00e9t\u00e9 adopt\u00e9 le 27 avril 2016 et entre en vigueur le 25 mai 2018. La formation sur les donn\u00e9es personnelles disponible chez nous vous informe de mani\u00e8re exhaustive sur les changements et vous permet d&#039;\u00e9viter les sanctions li\u00e9es au non-respect.<\/p>\n<p><strong>Programme<\/strong><\/p>\n<p>La formation sur la protection des donn\u00e9es personnelles est divis\u00e9e en deux parties - th\u00e9orique et pratique. Gr\u00e2ce \u00e0 la participation aux cours, les participants re\u00e7oivent une large connaissance des changements introduits par le r\u00e8glement de l&#039;Union europ\u00e9enne dans le domaine de la protection des donn\u00e9es personnelles - GDPR.<\/p>\n<p>Lors de nos cours, nous utilisons des m\u00e9thodes p\u00e9dagogiques activatrices. Gr\u00e2ce \u00e0 cela, notre centre est connu pour sa grande efficacit\u00e9 de formation.<\/p>\n<p><strong>Pendant les cours, des informations telles que :<\/strong><\/p>\n<ul>\n<li>base l\u00e9gale pour le traitement des donn\u00e9es personnelles<\/li>\n<li>d\u00e9finitions de base dans le domaine de la protection des donn\u00e9es personnelles<\/li>\n<li>qui est l&#039;administrateur des donn\u00e9es et quelles sont les t\u00e2ches de l&#039;administrateur<\/li>\n<li>quel est le statut du d\u00e9l\u00e9gu\u00e9 \u00e0 la protection des donn\u00e9es et quelles sont ses missions<\/li>\n<li>qui est l&#039;entit\u00e9 qui traite les donn\u00e9es personnelles<\/li>\n<li>conditions g\u00e9n\u00e9rales d&#039;imposition des amendes administratives<\/li>\n<li>enregistrement des activit\u00e9s de traitement<\/li>\n<li>structure organisationnelle de la protection des donn\u00e9es personnelles<\/li>\n<li>conditions d&#039;expression du consentement au traitement des donn\u00e9es personnelles<\/li>\n<li>r\u00e8gles concernant le traitement des donn\u00e9es personnelles<\/li>\n<li>le droit d&#039;acc\u00e8s de la personne concern\u00e9e<\/li>\n<li>traitement de cat\u00e9gories particuli\u00e8res de donn\u00e9es personnelles<\/li>\n<\/ul>\n<p>Nos cours sont divis\u00e9s en deux parties - th\u00e9orique et pratique, c&#039;est pourquoi il pr\u00e9sente \u00e9galement \u00e0 quoi ressemblera la protection des donn\u00e9es personnelles dans la pratique apr\u00e8s l&#039;entr\u00e9e en vigueur du r\u00e8glement de l&#039;UE. Le prix de la formation comprend \u00e9galement la restauration et une pause d\u00e9jeuner.<\/p>\n<p>Nous vous invitons \u00e0 une formation dans le domaine des donn\u00e9es personnelles - des informations d\u00e9taill\u00e9es sont disponibles sur notre site Web, et nous les fournissons \u00e9galement par t\u00e9l\u00e9phone et par e-mail.<\/p>","protected":false},"excerpt":{"rendered":"<p>Zapraszamy na szkolenie z zakresu ochrony danych osobowych RODO do naszego O\u015brodka Doskonalenia Kadr ERGON. Zaj\u0119cia dost\u0119pne s\u0105 w mie\u015bcie Warszawa. Szkolimy fachowo, kompleksowo i w niskich cenach! Zaj\u0119cia przeznaczone s\u0105 dla administrator\u00f3w danych i innych os\u00f3b, kt\u00f3re chc\u0105 pozna\u0107 zmiany wprowadzone przez rozporz\u0105dzenie unijne RODO, kt\u00f3re zosta\u0142o przyj\u0119te 27 kwietnia 2016 i wchodzi w \u017cycie 25 maja 2018 roku. Dost\u0119pne u nas szkolenie z zakresu danych osobowych kompleksowo informuje o zmianach i pozwala na unikni\u0119cie kar zwi\u0105zanych z nieprzestrzeganiem przepis\u00f3w. Program zaj\u0119\u0107 Szkolenie o ochronie danych osobowych jest podzielone na dwie cz\u0119\u015bci \u2013 teoretyczn\u0105 oraz praktyczn\u0105. Dzi\u0119ki uczestnictwu w zaj\u0119ciach uczestnicy otrzymuj\u0105 szerok\u0105 wiedz\u0119 dotycz\u0105c\u0105 zmian wprowadzanych przez rozporz\u0105dzenie Unii Europejskiej w zakresie ochrony danych osobowych \u2013 RODO. W trakcie naszych zaj\u0119\u0107 stosujemy aktywizuj\u0105ce metody nauczania. Dzi\u0119ki temu nasz o\u015brodek znany jest z wysokiej skuteczno\u015bci szkolenia. Podczas zaj\u0119\u0107 poruszane s\u0105 takie informacje jak: podstawy prawne przetwarzania danych osobowych podstawowe definicje z zakresu ochrony danych osobowych kim jest administrator danych i jakie s\u0105 zadania administratora kim jest inspektor ochrony danych status i jakie s\u0105 jego zadania kim jest podmiot przetwarzaj\u0105cy dane osobowe og\u00f3lne warunki nak\u0142adania administracyjnych kar pieni\u0119\u017cnych rejestrowanie czynno\u015bci przetwarzania struktura organizacyjna ochrony danych osobowych warunki wyra\u017cenia zgody na przetwarzanie danych osobowych zasady dotycz\u0105ce przetwarzania danych osobowych prawo dost\u0119pu przys\u0142uguj\u0105ce osobie, kt\u00f3rej dane dotycz\u0105 przetwarzanie szczeg\u00f3lnych kategorii danych osobowych Nasze zaj\u0119cia podzielone s\u0105 na dwie cz\u0119\u015bci \u2013 teoretyczn\u0105 oraz praktyczn\u0105, dlatego prezentuje tak\u017ce, jak b\u0119dzie wygl\u0105da\u0107 ochrona danych osobowych w praktyce po wej\u015bciu w \u017cycie rozporz\u0105dzenia UE. W cenie szkolenia zawarte s\u0105 tak\u017ce catering [&hellip;]<\/p>\n","protected":false},"author":1,"featured_media":0,"parent":65,"menu_order":0,"comment_status":"closed","ping_status":"closed","template":"","meta":{"sfsi_plus_gutenberg_text_before_share":"","sfsi_plus_gutenberg_show_text_before_share":"","sfsi_plus_gutenberg_icon_type":"","sfsi_plus_gutenberg_icon_alignemt":"","sfsi_plus_gutenburg_max_per_row":"","footnotes":""},"class_list":["post-1791","page","type-page","status-publish","hentry","has_no_thumb"],"aioseo_notices":[],"_links":{"self":[{"href":"https:\/\/odk-ergon.pl\/fr\/wp-json\/wp\/v2\/pages\/1791","targetHints":{"allow":["GET"]}}],"collection":[{"href":"https:\/\/odk-ergon.pl\/fr\/wp-json\/wp\/v2\/pages"}],"about":[{"href":"https:\/\/odk-ergon.pl\/fr\/wp-json\/wp\/v2\/types\/page"}],"author":[{"embeddable":true,"href":"https:\/\/odk-ergon.pl\/fr\/wp-json\/wp\/v2\/users\/1"}],"replies":[{"embeddable":true,"href":"https:\/\/odk-ergon.pl\/fr\/wp-json\/wp\/v2\/comments?post=1791"}],"version-history":[{"count":1,"href":"https:\/\/odk-ergon.pl\/fr\/wp-json\/wp\/v2\/pages\/1791\/revisions"}],"predecessor-version":[{"id":1792,"href":"https:\/\/odk-ergon.pl\/fr\/wp-json\/wp\/v2\/pages\/1791\/revisions\/1792"}],"up":[{"embeddable":true,"href":"https:\/\/odk-ergon.pl\/fr\/wp-json\/wp\/v2\/pages\/65"}],"wp:attachment":[{"href":"https:\/\/odk-ergon.pl\/fr\/wp-json\/wp\/v2\/media?parent=1791"}],"curies":[{"name":"wp","href":"https:\/\/api.w.org\/{rel}","templated":true}]}}