{"id":1795,"date":"2020-01-10T00:14:27","date_gmt":"2020-01-09T23:14:27","guid":{"rendered":"http:\/\/odk-ergon.pl\/?page_id=1795"},"modified":"2022-06-15T15:23:08","modified_gmt":"2022-06-15T13:23:08","slug":"osrodek-rozwoju-kadr-ergon-formation-udt-sep-altitude","status":"publish","type":"page","link":"https:\/\/odk-ergon.pl\/fr\/osrodek-doskonalenia-kadr-ergon-szkolenia-udt-sep-wysokosciowe\/","title":{"rendered":"Centre de Formation du Personnel ERGON - UDT, G1, G2, G3, formation en altitude"},"content":{"rendered":"<p><strong>Pourquoi <a href=\"https:\/\/odk-ergon.pl\/fr\/o-firmie\/\">Centre de formation du personnel ERGON<\/a>?<\/strong><\/p>\n<ul>\n<li>notre offre comprend une large gamme de cours<\/li>\n<li>nous nous entra\u00eenons rapidement et efficacement<\/li>\n<li>nous proposons des prix et des r\u00e9ductions abordables<\/li>\n<li>nous organisons des classes ouvertes et ferm\u00e9es<\/li>\n<li>nous avons un personnel professionnel et des installations modernes<\/li>\n<li>nous op\u00e9rons dans tout le pays<\/li>\n<li>Nous sommes recommand\u00e9s par pas moins d&#039;\u00e9tudiants 98%<\/li>\n<\/ul>\n<p>Le si\u00e8ge du centre de formation du personnel ERGON est situ\u00e9 dans la ville de Varsovie, mais nous sommes \u00e9galement disponibles dans d&#039;autres endroits. Nous organisons des cours dans les antennes r\u00e9gionales des villes de Bia\u0142ystok, Bielsko-Bia\u0142a, Bydgoszcz, Gda\u0144sk, Gdynia, Katowice, Cracovie, Lublin, \u0141\u00f3d\u017a, Pozna\u0144, Szczecin, Wroc\u0142aw.<\/p>\n<p>Les informations actuelles sur nos formations sont pr\u00e9sent\u00e9es sur notre site internet et sont disponibles par t\u00e9l\u00e9phone. Dans le cas d&#039;une formation ferm\u00e9e, nos employ\u00e9s peuvent la r\u00e9aliser dans un lieu et \u00e0 une heure pr\u00e9alablement convenus.<\/p>\n<p>ERGON Kadr Training Center est une entit\u00e9 enregistr\u00e9e sous le num\u00e9ro 699 \/ K \/ 95r au registre des \u00e9coles et des institutions non publiques de la ville de Varsovie.<\/p>\n<p>Si vous avez d'autres questions sur nos services de formation, veuillez nous contacter au +48 504 010 044 et par e-mail : biuro@kursy-udt.pl.<\/p>\n<p>Nous vous encourageons \u00e0 vous familiariser avec les formations pr\u00e9sent\u00e9es sur notre site internet et nous vous invitons \u00e0 utiliser nos services !<\/p>","protected":false},"excerpt":{"rendered":"<p>Pourquoi le Centre de Formation du Personnel ERGON ? notre offre comprend un large \u00e9ventail de cours que nous formons rapidement et efficacement nous proposons des prix et des r\u00e9ductions abordables nous organisons des cours ouverts et ferm\u00e9s nous avons un personnel professionnel et des installations modernes nous op\u00e9rons dans tout le pays nous sommes recommand\u00e9s par pas moins de 98% \u00e9tudiants Le si\u00e8ge du Le centre de formation du personnel ERGON est situ\u00e9 dans la ville de Varsovie, mais nous sommes \u00e9galement disponibles dans d&#039;autres villes. Nous organisons des cours dans les antennes r\u00e9gionales des villes de Bia\u0142ystok, Bielsko-Bia\u0142a, Bydgoszcz, Gda\u0144sk, Gdynia, Katowice, Cracovie, Lublin, \u0141\u00f3d\u017a, Pozna\u0144, Szczecin, Wroc\u0142aw. Les informations actuelles sur nos formations sont pr\u00e9sent\u00e9es sur notre site internet et sont disponibles par t\u00e9l\u00e9phone. Dans le cas d&#039;une formation ferm\u00e9e, nos employ\u00e9s peuvent la r\u00e9aliser dans un lieu et \u00e0 une heure pr\u00e9alablement convenus. Le centre de formation ERGON Kadr est une entit\u00e9 enregistr\u00e9e sous le num\u00e9ro 699 \/ K \/ 95r au registre des \u00e9coles et des institutions non publiques de la ville de Varsovie. Si vous avez des questions suppl\u00e9mentaires concernant nos services de formation, veuillez nous contacter par t\u00e9l\u00e9phone : +48 504 010 044 et par e-mail : biuro@kursy-udt.pl. Nous vous encourageons \u00e0 vous familiariser avec les formations pr\u00e9sent\u00e9es sur notre site internet et nous vous invitons \u00e0 utiliser nos services !<\/p>","protected":false},"author":1,"featured_media":0,"parent":0,"menu_order":0,"comment_status":"closed","ping_status":"closed","template":"","meta":{"sfsi_plus_gutenberg_text_before_share":"","sfsi_plus_gutenberg_show_text_before_share":"","sfsi_plus_gutenberg_icon_type":"","sfsi_plus_gutenberg_icon_alignemt":"","sfsi_plus_gutenburg_max_per_row":"","footnotes":""},"class_list":["post-1795","page","type-page","status-publish","hentry","has_no_thumb"],"aioseo_notices":[],"_links":{"self":[{"href":"https:\/\/odk-ergon.pl\/fr\/wp-json\/wp\/v2\/pages\/1795","targetHints":{"allow":["GET"]}}],"collection":[{"href":"https:\/\/odk-ergon.pl\/fr\/wp-json\/wp\/v2\/pages"}],"about":[{"href":"https:\/\/odk-ergon.pl\/fr\/wp-json\/wp\/v2\/types\/page"}],"author":[{"embeddable":true,"href":"https:\/\/odk-ergon.pl\/fr\/wp-json\/wp\/v2\/users\/1"}],"replies":[{"embeddable":true,"href":"https:\/\/odk-ergon.pl\/fr\/wp-json\/wp\/v2\/comments?post=1795"}],"version-history":[{"count":2,"href":"https:\/\/odk-ergon.pl\/fr\/wp-json\/wp\/v2\/pages\/1795\/revisions"}],"predecessor-version":[{"id":2243,"href":"https:\/\/odk-ergon.pl\/fr\/wp-json\/wp\/v2\/pages\/1795\/revisions\/2243"}],"wp:attachment":[{"href":"https:\/\/odk-ergon.pl\/fr\/wp-json\/wp\/v2\/media?parent=1795"}],"curies":[{"name":"wp","href":"https:\/\/api.w.org\/{rel}","templated":true}]}}