{"id":1921,"date":"2021-09-26T22:52:42","date_gmt":"2021-09-26T21:52:42","guid":{"rendered":"https:\/\/odk-ergon.pl\/?page_id=1921"},"modified":"2022-11-24T13:41:57","modified_gmt":"2022-11-24T12:41:57","slug":"operateurs-plateformes-mobiles","status":"publish","type":"page","link":"https:\/\/odk-ergon.pl\/fr\/szkolenia\/uprawnienia-udt-tdt\/operator-podestow-ruchomych\/","title":{"rendered":"Cours sur l&#039;exploitation et la maintenance des plateformes mobiles"},"content":{"rendered":"<p><a href=\"https:\/\/odk-ergon.pl\/wp-content\/uploads\/2021\/09\/platforma_1.jpg\"><img loading=\"lazy\" decoding=\"async\" class=\"obrazekpadding wp-image-1922 size-medium alignright\" src=\"https:\/\/odk-ergon.pl\/wp-content\/uploads\/2021\/09\/platforma_1-300x215.jpg\" alt=\"Plates-formes mobiles - appareils utilis\u00e9s dans les secteurs de la construction, de la r\u00e9novation, de la publicit\u00e9 et des transports\" width=\"300\" height=\"215\" srcset=\"https:\/\/odk-ergon.pl\/wp-content\/uploads\/2021\/09\/platforma_1-300x215.jpg 300w, https:\/\/odk-ergon.pl\/wp-content\/uploads\/2021\/09\/platforma_1-1024x732.jpg 1024w, https:\/\/odk-ergon.pl\/wp-content\/uploads\/2021\/09\/platforma_1-768x549.jpg 768w, https:\/\/odk-ergon.pl\/wp-content\/uploads\/2021\/09\/platforma_1-624x446.jpg 624w, https:\/\/odk-ergon.pl\/wp-content\/uploads\/2021\/09\/platforma_1.jpg 1499w\" sizes=\"auto, (max-width: 300px) 100vw, 300px\" \/><\/a>C&#039;est une formation qui vous permet de pr\u00e9parer les participants \u00e0 obtenir les qualifications n\u00e9cessaires pour travailler avec des nacelles \u00e9l\u00e9vatrices et d&#039;autres types d&#039;appareils. L&#039;\u00e9ventail des questions abord\u00e9es pendant les cours comprend les types de plates-formes les plus fr\u00e9quemment utilis\u00e9es\u00a0: pour le chargement et le levage de marchandises et de personnes, pour les travaux de construction en hauteur, mont\u00e9es sur des voitures et autoportantes. Le contenu de la formation est coh\u00e9rent avec le p\u00e9rim\u00e8tre des examens organis\u00e9s par l&#039;Office de l&#039;Inspection Technique et de la Surveillance Technique des Transports.<\/p>\n<h2>Examen UDT - qualifications pouvant \u00eatre obtenues apr\u00e8s le cours<\/h2>\n<p>Les cours de formation des op\u00e9rateurs vous pr\u00e9parent \u00e0 vous qualifier pour les <a href=\"https:\/\/odk-ergon.pl\/fr\/szkolenia\/uprawnienia-udt-tdt\/podeste-ruchome\/\">plateformes mobiles<\/a>:<\/p>\n<ul>\n<li>Mobile (permis d\u00e9livr\u00e9s pour 5 ans)<\/li>\n<li>Stationnaire (permis d\u00e9livr\u00e9s pour 10 ans)<\/li>\n<li>Pendant (pouvoirs de 10 ans)<\/li>\n<li>M\u00e2t (permis de 10 ans)<\/li>\n<li>Sur les v\u00e9hicules ferroviaires (permis d\u00e9livr\u00e9s pour 10 ans)<\/li>\n<\/ul>\n<p>En plus de la derni\u00e8re division (ci-dessus), la port\u00e9e suivante des droits d\u00e9livr\u00e9s s&#039;applique pendant 5 ans \u00e0 compter de l&#039;entr\u00e9e en vigueur de la loi sur l&#039;inspection technique\u00a0:<\/p>\n<ul>\n<li>Qualifications de la cat\u00e9gorie IP, y compris les plates-formes d&#039;acc\u00e8s mobiles lentes (nacelles \u00e0 ciseaux), les plates-formes mobiles automotrices (plates-formes a\u00e9riennes), les plates-formes mobiles<\/li>\n<li>Qualification de cat\u00e9gorie II P, y compris les plates-formes mobiles suspendues, sur m\u00e2t et fixes<\/li>\n<\/ul>\n<h2>Programme<\/h2>\n<h3>Port\u00e9e du cours de service de plate-forme\u00a0:<\/h3>\n<p><strong>1. Partie th\u00e9orique :<\/strong><\/p>\n<ul>\n<li>Pr\u00e9sentation - informations g\u00e9n\u00e9rales<\/li>\n<li>Plates-formes mobiles - leur stabilit\u00e9 et leur durabilit\u00e9<\/li>\n<li>Dispositifs de s\u00e9curit\u00e9<\/li>\n<li>Structures de support et trains d&#039;atterrissage<\/li>\n<li>Plate-forme de travail<\/li>\n<li>Structures de support de la plate-forme de travail - m\u00e9canismes d&#039;entra\u00eenement<\/li>\n<li>Modes d&#039;emploi des plates-formes<\/li>\n<li>M\u00e9thodes de test et r\u00e9alisation de tests sur plateformes<\/li>\n<li>R\u00e8gles de fonctionnement des appareils<\/li>\n<li>Inspection technique<\/li>\n<\/ul>\n<p><strong>2. Partie pratique :<\/strong><\/p>\n<ul>\n<li>Activit\u00e9s r\u00e9alis\u00e9es avant, pendant et apr\u00e8s le travail<\/li>\n<li>V\u00e9rification de s\u00e9curit\u00e9 avant de commencer les travaux<\/li>\n<li>Proc\u00e9dure en cas d&#039;urgence - descente d&#039;urgence de l&#039;appareil<\/li>\n<\/ul>\n<p><a href=\"https:\/\/odk-ergon.pl\/wp-content\/uploads\/2022\/10\/34.jpeg\"><img loading=\"lazy\" decoding=\"async\" class=\"aligncenter wp-image-2526\" src=\"https:\/\/odk-ergon.pl\/wp-content\/uploads\/2022\/10\/34-300x200.jpeg\" alt=\"\" width=\"750\" height=\"500\" srcset=\"https:\/\/odk-ergon.pl\/wp-content\/uploads\/2022\/10\/34-300x200.jpeg 300w, https:\/\/odk-ergon.pl\/wp-content\/uploads\/2022\/10\/34-1024x683.jpeg 1024w, https:\/\/odk-ergon.pl\/wp-content\/uploads\/2022\/10\/34-768x512.jpeg 768w, https:\/\/odk-ergon.pl\/wp-content\/uploads\/2022\/10\/34-1536x1024.jpeg 1536w, https:\/\/odk-ergon.pl\/wp-content\/uploads\/2022\/10\/34-18x12.jpeg 18w, https:\/\/odk-ergon.pl\/wp-content\/uploads\/2022\/10\/34-624x416.jpeg 624w, https:\/\/odk-ergon.pl\/wp-content\/uploads\/2022\/10\/34.jpeg 1600w\" sizes=\"auto, (max-width: 750px) 100vw, 750px\" \/><\/a><\/p>\n<h3>Port\u00e9e du cours de maintenance de la plate-forme\u00a0:<\/h3>\n<p><strong>1. Partie th\u00e9orique :<\/strong><\/p>\n<ul>\n<li><a href=\"https:\/\/odk-ergon.pl\/fr\/szkolenia\/uprawnienia-udt-tdt\/konserwacja-utb-udt\/\">Mat\u00e9riel de manutention<\/a>qui comprend la supervision technique<\/li>\n<li>Surveillance des dispositifs techniques - la proc\u00e9dure<\/li>\n<li>Types de tests techniques effectu\u00e9s par les inspecteurs de l&#039;inspection technique et port\u00e9e des activit\u00e9s r\u00e9alis\u00e9es<\/li>\n<li>Dommages dangereux et accidents li\u00e9s au fonctionnement d&#039;un appareil technique - la proc\u00e9dure de l&#039;op\u00e9rateur de l&#039;appareil et du technicien de maintenance<\/li>\n<li>R\u00e8gles d&#039;hygi\u00e8ne et de s\u00e9curit\u00e9 accompagnant la maintenance des appareils<\/li>\n<li>Unit\u00e9s et \u00e9l\u00e9ments de maintenance de la plate-forme - partie m\u00e9canique et \u00e9lectrique<\/li>\n<\/ul>\n<p><strong>2. Partie pratique :<\/strong><\/p>\n<ul>\n<li>V\u00e9rification de l&#039;\u00e9tat technique de la plateforme<\/li>\n<li>V\u00e9rification du degr\u00e9 d&#039;usure des m\u00e9canismes et de l&#039;exactitude de leur fonctionnement<\/li>\n<li>Remplacement des pi\u00e8ces us\u00e9es et endommag\u00e9es de l&#039;appareil<\/li>\n<li>Proc\u00e9dure en cas d&#039;urgence<\/li>\n<li>Maintenance des composants de l&#039;appareil, des ensembles et des dispositifs de s\u00e9curit\u00e9<\/li>\n<li>V\u00e9rification du bon fonctionnement et du r\u00e9glage des \u00e9l\u00e9ments et des dispositifs de s\u00e9curit\u00e9<\/li>\n<li>Activit\u00e9s et obligations accompagnant le changement de lieu d&#039;utilisation de l&#039;appareil dans une situation n\u00e9cessitant un d\u00e9montage et un remontage<\/li>\n<li>Modification de la version de montage des appareils<\/li>\n<li>Exemples des d\u00e9fauts de fonctionnement les plus courants et leur \u00e9limination<\/li>\n<\/ul>\n<h2>Pourquoi vaut-il la peine de suivre un cours sur les plateformes mobiles\u00a0?<\/h2>\n<p><a href=\"https:\/\/odk-ergon.pl\/wp-content\/uploads\/2021\/09\/platforma_2.jpg\"><img loading=\"lazy\" decoding=\"async\" class=\"obrazekpadding wp-image-1924 size-medium alignright\" src=\"https:\/\/odk-ergon.pl\/wp-content\/uploads\/2021\/09\/platforma_2-200x300.jpg\" alt=\"Les plates-formes mobiles sont des dispositifs utilis\u00e9s pour soulever des marchandises, des personnes et des mat\u00e9riaux de construction\" width=\"200\" height=\"300\" srcset=\"https:\/\/odk-ergon.pl\/wp-content\/uploads\/2021\/09\/platforma_2-200x300.jpg 200w, https:\/\/odk-ergon.pl\/wp-content\/uploads\/2021\/09\/platforma_2-683x1024.jpg 683w, https:\/\/odk-ergon.pl\/wp-content\/uploads\/2021\/09\/platforma_2-768x1152.jpg 768w, https:\/\/odk-ergon.pl\/wp-content\/uploads\/2021\/09\/platforma_2-1024x1536.jpg 1024w, https:\/\/odk-ergon.pl\/wp-content\/uploads\/2021\/09\/platforma_2-624x936.jpg 624w, https:\/\/odk-ergon.pl\/wp-content\/uploads\/2021\/09\/platforma_2.jpg 1066w\" sizes=\"auto, (max-width: 200px) 100vw, 200px\" \/><\/a>Les programmes de formation cr\u00e9\u00e9s par le Centre r\u00e9pondent \u00e0 la fois aux besoins des clients particuliers qui souhaitent am\u00e9liorer leurs qualifications, et des employeurs qui r\u00e9fl\u00e9chissent au d\u00e9veloppement de leur entreprise.<\/p>\n<h3>Avantages pour les employeurs :<\/h3>\n<ul>\n<li>Le programme des cours est d\u00e9termin\u00e9 individuellement avec les repr\u00e9sentants du Centre. Cela signifie que les personnes sans exp\u00e9rience et celles qui ont d\u00e9j\u00e0 utilis\u00e9 des plateformes mobiles peuvent participer \u00e0 la formation. Le cours est adapt\u00e9 pour r\u00e9pondre aux besoins des employ\u00e9s \u00e0 la fois en termes de port\u00e9e mat\u00e9rielle et de dur\u00e9e. Par cons\u00e9quent, les employeurs qui embauchent des employ\u00e9s ayant une certaine exp\u00e9rience dans l&#039;exploitation ou l&#039;entretien de plates-formes peuvent former leur personnel plus rapidement.<\/li>\n<li>L&#039;obtention par les salari\u00e9s de l&#039;autorisation d&#039;exploiter et d&#039;entretenir ce type d&#039;\u00e9quipement ouvre la voie \u00e0 l&#039;entreprise pour remporter de nouvelles commandes rentables, ainsi que pour d\u00e9marrer des appels d&#039;offres. Les plates-formes mobiles sont utilis\u00e9es dans les travaux de construction, lors de l&#039;entretien des b\u00e2timents historiques, de la r\u00e9novation et de l&#039;isolation des fa\u00e7ades, de l&#039;installation de publicit\u00e9s grand format et du lavage des grandes surfaces vitr\u00e9es. Les travaux de ce type sont command\u00e9s par des coop\u00e9ratives d&#039;habitation, des communaut\u00e9s d&#039;habitants et des gouvernements locaux.<\/li>\n<li>Le centre offre un accompagnement maximal tant en termes de contenu que d&#039;organisation. La pr\u00e9paration de la formation pour l&#039;entreprise comprend un entretien approfondi et un diagnostic des besoins des employ\u00e9s. Les dates sont fix\u00e9es de mani\u00e8re \u00e0 les faire co\u00efncider au mieux avec les examens organis\u00e9s par l&#039;UDT. Les formations peuvent avoir lieu au si\u00e8ge du Centre \u00e0 Varsovie ou dans des filiales : Cracovie, Gda\u0144sk, Katowice et d&#039;autres grandes villes. Si n\u00e9cessaire, le Centre peut servir d&#039;interm\u00e9diaire pour organiser l&#039;h\u00e9bergement ou les repas des participants.<\/li>\n<li>Le service offert par le Centre comprend non seulement la formation, mais aussi le soutien post-ach\u00e8vement. Les participants ont acc\u00e8s \u00e0 une plateforme \u00e9ducative avec du mat\u00e9riel, des vid\u00e9os et des tests qu&#039;ils peuvent utiliser lors de la pr\u00e9paration de l&#039;examen. Le centre agit \u00e9galement en tant qu&#039;interm\u00e9diaire pour les questions d&#039;organisation li\u00e9es \u00e0 l&#039;examen \u00e0 l&#039;UDT ou au TDT. Gr\u00e2ce aux nombreuses ann\u00e9es d&#039;exp\u00e9rience du Centre, il est possible d&#039;organiser des cours \u00e0 une date telle que l&#039;examen ait lieu quelques jours ouvrables apr\u00e8s sa fin. Tout cela augmente consid\u00e9rablement le taux de r\u00e9ussite des \u00e9tudiants et l&#039;employeur qui envoie des employ\u00e9s au cours est plus confiant que l&#039;investissement sera rapidement rentabilis\u00e9.<\/li>\n<\/ul>\n<h3>Avantages pour les clients individuels<\/h3>\n<ul>\n<li>La sp\u00e9cialisation est la cl\u00e9 du succ\u00e8s sur le march\u00e9 du travail. Depuis plusieurs ann\u00e9es, il y a une forte demande pour les employ\u00e9s de l&#039;industrie technique, poss\u00e9dant <a href=\"https:\/\/odk-ergon.pl\/fr\/szkolenia\/szkolenia-na-suwnice\/uprawnienia\/\">Dipl\u00f4mes UDT<\/a> pour l&#039;exploitation et l&#039;entretien d&#039;\u00e9quipements sp\u00e9cialis\u00e9s. Les op\u00e9rateurs de plates-formes mobiles peuvent compter sur un emploi rapide, ainsi que sur une r\u00e9mun\u00e9ration bien plus \u00e9lev\u00e9e que dans les professions moins sp\u00e9cialis\u00e9es, par exemple ouvrier g\u00e9n\u00e9ral du b\u00e2timent ou chauffeur.<\/li>\n<li>La port\u00e9e du mat\u00e9riel est large - il couvre les probl\u00e8mes li\u00e9s aux plates-formes a\u00e9riennes populaires, aux plates-formes mont\u00e9es sur des voitures, aux plates-formes mont\u00e9es avec des cordes pour la construction de toits et autres. Terminer le cours et r\u00e9ussir l&#039;examen vous permet de travailler dans les secteurs de la construction, du transport et de la publicit\u00e9.<\/li>\n<li>Cette formation est \u00e0 partir de z\u00e9ro, \u00e9galement pour les personnes sans exp\u00e9rience. Se pr\u00e9pare de mani\u00e8re compl\u00e8te \u00e0 l&#039;examen, dont le r\u00e9sultat positif conduit \u00e0 l&#039;obtention de qualifications. Le cours, tant en exploitation qu&#039;en maintenance, comprend une partie th\u00e9orique et pratique approfondie. Le centre dispose de sa propre base d&#039;\u00e9quipements, gr\u00e2ce \u00e0 laquelle les participants peuvent se familiariser avec le fonctionnement des plates-formes et acqu\u00e9rir une exp\u00e9rience dans l&#039;utilisation de ce type d&#039;\u00e9quipement.<\/li>\n<li>Formulaire flexible - un cours sur le soi-disant les augmentations peuvent avoir lieu sur place ou en ligne, sous forme de webinaires. Le centre propose un grand nombre de dates de formation ouvertes qui peuvent \u00eatre rejointes par tout participant int\u00e9ress\u00e9.<\/li>\n<\/ul>\n<h2>Questions et r\u00e9ponses<\/h2>\n<div id=\"accordion\">\n<h3>Quel est le prix du cours et que comprend-il ?<\/h3>\n<div>Le co\u00fbt de la participation aux cours est d\u00e9termin\u00e9 individuellement. Final <a href=\"https:\/\/odk-ergon.pl\/fr\/cennik\/\">le prix<\/a> d\u00e9pend de plusieurs facteurs : la forme de la formation (ouverte - pour les participants individuels et ferm\u00e9e - pour les salari\u00e9s d&#039;une entreprise donn\u00e9e), l&#039;\u00e9tendue de la formation en fonction de l&#039;exp\u00e9rience des participants, le lieu de la formation, les prestations annexes.<br \/>\nFormation pour les plateformes mobiles - le prix comprend :<\/p>\n<ul>\n<li>Animation de cours th\u00e9oriques (stationnaire ou webinaire) et pratiques<\/li>\n<li>Mise \u00e0 disposition des participants d&#039;une plateforme p\u00e9dagogique avec supports de formation, vid\u00e9os et tests de pr\u00e9paration \u00e0 l&#039;examen<\/li>\n<li>D\u00e9livrance d&#039;un suppl\u00e9ment simplifi\u00e9 pour les personnes qui terminent la formation<\/li>\n<li>D\u00e9livrance d&#039;un certificat selon ISO 18878 (carte plastique avec photo)<\/li>\n<li>Mat\u00e9riel de sant\u00e9 et de s\u00e9curit\u00e9, baudriers, gilets n\u00e9cessaires lors des cours pratiques<\/li>\n<li>Acc\u00e8s aux appareils discut\u00e9s pendant les cours<\/li>\n<li>A la demande des clients commandant une formation pour l&#039;entreprise : aide \u00e0 l&#039;h\u00e9bergement, organisation des repas<\/li>\n<li>Pendant les pauses entre les cours : caf\u00e9, th\u00e9, biscuits<\/li>\n<\/ul>\n<\/div>\n<h3>Combien de temps durent les cours et quelle est leur forme ?<\/h3>\n<div>Le cours peut \u00eatre dispens\u00e9 sous forme de cours fixes ou en ligne, sous forme de webinaires anim\u00e9s par des sp\u00e9cialistes du Centre. Dans le cas de personnes sans exp\u00e9rience, il est n\u00e9cessaire de compl\u00e9ter le formulaire en ligne par des cours pratiques.<br \/>\nDes cours en classe peuvent \u00eatre organis\u00e9s dans toute la Pologne - pour plus de d\u00e9tails, veuillez contacter le Centre. Les cours en ligne sont dispens\u00e9s sur la plateforme \u00e0 laquelle les participants re\u00e7oivent un identifiant et un mot de passe. La plateforme est disponible pendant toute la dur\u00e9e du cours et \u00e9galement apr\u00e8s son ach\u00e8vement.<br \/>\nLe nombre d&#039;heures d\u00e9pend des arrangements individuels avec le client. Cela d\u00e9pend si les participants ont d\u00e9j\u00e0 une exp\u00e9rience dans le fonctionnement des plateformes mobiles ou n&#039;ont pas encore \u00e9t\u00e9 en contact avec ces appareils.<br \/>\nLes dur\u00e9es indiqu\u00e9es sont indicatives et s&#039;\u00e9l\u00e8vent \u00e0 :<\/p>\n<ul>\n<li>8-10 heures - pour les personnes qui ont d\u00e9j\u00e0 une exp\u00e9rience pratique dans l&#039;utilisation de ce type d&#039;appareils<\/li>\n<li>18-20 heures - pour les personnes ayant des connaissances et des comp\u00e9tences de base<\/li>\n<li>35 heures - pour les personnes sans exp\u00e9rience pratique ni connaissances th\u00e9oriques<\/li>\n<\/ul>\n<p>Dur\u00e9e approximative des cours pour les restaurateurs\u00a0:<\/p>\n<ul>\n<li>Personnes r\u00e9pondant aux exigences minimales et ayant une exp\u00e9rience dans le domaine du g\u00e9nie \u00e9lectrique ou m\u00e9canique (pour un type d&#039;appareil) - environ 32 heures<\/li>\n<li>Les personnes qui ont besoin de connaissances suppl\u00e9mentaires sur la maintenance de 2 types ou types d&#039;appareils - environ 58 heures<\/li>\n<li>Personnes sans exp\u00e9rience en maintenance de plates-formes - 96 heures - s&#039;applique \u00e0 la formation pour 2-3 types ou types d&#039;appareils<\/li>\n<\/ul>\n<\/div>\n<h3>Tout le monde peut-il participer aux cours ?<\/h3>\n<div>\n<p>Le cours est destin\u00e9 aux personnes qui r\u00e9pondent aux exigences minimales:<\/p>\n<ul>\n<li>Ils ont 18 ans ou plus<\/li>\n<li>Ils ont au moins une \u00e9ducation primaire<\/li>\n<li>Avoir un certificat m\u00e9dical attestant qu&#039;il n&#039;y a pas de contre-indications \u00e0 travailler dans un poste donn\u00e9 (ou d\u00e9clarer par \u00e9crit ne pas avoir de telles contre-indications)<\/li>\n<\/ul>\n<p>Les cours sont organis\u00e9s sous une forme ferm\u00e9e (pour les employ\u00e9s de l&#039;entreprise) et une forme ouverte, qui peuvent \u00eatre suivies par tout client int\u00e9ress\u00e9. Pour conna\u00eetre les dates et les d\u00e9tails, veuillez nous contacter par t\u00e9l\u00e9phone ou par e-mail.<\/p>\n<\/div>\n<h3>J&#039;ai d\u00e9j\u00e0 une certaine exp\u00e9rience avec les plateformes mobiles. Le cours est-il pour moi ?<\/h3>\n<div>Pour les personnes qui utilisent d\u00e9j\u00e0 des plateformes mobiles dans leur travail, la participation au cours est l&#039;occasion de confirmer leurs qualifications et d&#039;obtenir les qualifications n\u00e9cessaires. Si le client exprime un tel besoin, le Centre peut organiser un cours pour les soi-disant plateformes et autres types de plateformes pour les personnes qui souhaitent compl\u00e9ter leurs connaissances. La dur\u00e9e de ces cours est plus courte que celle standard et la port\u00e9e du mat\u00e9riel est ajust\u00e9e aux connaissances d\u00e9j\u00e0 poss\u00e9d\u00e9es par les participants.<\/div>\n<h3>Je suis une personne sans exp\u00e9rience, mais je veux apprendre \u00e0 utiliser les plateformes. Puis-je m&#039;inscrire ?<\/h3>\n<div>Toute personne, y compris les personnes sans exp\u00e9rience, peut se qualifier pour l&#039;exploitation ou la maintenance des plates-formes. Dans ce cas, la dur\u00e9e du cours est plus longue que pour ceux qui ont d\u00e9j\u00e0 eu affaire \u00e0 de tels appareils. Si un client d\u00e9cide de participer \u00e0 un cours en ligne, il doit se rappeler qu&#039;il doit ensuite le compl\u00e9ter par une partie pratique.<\/div>\n<h3>Examen et formation TDT \/ UDT - quelle est la pr\u00e9paration \u00e0 l&#039;examen ?<\/h3>\n<div>L&#039;\u00e9tendue des questions abord\u00e9es est conforme au contenu requis dans les examens du Bureau de l&#039;inspection technique et de la supervision technique des transports. L&#039;ach\u00e8vement du cours est la premi\u00e8re \u00e9tape pour r\u00e9ussir les tests et obtenir les autorisations n\u00e9cessaires pour travailler. Tous les \u00e9tudiants ont acc\u00e8s \u00e0 une plateforme o\u00f9 ils peuvent utiliser, entre autres, des tests bas\u00e9s sur le contenu requis lors de l&#039;examen.<br \/>\nGr\u00e2ce \u00e0 de nombreuses ann\u00e9es d&#039;exp\u00e9rience dans l&#039;organisation de cours, le Centre peut assurer la repr\u00e9sentation des clients dans les contacts avec l&#039;UDT ou le TDT. Les dates des cours tiennent toujours compte des dates des examens organis\u00e9s par l&#039;UDT Warszawa ou d&#039;autres d\u00e9partements. Avec suffisamment de temps \u00e0 l&#039;avance, il est possible de passer les tests m\u00eame quelques jours ouvrables apr\u00e8s la fin de la formation. Cela vous permet d&#039;aborder l&#039;examen avec des connaissances fra\u00eechement acquises, et en m\u00eame temps vous donne le temps de r\u00e9viser le mat\u00e9riel en utilisant les informations de la plateforme \u00e9ducative.<\/div>\n<div><a href=\"https:\/\/odk-ergon.pl\/wp-content\/uploads\/2022\/11\/konserwacja-podestow-ruchomych-odk-ergon.pl_.png\"><img loading=\"lazy\" decoding=\"async\" class=\"aligncenter wp-image-2558\" src=\"https:\/\/odk-ergon.pl\/wp-content\/uploads\/2022\/11\/konserwacja-podestow-ruchomych-odk-ergon.pl_-300x175.png\" alt=\"\" width=\"750\" height=\"438\" srcset=\"https:\/\/odk-ergon.pl\/wp-content\/uploads\/2022\/11\/konserwacja-podestow-ruchomych-odk-ergon.pl_-300x175.png 300w, https:\/\/odk-ergon.pl\/wp-content\/uploads\/2022\/11\/konserwacja-podestow-ruchomych-odk-ergon.pl_-1024x597.png 1024w, https:\/\/odk-ergon.pl\/wp-content\/uploads\/2022\/11\/konserwacja-podestow-ruchomych-odk-ergon.pl_-768x448.png 768w, https:\/\/odk-ergon.pl\/wp-content\/uploads\/2022\/11\/konserwacja-podestow-ruchomych-odk-ergon.pl_-18x12.png 18w, https:\/\/odk-ergon.pl\/wp-content\/uploads\/2022\/11\/konserwacja-podestow-ruchomych-odk-ergon.pl_-624x364.png 624w, https:\/\/odk-ergon.pl\/wp-content\/uploads\/2022\/11\/konserwacja-podestow-ruchomych-odk-ergon.pl_.png 1200w\" sizes=\"auto, (max-width: 750px) 100vw, 750px\" \/><\/a><\/div>\n<\/div>","protected":false},"excerpt":{"rendered":"<p>To szkolenie, kt\u00f3re pozwala na przygotowanie uczestnik\u00f3w do zdobycia uprawnie\u0144 niezb\u0119dnych do pracy z podno\u015bnikami koszowymi i innymi typami urz\u0105dze\u0144. Zakres zagadnie\u0144 poruszanych na zaj\u0119ciach obejmuje najcz\u0119\u015bciej wykorzystywane rodzaje podest\u00f3w: do za\u0142adunku i podnoszenia towar\u00f3w i os\u00f3b, do prac budowlanych na wysoko\u015bciach, montowanych na samochodach i wolnostoj\u0105cych. Tre\u015bci szkoleniowe s\u0105 zgodne z zakresem egzamin\u00f3w organizowanych przez Urz\u0105d Dozoru Technicznego i Transportowy Doz\u00f3r Techniczny. Egzamin UDT \u2013 uprawnienia, kt\u00f3re mo\u017cna zdoby\u0107 po kursie Kursy dla operator\u00f3w przygotowuj\u0105 do zdobycia uprawnie\u0144 na nast\u0119puj\u0105ce podesty ruchome: Przejezdne (uprawnienia wydawane na 5 lat) Stacjonarne (uprawnienia wydawane na 10 lat) Wisz\u0105ce (uprawnienia wydawane na 10 lat) Masztowe (uprawnienia wydawane na 10 lat) Na pojazdach kolejowych (uprawnienia wydawane na 10 lat) Opr\u00f3cz najnowszego (powy\u017cszego) podzia\u0142u, przez 5 lat od wej\u015bcia w \u017cycie Ustawy o dozorze technicznym obowi\u0105zuje nast\u0119puj\u0105cy zakres wydawanych uprawnie\u0144: Uprawnienia kategorii I P, obejmuj\u0105ce podesty ruchome przejezdne wolnobie\u017cne (podno\u015bniki no\u017cycowe), podesty ruchome samojezdne (podno\u015bniki koszowe), podesty przewo\u017ane Uprawnienia kategorii II P, obejmuj\u0105ce podesty ruchome wisz\u0105ce, masztowe i stacjonarne Program zaj\u0119\u0107 Zakres dla kursu obs\u0142ugi podest\u00f3w: 1. Cz\u0119\u015b\u0107 teoretyczna: Wst\u0119p &#8211; informacje og\u00f3lne Podesty ruchome \u2013 ich stateczno\u015b\u0107 i wytrzyma\u0142o\u015b\u0107 Urz\u0105dzenia zabezpieczaj\u0105ce Konstrukcje wsporcze i podwozia podest\u00f3w Platforma robocza Konstrukcje wsporcze platformy roboczej \u2013 mechanizmy nap\u0119dowe Instrukcje obs\u0142ugi podest\u00f3w Sposoby badania i przeprowadzania pr\u00f3b na podestach Zasady obowi\u0105zuj\u0105ce przy eksploatacji urz\u0105dze\u0144 Doz\u00f3r techniczny 2. Cz\u0119\u015b\u0107 praktyczna: Czynno\u015bci wykonywane przed, w czasie i po zako\u0144czeniu pracy Weryfikacja zabezpiecze\u0144 przed rozpocz\u0119ciem pracy Post\u0119powanie w sytuacjach awaryjnych \u2013 opuszczanie awaryjne urz\u0105dzenia Zakres dla kursu konserwacji podest\u00f3w: 1. Cz\u0119\u015b\u0107 teoretyczna: Urz\u0105dzenia transportu bliskiego, kt\u00f3re [&hellip;]<\/p>\n","protected":false},"author":1,"featured_media":1922,"parent":1828,"menu_order":0,"comment_status":"closed","ping_status":"closed","template":"","meta":{"sfsi_plus_gutenberg_text_before_share":"","sfsi_plus_gutenberg_show_text_before_share":"","sfsi_plus_gutenberg_icon_type":"","sfsi_plus_gutenberg_icon_alignemt":"","sfsi_plus_gutenburg_max_per_row":"","footnotes":""},"class_list":["post-1921","page","type-page","status-publish","has-post-thumbnail","hentry","has_thumb"],"aioseo_notices":[],"_links":{"self":[{"href":"https:\/\/odk-ergon.pl\/fr\/wp-json\/wp\/v2\/pages\/1921","targetHints":{"allow":["GET"]}}],"collection":[{"href":"https:\/\/odk-ergon.pl\/fr\/wp-json\/wp\/v2\/pages"}],"about":[{"href":"https:\/\/odk-ergon.pl\/fr\/wp-json\/wp\/v2\/types\/page"}],"author":[{"embeddable":true,"href":"https:\/\/odk-ergon.pl\/fr\/wp-json\/wp\/v2\/users\/1"}],"replies":[{"embeddable":true,"href":"https:\/\/odk-ergon.pl\/fr\/wp-json\/wp\/v2\/comments?post=1921"}],"version-history":[{"count":11,"href":"https:\/\/odk-ergon.pl\/fr\/wp-json\/wp\/v2\/pages\/1921\/revisions"}],"predecessor-version":[{"id":2559,"href":"https:\/\/odk-ergon.pl\/fr\/wp-json\/wp\/v2\/pages\/1921\/revisions\/2559"}],"up":[{"embeddable":true,"href":"https:\/\/odk-ergon.pl\/fr\/wp-json\/wp\/v2\/pages\/1828"}],"wp:featuredmedia":[{"embeddable":true,"href":"https:\/\/odk-ergon.pl\/fr\/wp-json\/wp\/v2\/media\/1922"}],"wp:attachment":[{"href":"https:\/\/odk-ergon.pl\/fr\/wp-json\/wp\/v2\/media?parent=1921"}],"curies":[{"name":"wp","href":"https:\/\/api.w.org\/{rel}","templated":true}]}}