{"id":1935,"date":"2021-09-27T20:37:25","date_gmt":"2021-09-27T19:37:25","guid":{"rendered":"https:\/\/odk-ergon.pl\/?page_id=1935"},"modified":"2023-03-13T10:34:14","modified_gmt":"2023-03-13T09:34:14","slug":"plates-formes-elevatrices-a-ciseaux","status":"publish","type":"page","link":"https:\/\/odk-ergon.pl\/fr\/szkolenia\/uprawnienia-udt-tdt\/podesty-nozycowe\/","title":{"rendered":"Un cours sur les \u00e9l\u00e9vateurs \u00e0 ciseaux pr\u00e9parant \u00e0 l&#039;examen UDT"},"content":{"rendered":"<p><a href=\"https:\/\/odk-ergon.pl\/wp-content\/uploads\/2021\/09\/podesty_nozycowy_2.jpg\"><img loading=\"lazy\" decoding=\"async\" class=\"obrazekpadding alignleft wp-image-1937 size-medium\" src=\"https:\/\/odk-ergon.pl\/wp-content\/uploads\/2021\/09\/podesty_nozycowy_2-300x200.jpg\" alt=\"Les \u00e9l\u00e9vateurs \u00e0 ciseaux sont utilis\u00e9s sur les chantiers de construction, dans les entrep\u00f4ts et les halls d&#039;usine\" width=\"300\" height=\"200\" srcset=\"https:\/\/odk-ergon.pl\/wp-content\/uploads\/2021\/09\/podesty_nozycowy_2-300x200.jpg 300w, https:\/\/odk-ergon.pl\/wp-content\/uploads\/2021\/09\/podesty_nozycowy_2-1024x683.jpg 1024w, https:\/\/odk-ergon.pl\/wp-content\/uploads\/2021\/09\/podesty_nozycowy_2-768x512.jpg 768w, https:\/\/odk-ergon.pl\/wp-content\/uploads\/2021\/09\/podesty_nozycowy_2-1536x1024.jpg 1536w, https:\/\/odk-ergon.pl\/wp-content\/uploads\/2021\/09\/podesty_nozycowy_2-624x416.jpg 624w, https:\/\/odk-ergon.pl\/wp-content\/uploads\/2021\/09\/podesty_nozycowy_2.jpg 1539w\" sizes=\"auto, (max-width: 300px) 100vw, 300px\" \/><\/a> Les \u00e9l\u00e9vateurs \u00e0 ciseaux, comme tous les appareils soumis au contr\u00f4le technique, ne peuvent \u00eatre utilis\u00e9s que par des personnes ayant les qualifications appropri\u00e9es. En Pologne, le processus de v\u00e9rification des qualifications est g\u00e9r\u00e9, entre autres, par le Bureau de l&#039;inspection technique - la confirmation des qualifications d\u00e9livr\u00e9e par cette institution vous permet de travailler sur le soi-disant augmentations dans le pays et \u00e0 l&#039;\u00e9tranger, \u00e0 condition que dans un pays donn\u00e9 il soit possible de reconna\u00eetre les droits polonais. Le cours organis\u00e9 par le Centre est un moyen de se pr\u00e9parer efficacement \u00e0 l&#039;examen. Son champ d&#039;application comprend non seulement l&#039;apprentissage de l&#039;utilisation des appareils, mais \u00e9galement des connaissances sur la construction, les r\u00e8gles de fonctionnement et la supervision technique. Ces informations sont utiles \u00e0 la fois pour les personnes qui n&#039;ont jamais \u00e9t\u00e9 confront\u00e9es au travail de l&#039;op\u00e9rateur auparavant et pour celles qui utilisent quotidiennement des nacelles \u00e0 ciseaux. Les r\u00e9sultats des enqu\u00eates men\u00e9es aupr\u00e8s des participants montrent que m\u00eame les personnes ayant une vaste exp\u00e9rience pratique confirment qu&#039;elles ont re\u00e7u une grande valeur ajout\u00e9e en termes d&#039;exploitation s\u00fbre des plates-formes.<\/p>\n<div class=\"filmw\">\n<div class=\"responsive-youtube\" style=\"text-align: center;\"><iframe loading=\"lazy\" title=\"Lecteur vid\u00e9o YouTube\" src=\"https:\/\/www.youtube.com\/embed\/CLZn05fOBfI\" width=\"560\" height=\"315\" frameborder=\"0\" allowfullscreen=\"allowfullscreen\"><\/iframe><\/div>\n<\/div>\n<h2>D\u00e9tails du parcours des remont\u00e9es m\u00e9caniques<\/h2>\n<ul>\n<li>Dur\u00e9e du cours: d\u00e9termin\u00e9e individuellement en fonction de l&#039;\u00e9tude des besoins de formation des participants. Pour les personnes sans exp\u00e9rience - environ 20 \u00e0 36 heures de formation (th\u00e9orie et pratique).<\/li>\n<li>Forme des cours : sur place ou en ligne (pour les personnes sans exp\u00e9rience, des cours pratiques avant l'examen UDT sont requis). La formation peut \u00eatre ouverte - \u00e0 l'heure et au lieu indiqu\u00e9s sur le site web du Centre, ou ferm\u00e9e - uniquement pour les employ\u00e9s d\u00e9sign\u00e9s par le client.<\/li>\n<li><a href=\"https:\/\/odk-ergon.pl\/fr\/cennik\/\">Prix<\/a>: d\u00e9termin\u00e9 individuellement avec les candidats op\u00e9rateurs de levage. Le prix d\u00e9pend de la dur\u00e9e du cours, de sa forme et des services suppl\u00e9mentaires.<\/li>\n<li>D\u00e9roulement des cours : le programme est strictement adapt\u00e9 aux exigences de l&#039;examen UDT. Les questions abord\u00e9es lors de la formation concernent, entre autres : les informations g\u00e9n\u00e9rales sur les nacelles \u00e0 ciseaux, la construction de la plate-forme de travail et du ch\u00e2ssis, la stabilit\u00e9 et la durabilit\u00e9 des appareils, les r\u00e8gles de fonctionnement en toute s\u00e9curit\u00e9, l&#039;encadrement technique<\/li>\n<\/ul>\n<div style=\"width: 640px;\" class=\"wp-video\"><video id=\"video-1935-1\" width=\"640\" height=\"360\" poster=\"https:\/\/odk-ergon.pl\/wp-content\/uploads\/2023\/03\/20230127_031102_0000.jpg\" preload=\"metadata\" controls=\"controls\"><source type=\"video\/mp4\" src=\"https:\/\/odk-ergon.pl\/wp-content\/uploads\/2023\/03\/ACCEPTED-operator-podestow-4K-odk-ergon.mp4?_=1\" \/><a href=\"https:\/\/odk-ergon.pl\/wp-content\/uploads\/2023\/03\/ACCEPTED-operator-podestow-4K-odk-ergon.mp4\">https:\/\/odk-ergon.pl\/wp-content\/uploads\/2023\/03\/ACCEPTED-operator-podestow-4K-odk-ergon.mp4<\/a><\/video><\/div>\n<h2>Cours et examen UDT<\/h2>\n<p>Suivre la formation n&#039;\u00e9quivaut pas \u00e0 acqu\u00e9rir des qualifications professionnelles. Pour obtenir les qualifications, un r\u00e9sultat positif \u00e0 l&#039;examen organis\u00e9 par l&#039;UDT est n\u00e9cessaire. Les dates des formations ouvertes organis\u00e9es par le Centre sont convenues afin que le temps d&#039;attente pour l&#039;examen dans une branche UDT donn\u00e9e soit le plus court possible, dans la mesure du possible par la Commission. De plus, dans le cas de formations ferm\u00e9es pour entreprises, si elles peuvent \u00eatre programm\u00e9es longtemps \u00e0 l&#039;avance, le d\u00e9lai entre la fin de la formation et le passage de l&#039;examen peut \u00eatre programm\u00e9 pour le jour ouvrable suivant.<\/p>\n<h2>Travailler apr\u00e8s un cours sur une nacelle \u00e0 ciseaux<\/h2>\n<p><a href=\"https:\/\/odk-ergon.pl\/wp-content\/uploads\/2021\/09\/podesty_nozycowy_1.jpg\"><img loading=\"lazy\" decoding=\"async\" class=\"obrazekpadding alignright wp-image-1938 size-medium\" src=\"https:\/\/odk-ergon.pl\/wp-content\/uploads\/2021\/09\/podesty_nozycowy_1-200x300.jpg\" alt=\"Le fonctionnement des nacelles \u00e0 ciseaux n\u00e9cessite une pr\u00e9paration th\u00e9orique et pratique\" width=\"200\" height=\"300\" srcset=\"https:\/\/odk-ergon.pl\/wp-content\/uploads\/2021\/09\/podesty_nozycowy_1-200x300.jpg 200w, https:\/\/odk-ergon.pl\/wp-content\/uploads\/2021\/09\/podesty_nozycowy_1-683x1024.jpg 683w, https:\/\/odk-ergon.pl\/wp-content\/uploads\/2021\/09\/podesty_nozycowy_1-768x1152.jpg 768w, https:\/\/odk-ergon.pl\/wp-content\/uploads\/2021\/09\/podesty_nozycowy_1-1024x1536.jpg 1024w, https:\/\/odk-ergon.pl\/wp-content\/uploads\/2021\/09\/podesty_nozycowy_1-624x936.jpg 624w, https:\/\/odk-ergon.pl\/wp-content\/uploads\/2021\/09\/podesty_nozycowy_1.jpg 1067w\" sizes=\"auto, (max-width: 200px) 100vw, 200px\" \/><\/a>Le programme de formation a \u00e9t\u00e9 cr\u00e9\u00e9 pour les personnes qui souhaitent travailler en tant qu&#039;op\u00e9rateur d&#039;ascenseur sur un poste ind\u00e9pendant ou d\u00e9velopper leur propre entreprise en fournissant des services de location.<\/p>\n<p>\u00catre autoris\u00e9 \u00e0 g\u00e9rer les augmentations offre de nombreuses opportunit\u00e9s d&#039;emploi :<\/p>\n<ul>\n<li>En tant que travailleur d&#039;\u00e9quipe dans des entreprises de construction et de r\u00e9novation<\/li>\n<li>En tant qu&#039;assembleur ou installateur dans les entreprises \u00e9nerg\u00e9tiques, dans les services d&#039;\u00e9clairage<\/li>\n<li>Dans les entrep\u00f4ts \u00e0 hauts rayonnages<\/li>\n<li>Dans les r\u00e9gies publicitaires sp\u00e9cialis\u00e9es dans la publicit\u00e9 grand format<\/li>\n<li>Dans des entreprises sp\u00e9cialis\u00e9es proposant le nettoyage de vitres d&#039;immeubles de bureaux<\/li>\n<\/ul>\n<p><a href=\"https:\/\/odk-ergon.pl\/wp-content\/uploads\/2022\/11\/Szablon-odk-ergon.png\"><img loading=\"lazy\" decoding=\"async\" class=\"aligncenter wp-image-2567\" src=\"https:\/\/odk-ergon.pl\/wp-content\/uploads\/2022\/11\/Szablon-odk-ergon-300x175.png\" alt=\"\" width=\"750\" height=\"438\" srcset=\"https:\/\/odk-ergon.pl\/wp-content\/uploads\/2022\/11\/Szablon-odk-ergon-300x175.png 300w, https:\/\/odk-ergon.pl\/wp-content\/uploads\/2022\/11\/Szablon-odk-ergon-1024x597.png 1024w, https:\/\/odk-ergon.pl\/wp-content\/uploads\/2022\/11\/Szablon-odk-ergon-768x448.png 768w, https:\/\/odk-ergon.pl\/wp-content\/uploads\/2022\/11\/Szablon-odk-ergon-18x12.png 18w, https:\/\/odk-ergon.pl\/wp-content\/uploads\/2022\/11\/Szablon-odk-ergon-624x364.png 624w, https:\/\/odk-ergon.pl\/wp-content\/uploads\/2022\/11\/Szablon-odk-ergon.png 1200w\" sizes=\"auto, (max-width: 750px) 100vw, 750px\" \/><\/a><\/p>","protected":false},"excerpt":{"rendered":"<p>Podno\u015bniki no\u017cycowe, podobnie jak wszystkie urz\u0105dzenia obj\u0119te dozorem technicznym, mog\u0105 by\u0107 obs\u0142ugiwane wy\u0142\u0105cznie przez osoby posiadaj\u0105ce odpowiednie uprawnienia. W Polsce procesem sprawdzania kwalifikacji zajmuje si\u0119 m.in.: Urz\u0105d Dozoru Technicznego \u2013 potwierdzenie kwalifikacji wydane przez t\u0119 instytucj\u0119 pozwala na prac\u0119 na tzw. zwy\u017ckach w kraju i za granic\u0105, o ile w danym kraju istnieje mo\u017cliwo\u015b\u0107 uznania polskich uprawnie\u0144. Kurs organizowany przez O\u015brodek to spos\u00f3b na skuteczne przygotowanie do egzaminu. Jego zakres obejmuje nie tylko nauk\u0119 obs\u0142ugi urz\u0105dze\u0144, ale tak\u017ce wiedz\u0119 na temat budowy, zasad eksploatacji, dozoru technicznego. To informacje przydatne zar\u00f3wno osobom, kt\u00f3re nie mia\u0142y wcze\u015bniej do czynienia z prac\u0105 operatora, jak i tym, kt\u00f3re na co dzie\u0144 w pracy korzystaj\u0105 z podno\u015bnik\u00f3w no\u017cycowych. Wyniki ankiet przeprowadzanych w\u015br\u00f3d uczestnik\u00f3w pokazuj\u0105, \u017ce nawet osoby z du\u017cym do\u015bwiadczeniem praktycznym potwierdzaj\u0105, \u017ce otrzyma\u0142y du\u017c\u0105 warto\u015b\u0107 dodan\u0105 w zakresie bezpiecznej eksploatacji podest\u00f3w. Szczeg\u00f3\u0142y kursu na podno\u015bniki Czas trwania kursu: ustalany indywidualnie w oparciu o badanie potrzeb szkoleniowych uczestnik\u00f3w. Dla os\u00f3b bez do\u015bwiadczenia &#8211; oko\u0142o 20 do 36 godzin szkoleniowych (teoria i praktyka). Forma zaj\u0119\u0107: stacjonarnie lub online (dla os\u00f3b bez do\u015bwiadczenia konieczne jest uzupe\u0142nienie o zaj\u0119cia praktyczne przed egzaminem UDT). Szkolenia mog\u0105 mie\u0107 form\u0119 otwart\u0105 &#8211; w terminie i miejscu podanym na stronie O\u015brodka lub zamkni\u0119t\u0105 &#8211; wy\u0142\u0105cznie dla pracownik\u00f3w wyznaczonych przez klienta. Cena: ustalana indywidualnie z kandydatami na operator\u00f3w zwy\u017cek. Cena jest zale\u017cna od czasu trwania kursu, jego formy, us\u0142ug dodatkowych. Przebieg zaj\u0119\u0107: program jest \u015bci\u015ble dostosowany do wymog\u00f3w egzaminacyjnych UDT. Poruszane na szkoleniu kwestie dotycz\u0105 m.in.: wiadomo\u015bci og\u00f3lnych o podestach no\u017cycowych, budowy platformy roboczej i podwozia, stateczno\u015bci i [&hellip;]<\/p>\n","protected":false},"author":1,"featured_media":1937,"parent":1828,"menu_order":0,"comment_status":"closed","ping_status":"closed","template":"","meta":{"sfsi_plus_gutenberg_text_before_share":"","sfsi_plus_gutenberg_show_text_before_share":"","sfsi_plus_gutenberg_icon_type":"","sfsi_plus_gutenberg_icon_alignemt":"","sfsi_plus_gutenburg_max_per_row":"","footnotes":""},"class_list":["post-1935","page","type-page","status-publish","has-post-thumbnail","hentry","has_thumb"],"aioseo_notices":[],"_links":{"self":[{"href":"https:\/\/odk-ergon.pl\/fr\/wp-json\/wp\/v2\/pages\/1935","targetHints":{"allow":["GET"]}}],"collection":[{"href":"https:\/\/odk-ergon.pl\/fr\/wp-json\/wp\/v2\/pages"}],"about":[{"href":"https:\/\/odk-ergon.pl\/fr\/wp-json\/wp\/v2\/types\/page"}],"author":[{"embeddable":true,"href":"https:\/\/odk-ergon.pl\/fr\/wp-json\/wp\/v2\/users\/1"}],"replies":[{"embeddable":true,"href":"https:\/\/odk-ergon.pl\/fr\/wp-json\/wp\/v2\/comments?post=1935"}],"version-history":[{"count":8,"href":"https:\/\/odk-ergon.pl\/fr\/wp-json\/wp\/v2\/pages\/1935\/revisions"}],"predecessor-version":[{"id":3092,"href":"https:\/\/odk-ergon.pl\/fr\/wp-json\/wp\/v2\/pages\/1935\/revisions\/3092"}],"up":[{"embeddable":true,"href":"https:\/\/odk-ergon.pl\/fr\/wp-json\/wp\/v2\/pages\/1828"}],"wp:featuredmedia":[{"embeddable":true,"href":"https:\/\/odk-ergon.pl\/fr\/wp-json\/wp\/v2\/media\/1937"}],"wp:attachment":[{"href":"https:\/\/odk-ergon.pl\/fr\/wp-json\/wp\/v2\/media?parent=1935"}],"curies":[{"name":"wp","href":"https:\/\/api.w.org\/{rel}","templated":true}]}}