{"id":1944,"date":"2021-09-27T21:09:49","date_gmt":"2021-09-27T20:09:49","guid":{"rendered":"https:\/\/odk-ergon.pl\/?page_id=1944"},"modified":"2023-03-13T10:34:59","modified_gmt":"2023-03-13T09:34:59","slug":"plateformes-transportables","status":"publish","type":"page","link":"https:\/\/odk-ergon.pl\/fr\/szkolenia\/uprawnienia-udt-tdt\/podesty-przewozne\/","title":{"rendered":"Plates-formes transportables - un cours pr\u00e9parant \u00e0 l&#039;obtention des qualifications UDT"},"content":{"rendered":"<p><a href=\"https:\/\/odk-ergon.pl\/wp-content\/uploads\/2021\/09\/podesty_ruchome_pajak_2.jpg\"><img loading=\"lazy\" decoding=\"async\" class=\"obrazekpadding alignleft wp-image-1947 size-medium\" src=\"https:\/\/odk-ergon.pl\/wp-content\/uploads\/2021\/09\/podesty_ruchome_pajak_2-300x200.jpg\" alt=\"Plates-formes mobiles mobiles - appareils tr\u00e8s utilis\u00e9s dans la construction et la r\u00e9novation en raison de leur taille compacte\" width=\"300\" height=\"200\" srcset=\"https:\/\/odk-ergon.pl\/wp-content\/uploads\/2021\/09\/podesty_ruchome_pajak_2-300x200.jpg 300w, https:\/\/odk-ergon.pl\/wp-content\/uploads\/2021\/09\/podesty_ruchome_pajak_2-768x513.jpg 768w, https:\/\/odk-ergon.pl\/wp-content\/uploads\/2021\/09\/podesty_ruchome_pajak_2-624x417.jpg 624w, https:\/\/odk-ergon.pl\/wp-content\/uploads\/2021\/09\/podesty_ruchome_pajak_2.jpg 955w\" sizes=\"auto, (max-width: 300px) 100vw, 300px\" \/><\/a>Avoir des qualifications professionnelles pour conduire des engins de manutention - plates-formes mobiles est exig\u00e9 par les dispositions du Bureau de l&#039;Inspection Technique. Ces qualifications s&#039;acqui\u00e8rent par un examen compos\u00e9 d&#039;une \u00e9preuve et d&#039;une partie pratique. Pour les personnes qui envisagent de travailler avec ces appareils populaires, nous proposons une formation qui les pr\u00e9parera \u00e0 l&#039;examen du c\u00f4t\u00e9 th\u00e9orique et pratique. Le programme et l&#039;organisation du cours ont \u00e9t\u00e9 con\u00e7us pour assurer la plus grande efficacit\u00e9 possible dans la r\u00e9ussite de l&#039;examen d&#039;\u00c9tat.<\/p>\n<h2><\/h2>\n<h2>Plates-formes de travail mobiles : transportables - informations<\/h2>\n<p>Il s&#039;agit d&#039;un type de plates-formes mobiles couramment utilis\u00e9es dans les travaux de construction, d&#039;assemblage et de r\u00e9novation. Plusieurs facteurs d\u00e9terminent la popularit\u00e9 des plateformes mobiles (appel\u00e9es spiders). Tout d&#039;abord, ces appareils sont appr\u00e9ci\u00e9s en raison de leur petite taille et de leur poids - leurs plates-formes sont relativement \u00e9troites, ce qui leur permet d&#039;atteindre des endroits o\u00f9 les appareils plus grands sont difficiles \u00e0 atteindre. Ces caract\u00e9ristiques permettent l&#039;utilisation de plates-formes &quot;araign\u00e9es&quot; \u00e9galement \u00e0 l&#039;int\u00e9rieur des b\u00e2timents, par exemple lors de travaux de r\u00e9novation, de peinture de murs et de plafonds, de conservation de monuments. En m\u00eame temps, ils sont \u00e9quip\u00e9s de grandes roues en caoutchouc ou de chenilles, ce qui facilite le travail sur des terrains difficiles avec une forte pente. Malgr\u00e9 sa petite taille, la hauteur de travail de la plate-forme est assez importante, pouvant m\u00eame atteindre plusieurs dizaines de m\u00e8tres.<\/p>\n<div class=\"filmw\">\n<div class=\"responsive-youtube\" style=\"text-align: center;\"><iframe loading=\"lazy\" title=\"Lecteur vid\u00e9o YouTube\" src=\"https:\/\/www.youtube.com\/embed\/CLZn05fOBfI\" width=\"560\" height=\"315\" frameborder=\"0\" allowfullscreen=\"allowfullscreen\"><\/iframe><\/div>\n<\/div>\n<p><strong>Les \u00ab\u00a0araign\u00e9es\u00a0\u00bb sont utilis\u00e9es, entre autres, pour\u00a0:<\/strong><\/p>\n<ul>\n<li>Installation d&#039;\u00e9l\u00e9ments \u00e0 l&#039;ext\u00e9rieur des b\u00e2timents : toits, goutti\u00e8res, balustrades de balcon<\/li>\n<li>Assemblage d&#039;\u00e9l\u00e9ments de structures de m\u00e2t, de tour et de pont<\/li>\n<li>Effectuer des inspections de b\u00e2timents et de structures<\/li>\n<li>Travaux de r\u00e9novation et d&#039;entretien dans les b\u00e2timents - \u00e0 l&#039;int\u00e9rieur et \u00e0 l&#039;ext\u00e9rieur<\/li>\n<li>R\u00e9parer l&#039;\u00e9clairage, les lignes \u00e9lectriques, les lignes t\u00e9l\u00e9phoniques<\/li>\n<li>Travaux de nettoyage, d\u00e9neigement, \u00e9lagage de branches<\/li>\n<li>Installation et r\u00e9paration d&#039;installations \u00e9lectriques, d&#039;incendie et de ventilation dans les grands b\u00e2timents : usines, entrep\u00f4ts, b\u00e2timents d&#039;utilit\u00e9 publique<\/li>\n<li>Installation de publicit\u00e9s grand format, par exemple des panneaux d&#039;affichage<\/li>\n<\/ul>\n<div style=\"width: 640px;\" class=\"wp-video\"><video id=\"video-1944-1\" width=\"640\" height=\"360\" poster=\"https:\/\/odk-ergon.pl\/wp-content\/uploads\/2023\/03\/20230127_031102_0000.jpg\" preload=\"metadata\" controls=\"controls\"><source type=\"video\/mp4\" src=\"https:\/\/odk-ergon.pl\/wp-content\/uploads\/2023\/03\/ACCEPTED-operator-podestow-4K-odk-ergon.mp4?_=1\" \/><a href=\"https:\/\/odk-ergon.pl\/wp-content\/uploads\/2023\/03\/ACCEPTED-operator-podestow-4K-odk-ergon.mp4\">https:\/\/odk-ergon.pl\/wp-content\/uploads\/2023\/03\/ACCEPTED-operator-podestow-4K-odk-ergon.mp4<\/a><\/video><\/div>\n<h2>Plates-formes mobiles Spiders - cours de service<\/h2>\n<p><a href=\"https:\/\/odk-ergon.pl\/wp-content\/uploads\/2021\/09\/podesty_ruchome_pajak_1.jpg\"><img loading=\"lazy\" decoding=\"async\" class=\"obrazekpadding alignright wp-image-1946 size-medium\" src=\"https:\/\/odk-ergon.pl\/wp-content\/uploads\/2021\/09\/podesty_ruchome_pajak_1-300x290.jpg\" alt=\"L&#039;utilisation de plates-formes mobiles &quot;araign\u00e9es&quot; : travaux de construction, de r\u00e9novation, d&#039;entretien, de r\u00e9paration\" width=\"300\" height=\"290\" srcset=\"https:\/\/odk-ergon.pl\/wp-content\/uploads\/2021\/09\/podesty_ruchome_pajak_1-300x290.jpg 300w, https:\/\/odk-ergon.pl\/wp-content\/uploads\/2021\/09\/podesty_ruchome_pajak_1-768x742.jpg 768w, https:\/\/odk-ergon.pl\/wp-content\/uploads\/2021\/09\/podesty_ruchome_pajak_1-624x603.jpg 624w, https:\/\/odk-ergon.pl\/wp-content\/uploads\/2021\/09\/podesty_ruchome_pajak_1.jpg 949w\" sizes=\"auto, (max-width: 300px) 100vw, 300px\" \/><\/a>Le cours destin\u00e9 aux op\u00e9rateurs de plates-formes mobiles de type araign\u00e9e est une pr\u00e9paration \u00e0 l'examen d'\u00c9tat, organis\u00e9 par l'UDT. Les formations ont un programme \u00e9labor\u00e9 en accord avec l'Office, co\u00efncidant avec les exigences de l'examen. A la fin des cours, un examen devant la commission UDT a lieu, men\u00e9 en collaboration avec le Centre (fixation des dates, inscription des participants).<\/p>\n<ul>\n<li>Nous organisons des formations ouvertes \u00e0 diff\u00e9rents niveaux d&#039;avancement. Les dates et lieux (Varsovie et autres grandes villes) sont r\u00e9guli\u00e8rement publi\u00e9s sur notre site internet. Les cours ont lieu pendant la semaine et le week-end, \u00e0 diff\u00e9rents moments, afin de faciliter l&#039;acquisition de connaissances \u00e9galement par les travailleurs<\/li>\n<li>Nous proposons aux employeurs l&#039;organisation de formations ferm\u00e9es, uniquement pour les salari\u00e9s de l&#039;entreprise. Avec de telles formations, la port\u00e9e et le nombre d&#039;heures sont ajust\u00e9s au client. Nous planifions des cours \u00e0 partir de z\u00e9ro ou pour des personnes ayant de l&#039;exp\u00e9rience<\/li>\n<li>Forme des cours : cours magistraux fixes ou en ligne (webinaires) et exercices pratiques. Les participants apprendront les r\u00e9glementations sur le fonctionnement des appareils, les r\u00e8gles de sant\u00e9 et de s\u00e9curit\u00e9 concernant le fonctionnement, la construction des \u00e9l\u00e9ments de plate-forme, puis auront la possibilit\u00e9 de mettre en pratique les comp\u00e9tences acquises dans la pratique sur le chantier de man\u0153uvre<\/li>\n<li>Afin de mieux pr\u00e9parer les participants \u00e0 l&#039;examen, nous v\u00e9rifions les connaissances des participants \u00e0 plusieurs reprises pendant le cours et nous effectuons notre propre test de placement avant l&#039;examen externe. Les participants au cours d&#039;op\u00e9rateur de plate-forme mobile peuvent en outre apprendre par eux-m\u00eames en utilisant notre plate-forme \u00e9ducative, o\u00f9 nous publions, entre autres, des exemples de questions d&#039;examen<\/li>\n<\/ul>\n<p>Les dipl\u00f4mes obtenus apr\u00e8s le cours de <a href=\"https:\/\/odk-ergon.pl\/fr\/szkolenia\/uprawnienia-udt-tdt\/podeste-ruchome\/\">plateformes mobiles<\/a> vous permettre de travailler dans toute la Pologne. Ils peuvent \u00e9galement \u00eatre valables \u00e0 l&#039;\u00e9tranger (v\u00e9rifier la r\u00e9glementation en vigueur dans un pays donn\u00e9 avant le d\u00e9part).<\/p>\n<p>Si vous avez des questions suppl\u00e9mentaires sur les cours de la plateforme mobile (prix, programme, probl\u00e8mes d&#039;organisation), nous vous encourageons \u00e0 lire les informations sur le site Web <a href=\"https:\/\/odk-ergon.pl\/fr\/faq\/\">FAQ<\/a>.<\/p>\n<p><a href=\"https:\/\/odk-ergon.pl\/wp-content\/uploads\/2022\/11\/Szablon-odk-ergon.png\"><img loading=\"lazy\" decoding=\"async\" class=\"aligncenter wp-image-2567\" src=\"https:\/\/odk-ergon.pl\/wp-content\/uploads\/2022\/11\/Szablon-odk-ergon-300x175.png\" alt=\"\" width=\"750\" height=\"438\" srcset=\"https:\/\/odk-ergon.pl\/wp-content\/uploads\/2022\/11\/Szablon-odk-ergon-300x175.png 300w, https:\/\/odk-ergon.pl\/wp-content\/uploads\/2022\/11\/Szablon-odk-ergon-1024x597.png 1024w, https:\/\/odk-ergon.pl\/wp-content\/uploads\/2022\/11\/Szablon-odk-ergon-768x448.png 768w, https:\/\/odk-ergon.pl\/wp-content\/uploads\/2022\/11\/Szablon-odk-ergon-18x12.png 18w, https:\/\/odk-ergon.pl\/wp-content\/uploads\/2022\/11\/Szablon-odk-ergon-624x364.png 624w, https:\/\/odk-ergon.pl\/wp-content\/uploads\/2022\/11\/Szablon-odk-ergon.png 1200w\" sizes=\"auto, (max-width: 750px) 100vw, 750px\" \/><\/a><\/p>","protected":false},"excerpt":{"rendered":"<p>Posiadanie kwalifikacji zawodowych do obs\u0142ugi urz\u0105dze\u0144 transportu bliskiego &#8211; podest\u00f3w ruchomych jest wymagane przepisami Urz\u0119du Dozoru Technicznego. Zdobywanie tych uprawnie\u0144 odbywa si\u0119 na drodze egzaminu, sk\u0142adaj\u0105cego si\u0119 z testu i cz\u0119\u015bci praktycznej. Osobom, kt\u00f3re my\u015bl\u0105 o pracy z tymi popularnymi urz\u0105dzeniami proponujemy udzia\u0142 w szkoleniu, kt\u00f3re przygotuje ich do egzaminu od strony teoretycznej i praktycznej. Program i organizacja kursu zosta\u0142y zaprojektowane tak, aby zapewni\u0107 jak najwi\u0119ksz\u0105 skuteczno\u015b\u0107 w zdawaniu egzaminu pa\u0144stwowego. Podesty ruchome przejezdne: przewo\u017ane &#8211; informacje To rodzaj podest\u00f3w ruchomych powszechnie wykorzystywanych w pracach budowlanych, monta\u017cowych, remontowych. O popularno\u015bci podest\u00f3w przewo\u017anych (tzw. paj\u0105k\u00f3w) decyduje kilka czynnik\u00f3w. Przede wszystkim urz\u0105dzenia te s\u0105 cenione ze wzgl\u0119du na niewielkie rozmiary i wag\u0119 &#8211; ich podesty s\u0105 stosunkowo w\u0105skie, co pozwala im dotrze\u0107 w miejsca, w kt\u00f3re trudno jest dosta\u0107 si\u0119 wi\u0119kszymi urz\u0105dzeniami. Te cechy pozwalaj\u0105 na korzystanie z podest\u00f3w ruchomych \u201cpaj\u0105k\u00f3w\u201d tak\u017ce wewn\u0105trz budynk\u00f3w, na przyk\u0142ad przy pracach remontowych, malowaniu \u015bcian i sufit\u00f3w, konserwacji zabytk\u00f3w. S\u0105 jednocze\u015bnie wyposa\u017cone albo w du\u017ce gumowe ko\u0142a, albo w g\u0105sienice, co u\u0142atwia prac\u0119 w trudnym terenie o du\u017cym nachyleniu. Mimo niewielkiego rozmiaru, wysoko\u015b\u0107 robocza platformy jest do\u015b\u0107 du\u017ca, nawet do kilkudziesi\u0119ciu metr\u00f3w. \u201cPaj\u0105ki\u201d wykorzystuje si\u0119 mi\u0119dzy innymi do: Monta\u017cu element\u00f3w na zewn\u0105trz budynk\u00f3w: dach\u00f3w, rynien, balustrad balkonowych Monta\u017cu element\u00f3w konstrukcji masztowych, wie\u017cowych, mostowych Przeprowadzania kontroli budynk\u00f3w i budowli Prac remontowych i konserwacyjnych w budynkach \u2013 na zewn\u0105trz i wewn\u0105trz Napraw o\u015bwietlenia, linii energetycznych, linii telefonicznych Prac porz\u0105dkowych, od\u015bnie\u017cania, przycinania ga\u0142\u0119zi Monta\u017cu i napraw instalacji elektrycznych, przeciwpo\u017carowych, wentylacyjnych w du\u017cych budynkach: fabrykach, magazynach, budynkach u\u017cyteczno\u015bci publicznej Monta\u017cu reklam wielkoformatowych, np. billboard\u00f3w Podesty [&hellip;]<\/p>\n","protected":false},"author":1,"featured_media":1947,"parent":1828,"menu_order":0,"comment_status":"closed","ping_status":"closed","template":"","meta":{"sfsi_plus_gutenberg_text_before_share":"","sfsi_plus_gutenberg_show_text_before_share":"","sfsi_plus_gutenberg_icon_type":"","sfsi_plus_gutenberg_icon_alignemt":"","sfsi_plus_gutenburg_max_per_row":"","footnotes":""},"class_list":["post-1944","page","type-page","status-publish","has-post-thumbnail","hentry","has_thumb"],"aioseo_notices":[],"_links":{"self":[{"href":"https:\/\/odk-ergon.pl\/fr\/wp-json\/wp\/v2\/pages\/1944","targetHints":{"allow":["GET"]}}],"collection":[{"href":"https:\/\/odk-ergon.pl\/fr\/wp-json\/wp\/v2\/pages"}],"about":[{"href":"https:\/\/odk-ergon.pl\/fr\/wp-json\/wp\/v2\/types\/page"}],"author":[{"embeddable":true,"href":"https:\/\/odk-ergon.pl\/fr\/wp-json\/wp\/v2\/users\/1"}],"replies":[{"embeddable":true,"href":"https:\/\/odk-ergon.pl\/fr\/wp-json\/wp\/v2\/comments?post=1944"}],"version-history":[{"count":7,"href":"https:\/\/odk-ergon.pl\/fr\/wp-json\/wp\/v2\/pages\/1944\/revisions"}],"predecessor-version":[{"id":3093,"href":"https:\/\/odk-ergon.pl\/fr\/wp-json\/wp\/v2\/pages\/1944\/revisions\/3093"}],"up":[{"embeddable":true,"href":"https:\/\/odk-ergon.pl\/fr\/wp-json\/wp\/v2\/pages\/1828"}],"wp:featuredmedia":[{"embeddable":true,"href":"https:\/\/odk-ergon.pl\/fr\/wp-json\/wp\/v2\/media\/1947"}],"wp:attachment":[{"href":"https:\/\/odk-ergon.pl\/fr\/wp-json\/wp\/v2\/media?parent=1944"}],"curies":[{"name":"wp","href":"https:\/\/api.w.org\/{rel}","templated":true}]}}