{"id":1952,"date":"2021-09-28T22:00:07","date_gmt":"2021-09-28T21:00:07","guid":{"rendered":"https:\/\/odk-ergon.pl\/?page_id=1952"},"modified":"2023-03-13T10:37:40","modified_gmt":"2023-03-13T09:37:40","slug":"plates-formes-aeriennes","status":"publish","type":"page","link":"https:\/\/odk-ergon.pl\/fr\/szkolenia\/uprawnienia-udt-tdt\/podnosniki-koszowe\/","title":{"rendered":"Un cours pour les nacelles \u00e9l\u00e9vatrices avec l&#039;examen UDT"},"content":{"rendered":"<p><a href=\"https:\/\/odk-ergon.pl\/wp-content\/uploads\/2021\/09\/podnosnik_koszowy_1.jpg\"><img loading=\"lazy\" decoding=\"async\" class=\"obrazekpadding alignleft wp-image-1954 size-medium\" src=\"https:\/\/odk-ergon.pl\/wp-content\/uploads\/2021\/09\/podnosnik_koszowy_1-300x195.jpg\" alt=\"Les tableaux ne peuvent \u00eatre exploit\u00e9s que par des personnes ayant r\u00e9ussi l&#039;examen et poss\u00e9dant les qualifications UDT\" width=\"300\" height=\"195\" srcset=\"https:\/\/odk-ergon.pl\/wp-content\/uploads\/2021\/09\/podnosnik_koszowy_1-300x195.jpg 300w, https:\/\/odk-ergon.pl\/wp-content\/uploads\/2021\/09\/podnosnik_koszowy_1-1024x666.jpg 1024w, https:\/\/odk-ergon.pl\/wp-content\/uploads\/2021\/09\/podnosnik_koszowy_1-768x499.jpg 768w, https:\/\/odk-ergon.pl\/wp-content\/uploads\/2021\/09\/podnosnik_koszowy_1-624x406.jpg 624w, https:\/\/odk-ergon.pl\/wp-content\/uploads\/2021\/09\/podnosnik_koszowy_1.jpg 1513w\" sizes=\"auto, (max-width: 300px) 100vw, 300px\" \/><\/a>Ces classes sont destin\u00e9es aux personnes de tout niveau de comp\u00e9tence lorsqu&#039;il s&#039;agit de g\u00e9rer les augmentations. Les formations sont organis\u00e9es en groupes pour les d\u00e9butants et pour les personnes ayant d\u00e9j\u00e0 manipul\u00e9 des remont\u00e9es m\u00e9caniques. Les participants ont la possibilit\u00e9 d&#039;acqu\u00e9rir des connaissances th\u00e9oriques et de les compl\u00e9ter par des comp\u00e9tences pratiques d&#039;exploitation. Une telle pr\u00e9paration leur permet non seulement de passer l&#039;examen d&#039;\u00c9tat \u00e0 la fin du cours, mais \u00e9galement de commencer \u00e0 travailler pratiquement imm\u00e9diatement apr\u00e8s l&#039;obtention de leur dipl\u00f4me.<\/p>\n<h2>Cours : nacelles \u00e9l\u00e9vatrices - cours des classes<\/h2>\n<p>Les cours th\u00e9oriques sont dispens\u00e9s sous forme de conf\u00e9rences (\u00e9galement disponibles en ligne - webinaires en direct). Les instructeurs fournissent des connaissances d&#039;une mani\u00e8re qui active les participants et leur enseignent comment construire des \u00e9l\u00e9ments individuels des ascenseurs, utiliser les instructions d&#039;utilisation, ils informent sur les r\u00e8gles de s\u00e9curit\u00e9, les r\u00e8gles d&#039;inspection technique, la stabilit\u00e9 et la r\u00e9sistance des plates-formes de paniers. Les personnes qui terminent la partie th\u00e9orique peuvent participer \u00e0 des cours pratiques sur le chantier de man\u0153uvre. Ces exercices sont l&#039;occasion d&#039;apprendre \u00e0 utiliser les nacelles \u00e9l\u00e9vatrices et de s&#039;initier aux r\u00e8gles d&#039;hygi\u00e8ne et de s\u00e9curit\u00e9.<\/p>\n<p>Le programme de cours pour les remont\u00e9es est conforme aux exigences de l'UDT et tient compte de la mati\u00e8re requise pour l'examen externe.<\/p>\n<div class=\"filmw\">\n<div class=\"responsive-youtube\" style=\"text-align: center;\"><iframe loading=\"lazy\" title=\"Lecteur vid\u00e9o YouTube\" src=\"https:\/\/www.youtube.com\/embed\/CLZn05fOBfI\" width=\"560\" height=\"315\" frameborder=\"0\" allowfullscreen=\"allowfullscreen\"><\/iframe><\/div>\n<\/div>\n<p><strong>Informations pratiques:<\/strong><\/p>\n<ul>\n<li>Dur\u00e9e : le nombre d&#039;heures de cours varie de 10 \u00e0 environ 20, selon le niveau d&#039;avancement des participants et le niveau de connaissances \u00e0 leur enseigner. La dur\u00e9e et l&#039;\u00e9tendue de la formation sont convenues et peuvent \u00eatre prolong\u00e9es ou raccourcies en fonction des besoins du groupe \/ de l&#039;\u00e9tudiant.<\/li>\n<li>Exigences\u00a0: les participants doivent avoir une formation de base minimale d&#039;au moins 18\u00a0ans et un \u00e9tat de sant\u00e9 leur permettant d&#039;exercer un travail (une d\u00e9claration ou un certificat d&#039;un m\u00e9decin du travail indiquant qu&#039;il n&#039;y a pas de contre-indications au travail en hauteur et psychophysique aptitude)<\/li>\n<li>Lieu : villes o\u00f9 se d\u00e9roulent les cours de nacelles \u00e9l\u00e9vatrices : Varsovie, Cracovie, Katowice et autres grandes villes. A la demande de l&#039;entreprise, le Centre peut organiser des formations ferm\u00e9es pour ses salari\u00e9s.<\/li>\n<li><a href=\"https:\/\/odk-ergon.pl\/fr\/cennik\/\">Prix<\/a> Comprend : un nombre sp\u00e9cifique d'heures de th\u00e9orie et de pratique, des supports de cours sur une plateforme en ligne (y compris des tests avec des exemples de questions), un certificat de fin de cours, des rafra\u00eechissements pendant les pauses caf\u00e9, le passage de l'examen devant la commission UDT.<\/li>\n<\/ul>\n<div style=\"width: 640px;\" class=\"wp-video\"><video id=\"video-1952-1\" width=\"640\" height=\"360\" poster=\"https:\/\/odk-ergon.pl\/wp-content\/uploads\/2023\/03\/20230127_031102_0000.jpg\" preload=\"metadata\" controls=\"controls\"><source type=\"video\/mp4\" src=\"https:\/\/odk-ergon.pl\/wp-content\/uploads\/2023\/03\/ACCEPTED-operator-podestow-4K-odk-ergon.mp4?_=1\" \/><a href=\"https:\/\/odk-ergon.pl\/wp-content\/uploads\/2023\/03\/ACCEPTED-operator-podestow-4K-odk-ergon.mp4\">https:\/\/odk-ergon.pl\/wp-content\/uploads\/2023\/03\/ACCEPTED-operator-podestow-4K-odk-ergon.mp4<\/a><\/video><\/div>\n<h2>Quelles sont les possibilit\u00e9s du cours de nacelle \u00e9l\u00e9vatrice ?<\/h2>\n<p><a href=\"https:\/\/odk-ergon.pl\/wp-content\/uploads\/2021\/09\/podnosnik_koszowy_2.jpg\"><img loading=\"lazy\" decoding=\"async\" class=\"obrazekpadding alignleft wp-image-1953 size-medium\" src=\"https:\/\/odk-ergon.pl\/wp-content\/uploads\/2021\/09\/podnosnik_koszowy_2-300x200.jpg\" alt=\"Les plates-formes \u00e9l\u00e9vatrices sont des appareils de manutention qui doivent \u00eatre exploit\u00e9s avec une licence\" width=\"300\" height=\"200\" srcset=\"https:\/\/odk-ergon.pl\/wp-content\/uploads\/2021\/09\/podnosnik_koszowy_2-300x200.jpg 300w, https:\/\/odk-ergon.pl\/wp-content\/uploads\/2021\/09\/podnosnik_koszowy_2-1024x683.jpg 1024w, https:\/\/odk-ergon.pl\/wp-content\/uploads\/2021\/09\/podnosnik_koszowy_2-768x512.jpg 768w, https:\/\/odk-ergon.pl\/wp-content\/uploads\/2021\/09\/podnosnik_koszowy_2-624x416.jpg 624w, https:\/\/odk-ergon.pl\/wp-content\/uploads\/2021\/09\/podnosnik_koszowy_2.jpg 1451w\" sizes=\"auto, (max-width: 300px) 100vw, 300px\" \/><\/a>La formation des op\u00e9rateurs se termine par un examen d&#039;Etat, qui est pass\u00e9 devant la commission de l&#039;Office de l&#039;Inspection Technique. Cet examen en deux parties (th\u00e9orie et pratique) est une exigence essentielle pour ceux qui veulent se qualifier pour des mont\u00e9es et travailler avec cet appareil.<\/p>\n<p>Le certificat de qualification d\u00e9livr\u00e9 par l&#039;UDT est valable 5 ans et donne la possibilit\u00e9 d&#039;occuper un poste d&#039;op\u00e9rateur d&#039;ascenseur. Avec de telles qualifications, vous pouvez trouver un emploi dans les entreprises de construction et de r\u00e9novation, les entreprises \u00e9nerg\u00e9tiques et autres unit\u00e9s municipales, les entreprises sp\u00e9cialis\u00e9es dans la publicit\u00e9 grand format ou fournissant des services d&#039;entretien vert. Les qualifications sont \u00e9galement n\u00e9cessaires lorsque vous dirigez votre propre entreprise qui effectue des travaux avec l&#039;utilisation d&#039;al\u00e9sages. Le certificat d\u00e9livr\u00e9 par l&#039;UDT doit \u00e9galement \u00eatre pr\u00e9sent\u00e9 lors de la location de l&#039;appareil aupr\u00e8s du loueur de mat\u00e9riel.<\/p>\n<p><a href=\"https:\/\/odk-ergon.pl\/wp-content\/uploads\/2022\/11\/Szablon-odk-ergon.png\"><img loading=\"lazy\" decoding=\"async\" class=\"aligncenter wp-image-2567\" src=\"https:\/\/odk-ergon.pl\/wp-content\/uploads\/2022\/11\/Szablon-odk-ergon-300x175.png\" alt=\"\" width=\"750\" height=\"438\" srcset=\"https:\/\/odk-ergon.pl\/wp-content\/uploads\/2022\/11\/Szablon-odk-ergon-300x175.png 300w, https:\/\/odk-ergon.pl\/wp-content\/uploads\/2022\/11\/Szablon-odk-ergon-1024x597.png 1024w, https:\/\/odk-ergon.pl\/wp-content\/uploads\/2022\/11\/Szablon-odk-ergon-768x448.png 768w, https:\/\/odk-ergon.pl\/wp-content\/uploads\/2022\/11\/Szablon-odk-ergon-18x12.png 18w, https:\/\/odk-ergon.pl\/wp-content\/uploads\/2022\/11\/Szablon-odk-ergon-624x364.png 624w, https:\/\/odk-ergon.pl\/wp-content\/uploads\/2022\/11\/Szablon-odk-ergon.png 1200w\" sizes=\"auto, (max-width: 750px) 100vw, 750px\" \/><\/a><\/p>\n<p>&nbsp;<\/p>","protected":false},"excerpt":{"rendered":"<p>To zaj\u0119cia przeznaczone dla os\u00f3b na dowolnym poziomie zaawansowania, je\u015bli chodzi o obs\u0142ug\u0119 zwy\u017cek. Szkolenia s\u0105 organizowane w grupach dla pocz\u0105tkuj\u0105cych oraz dla os\u00f3b, kt\u00f3re mia\u0142y ju\u017c do czynienia z podno\u015bnikami. Uczestnicy maj\u0105 mo\u017cliwo\u015b\u0107 zdobycia wiedzy teoretycznej i uzupe\u0142nienia jej o praktyczne umiej\u0119tno\u015bci obs\u0142ugi. Takie przygotowanie pozwala im nie tylko na podej\u015bcie do egzaminu pa\u0144stwowego na koniec kursu, ale tak\u017ce na podj\u0119cie pracy praktycznie zaraz po zako\u0144czeniu nauki. Kurs: podno\u015bniki koszowe \u2013 przebieg zaj\u0119\u0107 Zaj\u0119cia teoretyczne s\u0105 prowadzone w formie wyk\u0142ad\u00f3w (dost\u0119pna tak\u017ce forma online \u2013 webinary na \u017cywo). Instruktorzy przekazuj\u0105 wiedz\u0119 w spos\u00f3b aktywizuj\u0105cy uczestnik\u00f3w i ucz\u0105 ich budowy poszczeg\u00f3lnych element\u00f3w zwy\u017cek, korzystania z instrukcji obs\u0142ugi informuj\u0105 o zasadach bezpiecze\u0144stwa, przepisach dozoru technicznego, o stateczno\u015bci i wytrzyma\u0142o\u015bci podest\u00f3w koszowych. Osoby, kt\u00f3re uko\u0144cz\u0105 cz\u0119\u015b\u0107 teoretyczn\u0105, mog\u0105 wzi\u0105\u0107 udzia\u0142 w zaj\u0119ciach praktycznych na placu manewrowym. Takie \u0107wiczenia to okazja do nauki obs\u0142ugi podno\u015bnik\u00f3w koszowych oraz do poznania zasad BHP. Program kursu na zwy\u017cki jest zgodny z wymogami UDT i uwzgl\u0119dnia materia\u0142 wymagany na egzaminie zewn\u0119trznym. Informacje praktyczne: Czas trwania: liczba godzin zaj\u0119\u0107 wynosi od 10 do oko\u0142o 20, w zale\u017cno\u015bci od tego, jaki jest stopie\u0144 zaawansowania uczestnik\u00f3w i ile wiedzy trzeba im przekaza\u0107. Czas i zakres szkolenia jest uzgodniony i mo\u017ce zosta\u0107 wyd\u0142u\u017cony lub skr\u00f3cony wg potrzeb grupy\/kursanta. Wymagania: od uczestnik\u00f3w wymaga si\u0119 wykszta\u0142cenia minimum podstawowego, uko\u0144czonych 18 lat i stanu zdrowia pozwalaj\u0105cego na wykonywanie pracy (o\u015bwiadczenie lub za\u015bwiadczenie od lekarza medycyny pracy o braku przeciwskaza\u0144 do pracy na wysoko\u015bci oraz sprawno\u015bci psychofizycznej) Lokalizacja: miasta, w kt\u00f3rych odbywaj\u0105 si\u0119 kursy na podno\u015bniki koszowe: Warszawa, Krak\u00f3w, Katowice [&hellip;]<\/p>\n","protected":false},"author":1,"featured_media":1954,"parent":1828,"menu_order":0,"comment_status":"closed","ping_status":"closed","template":"","meta":{"sfsi_plus_gutenberg_text_before_share":"","sfsi_plus_gutenberg_show_text_before_share":"","sfsi_plus_gutenberg_icon_type":"","sfsi_plus_gutenberg_icon_alignemt":"","sfsi_plus_gutenburg_max_per_row":"","footnotes":""},"class_list":["post-1952","page","type-page","status-publish","has-post-thumbnail","hentry","has_thumb"],"aioseo_notices":[],"_links":{"self":[{"href":"https:\/\/odk-ergon.pl\/fr\/wp-json\/wp\/v2\/pages\/1952","targetHints":{"allow":["GET"]}}],"collection":[{"href":"https:\/\/odk-ergon.pl\/fr\/wp-json\/wp\/v2\/pages"}],"about":[{"href":"https:\/\/odk-ergon.pl\/fr\/wp-json\/wp\/v2\/types\/page"}],"author":[{"embeddable":true,"href":"https:\/\/odk-ergon.pl\/fr\/wp-json\/wp\/v2\/users\/1"}],"replies":[{"embeddable":true,"href":"https:\/\/odk-ergon.pl\/fr\/wp-json\/wp\/v2\/comments?post=1952"}],"version-history":[{"count":6,"href":"https:\/\/odk-ergon.pl\/fr\/wp-json\/wp\/v2\/pages\/1952\/revisions"}],"predecessor-version":[{"id":3096,"href":"https:\/\/odk-ergon.pl\/fr\/wp-json\/wp\/v2\/pages\/1952\/revisions\/3096"}],"up":[{"embeddable":true,"href":"https:\/\/odk-ergon.pl\/fr\/wp-json\/wp\/v2\/pages\/1828"}],"wp:featuredmedia":[{"embeddable":true,"href":"https:\/\/odk-ergon.pl\/fr\/wp-json\/wp\/v2\/media\/1954"}],"wp:attachment":[{"href":"https:\/\/odk-ergon.pl\/fr\/wp-json\/wp\/v2\/media?parent=1952"}],"curies":[{"name":"wp","href":"https:\/\/api.w.org\/{rel}","templated":true}]}}