{"id":1959,"date":"2021-09-29T23:02:04","date_gmt":"2021-09-29T22:02:04","guid":{"rendered":"https:\/\/odk-ergon.pl\/?page_id=1959"},"modified":"2022-11-24T14:31:49","modified_gmt":"2022-11-24T13:31:49","slug":"nacelles-nacelles-nacelles-ciseaux","status":"publish","type":"page","link":"https:\/\/odk-ergon.pl\/fr\/szkolenia\/uprawnienia-udt-tdt\/boom-lifts-scissor-lifts\/","title":{"rendered":"Nacelles \u00e0 fl\u00e8che et nacelles \u00e0 ciseaux - le cours se termine par un examen pour l&#039;autorisation de travailler \u00e0 l&#039;\u00e9tranger"},"content":{"rendered":"<p><a href=\"https:\/\/odk-ergon.pl\/wp-content\/uploads\/2021\/09\/podnosnik_koszowy_3.jpg\"><img loading=\"lazy\" decoding=\"async\" class=\"obrazekpadding wp-image-1963 size-medium alignleft\" src=\"https:\/\/odk-ergon.pl\/wp-content\/uploads\/2021\/09\/podnosnik_koszowy_3-300x200.jpg\" alt=\"En utilisant des nacelles \u00e9l\u00e9vatrices et des nacelles \u00e0 ciseaux, vous pouvez facilement effectuer un certain nombre de travaux en hauteur\" width=\"300\" height=\"200\" srcset=\"https:\/\/odk-ergon.pl\/wp-content\/uploads\/2021\/09\/podnosnik_koszowy_3-300x200.jpg 300w, https:\/\/odk-ergon.pl\/wp-content\/uploads\/2021\/09\/podnosnik_koszowy_3-1024x683.jpg 1024w, https:\/\/odk-ergon.pl\/wp-content\/uploads\/2021\/09\/podnosnik_koszowy_3-768x512.jpg 768w, https:\/\/odk-ergon.pl\/wp-content\/uploads\/2021\/09\/podnosnik_koszowy_3-624x416.jpg 624w, https:\/\/odk-ergon.pl\/wp-content\/uploads\/2021\/09\/podnosnik_koszowy_3.jpg 1493w\" sizes=\"auto, (max-width: 300px) 100vw, 300px\" \/><\/a>Ce programme de formation a \u00e9t\u00e9 cr\u00e9\u00e9 conform\u00e9ment aux normes ISO PEMP 18878\u00a0: 2013, ici o\u00f9 nous \u00e9crivons sur cette norme \u00e0 partir du fichier de normes et des normes du groupe OMHEC. Cela signifie qu&#039;il convient aux personnes qui souhaitent travailler \u00e0 l&#039;\u00e9tranger sur terre ou en mer. Le cours se termine par un examen men\u00e9 par des instructeurs accr\u00e9dit\u00e9s, et la r\u00e9ussite de l&#039;examen vous permet d&#039;obtenir un certificat n\u00e9cessaire pour travailler en Norv\u00e8ge, en Su\u00e8de, au Danemark ou en Grande-Bretagne. Notre offre s&#039;adresse aussi bien aux d\u00e9butants dans le m\u00e9tier d&#039;op\u00e9rateur de nacelles \u00e9l\u00e9vatrices et ciseaux, qu&#039;aux personnes exp\u00e9riment\u00e9es ayant <a href=\"https:\/\/odk-ergon.pl\/fr\/szkolenia\/szkolenia-na-suwnice\/uprawnienia\/\">Dipl\u00f4mes UDT<\/a>.<\/p>\n<p>Le lieu o\u00f9 se d\u00e9roulent les cours th\u00e9oriques et pratiques est le si\u00e8ge du Centre \u00e0 Varsovie. Les personnes qui ne peuvent pas participer aux cours th\u00e9oriques en classe peuvent le faire \u00e0 distance, sous forme de e-learning.<\/p>\n<div class=\"filmw\">\n<div class=\"responsive-youtube\" style=\"text-align: center;\"><iframe loading=\"lazy\" title=\"Lecteur vid\u00e9o YouTube\" src=\"https:\/\/www.youtube.com\/embed\/CLZn05fOBfI\" width=\"560\" height=\"315\" frameborder=\"0\" allowfullscreen=\"allowfullscreen\"><\/iframe><\/div>\n<\/div>\n<h2>Possibilit\u00e9s de travailler avec un certificat apr\u00e8s la formation<\/h2>\n<p>La r\u00e9ception du certificat sous forme \u00e9lectronique vous donne le droit de travailler dans les pays associ\u00e9s au groupe OMHEC, \u00e0 savoir la Norv\u00e8ge, la Su\u00e8de, le Danemark et la Grande-Bretagne. L&#039;OMHEC est une organisation qui respecte les normes et la s\u00e9curit\u00e9 du travail en hauteur en mer, ces pouvoirs s&#039;appliquent donc non seulement \u00e0 terre, mais aussi, par exemple, sur les plates-formes p\u00e9troli\u00e8res.<\/p>\n<p>Une attestation est exig\u00e9e pour les travaux \u00e0 plus de 2 m\u00e8tres de hauteur : montage, entretien ou construction. Cela offre de belles opportunit\u00e9s d&#039;emploi. En plus des travaux susmentionn\u00e9s sur les plates-formes de forage, vous pouvez utiliser des nacelles \u00e9l\u00e9vatrices \u00e0 panier et \u00e0 ciseaux (nom anglais couramment utilis\u00e9\u00a0: nacelles \u00e9l\u00e9vatrices, nacelles \u00e0 ciseaux) sur des chantiers de construction, dans des entreprises de montage d&#039;installations, de r\u00e9parations d&#039;\u00e9clairage, de construction d&#039;usines et de halls d&#039;entrep\u00f4t, et m\u00eame dans des soci\u00e9t\u00e9s de publicit\u00e9 ou fournissant des services d&#039;entretien de la verdure.<\/p>\n<p><strong>Les participants re\u00e7oivent des certificats sous forme de carte plastique avec photo et\/ou un certificat sous forme papier.<\/strong><\/p>\n<ul>\n<li>Le certificat est valable 1 \u00e0 3 ans \u00e0 compter de sa d\u00e9livrance. La dur\u00e9e de validit\u00e9 de la carte \/ du certificat r\u00e9sulte, entre autres, de la forme de la formation, les r\u00e9sultats des tests, y compris la v\u00e9rification des connaissances et des comp\u00e9tences.<\/li>\n<\/ul>\n<p><strong><a href=\"https:\/\/odk-ergon.pl\/wp-content\/uploads\/2021\/09\/podnosnik_koszowy_4.jpg\"><img loading=\"lazy\" decoding=\"async\" class=\"obrazekpadding wp-image-1962 size-medium alignright\" src=\"https:\/\/odk-ergon.pl\/wp-content\/uploads\/2021\/09\/podnosnik_koszowy_4-193x300.jpg\" alt=\"La nacelle \u00e0 ciseaux et la nacelle \u00e9l\u00e9vatrice \u00e0 l&#039;\u00e9tranger ne peuvent \u00eatre utilis\u00e9es que par une personne autoris\u00e9e\" width=\"193\" height=\"300\" srcset=\"https:\/\/odk-ergon.pl\/wp-content\/uploads\/2021\/09\/podnosnik_koszowy_4-193x300.jpg 193w, https:\/\/odk-ergon.pl\/wp-content\/uploads\/2021\/09\/podnosnik_koszowy_4-659x1024.jpg 659w, https:\/\/odk-ergon.pl\/wp-content\/uploads\/2021\/09\/podnosnik_koszowy_4-768x1194.jpg 768w, https:\/\/odk-ergon.pl\/wp-content\/uploads\/2021\/09\/podnosnik_koszowy_4-624x970.jpg 624w, https:\/\/odk-ergon.pl\/wp-content\/uploads\/2021\/09\/podnosnik_koszowy_4.jpg 980w\" sizes=\"auto, (max-width: 193px) 100vw, 193px\" \/><\/a>Les informations les plus importantes sur le cours<\/strong><\/p>\n<ul>\n<li>Programme des cours : les questions soulev\u00e9es par les instructeurs portent, entre autres, sur les types d&#039;ascenseurs et leur utilisation, la construction des plates-formes, des fl\u00e8ches, des ch\u00e2ssis, les r\u00e8gles de s\u00e9curit\u00e9, les r\u00e8gles de proc\u00e9dure en cas d&#039;accidents et de pannes, les m\u00e9thodes de stabilisation des augmentations.<\/li>\n<li>Participants: le cours peut \u00eatre suivi par des personnes sans exp\u00e9rience en tant qu&#039;op\u00e9rateur d&#039;ascenseur et des personnes ayant de l&#039;exp\u00e9rience et des licences UDT polonaises. Selon le niveau d&#039;avancement, nous orientons les participants vers les groupes appropri\u00e9s \u00e0 l&#039;\u00e9tape de l&#039;inscription. Les personnes non dipl\u00f4m\u00e9es de l&#039;UDT peuvent participer \u00e0 nos autres formations (<\/li>\n<li>Dur\u00e9e : La dur\u00e9e de la partie th\u00e9orique est d&#039;environ 8 \u00e0 16 heures. Dans le cas de la partie pratique, la dur\u00e9e peut \u00eatre diff\u00e9rente - cela d\u00e9pend de l&#039;exp\u00e9rience du participant dans l&#039;utilisation des plateformes mobiles. Le temps total de formation peut \u00e9galement varier en fonction du type de plateforme sur laquelle la formation est organis\u00e9e.<\/li>\n<li>Examen : les personnes qui souhaitent recevoir un certificat passent l&#039;examen organis\u00e9 par notre Centre \u00e0 la fin du cours. L&#039;examen comprend des parties th\u00e9oriques et pratiques. Une approche est incluse dans le prix du cours.<\/li>\n<li>Mode d&#039;inscription : l&#039;inscription peut se faire par t\u00e9l\u00e9phone ou par e-mail, ainsi que via le site internet <a href=\"http:\/\/www.platformaedukacji.pl\">platformedukacji.pl<\/a>sur lesquels il y a des dates actuelles.<\/li>\n<\/ul>\n<p><a href=\"https:\/\/odk-ergon.pl\/wp-content\/uploads\/2022\/11\/Szablon-odk-ergon.png\"><img loading=\"lazy\" decoding=\"async\" class=\"aligncenter wp-image-2567\" src=\"https:\/\/odk-ergon.pl\/wp-content\/uploads\/2022\/11\/Szablon-odk-ergon-300x175.png\" alt=\"\" width=\"750\" height=\"438\" srcset=\"https:\/\/odk-ergon.pl\/wp-content\/uploads\/2022\/11\/Szablon-odk-ergon-300x175.png 300w, https:\/\/odk-ergon.pl\/wp-content\/uploads\/2022\/11\/Szablon-odk-ergon-1024x597.png 1024w, https:\/\/odk-ergon.pl\/wp-content\/uploads\/2022\/11\/Szablon-odk-ergon-768x448.png 768w, https:\/\/odk-ergon.pl\/wp-content\/uploads\/2022\/11\/Szablon-odk-ergon-18x12.png 18w, https:\/\/odk-ergon.pl\/wp-content\/uploads\/2022\/11\/Szablon-odk-ergon-624x364.png 624w, https:\/\/odk-ergon.pl\/wp-content\/uploads\/2022\/11\/Szablon-odk-ergon.png 1200w\" sizes=\"auto, (max-width: 750px) 100vw, 750px\" \/><\/a><\/p>\n<p>&nbsp;<\/p>","protected":false},"excerpt":{"rendered":"<p>To szkolenie, kt\u00f3rego program zosta\u0142 stworzony zgodnie z normami ISO MEWP 18878:2013 tu gdzie piszemy o tej normie z pliku normy oraz standardami grupy OMHEC. Oznacza to, \u017ce jest odpowiednie dla os\u00f3b, kt\u00f3re chc\u0105 pracowa\u0107 za granic\u0105 na l\u0105dzie lub na morzu. Kurs jest zako\u0144czony egzaminem przeprowadzanym przez akredytowanych instruktor\u00f3w, a zaliczenie egzaminu pozwala na uzyskanie certyfikatu potrzebnego do pracy w Norwegii, Szwecji, Danii lub Wielkiej Brytanii. Nasz\u0105 ofert\u0119 kierujemy zar\u00f3wno do os\u00f3b pocz\u0105tkuj\u0105cych w zawodzie operatora podno\u015bnik\u00f3w koszowych i no\u017cycowych, jak i do\u015bwiadczonych, posiadaj\u0105cych uprawnienia UDT. Miejsce, w kt\u00f3rym odbywaj\u0105 si\u0119 zaj\u0119cia teoretyczne i praktyczne, to siedziba O\u015brodka w Warszawie. Osoby, kt\u00f3re nie maj\u0105 mo\u017cliwo\u015bci udzia\u0142u w zaj\u0119ciach teoretycznych stacjonarnie, mog\u0105 zrealizowa\u0107 je zdalnie, w formie e-learningu. Mo\u017cliwo\u015bci pracy z certyfikatem po szkoleniu Otrzymanie certyfikatu w formie elektronicznej daje uprawnienia do pracy w krajach zrzeszonych w grupie OMHEC, czyli Norwegii, Szwecji, Danii i Wielkiej Brytanii. OMHEC to organizacja stoj\u0105ca na stra\u017cy standard\u00f3w i bezpiecze\u0144stwa w pracy na wysoko\u015bci na morzu, st\u0105d uprawnienia te obowi\u0105zuj\u0105 nie tylko na l\u0105dzie, ale tak\u017ce na przyk\u0142ad na platformach wiertniczych. Posiadanie certyfikatu jest wymagane w przypadku prac na wysoko\u015bci powy\u017cej 2 metr\u00f3w: monta\u017cowych, konserwacyjnych czy budowlanych. Daje to du\u017ce mo\u017cliwo\u015bci, je\u015bli chodzi o zatrudnienie. Opr\u00f3cz wspomnianych prac na platformach wiertniczych, mo\u017cna obs\u0142ugiwa\u0107 podno\u015bniki koszowe i no\u017cycowe (angloj\u0119zyczna, powszechnie u\u017cywana nazwa: boom lifts, scissor lifts) na budowach, w firmach zajmuj\u0105cych si\u0119 monta\u017cem instalacji, naprawami o\u015bwietlenia, budow\u0105 hal fabrycznych i magazynowych, a nawet w firmach reklamowych czy \u015bwiadcz\u0105cych us\u0142ugi piel\u0119gnacji zieleni. Uczestnicy otrzymuj\u0105 certyfikaty w formie karty plastikowej ze zdj\u0119ciem i\/lub [&hellip;]<\/p>\n","protected":false},"author":1,"featured_media":1963,"parent":1828,"menu_order":0,"comment_status":"closed","ping_status":"closed","template":"","meta":{"sfsi_plus_gutenberg_text_before_share":"","sfsi_plus_gutenberg_show_text_before_share":"","sfsi_plus_gutenberg_icon_type":"","sfsi_plus_gutenberg_icon_alignemt":"","sfsi_plus_gutenburg_max_per_row":"","footnotes":""},"class_list":["post-1959","page","type-page","status-publish","has-post-thumbnail","hentry","has_thumb"],"aioseo_notices":[],"_links":{"self":[{"href":"https:\/\/odk-ergon.pl\/fr\/wp-json\/wp\/v2\/pages\/1959","targetHints":{"allow":["GET"]}}],"collection":[{"href":"https:\/\/odk-ergon.pl\/fr\/wp-json\/wp\/v2\/pages"}],"about":[{"href":"https:\/\/odk-ergon.pl\/fr\/wp-json\/wp\/v2\/types\/page"}],"author":[{"embeddable":true,"href":"https:\/\/odk-ergon.pl\/fr\/wp-json\/wp\/v2\/users\/1"}],"replies":[{"embeddable":true,"href":"https:\/\/odk-ergon.pl\/fr\/wp-json\/wp\/v2\/comments?post=1959"}],"version-history":[{"count":5,"href":"https:\/\/odk-ergon.pl\/fr\/wp-json\/wp\/v2\/pages\/1959\/revisions"}],"predecessor-version":[{"id":2569,"href":"https:\/\/odk-ergon.pl\/fr\/wp-json\/wp\/v2\/pages\/1959\/revisions\/2569"}],"up":[{"embeddable":true,"href":"https:\/\/odk-ergon.pl\/fr\/wp-json\/wp\/v2\/pages\/1828"}],"wp:featuredmedia":[{"embeddable":true,"href":"https:\/\/odk-ergon.pl\/fr\/wp-json\/wp\/v2\/media\/1963"}],"wp:attachment":[{"href":"https:\/\/odk-ergon.pl\/fr\/wp-json\/wp\/v2\/media?parent=1959"}],"curies":[{"name":"wp","href":"https:\/\/api.w.org\/{rel}","templated":true}]}}