{"id":1976,"date":"2021-10-05T01:01:02","date_gmt":"2021-10-04T23:01:02","guid":{"rendered":"https:\/\/odk-ergon.pl\/?page_id=1976"},"modified":"2023-03-13T10:37:03","modified_gmt":"2023-03-13T09:37:03","slug":"plates-formes-mobiles-suspendues","status":"publish","type":"page","link":"https:\/\/odk-ergon.pl\/fr\/szkolenia\/uprawnienia-udt-tdt\/wiszace-podesty-ruchome\/","title":{"rendered":"Plates-formes mobiles suspendues - un cours pour les op\u00e9rateurs"},"content":{"rendered":"<p><a href=\"https:\/\/odk-ergon.pl\/wp-content\/uploads\/2021\/10\/podest_wiszacy_1.jpg\"><img loading=\"lazy\" decoding=\"async\" class=\"obrazekpadding alignleft wp-image-1977 size-medium\" src=\"https:\/\/odk-ergon.pl\/wp-content\/uploads\/2021\/10\/podest_wiszacy_1-300x200.jpg\" alt=\"Les op\u00e9rateurs de plates-formes mobiles suspendues sont employ\u00e9s dans des entreprises de construction, de r\u00e9novation et de montage\" width=\"300\" height=\"200\" srcset=\"https:\/\/odk-ergon.pl\/wp-content\/uploads\/2021\/10\/podest_wiszacy_1-300x200.jpg 300w, https:\/\/odk-ergon.pl\/wp-content\/uploads\/2021\/10\/podest_wiszacy_1-1024x683.jpg 1024w, https:\/\/odk-ergon.pl\/wp-content\/uploads\/2021\/10\/podest_wiszacy_1-768x512.jpg 768w, https:\/\/odk-ergon.pl\/wp-content\/uploads\/2021\/10\/podest_wiszacy_1-624x416.jpg 624w, https:\/\/odk-ergon.pl\/wp-content\/uploads\/2021\/10\/podest_wiszacy_1.jpg 1527w\" sizes=\"auto, (max-width: 300px) 100vw, 300px\" \/><\/a>Nous recommandons la participation au cours \u00e0 tous ceux qui souhaitent obtenir des qualifications dans la profession en demande sur le march\u00e9 du travail. Nous n&#039;avons pas besoin d&#039;exp\u00e9rience - nous cr\u00e9ons \u00e9galement des groupes pour les d\u00e9butants. La formation \u00e0 l&#039;utilisation des plates-formes mobiles suspendues a pour objectif la meilleure pr\u00e9paration possible \u00e0 l&#039;examen d&#039;\u00c9tat UDT pour les qualifications professionnelles.<\/p>\n<p>Gr\u00e2ce au programme d&#039;\u00e9tudes conforme aux exigences des examens, \u00e0 l&#039;exp\u00e9rience de nos instructeurs et \u00e0 une m\u00e9thode accessible de conduite des cours mettant l&#039;accent sur la pratique, nous pouvons nous vanter d&#039;un taux de r\u00e9ussite \u00e9lev\u00e9 pendant de nombreuses ann\u00e9es.<\/p>\n<h2>Cours de plateformes mobiles suspendues<\/h2>\n<p>Les cours se d\u00e9roulent sous forme de cours magistraux et d&#039;exercices pratiques. Les participants ont la possibilit\u00e9 de se renseigner sur des questions telles que :<\/p>\n<ul>\n<li>Construction d&#039;une plate-forme suspendue mobile<\/li>\n<li>Pr\u00e9paration de l&#039;op\u00e9rateur, de l&#039;appareil et du poste de travail<\/li>\n<li>R\u00e8gles de s\u00e9curit\u00e9 : s\u00e9lection du site, \u00e9valuation des conditions, exploitation en toute s\u00e9curit\u00e9<\/li>\n<li>R\u00e8glement de contr\u00f4le technique<\/li>\n<\/ul>\n<div class=\"filmw\">\n<div class=\"responsive-youtube\" style=\"text-align: center;\"><iframe loading=\"lazy\" title=\"Lecteur vid\u00e9o YouTube\" src=\"https:\/\/www.youtube.com\/embed\/CLZn05fOBfI\" width=\"560\" height=\"315\" frameborder=\"0\" allowfullscreen=\"allowfullscreen\"><\/iframe><\/div>\n<\/div>\n<p>Dans le cas d&#039;une formation sur <a href=\"https:\/\/odk-ergon.pl\/fr\/szkolenia\/uprawnienia-udt-tdt\/podeste-ruchome\/\">plateformes mobiles<\/a> <a href=\"https:\/\/odk-ergon.pl\/fr\/cennik\/\">le prix<\/a> il comprend \u00e9galement l&#039;approche de l&#039;examen d&#039;\u00c9tat UDT pour les qualifications. Il se compose de deux parties: d&#039;abord, les candidats passent le test, puis ils ont un entretien avec l&#039;examinateur \u00e0 la machine, au cours duquel les comp\u00e9tences d&#039;exploitation sont v\u00e9rifi\u00e9es.<\/p>\n<h2>Autorisations pour accrocher des plates-formes mobiles<\/h2>\n<p>Les certificats de cat\u00e9gorie II P d\u00e9livr\u00e9s par l&#039;UDT sont valables 10 ans. Ils sont \u00e9galement importants dans le cas des plates-formes mobiles stationnaires. Poss\u00e9dant les qualifications professionnelles appropri\u00e9es, vous pouvez postuler \u00e0 un emploi, entre autres, dans des entreprises de construction et de r\u00e9novation, traitant du nettoyage sp\u00e9cialis\u00e9 de la fa\u00e7ade ou du nettoyage des vitres. <a href=\"https:\/\/odk-ergon.pl\/fr\/szkolenia\/szkolenia-na-suwnice\/uprawnienia\/\">Dipl\u00f4mes UDT<\/a> pour l&#039;exploitation des plates-formes sont utiles dans le cas de travaux de montage d&#039;installations ext\u00e9rieures, de maintenance, de contr\u00f4les techniques. Les sp\u00e9cialistes de l&#039;exploitation de ce type d&#039;\u00e9quipement travaillent \u00e9galement sur des navires, des navires et des plates-formes de forage.<br \/>\n<div style=\"width: 640px;\" class=\"wp-video\"><video id=\"video-1976-1\" width=\"640\" height=\"360\" poster=\"https:\/\/odk-ergon.pl\/wp-content\/uploads\/2023\/03\/20230127_031102_0000.jpg\" preload=\"metadata\" controls=\"controls\"><source type=\"video\/mp4\" src=\"https:\/\/odk-ergon.pl\/wp-content\/uploads\/2023\/03\/ACCEPTED-operator-podestow-4K-odk-ergon.mp4?_=1\" \/><a href=\"https:\/\/odk-ergon.pl\/wp-content\/uploads\/2023\/03\/ACCEPTED-operator-podestow-4K-odk-ergon.mp4\">https:\/\/odk-ergon.pl\/wp-content\/uploads\/2023\/03\/ACCEPTED-operator-podestow-4K-odk-ergon.mp4<\/a><\/video><\/div>\n<h2>Cours - plateformes mobiles suspendues : informations compl\u00e9mentaires<\/h2>\n<p>Des cours sont organis\u00e9s r\u00e9guli\u00e8rement dans plusieurs lieux. Les dates actuelles sont disponibles sur le site <a href=\"http:\/\/www.platformaedukacji.pl\">www.platformaedukacji.pl<\/a>vous pouvez \u00e9galement vous inscrire via cette page. Le lieu de formation pour les plates-formes mobiles est Varsovie, Cracovie, Katowice. Pour les clients commerciaux qui souhaitent former leurs employ\u00e9s, nous proposons \u00e9galement des formations dans d&#039;autres villes.<\/p>\n<p><a href=\"https:\/\/odk-ergon.pl\/wp-content\/uploads\/2021\/10\/podest_wiszacy_2.jpg\"><img loading=\"lazy\" decoding=\"async\" class=\"obrazekpadding alignright wp-image-1978 size-medium\" src=\"https:\/\/odk-ergon.pl\/wp-content\/uploads\/2021\/10\/podest_wiszacy_2-300x225.jpg\" alt=\"La plate-forme mobile suspendue se compose d&#039;une plate-forme de travail fix\u00e9e avec des cordes \u00e0 la structure de support\" width=\"300\" height=\"225\" srcset=\"https:\/\/odk-ergon.pl\/wp-content\/uploads\/2021\/10\/podest_wiszacy_2-300x225.jpg 300w, https:\/\/odk-ergon.pl\/wp-content\/uploads\/2021\/10\/podest_wiszacy_2-1024x767.jpg 1024w, https:\/\/odk-ergon.pl\/wp-content\/uploads\/2021\/10\/podest_wiszacy_2-768x575.jpg 768w, https:\/\/odk-ergon.pl\/wp-content\/uploads\/2021\/10\/podest_wiszacy_2-640x480.jpg 640w, https:\/\/odk-ergon.pl\/wp-content\/uploads\/2021\/10\/podest_wiszacy_2-624x467.jpg 624w, https:\/\/odk-ergon.pl\/wp-content\/uploads\/2021\/10\/podest_wiszacy_2.jpg 1535w\" sizes=\"auto, (max-width: 300px) 100vw, 300px\" \/><\/a>Les cours ont lieu en groupe pour les d\u00e9butants et les plus avanc\u00e9s. Il y a des gens qui n&#039;ont aucune exp\u00e9rience et acqui\u00e8rent des connaissances \u00e0 partir de z\u00e9ro, et ceux qui veulent seulement compl\u00e9ter les informations avant l&#039;examen. La dur\u00e9e des cours est donc diff\u00e9rente et s&#039;\u00e9l\u00e8ve \u00e0 <strong>environ 10-20<\/strong> heures. Le temps de formation peut changer selon les besoins du client, il peut \u00eatre raccourci dans le cas d&#039;avoir des comp\u00e9tences pratiques d&#039;exploitation et conform\u00e9ment \u00e0 l&#039;ordre de l&#039;employeur, le nombre d&#039;invit\u00e9s est d&#039;environ 10. 20 heures d&#039;enseignement.<\/p>\n<p>Quel est le co\u00fbt de la participation \u00e0 la formation pour les plateformes mobiles : le prix d\u00e9pend de nombreux facteurs, nous le fournissons donc aux clients au stade de l&#039;inscription. Si vous avez des questions, vous pouvez nous contacter par e-mail et par t\u00e9l\u00e9phone.<\/p>\n<p><a href=\"https:\/\/odk-ergon.pl\/wp-content\/uploads\/2022\/11\/Szablon-odk-ergon.png\"><img loading=\"lazy\" decoding=\"async\" class=\"aligncenter wp-image-2567\" src=\"https:\/\/odk-ergon.pl\/wp-content\/uploads\/2022\/11\/Szablon-odk-ergon-300x175.png\" alt=\"\" width=\"750\" height=\"438\" srcset=\"https:\/\/odk-ergon.pl\/wp-content\/uploads\/2022\/11\/Szablon-odk-ergon-300x175.png 300w, https:\/\/odk-ergon.pl\/wp-content\/uploads\/2022\/11\/Szablon-odk-ergon-1024x597.png 1024w, https:\/\/odk-ergon.pl\/wp-content\/uploads\/2022\/11\/Szablon-odk-ergon-768x448.png 768w, https:\/\/odk-ergon.pl\/wp-content\/uploads\/2022\/11\/Szablon-odk-ergon-18x12.png 18w, https:\/\/odk-ergon.pl\/wp-content\/uploads\/2022\/11\/Szablon-odk-ergon-624x364.png 624w, https:\/\/odk-ergon.pl\/wp-content\/uploads\/2022\/11\/Szablon-odk-ergon.png 1200w\" sizes=\"auto, (max-width: 750px) 100vw, 750px\" \/><\/a><\/p>","protected":false},"excerpt":{"rendered":"<p>Udzia\u0142 w kursie polecamy wszystkim osobom, kt\u00f3re chcia\u0142yby zdoby\u0107 kwalifikacje w zawodzie poszukiwanym na rynku pracy. Nie wymagamy do\u015bwiadczenia &#8211; tworzymy grupy tak\u017ce dla os\u00f3b pocz\u0105tkuj\u0105cych. Celem szkolenia z obs\u0142ugi podest\u00f3w ruchomych wisz\u0105cych jest jak najlepsze przygotowanie do egzaminu pa\u0144stwowego UDT na uprawnienia zawodowe. Dzi\u0119ki programowi zaj\u0119\u0107 zgodnemu z wymogami egzaminacyjnymi, do\u015bwiadczeniu naszych instruktor\u00f3w oraz przyst\u0119pnemu sposobowi prowadzenia zaj\u0119\u0107 z naciskiem na praktyk\u0119 mo\u017cemy pochwali\u0107 si\u0119 wysok\u0105 zdawalno\u015bci\u0105 od wielu lat. Kurs na podesty ruchome wisz\u0105ce Zaj\u0119cia odbywaj\u0105 si\u0119 w formie wyk\u0142ad\u00f3w oraz \u0107wicze\u0144 praktycznych. Uczestnicy maj\u0105 okazj\u0119 zapozna\u0107 si\u0119 z takimi zagadnieniami, jak: Budowa podestu ruchomego wisz\u0105cego Przygotowanie operatora, urz\u0105dzenia, stanowiska do pracy Zasady bezpiecze\u0144stwa: wyb\u00f3r miejsca, ocena warunk\u00f3w, bezpieczna eksploatacja Przepisy dozoru technicznego W przypadku szkole\u0144 na podesty ruchome cena obejmuje tak\u017ce podej\u015bcie do egzaminu pa\u0144stwowego UDT na uprawnienia. Przebiega on w dw\u00f3ch cz\u0119\u015bciach: najpierw kandydaci podchodz\u0105 do testu, a nast\u0119pnie odbywaj\u0105 rozmow\u0119 z egzaminatorem przy urz\u0105dzeniu, w czasie kt\u00f3rej sprawdza si\u0119 umiej\u0119tno\u015bci obs\u0142ugi. Uprawnienia na podesty ruchome wisz\u0105ce Wydawane przez UDT uprawnienia dla kategorii II P obowi\u0105zuj\u0105 przez 10 lat. S\u0105 one wa\u017cne tak\u017ce w przypadku podest\u00f3w ruchomych stacjonarnych. Posiadaj\u0105c odpowiednie kwalifikacje zawodowe, mo\u017cna ubiega\u0107 si\u0119 o prac\u0119 mi\u0119dzy innymi w firmach budowlanych, remontowych, zajmuj\u0105cych si\u0119 specjalistycznym czyszczeniem elewacji czy myciem okien. Uprawnienia UDT do obs\u0142ugi podest\u00f3w s\u0105 przydatne w przypadku pracy przy monta\u017cu instalacji zewn\u0119trznych, konserwacjach, przegl\u0105dach technicznych. Specjali\u015bci od obs\u0142ugi tego typu urz\u0105dze\u0144 pracuj\u0105 tak\u017ce na statkach, okr\u0119tach, platformach wiertniczych. Kurs \u2013 podesty ruchome wisz\u0105ce: dodatkowe informacje Zaj\u0119cia s\u0105 organizowane regularnie, w kilku lokalizacjach. Aktualne terminy znajduj\u0105 si\u0119 na stronie [&hellip;]<\/p>\n","protected":false},"author":1,"featured_media":1977,"parent":1828,"menu_order":0,"comment_status":"closed","ping_status":"closed","template":"","meta":{"sfsi_plus_gutenberg_text_before_share":"","sfsi_plus_gutenberg_show_text_before_share":"","sfsi_plus_gutenberg_icon_type":"","sfsi_plus_gutenberg_icon_alignemt":"","sfsi_plus_gutenburg_max_per_row":"","footnotes":""},"class_list":["post-1976","page","type-page","status-publish","has-post-thumbnail","hentry","has_thumb"],"aioseo_notices":[],"_links":{"self":[{"href":"https:\/\/odk-ergon.pl\/fr\/wp-json\/wp\/v2\/pages\/1976","targetHints":{"allow":["GET"]}}],"collection":[{"href":"https:\/\/odk-ergon.pl\/fr\/wp-json\/wp\/v2\/pages"}],"about":[{"href":"https:\/\/odk-ergon.pl\/fr\/wp-json\/wp\/v2\/types\/page"}],"author":[{"embeddable":true,"href":"https:\/\/odk-ergon.pl\/fr\/wp-json\/wp\/v2\/users\/1"}],"replies":[{"embeddable":true,"href":"https:\/\/odk-ergon.pl\/fr\/wp-json\/wp\/v2\/comments?post=1976"}],"version-history":[{"count":7,"href":"https:\/\/odk-ergon.pl\/fr\/wp-json\/wp\/v2\/pages\/1976\/revisions"}],"predecessor-version":[{"id":3095,"href":"https:\/\/odk-ergon.pl\/fr\/wp-json\/wp\/v2\/pages\/1976\/revisions\/3095"}],"up":[{"embeddable":true,"href":"https:\/\/odk-ergon.pl\/fr\/wp-json\/wp\/v2\/pages\/1828"}],"wp:featuredmedia":[{"embeddable":true,"href":"https:\/\/odk-ergon.pl\/fr\/wp-json\/wp\/v2\/media\/1977"}],"wp:attachment":[{"href":"https:\/\/odk-ergon.pl\/fr\/wp-json\/wp\/v2\/media?parent=1976"}],"curies":[{"name":"wp","href":"https:\/\/api.w.org\/{rel}","templated":true}]}}