{"id":1984,"date":"2021-10-06T17:02:46","date_gmt":"2021-10-06T15:02:46","guid":{"rendered":"https:\/\/odk-ergon.pl\/?page_id=1984"},"modified":"2022-11-24T14:35:41","modified_gmt":"2022-11-24T13:35:41","slug":"plates-formes-mobiles-stationnaires","status":"publish","type":"page","link":"https:\/\/odk-ergon.pl\/fr\/szkolenia\/uprawnienia-udt-tdt\/podesty-ruchome-stacjonarne\/","title":{"rendered":"Un cours pour les plates-formes mobiles fixes pr\u00e9parant \u00e0 l&#039;examen UDT"},"content":{"rendered":"<p>Les cours sont destin\u00e9s aux personnes qui souhaitent travailler comme op\u00e9rateur d&#039;exploitation <a href=\"https:\/\/odk-ergon.pl\/fr\/szkolenia\/uprawnienia-udt-tdt\/podeste-ruchome\/\">plateformes mobiles<\/a> stationnaire. La participation au cours permet d'obtenir des autorisations pour ces appareils. Apr\u00e8s avoir suivi les cours, les participants ont la possibilit\u00e9 de passer un examen d'\u00c9tat organis\u00e9 par l'UDT. Les cours de formation ont \u00e9t\u00e9 pr\u00e9par\u00e9s conform\u00e9ment aux exigences de l'Office d'inspection technique et de la loi sur l'inspection technique.<\/p>\n<div class=\"filmw\">\n<div class=\"responsive-youtube\" style=\"text-align: center;\"><iframe loading=\"lazy\" title=\"Lecteur vid\u00e9o YouTube\" src=\"https:\/\/www.youtube.com\/embed\/CLZn05fOBfI\" width=\"560\" height=\"315\" frameborder=\"0\" allowfullscreen=\"allowfullscreen\"><\/iframe><\/div>\n<\/div>\n<h2>Plates-formes mobiles fixes - informations<\/h2>\n<p>Selon la d\u00e9finition du Bureau de l&#039;Inspection Technique, une plate-forme mobile stationnaire est un appareil de manutention. Il est con\u00e7u pour transporter des personnes, des marchandises et des outils sur le lieu de travail. La plate-forme fixe ne peut pas \u00eatre d\u00e9plac\u00e9e, elle est install\u00e9e \u00e0 un endroit donn\u00e9 de fa\u00e7on permanente ou pour une longue dur\u00e9e. Il se compose d&#039;un ch\u00e2ssis, d&#039;une plate-forme de travail et d&#039;une fl\u00e8che \u00e0 ciseaux ou t\u00e9lescopique.<\/p>\n<p>La hauteur de travail et la capacit\u00e9 de levage maximale d\u00e9pendent des param\u00e8tres de chaque mod\u00e8le, mais le plus souvent, les plates-formes fixes permettent un transport jusqu&#039;\u00e0 une dizaine de m\u00e8tres et leurs paniers peuvent accueillir un ou deux employ\u00e9s. Les appareils de ce type sont souvent utilis\u00e9s \u00e0 l&#039;int\u00e9rieur : halls d&#039;usine, entrep\u00f4ts, etc., mais ils peuvent \u00e9galement \u00eatre plac\u00e9s \u00e0 l&#039;ext\u00e9rieur, par exemple lors de travaux sur la fa\u00e7ade de b\u00e2timents - ils peuvent alors remplacer les \u00e9chafaudages.<\/p>\n<p>Avec les plates-formes mobiles suspendues, ces appareils sont class\u00e9s par l&#039;UDT dans la cat\u00e9gorie II des appareils de manutention.<\/p>\n<p><a href=\"https:\/\/odk-ergon.pl\/wp-content\/uploads\/2022\/10\/12.jpeg\"><img loading=\"lazy\" decoding=\"async\" class=\"aligncenter wp-image-2518\" src=\"https:\/\/odk-ergon.pl\/wp-content\/uploads\/2022\/10\/12-300x223.jpeg\" alt=\"\" width=\"750\" height=\"556\" srcset=\"https:\/\/odk-ergon.pl\/wp-content\/uploads\/2022\/10\/12-300x223.jpeg 300w, https:\/\/odk-ergon.pl\/wp-content\/uploads\/2022\/10\/12-1024x760.jpeg 1024w, https:\/\/odk-ergon.pl\/wp-content\/uploads\/2022\/10\/12-768x570.jpeg 768w, https:\/\/odk-ergon.pl\/wp-content\/uploads\/2022\/10\/12-1536x1140.jpeg 1536w, https:\/\/odk-ergon.pl\/wp-content\/uploads\/2022\/10\/12-16x12.jpeg 16w, https:\/\/odk-ergon.pl\/wp-content\/uploads\/2022\/10\/12-624x463.jpeg 624w, https:\/\/odk-ergon.pl\/wp-content\/uploads\/2022\/10\/12.jpeg 1600w\" sizes=\"auto, (max-width: 750px) 100vw, 750px\" \/><\/a><\/p>\n<h2>Cours d&#039;op\u00e9rateur de plateforme mobile - d\u00e9tails<\/h2>\n<p>Les cours se d\u00e9roulent sous forme de cours magistraux et d&#039;exercices pratiques. Ils se d\u00e9roulent dans des lieux diff\u00e9rents. Nous organisons des formations sur des plateformes mobiles \u00e0 Varsovie, en Sil\u00e9sie, \u00e0 Cracovie et dans d&#039;autres grandes villes. Nous organisons \u00e9galement des formations ferm\u00e9es pour les entreprises. Dans la partie th\u00e9orique, les participants peuvent \u00e9galement prendre part \u00e0 Internet en regardant des webinaires dirig\u00e9s par un instructeur.<\/p>\n<p>Des informations d\u00e9taill\u00e9es sur les dates de cours disponibles dans chaque ville sont publi\u00e9es sur notre site Web www.platformaedukacji.pl. En utilisant le site Web, vous pouvez \u00e9galement vous inscrire facilement \u00e0 une formation et la payer.<\/p>\n<p>La dur\u00e9e des cours est de 8 \u00e0 20 heures. Ces \u00e9carts r\u00e9sultent du fait que dans les groupes individuels, les cours peuvent \u00eatre dispens\u00e9s en envergure compl\u00e8te ou r\u00e9duite, selon l&#039;exp\u00e9rience et les besoins des participants. Le bol d&#039;entra\u00eenement selon le programme convenu avec l&#039;encadrement comprend la possibilit\u00e9 d&#039;adaptation, c&#039;est-\u00e0-dire qu&#039;il peut \u00eatre raccourci ou prolong\u00e9 selon les besoins de l&#039;\u00e9l\u00e8ve\/du groupe.<\/p>\n<p>L&#039;\u00e9tendue du mat\u00e9riel pendant la formation est conforme \u00e0 l&#039;\u00e9tendue des connaissances et des comp\u00e9tences requises \u00e0 l&#039;examen d&#039;\u00c9tat. Voici des exemples de probl\u00e8mes soulev\u00e9s par les instructeurs\u00a0:<\/p>\n<ul>\n<li>S\u00e9curit\u00e9 et responsabilit\u00e9s connexes de l&#039;op\u00e9rateur avant le d\u00e9but des travaux, ainsi que pendant et apr\u00e8s les travaux<\/li>\n<li>Construction de plates-formes fixes<\/li>\n<li>Dispositions li\u00e9es \u00e0 la supervision technique<\/li>\n<li>R\u00e8gles de conduite en situation inhabituelle : pannes, accidents du travail<\/li>\n<\/ul>\n<p>L&#039;examen, effectu\u00e9 par l&#039;UDT Warszawa ou un autre comit\u00e9, a lieu apr\u00e8s que les participants ont r\u00e9ussi les cours magistraux et la partie pratique. Apr\u00e8s avoir obtenu une \u00e9valuation positive de l&#039;examen, le candidat obtient les qualifications pour les plates-formes mobiles fixes et les plates-formes suspendues. Les licences d\u00e9livr\u00e9es par l&#039;UDT sont valables 10 ans.<\/p>\n<p>Les qualifications dans le domaine de l&#039;exploitation peuvent \u00eatre compl\u00e9t\u00e9es par la participation \u00e0 nos autres formations : stages de levage, nacelles automotrices ou nacelles lentes.<\/p>\n<p><a href=\"https:\/\/odk-ergon.pl\/wp-content\/uploads\/2022\/11\/Szablon-odk-ergon.png\"><img loading=\"lazy\" decoding=\"async\" class=\"aligncenter wp-image-2567\" src=\"https:\/\/odk-ergon.pl\/wp-content\/uploads\/2022\/11\/Szablon-odk-ergon-300x175.png\" alt=\"\" width=\"750\" height=\"438\" srcset=\"https:\/\/odk-ergon.pl\/wp-content\/uploads\/2022\/11\/Szablon-odk-ergon-300x175.png 300w, https:\/\/odk-ergon.pl\/wp-content\/uploads\/2022\/11\/Szablon-odk-ergon-1024x597.png 1024w, https:\/\/odk-ergon.pl\/wp-content\/uploads\/2022\/11\/Szablon-odk-ergon-768x448.png 768w, https:\/\/odk-ergon.pl\/wp-content\/uploads\/2022\/11\/Szablon-odk-ergon-18x12.png 18w, https:\/\/odk-ergon.pl\/wp-content\/uploads\/2022\/11\/Szablon-odk-ergon-624x364.png 624w, https:\/\/odk-ergon.pl\/wp-content\/uploads\/2022\/11\/Szablon-odk-ergon.png 1200w\" sizes=\"auto, (max-width: 750px) 100vw, 750px\" \/><\/a><\/p>","protected":false},"excerpt":{"rendered":"<p>Zaj\u0119cia s\u0105 przeznaczone dla os\u00f3b, kt\u00f3re chcia\u0142yby pracowa\u0107 w zawodzie operatora obs\u0142uguj\u0105cego podesty ruchome stacjonarne. Udzia\u0142 w kursie umo\u017cliwia uzyskanie uprawnie\u0144 na te urz\u0105dzenia &#8211; po zako\u0144czeniu zaj\u0119\u0107 uczestnicy maj\u0105 mo\u017cliwo\u015b\u0107 podej\u015bcia do egzaminu pa\u0144stwowego przeprowadzanego przez UDT. Szkolenia zosta\u0142y przygotowane zgodnie z wymogami Urz\u0119du Dozoru Technicznego oraz ustawy o dozorze technicznym. Podesty ruchome stacjonarne \u2013 informacje Podest ruchomy stacjonarny jest, zgodnie z definicj\u0105 Urz\u0119du Dozoru Technicznego, urz\u0105dzeniem transportu bliskiego. Jest przeznaczony do transportu os\u00f3b, towar\u00f3w i narz\u0119dzi na stanowisko pracy. Podest stacjonarny nie ma mo\u017cliwo\u015bci przemieszczania si\u0119, jest montowany w danym miejscu na sta\u0142e lub na d\u0142u\u017cszy czas. Sk\u0142ada si\u0119 z podwozia, platformy roboczej oraz wysi\u0119gnika no\u017cycowego lub teleskopowego. Wysoko\u015b\u0107 robocza oraz maksymalny ud\u017awig zale\u017c\u0105 od parametr\u00f3w poszczeg\u00f3lnych modeli, ale najcz\u0119\u015bciej podesty stacjonarne umo\u017cliwiaj\u0105 transport na wysoko\u015b\u0107 do kilkunastu metr\u00f3w, a ich kosze mieszcz\u0105 jednego lub dw\u00f3ch pracownik\u00f3w. Z tego typu urz\u0105dze\u0144 korzysta si\u0119 cz\u0119sto w pomieszczeniach: halach fabrycznych, magazynach itp., ale mo\u017cna je ustawia\u0107 tak\u017ce na zewn\u0105trz, na przyk\u0142ad podczas prac na elewacji budynk\u00f3w &#8211; mog\u0105 wtedy zast\u0119powa\u0107 rusztowanie. Razem z podestami ruchomymi wisz\u0105cymi urz\u0105dzenia te zaliczane s\u0105 przez UDT do kategorii II urz\u0105dze\u0144 transportu bliskiego. Kurs operatora podest\u00f3w ruchomych &#8211; szczeg\u00f3\u0142y Zaj\u0119cia prowadzone s\u0105 w formie wyk\u0142ad\u00f3w oraz \u0107wicze\u0144 praktycznych. Odbywaj\u0105 si\u0119 w r\u00f3\u017cnych lokalizacjach. Organizujemy szkolenia z podest\u00f3w ruchomych w Warszawie, na \u015al\u0105sku, w Krakowie i innych du\u017cych miastach. Prowadzimy r\u00f3wnie\u017c szkolenia zamkni\u0119te dla firm. W cz\u0119\u015bci teoretycznej uczestnicy mog\u0105 bra\u0107 udzia\u0142 tak\u017ce przez internet, ogl\u0105daj\u0105c prowadzone przez instruktor\u00f3w webinary. Szczeg\u00f3\u0142owe informacje na temat dost\u0119pnych termin\u00f3w zaj\u0119\u0107 w poszczeg\u00f3lnych miastach publikujemy [&hellip;]<\/p>\n","protected":false},"author":1,"featured_media":2518,"parent":1828,"menu_order":0,"comment_status":"closed","ping_status":"closed","template":"","meta":{"sfsi_plus_gutenberg_text_before_share":"","sfsi_plus_gutenberg_show_text_before_share":"","sfsi_plus_gutenberg_icon_type":"","sfsi_plus_gutenberg_icon_alignemt":"","sfsi_plus_gutenburg_max_per_row":"","footnotes":""},"class_list":["post-1984","page","type-page","status-publish","has-post-thumbnail","hentry","has_thumb"],"aioseo_notices":[],"_links":{"self":[{"href":"https:\/\/odk-ergon.pl\/fr\/wp-json\/wp\/v2\/pages\/1984","targetHints":{"allow":["GET"]}}],"collection":[{"href":"https:\/\/odk-ergon.pl\/fr\/wp-json\/wp\/v2\/pages"}],"about":[{"href":"https:\/\/odk-ergon.pl\/fr\/wp-json\/wp\/v2\/types\/page"}],"author":[{"embeddable":true,"href":"https:\/\/odk-ergon.pl\/fr\/wp-json\/wp\/v2\/users\/1"}],"replies":[{"embeddable":true,"href":"https:\/\/odk-ergon.pl\/fr\/wp-json\/wp\/v2\/comments?post=1984"}],"version-history":[{"count":5,"href":"https:\/\/odk-ergon.pl\/fr\/wp-json\/wp\/v2\/pages\/1984\/revisions"}],"predecessor-version":[{"id":2571,"href":"https:\/\/odk-ergon.pl\/fr\/wp-json\/wp\/v2\/pages\/1984\/revisions\/2571"}],"up":[{"embeddable":true,"href":"https:\/\/odk-ergon.pl\/fr\/wp-json\/wp\/v2\/pages\/1828"}],"wp:featuredmedia":[{"embeddable":true,"href":"https:\/\/odk-ergon.pl\/fr\/wp-json\/wp\/v2\/media\/2518"}],"wp:attachment":[{"href":"https:\/\/odk-ergon.pl\/fr\/wp-json\/wp\/v2\/media?parent=1984"}],"curies":[{"name":"wp","href":"https:\/\/api.w.org\/{rel}","templated":true}]}}