{"id":2002,"date":"2021-10-08T17:17:05","date_gmt":"2021-10-08T15:17:05","guid":{"rendered":"https:\/\/odk-ergon.pl\/?page_id=2002"},"modified":"2023-03-13T10:35:47","modified_gmt":"2023-03-13T09:35:47","slug":"plates-formes-mats-mobiles","status":"publish","type":"page","link":"https:\/\/odk-ergon.pl\/fr\/szkolenia\/uprawnienia-udt-tdt\/podestow-ruchomych-masztowych\/","title":{"rendered":"Cours pour op\u00e9rateur de nacelles \u00e9l\u00e9vatrices sur m\u00e2t"},"content":{"rendered":"<p><a href=\"https:\/\/odk-ergon.pl\/wp-content\/uploads\/2021\/10\/masztowe_2.jpg\"><img loading=\"lazy\" decoding=\"async\" class=\"obrazekpadding alignleft wp-image-2004 size-medium\" src=\"https:\/\/odk-ergon.pl\/wp-content\/uploads\/2021\/10\/masztowe_2-300x225.jpg\" alt=\"Une plate-forme de m\u00e2t typique se compose d&#039;un train de roulement \u00e0 roues, d&#039;un m\u00e2t en treillis et d&#039;un panier\" width=\"300\" height=\"225\" srcset=\"https:\/\/odk-ergon.pl\/wp-content\/uploads\/2021\/10\/masztowe_2-300x225.jpg 300w, https:\/\/odk-ergon.pl\/wp-content\/uploads\/2021\/10\/masztowe_2-768x576.jpg 768w, https:\/\/odk-ergon.pl\/wp-content\/uploads\/2021\/10\/masztowe_2-640x480.jpg 640w, https:\/\/odk-ergon.pl\/wp-content\/uploads\/2021\/10\/masztowe_2-624x468.jpg 624w, https:\/\/odk-ergon.pl\/wp-content\/uploads\/2021\/10\/masztowe_2.jpg 1024w\" sizes=\"auto, (max-width: 300px) 100vw, 300px\" \/><\/a>Nous invitons toutes les personnes (y compris les d\u00e9butants) qui souhaitent apprendre \u00e0 utiliser la nacelle \u00e9l\u00e9vatrice sur m\u00e2t et passer l&#039;examen d&#039;\u00e9tat UDT. Le programme de formation a \u00e9t\u00e9 con\u00e7u pour enseigner le fonctionnement s\u00fbr des appareils de mani\u00e8re pratique et accessible. L&#039;\u00e9tendue des sujets abord\u00e9s pendant le cours est conforme aux exigences du Bureau de l&#039;inspection technique.<\/p>\n<p>En participant \u00e0 la formation UDT et en r\u00e9ussissant l&#039;examen avec un r\u00e9sultat positif, le participant re\u00e7oit <a href=\"https:\/\/odk-ergon.pl\/fr\/szkolenia\/szkolenia-na-suwnice\/uprawnienia\/\">Dipl\u00f4mes UDT<\/a> - certificat de qualification n\u00e9cessaire pour exercer la profession d&#039;op\u00e9rateur.<\/p>\n<h2><\/h2>\n<h2>Programme de cours pour plates-formes \u00e9l\u00e9vatrices sur m\u00e2t<\/h2>\n<p>La formation est dispens\u00e9e par des instructeurs exp\u00e9riment\u00e9s qui utilisent des m\u00e9thodes qui activent les participants pendant les cours. Les cours ont lieu \u00e0 l&#039;arr\u00eat et, pour ceux qui le souhaitent, \u00e9galement en ligne, sous la forme de webinaires en temps r\u00e9el. Les cours magistraux sont compl\u00e9t\u00e9s par une partie pratique, au cours de laquelle les moniteurs enseignent l&#039;utilisation des nacelles, ainsi que la pr\u00e9paration au travail en toute s\u00e9curit\u00e9, la marche \u00e0 suivre en cas de panne et l&#039;application des r\u00e8gles de contr\u00f4le technique.<\/p>\n<p>Le programme-cadre de formation comprend, entre autres :<\/p>\n<ul>\n<li>Connaissance de la construction et de l&#039;exploitation de plates-formes de travail \u00e9l\u00e9vatrices sur m\u00e2t<\/li>\n<li>Informations sur les principes de sant\u00e9 et de s\u00e9curit\u00e9 au travail, l&#039;utilisation des moyens et \u00e9quipements de protection individuelle et collective<\/li>\n<li>Informations sur la r\u00e9glementation relative \u00e0 l&#039;encadrement technique (Loi et autres)<\/li>\n<\/ul>\n<div class=\"filmw\">\n<div class=\"responsive-youtube\" style=\"text-align: center;\"><iframe loading=\"lazy\" title=\"Lecteur vid\u00e9o YouTube\" src=\"https:\/\/www.youtube.com\/embed\/CLZn05fOBfI\" width=\"560\" height=\"315\" frameborder=\"0\" allowfullscreen=\"allowfullscreen\"><\/iframe><\/div>\n<\/div>\n<h2>Examen UDT et qualifications pour les plates-formes de m\u00e2t<\/h2>\n<p><a href=\"https:\/\/odk-ergon.pl\/wp-content\/uploads\/2021\/10\/masztowe_1.jpg\"><img loading=\"lazy\" decoding=\"async\" class=\"obrazekpadding alignright wp-image-2003 size-medium\" src=\"https:\/\/odk-ergon.pl\/wp-content\/uploads\/2021\/10\/masztowe_1-300x300.jpg\" alt=\"La plate-forme de travail sur une plate-forme mobile \u00e0 m\u00e2t peut avoir la forme d&#039;un panier extensible\" width=\"300\" height=\"300\" srcset=\"https:\/\/odk-ergon.pl\/wp-content\/uploads\/2021\/10\/masztowe_1-300x300.jpg 300w, https:\/\/odk-ergon.pl\/wp-content\/uploads\/2021\/10\/masztowe_1.jpg 500w\" sizes=\"auto, (max-width: 300px) 100vw, 300px\" \/><\/a>Les sujets abord\u00e9s lors du cours \"Mast Lifters\" permettent de se pr\u00e9parer efficacement \u00e0 l'examen UDT. Les formations organis\u00e9es dans notre Centre comprennent \u00e9galement un examen organis\u00e9 par la commission UDT comp\u00e9tente (Varsovie ou autre). Les examens ont lieu \u00e0 des dates fixes, auxquelles les dates des cours sont adapt\u00e9es afin que les stagiaires puissent participer au processus d'examen dans un d\u00e9lai court. Les examinateurs effectuent un test de connaissances, suivi d'un entretien avec le candidat pour tester ses comp\u00e9tences pratiques.<\/p>\n<p>Droit \u00e0 <a href=\"https:\/\/odk-ergon.pl\/fr\/szkolenia\/uprawnienia-udt-tdt\/podeste-ruchome\/\">plateformes mobiles<\/a> Les m\u00e2ts sont d\u00e9livr\u00e9s pour 10 ans. Pendant cette p\u00e9riode, l'op\u00e9rateur peut exercer la profession en Pologne. Le certificat de qualification polonais est \u00e9galement valable \u00e0 l'\u00e9tranger dans certains pays. \u00c0 partir de juin 2020, le certificat de qualification pour les plates-formes \u00e0 m\u00e2t est \u00e9galement valable pour les plates-formes mobiles stationnaires. Afin d'obtenir une qualification pour les grimpeurs de m\u00e2ts ou autres \u00e9quipements couverts par le contr\u00f4le technique, il est n\u00e9cessaire de suivre une formation distincte et de passer un autre examen.<br \/>\n<div style=\"width: 640px;\" class=\"wp-video\"><video id=\"video-2002-1\" width=\"640\" height=\"360\" poster=\"https:\/\/odk-ergon.pl\/wp-content\/uploads\/2023\/03\/20230127_031102_0000.jpg\" preload=\"metadata\" controls=\"controls\"><source type=\"video\/mp4\" src=\"https:\/\/odk-ergon.pl\/wp-content\/uploads\/2023\/03\/ACCEPTED-operator-podestow-4K-odk-ergon.mp4?_=1\" \/><a href=\"https:\/\/odk-ergon.pl\/wp-content\/uploads\/2023\/03\/ACCEPTED-operator-podestow-4K-odk-ergon.mp4\">https:\/\/odk-ergon.pl\/wp-content\/uploads\/2023\/03\/ACCEPTED-operator-podestow-4K-odk-ergon.mp4<\/a><\/video><\/div>\n<h2>Organisation des cours : dates, lieu, inscription<\/h2>\n<ul>\n<li>Le cours UDT avec examen est organis\u00e9 r\u00e9guli\u00e8rement, g\u00e9n\u00e9ralement 1 \u00e0 2 fois par mois. Les dates actuelles sont publi\u00e9es sur notre site <a href=\"http:\/\/www.platformaedukacji.pl\">platformedukacji.pl<\/a><\/li>\n<li>Les cours ont lieu dans plusieurs endroits en Pologne, \u00e0 Varsovie, en Sil\u00e9sie, \u00e0 Cracovie et dans d&#039;autres grandes villes<\/li>\n<li>La dur\u00e9e du cours peut varier selon le groupe. Il est d\u00e9termin\u00e9 individuellement - les d\u00e9butants ont g\u00e9n\u00e9ralement besoin de 10 \u00e0 20 heures de cours, les personnes exp\u00e9riment\u00e9es - environ 10 heures<\/li>\n<li>La formation et l&#039;examen peuvent \u00eatre suivis par des adultes, ayant au moins une \u00e9ducation de base et une bonne sant\u00e9, confirm\u00e9e par un certificat m\u00e9dical<\/li>\n<li>Nous acceptons les inscriptions aux cours via le site internet <a href=\"http:\/\/www.platformaedukacji.pl\">platformedukacji.pl<\/a>. Pour r\u00e9server une place au cours, veuillez ajouter la date choisie au panier et effectuer le paiement. Si vous avez des questions ou souhaitez organiser une formation pour votre entreprise \u00e0 une autre date, veuillez nous contacter par t\u00e9l\u00e9phone ou par e-mail.<\/li>\n<\/ul>\n<p><a href=\"https:\/\/odk-ergon.pl\/wp-content\/uploads\/2022\/11\/Szablon-odk-ergon.png\"><img loading=\"lazy\" decoding=\"async\" class=\"aligncenter wp-image-2567\" src=\"https:\/\/odk-ergon.pl\/wp-content\/uploads\/2022\/11\/Szablon-odk-ergon-300x175.png\" alt=\"\" width=\"750\" height=\"438\" srcset=\"https:\/\/odk-ergon.pl\/wp-content\/uploads\/2022\/11\/Szablon-odk-ergon-300x175.png 300w, https:\/\/odk-ergon.pl\/wp-content\/uploads\/2022\/11\/Szablon-odk-ergon-1024x597.png 1024w, https:\/\/odk-ergon.pl\/wp-content\/uploads\/2022\/11\/Szablon-odk-ergon-768x448.png 768w, https:\/\/odk-ergon.pl\/wp-content\/uploads\/2022\/11\/Szablon-odk-ergon-18x12.png 18w, https:\/\/odk-ergon.pl\/wp-content\/uploads\/2022\/11\/Szablon-odk-ergon-624x364.png 624w, https:\/\/odk-ergon.pl\/wp-content\/uploads\/2022\/11\/Szablon-odk-ergon.png 1200w\" sizes=\"auto, (max-width: 750px) 100vw, 750px\" \/><\/a><\/p>","protected":false},"excerpt":{"rendered":"<p>Do udzia\u0142u w kursie zapraszamy wszystkie osoby (tak\u017ce pocz\u0105tkuj\u0105ce), kt\u00f3re chcia\u0142yby nauczy\u0107 si\u0119 obs\u0142ugi podestu ruchomego masztowego i podej\u015b\u0107 do egzaminu pa\u0144stwowego UDT. Program szkole\u0144 zosta\u0142 stworzony tak, by w praktyczny, przyst\u0119pny spos\u00f3b uczy\u0107 bezpiecznej eksploatacji urz\u0105dze\u0144. Zakres poruszanych na kursie zagadnie\u0144 jest zgodny z wymogami Urz\u0119du Dozoru Technicznego. Bior\u0105c udzia\u0142 w szkoleniu UDT i zdaj\u0105c egzamin z pozytywnym wynikiem, uczestnik otrzymuje uprawnienia UDT &#8211; za\u015bwiadczenie kwalifikacyjne potrzebne do pracy w zawodzie operatora. Program kursu na podesty ruchome masztowe Szkolenie jest prowadzone przez do\u015bwiadczonych instruktor\u00f3w, kt\u00f3rzy stosuj\u0105 w czasie wyk\u0142ad\u00f3w metody aktywizuj\u0105ce uczestnik\u00f3w. Zaj\u0119cia odbywaj\u0105 si\u0119 stacjonarnie, a dla ch\u0119tnych os\u00f3b &#8211; tak\u017ce online, w formie webinar\u00f3w prowadzonych w czasie rzeczywistym. Uzupe\u0142nieniem wyk\u0142ad\u00f3w jest cz\u0119\u015b\u0107 praktyczna, w trakcie kt\u00f3rej instruktorzy ucz\u0105 obs\u0142ugi podest\u00f3w, a tak\u017ce bezpiecznego przygotowania si\u0119 do wykonywania pracy, post\u0119powania w razie awarii, stosowania przepis\u00f3w dozoru technicznego. Ramowy program szkolenia obejmuje mi\u0119dzy innymi: Wiedz\u0119 na temat budowy i sposobu dzia\u0142ania podest\u00f3w ruchomych masztowych Informacje o zasadach BHP, stosowaniu \u015brodk\u00f3w i sprz\u0119tu ochrony indywidualnej i zbiorowej Informacje o przepisach na temat dozoru technicznego (ustawa i inne) Egzamin UDT i uprawnienia na podesty masztowe Zagadnienia poruszane w czasie kursu \u201cPodesty ruchome masztowe\u201d umo\u017cliwiaj\u0105 skuteczne przygotowanie do podej\u015bcia do egzaminu UDT. Szkolenia organizowane w naszym O\u015brodku obejmuj\u0105 tak\u017ce egzamin przeprowadzany przez w\u0142a\u015bciw\u0105 komisj\u0119 UDT (Warszawa lub inna). Egzaminy odbywaj\u0105 si\u0119 w wyznaczonych terminach, do kt\u00f3rych dostosowywane s\u0105 terminy zaj\u0119\u0107, tak aby kursanci mogli w kr\u00f3tkim czasie wzi\u0105\u0107 udzia\u0142 w procesie sprawdzania kwalifikacji. Egzaminatorzy przeprowadzaj\u0105 test wiedzy, a nast\u0119pnie rozmow\u0119 z kandydatem sprawdzaj\u0105c\u0105 jego umiej\u0119tno\u015bci praktyczne. Uprawnienia [&hellip;]<\/p>\n","protected":false},"author":1,"featured_media":2004,"parent":1828,"menu_order":0,"comment_status":"closed","ping_status":"closed","template":"","meta":{"sfsi_plus_gutenberg_text_before_share":"","sfsi_plus_gutenberg_show_text_before_share":"","sfsi_plus_gutenberg_icon_type":"","sfsi_plus_gutenberg_icon_alignemt":"","sfsi_plus_gutenburg_max_per_row":"","footnotes":""},"class_list":["post-2002","page","type-page","status-publish","has-post-thumbnail","hentry","has_thumb"],"aioseo_notices":[],"_links":{"self":[{"href":"https:\/\/odk-ergon.pl\/fr\/wp-json\/wp\/v2\/pages\/2002","targetHints":{"allow":["GET"]}}],"collection":[{"href":"https:\/\/odk-ergon.pl\/fr\/wp-json\/wp\/v2\/pages"}],"about":[{"href":"https:\/\/odk-ergon.pl\/fr\/wp-json\/wp\/v2\/types\/page"}],"author":[{"embeddable":true,"href":"https:\/\/odk-ergon.pl\/fr\/wp-json\/wp\/v2\/users\/1"}],"replies":[{"embeddable":true,"href":"https:\/\/odk-ergon.pl\/fr\/wp-json\/wp\/v2\/comments?post=2002"}],"version-history":[{"count":5,"href":"https:\/\/odk-ergon.pl\/fr\/wp-json\/wp\/v2\/pages\/2002\/revisions"}],"predecessor-version":[{"id":3094,"href":"https:\/\/odk-ergon.pl\/fr\/wp-json\/wp\/v2\/pages\/2002\/revisions\/3094"}],"up":[{"embeddable":true,"href":"https:\/\/odk-ergon.pl\/fr\/wp-json\/wp\/v2\/pages\/1828"}],"wp:featuredmedia":[{"embeddable":true,"href":"https:\/\/odk-ergon.pl\/fr\/wp-json\/wp\/v2\/media\/2004"}],"wp:attachment":[{"href":"https:\/\/odk-ergon.pl\/fr\/wp-json\/wp\/v2\/media?parent=2002"}],"curies":[{"name":"wp","href":"https:\/\/api.w.org\/{rel}","templated":true}]}}