{"id":2117,"date":"2022-04-09T21:13:07","date_gmt":"2022-04-09T19:13:07","guid":{"rendered":"https:\/\/odk-ergon.pl\/?page_id=2117"},"modified":"2023-03-16T11:22:07","modified_gmt":"2023-03-16T10:22:07","slug":"atterrissage-mobile","status":"publish","type":"page","link":"https:\/\/odk-ergon.pl\/fr\/szkolenia\/uprawnienia-udt-tdt\/podeste-ruchome\/","title":{"rendered":"Cours d'op\u00e9rateur de plate-forme mobile"},"content":{"rendered":"<div class=\"wp-block-image\">\n<figure class=\"alignright size-large is-resized\"><img loading=\"lazy\" decoding=\"async\" src=\"https:\/\/odk-ergon.pl\/wp-content\/uploads\/2022\/04\/adrkurs_0022__podesty_ruchome_podnosnikikoszowe_zwyzki-konserwacjaE600-plant-maintenance.jpg\" alt=\"Avantages de travailler en tant qu&#039;op\u00e9rateur de plateformes mobiles.\" width=\"358\" height=\"269\"\/><\/figure>\n<\/div>\n\n\n<p>Nous sommes un centre de formation qui organise un cours professionnel pour les op\u00e9rateurs de plateformes mobiles. Vous \u00eates cordialement invit\u00e9 \u00e0 en savoir plus sur notre formation.&nbsp;&nbsp;<\/p>\n\n\n\n<p>Avez-vous d\u00e9j\u00e0 pens\u00e9 \u00e0 changer de carri\u00e8re ou \u00e0 \u00e9largir vos qualifications ? <a href=\"https:\/\/odk-ergon.pl\/fr\/szkolenia\/uprawnienia-udt-tdt\/operator-podestow-ruchomych\/\">Op\u00e9rateur de plateformes mobiles<\/a> est l'une des professions les plus populaires et les plus appr\u00e9ci\u00e9es sur le march\u00e9 du travail. Obtenez la certification d'op\u00e9rateur de plateforme. Avec nous, vous avez la possibilit\u00e9 de tout apprendre \u00e0 partir de z\u00e9ro ou d'am\u00e9liorer vos comp\u00e9tences en mati\u00e8re d'exploitation de plates-formes mobiles. Notre cours vous permettra d'acqu\u00e9rir une connaissance approfondie de l'exploitation des plates-formes mobiles et de travailler en toute s\u00e9curit\u00e9 dans la profession.&nbsp;&nbsp;<\/p>\n\n\n\n<h2 class=\"wp-block-heading\"><strong>Programme de formation<\/strong>&nbsp;<\/h2>\n\n\n\n<p>Lors des cours dispens\u00e9s dans notre centre, des th\u00e8mes tels que&nbsp;<\/p>\n\n\n\n<ul class=\"wp-block-list\">\n<li>les responsabilit\u00e9s de l'op\u00e9rateur,&nbsp;<\/li>\n\n\n\n<li>la documentation technique de la plate-forme,&nbsp;<\/li>\n\n\n\n<li>les r\u00e8gles de sant\u00e9 et de s\u00e9curit\u00e9,&nbsp;<\/li>\n\n\n\n<li>manuel d'utilisation,&nbsp;<\/li>\n\n\n\n<li>la nature statique des plateformes mobiles,&nbsp;<\/li>\n\n\n\n<li>les dispositifs de s\u00e9curit\u00e9,&nbsp;<\/li>\n\n\n\n<li>la construction et la division de plates-formes mobiles.&nbsp;<\/li>\n<\/ul>\n\n\n\n<p>Avec notre formation, aucune question li\u00e9e aux plateformes mobiles ne vous posera de probl\u00e8me. Nous ferons en sorte que vous terminiez le cours satisfait et confiant dans vos connaissances et vos comp\u00e9tences. Nos instructeurs ont une approche individuelle de chaque \u00e9tudiant et leur approche amicale facilitera votre apprentissage.&nbsp;<\/p>\n\n\n\n<figure class=\"wp-block-embed is-type-video is-provider-youtube wp-block-embed-youtube wp-embed-aspect-16-9 wp-has-aspect-ratio\"><div class=\"wp-block-embed__wrapper\">\n<iframe loading=\"lazy\" title=\"PLATEFORME MOBILE OP\u00c9RATEUR UDT COMPL\u00c9TEZ VOTRE FORMATION AVEC NOUS ! DANS TOUT LE PAYS !\" width=\"500\" height=\"281\" src=\"https:\/\/www.youtube.com\/embed\/CLZn05fOBfI?feature=oembed\" frameborder=\"0\" allow=\"accelerometer; autoplay; clipboard-write; encrypted-media; gyroscope; picture-in-picture; web-share\" referrerpolicy=\"strict-origin-when-cross-origin\" allowfullscreen><\/iframe>\n<\/div><\/figure>\n\n\n\n<h2 class=\"wp-block-heading\"><strong>Cat\u00e9gories d'autorisation UDT pour les plateformes mobiles :<\/strong>&nbsp;<\/h2>\n\n\n\n<ul class=\"wp-block-list\">\n<li>les plates-formes mobiles fixes,&nbsp;<\/li>\n\n\n\n<li>plates-formes mobiles suspendues,&nbsp;<\/li>\n\n\n\n<li>plates-formes de travail s&#039;\u00e9levantes de m\u00e2t,&nbsp;<\/li>\n\n\n\n<li>les plates-formes mobiles,&nbsp;<\/li>\n\n\n\n<li>les plates-formes mobiles sur les v\u00e9hicules ferroviaires.&nbsp;<\/li>\n<\/ul>\n\n\n\n<h2 class=\"wp-block-heading\"><strong>Quelles sont les conditions pour s&#039;inscrire au cours?<\/strong>&nbsp;<\/h2>\n\n\n\n<p>Il suffit d'\u00eatre \u00e2g\u00e9 d'au moins 18 ans, d'avoir suivi au moins un enseignement \u00e9l\u00e9mentaire et de ne pas pr\u00e9senter de contre-indications m\u00e9dicales pour occuper un certain poste.&nbsp;<\/p>\n\n\n<div class=\"wp-block-image\">\n<figure class=\"alignright size-large is-resized\"><img loading=\"lazy\" decoding=\"async\" src=\"https:\/\/odk-ergon.pl\/wp-content\/uploads\/2022\/04\/19-foot-mobile-scissor-lift.png\" alt=\"mat\u00e9riel en stock\" width=\"389\" height=\"260\"\/><\/figure>\n<\/div>\n\n\n<h2 class=\"wp-block-heading\"><strong>Vais-je obtenir un certificat de fin de cours?<\/strong>&nbsp;<\/h2>\n\n\n\n<p>Oui. Votre formation sera sanctionn\u00e9e par un examen devant une commission du bureau de contr\u00f4le technique, qui vous permettra d'obtenir un certificat de qualification professionnelle. <a href=\"https:\/\/odk-ergon.pl\/fr\/szkolenia\/szkolenia-na-suwnice\/uprawnienia\/\">Dipl\u00f4mes UDT<\/a>.&nbsp;<\/p>\n\n\n\n<h2 class=\"wp-block-heading\"><strong>Puis-je travailler \u00e0 l&#039;\u00e9tranger ?<\/strong>&nbsp;<\/h2>\n\n\n\n<p>Oui, les dipl\u00f4mes de l'UDT sont \u00e9galement valables dans l'Union europ\u00e9enne. Les documents d\u00e9livr\u00e9s sont en polonais, mais il est \u00e9galement possible de les obtenir dans d'autres langues, ce qui vous permet de travailler \u00e0 l'\u00e9tranger.&nbsp;<\/p>\n\n\n\n<h2 class=\"wp-block-heading\"><strong>Prix de la formation<\/strong>&nbsp;<\/h2>\n\n\n\n<p>Nous proposons des prix attractifs et des r\u00e9ductions pour les groupes, que vous pouvez consulter dans notre liste de prix, en nous contactant par t\u00e9l\u00e9phone ou en remplissant le formulaire de demande de renseignements.&nbsp;<\/p>\n\n\n\n<h2 class=\"wp-block-heading\"><strong>O\u00f9 se d\u00e9roule le cours ?<\/strong>&nbsp;<\/h2>\n\n\n\n<p>Nous organisons des cours de formation dans notre agence principale \u00e0 Varsovie et dans de nombreuses autres villes de Pologne. Pour des sessions de formation ferm\u00e9es, nous pouvons \u00e9galement nous d\u00e9placer dans tout le pays. N'h\u00e9sitez pas \u00e0 nous contacter pour plus d'informations. Nos experts sont toujours heureux de vous aider. Nous vous invitons \u00e0 consulter notre offre.&nbsp;&nbsp;<\/p>\n\n\n\n<figure class=\"wp-block-image size-large is-resized\"><img loading=\"lazy\" decoding=\"async\" src=\"https:\/\/odk-ergon.pl\/wp-content\/uploads\/2022\/04\/maxresdefault-15.jpg\" alt=\"plateforme mobile\" width=\"803\" height=\"452\"\/><\/figure>\n\n\n\n<h2 class=\"wp-block-heading\"><strong>Escaliers m\u00e9caniques - caract\u00e9ristiques succinctes<\/strong>&nbsp;<\/h2>\n\n\n\n<p>Les plates-formes mobiles sont des grues et font partie du groupe des machines de construction. Selon le type, elles se composent d'une plate-forme suspendue ou soulev\u00e9e par des leviers qui se d\u00e9placent horizontalement et verticalement, ainsi que d'une fl\u00e8che et d'un ch\u00e2ssis. Elles sont le plus souvent utilis\u00e9es en hauteur pour des travaux d'assemblage et de construction. On distingue les fl\u00e8ches articul\u00e9es, t\u00e9lescopiques et articul\u00e9es-t\u00e9lescopiques. Les plates-formes mobiles ont la capacit\u00e9 de se d\u00e9placer, ainsi que l'entra\u00eenement, qui entra\u00eene la capacit\u00e9 de se d\u00e9placer. On distingue les plates-formes \u00e0 entra\u00eenement \u00e9lectrique (\u00e0 partir d'une batterie rechargeable ou du r\u00e9seau \u00e9lectrique) et celles \u00e0 moteur \u00e0 combustion. Au cours de notre formation, nous vous apprendrons \u00e0 les utiliser conform\u00e9ment \u00e0 leur destination et au mode d'emploi.&nbsp;&nbsp;<\/p>\n\n\n\n<p>La nacelle \u00e9l\u00e9vatrice et l'\u00e9l\u00e9vateur \u00e0 ciseaux sont souvent utilis\u00e9s pour des travaux en hauteur, notamment des travaux de d\u00e9coration, de construction, d'installation et de finition. Lorsqu'elles sont utilis\u00e9es pour des travaux ext\u00e9rieurs, les nacelles \u00e9l\u00e9vatrices sont le plus souvent mont\u00e9es sur des remorques de v\u00e9hicules. Leur flexibilit\u00e9 leur permet d'\u00eatre utilis\u00e9es \u00e0 l'ext\u00e9rieur et \u00e0 l'int\u00e9rieur jusqu'\u00e0 plusieurs dizaines de m\u00e8tres. Une port\u00e9e garantie dans toutes les zones de travail difficiles d'acc\u00e8s gr\u00e2ce \u00e0 une liaison t\u00e9lescopique reli\u00e9e \u00e0 un syst\u00e8me d'articulations, et la possibilit\u00e9 de se d\u00e9placer dans toutes les directions, m\u00eame lorsque la nacelle est relev\u00e9e. Les hauteurs ne seront un probl\u00e8me pour personne gr\u00e2ce \u00e0 la possibilit\u00e9 de choisir un \u00e9l\u00e9vateur adapt\u00e9 \u00e0 la hauteur que vous envisagez d'atteindre. Si des mat\u00e9riaux de construction, des \u00e9l\u00e9ments de construction ou des outils extr\u00eamement lourds doivent \u00eatre soulev\u00e9s, il est conseill\u00e9 d'utiliser un \u00e9l\u00e9vateur t\u00e9lescopique ou un chariot t\u00e9lescopique pour ce type de travail. Ces appareils sont utilis\u00e9s pour travailler sur des sols difficiles ou des terrains accident\u00e9s, en utilisant les quatre roues motrices. Il est possible de travailler l\u00e0 o\u00f9 le sol de la plate-forme est tr\u00e8s haut ou \u00e0 distance.&nbsp;&nbsp;<\/p>\n\n\n\n<figure class=\"wp-block-video\"><video controls src=\"https:\/\/odk-ergon.pl\/wp-content\/uploads\/2023\/03\/ACCEPTED-operator-podestow-4K-odk-ergon.mp4\"><\/video><\/figure>\n\n\n\n<p>Les plates-formes t\u00e9lescopiques \u00e0 m\u00e2t, en revanche, sont utilis\u00e9es pour les travaux \u00e0 l'int\u00e9rieur gr\u00e2ce \u00e0 leurs roues non marquantes. Leur faible poids et leurs dimensions compactes permettent d'atteindre les zones de travail les plus difficiles, puis de les soulever et de les d\u00e9placer, malgr\u00e9 toutes sortes d'obstacles. Cependant, les nacelles \u00e0 ciseaux sont surtout utilis\u00e9es pour les travaux int\u00e9rieurs en raison de leurs pneus et de leurs faibles \u00e9missions sonores, bien qu'elles puissent \u00e9galement \u00eatre utilis\u00e9es pour les travaux ext\u00e9rieurs sans probl\u00e8me si la surface est droite et a \u00e9t\u00e9 pr\u00e9alablement pav\u00e9e. Leur principal avantage est leur taille compacte, qui permet de les man\u0153uvrer facilement. Sur les chantiers de construction, les sols non rev\u00eatus ne permettent aux plates-formes mobiles diesel et \u00e0 quatre roues motrices que de travailler. Sur un sol durci, il est possible de travailler avec des plates-formes entra\u00een\u00e9es par un moteur \u00e9lectrique.&nbsp;<\/p>\n\n\n\n<p>Si vous souhaitez am\u00e9liorer consid\u00e9rablement l&#039;efficacit\u00e9 du travail et permettre aux employ\u00e9s d&#039;atteindre des installations \u00e9lev\u00e9es et difficiles d&#039;acc\u00e8s, vous devez envisager le fonctionnement de ces appareils avanc\u00e9s que la technologie moderne nous a fournis ces derni\u00e8res ann\u00e9es. Les t\u00e2ches r\u00e9alis\u00e9es avec des plates-formes rempla\u00e7ant les \u00e9chelles et \u00e9chafaudages classiques permettent d&#039;obtenir les r\u00e9sultats attendus de mani\u00e8re plus efficace, plus rapide et plus s\u00fbre. Dans notre centre, nous vous apprendrons le bon fonctionnement des plates-formes mobiles et vous obtiendrez les qualifications appropri\u00e9es du Bureau de l&#039;inspection technique requises en tant qu&#039;op\u00e9rateur.\u00a0<\/p>\n\n\n\n<figure class=\"wp-block-image size-large is-resized\"><img loading=\"lazy\" decoding=\"async\" src=\"https:\/\/odk-ergon.pl\/wp-content\/uploads\/2022\/11\/Szablon-odk-ergon.png\" alt=\"Dipl\u00f4mes UDT\" width=\"792\" height=\"462\"\/><\/figure>","protected":false},"excerpt":{"rendered":"<p>Jeste\u015bmy o\u015brodkiem szkoleniowym, kt\u00f3ry organizuje profesjonalny kurs na operatora podest\u00f3w ruchomych. Serdecznie zapraszamy do zapoznania si\u0119 z naszym szkoleniem.&nbsp;&nbsp; Czy zastanawia\u0142e\u015b si\u0119 kiedy\u015b nad zmian\u0105 kariery lub poszerzeniem swoich kwalifikacji? Operator podest\u00f3w ruchomych jest jednym z najpopularniejszych oraz cenionych zawod\u00f3w na rynku pracy. Zdob\u0105d\u017a uprawnienia do wykonywania zawodu operatora platform. U nas masz mo\u017cliwo\u015b\u0107 nauczenia si\u0119 wszystkiego od podstaw lub udoskonalenia swoich umiej\u0119tno\u015bci obs\u0142ugi podest\u00f3w ruchomych. Nasz kurs zapewni Ci kompleksow\u0105 wiedz\u0119 z zakresu obs\u0142ugi podest\u00f3w ruchomych oraz bezpiecze\u0144stwa pracy w zawodzie.&nbsp;&nbsp; Program szkolenia&nbsp; Podczas zaj\u0119\u0107 w naszym o\u015brodku zostan\u0105 om\u00f3wione takie zagadnienia jak:&nbsp; Dzi\u0119ki naszemu szkoleniu \u017cadne zagadnienia zwi\u0105zane z platformami mobilnymi nie b\u0119d\u0105 stanowi\u0107 dla Ciebie problemu. Upewnimy si\u0119, \u017ce uko\u0144czysz kurs usatysfakcjonowany i pewny swojej wiedzy i umiej\u0119tno\u015bci. Nasi instruktorzy podchodz\u0105 do ka\u017cdego kursanta indywidualnie, a ich przyjazne podej\u015bcie u\u0142atwi Ci przyswajanie wiedzy.&nbsp; Kategorie uprawnie\u0144 UDT na podesty ruchome:&nbsp; Jakie wymagania nale\u017cy spe\u0142nia\u0107, aby zapisa\u0107 si\u0119 na kurs?&nbsp; Wystarczy, \u017ce masz uko\u0144czone 18 lat, posiadasz przynajmniej wykszta\u0142cenie podstawowe i nie masz \u017cadnych przeciwwskaza\u0144 lekarskich do pracy na okre\u015blonym stanowisku.&nbsp; Czy dostan\u0119 certyfikat uko\u0144czenia kursu?&nbsp; Tak. Twoja nauka zako\u0144czy si\u0119 egzaminem przed komisj\u0105 Urz\u0119du Dozoru Technicznego, dzi\u0119ki kt\u00f3remu uzyskasz uprawnienia UDT.&nbsp; Czy mog\u0119 pracowa\u0107 za granic\u0105?&nbsp; Tak, uprawnienia UDT wa\u017cne s\u0105 r\u00f3wnie\u017c na terenie Unii Europejskiej. Wydawane dokumenty s\u0105 w j\u0119zyku polskim, ale jest mo\u017cliwo\u015b\u0107 uzyskania ich te\u017c w innych j\u0119zykach, dzi\u0119ki czemu mo\u017cna podj\u0105\u0107 prac\u0119 tak\u017ce za granic\u0105.&nbsp; Cena szkolenia&nbsp; Oferujemy atrakcyjne ceny oraz rabaty grupowe, kt\u00f3re mo\u017cesz sprawdzi\u0107 w naszym cenniku, poprzez skontaktowanie si\u0119 z nami telefonicznie lub wype\u0142niaj\u0105c formularz zapytania [&hellip;]<\/p>\n","protected":false},"author":1,"featured_media":2119,"parent":1828,"menu_order":0,"comment_status":"closed","ping_status":"closed","template":"","meta":{"sfsi_plus_gutenberg_text_before_share":"","sfsi_plus_gutenberg_show_text_before_share":"","sfsi_plus_gutenberg_icon_type":"","sfsi_plus_gutenberg_icon_alignemt":"","sfsi_plus_gutenburg_max_per_row":"","footnotes":""},"class_list":["post-2117","page","type-page","status-publish","has-post-thumbnail","hentry","has_thumb"],"aioseo_notices":[],"_links":{"self":[{"href":"https:\/\/odk-ergon.pl\/fr\/wp-json\/wp\/v2\/pages\/2117","targetHints":{"allow":["GET"]}}],"collection":[{"href":"https:\/\/odk-ergon.pl\/fr\/wp-json\/wp\/v2\/pages"}],"about":[{"href":"https:\/\/odk-ergon.pl\/fr\/wp-json\/wp\/v2\/types\/page"}],"author":[{"embeddable":true,"href":"https:\/\/odk-ergon.pl\/fr\/wp-json\/wp\/v2\/users\/1"}],"replies":[{"embeddable":true,"href":"https:\/\/odk-ergon.pl\/fr\/wp-json\/wp\/v2\/comments?post=2117"}],"version-history":[{"count":11,"href":"https:\/\/odk-ergon.pl\/fr\/wp-json\/wp\/v2\/pages\/2117\/revisions"}],"predecessor-version":[{"id":3190,"href":"https:\/\/odk-ergon.pl\/fr\/wp-json\/wp\/v2\/pages\/2117\/revisions\/3190"}],"up":[{"embeddable":true,"href":"https:\/\/odk-ergon.pl\/fr\/wp-json\/wp\/v2\/pages\/1828"}],"wp:featuredmedia":[{"embeddable":true,"href":"https:\/\/odk-ergon.pl\/fr\/wp-json\/wp\/v2\/media\/2119"}],"wp:attachment":[{"href":"https:\/\/odk-ergon.pl\/fr\/wp-json\/wp\/v2\/media?parent=2117"}],"curies":[{"name":"wp","href":"https:\/\/api.w.org\/{rel}","templated":true}]}}