{"id":2124,"date":"2022-04-10T21:39:58","date_gmt":"2022-04-10T19:39:58","guid":{"rendered":"https:\/\/odk-ergon.pl\/?page_id=2124"},"modified":"2023-03-15T13:47:17","modified_gmt":"2023-03-15T12:47:17","slug":"cours-daltitude-2","status":"publish","type":"page","link":"https:\/\/odk-ergon.pl\/fr\/szkolenia\/kurs-wysokosciowy\/kursy-wysokosciowe\/","title":{"rendered":"Cours en hauteur : qualifications et autorisations en hauteur pour les travailleurs"},"content":{"rendered":"<figure class=\"wp-block-image size-large is-resized\"><img loading=\"lazy\" decoding=\"async\" src=\"https:\/\/odk-ergon.pl\/wp-content\/uploads\/2022\/04\/ACS-_A_guide_to_rope_access_window_cleaning.jpg\" alt=\"Un grimpeur industriel nettoie les vitres\" width=\"762\" height=\"438\"\/><\/figure>\n\n\n\n<h2 class=\"wp-block-heading\"><strong>Entra\u00eenement en altitude<\/strong><\/h2>\n\n\n\n<p>Nous vous invitons \u00e0 d\u00e9couvrir notre offre de formation pour le travail en hauteur (y compris les travaux d'alpinisme). Nos formations en hauteur couvrent \u00e0 la fois les travaux de construction et les travaux sur cordes. Nous proposons des cours de base, des cours avanc\u00e9s et des cours de recyclage en altitude. Le contenu de nos cours couvre les th\u00e8mes de la s\u00e9curit\u00e9, des premiers secours et de l'acc\u00e8s aux espaces confin\u00e9s et aux travaux en hauteur, tant sur le plan th\u00e9orique que pratique. Nos projets \u00e9ducatifs (par exemple le cours d'alpinisme) sont \u00e9labor\u00e9s et mis en \u0153uvre en fonction des besoins de formation sp\u00e9cifiques de nos clients.&nbsp;<\/p>\n\n\n\n<h2 class=\"wp-block-heading\"><strong>Le contenu de la formation\u00a0<\/strong><\/h2>\n\n\n\n<p>A chaque fois, la formation est r\u00e9alis\u00e9e sur la base d&#039;une analyse des besoins de formation de nos clients. L&#039;analyse en question tient compte non seulement des exigences l\u00e9gales, mais \u00e9galement des conditions d&#039;une industrie donn\u00e9e et des aspects importants li\u00e9s \u00e0 l&#039;\u00e9tendue de l&#039;activit\u00e9 du client. Dans le cadre du programme de fond de notre formation, les enjeux suivants sont mis en \u0153uvre :&nbsp;<\/p>\n\n\n\n<ul class=\"wp-block-list\">\n<li>Les r\u00e9glementations en mati\u00e8re de sant\u00e9 et de s\u00e9curit\u00e9 et les exigences l\u00e9gales en mati\u00e8re de travail en hauteur,&nbsp;<\/li>\n\n\n\n<li>caract\u00e9ristiques du travail en hauteur,&nbsp;<\/li>\n\n\n\n<li>les al\u00e9as survenant lors de l&#039;ex\u00e9cution des travaux d&#039;alpinisme,&nbsp;<\/li>\n\n\n\n<li>les r\u00e8gles de s\u00e9lection, d&#039;utilisation et de contr\u00f4le des \u00e9quipements,&nbsp;<\/li>\n\n\n\n<li>principes des assurances individuelles et collectives,&nbsp;<\/li>\n\n\n\n<li>techniques de sauvetage.&nbsp;<\/li>\n<\/ul>\n\n\n\n<p>Apr\u00e8s avoir acquis des connaissances th\u00e9oriques, le stagiaire entreprend des t\u00e2ches pratiques sous la direction de nos sp\u00e9cialistes.&nbsp;<\/p>\n\n\n\n<p>Un \u00e9tudiant qui a suivi les deux parties du cours: th\u00e9orique et pratique, recevra les qualifications d&#039;altitude (certificat \/ certificat).&nbsp;<\/p>\n\n\n\n<figure class=\"wp-block-embed is-type-video is-provider-youtube wp-block-embed-youtube wp-embed-aspect-16-9 wp-has-aspect-ratio\"><div class=\"wp-block-embed__wrapper\">\n<iframe loading=\"lazy\" title=\"COURS DE HAUTEUR COMPL\u00c9TEZ VOTRE FORMATION AVEC NOUS ! OBTENIR UNE QUALIFICATION RECONNUE AU NIVEAU NATIONAL\" width=\"500\" height=\"281\" src=\"https:\/\/www.youtube.com\/embed\/esNZek7JXgI?feature=oembed\" frameborder=\"0\" allow=\"accelerometer; autoplay; clipboard-write; encrypted-media; gyroscope; picture-in-picture; web-share\" referrerpolicy=\"strict-origin-when-cross-origin\" allowfullscreen><\/iframe>\n<\/div><\/figure>\n\n\n\n<h2 class=\"wp-block-heading\"><strong>La formation des salari\u00e9s - une obligation et un investissement\u00a0<\/strong><\/h2>\n\n\n\n<p>La loi, qui r\u00e9git les activit\u00e9s d'une entreprise donn\u00e9e, exige souvent des formations obligatoires pour les employ\u00e9s dans certains domaines. Il en va de m\u00eame pour les entreprises qui emploient des travailleurs effectuant des travaux en hauteur. Chaque employ\u00e9 doit satisfaire aux exigences fix\u00e9es par la loi, y compris la possession d'une qualification en hauteur assortie d'un certificat. Il convient de rappeler que les qualifications en hauteur acquises peuvent \u00eatre limit\u00e9es dans le temps et doivent \u00eatre renouvel\u00e9es par une mise \u00e0 jour des connaissances de l'employ\u00e9 (participation \u00e0 une formation de recyclage). Toutefois, il convient de rappeler que la formation des salari\u00e9s (en l'occurrence, les cours d'altitude) ne doit pas \u00eatre une simple obligation l\u00e9gale, mais peut r\u00e9sulter des besoins r\u00e9els de l'entreprise, tant en tant qu'entit\u00e9 \u00e9conomique qu'en tant qu'employeur. La formation du personnel, dans un domaine tel que le travail en hauteur (par exemple, l'alpinisme), influence l'efficacit\u00e9 et la rentabilit\u00e9 de l'ex\u00e9cution des t\u00e2ches externalis\u00e9es et, d'autre part, cr\u00e9e la possibilit\u00e9 d'exploiter au mieux le potentiel des employ\u00e9s et assure leur s\u00e9curit\u00e9 et leur confort au travail. La formation est donc un investissement dans le d\u00e9veloppement de l'entreprise et lui permet de renforcer son image d'employeur fiable et de partenaire commercial moderne.&nbsp;<\/p>\n\n\n\n<p>Formation en hauteur\u00a0: avantages s\u00e9lectionn\u00e9s de la formation des employ\u00e9s&nbsp;<\/p>\n\n\n\n<figure class=\"wp-block-table\"><table><tbody><tr><td><strong>Non.<\/strong>&nbsp;<\/td><td><strong>B\u00e9n\u00e9fice concret<\/strong>&nbsp;<\/td><td><strong>D\u00e9tails<\/strong>&nbsp;<\/td><\/tr><tr><td>1&nbsp;<\/td><td>V\u00e9rification \/ v\u00e9rification des normes&nbsp;<\/td><td>Les parties th\u00e9oriques et pratiques de la formation permettent d'actualiser les connaissances et de rappeler les r\u00e8gles de comportement dans certaines situations.&nbsp;<\/td><\/tr><tr><td>2&nbsp;<\/td><td>\u00c9galisation des comp\u00e9tences&nbsp;<\/td><td>La formation contribue \u00e0 r\u00e9duire les diff\u00e9rences entre les employ\u00e9s et \u00e0 am\u00e9liorer la communication au sein de l'\u00e9quipe.&nbsp;<\/td><\/tr><tr><td>3&nbsp;<\/td><td>Une plus grande autonomie du salari\u00e9&nbsp;<\/td><td>Transfert des t\u00e2ches et des responsabilit\u00e9s \u00e0 l'employ\u00e9 = gain de temps et nouvelles opportunit\u00e9s pour l'employeur.&nbsp;<\/td><\/tr><tr><td>4&nbsp;<\/td><td>R\u00e9duire le taux de rotation du personnel&nbsp;<\/td><td>Investir dans un employ\u00e9 cr\u00e9e des perspectives de d\u00e9veloppement pour ce dernier et renforce son sentiment de loyaut\u00e9 \u00e0 l'\u00e9gard de son employeur.&nbsp;<\/td><\/tr><\/tbody><\/table><\/figure>\n\n\n\n<h2 class=\"wp-block-heading\"><strong>Conditions \u00e0 remplir par chacun des auditeurs\u00a0<\/strong><\/h2>\n\n\n\n<p>Les cours en hauteur sont destin\u00e9s aux personnes qui effectuent des travaux en hauteur dans des endroits non prot\u00e9g\u00e9s. La loi stipule qu'un \u00e9tudiant de notre cours peut \u00eatre une personne qui :&nbsp;<\/p>\n\n\n\n<ul class=\"wp-block-list\">\n<li>est \u00e2g\u00e9 de plus de 18 ans,&nbsp;<\/li>\n\n\n\n<li>a au moins une \u00e9ducation \u00e9l\u00e9mentaire,&nbsp;<\/li>\n\n\n\n<li>fournir un certificat d'un m\u00e9decin du travail attestant qu'il n'y a pas de contre-indication au travail en hauteur pour des raisons de sant\u00e9.&nbsp;<\/li>\n<\/ul>\n\n\n<div class=\"wp-block-image\">\n<figure class=\"alignright size-large is-resized\"><img loading=\"lazy\" decoding=\"async\" src=\"https:\/\/odk-ergon.pl\/wp-content\/uploads\/2022\/04\/6e7298fb7d5d0b8eb77b02a301d719ad_original.62824.jpg\" alt=\"groupe d&#039;\u00e9tudiants\" width=\"403\" height=\"227\"\/><\/figure>\n<\/div>\n\n\n<h2 class=\"wp-block-heading\"><strong>Cat\u00e9gories de formations r\u00e9alis\u00e9es\u00a0<\/strong><\/h2>\n\n\n\n<p>Nous vous informons que nous organisons des stages en altitude en deux cat\u00e9gories, c&#039;est-\u00e0-dire des travaux en hauteur, bas\u00e9s sur :&nbsp;<\/p>\n\n\n\n<ul class=\"wp-block-list\">\n<li>acc\u00e8s \u00e0 la construction (n\u00e9cessit\u00e9 de se d\u00e9placer et de travailler avec l&#039;utilisation d&#039;\u00e9chafaudages, d&#039;\u00e9chelles, de plates-formes ou d&#039;autres structures portables ou fix\u00e9es en permanence),&nbsp;<\/li>\n\n\n\n<li><a href=\"https:\/\/odk-ergon.pl\/fr\/szkolenia\/kurs-wysokosciowy\/\">acc\u00e8s par corde<\/a> (n\u00e9cessit\u00e9 de se d\u00e9placer et de travailler avec du mat\u00e9riel, par exemple une corde d'assurage, des m\u00e9canismes bas\u00e9s sur des syst\u00e8mes de cordes).&nbsp;<\/li>\n<\/ul>\n\n\n\n<p>C'est l'employeur qui d\u00e9cide de l'option de formation \u00e0 retenir. Le plus souvent, ce choix est bas\u00e9 sur le type de t\u00e2ches assign\u00e9es aux employ\u00e9s et la n\u00e9cessit\u00e9 pour eux d'utiliser un certain type d'\u00e9quipement.&nbsp;<\/p>\n\n\n\n<h2 class=\"wp-block-heading\"><strong>Avantages de choisir notre offre de formation\u00a0<\/strong><\/h2>\n\n\n\n<p>Le Centre ERGON est pr\u00e9sent sur le march\u00e9 depuis plus de 15 ans, mais notre exp\u00e9rience dans l'organisation et la conduite de projets \u00e9ducatifs est encore plus ancienne. Pour bon nombre de nos clients actuels, nous sommes un partenaire \u00e9prouv\u00e9 pour la coop\u00e9ration, entre autres, dans l'organisation de projets tels que la formation \u00e0 l'alpinisme. De ce fait, nous sommes parfaitement \u00e9quip\u00e9s en termes de pratique et de contenu pour fournir \u00e0 nos \u00e9tudiants :&nbsp;<\/p>\n\n\n\n<ul class=\"wp-block-list\">\n<li>la formation au travail en hauteur (bas\u00e9e sur les connaissances et l&#039;exp\u00e9rience de notre \u00e9quipe p\u00e9dagogique),&nbsp;<\/li>\n\n\n\n<li>une pr\u00e9paration minutieuse pour la partie qui v\u00e9rifie les progr\u00e8s de la science,&nbsp;<\/li>\n\n\n\n<li>les comp\u00e9tences didactiques des conf\u00e9renciers et des instructeurs dans le cadre des contenus discut\u00e9s et des comp\u00e9tences form\u00e9es,&nbsp;<\/li>\n\n\n\n<li>approche individuelle du personnel,&nbsp;<\/li>\n\n\n\n<li>des supports de formation solidement d\u00e9velopp\u00e9s,&nbsp;<\/li>\n\n\n\n<li>des \u00e9quipements p\u00e9dagogiques adapt\u00e9s (\u00e9quipement complet des postes de travail pour l&#039;acquisition des notions th\u00e9oriques et pour la formation).&nbsp;<\/li>\n<\/ul>\n\n\n\n<figure class=\"wp-block-video\"><video controls src=\"https:\/\/odk-ergon.pl\/wp-content\/uploads\/2023\/03\/ACCEPTED-alpinista-4K-odk-ergon.mp4\"><\/video><\/figure>\n\n\n\n<h2 class=\"wp-block-heading\"><strong>Entra\u00eenement en altitude - une forme de cours\u00a0<\/strong><\/h2>\n\n\n\n<p>Les cours d'altitude sont dispens\u00e9s sur place dans nos centres sp\u00e9cialis\u00e9s. Ils se d\u00e9roulent selon le calendrier d'ODK-ERGON ou peuvent \u00eatre organis\u00e9s \u00e0 la demande du client, offrant ainsi une formule de formation pratique et flexible. Les sujets th\u00e9oriques et pratiques sont abord\u00e9s d'une mani\u00e8re attrayante qui incite nos \u00e9tudiants \u00e0 participer activement aux cours. \u00c0 chaque fois, ils ont la possibilit\u00e9 de poser des questions et de soulever les probl\u00e8mes qui se posent. Les \u00e9tudiants sont \u00e9galement encourag\u00e9s \u00e0 \u00e9tudier le mat\u00e9riel p\u00e9dagogique et \u00e0 pr\u00e9senter leurs exp\u00e9riences professionnelles dans le domaine du travail en hauteur.\u00a0<\/p>\n\n\n\n<h2 class=\"wp-block-heading\"><strong>Comment signaler un besoin de formation\u00a0<\/strong><\/h2>\n\n\n<div class=\"wp-block-image\">\n<figure class=\"alignright size-large is-resized\"><img loading=\"lazy\" decoding=\"async\" src=\"https:\/\/odk-ergon.pl\/wp-content\/uploads\/2022\/04\/7326_51766-scaled.jpg\" alt=\"l&#039;instruction pendant le cours\" width=\"410\" height=\"274\"\/><\/figure>\n<\/div>\n\n\n<p>Si vous \u00eates int\u00e9ress\u00e9 par notre offre de formation, veuillez utiliser le formulaire de contact ou vous adresser \u00e0 nos consultants. Si vous souhaitez obtenir de plus amples informations sur les formations incluant le travail en hauteur (par exemple, le cours d'alpinisme) ou sur d'autres formations th\u00e9matiques, n'h\u00e9sitez pas \u00e0 nous contacter. Nos consultants sont \u00e0 votre disposition pour r\u00e9pondre \u00e0 vos questions. En savoir plus sur nos services&nbsp;<\/p>\n\n\n\n<p>Nous aimerions que vous sachiez que notre <a href=\"https:\/\/odk-ergon.pl\/fr\/cennik\/\">offrir<\/a> La formation n'est pas seulement li\u00e9e \u00e0 des cours dans un domaine tel que le travail en haute altitude, mais elle comprend \u00e9galement :&nbsp;<\/p>\n\n\n\n<ul class=\"wp-block-list\">\n<li>Autorisations G1, G2, G3,&nbsp;<\/li>\n\n\n\n<li>Autorisation de l'UDT\/ TDT\/ WDT,&nbsp;<\/li>\n\n\n\n<li>l&#039;aviation (formation ambulif, cours pour machines de d\u00e9givrage, transporteurs de conteneurs et de palettes),&nbsp;<\/li>\n\n\n\n<li><a href=\"https:\/\/odk-ergon.pl\/fr\/szkolenia\/spawanie\/spawanie-swiatlowodow\/\">soudage de fibres optiques<\/a>.&nbsp;<\/li>\n<\/ul>\n\n\n\n<figure class=\"wp-block-image size-large is-resized\"><img loading=\"lazy\" decoding=\"async\" src=\"https:\/\/odk-ergon.pl\/wp-content\/uploads\/2022\/11\/30-kurs-wysokosciowy-odk-ergon.pl_.png\" alt=\"entra\u00eenement en altitude\" width=\"745\" height=\"434\"\/><\/figure>","protected":false},"excerpt":{"rendered":"<p>Szkolenia wysoko\u015bciowe Zapraszamy Pa\u0144stwa do zapoznania si\u0119 z nasz\u0105 ofert\u0105 szkoleniow\u0105 w zakresie prac wysoko\u015bciowych (w tym tak\u017ce prac alpinistycznych). Nasze kursy wysoko\u015bciowe obejmuj\u0105 zar\u00f3wno dost\u0119p budowlany, jak i linowy. W swojej ofercie posiadamy kursy wysoko\u015bciowe podstawowe, zaawansowane, a tak\u017ce przypominaj\u0105ce. Zakres merytoryczny naszych zaj\u0119\u0107 obejmuje tematy bezpiecze\u0144stwa, pierwszej pomocy przedmedycznej oraz zagadnienia dost\u0119pu do przestrzeni zamkni\u0119tych oraz prac na wysoko\u015bciach, w uj\u0119ciu teoretycznym i praktycznym. Nasze projekty edukacyjne (tj. kurs alpinizmu) s\u0105 opracowane i realizowane w oparciu o konkretne potrzeby szkoleniowe naszych klient\u00f3w.&nbsp; Zakres merytoryczny szkolenia\u00a0 Ka\u017cdorazowo, przeprowadzanie szkole\u0144 odbywa si\u0119 w oparciu o analiz\u0119 potrzeb szkoleniowych naszych klient\u00f3w. Przedmiotowa analiza, bierze pod uwag\u0119 nie tylko wymagania prawne, ale i uwarunkowania danej bran\u017cy oraz istotne aspekty, zwi\u0105zane z zakresem dzia\u0142alno\u015bci firmy klienta. W ramach merytorycznego programu naszych szkole\u0144, realizuje si\u0119 nast\u0119puj\u0105ce zagadnienia:&nbsp; Po zdobyciu wiedzy teoretycznej, uczestnik szkolenia podejmuje si\u0119 wykonywania zada\u0144 praktycznych, pod okiem naszych specjalist\u00f3w.&nbsp; Uprawnienia wysoko\u015bciowe (\u015bwiadectwo\/ certyfikat) otrzyma s\u0142uchacz, kt\u00f3ry uko\u0144czy\u0142 obie cz\u0119\u015bci kursu: teoretyczn\u0105 i praktyczn\u0105.&nbsp; Szkolenie pracownik\u00f3w \u2013 obowi\u0105zek i inwestycja\u00a0 Prawo, reguluj\u0105ce dzia\u0142alno\u015b\u0107 danego przedsi\u0119biorstwa, cz\u0119sto wymaga obligatoryjnego przeszkolenia pracownik\u00f3w w okre\u015blonych zakresach. Nie inaczej jest w przypadku firm, korzystaj\u0105cych z zatrudnienia pracownik\u00f3w, wykonuj\u0105cych prace wysoko\u015bciowe. Ka\u017cdy zatrudniony powinien spe\u0142nia\u0107 okre\u015blone prawem warunki, m.in. posiada\u0107 uprawnienia wysoko\u015bciowe, poparte \u015bwiadectwem\/ certyfikatem. Nale\u017cy pami\u0119ta\u0107, i\u017c zdobyte uprawnienia wysoko\u015bciowe mog\u0105 by\u0107 ograniczone czasowo i nale\u017cy je odnawia\u0107 na drodze aktualizowania wiedzy pracownika (udzia\u0142 w szkoleniu przypominaj\u0105cym). Jednak\u017ce warto mie\u0107 na uwadze, i\u017c szkolenie pracownik\u00f3w (w tym przypadku kursy wysoko\u015bciowe) nie musi by\u0107 jedynie obowi\u0105zkiem prawnym, a mo\u017ce wynika\u0107 z realnych [&hellip;]<\/p>\n","protected":false},"author":1,"featured_media":2126,"parent":1606,"menu_order":0,"comment_status":"closed","ping_status":"closed","template":"","meta":{"sfsi_plus_gutenberg_text_before_share":"","sfsi_plus_gutenberg_show_text_before_share":"","sfsi_plus_gutenberg_icon_type":"","sfsi_plus_gutenberg_icon_alignemt":"","sfsi_plus_gutenburg_max_per_row":"","footnotes":""},"class_list":["post-2124","page","type-page","status-publish","has-post-thumbnail","hentry","has_thumb"],"aioseo_notices":[],"_links":{"self":[{"href":"https:\/\/odk-ergon.pl\/fr\/wp-json\/wp\/v2\/pages\/2124","targetHints":{"allow":["GET"]}}],"collection":[{"href":"https:\/\/odk-ergon.pl\/fr\/wp-json\/wp\/v2\/pages"}],"about":[{"href":"https:\/\/odk-ergon.pl\/fr\/wp-json\/wp\/v2\/types\/page"}],"author":[{"embeddable":true,"href":"https:\/\/odk-ergon.pl\/fr\/wp-json\/wp\/v2\/users\/1"}],"replies":[{"embeddable":true,"href":"https:\/\/odk-ergon.pl\/fr\/wp-json\/wp\/v2\/comments?post=2124"}],"version-history":[{"count":12,"href":"https:\/\/odk-ergon.pl\/fr\/wp-json\/wp\/v2\/pages\/2124\/revisions"}],"predecessor-version":[{"id":3160,"href":"https:\/\/odk-ergon.pl\/fr\/wp-json\/wp\/v2\/pages\/2124\/revisions\/3160"}],"up":[{"embeddable":true,"href":"https:\/\/odk-ergon.pl\/fr\/wp-json\/wp\/v2\/pages\/1606"}],"wp:featuredmedia":[{"embeddable":true,"href":"https:\/\/odk-ergon.pl\/fr\/wp-json\/wp\/v2\/media\/2126"}],"wp:attachment":[{"href":"https:\/\/odk-ergon.pl\/fr\/wp-json\/wp\/v2\/media?parent=2124"}],"curies":[{"name":"wp","href":"https:\/\/api.w.org\/{rel}","templated":true}]}}