{"id":2208,"date":"2022-05-22T18:58:31","date_gmt":"2022-05-22T16:58:31","guid":{"rendered":"https:\/\/odk-ergon.pl\/?page_id=2208"},"modified":"2026-04-14T11:14:55","modified_gmt":"2026-04-14T09:14:55","slug":"soudure-fibres-optiques-2","status":"publish","type":"page","link":"https:\/\/odk-ergon.pl\/fr\/szkolenia\/spawanie\/spawanie-swiatlowodow\/","title":{"rendered":"Cours de soudage fibre optique ERGON"},"content":{"rendered":"<div class=\"wp-block-image\">\n<figure class=\"alignright size-large is-resized\"><img decoding=\"async\" src=\"https:\/\/odk-ergon.pl\/wp-content\/uploads\/2022\/05\/KomShine-SM-OTDR-Launch-Cable-Ring-Singlemode-150m-300m-500m-1000m-OTDR-Dead-Zone-Eliminator-Fiber-1.jpg\" alt=\"\u00e9quipement professionnel\" style=\"width:327px;height:327px\"\/><\/figure>\n<\/div>\n\n\n<p>Nous vous invitons \u00e0 participer \u00e0 notre formation en soudage de fibres optiques. Nous vous pr\u00e9parerons de mani\u00e8re efficace et experte \u00e0 votre travail de soudeur de r\u00e9seaux FTTH. Les formations propos\u00e9es par ERGON sont consacr\u00e9es \u00e0 tous les aspects de la technologie de la fibre optique. Les connaissances et les comp\u00e9tences en mati\u00e8re de technologie de la fibre optique ne peuvent \u00eatre acquises qu'en suivant une formation professionnelle et des cours de soudage. Nos formateurs sont qualifi\u00e9s et mettent l'accent sur les comp\u00e9tences pratiques. Nous partageons nos connaissances et notre exp\u00e9rience de la technologie des fibres optiques depuis plus de vingt ans.&nbsp;<\/p>\n\n\n\n<h2 class=\"wp-block-heading\"><strong>Programme de formation&nbsp;<\/strong><\/h2>\n\n\n\n<p>Nous fournissons un aper\u00e7u pratique et th\u00e9orique des sp\u00e9cificit\u00e9s du travail dans l'industrie. Notre cours garantit que les participants sont pr\u00e9par\u00e9s \u00e0 effectuer des activit\u00e9s de soudage de fibres optiques. Pendant le cours, nos sp\u00e9cialistes discuteront des questions relatives aux t\u00e9l\u00e9communications FTTH.&nbsp;&nbsp;<\/p>\n\n\n\n<p>Sujets abord\u00e9s lors de la formation :&nbsp;<\/p>\n\n\n\n<ul class=\"wp-block-list\">\n<li>la structure et les types de c\u00e2bles \u00e0 fibres optiques,&nbsp;<\/li>\n\n\n\n<li>la construction de fibres optiques,&nbsp;<\/li>\n\n\n\n<li>Types de connecteurs pour fibres optiques et applications,&nbsp;<\/li>\n\n\n\n<li>M\u00e9thodes de pose du c\u00e2ble FTTH,&nbsp;<\/li>\n\n\n\n<li>pr\u00e9paration des c\u00e2bles pour la coupe,&nbsp;<\/li>\n\n\n\n<li>la familiarisation avec le processus d'installation des connecteurs de fibres optiques,&nbsp;<\/li>\n\n\n\n<li>les types et le fonctionnement des machines \u00e0 souder les fibres optiques,&nbsp;<\/li>\n\n\n\n<li>Techniques de soudage des fibres FTTH,&nbsp;<\/li>\n\n\n\n<li>la fabrication de connecteurs de fibres optiques par collage,&nbsp;<\/li>\n\n\n\n<li>la d\u00e9termination des param\u00e8tres des joints thermiques,&nbsp;<\/li>\n\n\n\n<li>la d\u00e9tection et la correction des erreurs lors de l'\u00e9pissage,&nbsp;<\/li>\n\n\n\n<li>effectuer des mesures de contr\u00f4le,&nbsp;<\/li>\n\n\n\n<li>les r\u00e8gles de sant\u00e9 et de s\u00e9curit\u00e9 en vigueur pendant les travaux.&nbsp;<\/li>\n<\/ul>\n\n\n\n<figure class=\"wp-block-image size-large is-resized\"><img decoding=\"async\" src=\"https:\/\/odk-ergon.pl\/wp-content\/uploads\/2022\/05\/IMG_2502x1200.jpg\" alt=\"les personnes au travail\" style=\"width:778px;height:584px\"\/><\/figure>\n\n\n\n<h2 class=\"wp-block-heading\"><strong>A qui s&#039;adresse la formation raccordement fibre optique ?&nbsp;<\/strong><\/h2>\n\n\n\n<ul class=\"wp-block-list\">\n<li>les particuliers et les employ\u00e9s,&nbsp;<\/li>\n\n\n\n<li>les installateurs et les travailleurs du secteur des t\u00e9l\u00e9communications,&nbsp;<\/li>\n\n\n\n<li>les installateurs de r\u00e9seaux informatiques,&nbsp;<\/li>\n\n\n\n<li>Personnel informatique,&nbsp;<\/li>\n\n\n\n<li>les commer\u00e7ants et les magasins de l'industrie \u00e9lectronique,&nbsp;<\/li>\n\n\n\n<li>des entreprises des secteurs de l'industrie et de l'\u00e9lectronique,&nbsp;<\/li>\n\n\n\n<li>Fournisseurs d'acc\u00e8s \u00e0 Internet,&nbsp;<\/li>\n\n\n\n<li>les personnes d\u00e9sireuses d'am\u00e9liorer leurs qualifications,&nbsp;<\/li>\n\n\n\n<li>les salari\u00e9s qui envisagent de se reconvertir.&nbsp;<\/li>\n<\/ul>\n\n\n\n<h2 class=\"wp-block-heading\"><strong>Pourquoi cela vaut-il la peine de devenir soudeur fibre optique ?&nbsp;<\/strong><\/h2>\n\n\n\n<p>L&#039;ouverture des march\u00e9s du travail dans l&#039;Union europ\u00e9enne a cr\u00e9\u00e9 de nouvelles possibilit\u00e9s d&#039;emploi r\u00e9mun\u00e9r\u00e9, en particulier pour les professionnels qualifi\u00e9s. En raison de la popularit\u00e9 croissante des fibres optiques, la demande pour ce type de soudeurs a consid\u00e9rablement augment\u00e9 dans toute l&#039;Europe. Comme les fibres optiques sont utilis\u00e9es dans diverses industries, le travail dans ce type de soudage garantit la possibilit\u00e9 d&#039;un d\u00e9veloppement continu.&nbsp;<\/p>\n\n\n\n<h2 class=\"wp-block-heading\"><strong>Qu&#039;est-ce que le soudage par fibre optique ?&nbsp;<\/strong><\/h2>\n\n\n\n<p>Les r\u00e9seaux de fibres optiques sont utilis\u00e9s pour la transmission de donn\u00e9es. Cette technologie permet de transmettre et de recevoir des informations et constitue l'un des moyens de transmission les plus fiables et les plus s\u00fbrs. Les fibres optiques sont \u00e9galement utilis\u00e9es dans les techniques d'endoscopie ou en opto\u00e9lectronique. Cette technologie domine le march\u00e9 en raison de sa grande port\u00e9e et de l'efficacit\u00e9 de la transmission des donn\u00e9es.&nbsp;&nbsp;<\/p>\n\n\n\n<p>Le processus de soudage des fibres optiques peut \u00eatre divis\u00e9 en plusieurs \u00e9tapes :&nbsp;<\/p>\n\n\n\n<ul class=\"wp-block-list\">\n<li>la disposition et la pr\u00e9paration des fibres,&nbsp;<\/li>\n\n\n\n<li>le d\u00e9pouillement,&nbsp;<\/li>\n\n\n\n<li>le nettoyage et la coupe des c\u00e2bles,&nbsp;<\/li>\n\n\n\n<li>la soudure,&nbsp;<\/li>\n\n\n\n<li>thermique,&nbsp;<\/li>\n\n\n\n<li>m\u00e9canique,&nbsp;<\/li>\n\n\n\n<li>la mesure de l'att\u00e9nuation.&nbsp;<\/li>\n<\/ul>\n\n\n\n<p>L'\u00e9pissage des fibres optiques consiste \u00e0 fondre et \u00e0 assembler des fibres optiques \u00e0 l'aide d'une \u00e9pissureuse optique sp\u00e9cialis\u00e9e. Il est possible d'utiliser un \u00e9pisseur m\u00e9canique contenant un gel optique qui comble les lacunes entre les fibres.&nbsp;<\/p>\n\n\n<div class=\"wp-block-image\">\n<figure class=\"alignright size-large is-resized\"><img decoding=\"async\" src=\"https:\/\/odk-ergon.pl\/wp-content\/uploads\/2022\/05\/12ciminstall_photo_1.png\" alt=\"homme au travail\" style=\"width:264px;height:412px\"\/><\/figure>\n<\/div>\n\n\n<h2 class=\"wp-block-heading\"><strong>Qu&#039;est-ce qu&#039;un soudeur de fibre\u00a0?&nbsp;<\/strong><\/h2>\n\n\n\n<p>Un outil indispensable pour un soudeur \u00e0 fibre optique est un soudeur sp\u00e9cialis\u00e9 qui prend en charge une large gamme de fibres. L&#039;appareil vous permet de souder des fibres optiques rapidement et avec pr\u00e9cision. Lorsque vous travaillez avec cet \u00e9quipement, les facteurs cl\u00e9s sont la s\u00e9lection des param\u00e8tres, la longueur de coupe et le nombre de soudures effectu\u00e9es au cours d&#039;un cycle de travail.&nbsp;<\/p>\n\n\n\n<h2 class=\"wp-block-heading\"><strong>But de la formation&nbsp;<\/strong><\/h2>\n\n\n\n<p>La formation propos\u00e9e par ERGON est destin\u00e9e \u00e0 ceux qui veulent apprendre les bases de la technologie de la fibre optique et \u00e0 ceux dont le travail exige des connaissances sur la construction de lignes d'optot\u00e9l\u00e9communication et de leurs composants, ainsi que la capacit\u00e9 de connecter et de mesurer des r\u00e9seaux de fibre optique.&nbsp;&nbsp;<\/p>\n\n\n\n<h2 class=\"wp-block-heading\"><strong>Conditions&nbsp;<\/strong><\/h2>\n\n\n\n<p>Le stage raccordement fibre optique s&#039;adresse aux personnes qui :&nbsp;<\/p>\n\n\n\n<ul class=\"wp-block-list\">\n<li>sont \u00e2g\u00e9s d'au moins 18 ans,&nbsp;<\/li>\n\n\n\n<li>avoir termin\u00e9 au moins l'\u00e9cole primaire,&nbsp;<\/li>\n<\/ul>\n\n\n\n<h2 class=\"wp-block-heading\"><strong>Droits<\/strong>&nbsp;<\/h2>\n\n\n\n<p>La participation \u00e0 la formation permet d&#039;obtenir des qualifications en soudage confirm\u00e9es par un certificat.&nbsp;<\/p>\n\n\n\n<h2 class=\"wp-block-heading\"><strong>Lieu de formation<\/strong>&nbsp;<\/h2>\n\n\n\n<p>Des sessions de formation en soudage ont lieu dans nos succursales \u00e0 travers le pays. Nous proposons \u00e9galement des formations ferm\u00e9es, que nous r\u00e9aliserons dans un lieu convenant au client apr\u00e8s accord pr\u00e9alable.&nbsp;<\/p>\n\n\n\n<figure class=\"wp-block-video\"><video controls src=\"https:\/\/odk-ergon.pl\/wp-content\/uploads\/2023\/03\/ACCEPTED-spawacz-swiatlowodOW-4K-odk-ergon.mp4\"><\/video><\/figure>\n\n\n\n<h2 class=\"wp-block-heading\"><strong>Prix<\/strong>&nbsp;<\/h2>\n\n\n\n<p>La formation chez ERGON garantit une approche professionnelle et des prix attractifs. Nous avons pr\u00e9vu des r\u00e9ductions int\u00e9ressantes pour les groupes plus importants. Veuillez nous contacter pour obtenir des informations d\u00e9taill\u00e9es sur les prix.&nbsp;<\/p>\n\n\n\n<h2 class=\"wp-block-heading\"><strong>Pourquoi vaut-il la peine de se former chez ERGON ?<\/strong>&nbsp;<\/h2>\n\n\n\n<p>Le cours que nous proposons offre une pr\u00e9paration th\u00e9orique et pratique \u00e0 la profession. Pendant la formation, nous mettons l'accent sur la qualification compl\u00e8te de nos stagiaires. Nous avons plus de 20 ans d'exp\u00e9rience, au cours desquels nous avons form\u00e9 des milliers de personnes. Notre formation permet d'acqu\u00e9rir les connaissances n\u00e9cessaires pour installer soi-m\u00eame des c\u00e2bles \u00e0 fibres optiques, r\u00e9aliser des \u00e9pissures m\u00e9caniques et thermiques, installer des commutateurs et des coupleurs \u00e0 fibres optiques et effectuer des mesures de transmission et de r\u00e9flectom\u00e9trie. Alors que la demande en sp\u00e9cialistes de l'installation de r\u00e9seaux de fibres optiques ne cesse de cro\u00eetre, nous r\u00e9pondons aux attentes de nos clients et transmettons les connaissances d'une mani\u00e8re accessible et tr\u00e8s efficace.&nbsp;&nbsp;<\/p>\n\n\n\n<p>Si vous avez des questions sur notre offre, n'h\u00e9sitez pas \u00e0 nous contacter - notre personnel se fera un plaisir de vous aider \u00e0 dissiper vos doutes. Nous vous encourageons \u00e0 choisir nos services ! L'\u00e9quipe ODK ERGON&nbsp;<\/p>\n\n\n\n<h2 class=\"wp-block-heading\"><strong>Autres formations de notre offre :<\/strong>&nbsp;<\/h2>\n\n\n\n<ul class=\"wp-block-list\">\n<li>formation \u00e0 l'\u00e9nergie G1 G2 G3,&nbsp;<\/li>\n\n\n\n<li>le travail en hauteur,&nbsp;<\/li>\n\n\n\n<li>Droits UDT\/TDT\/WDT.&nbsp;<\/li>\n<\/ul>\n\n\n\n<figure class=\"wp-block-image size-large is-resized\"><img decoding=\"async\" src=\"https:\/\/odk-ergon.pl\/wp-content\/uploads\/2022\/11\/76-Spawanie-swiatlowodow-odk-ergon.pl_.png\" alt=\"soudage de fibres optiques\" style=\"width:739px;height:431px\"\/><\/figure>","protected":false},"excerpt":{"rendered":"<p>Zapraszamy do wzi\u0119cia udzia\u0142u w naszym szkoleniu spawania \u015bwiat\u0142owod\u00f3w. Efektywnie i fachowo przygotujemy Ci\u0119 do pracy jako spawacz sieci FTTH. Oferowane przez ERGON szkolenie po\u015bwi\u0119cone jest wszystkim aspektom techniki \u015bwiat\u0142owodowej. Wiedz\u0119 i umiej\u0119tno\u015bci z zakresu technologii \u015bwiat\u0142owodowych mo\u017cna zdoby\u0107 tylko przez uczestnictwo w profesjonalnych szkoleniach i kursach spawania. Nasi prowadz\u0105cy dysponuj\u0105 odpowiednimi kwalifikacjami i k\u0142ad\u0105 szczeg\u00f3lny nacisk na umiej\u0119tno\u015bci praktyczne. Dzielimy si\u0119 nasz\u0105 wiedz\u0105 i do\u015bwiadczeniem w zakresie technologii \u015bwiat\u0142owodowych od ponad dwudziestu lat.&nbsp; Program szkolenia&nbsp; Zapewniamy zapoznanie si\u0119 ze specyfik\u0105 pracy w bran\u017cy od strony praktycznej i teoretycznej. Nasz kurs zapewnia przygotowanie uczestnik\u00f3w do wykonywania czynno\u015bci zwi\u0105zanych ze zgrzewaniem \u015bwiat\u0142owod\u00f3w. W czasie szkolenia nasi specjali\u015bci om\u00f3wi\u0105 zagadnienia zwi\u0105zanie z telekomunikacj\u0105 FTTH.&nbsp;&nbsp; Tematy omawiane podczas szkolenia:&nbsp; Do kogo kierowane jest szkolenie \u0142\u0105czenia \u015bwiat\u0142owod\u00f3w?&nbsp; Dlaczego warto zosta\u0107 spawaczem \u015bwiat\u0142owod\u00f3w?&nbsp; Otwarcie rynk\u00f3w pracy w Unii Europejskiej stworzy\u0142o nowe mo\u017cliwo\u015bci pracy zarobkowej, zw\u0142aszcza dla wykwalifikowanych fachowc\u00f3w. Ze wzgl\u0119du na rosn\u0105c\u0105 popularno\u015b\u0107 \u015bwiat\u0142owod\u00f3w, w ca\u0142ej Europie znacz\u0105co wzr\u00f3s\u0142 popyt na spawaczy tego typu. Poniewa\u017c \u015bwiat\u0142owody u\u017cywane s\u0105 w r\u00f3\u017cnych bran\u017cach przemys\u0142u, praca w tego typu spawalnictwie gwarantuje mo\u017cliwo\u015b\u0107 ci\u0105g\u0142ego rozwoju.&nbsp; Czym jest spawanie \u015bwiat\u0142owod\u00f3w?&nbsp; Sieci \u015bwiat\u0142owodowe wykorzystywane s\u0105 do transmisji danych. Technologia ta u\u017cywana jest do przesy\u0142ania i odbioru informacji, nale\u017cy do bezawaryjnych i niezawodnych medi\u00f3w transmisyjnych. \u015awiat\u0142owody stosowane s\u0105 tak\u017ce w technikach endoskopowych czy optoelektronice. Ze wzgl\u0119du na sw\u00f3j szeroki zasi\u0119g oraz efektywno\u015b\u0107 transmisji danych technologia ta zdominowa\u0142a rynek.&nbsp;&nbsp; Proces spawania \u015bwiat\u0142owod\u00f3w mo\u017cna podzieli\u0107 na kilka etap\u00f3w:&nbsp; Spawanie \u015bwiat\u0142owod\u00f3w polega na topieniu i \u0142\u0105czeniu ze sob\u0105 w\u0142\u00f3kien \u015bwiat\u0142owodowych za pomoc\u0105 specjalistycznej spawarki optycznej. Mo\u017cliwe jest wykorzystanie spawu mechanicznego [&hellip;]<\/p>\n","protected":false},"author":1,"featured_media":2212,"parent":2137,"menu_order":0,"comment_status":"closed","ping_status":"closed","template":"","meta":{"sfsi_plus_gutenberg_text_before_share":"","sfsi_plus_gutenberg_show_text_before_share":"","sfsi_plus_gutenberg_icon_type":"","sfsi_plus_gutenberg_icon_alignemt":"","sfsi_plus_gutenburg_max_per_row":"","footnotes":""},"class_list":["post-2208","page","type-page","status-publish","has-post-thumbnail","hentry","has_thumb"],"aioseo_notices":[],"_links":{"self":[{"href":"https:\/\/odk-ergon.pl\/fr\/wp-json\/wp\/v2\/pages\/2208","targetHints":{"allow":["GET"]}}],"collection":[{"href":"https:\/\/odk-ergon.pl\/fr\/wp-json\/wp\/v2\/pages"}],"about":[{"href":"https:\/\/odk-ergon.pl\/fr\/wp-json\/wp\/v2\/types\/page"}],"author":[{"embeddable":true,"href":"https:\/\/odk-ergon.pl\/fr\/wp-json\/wp\/v2\/users\/1"}],"replies":[{"embeddable":true,"href":"https:\/\/odk-ergon.pl\/fr\/wp-json\/wp\/v2\/comments?post=2208"}],"version-history":[{"count":11,"href":"https:\/\/odk-ergon.pl\/fr\/wp-json\/wp\/v2\/pages\/2208\/revisions"}],"predecessor-version":[{"id":3706,"href":"https:\/\/odk-ergon.pl\/fr\/wp-json\/wp\/v2\/pages\/2208\/revisions\/3706"}],"up":[{"embeddable":true,"href":"https:\/\/odk-ergon.pl\/fr\/wp-json\/wp\/v2\/pages\/2137"}],"wp:featuredmedia":[{"embeddable":true,"href":"https:\/\/odk-ergon.pl\/fr\/wp-json\/wp\/v2\/media\/2212"}],"wp:attachment":[{"href":"https:\/\/odk-ergon.pl\/fr\/wp-json\/wp\/v2\/media?parent=2208"}],"curies":[{"name":"wp","href":"https:\/\/api.w.org\/{rel}","templated":true}]}}