{"id":2267,"date":"2022-06-23T11:30:59","date_gmt":"2022-06-23T09:30:59","guid":{"rendered":"https:\/\/odk-ergon.pl\/?page_id=2267"},"modified":"2023-03-15T13:18:41","modified_gmt":"2023-03-15T12:18:41","slug":"cours-de-protection-chute","status":"publish","type":"page","link":"https:\/\/odk-ergon.pl\/fr\/szkolenia\/kurs-wysokosciowy\/kurs-ochrony-przed-upadkiem\/","title":{"rendered":"Cours de protection contre les chutes"},"content":{"rendered":"<div class=\"wp-block-image\">\n<figure class=\"alignright size-large is-resized\"><img loading=\"lazy\" decoding=\"async\" src=\"https:\/\/odk-ergon.pl\/wp-content\/uploads\/2022\/06\/IMG_3430-scaled-1.jpeg\" alt=\"travaux effectu\u00e9s en hauteur\" width=\"292\" height=\"389\"\/><\/figure>\n<\/div>\n\n\n<p><a href=\"https:\/\/odk-ergon.pl\/fr\/o-firmie\/\">ODK ERGON<\/a> invite les personnes int\u00e9ress\u00e9es \u00e0 s'inscrire \u00e0 un cours sur la protection contre les chutes, c'est-\u00e0-dire sur l'utilisation correcte des harnais de s\u00e9curit\u00e9. Les \u00e9quipements de protection individuelle ne doivent \u00eatre utilis\u00e9s que par des personnes form\u00e9es \u00e0 cet effet. La formation porte sur des connaissances th\u00e9oriques et pratiques dont l'acquisition vous permettra de travailler en hauteur en toute s\u00e9curit\u00e9 et contribuera \u00e0 r\u00e9duire les risques d'accidents du travail.&nbsp;&nbsp;&nbsp;<\/p>\n\n\n\n<h2 class=\"wp-block-heading\"><strong>Connaissances acquises lors de la formation<\/strong>&nbsp;<\/h2>\n\n\n\n<p>Au cours de la formation, vous serez enti\u00e8rement pr\u00e9par\u00e9 \u00e0 l'utilisation correcte de l'\u00e9quipement de protection contre les chutes et \u00e0 la tenue correcte des registres de l'\u00e9quipement. La formation est divis\u00e9e en parties th\u00e9oriques et pratiques.&nbsp;&nbsp;<\/p>\n\n\n\n<p>Le programme de formation aborde les th\u00e8mes suivants :&nbsp;<\/p>\n\n\n\n<ul class=\"wp-block-list\">\n<li>bases l\u00e9gales et r\u00e9glementations du travail en hauteur,&nbsp;<\/li>\n\n\n\n<li>r\u00e9glementations et normes pour les composants des \u00e9quipements de protection individuelle contre les chutes,&nbsp;<\/li>\n\n\n\n<li>les dangers existants et l'\u00e9valuation des risques,&nbsp;<\/li>\n\n\n\n<li>caract\u00e9ristiques et types de composants des harnais de s\u00e9curit\u00e9,&nbsp;<\/li>\n\n\n\n<li>s\u00e9lection ad\u00e9quate des \u00e9quipements pour le type de travail effectu\u00e9,&nbsp;<\/li>\n\n\n\n<li>les dommages les plus courants aux \u00e9quipements de protection,&nbsp;<\/li>\n\n\n\n<li>intervenir dans les situations d&#039;urgence,&nbsp;<\/li>\n\n\n\n<li>remplir la fiche d'utilisation.&nbsp;<\/li>\n<\/ul>\n\n\n\n<p>Dans la partie pratique :&nbsp;<\/p>\n\n\n\n<ul class=\"wp-block-list\">\n<li>vous apprendrez les m\u00e9thodes pour vous s\u00e9curiser,&nbsp;<\/li>\n\n\n\n<li>vous apprendrez \u00e0 bien r\u00e9gler et utiliser le harnais,&nbsp;<\/li>\n\n\n\n<li>vous en apprendrez plus sur les syst\u00e8mes antichute,&nbsp;<\/li>\n\n\n\n<li>vous apprendrez \u00e0 vous d\u00e9placer \u00e0 l&#039;aide d&#039;ancres fixes,&nbsp;<\/li>\n\n\n\n<li>vous apprendrez les m\u00e9thodes d&#039;\u00e9vacuation en hauteur.&nbsp;<\/li>\n<\/ul>\n\n\n\n<p>Apr\u00e8s avoir termin\u00e9 la formation, les participants auront les connaissances th\u00e9oriques et les comp\u00e9tences pratiques n\u00e9cessaires pour utiliser divers \u00e9quipements de protection contre les chutes, de positionnement et de retenue. Un \u00e9l\u00e9ment cl\u00e9 de cette formation est la grande quantit\u00e9 d&#039;exercices pratiques.&nbsp;<strong>&nbsp;<\/strong>&nbsp;<strong>&nbsp;<\/strong>&nbsp;<\/p>\n\n\n\n<figure class=\"wp-block-embed is-type-video is-provider-youtube wp-block-embed-youtube wp-embed-aspect-16-9 wp-has-aspect-ratio\"><div class=\"wp-block-embed__wrapper\">\n<iframe loading=\"lazy\" title=\"COURS DE HAUTEUR COMPL\u00c9TEZ VOTRE FORMATION AVEC NOUS ! OBTENIR UNE QUALIFICATION RECONNUE AU NIVEAU NATIONAL\" width=\"500\" height=\"281\" src=\"https:\/\/www.youtube.com\/embed\/esNZek7JXgI?feature=oembed\" frameborder=\"0\" allow=\"accelerometer; autoplay; clipboard-write; encrypted-media; gyroscope; picture-in-picture; web-share\" referrerpolicy=\"strict-origin-when-cross-origin\" allowfullscreen><\/iframe>\n<\/div><\/figure>\n\n\n\n<h2 class=\"wp-block-heading\"><strong>But du cours<\/strong>&nbsp;<\/h2>\n\n\n\n<p>La formation propos\u00e9e par ERGON est con\u00e7ue pour pr\u00e9parer les employ\u00e9s \u00e0 travailler en hauteur en toute s\u00e9curit\u00e9 \u00e0 l'aide d'un harnais de s\u00e9curit\u00e9. Le cours vous pr\u00e9pare efficacement \u00e0 appliquer les connaissances et les comp\u00e9tences que vous avez acquises aux situations de travail en hauteur.&nbsp;<strong>&nbsp;&nbsp;<\/strong>&nbsp;<\/p>\n\n\n\n<h2 class=\"wp-block-heading\"><strong>Pr\u00e9requis n\u00e9cessaires pour commencer le cours<\/strong>&nbsp;<\/h2>\n\n\n\n<p>La formation peut \u00eatre suivie par une personne qui :&nbsp;<\/p>\n\n\n\n<ul class=\"wp-block-list\">\n<li>est \u00e2g\u00e9 de plus de 18 ans,&nbsp;<\/li>\n\n\n\n<li>poss\u00e8de un minimum d'\u00e9ducation de base,&nbsp;<\/li>\n\n\n\n<li>est titulaire d'un certificat m\u00e9dical valide pour travailler \u00e0 une hauteur sup\u00e9rieure \u00e0 3 m\u00e8tres.&nbsp;<\/li>\n<\/ul>\n\n\n\n<h2 class=\"wp-block-heading\"><strong>Quelles sont les activit\u00e9s incluses dans le travail en hauteur ?<\/strong>&nbsp;<\/h2>\n\n\n\n<p>Toute activit\u00e9 exerc\u00e9e par un travailleur sur une surface situ\u00e9e \u00e0 plus d'un m\u00e8tre au-dessus du sol est consid\u00e9r\u00e9e comme un travail en hauteur. Il incombe \u00e0 l'employeur de superviser directement ce travail et de garantir des mesures de s\u00e9curit\u00e9 telles que des harnais de s\u00e9curit\u00e9. Les travaux effectu\u00e9s en hauteur peuvent comprendre&nbsp;<\/p>\n\n\n\n<ul class=\"wp-block-list\">\n<li>construction ou d\u00e9molition de b\u00e2timents,&nbsp;<\/li>\n\n\n\n<li>r\u00e9aliser l&#039;isolation ou la r\u00e9novation de la fa\u00e7ade,&nbsp;<\/li>\n\n\n\n<li>activit\u00e9s r\u00e9alis\u00e9es sur le toit,&nbsp;<\/li>\n\n\n\n<li>travaux lors de la construction et de la r\u00e9novation de ponts, viaducs, etc.,&nbsp;<\/li>\n\n\n\n<li>interventions sur silos et cuves,&nbsp;<\/li>\n\n\n\n<li>nettoyer et laver les vitres des immeubles de grande hauteur,&nbsp;<\/li>\n\n\n\n<li>entretien et abattage des arbres.&nbsp;<\/li>\n<\/ul>\n\n\n\n<p>Lorsque vous travaillez sur tous types d&#039;\u00e9chafaudages, rampes, poteaux, plates-formes hautes ou toits, veillez avant tout \u00e0 votre s\u00e9curit\u00e9. Les travaux particuli\u00e8rement dangereux peuvent \u00e9galement inclure les travaux effectu\u00e9s sur des \u00e9oliennes ou en suspension verticale.&nbsp;<strong>&nbsp;<\/strong>&nbsp;<\/p>\n\n\n\n<figure class=\"wp-block-image size-large is-resized\"><img loading=\"lazy\" decoding=\"async\" src=\"https:\/\/odk-ergon.pl\/wp-content\/uploads\/2022\/06\/Gas-mains-1.jpg\" alt=\"harnais de hauteur\" width=\"750\" height=\"563\"\/><\/figure>\n\n\n\n<h2 class=\"wp-block-heading\"><strong>Quelles r\u00e9glementations r\u00e9glementent l&#039;utilisation des \u00e9quipements de protection individuelle ?<\/strong>&nbsp;<\/h2>\n\n\n\n<p>Le harnais de s\u00e9curit\u00e9 doit \u00eatre utilis\u00e9 conform\u00e9ment aux normes sp\u00e9cifi\u00e9es dans la r\u00e9glementation\u00a0:&nbsp;<\/p>\n\n\n\n<ul class=\"wp-block-list\">\n<li>EN 358 - \u00c9quipement de protection individuelle pour le maintien au travail et la pr\u00e9vention des chutes de hauteur - Ceintures de maintien au travail et de retenue et c\u00e2bles de maintien au travail.\u00a0<\/li>\n\n\n\n<li>PN-EN 361 - \u00c9quipement de protection individuelle contre les chutes de hauteur - Harnais de s\u00e9curit\u00e9.&nbsp;<\/li>\n\n\n\n<li>EN 363 - \u00c9quipement de protection individuelle contre les chutes de hauteur. Selon cette norme, un harnais de s\u00e9curit\u00e9 est la seule protection contre les chutes port\u00e9e par un travailleur directement sur lui-m\u00eame.&nbsp;<\/li>\n<\/ul>\n\n\n<div class=\"wp-block-image\">\n<figure class=\"alignright size-large is-resized\"><img loading=\"lazy\" decoding=\"async\" src=\"https:\/\/odk-ergon.pl\/wp-content\/uploads\/2022\/06\/oso.edu_.pl-096-scaled.jpg\" alt=\"mat\u00e9riel pour travaux en hauteur\" width=\"436\" height=\"315\"\/><\/figure>\n<\/div>\n\n\n<h2 class=\"wp-block-heading\"><strong>Quand un employ\u00e9 doit-il porter un harnais ?<\/strong>&nbsp;<\/h2>\n\n\n\n<p>Les r\u00e8gles d'utilisation des harnais de s\u00e9curit\u00e9 sont r\u00e9gies par le r\u00e8glement du ministre du Travail et de la Politique sociale du 26 septembre 1997. Ce r\u00e8glement stipule que les harnais doivent \u00eatre utilis\u00e9s lors des travaux dits en hauteur, c'est-\u00e0-dire les activit\u00e9s exerc\u00e9es sur une surface situ\u00e9e \u00e0 une hauteur d'au moins 1 m\u00e8tre au-dessus du sol.&nbsp;&nbsp;&nbsp;<\/p>\n\n\n\n<h2 class=\"wp-block-heading\"><strong>Caract\u00e9ristiques du harnais de s\u00e9curit\u00e9<\/strong>&nbsp;<\/h2>\n\n\n\n<p>Les harnais de s\u00e9curit\u00e9 utilis\u00e9s pour les travaux en hauteur sont des sections de rubans en polyamide reli\u00e9s les uns aux autres, correctement cousus ensemble et reli\u00e9s par des boucles m\u00e9talliques. Ils peuvent disposer d&#039;\u00e9quipements suppl\u00e9mentaires, cela d\u00e9pend de leur adaptation \u00e0 des travaux sp\u00e9cifiques. Les mod\u00e8les plus complexes et professionnels sont \u00e9quip\u00e9s d&#039;une boucle d&#039;attache frontale \u00e0 hauteur de poitrine, qui s&#039;ajuste aux \u00e9l\u00e9ments de l&#039;assurage vertical.&nbsp;&nbsp;&nbsp;<\/p>\n\n\n\n<h2 class=\"wp-block-heading\"><strong>Contr\u00f4le des \u00e9quipements \u00e0 haute altitude<\/strong>&nbsp;<\/h2>\n\n\n\n<p>Comme le harnais de taille et ses accessoires peuvent sauver des vies, l&#039;\u00e9tat du harnais de s\u00e9curit\u00e9 doit \u00eatre v\u00e9rifi\u00e9 r\u00e9guli\u00e8rement. Une fois par an, apr\u00e8s 12 mois d&#039;utilisation, le harnais doit \u00eatre retir\u00e9 de l&#039;utilisation pour proc\u00e9der \u00e0 une inspection approfondie de son \u00e9tat.&nbsp;<strong>&nbsp;<\/strong>&nbsp;<\/p>\n\n\n\n<figure class=\"wp-block-image size-large is-resized\"><img loading=\"lazy\" decoding=\"async\" src=\"https:\/\/odk-ergon.pl\/wp-content\/uploads\/2022\/06\/oso.edu_.pl-0096.jpg\" alt=\"personnes casqu\u00e9es\" width=\"745\" height=\"414\"\/><\/figure>\n\n\n\n<h2 class=\"wp-block-heading\"><strong>Prix<\/strong>&nbsp;<\/h2>\n\n\n\n<p>Veuillez consulter la liste des prix ou nous appeler pour obtenir des d\u00e9tails sur les prix.&nbsp;&nbsp;&nbsp;<\/p>\n\n\n\n<h2 class=\"wp-block-heading\"><strong>Pourquoi vaut-il la peine de s&#039;entra\u00eener avec ERGON ?<\/strong>&nbsp;<\/h2>\n\n\n\n<p>En suivant la formation que nous organisons, vous pouvez acqu\u00e9rir les connaissances et les comp\u00e9tences n\u00e9cessaires dans le domaine des travaux particuli\u00e8rement dangereux. La formation que nous proposons s'adresse \u00e0 toutes les entreprises qui effectuent des travaux en hauteur, ainsi qu'aux personnes qui travaillent dans ce domaine. Pendant la formation, nous mettons l'accent sur la qualification compl\u00e8te de nos stagiaires. Si vous avez des questions sur notre offre, n'h\u00e9sitez pas \u00e0 nous contacter. Nous vous encourageons \u00e0 profiter de nos services ! L'\u00e9quipe ODK ERGON<\/p>\n\n\n\n<figure class=\"wp-block-image size-large is-resized\"><img loading=\"lazy\" decoding=\"async\" src=\"https:\/\/odk-ergon.pl\/wp-content\/uploads\/2022\/11\/30-kurs-wysokosciowy-odk-ergon.pl_.png\" alt=\"cours d&#039;alpinisme\" width=\"753\" height=\"439\"\/><\/figure>","protected":false},"excerpt":{"rendered":"<p>ODK ERGON zaprasza zainteresowanych do zapisu na kurs z ochrony przed upadkiem, czyli obs\u0142ugi prawid\u0142owego u\u017cycia szelek bezpiecze\u0144stwa. Sprz\u0119t ochrony indywidualnej powinien by\u0107 wykorzystywany tylko przez przeszkolone do tego osoby. Szkolenie obejmuje wiedz\u0119 teoretyczn\u0105 oraz praktyczn\u0105, zdobycie jej umo\u017cliwi Ci bezpieczn\u0105 prac\u0119 na wysoko\u015bci oraz pomo\u017ce zmniejszy\u0107 ryzyko wypadku w czasie pracy.&nbsp;&nbsp;&nbsp; Wiedza zdobyta w trakcie szkolenia&nbsp; W czasie kursu zostaniesz kompleksowo przygotowany do prawid\u0142owego u\u017cytkowania sprz\u0119tu chroni\u0105cego przed upadkiem z wysoko\u015bci oraz poprawnego prowadzenia dokumentacji sprz\u0119tu. Szkolenie podzielone jest na cz\u0119\u015b\u0107 teoretyczn\u0105 oraz praktyczn\u0105.&nbsp;&nbsp; Program szkolenia porusza nast\u0119puj\u0105ce zagadnienia:&nbsp; W cz\u0119\u015bci praktycznej:&nbsp; Po uko\u0144czeniu szkolenia uczestnicy b\u0119d\u0105 posiadali wiedz\u0119 teoretyczn\u0105 i umiej\u0119tno\u015bci praktyczne potrzebne do stosowania r\u00f3\u017cnego sprz\u0119tu chroni\u0105cego przed upadkiem z wysoko\u015bci, pozycjonuj\u0105cego i ograniczaj\u0105cego. Kluczowym elementem tego szkolenia jest du\u017ca ilo\u015b\u0107 \u0107wicze\u0144 praktycznych.&nbsp;&nbsp;&nbsp;&nbsp;&nbsp; Cel kursu&nbsp; Szkolenie oferowane przez ERGON ma na celu przygotowanie pracownik\u00f3w do bezpiecznej pracy na wysoko\u015bciach z u\u017cyciem szelek bezpiecze\u0144stwa. Kurs skutecznie przygotowuje do zastosowania zdobytej wiedzy oraz umiej\u0119tno\u015bci w sytuacjach podczas wykonywania prac na wysoko\u015bci.&nbsp;&nbsp;&nbsp;&nbsp; Wymagania wst\u0119pne potrzebne do rozpocz\u0119cia kursu&nbsp; W szkoleniu mo\u017ce wzi\u0105\u0107 udzia\u0142 osoba, kt\u00f3ra:&nbsp; Jakie dzia\u0142ania zaliczamy do prac wysoko\u015bciowych?&nbsp; Ka\u017cde zaj\u0119cie, kt\u00f3re wykonywane jest przez pracownika na powierzchni znajduj\u0105cej si\u0119 na wysoko\u015bci powy\u017cej 1 metra nad poziomem ziemi zaliczamy do prac wysoko\u015bciowych. Do obowi\u0105zk\u00f3w pracodawcy nale\u017cy zapewnienie bezpo\u015bredniego nadzoru nad tymi pracami oraz zagwarantowanie \u015brodk\u00f3w bezpiecze\u0144stwa, takich jak szelki bezpiecze\u0144stwa. Do prac wykonywanych na wysoko\u015bci mo\u017cemy zaliczy\u0107:&nbsp; W trakcie pracy na wszelkiego rodzaju rusztowaniach, rampach, s\u0142upach, wysokich platformach czy dachach nale\u017cy zadba\u0107 przede wszystkim o swoje bezpiecze\u0144stwo. Do prac szczeg\u00f3lnie niebezpiecznych mo\u017cemy r\u00f3wnie\u017c [&hellip;]<\/p>\n","protected":false},"author":1,"featured_media":2270,"parent":1606,"menu_order":0,"comment_status":"closed","ping_status":"closed","template":"","meta":{"sfsi_plus_gutenberg_text_before_share":"","sfsi_plus_gutenberg_show_text_before_share":"","sfsi_plus_gutenberg_icon_type":"","sfsi_plus_gutenberg_icon_alignemt":"","sfsi_plus_gutenburg_max_per_row":"","footnotes":""},"class_list":["post-2267","page","type-page","status-publish","has-post-thumbnail","hentry","has_thumb"],"aioseo_notices":[],"_links":{"self":[{"href":"https:\/\/odk-ergon.pl\/fr\/wp-json\/wp\/v2\/pages\/2267","targetHints":{"allow":["GET"]}}],"collection":[{"href":"https:\/\/odk-ergon.pl\/fr\/wp-json\/wp\/v2\/pages"}],"about":[{"href":"https:\/\/odk-ergon.pl\/fr\/wp-json\/wp\/v2\/types\/page"}],"author":[{"embeddable":true,"href":"https:\/\/odk-ergon.pl\/fr\/wp-json\/wp\/v2\/users\/1"}],"replies":[{"embeddable":true,"href":"https:\/\/odk-ergon.pl\/fr\/wp-json\/wp\/v2\/comments?post=2267"}],"version-history":[{"count":6,"href":"https:\/\/odk-ergon.pl\/fr\/wp-json\/wp\/v2\/pages\/2267\/revisions"}],"predecessor-version":[{"id":3158,"href":"https:\/\/odk-ergon.pl\/fr\/wp-json\/wp\/v2\/pages\/2267\/revisions\/3158"}],"up":[{"embeddable":true,"href":"https:\/\/odk-ergon.pl\/fr\/wp-json\/wp\/v2\/pages\/1606"}],"wp:featuredmedia":[{"embeddable":true,"href":"https:\/\/odk-ergon.pl\/fr\/wp-json\/wp\/v2\/media\/2270"}],"wp:attachment":[{"href":"https:\/\/odk-ergon.pl\/fr\/wp-json\/wp\/v2\/media?parent=2267"}],"curies":[{"name":"wp","href":"https:\/\/api.w.org\/{rel}","templated":true}]}}