{"id":2274,"date":"2022-06-23T15:02:36","date_gmt":"2022-06-23T13:02:36","guid":{"rendered":"https:\/\/odk-ergon.pl\/?page_id=2274"},"modified":"2024-04-25T10:58:09","modified_gmt":"2024-04-25T08:58:09","slug":"service-compresseurs","status":"publish","type":"page","link":"https:\/\/odk-ergon.pl\/fr\/szkolenia\/szkolenia-sep\/obsluga-sprezarek\/","title":{"rendered":"Cours d&#039;entretien des compresseurs ERGON"},"content":{"rendered":"<p>nous vous invitons \u00e0 <a href=\"https:\/\/odk-ergon.pl\/fr\/o-firmie\/\">Centre de formation du personnel ERGON<\/a> pour un cours professionnel sur le fonctionnement des compresseurs, des soufflantes, des buses d'aspiration, des compresseurs et des syst\u00e8mes d'air comprim\u00e9. La formation propos\u00e9e par ERGON est consacr\u00e9e \u00e0 tous les aspects de l'utilisation et de la supervision des compresseurs et autres \u00e9quipements de ce type. Nos instructeurs sont qualifi\u00e9s et mettent l'accent sur les comp\u00e9tences pratiques. Nous partageons nos connaissances et notre exp\u00e9rience de la technologie de la fibre optique depuis plus de vingt ans.&nbsp;<strong>&nbsp;<\/strong>&nbsp;<\/p>\n\n\n\n<figure class=\"wp-block-image size-large is-resized\"><img decoding=\"async\" src=\"https:\/\/odk-ergon.pl\/wp-content\/uploads\/2022\/06\/csm_1920x580_pumpen_kompressoren_cf549c39c4.jpg\" alt=\"compresseur d&#039;atelier\" style=\"width:796px;height:227px\"\/><\/figure>\n\n\n\n<h2 class=\"wp-block-heading\"><strong>Offre de classe<\/strong>&nbsp;<\/h2>\n\n\n\n<p>Notre formation est destin\u00e9e \u00e0 ceux qui veulent apprendre les bases du fonctionnement des compresseurs et \u00e0 ceux qui veulent approfondir les connaissances pratiques qu'ils ont acquises au fil des ans. Nous fournissons une introduction \u00e0 l'industrie d'un point de vue pratique. Un cours chez ERGON garantit :&nbsp;<\/p>\n\n\n\n<ul class=\"wp-block-list\">\n<li>familiariser les \u00e9tudiants avec la construction de compresseurs, soufflantes, buses d&#039;aspiration, compresseurs et installations d&#039;air comprim\u00e9;&nbsp;<\/li>\n\n\n\n<li>pr\u00e9parer les employ\u00e9s \u00e0 travailler de mani\u00e8re autonome avec des appareils de ce type\u00a0;&nbsp;<\/li>\n\n\n\n<li>formation aux probl\u00e8mes de base pour un type de compresseur donn\u00e9\u00a0;&nbsp;<\/li>\n\n\n\n<li>familiarisation avec les d\u00e9fauts les plus courants.&nbsp;<\/li>\n<\/ul>\n\n\n\n<p>Le programme de formation comprend l'acquisition de connaissances sur les \u00e9quipements de contr\u00f4le automatique de l'air, les m\u00e9thodes de contr\u00f4le de la capacit\u00e9 des compresseurs et les param\u00e8tres les plus importants des compresseurs, des soufflantes et des buses d'aspiration. En outre, les stagiaires apprennent \u00e0 effectuer des op\u00e9rations de d\u00e9marrage et d'arr\u00eat pour des compresseurs de diff\u00e9rents types. Les \u00e9tudiants sont \u00e9galement initi\u00e9s aux actes juridiques d'exploitation et de supervision.&nbsp;<strong>&nbsp;<\/strong>&nbsp;<\/p>\n\n\n\n<figure class=\"wp-block-image size-large is-resized\"><img decoding=\"async\" src=\"https:\/\/odk-ergon.pl\/wp-content\/uploads\/2022\/06\/industrial-compressors.jpg\" alt=\"compresseur industriel\" style=\"width:750px;height:501px\"\/><\/figure>\n\n\n\n<h2 class=\"wp-block-heading\"><strong>Qualifications acquises<\/strong>&nbsp;<\/h2>\n\n\n\n<p>Un r\u00e9sultat positif \u00e0 l&#039;examen d&#039;\u00c9tat permet au dipl\u00f4m\u00e9 de la formation de :&nbsp;<\/p>\n\n\n\n<ul class=\"wp-block-list\">\n<li>Emploi dans le fonctionnement, l'inspection et l'entretien des pompes, des compresseurs et des syst\u00e8mes d'air comprim\u00e9,&nbsp;<\/li>\n\n\n\n<li>l&#039;obtention de droits dans les cat\u00e9gories suivantes\u00a0:&nbsp;<\/li>\n\n\n\n<li>&quot;E&quot; - fonctionnement des pompes, des compresseurs et de l&#039;air comprim\u00e9,&nbsp;<\/li>\n\n\n\n<li>&quot;D&quot; - supervision du fonctionnement des pompes et des compresseurs.&nbsp;<\/li>\n<\/ul>\n\n\n\n<h2 class=\"wp-block-heading\"><strong>Avantages d&#039;avoir une licence de compresseur<\/strong>&nbsp;<\/h2>\n\n\n\n<p>De nombreux outils et machines de construction fonctionnent \u00e0 l'aide d'air \u00e0 haute pression.  Il en va de m\u00eame pour le fonctionnement des syst\u00e8mes d'air comprim\u00e9 et de gaz industriels. Si l'utilisation d'un pistolet \u00e0 air n'est pas soumise \u00e0 une qualification, elle n\u00e9cessite n\u00e9anmoins des connaissances en mati\u00e8re de s\u00e9curit\u00e9. En profitant de la formation sur les compresseurs propos\u00e9e par ERGON, vous faciliterez votre recherche d'emploi. Les grandes entreprises et les usines utilisent des syst\u00e8mes complexes reli\u00e9s \u00e0 un ou deux appareils \u00e0 pression. L'exploitation d'un tel r\u00e9seau n\u00e9cessite des comp\u00e9tences et une pr\u00e9paration professionnelle au poste. Un approvisionnement constant en air comprim\u00e9 sans risque de fluctuations de puissance dans le syst\u00e8me est particuli\u00e8rement utile sur les lignes de production. On trouve \u00e9galement des compresseurs dans les ateliers de r\u00e9paration automobile. Partout, des professionnels poss\u00e9dant les qualifications et les comp\u00e9tences requises sont n\u00e9cessaires.\u00a0\u00a0<\/p>\n\n\n\n<h2 class=\"wp-block-heading\"><strong>Examen&nbsp;<\/strong><\/h2>\n\n\n\n<p>Le cours de compresseur se termine par un examen devant une commission d\u00e9sign\u00e9e par l'ORE, et un r\u00e9sultat positif garantit la certification, qui est valable pendant cinq ans.\u00a0\u00a0<\/p>\n\n\n\n<figure class=\"wp-block-image size-large is-resized\"><img decoding=\"async\" src=\"https:\/\/odk-ergon.pl\/wp-content\/uploads\/2022\/06\/Servicing-1200x700-1.jpg\" alt=\"pose d&#039;air comprim\u00e9\" style=\"width:766px;height:447px\"\/><\/figure>\n\n\n\n<h2 class=\"wp-block-heading\"><strong>Travail post-cours&nbsp;<\/strong><\/h2>\n\n\n\n<p>La capacit\u00e9 \u00e0 faire fonctionner et \u00e0 superviser des compresseurs, des souffleurs, des puisards, des compresseurs et des syst\u00e8mes d'air comprim\u00e9 vous permettra de travailler, entre autres, dans les domaines suivants&nbsp;<\/p>\n\n\n\n<ul class=\"wp-block-list\">\n<li>industrie du gaz et transport du gaz;&nbsp;<\/li>\n\n\n\n<li>m\u00e9tallurgie;&nbsp;<\/li>\n\n\n\n<li>dans le domaine de la chimie industrielle ;&nbsp;<\/li>\n\n\n\n<li>exploitation mini\u00e8re;&nbsp;<\/li>\n\n\n\n<li>industrie du froid ;&nbsp;<\/li>\n\n\n\n<li>les entreprises utilisant des \u00e9quipements \u00e0 circulation forc\u00e9e ;&nbsp;<\/li>\n\n\n\n<li>les industries utilisant des proc\u00e9d\u00e9s de tirage artificiel dans les \u00e9quipements de chaudi\u00e8re et les refroidisseurs de chemin\u00e9e\u00a0;&nbsp;<\/li>\n\n\n\n<li>transports pneumatiques;&nbsp;<\/li>\n\n\n\n<li>entreprises sp\u00e9cialis\u00e9es dans la peinture sous pression professionnelle.&nbsp;<\/li>\n<\/ul>\n\n\n\n<h2 class=\"wp-block-heading\"><strong>Lieu de formation<\/strong>&nbsp;<\/h2>\n\n\n\n<p>La formation des compresseurs a lieu dans nos succursales \u00e0 travers le pays. Nous proposons \u00e9galement des formations ferm\u00e9es pour les groupes organis\u00e9s - nous atteignons ensuite le client.&nbsp;<\/p>\n\n\n\n<h2 class=\"wp-block-heading\"><strong>Pourquoi ODK ERGON ?<\/strong>&nbsp;<\/h2>\n\n\n\n<p>En suivant la formation que nous organisons, vous pouvez acqu\u00e9rir les connaissances n\u00e9cessaires pour utiliser les compresseurs de mani\u00e8re autonome et en toute s\u00e9curit\u00e9. Le cours que nous proposons constitue une pr\u00e9paration th\u00e9orique et pratique \u00e0 l'exercice de la profession. Pendant la formation, nous mettons l'accent sur la qualification compl\u00e8te de nos stagiaires. Nous avons plus de 20 ans d'exp\u00e9rience, au cours desquels nous avons form\u00e9 des milliers de personnes. Si vous avez des questions sur notre offre, n'h\u00e9sitez pas \u00e0 nous contacter - notre personnel se fera un plaisir de vous aider \u00e0 \u00e9claircir vos doutes. Nous vous encourageons \u00e0 choisir nos services ! L'\u00e9quipe du centre d'am\u00e9lioration du personnel ERGON&nbsp;<\/p>\n\n\n\n<figure class=\"wp-block-image size-large is-resized\"><img decoding=\"async\" src=\"https:\/\/odk-ergon.pl\/wp-content\/uploads\/2022\/11\/6-kurs-G2-sprezarki-odk-ergon.pl_.png\" alt=\"Cours G2\" style=\"width:752px;height:439px\"\/><\/figure>","protected":false},"excerpt":{"rendered":"<p>Zapraszamy do O\u015brodka Doskonalenia Kadr ERGON na profesjonalny kurs eksploatacji spr\u0119\u017carek, dmuchaw, ssaw, kompresor\u00f3w oraz instalacji spr\u0119\u017conego powietrza. Oferowane przez ERGON szkolenie po\u015bwi\u0119cone jest wszystkim aspektom u\u017cytkowania i dozoru spr\u0119\u017carek oraz innych tego rodzaju urz\u0105dze\u0144. Nasi prowadz\u0105cy dysponuj\u0105 odpowiednimi kwalifikacjami i stawiaj\u0105 szczeg\u00f3lny nacisk na umiej\u0119tno\u015bci praktyczne. Dzielimy si\u0119 swoj\u0105 wiedz\u0105 i do\u015bwiadczeniem w zakresie technologii \u015bwiat\u0142owodowych od ponad dwudziestu lat.&nbsp;&nbsp;&nbsp; Oferta zaj\u0119\u0107&nbsp; Nasze szkolenie dedykowane jest dla os\u00f3b, kt\u00f3re chc\u0105 zapozna\u0107 si\u0119 z podstawami obs\u0142ugi spr\u0119\u017carek oraz dla tych, kt\u00f3rzy pragn\u0105 pog\u0142\u0119bi\u0107 zdobyt\u0105 przez lata praktyczn\u0105 wiedz\u0119. Zapewniamy zapoznanie si\u0119 z bran\u017c\u0105 od strony praktycznej. Kurs w ERGON gwarantuje:&nbsp; Program szkolenia zak\u0142ada zdobycie wiedzy z zakresu urz\u0105dze\u0144 s\u0142u\u017c\u0105cych do automatycznej regulacji powietrza, metod regulacji wydajno\u015bci spr\u0119\u017carek i najwa\u017cniejszych parametr\u00f3w spr\u0119\u017carek, dmuchaw i ssaw. Ponadto, kursanci ucz\u0105 si\u0119 wykonywania czynno\u015bci zwi\u0105zanych z uruchamianiem i zatrzymywaniem spr\u0119\u017carek r\u00f3\u017cnego typu. S\u0142uchacze zapoznaj\u0105 si\u0119 tak\u017ce z aktami prawnymi dotycz\u0105cymi eksploatacji oraz dozoru.&nbsp;&nbsp;&nbsp; Zdobyte kwalifikacje&nbsp; Pozytywny wynik egzaminu pa\u0144stwowego umo\u017cliwia absolwentowi szkolenia:&nbsp; Korzy\u015bci z posiadania uprawnie\u0144 na spr\u0119\u017carki&nbsp; Wiele narz\u0119dzi oraz maszyn budowlanych dzia\u0142a dzi\u0119ki zastosowaniu powietrza o wysokim ci\u015bnieniu. Podobnie sprawa ma si\u0119 z obs\u0142ug\u0105 instalacji spr\u0119\u017conego powietrza i gaz\u00f3w technicznych. Mimo \u017ce u\u017cywanie pistoletu pneumatycznego nie jest obwarowane kwalifikacjami, to wymaga wiedzy z zakresu bezpiecze\u0144stwa. Skorzystanie z oferowanego przez ERGON szkolenia obs\u0142ugi spr\u0119\u017carek u\u0142atwi Ci poszukiwania pracy. Du\u017ce przedsi\u0119biorstwa oraz zak\u0142ady korzystaj\u0105 z kompleksowych system\u00f3w po\u0142\u0105czonych z jednym lub dwoma zbiornikami ci\u015bnieniowymi. Eksploatacja takiej sieci wymaga umiej\u0119tno\u015bci oraz profesjonalnego przygotowania do pracy na tym stanowisku. Sta\u0142y dop\u0142yw spr\u0119\u017conego powietrza bez zagro\u017cenia wahaniami mocy w systemie sprawdza si\u0119 [&hellip;]<\/p>\n","protected":false},"author":1,"featured_media":2276,"parent":1567,"menu_order":0,"comment_status":"closed","ping_status":"closed","template":"","meta":{"sfsi_plus_gutenberg_text_before_share":"","sfsi_plus_gutenberg_show_text_before_share":"","sfsi_plus_gutenberg_icon_type":"","sfsi_plus_gutenberg_icon_alignemt":"","sfsi_plus_gutenburg_max_per_row":"","footnotes":""},"class_list":["post-2274","page","type-page","status-publish","has-post-thumbnail","hentry","has_thumb"],"aioseo_notices":[],"_links":{"self":[{"href":"https:\/\/odk-ergon.pl\/fr\/wp-json\/wp\/v2\/pages\/2274","targetHints":{"allow":["GET"]}}],"collection":[{"href":"https:\/\/odk-ergon.pl\/fr\/wp-json\/wp\/v2\/pages"}],"about":[{"href":"https:\/\/odk-ergon.pl\/fr\/wp-json\/wp\/v2\/types\/page"}],"author":[{"embeddable":true,"href":"https:\/\/odk-ergon.pl\/fr\/wp-json\/wp\/v2\/users\/1"}],"replies":[{"embeddable":true,"href":"https:\/\/odk-ergon.pl\/fr\/wp-json\/wp\/v2\/comments?post=2274"}],"version-history":[{"count":5,"href":"https:\/\/odk-ergon.pl\/fr\/wp-json\/wp\/v2\/pages\/2274\/revisions"}],"predecessor-version":[{"id":3615,"href":"https:\/\/odk-ergon.pl\/fr\/wp-json\/wp\/v2\/pages\/2274\/revisions\/3615"}],"up":[{"embeddable":true,"href":"https:\/\/odk-ergon.pl\/fr\/wp-json\/wp\/v2\/pages\/1567"}],"wp:featuredmedia":[{"embeddable":true,"href":"https:\/\/odk-ergon.pl\/fr\/wp-json\/wp\/v2\/media\/2276"}],"wp:attachment":[{"href":"https:\/\/odk-ergon.pl\/fr\/wp-json\/wp\/v2\/media?parent=2274"}],"curies":[{"name":"wp","href":"https:\/\/api.w.org\/{rel}","templated":true}]}}