{"id":2285,"date":"2022-06-24T09:19:32","date_gmt":"2022-06-24T07:19:32","guid":{"rendered":"https:\/\/odk-ergon.pl\/?page_id=2285"},"modified":"2026-04-14T11:12:36","modified_gmt":"2026-04-14T09:12:36","slug":"soudure-fibre-ergon","status":"publish","type":"page","link":"https:\/\/odk-ergon.pl\/fr\/szkolenia\/spawanie\/spawanie-swiatlowodow-ergon\/","title":{"rendered":"Cours de soudure fibre optique"},"content":{"rendered":"<p>ERGON vous invite cordialement \u00e0 un cours sur le soudage des fibres optiques, au cours duquel vous acquerrez non seulement des connaissances th\u00e9oriques, mais aussi une exp\u00e9rience pratique. Nous sommes pr\u00e9sents sur le march\u00e9 depuis plus de quinze ans, ce qui fait de nous des professionnels dans notre domaine et nous permet d'offrir des services complets \u00e0 nos clients.&nbsp;<\/p>\n\n\n\n<figure class=\"wp-block-image size-large\"><img decoding=\"async\" src=\"https:\/\/odk-ergon.pl\/wp-content\/uploads\/2022\/06\/internet-broadband-cables_iStock.jpeg\" alt=\"\"\/><\/figure>\n\n\n\n<h2 class=\"wp-block-heading\"><strong>Qu'allez-vous apprendre ?<\/strong>&nbsp;<\/h2>\n\n\n\n<p>Au cours de la formation, des activit\u00e9s pratiques et th\u00e9oriques sont organis\u00e9es :&nbsp;<\/p>\n\n\n\n<ul class=\"wp-block-list\">\n<li>les bases de la fibre optique,&nbsp;<\/li>\n\n\n\n<li>les crit\u00e8res de s\u00e9lection d'un soudeur,&nbsp;<\/li>\n\n\n\n<li>l'utilisation de c\u00e2bles \u00e0 fibres optiques,&nbsp;<\/li>\n\n\n\n<li>les mesures des connecteurs de fibres optiques,&nbsp;<\/li>\n\n\n\n<li>la proc\u00e9dure d'ex\u00e9cution des soudures,&nbsp;<\/li>\n\n\n\n<li>le fonctionnement de la soudeuse,&nbsp;<\/li>\n\n\n\n<li>les \u00e9tapes de l'ex\u00e9cution des soudures.&nbsp;<\/li>\n<\/ul>\n\n\n<div class=\"wp-block-image\">\n<figure class=\"alignright size-large is-resized\"><img decoding=\"async\" src=\"https:\/\/odk-ergon.pl\/wp-content\/uploads\/2022\/06\/images-2021-06-22T144508.143.jpg\" alt=\"v\u00eatements de protection\" style=\"width:357px;height:275px\"\/><\/figure>\n<\/div>\n\n\n<p>Gr\u00e2ce \u00e0 la communication par fibre optique, nous sommes en mesure d&#039;obtenir une transmission de donn\u00e9es sans interf\u00e9rence, m\u00eame jusqu&#039;\u00e0 plusieurs t\u00e9rabits par seconde, et il existe donc une forte demande pour les soudeurs \u00e0 fibre optique form\u00e9s dans ce domaine.&nbsp;<\/p>\n\n\n\n<p>C'est donc la profession qu'il vous faut si vous \u00eates une personne qui.. :&nbsp;<\/p>\n\n\n\n<ul class=\"wp-block-list\">\n<li>appr\u00e9cie la pr\u00e9cision,&nbsp;<\/li>\n\n\n\n<li>\u00e0 la recherche d&#039;un m\u00e9tier d&#039;avenir,&nbsp;<\/li>\n\n\n\n<li>apprend avec impatience de nouvelles comp\u00e9tences ou veut simplement s&#039;instruire.&nbsp;<\/li>\n<\/ul>\n\n\n\n<h2 class=\"wp-block-heading\"><strong>Pourquoi vaut-il la peine d&#039;investir dans la formation ?&nbsp;<\/strong><\/h2>\n\n\n\n<p>L'objectif principal de notre entreprise est de fournir \u00e0 nos clients des services de formation de premier ordre. Des m\u00e9thodologistes qualifi\u00e9s et d'autres personnes ayant de nombreuses ann\u00e9es de pratique veillent \u00e0 la qualit\u00e9 de la formation et \u00e0 la meilleure satisfaction possible dans toutes nos installations, situ\u00e9es \u00e0 Varsovie et dans d'autres r\u00e9gions de Pologne. Cependant, nous allons plus loin pour vous, nous sommes mobiles et nous organisons des cours de formation ferm\u00e9s.&nbsp;<\/p>\n\n\n\n<h2 class=\"wp-block-heading\"><strong>Travailler comme soudeur de fibres optiques&nbsp;<\/strong><\/h2>\n\n\n\n<p>Le processus de soudage des \u00e9pissures de fibres optiques n'est pas compliqu\u00e9 en soi, car nous disposons des bons outils pour nous aider, mais on attend du soudeur qu'il soit pr\u00e9cis et pers\u00e9v\u00e9rant dans l'ex\u00e9cution de sa t\u00e2che. Le soudage de fibres optiques n'est rien d'autre que l'assemblage de fils, y compris de fibres de verre et de plastique. De plus, gr\u00e2ce au processus de chaleur \u00e0 l'aide d'un arc \u00e9lectrique, une connexion solide est obtenue. <\/p>\n\n\n\n<p>Les instructeurs de nos installations mettent fortement l'accent sur l'\u00e9ducation \u00e0 la qualit\u00e9 de l'assemblage et sur l'utilisation d'outils appropri\u00e9s pour le travail. L'\u00e9quipement de base d'un soudeur comprend, entre autres, des machines \u00e0 souder, des wattm\u00e8tres optiques, des coupeurs de fibres optiques, des ciseaux en kevlar et des nettoyeurs de connecteurs de fibres optiques. Pourquoi les outils que nous utilisons sont-ils si importants ? Il existe sur le march\u00e9 de nombreuses offres pour l'achat, entre autres, de machines \u00e0 souder, qui semblent peu diff\u00e9rentes les unes des autres, et pourtant ce n'est pas la m\u00eame qui est utilis\u00e9e dans toutes les situations.&nbsp;&nbsp;&nbsp;<\/p>\n\n\n\n<h2 class=\"wp-block-heading\"><strong>Types de soudeurs \u00e0 fibres optiques et leurs applications.&nbsp;<\/strong><\/h2>\n\n\n\n<figure class=\"wp-block-table\"><table><tbody><tr><td>Soudeurs centrant l&#039;\u00e2me de la fibre&nbsp;<\/td><td>Soudeurs centrant le manteau de fibre&nbsp;&nbsp;&nbsp;<\/td><td>Centrage des machines \u00e0 souder sur le noyau r\u00e9el&nbsp;&nbsp;&nbsp;<\/td><\/tr><tr><td>Il existe deux mod\u00e8les : le centrage sur l'\u00e2me g\u00e9om\u00e9trique et le centrage sur l'\u00e2me r\u00e9elle. Le premier syst\u00e8me est utilis\u00e9 par la plupart des soudeurs de niche et, comme pour le centrage sur l'enveloppe de la fibre, il fonctionnera bien pour les fibres de tr\u00e8s bonne qualit\u00e9 o\u00f9 le noyau g\u00e9om\u00e9trique entre dans le noyau r\u00e9el. Le positionnement par rapport \u00e0 l'autre est le syst\u00e8me utilis\u00e9 par les meilleurs soudeurs de fibres. Ces types de soudeurs inspectent ind\u00e9pendamment la fibre \u00e9piss\u00e9e et sont capables de la poser parfaitement sur le c\u0153ur r\u00e9el, ce qui permet de niveler l'att\u00e9nuation \u00e0 z\u00e9ro.&nbsp;<\/td><td>La plus \u00e9conomique des options possibles, elle permet d&#039;accorder les fibres entre elles en fonction de leur pelage. Les fibres de mauvaise qualit\u00e9 sont g\u00eanantes pour ces machines \u00e0 souder, car l&#039;\u00e2me n&#039;adh\u00e8re pas \u00e0 la place de la gaine. Cette connexion a une att\u00e9nuation l\u00e9g\u00e8rement sup\u00e9rieure.&nbsp;&nbsp;&nbsp;<\/td><td>La meilleure qualit\u00e9, mais aussi la plus ch\u00e8re. Le soudeur utilise une m\u00e9thode qui permet de reconna\u00eetre automatiquement les types de fibres \u00e0 souder et de les disposer par rapport \u00e0 leur noyau r\u00e9el. Il pr\u00e9sente des caract\u00e9ristiques d'att\u00e9nuation presque parfaites.&nbsp;<\/td><\/tr><\/tbody><\/table><\/figure>\n\n\n\n<figure class=\"wp-block-image size-large is-resized\"><img decoding=\"async\" src=\"https:\/\/odk-ergon.pl\/wp-content\/uploads\/2022\/06\/Optical-Fibre-Splicing1-2.jpg\" alt=\"caract\u00e9ristiques du proc\u00e9d\u00e9 de soudage par fibres optiques\" style=\"width:802px;height:451px\"\/><\/figure>\n\n\n\n<h2 class=\"wp-block-heading\">Certificats internationaux<\/h2>\n\n\n\n<p>Le cours de soudage de fibres optiques CFOS\/S est un cours de formation pratique destin\u00e9 \u00e0 ceux qui souhaitent obtenir la prestigieuse certification et les comp\u00e9tences n\u00e9cessaires pour travailler sur les r\u00e9seaux FTTH et FTTx. Il s'agit d'un tremplin vers une certification compl\u00e8te dans le domaine de la fibre optique.<\/p>\n\n\n\n<h3 class=\"wp-block-heading\">CFOT - Technicien de base en fibre optique<\/h3>\n\n\n\n<p>Formation d'introduction \u00e0 l'installation, au fonctionnement et aux mesures de base de la fibre optique, qui constitue la base d'une certification plus pouss\u00e9e.<\/p>\n\n\n\n<h3 class=\"wp-block-heading\">CFOS\/O - R\u00e9seaux externes (hors usine)<\/h3>\n\n\n\n<p>Elle se concentre sur la conception, la construction et la maintenance des r\u00e9seaux de fibres optiques sur le terrain - dans le sol, dans les conduits et sur les poteaux.<\/p>\n\n\n\n<h3 class=\"wp-block-heading\">CFOS\/S - Soudage par fibre optique<\/h3>\n\n\n\n<p>Formation pratique \u00e0 la pr\u00e9paration des fibres, au soudage, \u00e0 la protection des joints et au contr\u00f4le de la qualit\u00e9.<\/p>\n\n\n\n<h3 class=\"wp-block-heading\">CFOS\/T - Essais et mesures<\/h3>\n\n\n\n<p>Cours sur les mesures avanc\u00e9es des fibres optiques, le fonctionnement des OTDR et les tests d'acceptation des installations.<\/p>\n\n\n\n<h2 class=\"wp-block-heading\"><strong>Quelles sont les \u00e9tapes pour se pr\u00e9parer au soudage ?&nbsp;<\/strong><\/h2>\n\n\n\n<ul class=\"wp-block-list\">\n<li>Au tout d\u00e9but, le diam\u00e8tre et la longueur appropri\u00e9s du tube thermor\u00e9tractable doivent \u00eatre s\u00e9lectionn\u00e9s.&nbsp;<\/li>\n\n\n\n<li>Retirez ensuite la couche protectrice de la fibre optique avec un d\u00e9capant.&nbsp;<\/li>\n\n\n\n<li>L'\u00e9tape suivante consiste \u00e0 nettoyer la jonction d'\u00e9pissure de la fibre optique et \u00e0 la couper soigneusement \u00e0 l'aide d'un couteau sp\u00e9cialis\u00e9 muni d'une lame diamant\u00e9e.&nbsp;<\/li>\n\n\n\n<li>Et enfin, pr\u00e9paration du caisson de soudure, fixation du c\u00e2ble avec une gaine thermor\u00e9tractable et soudure de l&#039;ensemble au four.&nbsp;<\/li>\n<\/ul>\n\n\n\n<p>Le processus de soudage se d\u00e9roule en 4 \u00e9tapes et est effectu\u00e9 par une machine \u00e0 souder. La premi\u00e8re \u00e9tape effectu\u00e9e par le soudeur consiste \u00e0 positionner soigneusement les c\u00e2bles de connexion en centrant exactement les fibres les unes par rapport aux autres. L'\u00e9tape suivante consiste \u00e0 rapprocher les contacts en appliquant le courant d'arc ad\u00e9quat pour atteindre la temp\u00e9rature souhait\u00e9e, ce qui permet d'assouplir les c\u00e2bles et d'obtenir une bonne qualit\u00e9 de connexion. La troisi\u00e8me \u00e9tape consiste \u00e0 relier les c\u00e2bles en exer\u00e7ant une pression au bon moment, de mani\u00e8re \u00e0 ce que les fils soient fusionn\u00e9s. La derni\u00e8re \u00e9tape consiste \u00e0 lib\u00e9rer la chaleur des fils fusionn\u00e9s afin qu'ils \u00e9paississent et cristallisent leurs structures au point de connexion.&nbsp;<\/p>\n\n\n\n<p>Si vous \u00eates int\u00e9ress\u00e9 par notre offre de cours pour le poste de soudeur en fibre optique, nous vous invitons \u00e0 nous appeler. Sur notre site web, vous trouverez un onglet o\u00f9 d'autres formations sont \u00e9galement d\u00e9crites.<\/p>\n\n\n\n<figure class=\"wp-block-image size-large is-resized\"><img decoding=\"async\" src=\"https:\/\/odk-ergon.pl\/wp-content\/uploads\/2022\/11\/76-Spawanie-swiatlowodow-odk-ergon.pl_.png\" alt=\"soudage de fibres optiques\" style=\"width:769px;height:449px\"\/><\/figure>","protected":false},"excerpt":{"rendered":"<p>Firma ERGON serdecznie zaprasza na kurs spawania \u015bwiat\u0142owod\u00f3w, w kt\u00f3rym nie tylko przyswoicie wiedz\u0119 teoretyczn\u0105, jak r\u00f3wnie\u017c opanujecie praktyczne do\u015bwiadczenie. Dzia\u0142amy na rynku od przesz\u0142o pi\u0119tnastu lat, z racji czego, jeste\u015bmy profesjonalistami w swoim fachu i \u015bwiadczymy kompleksowe us\u0142ugi naszym klientom.&nbsp; Czego si\u0119 nauczysz?&nbsp; Podczas szkolenia s\u0105 realizowane zaj\u0119cia praktyczne jak i teoretyczne, podczas nauki poznasz:&nbsp; Za po\u015brednictwem \u0142\u0105czno\u015bci \u015bwiat\u0142owodowej jeste\u015bmy w stanie uzyska\u0107 przesy\u0142anie danych bez zak\u0142\u00f3ce\u0144 nawet do kilku terabit\u00f3w na sekund\u0119, a co za tym idzie, jest bardzo du\u017ce zapotrzebowanie na wykszta\u0142conych w tej dziedzinie spawaczy \u015bwiat\u0142owodowych.&nbsp; Dlatego jest to zaw\u00f3d dla Ciebie, je\u015bli jeste\u015b osob\u0105, kt\u00f3ra:&nbsp; Dlaczego warto zainwestowa\u0107 w szkolenie?&nbsp; G\u0142\u00f3wnym za\u0142o\u017ceniem naszej firmy jest dostarczenie klientom us\u0142ug szkoleniowych na pierwszorz\u0119dnym poziomie. Wykwalifikowani metodycy i inne osoby z wieloletni\u0105 praktyk\u0105 dbaj\u0105 o jako\u015b\u0107 kszta\u0142cenia i jak najlepsz\u0105 satysfakcj\u0119 we wszystkich naszych plac\u00f3wkach, kt\u00f3re znajduje si\u0119 w Warszawie i innych regionach polski. Jednak dla Was si\u0119gamy po wi\u0119cej, jeste\u015bmy mobilni i organizujemy szkolenia zamkni\u0119te.&nbsp; Praca jako spawacz \u015bwiat\u0142owod\u00f3w&nbsp; O ile proces spawania \u0142\u0105cze\u0144 \u015bwiat\u0142owod\u00f3w sam w sobie nie jest skomplikowany, gdy\u017c mamy do dyspozycji odpowiednie narz\u0119dzia, kt\u00f3rymi si\u0119 wspomagamy, o tyle od spawacza oczekuje si\u0119 dok\u0142adno\u015bci i wytrwa\u0142o\u015bci w realizacji powierzonego mu zlecenia. Spawanie \u015bwiat\u0142owod\u00f3w to nic innego, jak \u0142\u0105czenie przewod\u00f3w, w sk\u0142ad kt\u00f3rego wchodz\u0105 w\u0142\u00f3kno szklane i tworzywa sztuczne, ponadto poprzez proces ciep\u0142a z u\u017cyciem \u0142uku elektrycznego, otrzymujemy po\u0142\u0105czenie sta\u0142e. Instruktorzy z naszych plac\u00f3wek nak\u0142adaj\u0105 bardzo du\u017cy nacisk na edukacj\u0119 w zakresie jako\u015bci monta\u017cu i stosowania odpowiednich narz\u0119dzi do pracy. Podstawowym wyposa\u017ceniem spawacza s\u0105 mi\u0119dzy innymi: spawarki, mierniki mocy optycznej, [&hellip;]<\/p>\n","protected":false},"author":1,"featured_media":2287,"parent":2137,"menu_order":0,"comment_status":"closed","ping_status":"closed","template":"","meta":{"sfsi_plus_gutenberg_text_before_share":"","sfsi_plus_gutenberg_show_text_before_share":"","sfsi_plus_gutenberg_icon_type":"","sfsi_plus_gutenberg_icon_alignemt":"","sfsi_plus_gutenburg_max_per_row":"","footnotes":""},"class_list":["post-2285","page","type-page","status-publish","has-post-thumbnail","hentry","has_thumb"],"aioseo_notices":[],"_links":{"self":[{"href":"https:\/\/odk-ergon.pl\/fr\/wp-json\/wp\/v2\/pages\/2285","targetHints":{"allow":["GET"]}}],"collection":[{"href":"https:\/\/odk-ergon.pl\/fr\/wp-json\/wp\/v2\/pages"}],"about":[{"href":"https:\/\/odk-ergon.pl\/fr\/wp-json\/wp\/v2\/types\/page"}],"author":[{"embeddable":true,"href":"https:\/\/odk-ergon.pl\/fr\/wp-json\/wp\/v2\/users\/1"}],"replies":[{"embeddable":true,"href":"https:\/\/odk-ergon.pl\/fr\/wp-json\/wp\/v2\/comments?post=2285"}],"version-history":[{"count":8,"href":"https:\/\/odk-ergon.pl\/fr\/wp-json\/wp\/v2\/pages\/2285\/revisions"}],"predecessor-version":[{"id":3705,"href":"https:\/\/odk-ergon.pl\/fr\/wp-json\/wp\/v2\/pages\/2285\/revisions\/3705"}],"up":[{"embeddable":true,"href":"https:\/\/odk-ergon.pl\/fr\/wp-json\/wp\/v2\/pages\/2137"}],"wp:featuredmedia":[{"embeddable":true,"href":"https:\/\/odk-ergon.pl\/fr\/wp-json\/wp\/v2\/media\/2287"}],"wp:attachment":[{"href":"https:\/\/odk-ergon.pl\/fr\/wp-json\/wp\/v2\/media?parent=2285"}],"curies":[{"name":"wp","href":"https:\/\/api.w.org\/{rel}","templated":true}]}}