{"id":2378,"date":"2022-08-23T14:07:07","date_gmt":"2022-08-23T12:07:07","guid":{"rendered":"https:\/\/odk-ergon.pl\/?page_id=2378"},"modified":"2023-03-15T19:53:12","modified_gmt":"2023-03-15T18:53:12","slug":"reservoirs-de-remplissage","status":"publish","type":"page","link":"https:\/\/odk-ergon.pl\/fr\/szkolenia\/szkolenia-sep\/napelnianie-zbiornikow\/","title":{"rendered":"Cours de remplissage d'appareils \u00e0 pression"},"content":{"rendered":"<figure class=\"wp-block-image size-large is-resized\"><img loading=\"lazy\" decoding=\"async\" src=\"https:\/\/odk-ergon.pl\/wp-content\/uploads\/2022\/08\/3-1.jpeg\" alt=\"bouteilles d&#039;oxyg\u00e8ne, de gaz, de CO\" width=\"800\" height=\"534\"\/><\/figure>\n\n\n\n<h2 class=\"wp-block-heading\"><strong>\u00c9quipements sous pression - formation<\/strong><\/h2>\n\n\n\n<p>Bienvenue au cours de remplissage de bouteilles \u00e0 pression. Toute personne travaillant sur des installations de gaz doit \u00eatre form\u00e9e \u00e0 la manipulation des bouteilles \u00e0 pression. Les techniciens d'entretien des \u00e9quipements de climatisation ou de r\u00e9frig\u00e9ration doivent \u00e9galement tout savoir sur ces types de bouteilles. Les sp\u00e9cialistes ne sont pas les seuls \u00e0 devoir se familiariser avec ce sujet : m\u00eame le personnel d'entretien d'un h\u00f4pital doit en conna\u00eetre les rudiments. Si vous utilisez des bouteilles sous pression, vous avez besoin d'une licence pour utiliser et remplir ces bouteilles. Le centre de d\u00e9veloppement du personnel d'ERGON vous propose un cours pour l'obtenir.&nbsp;<\/p>\n\n\n\n<h2 class=\"wp-block-heading\"><strong>Port\u00e9e du cours\u00a0<\/strong><\/h2>\n\n\n<div class=\"wp-block-image\">\n<figure class=\"alignright size-large is-resized\"><img loading=\"lazy\" decoding=\"async\" src=\"https:\/\/odk-ergon.pl\/wp-content\/uploads\/2022\/08\/2-1.jpeg\" alt=\"bouteilles de gaz\" width=\"400\" height=\"267\"\/><\/figure>\n<\/div>\n\n\n<p>La formation au remplissage et \u00e0 la manipulation des r\u00e9cipients sous pression se compose de deux parties. La premi\u00e8re, th\u00e9orique, comprend des sujets sur la r\u00e9glementation en mati\u00e8re d'incendie et sur la sant\u00e9 et la s\u00e9curit\u00e9 au travail. Les participants sont initi\u00e9s aux sp\u00e9cificit\u00e9s des diff\u00e9rents gaz, c'est-\u00e0-dire aux informations sur leurs propri\u00e9t\u00e9s physiques et chimiques, ainsi qu'aux connaissances g\u00e9n\u00e9rales. En outre, nous enseignons comment reconna\u00eetre les marquages sur les conteneurs, notamment les \u00e9tiquettes d'avertissement ou les codes de couleur. Un sujet important est l'apprentissage des op\u00e9rations de travail et de contr\u00f4le effectu\u00e9es lors du remplissage des bouteilles. La connaissance de la construction des r\u00e9servoirs est \u00e9galement essentielle.&nbsp;&nbsp;<\/p>\n\n\n\n<p>La deuxi\u00e8me partie du cours permet aux participants de se familiariser avec la machine en pratique. Sous la supervision d'un instructeur, les participants effectuent des op\u00e9rations d'installation et d'entretien de base. Le formateur montre aux stagiaires comment remplir l'installation et comment utiliser la station de r\u00e9cup\u00e9ration.&nbsp;<\/p>\n\n\n\n<h2 class=\"wp-block-heading\"><strong>Examen et droit\u00a0<\/strong><\/h2>\n\n\n\n<p>Apr\u00e8s avoir suivi le cours, les participants peuvent se pr\u00e9senter \u00e0 l'examen d'\u00c9tat en \u00e9tant parfaitement pr\u00e9par\u00e9s. Pendant l'examen, des examinateurs du Bureau de contr\u00f4le technique sont pr\u00e9sents. Le permis n'est d\u00e9livr\u00e9 qu'en cas de r\u00e9ussite \u00e0 l'examen. Les permis sont valables ind\u00e9finiment et ne doivent donc pas \u00eatre renouvel\u00e9s de temps \u00e0 autre. La coop\u00e9ration du centre de formation avec l'UDT est une garantie que les autorisations seront valables dans tout le pays. Nous veillons \u00e9galement \u00e0 ce que la plupart des personnes passent l'examen avec succ\u00e8s dans notre centre.&nbsp;<\/p>\n\n\n\n<h2 class=\"wp-block-heading\"><strong>Pourquoi cela en vaut-il la peine ?\u00a0<\/strong><\/h2>\n\n\n\n<p>Le centre de formation ERGON dispose d'instructeurs ayant de nombreuses ann\u00e9es d'exp\u00e9rience. Dans nos cours, nous essayons de mettre en \u0153uvre des solutions modernes et nous enseignons sur de nouveaux \u00e9quipements. Nous garantissons que nos cours de formation sont int\u00e9ressants et qu'ils vous permettront d'apprendre beaucoup. Sur le march\u00e9 du travail, il s'agit d'une comp\u00e9tence tout \u00e0 fait souhaitable, car le remplissage de bouteilles est utile dans de nombreuses professions. Les employeurs potentiels ne manqueront pas d'examiner votre CV d'un \u0153il plus favorable si vous avez cette qualification sur votre CV. Il est important de noter qu'une bonne formation garantit que vous travaillez en toute s\u00e9curit\u00e9 avec des r\u00e9cipients sous pression. Vous \u00e9viterez ainsi de nombreuses situations dangereuses qui pourraient se terminer de mani\u00e8re tragique.&nbsp;<\/p>\n\n\n<div class=\"wp-block-image\">\n<figure class=\"alignright size-large is-resized\"><img loading=\"lazy\" decoding=\"async\" src=\"https:\/\/odk-ergon.pl\/wp-content\/uploads\/2022\/08\/1-2.jpeg\" alt=\"cours sur les extincteurs\" width=\"234\" height=\"348\"\/><\/figure>\n<\/div>\n\n\n<h2 class=\"wp-block-heading\"><strong>\u00c0 qui s'adresse la formation ?\u00a0<\/strong><\/h2>\n\n\n\n<p>Si vous travaillez professionnellement au remplissage de gaz ou \u00e0 l'exploitation d'appareils \u00e0 pression portatifs, vous devez d'abord penser \u00e0 la formation. Il s'agit d'une question importante qui ne peut \u00eatre contourn\u00e9e, car l'exploitation de bouteilles sans licence risque d'entra\u00eener des sanctions en cas d'inspection. Ce ne sont pas les seules personnes qui doivent suivre une formation. M\u00eame ceux qui utilisent des \u00e9quipements de paintball sont tenus de le faire. En outre, les pompiers et les employ\u00e9s des stations thermales et des h\u00f4pitaux qui manipulent des bouteilles de gaz devraient absolument suivre ce cours. Les installateurs de pompes \u00e0 chaleur et de r\u00e9frig\u00e9rateurs, et m\u00eame ceux qui travaillent dans l'industrie alimentaire, sont \u00e9galement tenus de le faire. Le dernier groupe de personnes qui devrait suivre la formation est celui des plongeurs et de ceux qui g\u00e8rent les bases de plong\u00e9e. N\u00e9anmoins, m\u00eame si vous n'appartenez \u00e0 aucun de ces groupes de personnes mais souhaitez \u00e9largir vos qualifications, vous \u00eates \u00e9galement encourag\u00e9 \u00e0 obtenir une certification.&nbsp;&nbsp;<\/p>\n\n\n\n<h2 class=\"wp-block-heading\"><strong>Remplissage du r\u00e9servoir<\/strong> <strong>pression\u00a0<\/strong><\/h2>\n\n\n\n<p>Pr\u00e9cisons ce que vous pouvez effectivement remplir une fois que vous avez suivi votre formation UDT. Un r\u00e9cipient sous pression portable dont le volume est sup\u00e9rieur \u00e0 350 cm<sup>3<\/sup>est soumis \u00e0 un contr\u00f4le technique. Pour cette raison, il est n\u00e9cessaire d'acqu\u00e9rir une licence afin de pouvoir exploiter un tel cylindre sans entrave. Le r\u00e9servoir peut \u00eatre rempli de gaz liqu\u00e9fi\u00e9s, dissous ou comprim\u00e9s.&nbsp;<\/p>\n\n\n\n<figure class=\"wp-block-table\"><table><tbody><tr><td><strong>Groupe de gaz<\/strong>&nbsp;<\/td><td><strong>Noms des gaz<\/strong>&nbsp;<\/td><\/tr><tr><td>Liqu\u00e9fi\u00e9&nbsp;<\/td><td>Dioxyde de carbone, oxyde nitreux, gaz naturel, ammoniac, gaz fluor\u00e9s (HFC, PFC, SF6) ;&nbsp;<\/td><\/tr><tr><td>Dissous&nbsp;<\/td><td>Oxyg\u00e8ne (m\u00e9dical et technique), azote, air, gaz rares (h\u00e9lium, argon) ;&nbsp;<\/td><\/tr><tr><td>Compress\u00e9&nbsp;<\/td><td>Ac\u00e9tyl\u00e8ne.&nbsp;<\/td><\/tr><\/tbody><\/table><\/figure>\n\n\n\n<p>Pour les gaz fluor\u00e9s, il est n\u00e9cessaire de suivre un cours suppl\u00e9mentaire (gaz f). Lorsque l'\u00e9quipement est rempli de cette substance et doit \u00eatre vid\u00e9, vous devez \u00eatre qualifi\u00e9 \u00e0 la fois pour l'appareil sous pression et pour les gaz fluor\u00e9s. En outre, les bouteilles peuvent \u00eatre remplies d'air comprim\u00e9, d'hydrog\u00e8ne, de dioxyde d'azote et de divers m\u00e9langes de gaz. Il convient de noter que le groupe des substances cryog\u00e9niques, c'est-\u00e0-dire les gaz hautement refroidis et liqu\u00e9fi\u00e9s, peut \u00e9galement \u00eatre manipul\u00e9 avec cette qualification.\u00a0<\/p>\n\n\n\n<h2 class=\"wp-block-heading\"><strong>Extincteurs d'incendie\u00a0<\/strong><\/h2>\n\n\n\n<p>Lorsqu'on manipule un extincteur, on peut se demander s'il ne s'agit pas lui aussi d'un r\u00e9cipient portable. Une bouteille qui contient un gaz \u00e0 pression fixe ou du dioxyde de carbone est consid\u00e9r\u00e9e comme un appareil \u00e0 pression portable. Afin de pouvoir remplir les extincteurs d'une capacit\u00e9 sup\u00e9rieure \u00e0 350 cm<sup>3<\/sup>La certification, qui est accord\u00e9e par le Bureau d'inspection technique, est \u00e9galement requise. C'est pourquoi, si vous souhaitez travailler en tant que technicien d'entretien des extincteurs, nous vous encourageons \u00e9galement \u00e0 suivre ce cours !&nbsp;&nbsp;<\/p>\n\n\n\n<h2 class=\"wp-block-heading\"><strong>Pourquoi nous ?<\/strong><\/h2>\n\n\n\n<p>Vous \u00eates cordialement invit\u00e9s \u00e0 vous inscrire \u00e0 la formation au remplissage et \u00e0 la manipulation des r\u00e9cipients \u00e0 pression mobiles ! Nous avons plusieurs dates disponibles au Centre de perfectionnement du personnel ERGON. Nous organisons des cours dans nos agences situ\u00e9es \u00e0 Varsovie et dans de nombreuses autres villes de Pologne. Il est \u00e9galement possible de se rendre directement sur le lieu de travail du client, quelle que soit la r\u00e9gion de Pologne ! Les prix des formations sont tr\u00e8s abordables et nous proposons des r\u00e9ductions pour les groupes organis\u00e9s plus importants. Nous vous invitons \u00e9galement \u00e0 en savoir plus sur nos autres formations - n'h\u00e9sitez pas \u00e0 nous contacter.<\/p>\n\n\n\n<figure class=\"wp-block-image size-large is-resized\"><img loading=\"lazy\" decoding=\"async\" src=\"https:\/\/odk-ergon.pl\/wp-content\/uploads\/2022\/11\/84-Urzadzenia-cisnieniowe-Zbiorniki-przenosne-odk-ergon.pl_.png\" alt=\"\u00e9quipements sous pression\" width=\"766\" height=\"447\"\/><\/figure>","protected":false},"excerpt":{"rendered":"<p>Urz\u0105dzenia ci\u015bnieniowe \u2013 szkolenie Zapraszamy na kurs nape\u0142niania zbiornik\u00f3w ci\u015bnieniowych. Ka\u017cdy, kto pracuje przy instalacjach gazowych, powinien odby\u0107 szkolenie z zakresu obs\u0142ugi butli ci\u015bnieniowych. Serwisanci sprz\u0119tu zwi\u0105zanego z klimatyzacj\u0105 czy ch\u0142odziarkami tak\u017ce musz\u0105 wiedzie\u0107 wszystko o tego typu butlach. Nie tylko specjali\u015bci maj\u0105 obowi\u0105zek bycia obeznanym z tym tematem \u2013 podstawy musi zna\u0107 nawet pracownik gospodarczy w szpitalu. Je\u015bli u\u017cywamy zbiornik\u00f3w ci\u015bnieniowych, niezb\u0119dne s\u0105 uprawnienia do obs\u0142ugi i nape\u0142niania takich butli. Kurs, kt\u00f3ry pozwoli na ich nabycie, znajdziecie Pa\u0144stwo w O\u015brodku Doskonalenia Kadr ERGON.&nbsp; Zakres kursu\u00a0 Szkolenie w zakresie nape\u0142niania i obs\u0142ugi zbiornik\u00f3w ci\u015bnieniowych sk\u0142ada si\u0119 z dw\u00f3ch cz\u0119\u015bci. Pierwsza, teoretyczna, zawiera tematy dotycz\u0105ce przepis\u00f3w przeciwpo\u017carowych oraz bezpiecze\u0144stwa i higieny pracy. Uczestnicy zapoznaj\u0105 si\u0119 ze specyfik\u0105 poszczeg\u00f3lnych gaz\u00f3w, czyli informacjami o ich w\u0142a\u015bciwo\u015bciach fizycznych i chemicznych, a tak\u017ce og\u00f3lnymi wiadomo\u015bciami na ten temat. Opr\u00f3cz tego, uczymy rozpoznawania oznacze\u0144 na zbiornikach, do kt\u00f3rych nale\u017c\u0105 etykiety ostrzegawcze czy kody barwne. Wa\u017cnym tematem jest zapoznanie si\u0119 z czynno\u015bciami roboczymi i kontrolnymi wykonywanymi podczas nape\u0142niania butli. Niezb\u0119dna jest te\u017c wiedza dotycz\u0105ca konstrukcji zbiornik\u00f3w.&nbsp;&nbsp; Druga cz\u0119\u015b\u0107 kursu pozwala pozna\u0107 urz\u0105dzenie w praktyce. Uczestnicy pod okiem instruktora zajmuj\u0105 si\u0119 podstawowymi czynno\u015bciami monta\u017cowymi i serwisowymi. On z kolei pokazuje kursantom, jak nape\u0142nia si\u0119 instalacj\u0119 oraz jak si\u0119 obs\u0142uguje stacj\u0119 odzysku.&nbsp; Egzamin i uprawnienia\u00a0 Po sko\u0144czonym kursie uczestnicy mog\u0105 w pe\u0142ni przygotowani podej\u015b\u0107 do egzaminu pa\u0144stwowego. Podczas jego przeprowadzania s\u0105 obecni egzaminatorzy z Urz\u0119du Dozoru Technicznego. Tylko pozytywne zaliczenie egzaminu zapewnia zdobycie uprawnie\u0144. S\u0105 one wa\u017cne bezterminowo, a zatem nie trzeba ich odnawia\u0107 co jaki\u015b czas. Wsp\u00f3\u0142praca o\u015brodka szkoleniowego z UDT jest gwarancj\u0105 [&hellip;]<\/p>\n","protected":false},"author":1,"featured_media":2380,"parent":1567,"menu_order":0,"comment_status":"closed","ping_status":"closed","template":"","meta":{"sfsi_plus_gutenberg_text_before_share":"","sfsi_plus_gutenberg_show_text_before_share":"","sfsi_plus_gutenberg_icon_type":"","sfsi_plus_gutenberg_icon_alignemt":"","sfsi_plus_gutenburg_max_per_row":"","footnotes":""},"class_list":["post-2378","page","type-page","status-publish","has-post-thumbnail","hentry","has_thumb"],"aioseo_notices":[],"_links":{"self":[{"href":"https:\/\/odk-ergon.pl\/fr\/wp-json\/wp\/v2\/pages\/2378","targetHints":{"allow":["GET"]}}],"collection":[{"href":"https:\/\/odk-ergon.pl\/fr\/wp-json\/wp\/v2\/pages"}],"about":[{"href":"https:\/\/odk-ergon.pl\/fr\/wp-json\/wp\/v2\/types\/page"}],"author":[{"embeddable":true,"href":"https:\/\/odk-ergon.pl\/fr\/wp-json\/wp\/v2\/users\/1"}],"replies":[{"embeddable":true,"href":"https:\/\/odk-ergon.pl\/fr\/wp-json\/wp\/v2\/comments?post=2378"}],"version-history":[{"count":8,"href":"https:\/\/odk-ergon.pl\/fr\/wp-json\/wp\/v2\/pages\/2378\/revisions"}],"predecessor-version":[{"id":3170,"href":"https:\/\/odk-ergon.pl\/fr\/wp-json\/wp\/v2\/pages\/2378\/revisions\/3170"}],"up":[{"embeddable":true,"href":"https:\/\/odk-ergon.pl\/fr\/wp-json\/wp\/v2\/pages\/1567"}],"wp:featuredmedia":[{"embeddable":true,"href":"https:\/\/odk-ergon.pl\/fr\/wp-json\/wp\/v2\/media\/2380"}],"wp:attachment":[{"href":"https:\/\/odk-ergon.pl\/fr\/wp-json\/wp\/v2\/media?parent=2378"}],"curies":[{"name":"wp","href":"https:\/\/api.w.org\/{rel}","templated":true}]}}