{"id":2405,"date":"2022-09-01T12:46:36","date_gmt":"2022-09-01T10:46:36","guid":{"rendered":"https:\/\/odk-ergon.pl\/?page_id=2405"},"modified":"2023-05-16T16:04:41","modified_gmt":"2023-05-16T14:04:41","slug":"ligne-dacces","status":"publish","type":"page","link":"https:\/\/odk-ergon.pl\/fr\/szkolenia\/kurs-wysokosciowy\/dostep-linowy\/","title":{"rendered":"Formation d'alpinisme aux techniques d'acc\u00e8s par corde"},"content":{"rendered":"<h2 class=\"wp-block-heading\">Alpinisme - caract\u00e9ristiques&nbsp;<\/h2>\n\n\n<div class=\"wp-block-image\">\n<figure class=\"alignright size-large is-resized\"><img loading=\"lazy\" decoding=\"async\" src=\"https:\/\/odk-ergon.pl\/wp-content\/uploads\/2022\/09\/2.jpeg\" alt=\"un homme sur des cordes en haut d&#039;un gratte-ciel lave les fen\u00eatres\" width=\"400\" height=\"267\"\/><\/figure>\n<\/div>\n\n\n<p>L'alpinisme ne consiste pas seulement \u00e0 gravir des montagnes, des sommets, souvent dans des conditions difficiles et avec les dangers que cela implique. C'est aussi une fa\u00e7on de travailler professionnellement. L'alpinisme industriel consiste \u00e0 travailler en hauteur, souvent en utilisant des techniques d'acc\u00e8s par corde. Il s'agit notamment de suspendre des banni\u00e8res, de d\u00e9neiger des toits ou de nettoyer les vitres d'immeubles de bureaux. Ces travaux risqu\u00e9s et difficiles exigent du grimpeur une tr\u00e8s bonne coordination motrice, de la pr\u00e9cision et une connaissance des techniques d'escalade.\u00a0\u00a0<\/p>\n\n\n\n<h2 class=\"wp-block-heading\">Formation \u00e0 l'alpinisme et aux techniques d'acc\u00e8s \u00e0 la corde.\u00a0<\/h2>\n\n\n\n<p>Les structures hautes et les conceptions inhabituelles font que les b\u00e2timents ne peuvent pas \u00eatre manipul\u00e9s avec des ascenseurs m\u00e9canis\u00e9s et que le travail est effectu\u00e9 par des grimpeurs experts avec des techniques d'acc\u00e8s par corde.&nbsp;&nbsp;&nbsp;<\/p>\n\n\n\n<p>Le Centre ERGON vous propose des cours professionnels d'alpinisme et de techniques d'acc\u00e8s \u00e0 la corde. Notre offre s'adresse aux personnes qui souhaitent travailler en hauteur dans le cadre de leur profession.&nbsp;&nbsp;<\/p>\n\n\n\n<p>Au cours de la formation, dans la partie th\u00e9orique, le participant est initi\u00e9 au mat\u00e9riel suivant :&nbsp;<\/p>\n\n\n\n<ul class=\"wp-block-list\">\n<li>les r\u00e9glementations en mati\u00e8re de sant\u00e9 et de s\u00e9curit\u00e9, ainsi que les obligations et les droits des travailleurs \u00e0 cet \u00e9gard,&nbsp;&nbsp;<\/li>\n\n\n\n<li>les risques li\u00e9s au travail en hauteur,&nbsp;<\/li>\n\n\n\n<li>se familiariser avec les r\u00e9glementations et les exigences l\u00e9gales en mati\u00e8re de s\u00e9curit\u00e9 des travaux d'alpinisme,&nbsp;<\/li>\n\n\n\n<li>les principales caract\u00e9ristiques de l'acc\u00e8s par corde,&nbsp;<\/li>\n\n\n\n<li>Adaptation, s\u00e9lection et utilisation des accessoires dans l'alpinisme sur corde,&nbsp;<\/li>\n\n\n\n<li>l'entretien et l'inspection du mat\u00e9riel d'alpinisme,&nbsp;<\/li>\n\n\n\n<li>les m\u00e9thodes de r\u00e9duction des risques professionnels,&nbsp;<\/li>\n\n\n\n<li>la familiarisation avec les mesures de protection individuelle et collective,&nbsp;<\/li>\n\n\n\n<li>les types de travaux d'alpinisme,&nbsp;<\/li>\n\n\n\n<li>l'apprentissage de l'utilisation des cordes,&nbsp;<\/li>\n\n\n\n<li>les proc\u00e9dures d'urgence,&nbsp;<\/li>\n\n\n\n<li>se familiariser avec la documentation (y compris le plan d'\u00e9vacuation et le travail),&nbsp;<\/li>\n\n\n\n<li>les caract\u00e9ristiques de l'\u00e9quipement,&nbsp;<\/li>\n\n\n\n<li>se familiariser avec le concept du triangle de puissance.&nbsp;<\/li>\n<\/ul>\n\n\n\n<p>La partie pratique de notre cours comprend :&nbsp;<\/p>\n\n\n\n<ul class=\"wp-block-list\">\n<li>la mise en place d'\u00e9quipements de protection individuelle,&nbsp;<\/li>\n\n\n\n<li>vari\u00e9t\u00e9 et v\u00e9rification des points d'ancrage,&nbsp;<\/li>\n\n\n\n<li>apprendre \u00e0 utiliser le mat\u00e9riel dans la pratique,&nbsp;<\/li>\n\n\n\n<li>les options d'enroulement, d'emballage et de protection des c\u00e2bles,&nbsp;<\/li>\n\n\n\n<li>faire des n\u0153uds,&nbsp;<\/li>\n\n\n\n<li>monter et descendre sur une corde,&nbsp;<\/li>\n\n\n\n<li>la descente et la d\u00e9sincarc\u00e9ration de la victime de l'appareil.&nbsp;<\/li>\n<\/ul>\n\n\n\n<p>Apr\u00e8s avoir suivi le cours et pass\u00e9 l'examen, vous recevrez un certificat. Le certificat est valable pendant 3 ans.&nbsp;&nbsp;<\/p>\n\n\n\n<figure class=\"wp-block-embed is-type-video is-provider-youtube wp-block-embed-youtube wp-embed-aspect-16-9 wp-has-aspect-ratio\"><div class=\"wp-block-embed__wrapper\">\n<iframe loading=\"lazy\" title=\"COURS DE HAUTEUR COMPL\u00c9TEZ VOTRE FORMATION AVEC NOUS ! OBTENIR UNE QUALIFICATION RECONNUE AU NIVEAU NATIONAL\" width=\"500\" height=\"281\" src=\"https:\/\/www.youtube.com\/embed\/esNZek7JXgI?feature=oembed\" frameborder=\"0\" allow=\"accelerometer; autoplay; clipboard-write; encrypted-media; gyroscope; picture-in-picture; web-share\" referrerpolicy=\"strict-origin-when-cross-origin\" allowfullscreen><\/iframe>\n<\/div><\/figure>\n\n\n\n<h2 class=\"wp-block-heading\"><strong>But du cours<\/strong><\/h2>\n\n\n\n<p>L'objectif de notre cours est de vous fournir les connaissances, les comp\u00e9tences et les autorisations n\u00e9cessaires pour travailler en hauteur en toute s\u00e9curit\u00e9 en utilisant les techniques d'acc\u00e8s par corde. Le candidat saura, entre autres, comment s'assurer, monter et descendre d'une corde. Apr\u00e8s notre formation, il ne sera pas difficile de prendre des mesures de sauvetage de base lorsqu'un accident se produit et que la sant\u00e9 ou m\u00eame la vie est en danger.&nbsp;&nbsp;<\/p>\n\n\n\n<h2 class=\"wp-block-heading\">Conditions de participation \u00e0 nos cours de formation :\u00a0<\/h2>\n\n\n\n<p>Le travail d'alpiniste n'est pas un travail facile et tout le monde n'est pas fait pour cela.  Une personne qui souhaite travailler comme alpiniste doit remplir plusieurs conditions :&nbsp;<\/p>\n\n\n\n<ul class=\"wp-block-list\">\n<li>avoir l'\u00e2ge l\u00e9gal (au moins 18 ans),&nbsp;<\/li>\n\n\n\n<li>en tr\u00e8s bonne condition physique et mentale,&nbsp;<\/li>\n\n\n\n<li>doit \u00eatre capable de r\u00e9sister \u00e0 des conditions climatiques s\u00e9v\u00e8res,&nbsp;<\/li>\n\n\n\n<li>\u00eatre en bonne sant\u00e9 et ne pas pr\u00e9senter de contre-indication m\u00e9dicale au travail en montagne. Il s'agit ici de :&nbsp;&nbsp;<\/li>\n<\/ul>\n\n\n\n<ol class=\"wp-block-list\">\n<li>l'hypertension art\u00e9rielle,\u00a0<\/li>\n\n\n\n<li>\u00e9vanouissement ou \u00e9pilepsie,\u00a0<\/li>\n\n\n\n<li>des blessures aux membres,\u00a0<\/li>\n\n\n\n<li>les maladies cardiaques,\u00a0<\/li>\n\n\n\n<li>des douleurs thoraciques,\u00a0<\/li>\n\n\n\n<li>des troubles de l'\u00e9quilibre, des vertiges ou la peur des hauteurs,\u00a0<\/li>\n\n\n\n<li>le diab\u00e8te et les troubles psychiatriques,\u00a0<\/li>\n\n\n\n<li>les d\u00e9pendances aux drogues ou \u00e0 l'alcool.\u00a0<\/li>\n<\/ol>\n\n\n\n<figure class=\"wp-block-image size-large is-resized\"><img loading=\"lazy\" decoding=\"async\" src=\"https:\/\/odk-ergon.pl\/wp-content\/uploads\/2022\/09\/3.jpeg\" alt=\"homme sur une corde, banni\u00e8re suspendue\" width=\"800\" height=\"534\"\/><\/figure>\n\n\n\n<h2 class=\"wp-block-heading\"><strong>A propos des techniques d'acc\u00e8s par corde<\/strong><\/h2>\n\n\n\n<p>Avant l'\u00e9poque de la demande croissante de <a href=\"https:\/\/odk-ergon.pl\/fr\/szkolenia\/kurs-wysokosciowy\/\">acc\u00e8s par corde<\/a>Cette activit\u00e9 trouve son origine dans le travail sur les plates-formes p\u00e9troli\u00e8res. Au fil du temps, cependant, la demande de travaux d'acc\u00e8s par corde s'est accrue. Aujourd'hui, les travailleurs effectuant des travaux d'escalade sur cordes sont demand\u00e9s presque partout. Il peut s'agir, par exemple, d'entretenir des lignes \u00e9lectriques, de r\u00e9parer des antennes de t\u00e9l\u00e9communications ou des chemin\u00e9es, de peindre des banni\u00e8res ou de nettoyer des fen\u00eatres dans des immeubles de grande hauteur.&nbsp;&nbsp;<\/p>\n\n\n\n<figure class=\"wp-block-image size-large is-resized\"><img loading=\"lazy\" decoding=\"async\" src=\"https:\/\/odk-ergon.pl\/wp-content\/uploads\/2022\/09\/1.jpeg\" alt=\"un formateur avec une corde \u00e0 la main expliquant quelque chose aux personnes sur les bancs\" width=\"800\" height=\"534\"\/><\/figure>\n\n\n\n<h2 class=\"wp-block-heading\">ODK ERGON\u00a0<\/h2>\n\n\n\n<p><a href=\"https:\/\/odk-ergon.pl\/fr\/o-firmie\/\">Centre de formation du personnel ERGON<\/a> est d\u00e9j\u00e0 pr\u00e9sent sur le march\u00e9 depuis 20 ans. Nos professionnels et experts sont des personnes qui font leur travail avec passion, expertise et, surtout, qui savent comment transmettre leurs connaissances \u00e0 nos clients d'une mani\u00e8re fiable et compr\u00e9hensible. Vous pouvez \u00eatre s\u00fbr que notre formation vous pr\u00e9parera de mani\u00e8re tr\u00e8s compl\u00e8te \u00e0 votre futur examen, que vous r\u00e9ussirez, et que les connaissances que vous acquerrez dans notre centre vous accompagneront pendant de nombreuses ann\u00e9es.&nbsp;&nbsp;<\/p>\n\n\n\n<p>Les prix de nos cours sont comp\u00e9titifs par rapport \u00e0 d'autres fournisseurs de formations similaires sur le march\u00e9 polonais. Le principal centre de formation est situ\u00e9 \u00e0 Varsovie. Nous proposons \u00e9galement des formations individuelles dans les locaux de nos clients dans toute la Pologne.&nbsp;<\/p>\n\n\n\n<p>Nous vous invitons \u00e0 parcourir notre site web et \u00e0 en savoir plus sur les nombreux cours int\u00e9ressants et n\u00e9cessaires que nous vous proposons. ERGON propose des formations \u00e0 de nombreux et divers groupes professionnels. Nous proposons notamment des cours <a href=\"https:\/\/odk-ergon.pl\/fr\/szkolenia\/szkolenie-ppoz-przeciwpozarowe\/\">Feu<\/a>Les formations sont les suivantes : soudage de fibres optiques, formation en altitude, sant\u00e9 et s\u00e9curit\u00e9 au travail, ainsi qu'un large \u00e9ventail de formations dont l'ach\u00e8vement (et la r\u00e9ussite \u00e0 un examen) vous permettra d'acqu\u00e9rir les comp\u00e9tences et les connaissances n\u00e9cessaires pour r\u00e9pondre aux besoins de votre entreprise. <a href=\"https:\/\/odk-ergon.pl\/fr\/szkolenia\/szkolenia-na-suwnice\/uprawnienia\/\">Dipl\u00f4mes UDT<\/a>\u00a0la profession choisie.\u00a0\u00a0\u00a0<\/p>\n\n\n\n<figure class=\"wp-block-image size-large is-resized\"><img loading=\"lazy\" decoding=\"async\" src=\"https:\/\/odk-ergon.pl\/wp-content\/uploads\/2022\/11\/30-kurs-wysokosciowy-odk-ergon.pl_.png\" alt=\"cours d&#039;alpinisme\" width=\"763\" height=\"445\"\/><\/figure>","protected":false},"excerpt":{"rendered":"<p>Alpinizm \u2013&nbsp;charakterystyka&nbsp; Alpinizm to nie tylko wspinanie si\u0119 po g\u00f3rach, szczytach, cz\u0119sto w ci\u0119\u017ckich warunkach przy towarzysz\u0105cym temu niebezpiecze\u0144stwie. To tak\u017ce spos\u00f3b na prac\u0119 zawodow\u0105. Alpinizm przemys\u0142owy to prace na wysoko\u015bci, cz\u0119sto przy u\u017cyciu techniki dost\u0119pu linowego. Jest to wieszanie baner\u00f3w, od\u015bnie\u017canie dach\u00f3w czy mycie okien w biurowcach. Te ryzykowne oraz trudne prace wymagaj\u0105 od alpinisty bardzo dobrej koordynacji ruchowej, dok\u0142adno\u015bci, a tak\u017ce obeznania w technikach alpinistycznych.\u00a0\u00a0 Szkolenie alpinistyczne z technik dost\u0119pu linowego.\u00a0 Wysokie konstrukcje oraz nietypowe projekty sprawiaj\u0105, \u017ce budynki nie mog\u0105 by\u0107 obs\u0142ugiwane przy u\u017cyciu zmechanizowanych podno\u015bnik\u00f3w, a prace wykonuj\u0105 fachowcy \u2013 alpini\u015bci z technik\u0105 dost\u0119pu linowego.&nbsp;&nbsp;&nbsp; O\u015brodek ERGON oferuje Pa\u0144stwu profesjonalne kursy alpinistyczne z technik dost\u0119pu linowego. Nasz\u0105 ofert\u0119 kierujemy do os\u00f3b, kt\u00f3re chc\u0105 pracowa\u0107 na wysoko\u015bciach w wybranej przez siebie profesji.&nbsp;&nbsp; Podczas szkolenia, w cz\u0119\u015bci teoretycznej uczestnik zapoznaje si\u0119 z nast\u0119puj\u0105cym materia\u0142em:&nbsp; Cz\u0119\u015b\u0107 praktyczna naszego kursu zawiera:&nbsp; Po zako\u0144czeniu kursu oraz zdaniu egzaminu otrzymacie Pa\u0144stwo certyfikat. Za\u015bwiadczenie jest wa\u017cne 3 lata.&nbsp;&nbsp; Cel kursu Celem naszego kursu jest zdobycie wiedzy, umiej\u0119tno\u015bci, a tak\u017ce uprawnie\u0144 umo\u017cliwiaj\u0105cych bezpieczn\u0105 prac\u0119 na wysoko\u015bciach z u\u017cyciem technik dost\u0119pu linowego. Kandydat b\u0119dzie potrafi\u0142, mi\u0119dzy innymi, jak asekurowa\u0107, podchodzi\u0107 oraz zje\u017cd\u017ca\u0107 z liny. Po naszym szkoleniu nie b\u0119dzie problemem podj\u0119cie podstawowej akcji ratowniczej w momencie wyst\u0105pienia wypadku i zagro\u017cenia zdrowia lub nawet \u017cycia.&nbsp;&nbsp; Wymogi uczestnictwa w naszych szkoleniach:\u00a0 Praca alpinisty nie jest prac\u0105 \u0142atw\u0105 i na pewno nie ka\u017cdy si\u0119 do tego nadaje.&nbsp; Osoba, kt\u00f3ra chce pracowa\u0107 jako alpinista, musi spe\u0142nia\u0107 kilka wymog\u00f3w:&nbsp; O technikach dost\u0119pu linowego Zanim nasta\u0142y czasy rosn\u0105cego zapotrzebowania na dost\u0119p linowy, ten swoje pocz\u0105tki ma [&hellip;]<\/p>\n","protected":false},"author":1,"featured_media":2407,"parent":1606,"menu_order":0,"comment_status":"closed","ping_status":"closed","template":"","meta":{"sfsi_plus_gutenberg_text_before_share":"","sfsi_plus_gutenberg_show_text_before_share":"","sfsi_plus_gutenberg_icon_type":"","sfsi_plus_gutenberg_icon_alignemt":"","sfsi_plus_gutenburg_max_per_row":"","footnotes":""},"class_list":["post-2405","page","type-page","status-publish","has-post-thumbnail","hentry","has_thumb"],"aioseo_notices":[],"_links":{"self":[{"href":"https:\/\/odk-ergon.pl\/fr\/wp-json\/wp\/v2\/pages\/2405","targetHints":{"allow":["GET"]}}],"collection":[{"href":"https:\/\/odk-ergon.pl\/fr\/wp-json\/wp\/v2\/pages"}],"about":[{"href":"https:\/\/odk-ergon.pl\/fr\/wp-json\/wp\/v2\/types\/page"}],"author":[{"embeddable":true,"href":"https:\/\/odk-ergon.pl\/fr\/wp-json\/wp\/v2\/users\/1"}],"replies":[{"embeddable":true,"href":"https:\/\/odk-ergon.pl\/fr\/wp-json\/wp\/v2\/comments?post=2405"}],"version-history":[{"count":7,"href":"https:\/\/odk-ergon.pl\/fr\/wp-json\/wp\/v2\/pages\/2405\/revisions"}],"predecessor-version":[{"id":3545,"href":"https:\/\/odk-ergon.pl\/fr\/wp-json\/wp\/v2\/pages\/2405\/revisions\/3545"}],"up":[{"embeddable":true,"href":"https:\/\/odk-ergon.pl\/fr\/wp-json\/wp\/v2\/pages\/1606"}],"wp:featuredmedia":[{"embeddable":true,"href":"https:\/\/odk-ergon.pl\/fr\/wp-json\/wp\/v2\/media\/2407"}],"wp:attachment":[{"href":"https:\/\/odk-ergon.pl\/fr\/wp-json\/wp\/v2\/media?parent=2405"}],"curies":[{"name":"wp","href":"https:\/\/api.w.org\/{rel}","templated":true}]}}