{"id":2418,"date":"2022-09-06T09:58:56","date_gmt":"2022-09-06T07:58:56","guid":{"rendered":"https:\/\/odk-ergon.pl\/?page_id=2418"},"modified":"2023-05-15T15:04:19","modified_gmt":"2023-05-15T13:04:19","slug":"pouvoirs-udt","status":"publish","type":"page","link":"https:\/\/odk-ergon.pl\/fr\/szkolenia\/uprawnienia-udt-tdt\/uprawnienia-udt\/","title":{"rendered":"La licence UDT offre de nombreuses possibilit\u00e9s"},"content":{"rendered":"<div class=\"wp-block-image\">\n<figure class=\"alignright size-large is-resized\"><img loading=\"lazy\" decoding=\"async\" src=\"https:\/\/odk-ergon.pl\/wp-content\/uploads\/2022\/08\/2.jpeg\" alt=\"fonctionnement de l&#039;\u00e9quipement\" width=\"397\" height=\"168\"\/><\/figure>\n<\/div>\n\n\n<p>Aujourd'hui, certaines des qualifications les plus populaires sont d\u00e9livr\u00e9es aux conducteurs de chariots \u00e9l\u00e9vateurs. Toutefois, ce n'est pas la seule profession pouvant \u00eatre li\u00e9e \u00e0 la qualification UDT. Les mainteneurs de chariots \u00e9l\u00e9vateurs en sont un exemple. Ces deux personnes sont en contact avec l'\u00e9quipement dont elles sont responsables. Il arrive souvent que l'op\u00e9rateur d\u00e9tecte les premiers signes de d\u00e9faillance de l'\u00e9quipement et en informe le mainteneur. Ce dernier doit poss\u00e9der les comp\u00e9tences n\u00e9cessaires \u00e9troitement li\u00e9es au fonctionnement des syst\u00e8mes d'ascenseur et de d\u00e9placement. En outre, il doit conna\u00eetre la construction d\u00e9taill\u00e9e des machines et, surtout, savoir comment r\u00e9parer ou remplacer les composants endommag\u00e9s. D'autres personnes travaillant dans des secteurs similaires sont, par exemple, des braseurs, des soudeurs, des employ\u00e9s du contr\u00f4le de la qualit\u00e9, de la technologie, du traitement thermique ou de la transformation des mati\u00e8res plastiques.\u00a0<\/p>\n\n\n\n<h2 class=\"wp-block-heading\"><strong>Ils sont \u00e9galement n\u00e9cessaires pour la manutention :<\/strong>\u00a0<\/h2>\n\n\n\n<ul class=\"wp-block-list\">\n<li>grues ;&nbsp;<\/li>\n\n\n\n<li>des plates-formes de diff\u00e9rents types ;&nbsp;<\/li>\n\n\n\n<li>les grues de chantier et les monte-charges et monte-personnes ;&nbsp;<\/li>\n\n\n\n<li>grues ;&nbsp;&nbsp;<\/li>\n\n\n\n<li>palan, treuil.&nbsp;<\/li>\n<\/ul>\n\n\n<div class=\"wp-block-image\">\n<figure class=\"alignright size-large is-resized\"><img loading=\"lazy\" decoding=\"async\" src=\"https:\/\/odk-ergon.pl\/wp-content\/uploads\/2022\/09\/1.webp\" alt=\"la manutention de charges \u00e0 l&#039;aide d&#039;un chariot \u00e9l\u00e9vateur\" width=\"400\" height=\"267\"\/><\/figure>\n<\/div>\n\n\n<p>L'Office de contr\u00f4le technique d\u00e9livre des certificats de qualification permettant la conduite de chariots \u00e9l\u00e9vateurs \u00e0 levage m\u00e9canique. Bas\u00e9 sur le texte de la loi du 21 d\u00e9cembre 2000 sur la surveillance technique et les conditions de l'ordonnance du ministre de l'entrepreneuriat et de la technologie du 21 mai 2019 sur la proc\u00e9dure de v\u00e9rification des qualifications requises pour l'exploitation et la maintenance des \u00e9quipements techniques et sur le mode et la proc\u00e9dure de prolongation de la dur\u00e9e de validit\u00e9 des certificats de qualification.\u00a0<\/p>\n\n\n\n<h2 class=\"wp-block-heading\"><strong>Directives n\u00e9cessaires pour les acqu\u00e9rir :<\/strong>\u00a0<\/h2>\n\n\n\n<ul class=\"wp-block-list\">\n<li>les connaissances et les comp\u00e9tences en fonction du type et du domaine de qualification ;&nbsp;<\/li>\n\n\n\n<li>r\u00e9ussir l'examen d'\u00c9tat devant la commission de l'UDT.&nbsp;&nbsp;<\/li>\n\n\n\n<li><strong>Les responsabilit\u00e9s selon l'institution de l'autorit\u00e9 de contr\u00f4le technique sont bas\u00e9es sur la connaissance :<\/strong>\u00a0<\/li>\n\n\n\n<li>conditions g\u00e9n\u00e9rales de travail s\u00fbres ;&nbsp;<\/li>\n\n\n\n<li>l'exploitation de camions fonctionnant au gaz (GPL) ;&nbsp;<\/li>\n\n\n\n<li>les instructions d'utilisation (contr\u00f4le de l'appareil, \u00e9tapes avant et apr\u00e8s la mise en service) ;&nbsp;<\/li>\n\n\n\n<li>la l\u00e9gislation relative au fonctionnement de l'\u00e9quipement en question ;&nbsp;<\/li>\n\n\n\n<li>les types de v\u00e9hicules conform\u00e9ment aux droits ;&nbsp;<\/li>\n\n\n\n<li>les caract\u00e9ristiques de la capacit\u00e9 ;&nbsp;&nbsp;<\/li>\n\n\n\n<li>le concept de stabilit\u00e9 ;&nbsp;<\/li>\n\n\n\n<li>la construction et le fonctionnement de l'appareil, en indiquant les diff\u00e9rents composants ;&nbsp;&nbsp;<\/li>\n\n\n\n<li>les proc\u00e9dures d'urgence et d'accident ;&nbsp;<\/li>\n\n\n\n<li>les conditions sp\u00e9cifiques, y compris les r\u00e8gles de travail (par exemple, le transport de personnes dans des paniers sur des plates-formes de travail).&nbsp;<\/li>\n<\/ul>\n\n\n\n<h2 class=\"wp-block-heading\"><strong>O\u00f9 dois-je soumettre ma demande d\u00fbment remplie pour v\u00e9rifier mes qualifications ?<\/strong>\u00a0\u00a0<\/h2>\n\n\n\n<p>Cette d\u00e9marche peut \u00eatre effectu\u00e9e aupr\u00e8s du bureau de l'autorit\u00e9 de contr\u00f4le technique ou de l'agence locale la plus proche. Vous devez vous inscrire \u00e0 l'examen par l'interm\u00e9diaire d'un centre de formation ou par vos propres moyens.&nbsp;<\/p>\n\n\n\n<p>Veuillez noter que la redevance introduite \u00e0 partir du 11 f\u00e9vrier 2020 est r\u00e9gie par la loi sur le contr\u00f4le technique, article 23(4).&nbsp;<\/p>\n\n\n\n<h2 class=\"wp-block-heading\"><strong>Quel \u00e9quipement est supervis\u00e9 par le superviseur technique ?<\/strong>\u00a0<\/h2>\n\n\n<div class=\"wp-block-image\">\n<figure class=\"alignright size-large is-resized\"><img loading=\"lazy\" decoding=\"async\" src=\"https:\/\/odk-ergon.pl\/wp-content\/uploads\/2022\/09\/2-2.jpeg\" alt=\"remplacement de la bouteille de gaz dans le v\u00e9hicule\" width=\"400\" height=\"267\"\/><\/figure>\n<\/div>\n\n\n<ul class=\"wp-block-list\">\n<li><a href=\"https:\/\/odk-ergon.pl\/fr\/szkolenia\/uprawnienia-udt-tdt\/konserwacja-utb-udt\/\">mat\u00e9riel de manutention<\/a> (par exemple, ponts roulants, grues, chariots \u00e9l\u00e9vateurs, escaliers m\u00e9caniques, trottoirs roulants, monte-charge, palans, treuils, \u00e9l\u00e9vateurs de personnel - ascenseurs de passagers) ;&nbsp;<\/li>\n\n\n\n<li>des prises ;&nbsp;<\/li>\n\n\n\n<li>les convoyeurs de cabines et de chaises ;&nbsp;<\/li>\n\n\n\n<li>pression ; &nbsp;<\/li>\n\n\n\n<li>les r\u00e9servoirs non pressuris\u00e9s et \u00e0 basse pression con\u00e7us pour le stockage de mati\u00e8res dangereuses (toxiques et corrosives) et de liquides inflammables.&nbsp;&nbsp;<\/li>\n<\/ul>\n\n\n\n<h2 class=\"wp-block-heading\"><strong>Pourquoi nous ?<\/strong>\u00a0<\/h2>\n\n\n\n<p>Si vous cherchez une pr\u00e9paration solide pour vos examens th\u00e9oriques et pratiques, nous vous invitons \u00e0 suivre le cours UDT dans notre Centre de formation des op\u00e9rateurs (OSO). Gr\u00e2ce \u00e0 nous, vous obtiendrez une offre adapt\u00e9e \u00e0 l'emploi en question. Vous avez la possibilit\u00e9 de suivre une formation ouverte ou ferm\u00e9e (pour les groupes organis\u00e9s). Et nous proposons des prix attractifs. Nous sommes fiers du taux de r\u00e9ussite de nos stagiaires. Une fois l'examen r\u00e9ussi, vous recevrez un certificat de qualification vous permettant d'utiliser l'\u00e9quipement mentionn\u00e9.&nbsp;<\/p>\n\n\n\n<h2 class=\"wp-block-heading\"><strong>Que v\u00e9rifient les comit\u00e9s de l'UDT ?<\/strong>\u00a0<\/h2>\n\n\n\n<p>Comp\u00e9tence de ceux qui ont l'intention de se sp\u00e9cialiser dans des domaines tels que :&nbsp;<\/p>\n\n\n\n<ul class=\"wp-block-list\">\n<li>le fonctionnement et l'entretien des \u00e9quipements de manutention ;&nbsp;<\/li>\n\n\n\n<li><a href=\"https:\/\/odk-ergon.pl\/fr\/szkolenia\/szkolenia-sep\/napelnianie-zbiornikow\/\">le remplissage des appareils \u00e0 pression<\/a>;&nbsp;<\/li>\n\n\n\n<li>la supervision du soudage ;&nbsp;<\/li>\n\n\n\n<li>la protection cathodique ;&nbsp;<\/li>\n\n\n\n<li><a href=\"https:\/\/odk-ergon.pl\/fr\/szkolenia\/uprawnienia-udt-tdt\/polaczenia-kolnierzowe\/\">raccords \u00e0 bride<\/a>;&nbsp;<\/li>\n<\/ul>\n\n\n\n<ul class=\"wp-block-list\">\n<li>ainsi qu'en travaillant comme d\u00e9nonciateur.&nbsp;<\/li>\n<\/ul>\n\n\n\n<p>Pour obtenir <a href=\"https:\/\/odk-ergon.pl\/fr\/szkolenia\/szkolenia-na-suwnice\/uprawnienia\/\">Dipl\u00f4mes UDT<\/a> pour ces postes, vous devez vous inscrire \u00e0 une formation et passer des examens.&nbsp;<\/p>\n\n\n\n<p><strong>Qui peut s'inscrire au cours ?<\/strong>&nbsp;<\/p>\n\n\n\n<p>Uniquement les adultes dont l'\u00e9tat de sant\u00e9 leur permet d'effectuer des travaux en hauteur. Un examen aupr\u00e8s d'un m\u00e9decin du travail et un certificat doivent \u00eatre fournis avant la formation. Les participants doivent avoir une \u00e9ducation de base.\u00a0<\/p>\n\n\n\n<figure class=\"wp-block-image size-large is-resized\"><img loading=\"lazy\" decoding=\"async\" src=\"https:\/\/odk-ergon.pl\/wp-content\/uploads\/2022\/11\/81-UDT-odk-ergon.pl_.png\" alt=\"Dipl\u00f4mes UDT\" width=\"747\" height=\"436\"\/><\/figure>","protected":false},"excerpt":{"rendered":"<p>W dzisiejszych czasach jedne z najpopularniejszych uprawnie\u0144 wydawane s\u0105 dla operator\u00f3w w\u00f3zk\u00f3w wid\u0142owych. Nie jest to jednak jedyny zaw\u00f3d, mo\u017cliwy do wykonywania zwi\u0105zany z kwalifikacjami UDT. Przyk\u0142adem s\u0105 konserwatorzy w\u00f3zk\u00f3w jezdniowych unosz\u0105cych. Obie osoby maj\u0105 kontakt z tymi samymi urz\u0105dzeniami, za kt\u00f3re s\u0105 odpowiedzialni. Cz\u0119sto zdarza si\u0119, \u017ce operator stwierdza pierwsze objawy awarii sprz\u0119tu i zg\u0142asza konserwatorowi. Ten drugi musi mie\u0107 odpowiednie kompetencje \u015bci\u015ble powi\u0105zane z dzia\u0142aniem w uk\u0142adach unosz\u0105cym i jezdnym. Opr\u00f3cz tego zna\u0107 szczeg\u00f3\u0142ow\u0105 budow\u0119 maszyn, a przede wszystkim wiedzie\u0107, jak naprawi\u0107, b\u0105d\u017a wymieni\u0107 uszkodzone w nich elementy. Nast\u0119pnymi osobami z podobnych bran\u017c s\u0105, np. lutowacze, spawacze, pracownicy dzia\u0142\u00f3w kontroli jako\u015bci, technologii, obr\u00f3bki cieplnej czy te\u017c przer\u00f3bki plastycznej.\u00a0 Wymagane s\u0105 r\u00f3wnie\u017c przy obs\u0142udze:\u00a0 Urz\u0105d Dozoru Technicznego wydaje za\u015bwiadczenia kwalifikacyjne pozwalaj\u0105ce obs\u0142ugiwa\u0107 w\u00f3zki jezdniowe podno\u015bnikowe z mechanicznym podnoszeniem. W oparciu o tekst ustawy z dnia 21 grudnia 2000 roku o dozorze technicznym oraz warunk\u00f3w z rozporz\u0105dzenia Ministra Przedsi\u0119biorczo\u015bci i Technologii z dnia 21 maja 2019 roku w sprawie trybu sprawdzania kwalifikacji wymaganych przy obs\u0142udze i konserwacji urz\u0105dze\u0144 technicznych oraz sposobu i trybu przed\u0142u\u017cania okresu wa\u017cno\u015bci za\u015bwiadcze\u0144 kwalifikacyjnych.\u00a0 Wytyczne potrzebne do ich zdobycia:\u00a0 Gdzie z\u0142o\u017cy\u0107 wype\u0142niony wniosek, aby sprawdzi\u0107 kwalifikacje?\u00a0\u00a0 Mo\u017cna to zrobi\u0107 w biurze Urz\u0119du Dozoru Technicznego lub w najbli\u017cszym lokalnym oddziale. Na egzamin trzeba zapisa\u0107 si\u0119 przez centrum szkoleniowe lub samodzielnie.&nbsp; Nale\u017cy pami\u0119ta\u0107 o op\u0142acie wprowadzonej od 11 lutego 2020. Reguluje j\u0105 ustawa o dozorze technicznym art.23 ust. 4.&nbsp; Jakie urz\u0105dzenia nadzoruje doz\u00f3r techniczny?\u00a0 Dlaczego my?\u00a0 Je\u015bli zale\u017cy Ci na solidnym przygotowaniu do egzaminu z teorii i praktyki \u2013 zapraszamy na kurs UDT [&hellip;]<\/p>\n","protected":false},"author":1,"featured_media":2421,"parent":1828,"menu_order":0,"comment_status":"closed","ping_status":"closed","template":"","meta":{"sfsi_plus_gutenberg_text_before_share":"","sfsi_plus_gutenberg_show_text_before_share":"","sfsi_plus_gutenberg_icon_type":"","sfsi_plus_gutenberg_icon_alignemt":"","sfsi_plus_gutenburg_max_per_row":"","footnotes":""},"class_list":["post-2418","page","type-page","status-publish","has-post-thumbnail","hentry","has_thumb"],"aioseo_notices":[],"_links":{"self":[{"href":"https:\/\/odk-ergon.pl\/fr\/wp-json\/wp\/v2\/pages\/2418","targetHints":{"allow":["GET"]}}],"collection":[{"href":"https:\/\/odk-ergon.pl\/fr\/wp-json\/wp\/v2\/pages"}],"about":[{"href":"https:\/\/odk-ergon.pl\/fr\/wp-json\/wp\/v2\/types\/page"}],"author":[{"embeddable":true,"href":"https:\/\/odk-ergon.pl\/fr\/wp-json\/wp\/v2\/users\/1"}],"replies":[{"embeddable":true,"href":"https:\/\/odk-ergon.pl\/fr\/wp-json\/wp\/v2\/comments?post=2418"}],"version-history":[{"count":4,"href":"https:\/\/odk-ergon.pl\/fr\/wp-json\/wp\/v2\/pages\/2418\/revisions"}],"predecessor-version":[{"id":3532,"href":"https:\/\/odk-ergon.pl\/fr\/wp-json\/wp\/v2\/pages\/2418\/revisions\/3532"}],"up":[{"embeddable":true,"href":"https:\/\/odk-ergon.pl\/fr\/wp-json\/wp\/v2\/pages\/1828"}],"wp:featuredmedia":[{"embeddable":true,"href":"https:\/\/odk-ergon.pl\/fr\/wp-json\/wp\/v2\/media\/2421"}],"wp:attachment":[{"href":"https:\/\/odk-ergon.pl\/fr\/wp-json\/wp\/v2\/media?parent=2418"}],"curies":[{"name":"wp","href":"https:\/\/api.w.org\/{rel}","templated":true}]}}