{"id":2498,"date":"2022-09-29T09:31:41","date_gmt":"2022-09-29T07:31:41","guid":{"rendered":"https:\/\/odk-ergon.pl\/?page_id=2498"},"modified":"2023-03-16T10:27:37","modified_gmt":"2023-03-16T09:27:37","slug":"machines-de-construction-2","status":"publish","type":"page","link":"https:\/\/odk-ergon.pl\/fr\/szkolenia\/uprawnienia-udt-tdt\/maszyny-budowlane\/","title":{"rendered":"Suivez un cours sur les machines de construction (rouleaux, excavatrices, \u00e9chafaudages) avec ERGON !"},"content":{"rendered":"<figure class=\"wp-block-image size-large is-resized\"><img loading=\"lazy\" decoding=\"async\" src=\"https:\/\/odk-ergon.pl\/wp-content\/uploads\/2022\/09\/3-2.jpeg\" alt=\"homme en tenue de protection\" width=\"800\" height=\"550\"\/><\/figure>\n\n\n\n<h2 class=\"wp-block-heading\"><strong>Formation \u00e0 l'utilisation d'engins de chantier<\/strong><\/h2>\n\n\n\n<p>Le Centre d'am\u00e9lioration du personnel ERGON vous invite \u00e0 un cours de formation sur la conduite de divers \u00e9quipements utilis\u00e9s sur les chantiers de construction. Le march\u00e9 du travail manque toujours de conducteurs d'engins de chantier qualifi\u00e9s. Le secteur de la construction ne cesse de cro\u00eetre. Les engins de chantier sont des \u00e9quipements utilis\u00e9s dans de nombreux travaux, y compris les travaux en hauteur. Les formations de conducteurs d'engins de chantier s'adressent aux salari\u00e9s qui travaillent d\u00e9j\u00e0 comme conducteurs, aux salari\u00e9s des entreprises de construction et \u00e0 tous ceux qui souhaitent acqu\u00e9rir une nouvelle exp\u00e9rience professionnelle dans ce domaine. Notre formation vous permettra d'acqu\u00e9rir les comp\u00e9tences n\u00e9cessaires.\u00a0<\/p>\n\n\n\n<h2 class=\"wp-block-heading\"><strong>Comment enseignons-nous ?<\/strong>&nbsp;<\/h2>\n\n\n\n<p>Nous veillons \u00e0 ce que nos cours transmettent les connaissances de mani\u00e8re fiable et active. La combinaison de la pratique et de la th\u00e9orie produit des r\u00e9sultats fiables, et c'est exactement ce \u00e0 quoi nous nous attachons dans nos cours de formation. Nos formateurs comp\u00e9tents veillent \u00e0 ce que le contenu des cours soit le plus \u00e9lev\u00e9 possible.&nbsp;<\/p>\n\n\n\n<h2 class=\"wp-block-heading\"><strong>Et l'examen ?&nbsp;<\/strong>&nbsp;<\/h2>\n\n\n<div class=\"wp-block-image\">\n<figure class=\"alignright size-large is-resized\"><img loading=\"lazy\" decoding=\"async\" src=\"https:\/\/odk-ergon.pl\/wp-content\/uploads\/2022\/09\/2-7.jpeg\" alt=\"levage de charges\" width=\"400\" height=\"267\"\/><\/figure>\n<\/div>\n\n\n<p>L'examen de l'UDT est divis\u00e9 en deux parties - th\u00e9orique et pratique. Vous passerez d'abord l'examen th\u00e9orique, qui se d\u00e9roule sous la forme d'une \u00e9preuve \u00e9crite sous la supervision d'un comit\u00e9. La partie pratique de l'examen se d\u00e9roule dans un lieu d\u00e9sign\u00e9, o\u00f9 les examinateurs testent vos comp\u00e9tences en mati\u00e8re d'utilisation de l'\u00e9quipement et veillent au respect des r\u00e8gles de sant\u00e9 et de s\u00e9curit\u00e9. Vous n'avez pas besoin de redouter l'examen car vous aurez un acc\u00e8s continu \u00e0 notre plateforme, o\u00f9 vous trouverez tout le mat\u00e9riel de formation n\u00e9cessaire pour vous aider \u00e0 vous pr\u00e9parer \u00e0 l'examen. Notre centre a un taux de r\u00e9ussite \u00e9lev\u00e9 \u00e0 l'examen.&nbsp;<\/p>\n\n\n\n<h2 class=\"wp-block-heading\"><strong>Rouleaux de construction<\/strong>&nbsp;<\/h2>\n\n\n\n<p>Vous serez form\u00e9 aux rouleaux de construction, afin de devenir op\u00e9rateur et de les utiliser sur le chantier. Vous obtiendrez une qualification de classe III en tant que conducteur d'engins de chantier. Cela vous ouvrira de nombreuses possibilit\u00e9s sur le march\u00e9 du travail, car il s'agit d'une comp\u00e9tence pr\u00e9cieuse.  Si vous voulez devenir conducteur de rouleaux de construction, il est n\u00e9cessaire d'apprendre la construction et le bon fonctionnement de cette machine, et vous devez \u00e9galement \u00eatre en mesure d'assurer des conditions de travail s\u00fbres. Tout ce dont vous avez besoin pour travailler sera couvert dans notre cours de formation.&nbsp;<\/p>\n\n\n\n<h2 class=\"wp-block-heading\"><strong>\u00c9chafaudages<\/strong>&nbsp;<\/h2>\n\n\n\n<p>Vous obtiendrez un dipl\u00f4me d'\u00c9tat qui vous permettra \u00e9galement de travailler en tant que monteur. Il doit utiliser la documentation technique sur les diff\u00e9rents types d'\u00e9chafaudages, \u00eatre capable d'organiser le lieu de travail et toutes les activit\u00e9s li\u00e9es aux fonctions exerc\u00e9es. Il doit \u00e9galement savoir monter et d\u00e9monter un \u00e9chafaudage dans toutes sortes de conditions et conna\u00eetre les r\u00e8gles de sant\u00e9 et de s\u00e9curit\u00e9. Vous apprendrez tout cela dans les cours d'\u00e9chafaudage de notre formation combin\u00e9e.&nbsp;<\/p>\n\n\n\n<h2 class=\"wp-block-heading\"><strong>Pelles<\/strong>&nbsp;<\/h2>\n\n\n\n<p>Gr\u00e2ce aux cours consacr\u00e9s aux excavatrices, vous apprendrez \u00e0 travailler avec des excavatrices, \u00e0 les construire, \u00e0 inspecter et \u00e0 maintenir la qualit\u00e9 de ces machines, ainsi qu'\u00e0 conna\u00eetre les r\u00e8gles de sant\u00e9 et de s\u00e9curit\u00e9. Les conducteurs de pelles sont tr\u00e8s demand\u00e9s sur le march\u00e9 du travail, et avec des qualifications suppl\u00e9mentaires en installation d'\u00e9chafaudages et en conduite de rouleaux, vous deviendrez un employ\u00e9 recherch\u00e9 qui pourra choisir un emploi gratifiant pour lui.&nbsp;<\/p>\n\n\n\n<h2 class=\"wp-block-heading\"><strong>Conditions requises pour suivre le cours<\/strong>&nbsp;<\/h2>\n\n\n\n<p>En ce qui concerne les exigences formelles pour les participants au cours, elles sont peu nombreuses. Il suffit d'\u00eatre \u00e2g\u00e9 d'au moins 18 ans, d'avoir suivi au moins une scolarit\u00e9 primaire et de ne pas pr\u00e9senter de contre-indications \u00e0 ce travail.&nbsp;<\/p>\n\n\n\n<figure class=\"wp-block-image size-large is-resized\"><img loading=\"lazy\" decoding=\"async\" src=\"https:\/\/odk-ergon.pl\/wp-content\/uploads\/2022\/09\/1-7.jpeg\" alt=\"travailleurs de la construction\" width=\"800\" height=\"534\"\/><\/figure>\n\n\n\n<h2 class=\"wp-block-heading\"><strong>Quel est le public cible de notre formation ?<\/strong>&nbsp;<\/h2>\n\n\n\n<p>Pratiquement tout le monde. La formation est un excellent moyen non seulement pour les jeunes, mais aussi pour ceux qui souhaitent se recycler, qui sont actuellement \u00e0 la recherche d'un emploi ou qui veulent renouveler leurs connaissances. Ou encore, pour toute personne \u00e0 la recherche d'un emploi \u00e0 l'\u00e9tranger, car on y recherche \u00e9galement des conducteurs d'engins de chantier. Les qualifications obtenues en Pologne sont \u00e9galement respect\u00e9es dans les pays de l'UE. L'offre s'adresse \u00e0 ceux qui cherchent un emploi, entre autres, dans le secteur de la construction.&nbsp;<\/p>\n\n\n\n<h2 class=\"wp-block-heading\"><strong>Quel est notre objectif ?<\/strong>&nbsp;<\/h2>\n\n\n\n<p>Surtout, aider nos stagiaires \u00e0 obtenir de nouvelles qualifications professionnelles. L'acquisition de ces qualifications est tr\u00e8s importante pour toute personne souhaitant conduire des engins de chantier. Nous sommes soucieux de la qualit\u00e9 de la formation et de l'efficacit\u00e9, et nous nous engageons \u00e0 faire en sorte que les participants \u00e0 nos cours puissent facilement trouver un emploi. Nos formateurs transmettent les connaissances requises de mani\u00e8re simple et accessible. Vous serez ainsi pr\u00e9par\u00e9 de mani\u00e8re fiable \u00e0 l'examen.&nbsp;<\/p>\n\n\n\n<p><strong>Vous pouvez utiliser nos services&nbsp;<\/strong>&nbsp;<\/p>\n\n\n\n<p>Appelez-nous pour en savoir plus sur les dates de formation. Les prix des formations d\u00e9pendent du nombre de participants. Nous nous adaptons \u00e0 vos besoins !<strong>&nbsp;<\/strong>&nbsp;<\/p>\n\n\n\n<figure class=\"wp-block-table\"><table><tbody><tr><td>Cours :&nbsp;<\/td><td>Formation de conducteur d'engins de chantier.&nbsp;<\/td><\/tr><tr><td>Examen :&nbsp;<\/td><td>L'examen se d\u00e9roule en deux \u00e9tapes, comprenant une partie th\u00e9orique et une partie pratique.&nbsp;<\/td><\/tr><tr><td><a href=\"https:\/\/odk-ergon.pl\/fr\/cennik\/\">Liste de prix<\/a>:&nbsp;<\/td><td>Appelez-nous pour en savoir plus sur la date et le prix de la formation.&nbsp;<\/td><\/tr><\/tbody><\/table><\/figure>\n\n\n\n<figure class=\"wp-block-image size-large is-resized\"><img loading=\"lazy\" decoding=\"async\" src=\"https:\/\/odk-ergon.pl\/wp-content\/uploads\/2022\/11\/79-Koparki-odk-ergon.pl_.png\" alt=\"formation pour les excavateurs\" width=\"819\" height=\"478\"\/><\/figure>","protected":false},"excerpt":{"rendered":"<p>Szkolenie z obs\u0142ugi maszyn budowlanych O\u015brodek Doskonalenia Kadr ERGON zaprasza na szkolenie z obs\u0142ugi r\u00f3\u017cnych urz\u0105dze\u0144 stosowanych na placach budowlanych. Na rynku pracy wci\u0105\u017c brakuje wykwalifikowanych operator\u00f3w maszyn budowlanych. Bran\u017ca budowlana ca\u0142y czas si\u0119 rozwija. Maszyny budowlane to urz\u0105dzenia wykorzystywane podczas wielu prac, w tym pracach na wysoko\u015bciach. Szkolenia na operator\u00f3w tych urz\u0105dze\u0144 s\u0105 dedykowane pracownikom ju\u017c zatrudnionym na stanowisku operator\u00f3w, pracownikom firm budowlanych i wszystkim, kt\u00f3rym zale\u017cy na zdobyciu nowego do\u015bwiadczenia zawodowego w tej dziedzinie. Niezb\u0119dne umiej\u0119tno\u015bci mo\u017cesz uzyska\u0107 na naszym szkoleniu.\u00a0 Jak uczymy?&nbsp; Skupiamy si\u0119 na tym, aby nasze kursy dostarcza\u0142y wiedz\u0119 w rzetelny i aktywizuj\u0105cy spos\u00f3b. Po\u0142\u0105czenie praktyki z teori\u0105 daje niezawodne efekty i w\u0142a\u015bnie na to stawiamy podczas naszych szkole\u0144. Nasi kompetentni prowadz\u0105cy zadbaj\u0105 o to, aby kursy by\u0142y na jak najwy\u017cszym poziomie merytorycznym.&nbsp; Co z egzaminem?&nbsp;&nbsp; Egzamin UDT podzielony jest na dwie cz\u0119\u015bci \u2013 teoretyczn\u0105 i praktyczn\u0105. Najpierw przyst\u0105pisz do egzaminu teoretycznego, jest on przeprowadzany w formie testu pisemnego pod nadzorem komisji. Cz\u0119\u015b\u0107 praktyczna egzaminu odbywa si\u0119 w wyznaczonym do tego miejscu, gdzie egzaminatorzy sprawdzaj\u0105 Twoje umiej\u0119tno\u015bci z obs\u0142ugi urz\u0105dzenia oraz egzekwuj\u0105 przestrzeganie zasad BHP. Nie musisz obawia\u0107 si\u0119 egzaminu, poniewa\u017c b\u0119dziesz mia\u0142 ci\u0105g\u0142y dost\u0119p do naszej platformy, gdzie znajdziesz wszystkie niezb\u0119dne materia\u0142y szkoleniowe, kt\u00f3re pomog\u0105 Ci przygotowa\u0107 si\u0119 do egzaminu. Nasz o\u015brodek posiada wysoki poziom zdawalno\u015bci egzamin\u00f3w.&nbsp; Walce budowlane&nbsp; Zostaniesz przeszkolony z zakresu walc\u00f3w budowlanych, dzi\u0119ki temu zostaniesz ich operatorem i b\u0119dziesz m\u00f3g\u0142 je wykorzystywa\u0107 na placu budowy. Otrzymasz kwalifikacje operatora maszyn budowlanych w zakresie III klasy uprawnie\u0144. Dzi\u0119ki temu pojawi si\u0119 przed Tob\u0105 wiele mo\u017cliwo\u015bci na rynku pracy, [&hellip;]<\/p>\n","protected":false},"author":1,"featured_media":2501,"parent":1828,"menu_order":0,"comment_status":"closed","ping_status":"closed","template":"","meta":{"sfsi_plus_gutenberg_text_before_share":"","sfsi_plus_gutenberg_show_text_before_share":"","sfsi_plus_gutenberg_icon_type":"","sfsi_plus_gutenberg_icon_alignemt":"","sfsi_plus_gutenburg_max_per_row":"","footnotes":""},"class_list":["post-2498","page","type-page","status-publish","has-post-thumbnail","hentry","has_thumb"],"aioseo_notices":[],"_links":{"self":[{"href":"https:\/\/odk-ergon.pl\/fr\/wp-json\/wp\/v2\/pages\/2498","targetHints":{"allow":["GET"]}}],"collection":[{"href":"https:\/\/odk-ergon.pl\/fr\/wp-json\/wp\/v2\/pages"}],"about":[{"href":"https:\/\/odk-ergon.pl\/fr\/wp-json\/wp\/v2\/types\/page"}],"author":[{"embeddable":true,"href":"https:\/\/odk-ergon.pl\/fr\/wp-json\/wp\/v2\/users\/1"}],"replies":[{"embeddable":true,"href":"https:\/\/odk-ergon.pl\/fr\/wp-json\/wp\/v2\/comments?post=2498"}],"version-history":[{"count":5,"href":"https:\/\/odk-ergon.pl\/fr\/wp-json\/wp\/v2\/pages\/2498\/revisions"}],"predecessor-version":[{"id":3181,"href":"https:\/\/odk-ergon.pl\/fr\/wp-json\/wp\/v2\/pages\/2498\/revisions\/3181"}],"up":[{"embeddable":true,"href":"https:\/\/odk-ergon.pl\/fr\/wp-json\/wp\/v2\/pages\/1828"}],"wp:featuredmedia":[{"embeddable":true,"href":"https:\/\/odk-ergon.pl\/fr\/wp-json\/wp\/v2\/media\/2501"}],"wp:attachment":[{"href":"https:\/\/odk-ergon.pl\/fr\/wp-json\/wp\/v2\/media?parent=2498"}],"curies":[{"name":"wp","href":"https:\/\/api.w.org\/{rel}","templated":true}]}}