{"id":2504,"date":"2022-09-29T11:12:48","date_gmt":"2022-09-29T09:12:48","guid":{"rendered":"https:\/\/odk-ergon.pl\/?page_id=2504"},"modified":"2023-03-15T20:20:33","modified_gmt":"2023-03-15T19:20:33","slug":"fumoir-fourneau-et-chaudiere","status":"publish","type":"page","link":"https:\/\/odk-ergon.pl\/fr\/szkolenia\/szkolenia-sep\/palacz-piecow-i-kotlow\/","title":{"rendered":"Cours sur les cuiseurs CO et les chauffeurs de chaudi\u00e8res avec ERGON"},"content":{"rendered":"<div class=\"wp-block-image\">\n<figure class=\"alignright size-large is-resized\"><img loading=\"lazy\" decoding=\"async\" src=\"https:\/\/odk-ergon.pl\/wp-content\/uploads\/2022\/09\/1-8.jpeg\" alt=\"fourneau de chaudi\u00e8re\" width=\"400\" height=\"267\"\/><\/figure>\n<\/div>\n\n\n<p>Si vous \u00eates \u00e0 la recherche d'un emploi en tant que chauffagiste de chaudi\u00e8re et de chauffage central, cette formation est faite pour vous. Il y a une p\u00e9nurie de sp\u00e9cialistes sur le march\u00e9 et ils sont demand\u00e9s de toute urgence. Si vous suivez notre formation, vous trouverez sans probl\u00e8me votre place sur le march\u00e9 du travail. Les syst\u00e8mes de chauffage central sont souvent des appareils complexes d'une capacit\u00e9 de plus de 50 kW qui chauffent divers b\u00e2timents, tels que des \u00e9coles, des immeubles de bureaux, etc.&nbsp; <\/p>\n\n\n\n<p>Pour pouvoir utiliser ces appareils, il est n\u00e9cessaire d'\u00eatre correctement form\u00e9 et de passer un examen. Il est alors possible d'obtenir une certification. Par cons\u00e9quent, si vous souhaitez obtenir une certification, faites-le avec ERGON ! Grandissez avec nous et \u00e9largissez vos qualifications.&nbsp;<\/p>\n\n\n\n<h2 class=\"wp-block-heading\"><strong>Qu'allez-vous apprendre dans notre cours ?<\/strong>&nbsp;<\/h2>\n\n\n\n<p>Chez ERGON, nous mettons l'accent sur la qualit\u00e9 de l'enseignement et la participation active des \u00e9tudiants en classe. Nos enseignants qualifi\u00e9s s'occuperont de votre apprentissage afin que les connaissances que vous acquerrez vous accompagnent pendant longtemps. Pendant le cours, vous acquerrez des connaissances dans les domaines suivants :&nbsp;<\/p>\n\n\n\n<ul class=\"wp-block-list\">\n<li>la l\u00e9gislation, notamment celle relative au contr\u00f4le technique,&nbsp;<\/li>\n\n\n\n<li>l'organisation du travail,&nbsp;<\/li>\n\n\n\n<li>nouvelles sur les technologies de la chaleur,&nbsp;<\/li>\n\n\n\n<li>sch\u00e9ma d'une chaufferie de chauffage central,&nbsp;<\/li>\n\n\n\n<li>le th\u00e8me de l'eau dans la gestion thermique,&nbsp;<\/li>\n\n\n\n<li>chaudi\u00e8res \u00e0 vapeur et \u00e0 eau.&nbsp;<\/li>\n<\/ul>\n\n\n\n<h2 class=\"wp-block-heading\"><strong>A quoi ressemble l'examen ?<\/strong>&nbsp;<\/h2>\n\n\n<div class=\"wp-block-image\">\n<figure class=\"alignright size-large is-resized\"><img loading=\"lazy\" decoding=\"async\" src=\"https:\/\/odk-ergon.pl\/wp-content\/uploads\/2022\/09\/2-8.jpeg\" alt=\"Poste de soutier CO\" width=\"400\" height=\"267\"\/><\/figure>\n<\/div>\n\n\n<p>L'examen se compose de deux parties - th\u00e9orique et pratique. Les cours dispens\u00e9s au centre ERGON sont con\u00e7us de mani\u00e8re \u00e0 ce que chaque stagiaire obtienne un r\u00e9sultat favorable \u00e0 l'examen et re\u00e7oive un certificat. Un r\u00e9sultat positif garantit un certificat reconnu non seulement en Pologne, mais aussi dans l'UE. Il convient de rappeler que si vous passez l'examen, vous devez vous munir de votre carte d'identit\u00e9, de v\u00eatements de travail et d'\u00e9quipements de protection individuelle appropri\u00e9s.&nbsp;<\/p>\n\n\n\n<h2 class=\"wp-block-heading\"><strong>Qui est un chauffeur de chaudi\u00e8re ?<\/strong>&nbsp;<\/h2>\n\n\n\n<p>Un soudeur de chaudi\u00e8re trouvera un emploi dans de nombreux \u00e9tablissements publics, tels que des \u00e9coles ou des h\u00f4pitaux, et dans bien d'autres lieux publics. Il est important de rappeler que le travail d'un soudeur est extr\u00eamement responsable et exige des qualifications ad\u00e9quates, que vous pouvez acqu\u00e9rir chez nous.&nbsp;&nbsp;<\/p>\n\n\n\n<h2 class=\"wp-block-heading\"><strong>Conditions pour suivre le cours<\/strong><\/h2>\n\n\n\n<p>Tout ce qu'il faut, c'est&nbsp;<\/p>\n\n\n\n<ul class=\"wp-block-list\">\n<li>vous avez au moins 18 ans,&nbsp;<\/li>\n\n\n\n<li>vous n'avez pas de contre-indication de sant\u00e9,&nbsp;<\/li>\n\n\n\n<li>vous avez au moins un niveau d'\u00e9ducation primaire.&nbsp;<\/li>\n<\/ul>\n\n\n\n<p><strong>Pourquoi les examens de sant\u00e9 sont-ils importants et n\u00e9cessaires ?<\/strong>&nbsp;<\/p>\n\n\n\n<p>Il s'agit d'un travail physique pour lequel la sant\u00e9 et la condition physique sont importantes. D'o\u00f9 l'obligation de fournir un certificat m\u00e9dical. Lors de l'examen, le m\u00e9decin v\u00e9rifiera l'\u00e9tat de la vue, de l'ou\u00efe, de l'odorat et de la condition physique. Le travail de fumeur implique beaucoup de responsabilit\u00e9s et la dext\u00e9rit\u00e9 manuelle est indispensable.&nbsp;<\/p>\n\n\n\n<h2 class=\"wp-block-heading\"><strong>Pourquoi la formation est-elle si importante ?<\/strong>&nbsp;<\/h2>\n\n\n\n<p>Les comp\u00e9tences du fumeur sont responsables du bon fonctionnement du syst\u00e8me de CO. Le travail du fumeur comporte des risques et le fumeur est responsable de sa propre s\u00e9curit\u00e9 et de celle des occupants du b\u00e2timent.<\/p>\n\n\n\n<figure class=\"wp-block-image size-large is-resized\"><img loading=\"lazy\" decoding=\"async\" src=\"https:\/\/odk-ergon.pl\/wp-content\/uploads\/2022\/09\/3-3.jpeg\" alt=\"image avec inscription de formation\" width=\"800\" height=\"535\"\/><\/figure>\n\n\n\n<h2 class=\"wp-block-heading\"><strong>Quel est notre objectif ?<\/strong><\/h2>\n\n\n\n<p>Dans notre formation, les \u00e9tudiants acqui\u00e8rent des qualifications professionnelles qui leur permettent d'exercer une nouvelle profession. L'obtention de ces qualifications est tr\u00e8s importante pour ceux qui veulent faire fonctionner des chaudi\u00e8res et des cuisini\u00e8res. Au cours de nos formations, nous mettons l'accent sur l'efficacit\u00e9 de l'apprentissage. Nous nous engageons \u00e0 ce que les participants puissent facilement trouver un emploi et s'\u00e9panouir professionnellement. Nos formateurs sont des professionnels qui transmettent les connaissances de mani\u00e8re accessible. Certains travaux se d\u00e9roulent sur notre plateforme, o\u00f9 nous fournissons du mat\u00e9riel de formation. <\/p>\n\n\n\n<p>Vous obtiendrez des qualifications qui vous permettront d'exercer des activit\u00e9s op\u00e9rationnelles dans les domaines de l'exploitation, de la maintenance, de la r\u00e9paration et du montage d'\u00e9quipements, d'installations et de r\u00e9seaux thermiques. La satisfaction de nos stagiaires nous tient \u00e0 c\u0153ur, c'est pourquoi nous tenons \u00e0 souligner que les connaissances que vous acquerrez chez ERGON sont du plus haut niveau. Pendant le cours, nous vous fournirons toutes les informations n\u00e9cessaires pour vous permettre de r\u00e9ussir l'examen avec facilit\u00e9.<\/p>\n\n\n\n<h2 class=\"wp-block-heading\"><strong>Prix du cours<\/strong><\/h2>\n\n\n\n<p>Pour conna\u00eetre les co\u00fbts <a href=\"https:\/\/odk-ergon.pl\/fr\/kontakt\/\">contactez-nous<\/a> ou consulter la rubrique <a href=\"https:\/\/odk-ergon.pl\/fr\/cennik\/\">liste de prix<\/a> sur notre site web. Nous sommes r\u00e9put\u00e9s pour nos prix abordables, comme peuvent en t\u00e9moigner nos nombreux \u00e9tudiants.&nbsp;<\/p>\n\n\n\n<h2 class=\"wp-block-heading\"><strong>O\u00f9 op\u00e9rons-nous ?&nbsp;<\/strong><\/h2>\n\n\n\n<p>Notre si\u00e8ge social se trouve \u00e0 Varsovie, mais nous disposons \u00e9galement de nombreux centres dans toute la Pologne. En outre, nous pouvons \u00e9galement nous d\u00e9placer sur demande.&nbsp;&nbsp;<\/p>","protected":false},"excerpt":{"rendered":"<p>Je\u015bli szukasz pracy jako palacz piec\u00f3w i kot\u0142\u00f3w CO, to ten kurs jest dla Ciebie. Na rynku brakuje specjalist\u00f3w i s\u0105 oni pilnie poszukiwani. Je\u015bli uko\u0144czysz nasz kurs, bezproblemowo odnajdziesz si\u0119 na rynku pracy. Systemy CO stanowi\u0105 cz\u0119sto skomplikowane w obs\u0142udze urz\u0105dzenia o mocy powy\u017cej 50kW, kt\u00f3re ogrzewaj\u0105 r\u00f3\u017cne budynki, typu szko\u0142y, biurowce itp.&nbsp; Gdy chcesz obs\u0142ugiwa\u0107 te urz\u0105dzenia, konieczne jest odpowiednie przeszkolenie i zdanie egzaminu. Wtedy mo\u017cliwe jest zdobycie uprawnie\u0144. Dlatego, je\u015bli chcesz zdoby\u0107 uprawnienia, zr\u00f3b to z ERGON! Rozwijaj si\u0119 razem z nami i poszerzaj kwalifikacje.&nbsp; Czego si\u0119 nauczysz na naszym kursie?&nbsp; W ERGON stawiamy na jako\u015b\u0107 kszta\u0142cenia oraz aktywne uczestnictwo kursant\u00f3w na zaj\u0119ciach, Nasi wykwalifikowani wyk\u0142adowcy zadbaj\u0105 o twoj\u0105 nauk\u0119, tak aby wiedza, kt\u00f3r\u0105 przyswoisz, zosta\u0142a z Tob\u0105 na d\u0142ugo. Na kursie zdob\u0119dziesz wiedz\u0119 z zakresu:&nbsp; Jak wygl\u0105da egzamin?&nbsp; Egzamin sk\u0142ada si\u0119 z dw\u00f3ch cz\u0119\u015bci \u2013 teoretycznej i praktycznej. Zaj\u0119cia w O\u015brodku ERGON s\u0105 tak opracowane, aby ka\u017cdy z kursant\u00f3w zdoby\u0142 korzystny wynik egzaminu i otrzyma\u0142 certyfikat. Pozytywny wynik gwarantuje uzyskanie uprawnie\u0144, kt\u00f3re s\u0105 honorowane nie tylko w Polsce, ale te\u017c w UE. Warto pami\u0119ta\u0107, \u017ce je\u015bli przyst\u0119pujesz do egzaminu musisz ze sob\u0105 zabra\u0107 dow\u00f3d to\u017csamo\u015bci, odzie\u017c robocz\u0105 i odpowiednie \u015brodki ochrony indywidualnej.&nbsp; Kim jest palacz kot\u0142\u00f3w?&nbsp; Palacz kot\u0142\u00f3w znajdzie zatrudnienie w wielu o\u015brodkach publicznych, jak szko\u0142y czy szpitale oraz wielu innych miejscach u\u017cytku publicznego. Nale\u017cy pami\u0119ta\u0107, \u017ce praca spawacza jest niezwykle odpowiedzialna i wymaga odpowiednich uprawnie\u0144, kt\u00f3re mo\u017cesz zdoby\u0107 razem z nami.&nbsp;&nbsp; Wymagania do podj\u0119cia si\u0119 kursu Wystarczy, \u017ce:&nbsp; Dlaczego badania lekarskie s\u0105 wa\u017cne i potrzebne?&nbsp; To praca fizyczna, w kt\u00f3rej [&hellip;]<\/p>\n","protected":false},"author":1,"featured_media":2505,"parent":1567,"menu_order":0,"comment_status":"closed","ping_status":"closed","template":"","meta":{"sfsi_plus_gutenberg_text_before_share":"","sfsi_plus_gutenberg_show_text_before_share":"","sfsi_plus_gutenberg_icon_type":"","sfsi_plus_gutenberg_icon_alignemt":"","sfsi_plus_gutenburg_max_per_row":"","footnotes":""},"class_list":["post-2504","page","type-page","status-publish","has-post-thumbnail","hentry","has_thumb"],"aioseo_notices":[],"_links":{"self":[{"href":"https:\/\/odk-ergon.pl\/fr\/wp-json\/wp\/v2\/pages\/2504","targetHints":{"allow":["GET"]}}],"collection":[{"href":"https:\/\/odk-ergon.pl\/fr\/wp-json\/wp\/v2\/pages"}],"about":[{"href":"https:\/\/odk-ergon.pl\/fr\/wp-json\/wp\/v2\/types\/page"}],"author":[{"embeddable":true,"href":"https:\/\/odk-ergon.pl\/fr\/wp-json\/wp\/v2\/users\/1"}],"replies":[{"embeddable":true,"href":"https:\/\/odk-ergon.pl\/fr\/wp-json\/wp\/v2\/comments?post=2504"}],"version-history":[{"count":5,"href":"https:\/\/odk-ergon.pl\/fr\/wp-json\/wp\/v2\/pages\/2504\/revisions"}],"predecessor-version":[{"id":3175,"href":"https:\/\/odk-ergon.pl\/fr\/wp-json\/wp\/v2\/pages\/2504\/revisions\/3175"}],"up":[{"embeddable":true,"href":"https:\/\/odk-ergon.pl\/fr\/wp-json\/wp\/v2\/pages\/1567"}],"wp:featuredmedia":[{"embeddable":true,"href":"https:\/\/odk-ergon.pl\/fr\/wp-json\/wp\/v2\/media\/2505"}],"wp:attachment":[{"href":"https:\/\/odk-ergon.pl\/fr\/wp-json\/wp\/v2\/media?parent=2504"}],"curies":[{"name":"wp","href":"https:\/\/api.w.org\/{rel}","templated":true}]}}