{"id":2653,"date":"2023-03-24T09:50:13","date_gmt":"2023-03-24T08:50:13","guid":{"rendered":"https:\/\/odk-ergon.pl\/?page_id=2653"},"modified":"2023-03-24T22:19:18","modified_gmt":"2023-03-24T21:19:18","slug":"grutier-et-conducteur-de-vehicule-ferroviaire","status":"publish","type":"page","link":"https:\/\/odk-ergon.pl\/fr\/szkolenia\/uprawnienia-udt-tdt\/operator-zurawi-kolejowych-i-na-pojazdach-kolejowych\/","title":{"rendered":"Formation des op\u00e9rateurs de grues ferroviaires et de v\u00e9hicules ferroviaires"},"content":{"rendered":"\n<p>O\u015brodek szkoleniowy ERGON od lat wytrwale szkoli przysz\u0142ych operator\u00f3w z zakresu sprz\u0119t\u00f3w transportu bliskiego. Przyszli kursanci mog\u0105 liczy\u0107 na pe\u0142ne zaanga\u017cowanie naszych instruktor\u00f3w w sprawne wpojenie im niezb\u0119dnej wiedzy. Przeprowadzimy Ci\u0119 przez ca\u0142y kurs, a\u017c po asyst\u0119 podczas procesu egzaminowania. Dowodem na wysok\u0105 skuteczno\u015b\u0107 naszych metod szkoleniowych s\u0105 tysi\u0105ce przeszkolonych kursant\u00f3w.&nbsp;<\/p>\n\n\n\n<h2 class=\"wp-block-heading\">Szkolenie<\/h2>\n\n\n\n<p>Przez wiele lat obecno\u015bci na rynku, zdo\u0142ali\u015bmy opracowa\u0107 kompleksowe kursy dla operator\u00f3w i konserwator\u00f3w \u017curawi kolejowych i na pojazdach kolejowych. Szkolenie zosta\u0142o podzielone na cz\u0119\u015b\u0107 teoretyczn\u0105 oraz praktyczn\u0105. Obie cz\u0119\u015bci realizowane s\u0105 w naszym o\u015brodku szkoleniowym, z czego teoria mo\u017ce zosta\u0107 zrealizowana poprzez wyk\u0142ady online. Do dyspozycji kursant\u00f3w mamy szerokie zaplecze maszynowe. Instruktorzy w ERGON zapoznaj\u0105 Ci\u0119 z budow\u0105 maszyny i jej bezpiecznym eksploatowaniem. Pomo\u017cemy Ci z sukcesem zdoby\u0107 wszelkie kwalifikacje zwi\u0105zane z procesem egzaminowania Urz\u0119du Dozoru Technicznego.&nbsp;&nbsp;<\/p>\n\n\n\n<h3 class=\"wp-block-heading\"><strong>W cz\u0119\u015bci teoretycznej znajdzie si\u0119:&nbsp;<\/strong><\/h3>\n\n\n\n<ul class=\"wp-block-list\">\n<li>zapoznanie z przepisami BHP,&nbsp;<\/li>\n\n\n\n<li>poznanie budowy wybranej maszyny,&nbsp;<\/li>\n\n\n\n<li>poprowadzenie wymaganej dokumentacji.&nbsp;<\/li>\n<\/ul>\n\n\n\n<h3 class=\"wp-block-heading\"><strong>Cz\u0119\u015b\u0107 praktyczna zawiera:<\/strong>&nbsp;<\/h3>\n\n\n\n<ul class=\"wp-block-list\">\n<li>nauczanie obs\u0142ugi maszyny i jej eksploatacji,&nbsp;<\/li>\n\n\n\n<li>nauk\u0119 jazdy i poruszania si\u0119 maszyn\u0105 na placu manewrowym,&nbsp;<\/li>\n\n\n\n<li>wykonywanie zleconych przez instruktor\u00f3w \u0107wicze\u0144.&nbsp;<\/li>\n<\/ul>\n\n\n\n<h2 class=\"wp-block-heading\">Egzamin<\/h2>\n\n\n<div class=\"wp-block-image\">\n<figure class=\"alignleft size-full is-resized\"><a href=\"https:\/\/odk-ergon.pl\/wp-content\/uploads\/2023\/02\/zuraw-2-3.jpg\"><img loading=\"lazy\" decoding=\"async\" src=\"https:\/\/odk-ergon.pl\/wp-content\/uploads\/2023\/02\/zuraw-2-3.jpg\" alt=\"pracownik podczas pracy z \u017curawiem\" class=\"wp-image-2664\" width=\"350\" height=\"263\" srcset=\"https:\/\/odk-ergon.pl\/wp-content\/uploads\/2023\/02\/zuraw-2-3.jpg 700w, https:\/\/odk-ergon.pl\/wp-content\/uploads\/2023\/02\/zuraw-2-3-300x225.jpg 300w, https:\/\/odk-ergon.pl\/wp-content\/uploads\/2023\/02\/zuraw-2-3-16x12.jpg 16w, https:\/\/odk-ergon.pl\/wp-content\/uploads\/2023\/02\/zuraw-2-3-640x480.jpg 640w, https:\/\/odk-ergon.pl\/wp-content\/uploads\/2023\/02\/zuraw-2-3-624x468.jpg 624w\" sizes=\"auto, (max-width: 350px) 100vw, 350px\" \/><\/a><\/figure>\n<\/div>\n\n\n<p>Egzamin UDT dzieli si\u0119 na dwie cz\u0119\u015bci. Cz\u0119\u015b\u0107 teoretyczn\u0105 i cz\u0119\u015b\u0107 praktyczn\u0105. Na teori\u0119 sk\u0142ada si\u0119 test pisemny z 15 zamkni\u0119tymi pytaniami jednokrotnego wyboru. Poprawna odpowied\u017a na 11 z nich gwarantuje zaliczenie testu. Natomiast egzamin praktyczny polega na wykonaniu zada\u0144 na placu manewrowym &#8211; wykazania umiej\u0119tno\u015bci poruszania si\u0119 maszyn\u0105 i u\u017cywania jej. Ca\u0142o\u015b\u0107 nadzorowana jest przez komisj\u0119 egzaminacyjn\u0105 Urz\u0119du Dozoru Technicznego. Pozytywny wynik procesu egzaminowania gwarantuje uzyskanie uprawnie\u0144 operatora wybranej maszyny.&nbsp;&nbsp;<\/p>\n\n\n\n<h2 class=\"wp-block-heading\">Wa\u017cno\u015b\u0107 uprawnie\u0144<\/h2>\n\n\n\n<p>Certyfikaty UDT honorowane s\u0105 na terenie Polski i ca\u0142ej Unii Europejskiej. Wa\u017cno\u015b\u0107 uprawnie\u0144 przypada na 3-5 lat w zale\u017cno\u015bci od rodzaju maszyny. Nale\u017cy je regularnie odnawia\u0107, na 3 miesi\u0105ce przed up\u0142ywem daty wa\u017cno\u015bci.&nbsp;<\/p>\n\n\n\n<h2 class=\"wp-block-heading\">Jakie&nbsp;warunki musi spe\u0142ni\u0107 kursant?<\/h2>\n\n\n\n<p>By przyst\u0105pi\u0107 do kurs\u00f3w jak i samego egzaminu nale\u017cy:&nbsp;<\/p>\n\n\n\n<ul class=\"wp-block-list\">\n<li>mie\u0107 uko\u0144czone 18 lat,&nbsp;<\/li>\n\n\n\n<li>wykaza\u0107 brak przeciwwskaza\u0144 do wykonywania zawodu,&nbsp;<\/li>\n\n\n\n<li>posiada\u0107 przynajmniej podstawowe wykszta\u0142cenie.&nbsp;<\/li>\n<\/ul>\n\n\n\n<h2 class=\"wp-block-heading\">Czym s\u0105 \u017curawie kolejowe na pojazdach kolejowych?<\/h2>\n\n\n<div class=\"wp-block-image\">\n<figure class=\"alignleft size-full is-resized\"><a href=\"https:\/\/odk-ergon.pl\/wp-content\/uploads\/2023\/02\/zuraw-kolejowy-na-torach-2.png\"><img loading=\"lazy\" decoding=\"async\" src=\"https:\/\/odk-ergon.pl\/wp-content\/uploads\/2023\/02\/zuraw-kolejowy-na-torach-2.png\" alt=\"obs\u0142uga \u017curawia kolejowego\" class=\"wp-image-2658\" width=\"512\" height=\"275\" srcset=\"https:\/\/odk-ergon.pl\/wp-content\/uploads\/2023\/02\/zuraw-kolejowy-na-torach-2.png 1024w, https:\/\/odk-ergon.pl\/wp-content\/uploads\/2023\/02\/zuraw-kolejowy-na-torach-2-300x161.png 300w, https:\/\/odk-ergon.pl\/wp-content\/uploads\/2023\/02\/zuraw-kolejowy-na-torach-2-768x413.png 768w, https:\/\/odk-ergon.pl\/wp-content\/uploads\/2023\/02\/zuraw-kolejowy-na-torach-2-18x10.png 18w, https:\/\/odk-ergon.pl\/wp-content\/uploads\/2023\/02\/zuraw-kolejowy-na-torach-2-624x335.png 624w\" sizes=\"auto, (max-width: 512px) 100vw, 512px\" \/><\/a><\/figure>\n<\/div>\n\n\n<p>\u017burawie kolejowe to specyficzne pojazdy kolejowe wykorzystywane do przemieszczania \u0142adunk\u00f3w w pionie i w poziomie. Najcz\u0119\u015bciej u\u017cywane s\u0105 do prac remontowych, \u0142adunkowych i budowlanych. Mog\u0105 znale\u017a\u0107 zastosowanie r\u00f3wnie\u017c do usuwania skutk\u00f3w wypadk\u00f3w kolejowych. Maszyny te w wi\u0119kszo\u015bci posiadaj\u0105 w\u0142asny nap\u0119d, kt\u00f3ry pozwala na poruszanie si\u0119 po placu budowy, przy niewielkich pr\u0119dko\u015bciach. Najcz\u0119\u015bciej wykorzystywanym nap\u0119dem jest lokomotywa spalinowa.&nbsp;<\/p>\n\n\n\n<h3 class=\"wp-block-heading\">Inne nap\u0119dy to:&nbsp;<\/h3>\n\n\n\n<ul class=\"wp-block-list\">\n<li>r\u0119czny,&nbsp;&nbsp;<\/li>\n\n\n\n<li>spalinowy,&nbsp;<\/li>\n\n\n\n<li>spalinowo-elektryczny.&nbsp;<\/li>\n<\/ul>\n\n\n\n<h2 class=\"wp-block-heading\">Klasyfikacja \u017curawi<\/h2>\n\n\n\n<p>\u017burawie klasyfikuje si\u0119 ze wzgl\u0119du na umiejscowienie mechanizmu obrotowego, rodzaje podstaw, typy monta\u017cu i wysi\u0119gnika oraz ograniczenie ud\u017awigu. Mamy do dyspozycji \u017curawie:&nbsp;<\/p>\n\n\n\n<ul class=\"wp-block-list\">\n<li>kolejowe,&nbsp;<\/li>\n\n\n\n<li>stacjonarne,&nbsp;<\/li>\n\n\n\n<li>przewo\u017ane,&nbsp;<\/li>\n\n\n\n<li>przeno\u015bne,&nbsp;&nbsp;<\/li>\n\n\n\n<li>samojezdne,&nbsp;<\/li>\n\n\n\n<li>wie\u017cow,<\/li>\n\n\n\n<li>szybkomontuj\u0105ce,&nbsp;<\/li>\n\n\n\n<li>szynowe.&nbsp;<\/li>\n<\/ul>\n\n\n\n<h2 class=\"wp-block-heading\">Wynagrodzenie operator\u00f3w \u017curawi kolejowych <\/h2>\n\n\n\n<p>Wynagrodzenia operator\u00f3w \u017curawi na rok 2022, kszta\u0142tuj\u0105 si\u0119 na poziomie 5-6 tysi\u0119cy z\u0142otych brutto. Jednak w dalszym ci\u0105gu kwoty te uzale\u017cnione s\u0105 od typu maszyny czy do\u015bwiadczenia pracownika. Na przyk\u0142ad do\u015bwiadczony operator \u017curawia mo\u017ce liczy\u0107 na zarobki w granicach 7-8 tysi\u0119cy z\u0142otych brutto. Kwoty te za granic\u0105 zwi\u0119kszaj\u0105 si\u0119 trzykrotnie.&nbsp;<\/p>\n\n\n\n<h2 class=\"wp-block-heading\">Znani producenci \u017curawi\u00a0<\/h2>\n\n\n\n<p>W naszym o\u015brodku dysponujemy urz\u0105dzeniami takich firm jak:&nbsp;<\/p>\n\n\n\n<ul class=\"wp-block-list\">\n<li>Graco,&nbsp;<\/li>\n\n\n\n<li>Palfinger,&nbsp;<\/li>\n\n\n\n<li>Copma,&nbsp;<\/li>\n\n\n\n<li>Fassi,&nbsp;<\/li>\n\n\n\n<li>HMF,&nbsp;<\/li>\n\n\n\n<li>Hiab.&nbsp;<\/li>\n<\/ul>\n\n\n\n<h2 class=\"wp-block-heading\">Gdzie szkolimy?<\/h2>\n\n\n\n<p>Kursy przeprowadzamy w naszej warszawskiej siedzibie. Obie cz\u0119\u015bci kurs\u00f3w mog\u0105 by\u0107 realizowane w\u0142a\u015bnie tam, jednak gdy kursant podejmie decyzj\u0119 o nauce online, mo\u017ce odby\u0107 cz\u0119\u015b\u0107 teoretyczn\u0105 zdalnie. Szkolenia, w zale\u017cno\u015bci od liczby przysz\u0142ych operator\u00f3w oferujemy w grupach i indywidualnie.&nbsp;<\/p>\n\n\n\n<h2 class=\"wp-block-heading\">Inne kursy naszego o\u015brodka<\/h2>\n\n\n\n<p>Poza kursem operatora na \u017curawie kolejowe oferujemy dodatkowo:&nbsp;<\/p>\n\n\n\n<ul class=\"wp-block-list\">\n<li>kursy <a href=\"https:\/\/odk-ergon.pl\/fr\/szkolenia\/szkolenie-ppoz-przeciwpozarowe\/\">PPO\u017b<\/a>,&nbsp;<\/li>\n\n\n\n<li>kursy pierwszej pomocy przedmedycznej,&nbsp;<\/li>\n\n\n\n<li>kursy ADR,&nbsp;<\/li>\n\n\n\n<li>kurs diagnosty samochodowego,&nbsp;<\/li>\n\n\n\n<li>kurs hakowego sygnalisty,&nbsp;<\/li>\n\n\n\n<li>kurs d\u017awigowego oraz operatora nalewak\u00f3w TDT,&nbsp;<\/li>\n\n\n\n<li>kursy na <a href=\"https:\/\/odk-ergon.pl\/fr\/szkolenia\/uprawnienia-udt-tdt\/podeste-ruchome\/\">podesty ruchome<\/a>,&nbsp;<\/li>\n\n\n\n<li>kursy na \u0142adowarki teleskopowe,&nbsp;<\/li>\n\n\n\n<li>kursy HDS,&nbsp;<\/li>\n\n\n\n<li>kursy suwnice wid\u0142owe,&nbsp;<\/li>\n\n\n\n<li>kursy lotnicze,&nbsp;<\/li>\n\n\n\n<li>kursy na w\u00f3zki wid\u0142owe,&nbsp;<\/li>\n\n\n\n<li>kursy BHP.&nbsp;&nbsp;   <\/li>\n<\/ul>\n\n\n\n<h2 class=\"wp-block-heading\">Pytania i odpowiedzi<\/h2>\n\n\n\t\t<details\t\thelp class=\"sc_fs_faq sc_card    \"\n\t\topen\t\t>\n\t\t\t\t\t<summary>\n\t\t\t\t<h3>Gdzie jest siedziba ERGON? <\/h3>\t\t\t\t\t<\/summary>\n\t\t\t\t<div>\n\t\t\t\t\t\t<div class=\"sc_fs_faq__content\">\n\t\t\t\t\n\n<p>G\u0142\u00f3wna siedziba ERGON mie\u015bci si\u0119 we Warszawie, mamy tak\u017ce filie w innych wi\u0119kszych miastach Polski.<\/p>\n\n\t\t\t<\/div>\n\t\t<\/div>\n\t\t<\/details>\n\t\t\t\t<details\t\thelp class=\"sc_fs_faq sc_card    \"\n\t\t\t\t>\n\t\t\t\t\t<summary>\n\t\t\t\t<h3>Gdzie honoruje si\u0119 uprawnienia nadane przez UDT? <\/h3>\t\t\t\t\t<\/summary>\n\t\t\t\t<div>\n\t\t\t\t\t\t<div class=\"sc_fs_faq__content\">\n\t\t\t\t\n\n<p>Uprawnienia Urz\u0119du Dozoru Technicznego akceptowane s\u0105 w obr\u0119bie Polski oraz ca\u0142ej Unii Europejskiej.&nbsp;<\/p>\n\n\t\t\t<\/div>\n\t\t<\/div>\n\t\t<\/details>\n\t\t\n<script type=\"application\/ld+json\">\n\t{\n\t\t\"@context\": \"https:\/\/schema.org\",\n\t\t\"@type\": \"FAQPage\",\n\t\t\"mainEntity\": [\n\t\t\t\t\t{\n\t\t\t\t\"@type\": \"Question\",\n\t\t\t\t\"name\": \"Gdzie jest siedziba ERGON? \",\n\t\t\t\t\"acceptedAnswer\": {\n\t\t\t\t\t\"@type\": \"Answer\",\n\t\t\t\t\t\"text\": \"<p>G\u0142\u00f3wna siedziba ERGON mie\u015bci si\u0119 we Warszawie, mamy tak\u017ce filie w innych wi\u0119kszych miastach Polski.<\/p>\"\n\t\t\t\t\t\t\t\t\t}\n\t\t\t}\n\t\t\t,\t\t\t\t{\n\t\t\t\t\"@type\": \"Question\",\n\t\t\t\t\"name\": \"Gdzie honoruje si\u0119 uprawnienia nadane przez UDT? \",\n\t\t\t\t\"acceptedAnswer\": {\n\t\t\t\t\t\"@type\": \"Answer\",\n\t\t\t\t\t\"text\": \"<p>Uprawnienia Urz\u0119du Dozoru Technicznego akceptowane s\u0105 w obr\u0119bie Polski oraz ca\u0142ej Unii Europejskiej.&nbsp;<\/p>\"\n\t\t\t\t\t\t\t\t\t}\n\t\t\t}\n\t\t\t\t\t\t]\n\t}\n<\/script>\n\n\n\n<p><\/p>\n\n\n\n<p><\/p>\n","protected":false},"excerpt":{"rendered":"<p>O\u015brodek szkoleniowy ERGON od lat wytrwale szkoli przysz\u0142ych operator\u00f3w z zakresu sprz\u0119t\u00f3w transportu bliskiego. Przyszli kursanci mog\u0105 liczy\u0107 na pe\u0142ne zaanga\u017cowanie naszych instruktor\u00f3w w sprawne wpojenie im niezb\u0119dnej wiedzy. Przeprowadzimy Ci\u0119 przez ca\u0142y kurs, a\u017c po asyst\u0119 podczas procesu egzaminowania. Dowodem na wysok\u0105 skuteczno\u015b\u0107 naszych metod szkoleniowych s\u0105 tysi\u0105ce przeszkolonych kursant\u00f3w.&nbsp; Szkolenie Przez wiele lat obecno\u015bci na rynku, zdo\u0142ali\u015bmy opracowa\u0107 kompleksowe kursy dla operator\u00f3w i konserwator\u00f3w \u017curawi kolejowych i na pojazdach kolejowych. Szkolenie zosta\u0142o podzielone na cz\u0119\u015b\u0107 teoretyczn\u0105 oraz praktyczn\u0105. Obie cz\u0119\u015bci realizowane s\u0105 w naszym o\u015brodku szkoleniowym, z czego teoria mo\u017ce zosta\u0107 zrealizowana poprzez wyk\u0142ady online. Do dyspozycji kursant\u00f3w mamy szerokie zaplecze maszynowe. Instruktorzy w ERGON zapoznaj\u0105 Ci\u0119 z budow\u0105 maszyny i jej bezpiecznym eksploatowaniem. Pomo\u017cemy Ci z sukcesem zdoby\u0107 wszelkie kwalifikacje zwi\u0105zane z procesem egzaminowania Urz\u0119du Dozoru Technicznego.&nbsp;&nbsp; W cz\u0119\u015bci teoretycznej znajdzie si\u0119:&nbsp; Cz\u0119\u015b\u0107 praktyczna zawiera:&nbsp; Egzamin Egzamin UDT dzieli si\u0119 na dwie cz\u0119\u015bci. Cz\u0119\u015b\u0107 teoretyczn\u0105 i cz\u0119\u015b\u0107 praktyczn\u0105. Na teori\u0119 sk\u0142ada si\u0119 test pisemny z 15 zamkni\u0119tymi pytaniami jednokrotnego wyboru. Poprawna odpowied\u017a na 11 z nich gwarantuje zaliczenie testu. Natomiast egzamin praktyczny polega na wykonaniu zada\u0144 na placu manewrowym &#8211; wykazania umiej\u0119tno\u015bci poruszania si\u0119 maszyn\u0105 i u\u017cywania jej. Ca\u0142o\u015b\u0107 nadzorowana jest przez komisj\u0119 egzaminacyjn\u0105 Urz\u0119du Dozoru Technicznego. Pozytywny wynik procesu egzaminowania gwarantuje uzyskanie uprawnie\u0144 operatora wybranej maszyny.&nbsp;&nbsp; Wa\u017cno\u015b\u0107 uprawnie\u0144 Certyfikaty UDT honorowane s\u0105 na terenie Polski i ca\u0142ej Unii Europejskiej. Wa\u017cno\u015b\u0107 uprawnie\u0144 przypada na 3-5 lat w zale\u017cno\u015bci od rodzaju maszyny. Nale\u017cy je regularnie odnawia\u0107, na 3 miesi\u0105ce przed up\u0142ywem daty wa\u017cno\u015bci.&nbsp; Jakie&nbsp;warunki musi spe\u0142ni\u0107 kursant? By przyst\u0105pi\u0107 do kurs\u00f3w jak i [&hellip;]<\/p>\n","protected":false},"author":1,"featured_media":2659,"parent":1828,"menu_order":0,"comment_status":"closed","ping_status":"closed","template":"","meta":{"sfsi_plus_gutenberg_text_before_share":"","sfsi_plus_gutenberg_show_text_before_share":"","sfsi_plus_gutenberg_icon_type":"","sfsi_plus_gutenberg_icon_alignemt":"","sfsi_plus_gutenburg_max_per_row":"","footnotes":""},"class_list":["post-2653","page","type-page","status-publish","has-post-thumbnail","hentry","has_thumb"],"aioseo_notices":[],"_links":{"self":[{"href":"https:\/\/odk-ergon.pl\/fr\/wp-json\/wp\/v2\/pages\/2653","targetHints":{"allow":["GET"]}}],"collection":[{"href":"https:\/\/odk-ergon.pl\/fr\/wp-json\/wp\/v2\/pages"}],"about":[{"href":"https:\/\/odk-ergon.pl\/fr\/wp-json\/wp\/v2\/types\/page"}],"author":[{"embeddable":true,"href":"https:\/\/odk-ergon.pl\/fr\/wp-json\/wp\/v2\/users\/1"}],"replies":[{"embeddable":true,"href":"https:\/\/odk-ergon.pl\/fr\/wp-json\/wp\/v2\/comments?post=2653"}],"version-history":[{"count":11,"href":"https:\/\/odk-ergon.pl\/fr\/wp-json\/wp\/v2\/pages\/2653\/revisions"}],"predecessor-version":[{"id":3380,"href":"https:\/\/odk-ergon.pl\/fr\/wp-json\/wp\/v2\/pages\/2653\/revisions\/3380"}],"up":[{"embeddable":true,"href":"https:\/\/odk-ergon.pl\/fr\/wp-json\/wp\/v2\/pages\/1828"}],"wp:featuredmedia":[{"embeddable":true,"href":"https:\/\/odk-ergon.pl\/fr\/wp-json\/wp\/v2\/media\/2659"}],"wp:attachment":[{"href":"https:\/\/odk-ergon.pl\/fr\/wp-json\/wp\/v2\/media?parent=2653"}],"curies":[{"name":"wp","href":"https:\/\/api.w.org\/{rel}","templated":true}]}}