{"id":2681,"date":"2023-03-24T15:07:04","date_gmt":"2023-03-24T14:07:04","guid":{"rendered":"https:\/\/odk-ergon.pl\/?page_id=2681"},"modified":"2023-03-24T23:40:54","modified_gmt":"2023-03-24T22:40:54","slug":"operateurs-maintenance-assembleurs-de-grues-de-tours","status":"publish","type":"page","link":"https:\/\/odk-ergon.pl\/fr\/szkolenia\/uprawnienia-udt-tdt\/operatorow-konserwatorow-zurawi-wiezowych-szybkomontujacych\/","title":{"rendered":"Certification UDT pour les op\u00e9rateurs et les mainteneurs de grues \u00e0 tour et de grues \u00e0 grande vitesse"},"content":{"rendered":"\n<h2 class=\"wp-block-heading\">Cele szkolenia&nbsp;<\/h2>\n\n\n\n<p>Celem szkolenia jest rzetelne przygotowanie kursant\u00f3w do odbycia egzaminu pa\u0144stwowego UDT, w celu zdobycia uprawnie\u0144 operatora\/konserwatora na \u017curawie wie\u017cowe i szybkomontuj\u0105ce. Szkolimy przysz\u0142ych operator\u00f3w\/konserwator\u00f3w do sprawnej i efektywnej pracy na \u017curawiach szybkomontuj\u0105cych i wie\u017cowych. Do\u0142o\u017cymy wszelkich stara\u0144 by przeprowadzi\u0107 Ci\u0119 przez proces egzaminowania, zwie\u0144czony wynikiem pozytywnym i otrzymaniem uprawnie\u0144 UDT.&nbsp;<\/p>\n\n\n\n<h2 class=\"wp-block-heading\">Szkolenie operator\u00f3w i konserwator\u00f3w \u017curawi wie\u017cowych i szybkomontuj\u0105cych<\/h2>\n\n\n\n<p>Ponad dziesi\u0119cioletnia obecno\u015b\u0107 na rynku w dziedzinie szkolenia operator\u00f3w, pozwoli\u0142a nam na opracowanie kompleksowego kursu operator\u00f3w\/konserwator\u00f3w \u017curawi wie\u017cowych i szybkomontuj\u0105cych. Dzielimy go analogicznie do egzaminu pa\u0144stwowego, na cz\u0119\u015b\u0107 teoretyczn\u0105 i cz\u0119\u015b\u0107 praktyczn\u0105, by kursanci mogli oswoi\u0107 si\u0119 z tym trybem egzaminowania. W cz\u0119\u015bci teoretycznej i praktycznej poruszymy zagadnienia z temat\u00f3w:&nbsp;<\/p>\n\n\n\n<ul class=\"wp-block-list\">\n<li>stosowania si\u0119 do przepis\u00f3w BHP,&nbsp;<\/li>\n\n\n\n<li>budowy i konstrukcji \u017curawi wie\u017cowych i szybkomontuj\u0105cych,&nbsp;<\/li>\n\n\n\n<li>zasad prawid\u0142owej eksploatacji urz\u0105dzenia,&nbsp;<\/li>\n\n\n\n<li>prowadzenia dokumentacji technicznej i ksi\u0119gi konserwatora,&nbsp;<\/li>\n\n\n\n<li>jak bezpiecznie eksploatowa\u0107 urz\u0105dzenie,&nbsp;<\/li>\n\n\n\n<li>jak porusza\u0107 si\u0119 maszyn\u0105 po placu manewrowym.&nbsp;<\/li>\n<\/ul>\n\n\n\n<h2 class=\"wp-block-heading\">&nbsp;<br>Egzamin UDT \u2013 operator\/konserwator \u017curawia wie\u017cowego i szybkomontuj\u0105cego&nbsp;<\/h2>\n\n\n<div class=\"wp-block-image\">\n<figure class=\"alignleft size-large is-resized\"><a href=\"https:\/\/odk-ergon.pl\/wp-content\/uploads\/2023\/02\/canva-bez-tytulu-MAEGuwIuWKk.jpg\"><img loading=\"lazy\" decoding=\"async\" src=\"https:\/\/odk-ergon.pl\/wp-content\/uploads\/2023\/02\/canva-bez-tytulu-MAEGuwIuWKk-1024x681.jpg\" alt=\"operator \u017curawia wie\u017cowego podczas pracy na budowie\" class=\"wp-image-2683\" width=\"512\" height=\"341\" srcset=\"https:\/\/odk-ergon.pl\/wp-content\/uploads\/2023\/02\/canva-bez-tytulu-MAEGuwIuWKk-1024x681.jpg 1024w, https:\/\/odk-ergon.pl\/wp-content\/uploads\/2023\/02\/canva-bez-tytulu-MAEGuwIuWKk-300x200.jpg 300w, https:\/\/odk-ergon.pl\/wp-content\/uploads\/2023\/02\/canva-bez-tytulu-MAEGuwIuWKk-768x511.jpg 768w, https:\/\/odk-ergon.pl\/wp-content\/uploads\/2023\/02\/canva-bez-tytulu-MAEGuwIuWKk-1536x1021.jpg 1536w, https:\/\/odk-ergon.pl\/wp-content\/uploads\/2023\/02\/canva-bez-tytulu-MAEGuwIuWKk-18x12.jpg 18w, https:\/\/odk-ergon.pl\/wp-content\/uploads\/2023\/02\/canva-bez-tytulu-MAEGuwIuWKk-624x415.jpg 624w, https:\/\/odk-ergon.pl\/wp-content\/uploads\/2023\/02\/canva-bez-tytulu-MAEGuwIuWKk.jpg 1600w\" sizes=\"auto, (max-width: 512px) 100vw, 512px\" \/><\/a><\/figure>\n<\/div>\n\n\n<p>Urz\u0105d Dozoru Technicznego organizuje egzamin pa\u0144stwowy, podczas kt\u00f3rego mo\u017cna zdoby\u0107 uprawnienia operatora i konserwatora \u017curawia wie\u017cowego i szybkomontuj\u0105cego. By tego dokona\u0107 nale\u017cy podej\u015b\u0107 do procesu egzaminowania, kt\u00f3ry sk\u0142ada si\u0119 z dw\u00f3ch cz\u0119\u015bci. W cz\u0119\u015bci teoretycznej kursant musi napisa\u0107 test pisemny, z zamkni\u0119tymi pytaniami jednokrotnego wyboru. Pyta\u0144 jest 15, poprawna odpowied\u017a na 11 z nich kwalifikuje do zdania testu. Pytania sprawdzaj\u0105 wiedz\u0119 z zakresu budowy urz\u0105dzenia, prowadzenia dozoru technicznego i dokumentacji oraz stosowania si\u0119 do zasad BHP. W cz\u0119\u015bci praktycznej kursant musi wykona\u0107 zadania zlecone przez egzaminator\u00f3w, na placu manewrowym. Weryfikuje to umiej\u0119tno\u015bci techniczne i manualne w prowadzeniu i eksploatowaniu urz\u0105dzenia, w spos\u00f3b efektowny i bezpieczny.&nbsp;<\/p>\n\n\n\n<h2 class=\"wp-block-heading\">Wa\u017cno\u015b\u0107 uprawnie\u0144 UDT&nbsp;<\/h2>\n\n\n\n<p>Po odbyciu egzamin\u00f3w, zako\u0144czonych pozytywnym wynikiem kursant mo\u017ce si\u0119 ubiega\u0107 o wydanie certyfikatu UDT. Uprawnia on do pracy na stanowisku operatora i konserwatora \u017curawi wie\u017cowych i szybkomontuj\u0105cych. Urz\u0105d Dozoru Technicznego wydaje te uprawnienia na okres 3-5 lat. Nale\u017cy je regularnie odnawia\u0107. Dokument ten jest honorowany na terenie ca\u0142ej Unii Europejskiej.&nbsp;<\/p>\n\n\n\n<h2 class=\"wp-block-heading\">Uwarunkowania dla przysz\u0142ego operatora\/konserwatora \u017curawia wie\u017cowego i szybkomontuj\u0105cego<\/h2>\n\n\n\n<p>Kursanci chc\u0105cy przyst\u0105pi\u0107 do szkolenia musz\u0105 spe\u0142ni\u0107 kilka warunk\u00f3w, mi\u0119dzy innymi:&nbsp;<\/p>\n\n\n\n<ul class=\"wp-block-list\">\n<li>by\u0107 pe\u0142noletnim,&nbsp;<\/li>\n\n\n\n<li>wykaza\u0107 brak przeciwwskaza\u0144 lekarskich do uczestnictwa w szkoleniu,&nbsp;<\/li>\n\n\n\n<li>posiada\u0107 wykszta\u0142cenie minimum podstawowe,&nbsp;<\/li>\n\n\n\n<li>mie\u0107 wa\u017cny certyfikat zezwalaj\u0105cy na prace na wysoko\u015bci.&nbsp;<\/li>\n<\/ul>\n\n\n\n<h2 class=\"wp-block-heading\">Wynagrodzenie operator\u00f3w\/konserwator\u00f3w \u017curawi wie\u017cowych i szybkomontuj\u0105cych&nbsp;<\/h2>\n\n\n\n<p>Wynagrodzenia dla do\u015bwiadczonych operator\u00f3w\/konserwator\u00f3w kszta\u0142tuj\u0105 si\u0119 w granicach 5-6 tysi\u0119cy z\u0142otych brutto miesi\u0119cznie, natomiast nowicjusze mog\u0105 liczy\u0107 na wynagrodzenie od 3-4 tysi\u0119cy z\u0142otych brutto miesi\u0119cznie. Oczywi\u015bcie wynagrodzenia tych pracownik\u00f3w za granic\u0105 s\u0105 kilkukrotnie wy\u017csze.&nbsp;<\/p>\n\n\n\n<h2 class=\"wp-block-heading\">Gdzie szkolimy?<\/h2>\n\n\n<div class=\"wp-block-image\">\n<figure class=\"alignleft size-large is-resized\"><a href=\"https:\/\/odk-ergon.pl\/wp-content\/uploads\/2023\/02\/canva-tower-cranes-under-the-blue-sky-MAE9UWl7z9U.jpg\"><img loading=\"lazy\" decoding=\"async\" src=\"https:\/\/odk-ergon.pl\/wp-content\/uploads\/2023\/02\/canva-tower-cranes-under-the-blue-sky-MAE9UWl7z9U-683x1024.jpg\" alt=\"szkoleniowiec prowadz\u0105cy wyk\u0142ady dla kursant\u00f3w\" class=\"wp-image-2684\" width=\"342\" height=\"512\" srcset=\"https:\/\/odk-ergon.pl\/wp-content\/uploads\/2023\/02\/canva-tower-cranes-under-the-blue-sky-MAE9UWl7z9U-683x1024.jpg 683w, https:\/\/odk-ergon.pl\/wp-content\/uploads\/2023\/02\/canva-tower-cranes-under-the-blue-sky-MAE9UWl7z9U-200x300.jpg 200w, https:\/\/odk-ergon.pl\/wp-content\/uploads\/2023\/02\/canva-tower-cranes-under-the-blue-sky-MAE9UWl7z9U-768x1152.jpg 768w, https:\/\/odk-ergon.pl\/wp-content\/uploads\/2023\/02\/canva-tower-cranes-under-the-blue-sky-MAE9UWl7z9U-1024x1536.jpg 1024w, https:\/\/odk-ergon.pl\/wp-content\/uploads\/2023\/02\/canva-tower-cranes-under-the-blue-sky-MAE9UWl7z9U-8x12.jpg 8w, https:\/\/odk-ergon.pl\/wp-content\/uploads\/2023\/02\/canva-tower-cranes-under-the-blue-sky-MAE9UWl7z9U-624x936.jpg 624w, https:\/\/odk-ergon.pl\/wp-content\/uploads\/2023\/02\/canva-tower-cranes-under-the-blue-sky-MAE9UWl7z9U.jpg 1067w\" sizes=\"auto, (max-width: 342px) 100vw, 342px\" \/><\/a><\/figure>\n<\/div>\n\n\n<p>Wszelkie kursy prowadzimy w o\u015brodku w Warszawie. Dodatkowo posiadamy ofert\u0119 prowadzenia kurs\u00f3w z dojazdem do klienta. Szkolimy r\u00f3wnie\u017c grupy.&nbsp;<\/p>\n\n\n\n<h2 class=\"wp-block-heading\">Inne kursy w ERGON:<\/h2>\n\n\n\n<ul class=\"wp-block-list\">\n<li>operator podest\u00f3w ruchomych masztowych,&nbsp;<\/li>\n\n\n\n<li>operator podest\u00f3w ruchomych,&nbsp;<\/li>\n\n\n\n<li>operator podest\u00f3w ruchomych wisz\u0105cych,&nbsp;<\/li>\n\n\n\n<li>operator podno\u015bnik\u00f3w koszowych,&nbsp;<\/li>\n\n\n\n<li>operator \u0142adowarek teleskopowych,&nbsp;<\/li>\n\n\n\n<li>operator wyci\u0105g\u00f3w towarowych,&nbsp;<\/li>\n\n\n\n<li>operator suwnicy,&nbsp;<\/li>\n\n\n\n<li>operator \u017curawi,&nbsp;<\/li>\n\n\n\n<li>operator podno\u015bnik\u00f3w no\u017cycowych wolnobie\u017cnych,&nbsp;<\/li>\n\n\n\n<li>operator podest\u00f3w ruchomych,&nbsp;<\/li>\n\n\n\n<li>uprawnienia UDT\/TDT\/WDT,&nbsp;<\/li>\n\n\n\n<li>obs\u0142uga urz\u0105dze\u0144 ci\u015bnieniowych,&nbsp;<\/li>\n\n\n\n<li>szkolenia z zakresu UDT,&nbsp;<\/li>\n\n\n\n<li>konserwacje Urz\u0105dze\u0144 Transportu Bliskiego,&nbsp;<\/li>\n\n\n\n<li>konserwator urz\u0105dze\u0144 dla os\u00f3b niepe\u0142nosprawnych,&nbsp;<\/li>\n\n\n\n<li>operator maszyn budowlanych,&nbsp;<\/li>\n\n\n\n<li>operator w\u00f3zk\u00f3w wid\u0142owych,&nbsp;<\/li>\n\n\n\n<li>operator podest\u00f3w ruchomych,&nbsp;<\/li>\n\n\n\n<li>monta\u017cysta po\u0142\u0105cze\u0144 ko\u0142nierzowych,&nbsp;<\/li>\n\n\n\n<li>w\u00f3zki wid\u0142owe \u2013 zdob\u0105d\u017a kwalifikacje na operatora,&nbsp;<\/li>\n\n\n\n<li>TDT uprawnienia,&nbsp;<\/li>\n\n\n\n<li>UNO \u2013 wykorzystanie, zagro\u017cenia i uprawnienia TDT,&nbsp;<\/li>\n\n\n\n<li>konserwator urz\u0105dze\u0144 UDT,&nbsp;<\/li>\n\n\n\n<li>konserwator podno\u015bnik\u00f3w koszowych,&nbsp;<\/li>\n\n\n\n<li>obs\u0142uga i konserwacja urz\u0105dze\u0144 wy\u0142adowczych i za\u0142adowczych.&nbsp;<\/li>\n<\/ul>\n\n\n\n<h2 class=\"wp-block-heading\">Pytania i odpowiedzi<\/h2>\n\n\n\t\t<details\t\thelp class=\"sc_fs_faq sc_card    \"\n\t\topen\t\t>\n\t\t\t\t\t<summary>\n\t\t\t\t<h3>Kto wydaje uprawnienia konserwatora i operatora \u017curawi wie\u017cowych i szybkomontuj\u0105cych? <\/h3>\t\t\t\t\t<\/summary>\n\t\t\t\t<div>\n\t\t\t\t\t\t<div class=\"sc_fs_faq__content\">\n\t\t\t\t\n\n<p>Wydawaniem tych uprawnie\u0144 zajmuje si\u0119 Urz\u0105d Dozoru Technicznego.&nbsp;<\/p>\n\n\t\t\t<\/div>\n\t\t<\/div>\n\t\t<\/details>\n\t\t\t\t<details\t\thelp class=\"sc_fs_faq sc_card    \"\n\t\t\t\t>\n\t\t\t\t\t<summary>\n\t\t\t\t<h3>Czy uprawnienia konserwatora i operatora \u017curawi wie\u017cowych i szybkomontuj\u0105cych nale\u017cy odnawia\u0107? <\/h3>\t\t\t\t\t<\/summary>\n\t\t\t\t<div>\n\t\t\t\t\t\t<div class=\"sc_fs_faq__content\">\n\t\t\t\t\n\n<p>Tak, nale\u017cy odnawia\u0107 je regularnie, na trzy miesi\u0105ce przed wyga\u015bni\u0119ciem daty wpisanej w dokumencie.&nbsp;<\/p>\n\n\t\t\t<\/div>\n\t\t<\/div>\n\t\t<\/details>\n\t\t\n<script type=\"application\/ld+json\">\n\t{\n\t\t\"@context\": \"https:\/\/schema.org\",\n\t\t\"@type\": \"FAQPage\",\n\t\t\"mainEntity\": [\n\t\t\t\t\t{\n\t\t\t\t\"@type\": \"Question\",\n\t\t\t\t\"name\": \"Kto wydaje uprawnienia konserwatora i operatora \u017curawi wie\u017cowych i szybkomontuj\u0105cych? \",\n\t\t\t\t\"acceptedAnswer\": {\n\t\t\t\t\t\"@type\": \"Answer\",\n\t\t\t\t\t\"text\": \"<p>Wydawaniem tych uprawnie\u0144 zajmuje si\u0119 Urz\u0105d Dozoru Technicznego.&nbsp;<\/p>\"\n\t\t\t\t\t\t\t\t\t}\n\t\t\t}\n\t\t\t,\t\t\t\t{\n\t\t\t\t\"@type\": \"Question\",\n\t\t\t\t\"name\": \"Czy uprawnienia konserwatora i operatora \u017curawi wie\u017cowych i szybkomontuj\u0105cych nale\u017cy odnawia\u0107? \",\n\t\t\t\t\"acceptedAnswer\": {\n\t\t\t\t\t\"@type\": \"Answer\",\n\t\t\t\t\t\"text\": \"<p>Tak, nale\u017cy odnawia\u0107 je regularnie, na trzy miesi\u0105ce przed wyga\u015bni\u0119ciem daty wpisanej w dokumencie.&nbsp;<\/p>\"\n\t\t\t\t\t\t\t\t\t}\n\t\t\t}\n\t\t\t\t\t\t]\n\t}\n<\/script>\n","protected":false},"excerpt":{"rendered":"<p>Cele szkolenia&nbsp; Celem szkolenia jest rzetelne przygotowanie kursant\u00f3w do odbycia egzaminu pa\u0144stwowego UDT, w celu zdobycia uprawnie\u0144 operatora\/konserwatora na \u017curawie wie\u017cowe i szybkomontuj\u0105ce. Szkolimy przysz\u0142ych operator\u00f3w\/konserwator\u00f3w do sprawnej i efektywnej pracy na \u017curawiach szybkomontuj\u0105cych i wie\u017cowych. Do\u0142o\u017cymy wszelkich stara\u0144 by przeprowadzi\u0107 Ci\u0119 przez proces egzaminowania, zwie\u0144czony wynikiem pozytywnym i otrzymaniem uprawnie\u0144 UDT.&nbsp; Szkolenie operator\u00f3w i konserwator\u00f3w \u017curawi wie\u017cowych i szybkomontuj\u0105cych Ponad dziesi\u0119cioletnia obecno\u015b\u0107 na rynku w dziedzinie szkolenia operator\u00f3w, pozwoli\u0142a nam na opracowanie kompleksowego kursu operator\u00f3w\/konserwator\u00f3w \u017curawi wie\u017cowych i szybkomontuj\u0105cych. Dzielimy go analogicznie do egzaminu pa\u0144stwowego, na cz\u0119\u015b\u0107 teoretyczn\u0105 i cz\u0119\u015b\u0107 praktyczn\u0105, by kursanci mogli oswoi\u0107 si\u0119 z tym trybem egzaminowania. W cz\u0119\u015bci teoretycznej i praktycznej poruszymy zagadnienia z temat\u00f3w:&nbsp; &nbsp;Egzamin UDT \u2013 operator\/konserwator \u017curawia wie\u017cowego i szybkomontuj\u0105cego&nbsp; Urz\u0105d Dozoru Technicznego organizuje egzamin pa\u0144stwowy, podczas kt\u00f3rego mo\u017cna zdoby\u0107 uprawnienia operatora i konserwatora \u017curawia wie\u017cowego i szybkomontuj\u0105cego. By tego dokona\u0107 nale\u017cy podej\u015b\u0107 do procesu egzaminowania, kt\u00f3ry sk\u0142ada si\u0119 z dw\u00f3ch cz\u0119\u015bci. W cz\u0119\u015bci teoretycznej kursant musi napisa\u0107 test pisemny, z zamkni\u0119tymi pytaniami jednokrotnego wyboru. Pyta\u0144 jest 15, poprawna odpowied\u017a na 11 z nich kwalifikuje do zdania testu. Pytania sprawdzaj\u0105 wiedz\u0119 z zakresu budowy urz\u0105dzenia, prowadzenia dozoru technicznego i dokumentacji oraz stosowania si\u0119 do zasad BHP. W cz\u0119\u015bci praktycznej kursant musi wykona\u0107 zadania zlecone przez egzaminator\u00f3w, na placu manewrowym. Weryfikuje to umiej\u0119tno\u015bci techniczne i manualne w prowadzeniu i eksploatowaniu urz\u0105dzenia, w spos\u00f3b efektowny i bezpieczny.&nbsp; Wa\u017cno\u015b\u0107 uprawnie\u0144 UDT&nbsp; Po odbyciu egzamin\u00f3w, zako\u0144czonych pozytywnym wynikiem kursant mo\u017ce si\u0119 ubiega\u0107 o wydanie certyfikatu UDT. Uprawnia on do pracy na stanowisku operatora i konserwatora \u017curawi wie\u017cowych i szybkomontuj\u0105cych. Urz\u0105d Dozoru [&hellip;]<\/p>\n","protected":false},"author":1,"featured_media":2682,"parent":1828,"menu_order":0,"comment_status":"closed","ping_status":"closed","template":"","meta":{"sfsi_plus_gutenberg_text_before_share":"","sfsi_plus_gutenberg_show_text_before_share":"","sfsi_plus_gutenberg_icon_type":"","sfsi_plus_gutenberg_icon_alignemt":"","sfsi_plus_gutenburg_max_per_row":"","footnotes":""},"class_list":["post-2681","page","type-page","status-publish","has-post-thumbnail","hentry","has_thumb"],"aioseo_notices":[],"_links":{"self":[{"href":"https:\/\/odk-ergon.pl\/fr\/wp-json\/wp\/v2\/pages\/2681","targetHints":{"allow":["GET"]}}],"collection":[{"href":"https:\/\/odk-ergon.pl\/fr\/wp-json\/wp\/v2\/pages"}],"about":[{"href":"https:\/\/odk-ergon.pl\/fr\/wp-json\/wp\/v2\/types\/page"}],"author":[{"embeddable":true,"href":"https:\/\/odk-ergon.pl\/fr\/wp-json\/wp\/v2\/users\/1"}],"replies":[{"embeddable":true,"href":"https:\/\/odk-ergon.pl\/fr\/wp-json\/wp\/v2\/comments?post=2681"}],"version-history":[{"count":3,"href":"https:\/\/odk-ergon.pl\/fr\/wp-json\/wp\/v2\/pages\/2681\/revisions"}],"predecessor-version":[{"id":3211,"href":"https:\/\/odk-ergon.pl\/fr\/wp-json\/wp\/v2\/pages\/2681\/revisions\/3211"}],"up":[{"embeddable":true,"href":"https:\/\/odk-ergon.pl\/fr\/wp-json\/wp\/v2\/pages\/1828"}],"wp:featuredmedia":[{"embeddable":true,"href":"https:\/\/odk-ergon.pl\/fr\/wp-json\/wp\/v2\/media\/2682"}],"wp:attachment":[{"href":"https:\/\/odk-ergon.pl\/fr\/wp-json\/wp\/v2\/media?parent=2681"}],"curies":[{"name":"wp","href":"https:\/\/api.w.org\/{rel}","templated":true}]}}