{"id":2708,"date":"2023-03-24T16:06:04","date_gmt":"2023-03-24T15:06:04","guid":{"rendered":"https:\/\/odk-ergon.pl\/?page_id=2708"},"modified":"2023-03-24T23:44:58","modified_gmt":"2023-03-24T22:44:58","slug":"cours-pour-les-operateurs-de-chargeurs-telescopiques","status":"publish","type":"page","link":"https:\/\/odk-ergon.pl\/fr\/szkolenia\/uprawnienia-udt-tdt\/operator-ladowarki-teleskopowej-kurs\/","title":{"rendered":"Op\u00e9rateur de t\u00e9lescopique - cours"},"content":{"rendered":"\n<p>O\u015brodek Szkolenia Operator\u00f3w to firma zajmuj\u0105ca si\u0119 profesjonalnymi i kompleksowymi szkoleniami dla operator\u00f3w urz\u0105dze\u0144 transportu bliskiego. Jeste\u015bmy jednym z podmiot\u00f3w o najwi\u0119kszym do\u015bwiadczeniu na rynku. Prowadzimy zaj\u0119cia zgodnie ze wszystkimi aktualnymi wymogami UDT. Posiadamy szeroko zakrojony program zaj\u0119\u0107 przygotowany w oparciu o wszystkie najwa\u017cniejsze za\u0142o\u017cenia dozoru technicznego.&nbsp;&nbsp;<\/p>\n\n\n\n<h2 class=\"wp-block-heading\"><strong>Przebieg kursu<\/strong>&nbsp;<\/h2>\n\n\n\n<p>Nasze zaj\u0119cia dzielimy na dwie g\u0142\u00f3wne cz\u0119\u015bci: teoretyczn\u0105 i praktyczn\u0105. Praktyczna obejmuje nauk\u0119 obs\u0142ugi wszystkich uk\u0142ad\u00f3w \u0142adowarki na przyk\u0142adowym sprz\u0119cie. Teoria natomiast zak\u0142ada uczestnictwo w wyk\u0142adach prezentuj\u0105cych wszystko, co nale\u017cy wiedzie\u0107 o urz\u0105dzeniu, kt\u00f3rym kursant b\u0119dzie si\u0119 zajmowa\u0142.&nbsp;<\/p>\n\n\n\n<h3 class=\"wp-block-heading\">Na naszych zaj\u0119ciach uczymy:&nbsp;<\/h3>\n\n\n\n<ul class=\"wp-block-list\">\n<li>hydrauliki i elektroniki sprz\u0119tu,&nbsp;<\/li>\n\n\n\n<li>w\u0142a\u015bciwej i ekonomicznej eksploatacji sprz\u0119tu podczas pracy,&nbsp;<\/li>\n\n\n\n<li>przygotowania stanowiska pracy,&nbsp;<\/li>\n\n\n\n<li>sterowania urz\u0105dzeniem,&nbsp;&nbsp;<\/li>\n\n\n\n<li>podstawowych umiej\u0119tno\u015bci z zakresu konserwacji urz\u0105dzenia,&nbsp;<\/li>\n\n\n\n<li>pracy w r\u00f3\u017cnych warunkach,&nbsp;<\/li>\n\n\n\n<li>wszystkiego co zwi\u0105zane z UDT,&nbsp;<\/li>\n\n\n\n<li>kategorii urz\u0105dze\u0144,&nbsp;<\/li>\n\n\n\n<li>wymaganych aspekt\u00f3w formalnych,&nbsp;<\/li>\n\n\n\n<li>BHP.&nbsp;<\/li>\n<\/ul>\n\n\n\n<h2 class=\"wp-block-heading\">Egzamin przed komisj\u0105&nbsp;<\/h2>\n\n\n<div class=\"wp-block-image\">\n<figure class=\"alignleft size-large is-resized\"><a href=\"https:\/\/odk-ergon.pl\/wp-content\/uploads\/2023\/03\/ladowarka-2.jpg\"><img loading=\"lazy\" decoding=\"async\" src=\"https:\/\/odk-ergon.pl\/wp-content\/uploads\/2023\/03\/ladowarka-2-1024x414.jpg\" alt=\"\u0141adowarka teleskopowa przenosz\u0105ca towar\" class=\"wp-image-2710\" width=\"512\" height=\"207\" srcset=\"https:\/\/odk-ergon.pl\/wp-content\/uploads\/2023\/03\/ladowarka-2-1024x414.jpg 1024w, https:\/\/odk-ergon.pl\/wp-content\/uploads\/2023\/03\/ladowarka-2-300x121.jpg 300w, https:\/\/odk-ergon.pl\/wp-content\/uploads\/2023\/03\/ladowarka-2-768x310.jpg 768w, https:\/\/odk-ergon.pl\/wp-content\/uploads\/2023\/03\/ladowarka-2-18x7.jpg 18w, https:\/\/odk-ergon.pl\/wp-content\/uploads\/2023\/03\/ladowarka-2-624x252.jpg 624w, https:\/\/odk-ergon.pl\/wp-content\/uploads\/2023\/03\/ladowarka-2.jpg 1200w\" sizes=\"auto, (max-width: 512px) 100vw, 512px\" \/><\/a><\/figure>\n<\/div>\n\n\n<p>Uko\u0144czenie naszego kursu nie jest jednoznaczne z uzyskaniem uprawnie\u0144 i mo\u017cliwo\u015bci\u0105 wykonywania pracy. Najpierw trzeba jeszcze zda\u0107 egzamin pa\u0144stwowy przed komisj\u0105 Urz\u0119du Dozoru Technicznego. Egzamin, tak samo jak zreszt\u0105 szkolenia, sk\u0142ada si\u0119 z cz\u0119\u015bci teoretycznej i praktycznej. Nasze szkolenia zawsze uwzgl\u0119dniaj\u0105 wszystkie aktualne wymogi potrzebne do jego zaliczenia.&nbsp;<\/p>\n\n\n\n<h2 class=\"wp-block-heading\">Kursy \u2013 lokalizacja&nbsp;&nbsp;<\/h2>\n\n\n\n<p>Wszystkie kursy prowadzimy w centralnej plac\u00f3wce firmy w Warszawie oraz w plac\u00f3wkach regionalnych w ca\u0142ej Polsce. Uwzgl\u0119dniamy mo\u017cliwo\u015b\u0107 prowadzenia zaj\u0119\u0107 z dojazdem do klienta. Kurs mo\u017ce mie\u0107 form\u0119 zamkni\u0119t\u0105 b\u0105d\u017a otwart\u0105. Cena i termin uzale\u017cnione s\u0105 od zainteresowania danym szkoleniem. Wi\u0119cej szczeg\u00f3\u0142\u00f3w znajduje si\u0119 na naszej stronie.&nbsp;<\/p>\n\n\n\n<h2 class=\"wp-block-heading\">Uko\u0144czenie kursu UDT&nbsp;<\/h2>\n\n\n\n<p>Uko\u0144czenie szkolenia gwarantuje uzyskanie wszelkich potrzebnych umiej\u0119tno\u015bci do obs\u0142ugi \u0142adowarek teleskopowych. Absolwent bez problemu powinien poradzi\u0107 sobie z prac\u0105 w r\u00f3\u017cnorodnych warunkach, zna\u0107 si\u0119 na konstrukcji urz\u0105dzenia, jego specyfikacjach technicznych, umie\u0107 wykry\u0107 i naprawi\u0107 proste usterki oraz wiedzie\u0107 jak bezpiecznie obs\u0142ugiwa\u0107 dany sprz\u0119t. Umiej\u0119tno\u015bci te powinny u\u0142atwi\u0107 mu znalezienie pracy na stanowisku operatora \u0142adowarki teleskopowej w wielu r\u00f3\u017cnych bran\u017cach.&nbsp;<\/p>\n\n\n\n<h2 class=\"wp-block-heading\">Praca&nbsp;<\/h2>\n\n\n\n<p>Praca operatora \u0142adowarki teleskopowej przydatna jest w bardzo wielu miejscach. S\u0105 w\u015br\u00f3d nich:&nbsp;<\/p>\n\n\n\n<ul class=\"wp-block-list\">\n<li>magazyny,&nbsp;<\/li>\n\n\n\n<li>place budowlane,&nbsp;<\/li>\n\n\n\n<li>hale przemys\u0142owe,&nbsp;<\/li>\n\n\n\n<li>porty,&nbsp;<\/li>\n\n\n\n<li>stocznie.&nbsp;&nbsp;<\/li>\n<\/ul>\n\n\n\n<p>W\u015br\u00f3d oferowanych przez nas szkole\u0144 znajduj\u0105 si\u0119 tak\u017ce kursy na operator\u00f3w innych urz\u0105dze\u0144 transportu bliskiego, ich konserwator\u00f3w oraz serwisant\u00f3w. W OSO oferujemy tak\u017ce szereg us\u0142ug z zakresu serwisu oraz sprzeda\u017cy sprz\u0119tu nowego i u\u017cywanego.&nbsp;<\/p>\n\n\n\n<h3 class=\"wp-block-heading\">Obs\u0142ugiwane przez nas marki, to:&nbsp;<\/h3>\n\n\n\n<ul class=\"wp-block-list\">\n<li>Jungheinrich,&nbsp;&nbsp;<\/li>\n\n\n\n<li>Toyota,&nbsp;&nbsp;<\/li>\n\n\n\n<li>BT,&nbsp;&nbsp;<\/li>\n\n\n\n<li>Taski,&nbsp;&nbsp;<\/li>\n\n\n\n<li>Hako,&nbsp;&nbsp;<\/li>\n\n\n\n<li>HC,&nbsp;&nbsp;<\/li>\n\n\n\n<li>OMG,&nbsp;&nbsp;<\/li>\n\n\n\n<li>Manitou,&nbsp;&nbsp;<\/li>\n\n\n\n<li>Hyundai,&nbsp;<\/li>\n\n\n\n<li>Still,&nbsp;&nbsp;<\/li>\n\n\n\n<li>Linde,&nbsp;&nbsp;<\/li>\n\n\n\n<li>Nissan,&nbsp;&nbsp;<\/li>\n\n\n\n<li>Komatsu,&nbsp;&nbsp;<\/li>\n\n\n\n<li>Mitsubishi,&nbsp;&nbsp;<\/li>\n\n\n\n<li>Hyster,&nbsp;&nbsp;<\/li>\n\n\n\n<li>Yale,&nbsp;&nbsp;<\/li>\n\n\n\n<li>OMV,&nbsp;&nbsp;<\/li>\n\n\n\n<li>Clark,&nbsp;&nbsp;<\/li>\n\n\n\n<li>Bauman. &nbsp;<\/li>\n<\/ul>\n\n\n\n<h2 class=\"wp-block-heading\"><strong>Wymagania szkoleniowe<\/strong>&nbsp;<\/h2>\n\n\n\n<p>Osoby chc\u0105ce przyst\u0105pi\u0107 do kursu powinny:&nbsp;&nbsp;&nbsp;<\/p>\n\n\n\n<ul class=\"wp-block-list\">\n<li>mie\u0107 sko\u0144czone 18 lat,&nbsp;&nbsp;&nbsp;<\/li>\n\n\n\n<li>posiada\u0107 za\u015bwiadczenie lekarskie o braku przeciwwskaza\u0144 zdrowotnych,&nbsp;&nbsp;<\/li>\n\n\n\n<li>mie\u0107 przynajmniej wykszta\u0142cenie podstawowe.&nbsp;<\/li>\n<\/ul>\n\n\n\n<h2 class=\"wp-block-heading\"><strong>\u0141adowarka teleskopowa<\/strong>&nbsp;<\/h2>\n\n\n\n<p>\u0141adowarki teleskopowe s\u0105 zaliczane do specjalnej kategorii Urz\u0119du Dozoru Technicznego, zwanej urz\u0105dzeniami transportu bliskiego. Zajmuj\u0105 si\u0119 one przede wszystkim pracami, kt\u00f3re wymagaj\u0105 za\u0142adowywania i roz\u0142adowywania materia\u0142\u00f3w na halach magazynowych, produkcyjnych oraz prze\u0142adunkowych. \u0141adowarki teleskopowe tak, jak wszystkie urz\u0105dzenia transportu bliskiego s\u0105 podleg\u0142e kontrolom i rejestracji w Urz\u0119dzie Dozoru Technicznego, co oznacza, \u017ce aby wykonywa\u0107 zaw\u00f3d ich operatora, nale\u017cy najpierw zdoby\u0107 w\u0142a\u015bciwe uprawnienia. Do tego w\u0142a\u015bnie przygotowuje nasz kurs.&nbsp;&nbsp;<\/p>\n\n\n\n<h2 class=\"wp-block-heading\"><strong>Opis \u0142adowarek teleskopowych<\/strong>&nbsp;<\/h2>\n\n\n\n<p>Najwa\u017cniejszym zastosowaniem \u0142adowarek teleskopowych jest wykorzystanie ich do prze\u0142adunku materia\u0142\u00f3w wielkogabarytowych, kt\u00f3re z r\u00f3\u017cnych przyczyn nie mog\u0105 zosta\u0107 przeniesione za pomoc\u0105 w\u00f3zk\u00f3w wid\u0142owych lub podobnych urz\u0105dze\u0144. Szczeg\u00f3lnie dobrze sprawdzaj\u0105 si\u0119 przy przenoszeniu \u0142adunk\u00f3w na wysoko\u015bci do kilkudziesi\u0119ciu metr\u00f3w.&nbsp;<\/p>\n\n\n\n<p>\u0141adowarka teleskopowa sk\u0142ada si\u0119 z wysi\u0119gnika teleskopowego, kt\u00f3ry rozci\u0105ga si\u0119 zar\u00f3wno w poziomie, jak i w pionie.&nbsp;&nbsp;<\/p>\n\n\n\n<h2 class=\"wp-block-heading\"><strong>Kategorie \u0142adowarek teleskopowych<\/strong>&nbsp;<\/h2>\n\n\n\n<p>\u0141adowarki dzieli si\u0119 na:&nbsp;<\/p>\n\n\n\n<ul class=\"wp-block-list\">\n<li>czo\u0142owe,&nbsp;<\/li>\n\n\n\n<li>obrotowe.&nbsp;<\/li>\n<\/ul>\n\n\n\n<h2 class=\"wp-block-heading\">Pytania i odpowiedzi<\/h2>\n\n\n\t\t<details\t\thelp class=\"sc_fs_faq sc_card    \"\n\t\topen\t\t>\n\t\t\t\t\t<summary>\n\t\t\t\t<h3>Jak wygl\u0105daj\u0105 nasze kursy?<\/h3>\t\t\t\t\t<\/summary>\n\t\t\t\t<div>\n\t\t\t\t\t\t<div class=\"sc_fs_faq__content\">\n\t\t\t\t\n\n<p>Szkolenia w OSO prowadz\u0105 jedni z najlepszych specjalist\u00f3w. Zaj\u0119cia obejmuj\u0105 kompleksowe przygotowanie do obs\u0142ugi i podstawowej konserwacji \u0142adowarek teleskopowych. Uczymy umiej\u0119tno\u015bci z zakresu teorii oraz praktyki i przygotowujemy do egzaminu pa\u0144stwowego.&nbsp;<\/p>\n\n\t\t\t<\/div>\n\t\t<\/div>\n\t\t<\/details>\n\t\t\t\t<details\t\thelp class=\"sc_fs_faq sc_card    \"\n\t\t\t\t>\n\t\t\t\t\t<summary>\n\t\t\t\t<h3>Jakie wymagania stawiamy potencjalnym kursantom?<\/h3>\t\t\t\t\t<\/summary>\n\t\t\t\t<div>\n\t\t\t\t\t\t<div class=\"sc_fs_faq__content\">\n\t\t\t\t\n\n<p>Przed przyst\u0105pieniem do szkolenia nale\u017cy z\u0142o\u017cy\u0107 za\u015bwiadczenie lekarskie o braku przeciwskaza\u0144 do wykonywania zawodu. Osoby, kt\u00f3re chc\u0105 wzi\u0105\u0107 udzia\u0142 w naszych zaj\u0119ciach musz\u0105 tak\u017ce posiada\u0107 wykszta\u0142cenie przynajmniej podstawowe oraz by\u0107 pe\u0142noletnie.&nbsp;<\/p>\n\n\t\t\t<\/div>\n\t\t<\/div>\n\t\t<\/details>\n\t\t\t\t<details\t\thelp class=\"sc_fs_faq sc_card    \"\n\t\t\t\t>\n\t\t\t\t\t<summary>\n\t\t\t\t<h3>W jakich miejscach pracuje operator \u0142adowarki teleskopowej?<\/h3>\t\t\t\t\t<\/summary>\n\t\t\t\t<div>\n\t\t\t\t\t\t<div class=\"sc_fs_faq__content\">\n\t\t\t\t\n\n<p>Operatorzy \u0142adowarek teleskopowych zajmuj\u0105 si\u0119 przenoszeniem towar\u00f3w w miejscach, w kt\u00f3rych trudno by\u0142oby wykorzysta\u0107 inny sprz\u0119t. Sprawdzaj\u0105 si\u0119 np. w magazynach czy na halach produkcyjnych.&nbsp;<\/p>\n\n\t\t\t<\/div>\n\t\t<\/div>\n\t\t<\/details>\n\t\t\n<script type=\"application\/ld+json\">\n\t{\n\t\t\"@context\": \"https:\/\/schema.org\",\n\t\t\"@type\": \"FAQPage\",\n\t\t\"mainEntity\": [\n\t\t\t\t\t{\n\t\t\t\t\"@type\": \"Question\",\n\t\t\t\t\"name\": \"Jak wygl\u0105daj\u0105 nasze kursy?\",\n\t\t\t\t\"acceptedAnswer\": {\n\t\t\t\t\t\"@type\": \"Answer\",\n\t\t\t\t\t\"text\": \"<p>Szkolenia w OSO prowadz\u0105 jedni z najlepszych specjalist\u00f3w. Zaj\u0119cia obejmuj\u0105 kompleksowe przygotowanie do obs\u0142ugi i podstawowej konserwacji \u0142adowarek teleskopowych. Uczymy umiej\u0119tno\u015bci z zakresu teorii oraz praktyki i przygotowujemy do egzaminu pa\u0144stwowego.&nbsp;<\/p>\"\n\t\t\t\t\t\t\t\t\t}\n\t\t\t}\n\t\t\t,\t\t\t\t{\n\t\t\t\t\"@type\": \"Question\",\n\t\t\t\t\"name\": \"Jakie wymagania stawiamy potencjalnym kursantom?\",\n\t\t\t\t\"acceptedAnswer\": {\n\t\t\t\t\t\"@type\": \"Answer\",\n\t\t\t\t\t\"text\": \"<p>Przed przyst\u0105pieniem do szkolenia nale\u017cy z\u0142o\u017cy\u0107 za\u015bwiadczenie lekarskie o braku przeciwskaza\u0144 do wykonywania zawodu. Osoby, kt\u00f3re chc\u0105 wzi\u0105\u0107 udzia\u0142 w naszych zaj\u0119ciach musz\u0105 tak\u017ce posiada\u0107 wykszta\u0142cenie przynajmniej podstawowe oraz by\u0107 pe\u0142noletnie.&nbsp;<\/p>\"\n\t\t\t\t\t\t\t\t\t}\n\t\t\t}\n\t\t\t,\t\t\t\t{\n\t\t\t\t\"@type\": \"Question\",\n\t\t\t\t\"name\": \"W jakich miejscach pracuje operator \u0142adowarki teleskopowej?\",\n\t\t\t\t\"acceptedAnswer\": {\n\t\t\t\t\t\"@type\": \"Answer\",\n\t\t\t\t\t\"text\": \"<p>Operatorzy \u0142adowarek teleskopowych zajmuj\u0105 si\u0119 przenoszeniem towar\u00f3w w miejscach, w kt\u00f3rych trudno by\u0142oby wykorzysta\u0107 inny sprz\u0119t. Sprawdzaj\u0105 si\u0119 np. w magazynach czy na halach produkcyjnych.&nbsp;<\/p>\"\n\t\t\t\t\t\t\t\t\t}\n\t\t\t}\n\t\t\t\t\t\t]\n\t}\n<\/script>\n","protected":false},"excerpt":{"rendered":"<p>O\u015brodek Szkolenia Operator\u00f3w to firma zajmuj\u0105ca si\u0119 profesjonalnymi i kompleksowymi szkoleniami dla operator\u00f3w urz\u0105dze\u0144 transportu bliskiego. Jeste\u015bmy jednym z podmiot\u00f3w o najwi\u0119kszym do\u015bwiadczeniu na rynku. Prowadzimy zaj\u0119cia zgodnie ze wszystkimi aktualnymi wymogami UDT. Posiadamy szeroko zakrojony program zaj\u0119\u0107 przygotowany w oparciu o wszystkie najwa\u017cniejsze za\u0142o\u017cenia dozoru technicznego.&nbsp;&nbsp; Przebieg kursu&nbsp; Nasze zaj\u0119cia dzielimy na dwie g\u0142\u00f3wne cz\u0119\u015bci: teoretyczn\u0105 i praktyczn\u0105. Praktyczna obejmuje nauk\u0119 obs\u0142ugi wszystkich uk\u0142ad\u00f3w \u0142adowarki na przyk\u0142adowym sprz\u0119cie. Teoria natomiast zak\u0142ada uczestnictwo w wyk\u0142adach prezentuj\u0105cych wszystko, co nale\u017cy wiedzie\u0107 o urz\u0105dzeniu, kt\u00f3rym kursant b\u0119dzie si\u0119 zajmowa\u0142.&nbsp; Na naszych zaj\u0119ciach uczymy:&nbsp; Egzamin przed komisj\u0105&nbsp; Uko\u0144czenie naszego kursu nie jest jednoznaczne z uzyskaniem uprawnie\u0144 i mo\u017cliwo\u015bci\u0105 wykonywania pracy. Najpierw trzeba jeszcze zda\u0107 egzamin pa\u0144stwowy przed komisj\u0105 Urz\u0119du Dozoru Technicznego. Egzamin, tak samo jak zreszt\u0105 szkolenia, sk\u0142ada si\u0119 z cz\u0119\u015bci teoretycznej i praktycznej. Nasze szkolenia zawsze uwzgl\u0119dniaj\u0105 wszystkie aktualne wymogi potrzebne do jego zaliczenia.&nbsp; Kursy \u2013 lokalizacja&nbsp;&nbsp; Wszystkie kursy prowadzimy w centralnej plac\u00f3wce firmy w Warszawie oraz w plac\u00f3wkach regionalnych w ca\u0142ej Polsce. Uwzgl\u0119dniamy mo\u017cliwo\u015b\u0107 prowadzenia zaj\u0119\u0107 z dojazdem do klienta. Kurs mo\u017ce mie\u0107 form\u0119 zamkni\u0119t\u0105 b\u0105d\u017a otwart\u0105. Cena i termin uzale\u017cnione s\u0105 od zainteresowania danym szkoleniem. Wi\u0119cej szczeg\u00f3\u0142\u00f3w znajduje si\u0119 na naszej stronie.&nbsp; Uko\u0144czenie kursu UDT&nbsp; Uko\u0144czenie szkolenia gwarantuje uzyskanie wszelkich potrzebnych umiej\u0119tno\u015bci do obs\u0142ugi \u0142adowarek teleskopowych. Absolwent bez problemu powinien poradzi\u0107 sobie z prac\u0105 w r\u00f3\u017cnorodnych warunkach, zna\u0107 si\u0119 na konstrukcji urz\u0105dzenia, jego specyfikacjach technicznych, umie\u0107 wykry\u0107 i naprawi\u0107 proste usterki oraz wiedzie\u0107 jak bezpiecznie obs\u0142ugiwa\u0107 dany sprz\u0119t. Umiej\u0119tno\u015bci te powinny u\u0142atwi\u0107 mu znalezienie pracy na stanowisku operatora \u0142adowarki teleskopowej w wielu r\u00f3\u017cnych bran\u017cach.&nbsp; Praca&nbsp; [&hellip;]<\/p>\n","protected":false},"author":1,"featured_media":2709,"parent":1828,"menu_order":0,"comment_status":"closed","ping_status":"closed","template":"","meta":{"sfsi_plus_gutenberg_text_before_share":"","sfsi_plus_gutenberg_show_text_before_share":"","sfsi_plus_gutenberg_icon_type":"","sfsi_plus_gutenberg_icon_alignemt":"","sfsi_plus_gutenburg_max_per_row":"","footnotes":""},"class_list":["post-2708","page","type-page","status-publish","has-post-thumbnail","hentry","has_thumb"],"aioseo_notices":[],"_links":{"self":[{"href":"https:\/\/odk-ergon.pl\/fr\/wp-json\/wp\/v2\/pages\/2708","targetHints":{"allow":["GET"]}}],"collection":[{"href":"https:\/\/odk-ergon.pl\/fr\/wp-json\/wp\/v2\/pages"}],"about":[{"href":"https:\/\/odk-ergon.pl\/fr\/wp-json\/wp\/v2\/types\/page"}],"author":[{"embeddable":true,"href":"https:\/\/odk-ergon.pl\/fr\/wp-json\/wp\/v2\/users\/1"}],"replies":[{"embeddable":true,"href":"https:\/\/odk-ergon.pl\/fr\/wp-json\/wp\/v2\/comments?post=2708"}],"version-history":[{"count":5,"href":"https:\/\/odk-ergon.pl\/fr\/wp-json\/wp\/v2\/pages\/2708\/revisions"}],"predecessor-version":[{"id":3360,"href":"https:\/\/odk-ergon.pl\/fr\/wp-json\/wp\/v2\/pages\/2708\/revisions\/3360"}],"up":[{"embeddable":true,"href":"https:\/\/odk-ergon.pl\/fr\/wp-json\/wp\/v2\/pages\/1828"}],"wp:featuredmedia":[{"embeddable":true,"href":"https:\/\/odk-ergon.pl\/fr\/wp-json\/wp\/v2\/media\/2709"}],"wp:attachment":[{"href":"https:\/\/odk-ergon.pl\/fr\/wp-json\/wp\/v2\/media?parent=2708"}],"curies":[{"name":"wp","href":"https:\/\/api.w.org\/{rel}","templated":true}]}}