{"id":2714,"date":"2023-03-24T16:01:29","date_gmt":"2023-03-24T15:01:29","guid":{"rendered":"https:\/\/odk-ergon.pl\/?page_id=2714"},"modified":"2023-03-24T23:46:40","modified_gmt":"2023-03-24T22:46:40","slug":"empileurs-stockage","status":"publish","type":"page","link":"https:\/\/odk-ergon.pl\/fr\/szkolenia\/uprawnienia-udt-tdt\/ukladnice-magazynowe\/","title":{"rendered":"Transstockeurs pour entrep\u00f4ts - Cours UDT"},"content":{"rendered":"\n<p>Serdecznie zapraszamy na szkolenie UDT z obs\u0142ugi uk\u0142adnic magazynowych. Uk\u0142adnice magazynowe to jedno z urz\u0105dze\u0144, znajduj\u0105cych najlepsze zastosowanie w procesie automatyzacji prac magazynowych. Stanowi\u0105 one coraz popularniejsz\u0105 opcj\u0119 w firmach, kt\u00f3re chc\u0105 unowocze\u015bni\u0107 i zwi\u0119kszy\u0107 wydajno\u015b\u0107 swoich magazyn\u00f3w oraz wykonywanych w nich proces\u00f3w sk\u0142adowania i transportowania \u0142adunk\u00f3w. Oferujemy profesjonalne szkolenia z obs\u0142ugi tych urz\u0105dze\u0144.&nbsp;<\/p>\n\n\n\n<h2 class=\"wp-block-heading\">Szkolenie \u2013 przebieg i cele&nbsp;<\/h2>\n\n\n\n<p>Szkolenie z obs\u0142ugi uk\u0142adnic magazynowych to kurs przeznaczony dla pracownik\u00f3w magazyn\u00f3w, kt\u00f3rzy chc\u0105 nauczy\u0107 si\u0119 prawid\u0142owo korzysta\u0107 z urz\u0105dze\u0144 do sk\u0142adowania i transportowania towar\u00f3w. Podczas szkolenia uczestnicy poznaj\u0105 zasady bezpiecznej obs\u0142ugi uk\u0142adnic, dowiedz\u0105 si\u0119 jakie s\u0105 rodzaje uk\u0142adnic i jakie maj\u0105 zastosowanie, a tak\u017ce jak przygotowa\u0107 uk\u0142adnic\u0119 do pracy i jak j\u0105 konserwowa\u0107. Ponadto, uczestnicy szkolenia zapoznaj\u0105 si\u0119 z zasadami przeprowadzania ruchu w magazynie oraz z przepisami dotycz\u0105cymi pracy na wysoko\u015bci. Szkolenie z obs\u0142ugi uk\u0142adnic magazynowych jest szczeg\u00f3lnie wa\u017cne dla pracownik\u00f3w, kt\u00f3rzy codziennie korzystaj\u0105 z tych urz\u0105dze\u0144, poniewa\u017c pozwala im na bezpieczn\u0105 i efektywn\u0105 prac\u0119, a tak\u017ce na unikni\u0119cie ewentualnych wypadk\u00f3w zwi\u0105zanych z niew\u0142a\u015bciwym u\u017cytkowaniem uk\u0142adnic.&nbsp;<\/p>\n\n\n\n<h2 class=\"wp-block-heading\">Czym jest uk\u0142adnica magazynowa i do czego s\u0142u\u017cy&nbsp;<\/h2>\n\n\n<div class=\"wp-block-image\">\n<figure class=\"alignleft size-large is-resized\"><a href=\"https:\/\/odk-ergon.pl\/wp-content\/uploads\/2023\/03\/ukladnica-0.jpg\"><img loading=\"lazy\" decoding=\"async\" src=\"https:\/\/odk-ergon.pl\/wp-content\/uploads\/2023\/03\/ukladnica-0-1024x683.jpg\" alt=\"uk\u0142adnica magazynowa podnosz\u0105ca \u0142adunek\" class=\"wp-image-2718\" width=\"512\" height=\"342\" srcset=\"https:\/\/odk-ergon.pl\/wp-content\/uploads\/2023\/03\/ukladnica-0-1024x683.jpg 1024w, https:\/\/odk-ergon.pl\/wp-content\/uploads\/2023\/03\/ukladnica-0-300x200.jpg 300w, https:\/\/odk-ergon.pl\/wp-content\/uploads\/2023\/03\/ukladnica-0-768x512.jpg 768w, https:\/\/odk-ergon.pl\/wp-content\/uploads\/2023\/03\/ukladnica-0-18x12.jpg 18w, https:\/\/odk-ergon.pl\/wp-content\/uploads\/2023\/03\/ukladnica-0-624x416.jpg 624w, https:\/\/odk-ergon.pl\/wp-content\/uploads\/2023\/03\/ukladnica-0.jpg 1500w\" sizes=\"auto, (max-width: 512px) 100vw, 512px\" \/><\/a><\/figure>\n<\/div>\n\n\n<p>Uk\u0142adnice magazynowe s\u0142u\u017c\u0105 przede wszystkim u\u0142atwieniu i usprawnieniu automatycznego procesu rozk\u0142adania \u0142adunk\u00f3w w magazynach przemys\u0142owych. Urz\u0105dzenia te poruszaj\u0105 si\u0119 korytarzami wzd\u0142u\u017c rega\u0142\u00f3w znacznie szybciej ni\u017c sprz\u0119t wymagaj\u0105cy kierowania przez ludzi. Proces zar\u00f3wno za\u0142adunku, jak i roz\u0142adunku przebiega dzi\u0119ki temu znacznie sprawniej, co optymalizuje prac\u0119 w magazynie. Uk\u0142adnice posiadaj\u0105 specjalny mikroprocesor, kt\u00f3ry odpowiada za ich sterowanie. Ich praca polega wi\u0119c g\u0142\u00f3wnie na zbieraniu materia\u0142\u00f3w z tak zwanego przeno\u015bnika wej\u015bciowego i p\u00f3\u017aniejszym umieszczaniu ich na wyznaczonym regale. Dzia\u0142a to r\u00f3wnie\u017c i w drug\u0105 stron\u0119 \u2013 z rega\u0142y zabieraj\u0105 \u0142adunek i umieszczaj\u0105 go na przeno\u015bniku wyj\u015bciowym.&nbsp;<\/p>\n\n\n\n<h2 class=\"wp-block-heading\">System WMS&nbsp;&nbsp;<\/h2>\n\n\n\n<p>WMS \u2013 czyli z angielskiego warehouse management system \u2013 to komputerowe oprogramowanie odpowiadaj\u0105ce za prac\u0119 uk\u0142adnic. To on zawiaduje ich mikroprocesorem i odpowiada za monitorowanie rozmieszczania \u0142adunk\u00f3w.&nbsp;&nbsp;<\/p>\n\n\n\n<h2 class=\"wp-block-heading\">Tryby pracy uk\u0142adnic&nbsp;<\/h2>\n\n\n\n<p>Wyr\u00f3\u017cnia si\u0119 trzy tryby, w kt\u00f3rych dzia\u0142aj\u0105 uk\u0142adnice:&nbsp;<\/p>\n\n\n\n<ul class=\"wp-block-list\">\n<li>r\u0119czny \u2013 sterowaniem zajmuje si\u0119 operator, najcz\u0119\u015bciej w trakcie prac serwisowych,&nbsp;<\/li>\n\n\n\n<li>p\u00f3\u0142automatyczny \u2013 operator wprowadza dane do komputera,&nbsp;<\/li>\n\n\n\n<li>automatyczny \u2013 odpowiednio zaprogramowany komputer sam steruje uk\u0142adnic\u0105.&nbsp;<\/li>\n<\/ul>\n\n\n\n<h2 class=\"wp-block-heading\">Podzia\u0142 uk\u0142adnic magazynowych&nbsp;<\/h2>\n\n\n<div class=\"wp-block-image\">\n<figure class=\"alignleft size-large is-resized\"><a href=\"https:\/\/odk-ergon.pl\/wp-content\/uploads\/2023\/03\/ukladnice-3.jpg\"><img loading=\"lazy\" decoding=\"async\" src=\"https:\/\/odk-ergon.pl\/wp-content\/uploads\/2023\/03\/ukladnice-3-768x1024.jpg\" alt=\"mechanizm uk\u0142adnicy magazynowej\" class=\"wp-image-2719\" width=\"384\" height=\"512\" srcset=\"https:\/\/odk-ergon.pl\/wp-content\/uploads\/2023\/03\/ukladnice-3-768x1024.jpg 768w, https:\/\/odk-ergon.pl\/wp-content\/uploads\/2023\/03\/ukladnice-3-225x300.jpg 225w, https:\/\/odk-ergon.pl\/wp-content\/uploads\/2023\/03\/ukladnice-3-9x12.jpg 9w, https:\/\/odk-ergon.pl\/wp-content\/uploads\/2023\/03\/ukladnice-3-624x832.jpg 624w, https:\/\/odk-ergon.pl\/wp-content\/uploads\/2023\/03\/ukladnice-3.jpg 800w\" sizes=\"auto, (max-width: 384px) 100vw, 384px\" \/><\/a><\/figure>\n<\/div>\n\n\n<p>Uk\u0142adnice mo\u017cna podzieli\u0107 pod kilkoma wzgl\u0119dami.&nbsp;<\/p>\n\n\n\n<h3 class=\"wp-block-heading\">Konstrukcja:&nbsp;<\/h3>\n\n\n\n<ul class=\"wp-block-list\">\n<li>suwnicowe,&nbsp;&nbsp;<\/li>\n\n\n\n<li>podwieszane ze specjaln\u0105 obrotnic\u0105,&nbsp;<\/li>\n\n\n\n<li>jednokolumnowe,&nbsp;<\/li>\n\n\n\n<li>dwukolumnowe.&nbsp;<\/li>\n<\/ul>\n\n\n\n<h3 class=\"wp-block-heading\">Mechanizm chwytaj\u0105cy:&nbsp;<\/h3>\n\n\n\n<ul class=\"wp-block-list\">\n<li>wid\u0142y,&nbsp;<\/li>\n\n\n\n<li>chwytak,&nbsp;<\/li>\n\n\n\n<li>przeno\u015bnik.&nbsp;<\/li>\n<\/ul>\n\n\n\n<h3 class=\"wp-block-heading\">Specyfikacji technicznych, do kt\u00f3rych nale\u017c\u0105:&nbsp;<\/h3>\n\n\n\n<ul class=\"wp-block-list\">\n<li>ud\u017awig,&nbsp;&nbsp;<\/li>\n\n\n\n<li>maksymalna wysoko\u015b\u0107,&nbsp;&nbsp;&nbsp;<\/li>\n\n\n\n<li>pr\u0119dko\u015b\u0107 jazdy uk\u0142adnicy,&nbsp;<\/li>\n\n\n\n<li>pr\u0119dko\u015b\u0107 przyspieszenia ruch\u00f3w roboczych,&nbsp;<\/li>\n\n\n\n<li>pr\u0119dko\u015b\u0107 podnoszenia oraz opuszczania,&nbsp;<\/li>\n\n\n\n<li>pr\u0119dko\u015b\u0107 wysuwu i powrotu,&nbsp;<\/li>\n\n\n\n<li>maksymalne wymiary \u0142adunku.&nbsp;<\/li>\n<\/ul>\n\n\n\n<h3 class=\"wp-block-heading\"><strong>Zalety uk\u0142adnic magazynowych<\/strong>:&nbsp;<\/h3>\n\n\n\n<ul class=\"wp-block-list\">\n<li>automatyzacja ca\u0142ego procesu transportu \u0142adunku,&nbsp;<\/li>\n\n\n\n<li>stan magazynu pod ci\u0105g\u0142\u0105 kontrol\u0105,&nbsp;<\/li>\n\n\n\n<li>wyeliminowanie niedoskona\u0142o\u015bci czynnika ludzkiego,&nbsp;<\/li>\n\n\n\n<li>mo\u017cliwo\u015b\u0107 uzgodnienia czynnik\u00f3w takich jak temperatura,&nbsp;<\/li>\n\n\n\n<li>zoptymalizowanie pracy ca\u0142ego magazynu,&nbsp;<\/li>\n\n\n\n<li>wi\u0119ksze bezpiecze\u0144stwo pracy,&nbsp;<\/li>\n\n\n\n<li>\u0142atwa obs\u0142uga i serwis.&nbsp;<\/li>\n<\/ul>\n\n\n\n<p>Uk\u0142adnice optymalizuj\u0105 prac\u0119 magazynow\u0105, u\u0142atwiaj\u0105c j\u0105 w takich aspektach, jak przenoszenie \u0142adunku na du\u017ce wysoko\u015bci, skr\u00f3cenie czasu transportu, czy przenoszenie \u0142adunk\u00f3w o wi\u0119kszych rozmiarach.&nbsp;&nbsp;<\/p>\n\n\n\n<h2 class=\"wp-block-heading\">Pytania i odpowiedzi<\/h2>\n\n\n\t\t<details\t\thelp class=\"sc_fs_faq sc_card    \"\n\t\topen\t\t>\n\t\t\t\t\t<summary>\n\t\t\t\t<h3>Do czego s\u0142u\u017c\u0105 uk\u0142adnice magazynowe?<\/h3>\t\t\t\t\t<\/summary>\n\t\t\t\t<div>\n\t\t\t\t\t\t<div class=\"sc_fs_faq__content\">\n\t\t\t\t\n\n<p>To rodzaj automatycznie dzia\u0142aj\u0105cych urz\u0105dze\u0144, kt\u00f3rych zadaniem jest transportowanie \u0142adunk\u00f3w na wyznaczone rega\u0142y lub z rega\u0142\u00f3w na odpowiednie miejsca.&nbsp;<\/p>\n\n\t\t\t<\/div>\n\t\t<\/div>\n\t\t<\/details>\n\t\t\t\t<details\t\thelp class=\"sc_fs_faq sc_card    \"\n\t\t\t\t>\n\t\t\t\t\t<summary>\n\t\t\t\t<h3>Dlaczego warto korzysta\u0107 z uk\u0142adnic na magazynach?<\/h3>\t\t\t\t\t<\/summary>\n\t\t\t\t<div>\n\t\t\t\t\t\t<div class=\"sc_fs_faq__content\">\n\t\t\t\t\n\n<p>Uk\u0142adnice magazynowe optymalizuj\u0105 i usprawniaj\u0105 prace za\u0142adunkowe w halach magazynowych, a tak\u017ce polepszaj\u0105 jej bezpiecze\u0144stwo.&nbsp;<\/p>\n\n\t\t\t<\/div>\n\t\t<\/div>\n\t\t<\/details>\n\t\t\n<script type=\"application\/ld+json\">\n\t{\n\t\t\"@context\": \"https:\/\/schema.org\",\n\t\t\"@type\": \"FAQPage\",\n\t\t\"mainEntity\": [\n\t\t\t\t\t{\n\t\t\t\t\"@type\": \"Question\",\n\t\t\t\t\"name\": \"Do czego s\u0142u\u017c\u0105 uk\u0142adnice magazynowe?\",\n\t\t\t\t\"acceptedAnswer\": {\n\t\t\t\t\t\"@type\": \"Answer\",\n\t\t\t\t\t\"text\": \"<p>To rodzaj automatycznie dzia\u0142aj\u0105cych urz\u0105dze\u0144, kt\u00f3rych zadaniem jest transportowanie \u0142adunk\u00f3w na wyznaczone rega\u0142y lub z rega\u0142\u00f3w na odpowiednie miejsca.&nbsp;<\/p>\"\n\t\t\t\t\t\t\t\t\t}\n\t\t\t}\n\t\t\t,\t\t\t\t{\n\t\t\t\t\"@type\": \"Question\",\n\t\t\t\t\"name\": \"Dlaczego warto korzysta\u0107 z uk\u0142adnic na magazynach?\",\n\t\t\t\t\"acceptedAnswer\": {\n\t\t\t\t\t\"@type\": \"Answer\",\n\t\t\t\t\t\"text\": \"<p>Uk\u0142adnice magazynowe optymalizuj\u0105 i usprawniaj\u0105 prace za\u0142adunkowe w halach magazynowych, a tak\u017ce polepszaj\u0105 jej bezpiecze\u0144stwo.&nbsp;<\/p>\"\n\t\t\t\t\t\t\t\t\t}\n\t\t\t}\n\t\t\t\t\t\t]\n\t}\n<\/script>\n","protected":false},"excerpt":{"rendered":"<p>Serdecznie zapraszamy na szkolenie UDT z obs\u0142ugi uk\u0142adnic magazynowych. Uk\u0142adnice magazynowe to jedno z urz\u0105dze\u0144, znajduj\u0105cych najlepsze zastosowanie w procesie automatyzacji prac magazynowych. Stanowi\u0105 one coraz popularniejsz\u0105 opcj\u0119 w firmach, kt\u00f3re chc\u0105 unowocze\u015bni\u0107 i zwi\u0119kszy\u0107 wydajno\u015b\u0107 swoich magazyn\u00f3w oraz wykonywanych w nich proces\u00f3w sk\u0142adowania i transportowania \u0142adunk\u00f3w. Oferujemy profesjonalne szkolenia z obs\u0142ugi tych urz\u0105dze\u0144.&nbsp; Szkolenie \u2013 przebieg i cele&nbsp; Szkolenie z obs\u0142ugi uk\u0142adnic magazynowych to kurs przeznaczony dla pracownik\u00f3w magazyn\u00f3w, kt\u00f3rzy chc\u0105 nauczy\u0107 si\u0119 prawid\u0142owo korzysta\u0107 z urz\u0105dze\u0144 do sk\u0142adowania i transportowania towar\u00f3w. Podczas szkolenia uczestnicy poznaj\u0105 zasady bezpiecznej obs\u0142ugi uk\u0142adnic, dowiedz\u0105 si\u0119 jakie s\u0105 rodzaje uk\u0142adnic i jakie maj\u0105 zastosowanie, a tak\u017ce jak przygotowa\u0107 uk\u0142adnic\u0119 do pracy i jak j\u0105 konserwowa\u0107. Ponadto, uczestnicy szkolenia zapoznaj\u0105 si\u0119 z zasadami przeprowadzania ruchu w magazynie oraz z przepisami dotycz\u0105cymi pracy na wysoko\u015bci. Szkolenie z obs\u0142ugi uk\u0142adnic magazynowych jest szczeg\u00f3lnie wa\u017cne dla pracownik\u00f3w, kt\u00f3rzy codziennie korzystaj\u0105 z tych urz\u0105dze\u0144, poniewa\u017c pozwala im na bezpieczn\u0105 i efektywn\u0105 prac\u0119, a tak\u017ce na unikni\u0119cie ewentualnych wypadk\u00f3w zwi\u0105zanych z niew\u0142a\u015bciwym u\u017cytkowaniem uk\u0142adnic.&nbsp; Czym jest uk\u0142adnica magazynowa i do czego s\u0142u\u017cy&nbsp; Uk\u0142adnice magazynowe s\u0142u\u017c\u0105 przede wszystkim u\u0142atwieniu i usprawnieniu automatycznego procesu rozk\u0142adania \u0142adunk\u00f3w w magazynach przemys\u0142owych. Urz\u0105dzenia te poruszaj\u0105 si\u0119 korytarzami wzd\u0142u\u017c rega\u0142\u00f3w znacznie szybciej ni\u017c sprz\u0119t wymagaj\u0105cy kierowania przez ludzi. Proces zar\u00f3wno za\u0142adunku, jak i roz\u0142adunku przebiega dzi\u0119ki temu znacznie sprawniej, co optymalizuje prac\u0119 w magazynie. Uk\u0142adnice posiadaj\u0105 specjalny mikroprocesor, kt\u00f3ry odpowiada za ich sterowanie. Ich praca polega wi\u0119c g\u0142\u00f3wnie na zbieraniu materia\u0142\u00f3w z tak zwanego przeno\u015bnika wej\u015bciowego i p\u00f3\u017aniejszym umieszczaniu ich na wyznaczonym regale. Dzia\u0142a to r\u00f3wnie\u017c i w drug\u0105 stron\u0119 [&hellip;]<\/p>\n","protected":false},"author":1,"featured_media":2716,"parent":1828,"menu_order":0,"comment_status":"closed","ping_status":"closed","template":"","meta":{"sfsi_plus_gutenberg_text_before_share":"","sfsi_plus_gutenberg_show_text_before_share":"","sfsi_plus_gutenberg_icon_type":"","sfsi_plus_gutenberg_icon_alignemt":"","sfsi_plus_gutenburg_max_per_row":"","footnotes":""},"class_list":["post-2714","page","type-page","status-publish","has-post-thumbnail","hentry","has_thumb"],"aioseo_notices":[],"_links":{"self":[{"href":"https:\/\/odk-ergon.pl\/fr\/wp-json\/wp\/v2\/pages\/2714","targetHints":{"allow":["GET"]}}],"collection":[{"href":"https:\/\/odk-ergon.pl\/fr\/wp-json\/wp\/v2\/pages"}],"about":[{"href":"https:\/\/odk-ergon.pl\/fr\/wp-json\/wp\/v2\/types\/page"}],"author":[{"embeddable":true,"href":"https:\/\/odk-ergon.pl\/fr\/wp-json\/wp\/v2\/users\/1"}],"replies":[{"embeddable":true,"href":"https:\/\/odk-ergon.pl\/fr\/wp-json\/wp\/v2\/comments?post=2714"}],"version-history":[{"count":7,"href":"https:\/\/odk-ergon.pl\/fr\/wp-json\/wp\/v2\/pages\/2714\/revisions"}],"predecessor-version":[{"id":3391,"href":"https:\/\/odk-ergon.pl\/fr\/wp-json\/wp\/v2\/pages\/2714\/revisions\/3391"}],"up":[{"embeddable":true,"href":"https:\/\/odk-ergon.pl\/fr\/wp-json\/wp\/v2\/pages\/1828"}],"wp:featuredmedia":[{"embeddable":true,"href":"https:\/\/odk-ergon.pl\/fr\/wp-json\/wp\/v2\/media\/2716"}],"wp:attachment":[{"href":"https:\/\/odk-ergon.pl\/fr\/wp-json\/wp\/v2\/media?parent=2714"}],"curies":[{"name":"wp","href":"https:\/\/api.w.org\/{rel}","templated":true}]}}