{"id":2730,"date":"2023-03-24T16:47:21","date_gmt":"2023-03-24T15:47:21","guid":{"rendered":"https:\/\/odk-ergon.pl\/?page_id=2730"},"modified":"2023-03-25T00:46:02","modified_gmt":"2023-03-24T23:46:02","slug":"service-et-reparation-lifting-lifts","status":"publish","type":"page","link":"https:\/\/odk-ergon.pl\/fr\/zakres-uslug\/naprawa-urzadzen-udt\/serwis-i-naprawa-podnosnikow-nozycowych\/","title":{"rendered":"Entretien et r\u00e9paration d'\u00e9l\u00e9vateurs \u00e0 ciseaux\u00a0"},"content":{"rendered":"\n<h2 class=\"wp-block-heading\"><strong>Oferta serwisowa ERGON<\/strong><\/h2>\n\n\n\n<p>Firma ERGON oferuje serwis podno\u015bnik\u00f3w no\u017cycowych. Specjalizujemy si\u0119 w przeprowadzaniu dok\u0142adnej diagnostyki, powierzonego nam sprz\u0119tu. Zadba o to nasz zesp\u00f3\u0142 wykwalifikowanych fachowc\u00f3w, kt\u00f3rzy od wielu lat zajmuj\u0105 si\u0119 dan\u0105 tematyk\u0105. Ka\u017cda us\u0142uga wykonywana jest na wysokim poziomie.&nbsp;<\/p>\n\n\n\n<h3 class=\"wp-block-heading\"><strong>Co oferujemy:<\/strong>&nbsp;<\/h3>\n\n\n\n<ul class=\"wp-block-list\">\n<li>szybki czas realizacji,&nbsp;<\/li>\n\n\n\n<li>wykwalifikowanych specjalist\u00f3w,&nbsp;<\/li>\n\n\n\n<li>wewn\u0119trzn\u0105 gie\u0142d\u0119 cz\u0119\u015bci wymiennych,&nbsp;<\/li>\n\n\n\n<li>asyst\u0119 podczas wymaganej inspekcji UDT,&nbsp;<\/li>\n\n\n\n<li>gwarancj\u0119 jako\u015bci.&nbsp;&nbsp;<\/li>\n<\/ul>\n\n\n\n<h3 class=\"wp-block-heading\"><strong>Spis us\u0142ug w ramach oferty serwisowej:<\/strong>&nbsp;<\/h3>\n\n\n\n<ul class=\"wp-block-list\">\n<li>transport podno\u015bnik\u00f3w,&nbsp;<\/li>\n\n\n\n<li>diagnostyka \u2013 przegl\u0105d,&nbsp;<\/li>\n\n\n\n<li>naprawa gwarancyjna,&nbsp;<\/li>\n\n\n\n<li>naprawa pogwarancyjna,&nbsp;<\/li>\n\n\n\n<li>okresowy przegl\u0105d serwisowy,&nbsp;<\/li>\n\n\n\n<li>konserwacja urz\u0105dze\u0144,&nbsp;<\/li>\n\n\n\n<li>fachowe doradztwo.&nbsp;<\/li>\n<\/ul>\n\n\n\n<h2 class=\"wp-block-heading\"><strong>Serwis mobilny<\/strong>&nbsp;<\/h2>\n\n\n<div class=\"wp-block-image\">\n<figure class=\"alignleft size-large is-resized\"><a href=\"https:\/\/odk-ergon.pl\/wp-content\/uploads\/2023\/03\/blue.jpg\"><img loading=\"lazy\" decoding=\"async\" src=\"https:\/\/odk-ergon.pl\/wp-content\/uploads\/2023\/03\/blue-755x1024.jpg\" alt=\"operator podno\u015bnika no\u017cycowego podczas pracy\" class=\"wp-image-2733\" width=\"378\" height=\"512\" srcset=\"https:\/\/odk-ergon.pl\/wp-content\/uploads\/2023\/03\/blue-755x1024.jpg 755w, https:\/\/odk-ergon.pl\/wp-content\/uploads\/2023\/03\/blue-221x300.jpg 221w, https:\/\/odk-ergon.pl\/wp-content\/uploads\/2023\/03\/blue-768x1042.jpg 768w, https:\/\/odk-ergon.pl\/wp-content\/uploads\/2023\/03\/blue-9x12.jpg 9w, https:\/\/odk-ergon.pl\/wp-content\/uploads\/2023\/03\/blue-624x847.jpg 624w, https:\/\/odk-ergon.pl\/wp-content\/uploads\/2023\/03\/blue.jpg 796w\" sizes=\"auto, (max-width: 378px) 100vw, 378px\" \/><\/a><\/figure>\n<\/div>\n\n\n<p>Firma ERGON \u015bwiadczy szybkie i pr\u0119\u017cnie dzia\u0142aj\u0105ce przejazdy, kt\u00f3re znacznie skracaj\u0105 czas oczekiwania, a tym samym naprawy czy konserwacji. Kompleksowo wyposa\u017cone specjalistyczne pojazdy zapewni\u0105 bezpieczny i stabilny przejazd maszyny do naszego serwisu. Wykonujemy r\u00f3wnie\u017c serwis w zak\u0142adzie pracy u klienta.&nbsp;<\/p>\n\n\n\n<h2 class=\"wp-block-heading\"><strong>Sprzeda\u017c cz\u0119\u015bci<\/strong>&nbsp;<\/h2>\n\n\n\n<p>Wewn\u0119trzna gie\u0142da cz\u0119\u015bci wymiennych w serwisie oferuje sprzeda\u017c u\u017cywanych cz\u0119\u015bci do podno\u015bnik\u00f3w no\u017cycowych w atrakcyjnych cenach. W ofercie mamy cz\u0119\u015bci znanych marek, takich jak:&nbsp;&nbsp;<\/p>\n\n\n\n<ul class=\"wp-block-list\">\n<li>MELL,&nbsp;<\/li>\n\n\n\n<li>EUROKRAFT,&nbsp;<\/li>\n\n\n\n<li>LEMA,&nbsp;<\/li>\n\n\n\n<li>Rothlehner,&nbsp;<\/li>\n\n\n\n<li>Iveco,&nbsp;<\/li>\n\n\n\n<li>Mercedes,&nbsp;<\/li>\n\n\n\n<li>MAN,&nbsp;<\/li>\n\n\n\n<li>DMC,&nbsp;<\/li>\n\n\n\n<li>JGL,&nbsp;&nbsp;<\/li>\n\n\n\n<li>Time Export A\/S,<\/li>\n\n\n\n<li>Versalift,<\/li>\n\n\n\n<li>Omme Lift A\/S,&nbsp;<\/li>\n\n\n\n<li>TIGIEFFE s.r.l,<\/li>\n\n\n\n<li>Airo,&nbsp;<\/li>\n\n\n\n<li>B\u00f6cker.&nbsp;<\/li>\n<\/ul>\n\n\n\n<p>Je\u015bli masz w\u0105tpliwo\u015bci co do zakupu <a href=\"https:\/\/odk-ergon.pl\/fr\/kontakt\/\">skontaktuj si\u0119 z nami<\/a>, kompetentni serwisanci pomog\u0105 Ci w zakupie.&nbsp;<\/p>\n\n\n\n<h2 class=\"wp-block-heading\"><strong>Rejestracja UDT<\/strong>&nbsp;<\/h2>\n\n\n\n<p>By korzysta\u0107 zgodnie z prawem z podno\u015bnik\u00f3w no\u017cycowych, nale\u017cy zdoby\u0107 rejestracj\u0119 Urz\u0119du Dozoru Technicznego. ERGON zapewnia pe\u0142ne przygotowanie dokument\u00f3w i asyst\u0119 podczas rejestracji urz\u0105dze\u0144 podno\u015bnikowych. Nie musisz obawia\u0107 si\u0119 o formalno\u015bci, nasi kompetentni konsultanci Ci\u0119 w tym wyr\u0119cz\u0105. Zach\u0119camy do kontaktu z g\u0142\u00f3wnym biurem.&nbsp;<\/p>\n\n\n\n<h2 class=\"wp-block-heading\"><strong>Obs\u0142uga klienta<\/strong>&nbsp;<\/h2>\n\n\n<div class=\"wp-block-image\">\n<figure class=\"alignleft size-large is-resized\"><a href=\"https:\/\/odk-ergon.pl\/wp-content\/uploads\/2023\/03\/podnosnik.jpg\"><img loading=\"lazy\" decoding=\"async\" src=\"https:\/\/odk-ergon.pl\/wp-content\/uploads\/2023\/03\/podnosnik-1024x683.jpg\" alt=\"pracownicy serwisuj\u0105cy podest\" class=\"wp-image-2734\" width=\"512\" height=\"342\" srcset=\"https:\/\/odk-ergon.pl\/wp-content\/uploads\/2023\/03\/podnosnik-1024x683.jpg 1024w, https:\/\/odk-ergon.pl\/wp-content\/uploads\/2023\/03\/podnosnik-300x200.jpg 300w, https:\/\/odk-ergon.pl\/wp-content\/uploads\/2023\/03\/podnosnik-768x512.jpg 768w, https:\/\/odk-ergon.pl\/wp-content\/uploads\/2023\/03\/podnosnik-18x12.jpg 18w, https:\/\/odk-ergon.pl\/wp-content\/uploads\/2023\/03\/podnosnik-624x416.jpg 624w, https:\/\/odk-ergon.pl\/wp-content\/uploads\/2023\/03\/podnosnik.jpg 1200w\" sizes=\"auto, (max-width: 512px) 100vw, 512px\" \/><\/a><\/figure>\n<\/div>\n\n\n<p>Dysponujemy pracownikami i serwisantami, kt\u00f3rzy regularnie poszerzaj\u0105 swoje umiej\u0119tno\u015bci na corocznych warsztatach i szkoleniach z zakresu maszyn podno\u015bnikowych. Personel pierwszego kontaktu odpowie na wszystkie Twoje pytania, mi\u0119dzy innymi z zakresu: transportu, napraw, formalno\u015bci i cennika.&nbsp;&nbsp;<\/p>\n\n\n\n<h2 class=\"wp-block-heading\"><strong>O nas<\/strong><\/h2>\n\n\n\n<p>Firma ERGON z siedzib\u0105 w Warszawie \u2013 podczas swojej dziesi\u0119cioletniej obecno\u015bci na rynku, ma Pa\u0144stwu do zaoferowania kompleksowy serwis i napraw\u0119 podno\u015bnik\u00f3w no\u017cycowych. Oferujemy szereg us\u0142ug, kt\u00f3re daj\u0105 gwarancj\u0119 na utrzymanie podno\u015bnik\u00f3w ruchomych w perfekcyjnej kondycji. Naszym priorytetem jest bezpiecze\u0144stwo u\u017cytkowania.&nbsp;&nbsp;<\/p>\n\n\n\n<p>Wyszkolona kadra zapewni Pa\u0144stwu zar\u00f3wno fachowe doradztwo jak i najwy\u017cszy poziom obs\u0142ugi klienta. Wszystko zgodnie z wymaganiami Urz\u0119du Dozoru Technicznego.&nbsp;<\/p>\n\n\n\n<h2 class=\"wp-block-heading\">Pytania i odpowiedzi<\/h2>\n\n\n\t\t<details\t\thelp class=\"sc_fs_faq sc_card    \"\n\t\topen\t\t>\n\t\t\t\t\t<summary>\n\t\t\t\t<h3>Gdzie znajduje si\u0119 siedziba firmy? <\/h3>\t\t\t\t\t<\/summary>\n\t\t\t\t<div>\n\t\t\t\t\t\t<div class=\"sc_fs_faq__content\">\n\t\t\t\t\n\n<p>G\u0142\u00f3wna siedziba firmy znajduje si\u0119 w Warszawie.&nbsp;<\/p>\n\n\t\t\t<\/div>\n\t\t<\/div>\n\t\t<\/details>\n\t\t\t\t<details\t\thelp class=\"sc_fs_faq sc_card    \"\n\t\t\t\t>\n\t\t\t\t\t<summary>\n\t\t\t\t<h3>Czy oferujecie w\u0142asny transport maszyny do siedziby firmy? <\/h3>\t\t\t\t\t<\/summary>\n\t\t\t\t<div>\n\t\t\t\t\t\t<div class=\"sc_fs_faq__content\">\n\t\t\t\t\n\n<p>Tak, wsp\u00f3\u0142pracujemy z zewn\u0119trzn\u0105 firm\u0105 transportow\u0105, wyposa\u017con\u0105 w specjalistyczne samochody. Zapewni\u0105 one sprawny i bezpieczny przew\u00f3z podno\u015bnika do najbli\u017cszego serwisu.&nbsp;<\/p>\n\n\t\t\t<\/div>\n\t\t<\/div>\n\t\t<\/details>\n\t\t\t\t<details\t\thelp class=\"sc_fs_faq sc_card    \"\n\t\t\t\t>\n\t\t\t\t\t<summary>\n\t\t\t\t<h3>Czy posiadacie gie\u0142d\u0119 cz\u0119\u015bci? <\/h3>\t\t\t\t\t<\/summary>\n\t\t\t\t<div>\n\t\t\t\t\t\t<div class=\"sc_fs_faq__content\">\n\t\t\t\t\n\n<p>Tak, dysponujemy wewn\u0119trzn\u0105 gie\u0142d\u0105 nowych cz\u0119\u015bci od sprawdzonych dostawc\u00f3w. Dodatkowo oferujemy skup i sprzeda\u017c u\u017cywanych element\u00f3w wymiennych.<\/p>\n\n\t\t\t<\/div>\n\t\t<\/div>\n\t\t<\/details>\n\t\t\t\t<details\t\thelp class=\"sc_fs_faq sc_card    \"\n\t\t\t\t>\n\t\t\t\t\t<summary>\n\t\t\t\t<h3>Czy przygotowujecie maszyny do inspekcji UDT? <\/h3>\t\t\t\t\t<\/summary>\n\t\t\t\t<div>\n\t\t\t\t\t\t<div class=\"sc_fs_faq__content\">\n\t\t\t\t\n\n<p>Tak. U\u015bci\u015blaj\u0105c, przygotowujemy pe\u0142n\u0105 dokumentacj\u0119 w zwi\u0105zku z inspekcj\u0105 UDT oraz s\u0142u\u017cymy pe\u0142n\u0105 asyst\u0105 podczas przeprowadzania tego procesu.&nbsp;<\/p>\n\n\t\t\t<\/div>\n\t\t<\/div>\n\t\t<\/details>\n\t\t\n<script type=\"application\/ld+json\">\n\t{\n\t\t\"@context\": \"https:\/\/schema.org\",\n\t\t\"@type\": \"FAQPage\",\n\t\t\"mainEntity\": [\n\t\t\t\t\t{\n\t\t\t\t\"@type\": \"Question\",\n\t\t\t\t\"name\": \"Gdzie znajduje si\u0119 siedziba firmy? \",\n\t\t\t\t\"acceptedAnswer\": {\n\t\t\t\t\t\"@type\": \"Answer\",\n\t\t\t\t\t\"text\": \"<p>G\u0142\u00f3wna siedziba firmy znajduje si\u0119 w Warszawie.&nbsp;<\/p>\"\n\t\t\t\t\t\t\t\t\t}\n\t\t\t}\n\t\t\t,\t\t\t\t{\n\t\t\t\t\"@type\": \"Question\",\n\t\t\t\t\"name\": \"Czy oferujecie w\u0142asny transport maszyny do siedziby firmy? \",\n\t\t\t\t\"acceptedAnswer\": {\n\t\t\t\t\t\"@type\": \"Answer\",\n\t\t\t\t\t\"text\": \"<p>Tak, wsp\u00f3\u0142pracujemy z zewn\u0119trzn\u0105 firm\u0105 transportow\u0105, wyposa\u017con\u0105 w specjalistyczne samochody. Zapewni\u0105 one sprawny i bezpieczny przew\u00f3z podno\u015bnika do najbli\u017cszego serwisu.&nbsp;<\/p>\"\n\t\t\t\t\t\t\t\t\t}\n\t\t\t}\n\t\t\t,\t\t\t\t{\n\t\t\t\t\"@type\": \"Question\",\n\t\t\t\t\"name\": \"Czy posiadacie gie\u0142d\u0119 cz\u0119\u015bci? \",\n\t\t\t\t\"acceptedAnswer\": {\n\t\t\t\t\t\"@type\": \"Answer\",\n\t\t\t\t\t\"text\": \"<p>Tak, dysponujemy wewn\u0119trzn\u0105 gie\u0142d\u0105 nowych cz\u0119\u015bci od sprawdzonych dostawc\u00f3w. Dodatkowo oferujemy skup i sprzeda\u017c u\u017cywanych element\u00f3w wymiennych.<\/p>\"\n\t\t\t\t\t\t\t\t\t}\n\t\t\t}\n\t\t\t,\t\t\t\t{\n\t\t\t\t\"@type\": \"Question\",\n\t\t\t\t\"name\": \"Czy przygotowujecie maszyny do inspekcji UDT? \",\n\t\t\t\t\"acceptedAnswer\": {\n\t\t\t\t\t\"@type\": \"Answer\",\n\t\t\t\t\t\"text\": \"<p>Tak. U\u015bci\u015blaj\u0105c, przygotowujemy pe\u0142n\u0105 dokumentacj\u0119 w zwi\u0105zku z inspekcj\u0105 UDT oraz s\u0142u\u017cymy pe\u0142n\u0105 asyst\u0105 podczas przeprowadzania tego procesu.&nbsp;<\/p>\"\n\t\t\t\t\t\t\t\t\t}\n\t\t\t}\n\t\t\t\t\t\t]\n\t}\n<\/script>\n","protected":false},"excerpt":{"rendered":"<p>Oferta serwisowa ERGON Firma ERGON oferuje serwis podno\u015bnik\u00f3w no\u017cycowych. Specjalizujemy si\u0119 w przeprowadzaniu dok\u0142adnej diagnostyki, powierzonego nam sprz\u0119tu. Zadba o to nasz zesp\u00f3\u0142 wykwalifikowanych fachowc\u00f3w, kt\u00f3rzy od wielu lat zajmuj\u0105 si\u0119 dan\u0105 tematyk\u0105. Ka\u017cda us\u0142uga wykonywana jest na wysokim poziomie.&nbsp; Co oferujemy:&nbsp; Spis us\u0142ug w ramach oferty serwisowej:&nbsp; Serwis mobilny&nbsp; Firma ERGON \u015bwiadczy szybkie i pr\u0119\u017cnie dzia\u0142aj\u0105ce przejazdy, kt\u00f3re znacznie skracaj\u0105 czas oczekiwania, a tym samym naprawy czy konserwacji. Kompleksowo wyposa\u017cone specjalistyczne pojazdy zapewni\u0105 bezpieczny i stabilny przejazd maszyny do naszego serwisu. Wykonujemy r\u00f3wnie\u017c serwis w zak\u0142adzie pracy u klienta.&nbsp; Sprzeda\u017c cz\u0119\u015bci&nbsp; Wewn\u0119trzna gie\u0142da cz\u0119\u015bci wymiennych w serwisie oferuje sprzeda\u017c u\u017cywanych cz\u0119\u015bci do podno\u015bnik\u00f3w no\u017cycowych w atrakcyjnych cenach. W ofercie mamy cz\u0119\u015bci znanych marek, takich jak:&nbsp;&nbsp; Je\u015bli masz w\u0105tpliwo\u015bci co do zakupu skontaktuj si\u0119 z nami, kompetentni serwisanci pomog\u0105 Ci w zakupie.&nbsp; Rejestracja UDT&nbsp; By korzysta\u0107 zgodnie z prawem z podno\u015bnik\u00f3w no\u017cycowych, nale\u017cy zdoby\u0107 rejestracj\u0119 Urz\u0119du Dozoru Technicznego. ERGON zapewnia pe\u0142ne przygotowanie dokument\u00f3w i asyst\u0119 podczas rejestracji urz\u0105dze\u0144 podno\u015bnikowych. Nie musisz obawia\u0107 si\u0119 o formalno\u015bci, nasi kompetentni konsultanci Ci\u0119 w tym wyr\u0119cz\u0105. Zach\u0119camy do kontaktu z g\u0142\u00f3wnym biurem.&nbsp; Obs\u0142uga klienta&nbsp; Dysponujemy pracownikami i serwisantami, kt\u00f3rzy regularnie poszerzaj\u0105 swoje umiej\u0119tno\u015bci na corocznych warsztatach i szkoleniach z zakresu maszyn podno\u015bnikowych. Personel pierwszego kontaktu odpowie na wszystkie Twoje pytania, mi\u0119dzy innymi z zakresu: transportu, napraw, formalno\u015bci i cennika.&nbsp;&nbsp; O nas Firma ERGON z siedzib\u0105 w Warszawie \u2013 podczas swojej dziesi\u0119cioletniej obecno\u015bci na rynku, ma Pa\u0144stwu do zaoferowania kompleksowy serwis i napraw\u0119 podno\u015bnik\u00f3w no\u017cycowych. Oferujemy szereg us\u0142ug, kt\u00f3re daj\u0105 gwarancj\u0119 na utrzymanie podno\u015bnik\u00f3w ruchomych w perfekcyjnej kondycji. Naszym priorytetem [&hellip;]<\/p>\n","protected":false},"author":1,"featured_media":2731,"parent":3403,"menu_order":0,"comment_status":"closed","ping_status":"closed","template":"","meta":{"sfsi_plus_gutenberg_text_before_share":"","sfsi_plus_gutenberg_show_text_before_share":"","sfsi_plus_gutenberg_icon_type":"","sfsi_plus_gutenberg_icon_alignemt":"","sfsi_plus_gutenburg_max_per_row":"","footnotes":""},"class_list":["post-2730","page","type-page","status-publish","has-post-thumbnail","hentry","has_thumb"],"aioseo_notices":[],"_links":{"self":[{"href":"https:\/\/odk-ergon.pl\/fr\/wp-json\/wp\/v2\/pages\/2730","targetHints":{"allow":["GET"]}}],"collection":[{"href":"https:\/\/odk-ergon.pl\/fr\/wp-json\/wp\/v2\/pages"}],"about":[{"href":"https:\/\/odk-ergon.pl\/fr\/wp-json\/wp\/v2\/types\/page"}],"author":[{"embeddable":true,"href":"https:\/\/odk-ergon.pl\/fr\/wp-json\/wp\/v2\/users\/1"}],"replies":[{"embeddable":true,"href":"https:\/\/odk-ergon.pl\/fr\/wp-json\/wp\/v2\/comments?post=2730"}],"version-history":[{"count":6,"href":"https:\/\/odk-ergon.pl\/fr\/wp-json\/wp\/v2\/pages\/2730\/revisions"}],"predecessor-version":[{"id":3417,"href":"https:\/\/odk-ergon.pl\/fr\/wp-json\/wp\/v2\/pages\/2730\/revisions\/3417"}],"up":[{"embeddable":true,"href":"https:\/\/odk-ergon.pl\/fr\/wp-json\/wp\/v2\/pages\/3403"}],"wp:featuredmedia":[{"embeddable":true,"href":"https:\/\/odk-ergon.pl\/fr\/wp-json\/wp\/v2\/media\/2731"}],"wp:attachment":[{"href":"https:\/\/odk-ergon.pl\/fr\/wp-json\/wp\/v2\/media?parent=2730"}],"curies":[{"name":"wp","href":"https:\/\/api.w.org\/{rel}","templated":true}]}}