{"id":2744,"date":"2023-03-24T16:51:44","date_gmt":"2023-03-24T15:51:44","guid":{"rendered":"https:\/\/odk-ergon.pl\/?page_id=2744"},"modified":"2023-03-25T00:50:42","modified_gmt":"2023-03-24T23:50:42","slug":"formation-comportementale-physique-du-personnel","status":"publish","type":"page","link":"https:\/\/odk-ergon.pl\/fr\/szkolenia\/szkolenia-bhp-warszawa\/szkolenie-bhp-dla-pracownikow-fizycznych\/","title":{"rendered":"Formation \u00e0 la sant\u00e9 et \u00e0 la s\u00e9curit\u00e9 pour les travailleurs manuels"},"content":{"rendered":"\n<p><a href=\"https:\/\/odk-ergon.pl\/fr\/szkolenia\/szkolenia-bhp-warszawa\/\">Szkolenie BHP<\/a> musi odby\u0107 ka\u017cdy pracownik przyst\u0119puj\u0105cy do pracy fizycznej. Pracodawca ma obowi\u0105zek przeszkoli\u0107 pracownik\u00f3w w zakresie BHP, aby ka\u017cdy zaznajomi\u0142 si\u0119 ze stanowiskiem, na kt\u00f3rym b\u0119dzie wykonywa\u0107 prace.&nbsp;<\/p>\n\n\n\n<h2 class=\"wp-block-heading\"><strong>Na czym polega szkolenie BHP?<\/strong>&nbsp;<\/h2>\n\n\n\n<p>Podczas trwania nauki z zakresu BHP, powinni\u015bmy dowiedzie\u0107 si\u0119 jakich zasad, podczas wykonywania pracy powinni\u015bmy przestrzega\u0107. Przeszkolenie obowi\u0105zuje osoby przyst\u0119puj\u0105ce do odbywania praktyk zawodowych, nowych pracownik\u00f3w oraz uczni\u00f3w szk\u00f3\u0142, kt\u00f3rzy zostan\u0105 zatrudnieni w celu przyuczenia si\u0119 do zawodu.&nbsp;<\/p>\n\n\n\n<h2 class=\"wp-block-heading\"><strong>Jakie s\u0105 rodzaje kurs\u00f3w BHP?<\/strong>&nbsp;<\/h2>\n\n\n\n<p>Wyst\u0119puj\u0105 dwa rodzaje kurs\u00f3w, s\u0105 nimi:&nbsp;<\/p>\n\n\n\n<ul class=\"wp-block-list\">\n<li>kurs wst\u0119pny,&nbsp;<\/li>\n\n\n\n<li>kurs okresowy.&nbsp;<\/li>\n<\/ul>\n\n\n<div class=\"wp-block-image\">\n<figure class=\"alignleft size-large is-resized\"><a href=\"https:\/\/odk-ergon.pl\/wp-content\/uploads\/2023\/03\/BHP-2.jpg\"><img loading=\"lazy\" decoding=\"async\" src=\"https:\/\/odk-ergon.pl\/wp-content\/uploads\/2023\/03\/BHP-2-1024x683.jpg\" alt=\"szkolenie okresowe BHP  \" class=\"wp-image-2746\" width=\"512\" height=\"342\" srcset=\"https:\/\/odk-ergon.pl\/wp-content\/uploads\/2023\/03\/BHP-2-1024x683.jpg 1024w, https:\/\/odk-ergon.pl\/wp-content\/uploads\/2023\/03\/BHP-2-300x200.jpg 300w, https:\/\/odk-ergon.pl\/wp-content\/uploads\/2023\/03\/BHP-2-768x512.jpg 768w, https:\/\/odk-ergon.pl\/wp-content\/uploads\/2023\/03\/BHP-2-1536x1024.jpg 1536w, https:\/\/odk-ergon.pl\/wp-content\/uploads\/2023\/03\/BHP-2-18x12.jpg 18w, https:\/\/odk-ergon.pl\/wp-content\/uploads\/2023\/03\/BHP-2-624x416.jpg 624w, https:\/\/odk-ergon.pl\/wp-content\/uploads\/2023\/03\/BHP-2.jpg 1600w\" sizes=\"auto, (max-width: 512px) 100vw, 512px\" \/><\/a><\/figure>\n<\/div>\n\n\n<p><strong>Kurs okresowy<\/strong> charakteryzuje si\u0119 tym, \u017ce pracodawca musi przeszkoli\u0107 nowo pozyskanego pracownika w pierwszym dniu pracy. Uczymy si\u0119 o<strong> instrukta\u017cu og\u00f3lnym<\/strong> oraz <strong>stanowiskowym<\/strong>. Przypis og\u00f3lny odpowiada za poznanie zasad i przepis\u00f3w panuj\u0105cych w firmie, a adnotacja stanowiskowa ma nauczy\u0107 nas, w jaki bezpieczny spos\u00f3b mamy wykonywa\u0107 powierzone nam obowi\u0105zki.&nbsp;<\/p>\n\n\n\n<p>Ca\u0142o\u015b\u0107 nauczania z zakresu instrukta\u017cu wiedzy og\u00f3lnej powinna trwa\u0107 minimalnie 2h i nie mo\u017ce zosta\u0107 odbyta online. Odno\u015bnie informacji stanowiskowej jest to zale\u017cne, od naszej wiedzy na temat miejsca wykonywania prac, mimo wszystko czas uzale\u017cniony jest w du\u017cej mierze od zagro\u017ce\u0144, jakie mog\u0105 wyst\u0105pi\u0107 podczas wykonywanego zadania. Zako\u0144czenie kursu wst\u0119pnego powinno zako\u0144czy\u0107 si\u0119 podpisem, kt\u00f3ry \u015bwiadczy o naszej wiedzy pozyskanej podczas szkolenia. Takie kszta\u0142cenie<strong> wa\u017cne jest przez 12 miesi\u0119cy,<\/strong> r\u00f3\u017cni si\u0119 to dla os\u00f3b na stanowisku kierowniczym, tutaj okres <strong>trwania wynosi tylko 6 miesi\u0119cy<\/strong>.&nbsp;<\/p>\n\n\n\n<p><strong>Kurs okresowy<\/strong> \u2013 polega g\u0142\u00f3wnie na przypomnieniu zasad z zakresu bezpiecze\u0144stwa i higieny pracy. Przekazuje wiedze na temat tego jak radzi\u0107 sobie z wypadkami i sytuacjami zagra\u017caj\u0105cymi, w razie ich wyst\u0105pienia. Ma on przypomnie\u0107 jakie s\u0105 zagro\u017cenia oraz metody ich likwidowania.&nbsp;<\/p>\n\n\n\n<p>W przypadku os\u00f3b pracuj\u0105cych fizycznie, czas wa\u017cno\u015bci jakiemu podlega szkolenie, wynosi maksymalnie do 3 lat. Natomiast inaczej wygl\u0105da to w sytuacji wykonywania niebezpiecznych zawod\u00f3w, tutaj kurs powinien odbywa\u0107 si\u0119 nie rzadziej ni\u017c raz w roku.&nbsp;&nbsp;<\/p>\n\n\n\n<h2 class=\"wp-block-heading\"><strong>Kursy BHP i nie tylko<\/strong>&nbsp;<\/h2>\n\n\n\n<p>Posiadamy ekspert\u00f3w odno\u015bnie prowadzenia kurs\u00f3w na terenie ca\u0142ej Polski, kt\u00f3re przys\u0142u\u017cyli si\u0119 tysi\u0105com uczestnikom. W naszej ofercie opr\u00f3cz prowadzenia szkole\u0144 BHP posiadamy r\u00f3wnie\u017c, kursy m.in. na:&nbsp;<\/p>\n\n\n\n<ul class=\"wp-block-list\">\n<li>operatora suwnic,&nbsp;<\/li>\n\n\n\n<li>konserwatora \u017curawi HDS,&nbsp;<\/li>\n\n\n\n<li>operatora \u0142adowarek teleskopowych,&nbsp;<\/li>\n\n\n\n<li>operatora podest\u00f3w ruchomych,&nbsp;<\/li>\n\n\n\n<li>operatora d\u017awig\u00f3w,&nbsp;<\/li>\n\n\n\n<li>operatora \u017curawi wie\u017cowych.&nbsp;<\/li>\n<\/ul>\n\n\n\n<p>W naszej kadrze mamy wyspecjalizowanych fachowc\u00f3w, kt\u00f3rzy posiadaj\u0105 wieloletnie do\u015bwiadczenie w nauczaniu os\u00f3b zaczynaj\u0105cych karier\u0119 zawodow\u0105.&nbsp;<\/p>\n\n\n\n<p>Przygotowanie pod wzgl\u0119dem BHP jest obowi\u0105zkowe i ka\u017cdy pracodawca jest zobowi\u0105zany przeszkoli\u0107 swojego nowo zatrudnionego pracownika fizycznego. Dzi\u0119ki przekazanej wiedzy, mo\u017cna zminimalizowa\u0107 ryzyko zagro\u017cenia lub wyst\u0105pienia wypadku podczas pracy. Pracownicy fizyczni s\u0105 bezpo\u015brednio nara\u017ceni na zagro\u017cenie, dlatego tak wa\u017cne jest odbycie kursu.&nbsp;&nbsp;<\/p>\n\n\n\n<h2 class=\"wp-block-heading\">Pytania i odpowiedzi<\/h2>\n\n\n\t\t<details\t\thelp class=\"sc_fs_faq sc_card    \"\n\t\topen\t\t>\n\t\t\t\t\t<summary>\n\t\t\t\t<h3>Jakie s\u0105 rodzaje szkole\u0144 BHP? <\/h3>\t\t\t\t\t<\/summary>\n\t\t\t\t<div>\n\t\t\t\t\t\t<div class=\"sc_fs_faq__content\">\n\t\t\t\t\n\n<p>Wyst\u0119puj\u0105 dwa rodzaje, s\u0105 nimi szkolenie wst\u0119pne oraz okresowe.&nbsp;<\/p>\n\n\t\t\t<\/div>\n\t\t<\/div>\n\t\t<\/details>\n\t\t\t\t<details\t\thelp class=\"sc_fs_faq sc_card    \"\n\t\t\t\t>\n\t\t\t\t\t<summary>\n\t\t\t\t<h3>Na jaki okres czasu wa\u017cne jest szkolenie BHP dla pracownik\u00f3w fizycznych? <\/h3>\t\t\t\t\t<\/summary>\n\t\t\t\t<div>\n\t\t\t\t\t\t<div class=\"sc_fs_faq__content\">\n\t\t\t\t\n\n<p>Szkolenie BHP dla pracownik\u00f3w fizycznych wa\u017cne jest przez okres 12 miesi\u0119cy.&nbsp;&nbsp;<\/p>\n\n\t\t\t<\/div>\n\t\t<\/div>\n\t\t<\/details>\n\t\t\n<script type=\"application\/ld+json\">\n\t{\n\t\t\"@context\": \"https:\/\/schema.org\",\n\t\t\"@type\": \"FAQPage\",\n\t\t\"mainEntity\": [\n\t\t\t\t\t{\n\t\t\t\t\"@type\": \"Question\",\n\t\t\t\t\"name\": \"Jakie s\u0105 rodzaje szkole\u0144 BHP? \",\n\t\t\t\t\"acceptedAnswer\": {\n\t\t\t\t\t\"@type\": \"Answer\",\n\t\t\t\t\t\"text\": \"<p>Wyst\u0119puj\u0105 dwa rodzaje, s\u0105 nimi szkolenie wst\u0119pne oraz okresowe.&nbsp;<\/p>\"\n\t\t\t\t\t\t\t\t\t}\n\t\t\t}\n\t\t\t,\t\t\t\t{\n\t\t\t\t\"@type\": \"Question\",\n\t\t\t\t\"name\": \"Na jaki okres czasu wa\u017cne jest szkolenie BHP dla pracownik\u00f3w fizycznych? \",\n\t\t\t\t\"acceptedAnswer\": {\n\t\t\t\t\t\"@type\": \"Answer\",\n\t\t\t\t\t\"text\": \"<p>Szkolenie BHP dla pracownik\u00f3w fizycznych wa\u017cne jest przez okres 12 miesi\u0119cy.&nbsp;&nbsp;<\/p>\"\n\t\t\t\t\t\t\t\t\t}\n\t\t\t}\n\t\t\t\t\t\t]\n\t}\n<\/script>\n","protected":false},"excerpt":{"rendered":"<p>Szkolenie BHP musi odby\u0107 ka\u017cdy pracownik przyst\u0119puj\u0105cy do pracy fizycznej. Pracodawca ma obowi\u0105zek przeszkoli\u0107 pracownik\u00f3w w zakresie BHP, aby ka\u017cdy zaznajomi\u0142 si\u0119 ze stanowiskiem, na kt\u00f3rym b\u0119dzie wykonywa\u0107 prace.&nbsp; Na czym polega szkolenie BHP?&nbsp; Podczas trwania nauki z zakresu BHP, powinni\u015bmy dowiedzie\u0107 si\u0119 jakich zasad, podczas wykonywania pracy powinni\u015bmy przestrzega\u0107. Przeszkolenie obowi\u0105zuje osoby przyst\u0119puj\u0105ce do odbywania praktyk zawodowych, nowych pracownik\u00f3w oraz uczni\u00f3w szk\u00f3\u0142, kt\u00f3rzy zostan\u0105 zatrudnieni w celu przyuczenia si\u0119 do zawodu.&nbsp; Jakie s\u0105 rodzaje kurs\u00f3w BHP?&nbsp; Wyst\u0119puj\u0105 dwa rodzaje kurs\u00f3w, s\u0105 nimi:&nbsp; Kurs okresowy charakteryzuje si\u0119 tym, \u017ce pracodawca musi przeszkoli\u0107 nowo pozyskanego pracownika w pierwszym dniu pracy. Uczymy si\u0119 o instrukta\u017cu og\u00f3lnym oraz stanowiskowym. Przypis og\u00f3lny odpowiada za poznanie zasad i przepis\u00f3w panuj\u0105cych w firmie, a adnotacja stanowiskowa ma nauczy\u0107 nas, w jaki bezpieczny spos\u00f3b mamy wykonywa\u0107 powierzone nam obowi\u0105zki.&nbsp; Ca\u0142o\u015b\u0107 nauczania z zakresu instrukta\u017cu wiedzy og\u00f3lnej powinna trwa\u0107 minimalnie 2h i nie mo\u017ce zosta\u0107 odbyta online. Odno\u015bnie informacji stanowiskowej jest to zale\u017cne, od naszej wiedzy na temat miejsca wykonywania prac, mimo wszystko czas uzale\u017cniony jest w du\u017cej mierze od zagro\u017ce\u0144, jakie mog\u0105 wyst\u0105pi\u0107 podczas wykonywanego zadania. Zako\u0144czenie kursu wst\u0119pnego powinno zako\u0144czy\u0107 si\u0119 podpisem, kt\u00f3ry \u015bwiadczy o naszej wiedzy pozyskanej podczas szkolenia. Takie kszta\u0142cenie wa\u017cne jest przez 12 miesi\u0119cy, r\u00f3\u017cni si\u0119 to dla os\u00f3b na stanowisku kierowniczym, tutaj okres trwania wynosi tylko 6 miesi\u0119cy.&nbsp; Kurs okresowy \u2013 polega g\u0142\u00f3wnie na przypomnieniu zasad z zakresu bezpiecze\u0144stwa i higieny pracy. Przekazuje wiedze na temat tego jak radzi\u0107 sobie z wypadkami i sytuacjami zagra\u017caj\u0105cymi, w razie ich wyst\u0105pienia. Ma on przypomnie\u0107 jakie s\u0105 zagro\u017cenia oraz metody [&hellip;]<\/p>\n","protected":false},"author":1,"featured_media":2745,"parent":1190,"menu_order":0,"comment_status":"closed","ping_status":"closed","template":"","meta":{"sfsi_plus_gutenberg_text_before_share":"","sfsi_plus_gutenberg_show_text_before_share":"","sfsi_plus_gutenberg_icon_type":"","sfsi_plus_gutenberg_icon_alignemt":"","sfsi_plus_gutenburg_max_per_row":"","footnotes":""},"class_list":["post-2744","page","type-page","status-publish","has-post-thumbnail","hentry","has_thumb"],"aioseo_notices":[],"_links":{"self":[{"href":"https:\/\/odk-ergon.pl\/fr\/wp-json\/wp\/v2\/pages\/2744","targetHints":{"allow":["GET"]}}],"collection":[{"href":"https:\/\/odk-ergon.pl\/fr\/wp-json\/wp\/v2\/pages"}],"about":[{"href":"https:\/\/odk-ergon.pl\/fr\/wp-json\/wp\/v2\/types\/page"}],"author":[{"embeddable":true,"href":"https:\/\/odk-ergon.pl\/fr\/wp-json\/wp\/v2\/users\/1"}],"replies":[{"embeddable":true,"href":"https:\/\/odk-ergon.pl\/fr\/wp-json\/wp\/v2\/comments?post=2744"}],"version-history":[{"count":6,"href":"https:\/\/odk-ergon.pl\/fr\/wp-json\/wp\/v2\/pages\/2744\/revisions"}],"predecessor-version":[{"id":3421,"href":"https:\/\/odk-ergon.pl\/fr\/wp-json\/wp\/v2\/pages\/2744\/revisions\/3421"}],"up":[{"embeddable":true,"href":"https:\/\/odk-ergon.pl\/fr\/wp-json\/wp\/v2\/pages\/1190"}],"wp:featuredmedia":[{"embeddable":true,"href":"https:\/\/odk-ergon.pl\/fr\/wp-json\/wp\/v2\/media\/2745"}],"wp:attachment":[{"href":"https:\/\/odk-ergon.pl\/fr\/wp-json\/wp\/v2\/media?parent=2744"}],"curies":[{"name":"wp","href":"https:\/\/api.w.org\/{rel}","templated":true}]}}