{"id":2805,"date":"2023-03-24T16:30:35","date_gmt":"2023-03-24T15:30:35","guid":{"rendered":"https:\/\/odk-ergon.pl\/?page_id=2805"},"modified":"2023-03-25T01:26:56","modified_gmt":"2023-03-25T00:26:56","slug":"formation-bhp-ppoz-pour-les-salaries","status":"publish","type":"page","link":"https:\/\/odk-ergon.pl\/fr\/szkolenia\/szkolenia-bhp-warszawa\/szkolenia-bhp-ppoz-dla-pracownikow\/","title":{"rendered":"Formation des salari\u00e9s en mati\u00e8re de sant\u00e9 et de s\u00e9curit\u00e9 au travail"},"content":{"rendered":"\n<p>Jako pracodawca musisz zapewni\u0107 swoim pracownikom szkolenia BHP i PPO\u017b. Jako szef musisz powo\u0142a\u0107 grup\u0119 pracownik\u00f3w jako zesp\u00f3\u0142 odpowiedzialny za prawid\u0142owe przeprowadzenie BHP w Twojej firmie. Z kolei jako pracownik, masz zobowi\u0105zania z zakresu bezpiecze\u0144stwa i higieny pracy.&nbsp;<\/p>\n\n\n\n<p>Firma szkoleniowa ERGON oferuje kursy z zakresu bezpiecze\u0144stwa i higieny pracy oraz ochrony przeciwpo\u017carowej dla pracownik\u00f3w. Szkolenie obejmuje tematyk\u0119 z zakresu sposob\u00f3w zabezpiecze\u0144, pierwszej pomocy i prawid\u0142owej ewakuacji.&nbsp;&nbsp;<\/p>\n\n\n\n<h2 class=\"wp-block-heading\">Bezpiecze\u0144stwo i higiena pracy w zak\u0142adach pracy od strony prawnej&nbsp;<\/h2>\n\n\n\n<p>Ka\u017cdy pracodawca ma prawny obowi\u0105zek przeszkolenia nowych pracownik\u00f3w z zakresu BHP. To w\u0142a\u015bnie zatrudniaj\u0105cy ponosi odpowiedzialno\u015b\u0107 za stan bezpiecze\u0144stwa i higieny pracy zar\u00f3wno zak\u0142adu pracy, jak i pracownik\u00f3w.&nbsp;&nbsp;<\/p>\n\n\n\n<h3 class=\"wp-block-heading\">Pracodawca ma obowi\u0105zek poinformowa\u0107 nowych pracownik\u00f3w o:&nbsp;<\/h3>\n\n\n\n<ul class=\"wp-block-list\">\n<li>mo\u017cliwych zagro\u017ceniach dla zdrowia i \u017cycia,&nbsp;&nbsp;<\/li>\n\n\n\n<li>zasadach post\u0119powania w przypadku awarii i wypadk\u00f3w,&nbsp;&nbsp;<\/li>\n\n\n\n<li>dzia\u0142aniach zapobiegawczych i ochronnych,<\/li>\n\n\n\n<li>przedstawi\u0107 kadr\u0119 os\u00f3b odpowiedzialnych za udzielanie pierwszej pomocy czy dzia\u0142ania przeciwpo\u017carowe i ewakuacj\u0119 innych os\u00f3b. &nbsp;<\/li>\n<\/ul>\n\n\n\n<h3 class=\"wp-block-heading\">W ka\u017cdym miejscu pracy powinny by\u0107 zapewnione m.in.:&nbsp;<\/h3>\n\n\n\n<ul class=\"wp-block-list\">\n<li>\u015brodki niezb\u0119dne do udzielenia pierwszej pomocy \u2013 apteczka,&nbsp;<\/li>\n\n\n\n<li>ga\u015bnica,&nbsp;<\/li>\n\n\n\n<li>instrukcja kieruj\u0105ca do wyj\u015bcia w czasie ewakuacji \u2013 pojedyncze tabliczki ze strza\u0142kami oraz mapy obiektu z zaznaczeniem kierunku ewakuacji z poszczeg\u00f3lnych pomieszcze\u0144,&nbsp;<\/li>\n\n\n\n<li>list\u0119 os\u00f3b odpowiedzialnych za udzielanie pierwszej pomocy i wykonuj\u0105cych dzia\u0142ania przeciwpo\u017carowe i ewakuacyjne,&nbsp;<\/li>\n\n\n\n<li>tabliczki z numerami alarmowymi,&nbsp;<\/li>\n\n\n\n<li>defibrylator AED.&nbsp;<\/li>\n<\/ul>\n\n\n\n<p><strong>Dobrze wyposa\u017cone w \u015brodki pierwszej pomocy i inwestuj\u0105ce w bezpiecze\u0144stwo firmy wzbudzaj\u0105 zaufanie i ustanawiaj\u0105 mocniejsz\u0105 pozycj\u0119 na rynku.&nbsp;<\/strong>&nbsp;<\/p>\n\n\n\n<p>Ka\u017cdy pracownik ma obowi\u0105zek m.in. zna\u0107 zasady BHP w miejscu pracy, uczestniczy\u0107 w szkoleniach BHP i PPO\u017b, prac\u0119 wykonywa\u0107 zgodnie z zasadami BHP, dba\u0107 o stan maszyn i wyposa\u017cenia, stosowa\u0107 \u015brodki ochrony indywidualnej, natychmiastowo powiadomi\u0107 pracodawc\u0119 o zauwa\u017conym wypadku\/ zagro\u017ceniu oraz wsp\u00f3\u0142dzia\u0142a\u0107 z pracodawc\u0105 i wsp\u00f3\u0142pracownikami.&nbsp;&nbsp;<\/p>\n\n\n\n<h2 class=\"wp-block-heading\">BHP w pracach na wysoko\u015bciach&nbsp;<\/h2>\n\n\n\n<p>Prace na wysoko\u015bciach to prace powy\u017cej 1 metra nad pod\u0142o\u017cem bez os\u0142ony zabezpieczaj\u0105cej. Do takich prac zaliczaj\u0105 si\u0119 r\u00f3\u017cnego rodzaju prace na urz\u0105dzeniach, maszynach, rusztowaniach r\u00f3wnie\u017c zaw\u00f3d alpinisty przemys\u0142owego.&nbsp;&nbsp;<\/p>\n\n\n\n<p>Ka\u017cde miejsce pracy wysoko\u015bciowej musi by\u0107 wyposa\u017cone w por\u0119cze ochronne, kraw\u0119\u017cniki i poprzeczki.&nbsp;&nbsp;<\/p>\n\n\n\n<p>Nadzorowanie pracownik\u00f3w wysoko\u015bciowych jest zadaniem kierownik\u00f3w, a nie zespo\u0142u BHP.&nbsp;&nbsp;<\/p>\n\n\n\n<h3 class=\"wp-block-heading\">Prace na wysoko\u015bciach mog\u0105 wykonywa\u0107 tylko osoby, kt\u00f3re:&nbsp;<\/h3>\n\n\n\n<ul class=\"wp-block-list\">\n<li>s\u0105 pe\u0142noletnie,&nbsp;<\/li>\n\n\n\n<li>posiadaj\u0105 brak przeciwwskaza\u0144 zdrowotnych do pracy,&nbsp;<\/li>\n\n\n\n<li>posiadaj\u0105 wa\u017cne szkolenie BHP, kt\u00f3re przeprowadzane s\u0105 co najmniej raz do roku (w przypadku szczeg\u00f3lnie niebezpiecznych prac wysoko\u015bciowych),&nbsp;<\/li>\n\n\n\n<li>znaj\u0105 ocen\u0119 ryzyka zawodowego wyst\u0119puj\u0105cego w danej pracy,&nbsp;<\/li>\n\n\n\n<li>znaj\u0105 wewn\u0105trzzak\u0142adowe instrukcje i procedury prac na wysoko\u015bciach,&nbsp;<\/li>\n\n\n\n<li>w wyposa\u017ceniu posiadaj\u0105 \u015brodki ochrony indywidualnej (SOI) i przeszkolenie z ich stosowania. Do \u015brodk\u00f3w ochrony zbiorowej nale\u017c\u0105 balustrady, siaty ochronne i bezpiecze\u0144stwa, rusztowania ochronne. Nie s\u0105 one jednak wystarczaj\u0105ce, by zapewni\u0107 ochron\u0119 indywidualn\u0105. Do SOI nale\u017c\u0105 m.in. kaski ochronne, kamizelki odblaskowe, \u015brodki ochrony przed upadkiem z wysoko\u015bci tj. uprz\u0119\u017ce (szelki), zatrzaski, linki bezpiecze\u0144stwa itp.&nbsp;<\/li>\n<\/ul>\n\n\n\n<h2 class=\"wp-block-heading\">BHP w pracach in\u017cynieryjno\u2013technicznych&nbsp;<\/h2>\n\n\n\n<figure class=\"wp-block-image size-large is-resized\"><a href=\"https:\/\/odk-ergon.pl\/wp-content\/uploads\/2023\/03\/BHP-3.jpg\"><img loading=\"lazy\" decoding=\"async\" src=\"https:\/\/odk-ergon.pl\/wp-content\/uploads\/2023\/03\/BHP-3-683x1024.jpg\" alt=\"odzie\u017c ochronna dla pracownik\u00f3w\" class=\"wp-image-2806\" width=\"342\" height=\"512\" srcset=\"https:\/\/odk-ergon.pl\/wp-content\/uploads\/2023\/03\/BHP-3-683x1024.jpg 683w, https:\/\/odk-ergon.pl\/wp-content\/uploads\/2023\/03\/BHP-3-200x300.jpg 200w, https:\/\/odk-ergon.pl\/wp-content\/uploads\/2023\/03\/BHP-3-768x1152.jpg 768w, https:\/\/odk-ergon.pl\/wp-content\/uploads\/2023\/03\/BHP-3-1024x1536.jpg 1024w, https:\/\/odk-ergon.pl\/wp-content\/uploads\/2023\/03\/BHP-3-8x12.jpg 8w, https:\/\/odk-ergon.pl\/wp-content\/uploads\/2023\/03\/BHP-3-624x936.jpg 624w, https:\/\/odk-ergon.pl\/wp-content\/uploads\/2023\/03\/BHP-3.jpg 1067w\" sizes=\"auto, (max-width: 342px) 100vw, 342px\" \/><\/a><\/figure>\n\n\n\n<p>Prace in\u017cynieryjno-techniczne to zawody m.in. jako konstruktor, projektant, technolog czy organizator produkcji. Szkolenia dla takich pracownik\u00f3w aktualizuj\u0105 wiedz\u0119 z zakresu identyfikacji i oceny mo\u017cliwych zagro\u017ce\u0144, organizacji stanowiska pracy zgodnie z BHP i ergonomi\u0105 pracy, metod likwidacji lub ograniczenia czynnik\u00f3w kreuj\u0105cych zagro\u017cenie.&nbsp;&nbsp;<\/p>\n\n\n\n<h3 class=\"wp-block-heading\">Program kursu zawiera:&nbsp;<\/h3>\n\n\n\n<ul class=\"wp-block-list\">\n<li>regulacje prawne,&nbsp;<\/li>\n\n\n\n<li>obowi\u0105zki pracodawcy w zakresie BHP,&nbsp;<\/li>\n\n\n\n<li>obowi\u0105zki pracownika w zakresie BHP,&nbsp;<\/li>\n\n\n\n<li>identyfikacj\u0119, analiz\u0119 i ocen\u0119 mo\u017cliwych zagro\u017ce\u0144,&nbsp;<\/li>\n\n\n\n<li>sposoby zapobiegania zagro\u017ceniom \u2013 stosowanie rozwi\u0105za\u0144 projektowych, technologicznych i organizacyjnych,&nbsp;<\/li>\n\n\n\n<li>\u0107wiczenia praktyczne,&nbsp;<\/li>\n\n\n\n<li>tworzenie przyk\u0142adowych list z zasadami post\u0119powania w razie wypadku lub innego zagro\u017cenia.&nbsp;<\/li>\n<\/ul>\n\n\n\n<h2 class=\"wp-block-heading\">BHP pracodawc\u00f3w i kierownik\u00f3w&nbsp;&nbsp;<\/h2>\n\n\n\n<p>Do obowi\u0105zk\u00f3w pracodawc\u00f3w i organizator\u00f3w pracy nale\u017cy odpowiedzialne tworzenie bezpiecznych warunk\u00f3w do pracy. Ka\u017cda osoba kieruj\u0105ca musi:&nbsp;<\/p>\n\n\n\n<ul class=\"wp-block-list\">\n<li>organizowa\u0107 stanowiska pracy zgodnie z przepisami BHP,&nbsp;<\/li>\n\n\n\n<li>dba\u0107 o SOI (\u015arodki Ochrony Indywidualnej) i \u015brodki ochrony zbiorowej,&nbsp;<\/li>\n\n\n\n<li>organizowa\u0107 prac\u0119 tak, by zapewni\u0107 pracownikom bezpiecze\u0144stwo przed wypadkami lub chorobami,&nbsp;<\/li>\n\n\n\n<li>dba\u0107 o pomieszczenia i wyposa\u017cenie,&nbsp;<\/li>\n\n\n\n<li>egzekwowa\u0107 przestrzeganie przez pracownik\u00f3w przepis\u00f3w BHP,&nbsp;<\/li>\n\n\n\n<li>zapewnia\u0107 wykonanie zalece\u0144 lekarza sprawuj\u0105cego opiek\u0119 medyczn\u0105 nad pracownikami,&nbsp;<\/li>\n\n\n\n<li>zapewni\u0107 szkolenia okresowe z zakresu BHP pracownikom.&nbsp;<\/li>\n<\/ul>\n\n\n\n<h2 class=\"wp-block-heading\">BHP pracownik\u00f3w biurowych&nbsp;<\/h2>\n\n\n\n<p>Ka\u017cdy pracownik na zlecenie pracodawcy powinien odby\u0107 wst\u0119pne szkolenie BHP na pocz\u0105tku swojej pracy w firmie, potem za\u015b szkolenia okresowe. W przypadku pracownik\u00f3w biurowych szkolenia BHP wa\u017cne s\u0105 przez 6 lat, a op\u0142at\u0119 za nie uiszcza pracodawca.&nbsp;&nbsp;<\/p>\n\n\n\n<h2 class=\"wp-block-heading\">Oferta szkoleniowa&nbsp;<\/h2>\n\n\n\n<p>Oferujemy kursy wst\u0119pne oraz okresowe z zakresu BHP i PPO\u017b skierowane dla pracownik\u00f3w.&nbsp;&nbsp;<\/p>\n\n\n\n<figure class=\"wp-block-image size-large is-resized\"><a href=\"https:\/\/odk-ergon.pl\/wp-content\/uploads\/2023\/03\/BHP-1.jpg\"><img loading=\"lazy\" decoding=\"async\" src=\"https:\/\/odk-ergon.pl\/wp-content\/uploads\/2023\/03\/BHP-1-1024x683.jpg\" alt=\"grupa pracownik\u00f3w przeprowadzaj\u0105ca ewakuacj\u0119\" class=\"wp-image-2807\" width=\"512\" height=\"342\" srcset=\"https:\/\/odk-ergon.pl\/wp-content\/uploads\/2023\/03\/BHP-1-1024x683.jpg 1024w, https:\/\/odk-ergon.pl\/wp-content\/uploads\/2023\/03\/BHP-1-300x200.jpg 300w, https:\/\/odk-ergon.pl\/wp-content\/uploads\/2023\/03\/BHP-1-768x512.jpg 768w, https:\/\/odk-ergon.pl\/wp-content\/uploads\/2023\/03\/BHP-1-1536x1024.jpg 1536w, https:\/\/odk-ergon.pl\/wp-content\/uploads\/2023\/03\/BHP-1-18x12.jpg 18w, https:\/\/odk-ergon.pl\/wp-content\/uploads\/2023\/03\/BHP-1-624x416.jpg 624w, https:\/\/odk-ergon.pl\/wp-content\/uploads\/2023\/03\/BHP-1.jpg 1600w\" sizes=\"auto, (max-width: 512px) 100vw, 512px\" \/><\/a><\/figure>\n\n\n\n<h3 class=\"wp-block-heading\">Szkolenie sk\u0142ada si\u0119 z cz\u0119\u015bci teoretycznej oraz praktycznej. Zakres szkolenia obejmuje m.in.:&nbsp;<\/h3>\n\n\n\n<ul class=\"wp-block-list\">\n<li>pierwsz\u0105 pomoc,&nbsp;<\/li>\n\n\n\n<li>zasady korzystania z defibrylatora AED,&nbsp;<\/li>\n\n\n\n<li>zasady bezpiecznej pracy,&nbsp;<\/li>\n\n\n\n<li>SOI.&nbsp;<\/li>\n<\/ul>\n\n\n\n<p>W przypadku pracownik\u00f3w wysoko\u015bciowych r\u00f3wnie\u017c:&nbsp;<\/p>\n\n\n\n<ul class=\"wp-block-list\">\n<li>zasady u\u017cytkowania sprz\u0119tu wspinaczkowego,&nbsp;&nbsp;<\/li>\n\n\n\n<li>rodzaje siatek bezpiecze\u0144stwa.&nbsp;<\/li>\n<\/ul>\n\n\n\n<h2 class=\"wp-block-heading\">Wa\u017cno\u015b\u0107 za\u015bwiadcze\u0144 BHP&nbsp;<\/h2>\n\n\n\n<figure class=\"wp-block-table\"><table><tbody><tr><td>RODZAJ STANOWISKA&nbsp;<\/td><td>OKRES WA\u017bNO\u015aCI ZA\u015aWIADCZENIA (W LATACH)&nbsp;<\/td><\/tr><tr><td>STANOWISKO ROBOTNICZE&nbsp;<\/td><td>3&nbsp;&nbsp;<\/td><\/tr><tr><td>PRACODAWCA, KIEROWNIK, PRACOWNIK IN\u017bYNIERYJNO-TECHNICZNY, S\u0141U\u017bBY BHP&nbsp;<\/td><td>5&nbsp;<\/td><\/tr><tr><td>PRACOWNICY ADMINISTRACYJNO- BIUROWI&nbsp;<\/td><td>6&nbsp;<\/td><\/tr><\/tbody><\/table><\/figure>\n\n\n\n<h2 class=\"wp-block-heading\">Jako do\u015bwiadczeni szkoleniowcy prowadzimy r\u00f3wnie\u017c kursy zawodowe z uprawnieniami UDT, np.:&nbsp;<\/h2>\n\n\n\n<ul class=\"wp-block-list\">\n<li>z obs\u0142ugi d\u017awig\u00f3w,&nbsp;<\/li>\n\n\n\n<li>z obs\u0142ugi suwnic,&nbsp;<\/li>\n\n\n\n<li>z obs\u0142ugi w\u00f3zk\u00f3w wid\u0142owych,&nbsp;<\/li>\n\n\n\n<li>z obs\u0142ugi podest\u00f3w ruchomych,&nbsp;<\/li>\n\n\n\n<li>na stanowiska wysoko\u015bciowe,&nbsp;<\/li>\n\n\n\n<li>na stanowisko spawacza.&nbsp;<\/li>\n<\/ul>\n\n\n\n<h2 class=\"wp-block-heading\">Pytania i odpowiedzi<\/h2>\n\n\n\t\t<details\t\thelp class=\"sc_fs_faq sc_card    \"\n\t\topen\t\t>\n\t\t\t\t\t<summary>\n\t\t\t\t<h3>Co jaki czas musz\u0119 robi\u0107 szkolenia BHP jako pracownik?<\/h3>\t\t\t\t\t<\/summary>\n\t\t\t\t<div>\n\t\t\t\t\t\t<div class=\"sc_fs_faq__content\">\n\t\t\t\t\n\n<p>Szkolenie BHP nowozatrudniony na stanowisku robotniczym pracownik musi oby\u0107 w przeci\u0105gu 12 miesi\u0119cy od dnia, kiedy zosta\u0142 zatrudniony. Nast\u0119pnie nie rzadziej ni\u017c raz na 3 lata musi odby\u0107 szkolenie okresowe w celu odnowienia za\u015bwiadczenia i umiej\u0119tno\u015bci.&nbsp;&nbsp;<\/p>\n\n\t\t\t<\/div>\n\t\t<\/div>\n\t\t<\/details>\n\t\t\t\t<details\t\thelp class=\"sc_fs_faq sc_card    \"\n\t\t\t\t>\n\t\t\t\t\t<summary>\n\t\t\t\t<h3>Czy szkolenia odbywaj\u0105 si\u0119 online?<\/h3>\t\t\t\t\t<\/summary>\n\t\t\t\t<div>\n\t\t\t\t\t\t<div class=\"sc_fs_faq__content\">\n\t\t\t\t\n\n<p>Nie, szkolenia z zakresu BHP nie mog\u0105 odbywa\u0107 si\u0119 w formie zdalnej.&nbsp;&nbsp;<\/p>\n\n\t\t\t<\/div>\n\t\t<\/div>\n\t\t<\/details>\n\t\t\t\t<details\t\thelp class=\"sc_fs_faq sc_card    \"\n\t\t\t\t>\n\t\t\t\t\t<summary>\n\t\t\t\t<h3>Na ile wa\u017cne mam za\u015bwiadczenie o BHP jako pracodawca? <\/h3>\t\t\t\t\t<\/summary>\n\t\t\t\t<div>\n\t\t\t\t\t\t<div class=\"sc_fs_faq__content\">\n\t\t\t\t\n\n<p>Szkolenia BHP dla pracodawc\u00f3w i kierownik\u00f3w maj\u0105 wa\u017cno\u015b\u0107 5 lat. Po tym czasie nale\u017cy ponownie odby\u0107 kurs BHP.&nbsp;&nbsp;<\/p>\n\n\t\t\t<\/div>\n\t\t<\/div>\n\t\t<\/details>\n\t\t\n<script type=\"application\/ld+json\">\n\t{\n\t\t\"@context\": \"https:\/\/schema.org\",\n\t\t\"@type\": \"FAQPage\",\n\t\t\"mainEntity\": [\n\t\t\t\t\t{\n\t\t\t\t\"@type\": \"Question\",\n\t\t\t\t\"name\": \"Co jaki czas musz\u0119 robi\u0107 szkolenia BHP jako pracownik?\",\n\t\t\t\t\"acceptedAnswer\": {\n\t\t\t\t\t\"@type\": \"Answer\",\n\t\t\t\t\t\"text\": \"<p>Szkolenie BHP nowozatrudniony na stanowisku robotniczym pracownik musi oby\u0107 w przeci\u0105gu 12 miesi\u0119cy od dnia, kiedy zosta\u0142 zatrudniony. Nast\u0119pnie nie rzadziej ni\u017c raz na 3 lata musi odby\u0107 szkolenie okresowe w celu odnowienia za\u015bwiadczenia i umiej\u0119tno\u015bci.&nbsp;&nbsp;<\/p>\"\n\t\t\t\t\t\t\t\t\t}\n\t\t\t}\n\t\t\t,\t\t\t\t{\n\t\t\t\t\"@type\": \"Question\",\n\t\t\t\t\"name\": \"Czy szkolenia odbywaj\u0105 si\u0119 online?\",\n\t\t\t\t\"acceptedAnswer\": {\n\t\t\t\t\t\"@type\": \"Answer\",\n\t\t\t\t\t\"text\": \"<p>Nie, szkolenia z zakresu BHP nie mog\u0105 odbywa\u0107 si\u0119 w formie zdalnej.&nbsp;&nbsp;<\/p>\"\n\t\t\t\t\t\t\t\t\t}\n\t\t\t}\n\t\t\t,\t\t\t\t{\n\t\t\t\t\"@type\": \"Question\",\n\t\t\t\t\"name\": \"Na ile wa\u017cne mam za\u015bwiadczenie o BHP jako pracodawca? \",\n\t\t\t\t\"acceptedAnswer\": {\n\t\t\t\t\t\"@type\": \"Answer\",\n\t\t\t\t\t\"text\": \"<p>Szkolenia BHP dla pracodawc\u00f3w i kierownik\u00f3w maj\u0105 wa\u017cno\u015b\u0107 5 lat. Po tym czasie nale\u017cy ponownie odby\u0107 kurs BHP.&nbsp;&nbsp;<\/p>\"\n\t\t\t\t\t\t\t\t\t}\n\t\t\t}\n\t\t\t\t\t\t]\n\t}\n<\/script>\n","protected":false},"excerpt":{"rendered":"<p>Jako pracodawca musisz zapewni\u0107 swoim pracownikom szkolenia BHP i PPO\u017b. Jako szef musisz powo\u0142a\u0107 grup\u0119 pracownik\u00f3w jako zesp\u00f3\u0142 odpowiedzialny za prawid\u0142owe przeprowadzenie BHP w Twojej firmie. Z kolei jako pracownik, masz zobowi\u0105zania z zakresu bezpiecze\u0144stwa i higieny pracy.&nbsp; Firma szkoleniowa ERGON oferuje kursy z zakresu bezpiecze\u0144stwa i higieny pracy oraz ochrony przeciwpo\u017carowej dla pracownik\u00f3w. Szkolenie obejmuje tematyk\u0119 z zakresu sposob\u00f3w zabezpiecze\u0144, pierwszej pomocy i prawid\u0142owej ewakuacji.&nbsp;&nbsp; Bezpiecze\u0144stwo i higiena pracy w zak\u0142adach pracy od strony prawnej&nbsp; Ka\u017cdy pracodawca ma prawny obowi\u0105zek przeszkolenia nowych pracownik\u00f3w z zakresu BHP. To w\u0142a\u015bnie zatrudniaj\u0105cy ponosi odpowiedzialno\u015b\u0107 za stan bezpiecze\u0144stwa i higieny pracy zar\u00f3wno zak\u0142adu pracy, jak i pracownik\u00f3w.&nbsp;&nbsp; Pracodawca ma obowi\u0105zek poinformowa\u0107 nowych pracownik\u00f3w o:&nbsp; W ka\u017cdym miejscu pracy powinny by\u0107 zapewnione m.in.:&nbsp; Dobrze wyposa\u017cone w \u015brodki pierwszej pomocy i inwestuj\u0105ce w bezpiecze\u0144stwo firmy wzbudzaj\u0105 zaufanie i ustanawiaj\u0105 mocniejsz\u0105 pozycj\u0119 na rynku.&nbsp;&nbsp; Ka\u017cdy pracownik ma obowi\u0105zek m.in. zna\u0107 zasady BHP w miejscu pracy, uczestniczy\u0107 w szkoleniach BHP i PPO\u017b, prac\u0119 wykonywa\u0107 zgodnie z zasadami BHP, dba\u0107 o stan maszyn i wyposa\u017cenia, stosowa\u0107 \u015brodki ochrony indywidualnej, natychmiastowo powiadomi\u0107 pracodawc\u0119 o zauwa\u017conym wypadku\/ zagro\u017ceniu oraz wsp\u00f3\u0142dzia\u0142a\u0107 z pracodawc\u0105 i wsp\u00f3\u0142pracownikami.&nbsp;&nbsp; BHP w pracach na wysoko\u015bciach&nbsp; Prace na wysoko\u015bciach to prace powy\u017cej 1 metra nad pod\u0142o\u017cem bez os\u0142ony zabezpieczaj\u0105cej. Do takich prac zaliczaj\u0105 si\u0119 r\u00f3\u017cnego rodzaju prace na urz\u0105dzeniach, maszynach, rusztowaniach r\u00f3wnie\u017c zaw\u00f3d alpinisty przemys\u0142owego.&nbsp;&nbsp; Ka\u017cde miejsce pracy wysoko\u015bciowej musi by\u0107 wyposa\u017cone w por\u0119cze ochronne, kraw\u0119\u017cniki i poprzeczki.&nbsp;&nbsp; Nadzorowanie pracownik\u00f3w wysoko\u015bciowych jest zadaniem kierownik\u00f3w, a nie zespo\u0142u BHP.&nbsp;&nbsp; Prace na wysoko\u015bciach mog\u0105 wykonywa\u0107 tylko osoby, kt\u00f3re:&nbsp; BHP w pracach in\u017cynieryjno\u2013technicznych&nbsp; Prace in\u017cynieryjno-techniczne [&hellip;]<\/p>\n","protected":false},"author":1,"featured_media":2776,"parent":1190,"menu_order":0,"comment_status":"closed","ping_status":"closed","template":"","meta":{"sfsi_plus_gutenberg_text_before_share":"","sfsi_plus_gutenberg_show_text_before_share":"","sfsi_plus_gutenberg_icon_type":"","sfsi_plus_gutenberg_icon_alignemt":"","sfsi_plus_gutenburg_max_per_row":"","footnotes":""},"class_list":["post-2805","page","type-page","status-publish","has-post-thumbnail","hentry","has_thumb"],"aioseo_notices":[],"_links":{"self":[{"href":"https:\/\/odk-ergon.pl\/fr\/wp-json\/wp\/v2\/pages\/2805","targetHints":{"allow":["GET"]}}],"collection":[{"href":"https:\/\/odk-ergon.pl\/fr\/wp-json\/wp\/v2\/pages"}],"about":[{"href":"https:\/\/odk-ergon.pl\/fr\/wp-json\/wp\/v2\/types\/page"}],"author":[{"embeddable":true,"href":"https:\/\/odk-ergon.pl\/fr\/wp-json\/wp\/v2\/users\/1"}],"replies":[{"embeddable":true,"href":"https:\/\/odk-ergon.pl\/fr\/wp-json\/wp\/v2\/comments?post=2805"}],"version-history":[{"count":4,"href":"https:\/\/odk-ergon.pl\/fr\/wp-json\/wp\/v2\/pages\/2805\/revisions"}],"predecessor-version":[{"id":3362,"href":"https:\/\/odk-ergon.pl\/fr\/wp-json\/wp\/v2\/pages\/2805\/revisions\/3362"}],"up":[{"embeddable":true,"href":"https:\/\/odk-ergon.pl\/fr\/wp-json\/wp\/v2\/pages\/1190"}],"wp:featuredmedia":[{"embeddable":true,"href":"https:\/\/odk-ergon.pl\/fr\/wp-json\/wp\/v2\/media\/2776"}],"wp:attachment":[{"href":"https:\/\/odk-ergon.pl\/fr\/wp-json\/wp\/v2\/media?parent=2805"}],"curies":[{"name":"wp","href":"https:\/\/api.w.org\/{rel}","templated":true}]}}