{"id":2815,"date":"2023-03-24T15:46:55","date_gmt":"2023-03-24T14:46:55","guid":{"rendered":"https:\/\/odk-ergon.pl\/?page_id=2815"},"modified":"2023-03-26T20:15:43","modified_gmt":"2023-03-26T18:15:43","slug":"remplissage-des-citernes-sous-pression-de-transit-avec-des-gaz-condenses","status":"publish","type":"page","link":"https:\/\/odk-ergon.pl\/fr\/szkolenia\/uprawnienia-udt-tdt\/napelnianie-przenosnych-zbiornikow-cisnieniowych-gazami-skroplonymi\/","title":{"rendered":"Remplissage de r\u00e9cipients sous pression portables avec des gaz liqu\u00e9fi\u00e9s"},"content":{"rendered":"\n<p>O\u015brodek szkoleniowy ERGON prowadzi kurs na nape\u0142nianie przeno\u015bnych zbiornik\u00f3w ci\u015bnieniowych gazami skroplonymi i nie tylko.&nbsp;<\/p>\n\n\n\n<p>Posiadamy bardzo szerok\u0105 ofert\u0119 szkoleniow\u0105 i przeprowadzamy kursy na terenie ca\u0142ej Polski. Nasz o\u015brodek szkoleniowy posiada bardzo du\u017c\u0105 zdawalno\u015b\u0107 egzamin\u00f3w UDT. Zdob\u0105d\u017a nowe kwalifikacje zawodowe z nami!&nbsp;<\/p>\n\n\n\n<h2 class=\"wp-block-heading\"><strong>Program szkolenia<\/strong>&nbsp;<\/h2>\n\n\n\n<p>Zaj\u0119cia w naszym o\u015brodku s\u0105 prowadzone w formie teoretycznej i praktycznej. Cz\u0119\u015bci\u0105 praktyczn\u0105 zajmuj\u0105 si\u0119 wykwalifikowani instruktorzy, posiadaj\u0105cy wieloletnie do\u015bwiadczenie. Po zaj\u0119ciach wyk\u0142adowych kursant podchodzi do wykonywania zada\u0144 praktycznych, pod okiem naszych specjalist\u00f3w.&nbsp;<\/p>\n\n\n\n<p>Podczas szkolenia zdob\u0119dziesz niezb\u0119dn\u0105 wiedz\u0119 do samodzielnego nape\u0142niania zbiornik\u00f3w ci\u015bnieniowych i z \u0142atwo\u015bci\u0105 podejdziesz do egzaminu UDT.&nbsp;<\/p>\n\n\n\n<h3 class=\"wp-block-heading\"><strong>Tematy poruszane podczas zaj\u0119\u0107 to m.in.:<\/strong>&nbsp;<\/h3>\n\n\n\n<ul class=\"wp-block-list\">\n<li>gazy skroplone \u2013 fluorowane, dwutlenek w\u0119gla, podtlenek azotu, amoniak i LPG,<\/li>\n\n\n\n<li>budowa zbiornik\u00f3w,&nbsp;<\/li>\n\n\n\n<li>wykonywanie dozoru technicznego i naprawy,&nbsp;<\/li>\n\n\n\n<li>wiadomo\u015bci o dozorze technicznym,&nbsp;<\/li>\n\n\n\n<li>zalecenia BHP i przeciwpo\u017carowe,<\/li>\n\n\n\n<li>znakowanie zbiornik\u00f3w,&nbsp;<\/li>\n\n\n\n<li>nape\u0142nianie i opr\u00f3\u017cnianie zbiornik\u00f3w gazami skroplonymi.&nbsp;<\/li>\n<\/ul>\n\n\n\n<p>Po zako\u0144czonym szkoleniu, uczestnik mo\u017ce przyst\u0105pi\u0107 do zdania egzaminu pa\u0144stwowego przed komisja powo\u0142ana przez Urz\u0105d Dozoru Technicznego.&nbsp;<\/p>\n\n\n\n<figure class=\"wp-block-image size-large is-resized\"><a href=\"https:\/\/odk-ergon.pl\/wp-content\/uploads\/2023\/03\/butle-2.jpg\"><img loading=\"lazy\" decoding=\"async\" src=\"https:\/\/odk-ergon.pl\/wp-content\/uploads\/2023\/03\/butle-2-1024x680.jpg\" alt=\"butle z LPG\" class=\"wp-image-2817\" width=\"512\" height=\"340\" srcset=\"https:\/\/odk-ergon.pl\/wp-content\/uploads\/2023\/03\/butle-2-1024x680.jpg 1024w, https:\/\/odk-ergon.pl\/wp-content\/uploads\/2023\/03\/butle-2-300x199.jpg 300w, https:\/\/odk-ergon.pl\/wp-content\/uploads\/2023\/03\/butle-2-768x510.jpg 768w, https:\/\/odk-ergon.pl\/wp-content\/uploads\/2023\/03\/butle-2-18x12.jpg 18w, https:\/\/odk-ergon.pl\/wp-content\/uploads\/2023\/03\/butle-2-624x414.jpg 624w, https:\/\/odk-ergon.pl\/wp-content\/uploads\/2023\/03\/butle-2.jpg 1200w\" sizes=\"auto, (max-width: 512px) 100vw, 512px\" \/><\/a><\/figure>\n\n\n\n<h2 class=\"wp-block-heading\"><strong>Uprawnienia<\/strong>&nbsp;<\/h2>\n\n\n\n<p>Po uzyskaniu pozytywnego wyniku z egzaminu inspektor przyznaje certyfikat UDT. Posiadaj\u0105c nowe kwalifikacje zawodowe, zwi\u0119kszasz swoje mo\u017cliwo\u015bci na rynku pracy. Za\u015bwiadczenie jest bezterminowe, a honorowane tak\u017ce przez pracodawc\u00f3w na terenie ca\u0142ej Unii Europejskiej.&nbsp;<\/p>\n\n\n\n<h2 class=\"wp-block-heading\"><strong>Nasz cel<\/strong>&nbsp;<\/h2>\n\n\n\n<p>Celem kursu jest teoretyczne i praktyczne przygotowanie uczestnik\u00f3w szkolenia do uzyskania niezb\u0119dnej wiedzy i kwalifikacji w zakresie nape\u0142niania ci\u015bnieniowych zbiornik\u00f3w przeno\u015bnych nape\u0142nianych gazami skroplonymi. Kursant po sko\u0144czonym szkoleniu samodzielnie b\u0119dzie m\u00f3g\u0142 wykonywa\u0107 prac\u0119.&nbsp;<\/p>\n\n\n\n<p>Praca wykonywana bez potwierdzaj\u0105cych kwalifikacji jest niezgodna z prawem.&nbsp;<\/p>\n\n\n\n<h2 class=\"wp-block-heading\"><strong>Dla kogo kierowane jest szkolenie?<\/strong>&nbsp;<\/h2>\n\n\n\n<p>Kurs jest przeznaczony dla ka\u017cdego, kto chce podwy\u017cszy\u0107 swoje kwalifikacje zawodowe, g\u0142\u00f3wnie kierowany jest do os\u00f3b konserwuj\u0105cych i serwisuj\u0105cych urz\u0105dzenia klimatyzacyjne i pompy ciep\u0142a. Szkolenie przyda si\u0119 wszystkim, kt\u00f3rzy planuj\u0105 podj\u0105\u0107 prac\u0119 przy spr\u0119\u017caniu, przelewaniu i skraplaniu gaz\u00f3w technicznych i medycznych.&nbsp;&nbsp;<\/p>\n\n\n\n<h2 class=\"wp-block-heading\"><strong>Jakimi kolorami s\u0105 oznakowane butle?<\/strong>&nbsp;<\/h2>\n\n\n\n<ul class=\"wp-block-list\">\n<li>tlen \u2013 barwa butli niebieska u g\u00f3ry bia\u0142a,&nbsp;<\/li>\n\n\n\n<li>acetylen \u2013 barwa butli kasztanowa,&nbsp;<\/li>\n\n\n\n<li>hel \u2013 barwa butli szara u g\u00f3ry br\u0105zowa,&nbsp;<\/li>\n\n\n\n<li>wod\u00f3r, metan, propan \u2013 barwa butli szara z cz\u0119\u015bci\u0105 g\u00f3rn\u0105 czerwon\u0105,&nbsp;<\/li>\n\n\n\n<li>amoniak, chlor, chlorowod\u00f3r \u2013 barwa butli szara u g\u00f3ry \u017c\u00f3\u0142ta,&nbsp;<\/li>\n\n\n\n<li>dwutlenek w\u0119gla \u2013 barwa butli szara,&nbsp;<\/li>\n\n\n\n<li>azot \u2013 barwa butli szara,&nbsp;<\/li>\n\n\n\n<li>argon \u2013 barwa butli szara u g\u00f3ry ciemnozielona.&nbsp;<\/li>\n<\/ul>\n\n\n\n<h2 class=\"wp-block-heading\"><strong>Warunki przyst\u0105pienia do kursu<\/strong>&nbsp;<\/h2>\n\n\n\n<p>Uczestnik szkolenia musi by\u0107 pe\u0142noletni i posiada\u0107 za\u015bwiadczenie lekarskie do wykonywania zawodu. Nie wymaga si\u0119 wykszta\u0142cenia wy\u017cszego czy zawodowego, wystarczy wykszta\u0142cenie podstawowe. Kurs jest kierowany do m\u0119\u017cczyzn jak i kobiet.&nbsp;<\/p>\n\n\n\n<p>Obcokrajowcy tak\u017ce mog\u0105 przyst\u0105pi\u0107 do szkolenia, pod warunkiem, \u017ce posiadaj\u0105 po\u015bwiadczenie zatwierdzone przez t\u0142umacza przysi\u0119g\u0142ego.&nbsp;<\/p>\n\n\n\n<figure class=\"wp-block-image size-large is-resized\"><a href=\"https:\/\/odk-ergon.pl\/wp-content\/uploads\/2023\/03\/butle-3.jpg\"><img loading=\"lazy\" decoding=\"async\" src=\"https:\/\/odk-ergon.pl\/wp-content\/uploads\/2023\/03\/butle-3-1024x576.jpg\" alt=\"etykietowanie butli\" class=\"wp-image-2818\" width=\"512\" height=\"288\" srcset=\"https:\/\/odk-ergon.pl\/wp-content\/uploads\/2023\/03\/butle-3-1024x576.jpg 1024w, https:\/\/odk-ergon.pl\/wp-content\/uploads\/2023\/03\/butle-3-300x169.jpg 300w, https:\/\/odk-ergon.pl\/wp-content\/uploads\/2023\/03\/butle-3-768x432.jpg 768w, https:\/\/odk-ergon.pl\/wp-content\/uploads\/2023\/03\/butle-3-18x10.jpg 18w, https:\/\/odk-ergon.pl\/wp-content\/uploads\/2023\/03\/butle-3-624x351.jpg 624w, https:\/\/odk-ergon.pl\/wp-content\/uploads\/2023\/03\/butle-3.jpg 1280w\" sizes=\"auto, (max-width: 512px) 100vw, 512px\" \/><\/a><\/figure>\n\n\n\n<p><strong>Inne kursy zawodowe:<\/strong>&nbsp;<\/p>\n\n\n\n<ul class=\"wp-block-list\">\n<li>kursy wysoko\u015bciowe,<\/li>\n\n\n\n<li>kurs operatora w\u00f3zka wid\u0142owego,&nbsp;<\/li>\n\n\n\n<li>kurs konserwatora rusztowa\u0144,&nbsp;<\/li>\n\n\n\n<li>kurs na prace kontrolno-pomiarowe.&nbsp;<\/li>\n<\/ul>\n\n\n\n<h2 class=\"wp-block-heading\">Pytania i odpowiedzi<\/h2>\n\n\n\t\t<details\t\thelp class=\"sc_fs_faq sc_card    \"\n\t\topen\t\t>\n\t\t\t\t\t<summary>\n\t\t\t\t<h3>Jakie wyr\u00f3\u017cnia si\u0119 gazy skroplone? <\/h3>\t\t\t\t\t<\/summary>\n\t\t\t\t<div>\n\t\t\t\t\t\t<div class=\"sc_fs_faq__content\">\n\t\t\t\t\n\n<p>Gazy skroplone to m.in. dwutlenek w\u0119gla, podtlenek azotu, amoniak i LPG.&nbsp;<\/p>\n\n\t\t\t<\/div>\n\t\t<\/div>\n\t\t<\/details>\n\t\t\t\t<details\t\thelp class=\"sc_fs_faq sc_card    \"\n\t\t\t\t>\n\t\t\t\t\t<summary>\n\t\t\t\t<h3>Co to jest UDT? <\/h3>\t\t\t\t\t<\/summary>\n\t\t\t\t<div>\n\t\t\t\t\t\t<div class=\"sc_fs_faq__content\">\n\t\t\t\t\n\n<p>Urz\u0105d Dozoru Technicznego to instytucja pa\u0144stwowa powo\u0142ana w celu zapewnienia bezpiecze\u0144stwa urz\u0105dze\u0144 i instalacji pod nie podlegaj\u0105cych.&nbsp;<\/p>\n\n\t\t\t<\/div>\n\t\t<\/div>\n\t\t<\/details>\n\t\t\t\t<details\t\thelp class=\"sc_fs_faq sc_card    \"\n\t\t\t\t>\n\t\t\t\t\t<summary>\n\t\t\t\t<h3>Czy ludzie z Ukrainy te\u017c mog\u0105 bra\u0107 udzia\u0142 w szkoleniu? <\/h3>\t\t\t\t\t<\/summary>\n\t\t\t\t<div>\n\t\t\t\t\t\t<div class=\"sc_fs_faq__content\">\n\t\t\t\t\n\n<p>Tak, obcokrajowcy tak\u017ce mog\u0105 bra\u0107 udzia\u0142 w szkoleniach, potrzebne jest po\u015bwiadczenie zatwierdzone przez t\u0142umacza przysi\u0119g\u0142ego.&nbsp;<\/p>\n\n\t\t\t<\/div>\n\t\t<\/div>\n\t\t<\/details>\n\t\t\t\t<details\t\thelp class=\"sc_fs_faq sc_card    \"\n\t\t\t\t>\n\t\t\t\t\t<summary>\n\t\t\t\t<h3>Jakim kolorem jest oznakowana butla z wodorem? <\/h3>\t\t\t\t\t<\/summary>\n\t\t\t\t<div>\n\t\t\t\t\t\t<div class=\"sc_fs_faq__content\">\n\t\t\t\t\n\n<p>Butla z wodorem ma barw\u0119 szar\u0105 z cz\u0119\u015bci\u0105 g\u00f3rn\u0105 czerwonej.&nbsp;<\/p>\n\n\t\t\t<\/div>\n\t\t<\/div>\n\t\t<\/details>\n\t\t\n<script type=\"application\/ld+json\">\n\t{\n\t\t\"@context\": \"https:\/\/schema.org\",\n\t\t\"@type\": \"FAQPage\",\n\t\t\"mainEntity\": [\n\t\t\t\t\t{\n\t\t\t\t\"@type\": \"Question\",\n\t\t\t\t\"name\": \"Jakie wyr\u00f3\u017cnia si\u0119 gazy skroplone? \",\n\t\t\t\t\"acceptedAnswer\": {\n\t\t\t\t\t\"@type\": \"Answer\",\n\t\t\t\t\t\"text\": \"<p>Gazy skroplone to m.in. dwutlenek w\u0119gla, podtlenek azotu, amoniak i LPG.&nbsp;<\/p>\"\n\t\t\t\t\t\t\t\t\t}\n\t\t\t}\n\t\t\t,\t\t\t\t{\n\t\t\t\t\"@type\": \"Question\",\n\t\t\t\t\"name\": \"Co to jest UDT? \",\n\t\t\t\t\"acceptedAnswer\": {\n\t\t\t\t\t\"@type\": \"Answer\",\n\t\t\t\t\t\"text\": \"<p>Urz\u0105d Dozoru Technicznego to instytucja pa\u0144stwowa powo\u0142ana w celu zapewnienia bezpiecze\u0144stwa urz\u0105dze\u0144 i instalacji pod nie podlegaj\u0105cych.&nbsp;<\/p>\"\n\t\t\t\t\t\t\t\t\t}\n\t\t\t}\n\t\t\t,\t\t\t\t{\n\t\t\t\t\"@type\": \"Question\",\n\t\t\t\t\"name\": \"Czy ludzie z Ukrainy te\u017c mog\u0105 bra\u0107 udzia\u0142 w szkoleniu? \",\n\t\t\t\t\"acceptedAnswer\": {\n\t\t\t\t\t\"@type\": \"Answer\",\n\t\t\t\t\t\"text\": \"<p>Tak, obcokrajowcy tak\u017ce mog\u0105 bra\u0107 udzia\u0142 w szkoleniach, potrzebne jest po\u015bwiadczenie zatwierdzone przez t\u0142umacza przysi\u0119g\u0142ego.&nbsp;<\/p>\"\n\t\t\t\t\t\t\t\t\t}\n\t\t\t}\n\t\t\t,\t\t\t\t{\n\t\t\t\t\"@type\": \"Question\",\n\t\t\t\t\"name\": \"Jakim kolorem jest oznakowana butla z wodorem? \",\n\t\t\t\t\"acceptedAnswer\": {\n\t\t\t\t\t\"@type\": \"Answer\",\n\t\t\t\t\t\"text\": \"<p>Butla z wodorem ma barw\u0119 szar\u0105 z cz\u0119\u015bci\u0105 g\u00f3rn\u0105 czerwonej.&nbsp;<\/p>\"\n\t\t\t\t\t\t\t\t\t}\n\t\t\t}\n\t\t\t\t\t\t]\n\t}\n<\/script>\n","protected":false},"excerpt":{"rendered":"<p>O\u015brodek szkoleniowy ERGON prowadzi kurs na nape\u0142nianie przeno\u015bnych zbiornik\u00f3w ci\u015bnieniowych gazami skroplonymi i nie tylko.&nbsp; Posiadamy bardzo szerok\u0105 ofert\u0119 szkoleniow\u0105 i przeprowadzamy kursy na terenie ca\u0142ej Polski. Nasz o\u015brodek szkoleniowy posiada bardzo du\u017c\u0105 zdawalno\u015b\u0107 egzamin\u00f3w UDT. Zdob\u0105d\u017a nowe kwalifikacje zawodowe z nami!&nbsp; Program szkolenia&nbsp; Zaj\u0119cia w naszym o\u015brodku s\u0105 prowadzone w formie teoretycznej i praktycznej. Cz\u0119\u015bci\u0105 praktyczn\u0105 zajmuj\u0105 si\u0119 wykwalifikowani instruktorzy, posiadaj\u0105cy wieloletnie do\u015bwiadczenie. Po zaj\u0119ciach wyk\u0142adowych kursant podchodzi do wykonywania zada\u0144 praktycznych, pod okiem naszych specjalist\u00f3w.&nbsp; Podczas szkolenia zdob\u0119dziesz niezb\u0119dn\u0105 wiedz\u0119 do samodzielnego nape\u0142niania zbiornik\u00f3w ci\u015bnieniowych i z \u0142atwo\u015bci\u0105 podejdziesz do egzaminu UDT.&nbsp; Tematy poruszane podczas zaj\u0119\u0107 to m.in.:&nbsp; Po zako\u0144czonym szkoleniu, uczestnik mo\u017ce przyst\u0105pi\u0107 do zdania egzaminu pa\u0144stwowego przed komisja powo\u0142ana przez Urz\u0105d Dozoru Technicznego.&nbsp; Uprawnienia&nbsp; Po uzyskaniu pozytywnego wyniku z egzaminu inspektor przyznaje certyfikat UDT. Posiadaj\u0105c nowe kwalifikacje zawodowe, zwi\u0119kszasz swoje mo\u017cliwo\u015bci na rynku pracy. Za\u015bwiadczenie jest bezterminowe, a honorowane tak\u017ce przez pracodawc\u00f3w na terenie ca\u0142ej Unii Europejskiej.&nbsp; Nasz cel&nbsp; Celem kursu jest teoretyczne i praktyczne przygotowanie uczestnik\u00f3w szkolenia do uzyskania niezb\u0119dnej wiedzy i kwalifikacji w zakresie nape\u0142niania ci\u015bnieniowych zbiornik\u00f3w przeno\u015bnych nape\u0142nianych gazami skroplonymi. Kursant po sko\u0144czonym szkoleniu samodzielnie b\u0119dzie m\u00f3g\u0142 wykonywa\u0107 prac\u0119.&nbsp; Praca wykonywana bez potwierdzaj\u0105cych kwalifikacji jest niezgodna z prawem.&nbsp; Dla kogo kierowane jest szkolenie?&nbsp; Kurs jest przeznaczony dla ka\u017cdego, kto chce podwy\u017cszy\u0107 swoje kwalifikacje zawodowe, g\u0142\u00f3wnie kierowany jest do os\u00f3b konserwuj\u0105cych i serwisuj\u0105cych urz\u0105dzenia klimatyzacyjne i pompy ciep\u0142a. Szkolenie przyda si\u0119 wszystkim, kt\u00f3rzy planuj\u0105 podj\u0105\u0107 prac\u0119 przy spr\u0119\u017caniu, przelewaniu i skraplaniu gaz\u00f3w technicznych i medycznych.&nbsp;&nbsp; Jakimi kolorami s\u0105 oznakowane butle?&nbsp; Warunki przyst\u0105pienia do kursu&nbsp; Uczestnik szkolenia musi by\u0107 pe\u0142noletni [&hellip;]<\/p>\n","protected":false},"author":1,"featured_media":2816,"parent":1828,"menu_order":0,"comment_status":"closed","ping_status":"closed","template":"","meta":{"sfsi_plus_gutenberg_text_before_share":"","sfsi_plus_gutenberg_show_text_before_share":"","sfsi_plus_gutenberg_icon_type":"","sfsi_plus_gutenberg_icon_alignemt":"","sfsi_plus_gutenburg_max_per_row":"","footnotes":""},"class_list":["post-2815","page","type-page","status-publish","has-post-thumbnail","hentry","has_thumb"],"aioseo_notices":[],"_links":{"self":[{"href":"https:\/\/odk-ergon.pl\/fr\/wp-json\/wp\/v2\/pages\/2815","targetHints":{"allow":["GET"]}}],"collection":[{"href":"https:\/\/odk-ergon.pl\/fr\/wp-json\/wp\/v2\/pages"}],"about":[{"href":"https:\/\/odk-ergon.pl\/fr\/wp-json\/wp\/v2\/types\/page"}],"author":[{"embeddable":true,"href":"https:\/\/odk-ergon.pl\/fr\/wp-json\/wp\/v2\/users\/1"}],"replies":[{"embeddable":true,"href":"https:\/\/odk-ergon.pl\/fr\/wp-json\/wp\/v2\/comments?post=2815"}],"version-history":[{"count":3,"href":"https:\/\/odk-ergon.pl\/fr\/wp-json\/wp\/v2\/pages\/2815\/revisions"}],"predecessor-version":[{"id":3335,"href":"https:\/\/odk-ergon.pl\/fr\/wp-json\/wp\/v2\/pages\/2815\/revisions\/3335"}],"up":[{"embeddable":true,"href":"https:\/\/odk-ergon.pl\/fr\/wp-json\/wp\/v2\/pages\/1828"}],"wp:featuredmedia":[{"embeddable":true,"href":"https:\/\/odk-ergon.pl\/fr\/wp-json\/wp\/v2\/media\/2816"}],"wp:attachment":[{"href":"https:\/\/odk-ergon.pl\/fr\/wp-json\/wp\/v2\/media?parent=2815"}],"curies":[{"name":"wp","href":"https:\/\/api.w.org\/{rel}","templated":true}]}}