{"id":2923,"date":"2023-03-26T20:50:51","date_gmt":"2023-03-26T18:50:51","guid":{"rendered":"https:\/\/odk-ergon.pl\/?page_id=2923"},"modified":"2023-03-26T20:51:13","modified_gmt":"2023-03-26T18:51:13","slug":"mainteneur-et-operateur-de-crane-et-de-transport-operateurs","status":"publish","type":"page","link":"https:\/\/odk-ergon.pl\/fr\/szkolenia\/uprawnienia-udt-tdt\/konserwator-i-operator-zurawi-przenosnych-i-przewoznych\/","title":{"rendered":"Mainteneur et op\u00e9rateur de grues mobiles et transportables - Cours de formation professionnelle de l'UDT"},"content":{"rendered":"\n<p>\u017burawie przewo\u017ane i przeno\u015bne, zwane inaczej prze\u0142adunkowymi to urz\u0105dzenia d\u017awigowe przymocowane do samochodu ci\u0119\u017carowego, u\u017cywane do za\u0142adunku i wy\u0142adunku oraz przewo\u017cenia towar\u00f3w. Najpopularniejsze z nich, \u017curawie HDS, czyli hydrauliczne, s\u0105 \u015bwietne do transportu materia\u0142\u00f3w budowlanych czy maszyn. Wyr\u00f3\u017cniamy te\u017c specjalne wersje \u017curawi HDS, s\u0105 to harvestery i forwardery, u\u017cywane najcz\u0119\u015bciej do prac le\u015bnych lub konserwacji sieci elektroenergetycznych.&nbsp;<\/p>\n\n\n\n<h2 class=\"wp-block-heading\"><strong>Szkolenia z obs\u0142ugi \u017curawi<\/strong>&nbsp;<\/h2>\n\n\n\n<p>Aby zdoby\u0107 uprawnienia i m\u00f3c pracowa\u0107 z \u017curawiami, niezale\u017cnie od tego czy chcemy by\u0107 operatorami, czy konserwatorami, nale\u017cy podej\u015b\u0107 do egzaminu przed komisj\u0105 UDT. Wcze\u015bniej natomiast warto odby\u0107 szkolenie teoretyczne i praktyczne, kt\u00f3re do niego przygotuje. Nasz o\u015brodek organizuje kursy oraz pomaga w p\u00f3\u017aniejszych formalno\u015bciach zwi\u0105zanych z zapisem, a potem tak\u017ce odbiorem w\u0142a\u015bciwych dokument\u00f3w.&nbsp;&nbsp;<\/p>\n\n\n\n<h3 class=\"wp-block-heading\">Plan szkolenia teoretycznego prezentuje si\u0119 nast\u0119puj\u0105co:&nbsp;&nbsp;<\/h3>\n\n\n\n<ul class=\"wp-block-list\">\n<li>dane techniczne \u017curawi, ich budowa oraz funkcjonowanie,&nbsp;<\/li>\n\n\n\n<li>informacje prawne z zakresu UDT i Kodeksu Pracy,&nbsp;<\/li>\n\n\n\n<li>obowi\u0105zki operatora: w\u0142a\u015bciwe obchodzenie si\u0119 z maszyn\u0105,&nbsp;&nbsp;<\/li>\n\n\n\n<li>zapobieganie wypadkom i sytuacjom niebezpiecznym,&nbsp;<\/li>\n\n\n\n<li>przepisy BHP na obu stanowiskach.&nbsp;<\/li>\n<\/ul>\n\n\n\n<figure class=\"wp-block-image size-large is-resized\"><a href=\"https:\/\/odk-ergon.pl\/wp-content\/uploads\/2023\/03\/zuraw-konserwacja-2.jpg\"><img loading=\"lazy\" decoding=\"async\" src=\"https:\/\/odk-ergon.pl\/wp-content\/uploads\/2023\/03\/zuraw-konserwacja-2-1024x585.jpg\" alt=\"konserwacja \u017curawia przeno\u015bnego \" class=\"wp-image-2925\" width=\"512\" height=\"293\" srcset=\"https:\/\/odk-ergon.pl\/wp-content\/uploads\/2023\/03\/zuraw-konserwacja-2-1024x585.jpg 1024w, https:\/\/odk-ergon.pl\/wp-content\/uploads\/2023\/03\/zuraw-konserwacja-2-300x171.jpg 300w, https:\/\/odk-ergon.pl\/wp-content\/uploads\/2023\/03\/zuraw-konserwacja-2-768x439.jpg 768w, https:\/\/odk-ergon.pl\/wp-content\/uploads\/2023\/03\/zuraw-konserwacja-2-1536x878.jpg 1536w, https:\/\/odk-ergon.pl\/wp-content\/uploads\/2023\/03\/zuraw-konserwacja-2-18x10.jpg 18w, https:\/\/odk-ergon.pl\/wp-content\/uploads\/2023\/03\/zuraw-konserwacja-2-624x357.jpg 624w, https:\/\/odk-ergon.pl\/wp-content\/uploads\/2023\/03\/zuraw-konserwacja-2.jpg 1904w\" sizes=\"auto, (max-width: 512px) 100vw, 512px\" \/><\/a><\/figure>\n\n\n\n<h3 class=\"wp-block-heading\">Teoria szkolenia dla konserwator\u00f3w obejmuje ponadto:&nbsp;<\/h3>\n\n\n\n<ul class=\"wp-block-list\">\n<li>om\u00f3wienie dokumentacji technicznej,&nbsp;<\/li>\n\n\n\n<li>obowi\u0105zki i prawa konserwatora,&nbsp;&nbsp;<\/li>\n\n\n\n<li>dzia\u0142anie w przypadku usterek, awarii oraz po wypadku maszyny,&nbsp;&nbsp;<\/li>\n\n\n\n<li>plan konserwacji,&nbsp;<\/li>\n\n\n\n<li>zagadnienia zwi\u0105zane z olejami, smarami, w\u0142a\u015bciwe ich u\u017cywanie,&nbsp;<\/li>\n\n\n\n<li>eksploatacja i zasady czyszczenia.&nbsp;<\/li>\n<\/ul>\n\n\n\n<h3 class=\"wp-block-heading\">Cz\u0119\u015b\u0107 praktyczna natomiast (kt\u00f3ra nast\u0119puje po uko\u0144czeniu teorii), obejmuje:&nbsp;&nbsp;<\/h3>\n\n\n\n<ul class=\"wp-block-list\">\n<li>om\u00f3wienie specyfikacji \u017curawia,&nbsp;<\/li>\n\n\n\n<li>przygotowanie do pracy z maszyn\u0105, czynno\u015bci niezb\u0119dne przed rozpocz\u0119ciem pracy,&nbsp;&nbsp;<\/li>\n\n\n\n<li>nauka operowania,&nbsp;<\/li>\n<\/ul>\n\n\n\n<h3 class=\"wp-block-heading\">&nbsp;Wymogi stawiane kandydatom:&nbsp;<\/h3>\n\n\n\n<ul class=\"wp-block-list\">\n<li>uko\u0144czone co najmniej 18 lat,&nbsp;<\/li>\n\n\n\n<li>minimum podstawowe wykszta\u0142cenie,&nbsp;<\/li>\n\n\n\n<li>brak zdrowotnych przeciwwskaza\u0144.&nbsp;<\/li>\n<\/ul>\n\n\n\n<p>Po uko\u0144czonym kursie uczestnik podchodzi do egzaminu UDT sk\u0142adaj\u0105cego si\u0119 r\u00f3wnie\u017c z dw\u00f3ch etap\u00f3w, teorii i praktyki. Podej\u015bcie do egzaminu praktycznego jest mo\u017cliwe po pomy\u015blnym zdaniu egzaminu teoretycznego. Za\u015b pozytywny wynik z obu cz\u0119\u015bci r\u00f3wna si\u0119 otrzymaniu uprawnie\u0144 wa\u017cnych przez 10 lat na terenie ca\u0142ej Unii Europejskiej. Z certyfikatem UDT mo\u017cesz pracowa\u0107 za granic\u0105 w Europie oraz w USA, Kanadzie i Szwajcarii.&nbsp;<br>Pami\u0119taj, \u017ce w razie potrzeby mo\u017cesz przed\u0142u\u017cy\u0107 swoje uprawnienia. Aby to zrobi\u0107, nale\u017cy co najmniej 3 miesi\u0105ce przed ich wyga\u015bni\u0119ciem z\u0142o\u017cy\u0107 w UDT wniosek o przed\u0142u\u017cenie. Warunkiem jest wykonywanie zawodu przez minimum 3 lata w ci\u0105gu pi\u0119ciu lat wa\u017cno\u015bci uprawnie\u0144.&nbsp;&nbsp;<\/p>\n\n\n\n<figure class=\"wp-block-image size-full is-resized\"><a href=\"https:\/\/odk-ergon.pl\/wp-content\/uploads\/2023\/03\/lesny.jpg\"><img loading=\"lazy\" decoding=\"async\" src=\"https:\/\/odk-ergon.pl\/wp-content\/uploads\/2023\/03\/lesny.jpg\" alt=\"harvester podczas prac le\u015bnych\" class=\"wp-image-2926\" width=\"512\" height=\"384\" srcset=\"https:\/\/odk-ergon.pl\/wp-content\/uploads\/2023\/03\/lesny.jpg 1024w, https:\/\/odk-ergon.pl\/wp-content\/uploads\/2023\/03\/lesny-300x225.jpg 300w, https:\/\/odk-ergon.pl\/wp-content\/uploads\/2023\/03\/lesny-768x576.jpg 768w, https:\/\/odk-ergon.pl\/wp-content\/uploads\/2023\/03\/lesny-16x12.jpg 16w, https:\/\/odk-ergon.pl\/wp-content\/uploads\/2023\/03\/lesny-640x480.jpg 640w, https:\/\/odk-ergon.pl\/wp-content\/uploads\/2023\/03\/lesny-624x468.jpg 624w\" sizes=\"auto, (max-width: 512px) 100vw, 512px\" \/><\/a><\/figure>\n\n\n\n<h2 class=\"wp-block-heading\"><strong>Dlaczego warto?&nbsp;<\/strong>&nbsp;<\/h2>\n\n\n\n<p>Zar\u00f3wno konserwatorzy, jak i operatorzy to specjali\u015bci potrzebni na rynku nie tylko polskim, ale i zagranicznym. S\u0105 to zawody, kt\u00f3re zawsze b\u0119d\u0105 potrzebne i dobrze op\u0142acane. Ponadto mo\u017cesz zrobi\u0107 uprawnienia dla samego siebie, aby zmniejszy\u0107 nak\u0142ad finansowy, zwi\u0105zany z wys\u0142aniem maszyny do serwisu. Posiadanie uprawnie\u0144 daje wiele mo\u017cliwo\u015bci i tylko od Ciebie zale\u017cy, w jaki spos\u00f3b je wykorzysta\u0107. Nasza do\u015bwiadczona kadra do\u0142o\u017cy wszelkich stara\u0144, aby zdobyta przez Ciebie wiedza i umiej\u0119tno\u015bci by\u0142y najwy\u017cszym poziomie, co pozwoli Ci zdoby\u0107 dobrze p\u0142atn\u0105 prac\u0119,&nbsp;<\/p>\n\n\n\n<p>Zapraszamy serdecznie do kontaktu.&nbsp;&nbsp;<\/p>\n\n\n\n<p><\/p>\n\n\n\n<h2 class=\"wp-block-heading\">Pytania i odpowiedzi<\/h2>\n\n\n\t\t<details\t\thelp class=\"sc_fs_faq sc_card    \"\n\t\topen\t\t>\n\t\t\t\t\t<summary>\n\t\t\t\t<h3>Co to s\u0105 \u017curawie przeno\u015bne? <\/h3>\t\t\t\t\t<\/summary>\n\t\t\t\t<div>\n\t\t\t\t\t\t<div class=\"sc_fs_faq__content\">\n\t\t\t\t\n\n<p>Zwane inaczej prze\u0142adunkowymi to maszyny d\u017awigowe mocowane do samochodu ci\u0119\u017carowego, s\u0142u\u017c\u0105ce do za\u0142adunku, roz\u0142adunku i przewo\u017cenia towaru.<\/p>\n\n\t\t\t<\/div>\n\t\t<\/div>\n\t\t<\/details>\n\t\t\t\t<details\t\thelp class=\"sc_fs_faq sc_card    \"\n\t\t\t\t>\n\t\t\t\t\t<summary>\n\t\t\t\t<h3>Jak d\u0142ugo wa\u017cne s\u0105 uprawnienia?<\/h3>\t\t\t\t\t<\/summary>\n\t\t\t\t<div>\n\t\t\t\t\t\t<div class=\"sc_fs_faq__content\">\n\t\t\t\t\n\n<p>Uprawnienia s\u0105 wydawane na okres 10 lat, z mo\u017cliwo\u015bci\u0105 przed\u0142u\u017cenia. Wystarczy tylko spe\u0142nia\u0107 odpowiednie warunki, tzn.: nale\u017cy z\u0142o\u017cy\u0107 odpowiedni wniosek i pracowa\u0107 na stanowisku operatora lub konserwatora przez okre\u015blony czas.&nbsp;<\/p>\n\n\t\t\t<\/div>\n\t\t<\/div>\n\t\t<\/details>\n\t\t\t\t<details\t\thelp class=\"sc_fs_faq sc_card    \"\n\t\t\t\t>\n\t\t\t\t\t<summary>\n\t\t\t\t<h3>Gdzie mo\u017cna pracowa\u0107 maj\u0105c uprawnienia?<\/h3>\t\t\t\t\t<\/summary>\n\t\t\t\t<div>\n\t\t\t\t\t\t<div class=\"sc_fs_faq__content\">\n\t\t\t\t\n\n<p>Certyfikat wydawany przez UDT jest wa\u017cny w Polsce oraz na terenie ca\u0142ej Unii Europejskiej, a ponadto w USA, Kanadzie i Szwajcarii.<\/p>\n\n\t\t\t<\/div>\n\t\t<\/div>\n\t\t<\/details>\n\t\t\t\t<details\t\thelp class=\"sc_fs_faq sc_card    \"\n\t\t\t\t>\n\t\t\t\t\t<summary>\n\t\t\t\t<h3>Co to s\u0105 harvestery i forwardery?<\/h3>\t\t\t\t\t<\/summary>\n\t\t\t\t<div>\n\t\t\t\t\t\t<div class=\"sc_fs_faq__content\">\n\t\t\t\t\n\n<p>To specjalne rodzaje \u017curawi u\u017cywane w pracach le\u015bnych lub do konserwacji sieci elektrotechnicznych.&nbsp;<\/p>\n\n\t\t\t<\/div>\n\t\t<\/div>\n\t\t<\/details>\n\t\t\n<script type=\"application\/ld+json\">\n\t{\n\t\t\"@context\": \"https:\/\/schema.org\",\n\t\t\"@type\": \"FAQPage\",\n\t\t\"mainEntity\": [\n\t\t\t\t\t{\n\t\t\t\t\"@type\": \"Question\",\n\t\t\t\t\"name\": \"Co to s\u0105 \u017curawie przeno\u015bne? \",\n\t\t\t\t\"acceptedAnswer\": {\n\t\t\t\t\t\"@type\": \"Answer\",\n\t\t\t\t\t\"text\": \"<p>Zwane inaczej prze\u0142adunkowymi to maszyny d\u017awigowe mocowane do samochodu ci\u0119\u017carowego, s\u0142u\u017c\u0105ce do za\u0142adunku, roz\u0142adunku i przewo\u017cenia towaru.<\/p>\"\n\t\t\t\t\t\t\t\t\t}\n\t\t\t}\n\t\t\t,\t\t\t\t{\n\t\t\t\t\"@type\": \"Question\",\n\t\t\t\t\"name\": \"Jak d\u0142ugo wa\u017cne s\u0105 uprawnienia?\",\n\t\t\t\t\"acceptedAnswer\": {\n\t\t\t\t\t\"@type\": \"Answer\",\n\t\t\t\t\t\"text\": \"<p>Uprawnienia s\u0105 wydawane na okres 10 lat, z mo\u017cliwo\u015bci\u0105 przed\u0142u\u017cenia. Wystarczy tylko spe\u0142nia\u0107 odpowiednie warunki, tzn.: nale\u017cy z\u0142o\u017cy\u0107 odpowiedni wniosek i pracowa\u0107 na stanowisku operatora lub konserwatora przez okre\u015blony czas.&nbsp;<\/p>\"\n\t\t\t\t\t\t\t\t\t}\n\t\t\t}\n\t\t\t,\t\t\t\t{\n\t\t\t\t\"@type\": \"Question\",\n\t\t\t\t\"name\": \"Gdzie mo\u017cna pracowa\u0107 maj\u0105c uprawnienia?\",\n\t\t\t\t\"acceptedAnswer\": {\n\t\t\t\t\t\"@type\": \"Answer\",\n\t\t\t\t\t\"text\": \"<p>Certyfikat wydawany przez UDT jest wa\u017cny w Polsce oraz na terenie ca\u0142ej Unii Europejskiej, a ponadto w USA, Kanadzie i Szwajcarii.<\/p>\"\n\t\t\t\t\t\t\t\t\t}\n\t\t\t}\n\t\t\t,\t\t\t\t{\n\t\t\t\t\"@type\": \"Question\",\n\t\t\t\t\"name\": \"Co to s\u0105 harvestery i forwardery?\",\n\t\t\t\t\"acceptedAnswer\": {\n\t\t\t\t\t\"@type\": \"Answer\",\n\t\t\t\t\t\"text\": \"<p>To specjalne rodzaje \u017curawi u\u017cywane w pracach le\u015bnych lub do konserwacji sieci elektrotechnicznych.&nbsp;<\/p>\"\n\t\t\t\t\t\t\t\t\t}\n\t\t\t}\n\t\t\t\t\t\t]\n\t}\n<\/script>\n","protected":false},"excerpt":{"rendered":"<p>\u017burawie przewo\u017ane i przeno\u015bne, zwane inaczej prze\u0142adunkowymi to urz\u0105dzenia d\u017awigowe przymocowane do samochodu ci\u0119\u017carowego, u\u017cywane do za\u0142adunku i wy\u0142adunku oraz przewo\u017cenia towar\u00f3w. Najpopularniejsze z nich, \u017curawie HDS, czyli hydrauliczne, s\u0105 \u015bwietne do transportu materia\u0142\u00f3w budowlanych czy maszyn. Wyr\u00f3\u017cniamy te\u017c specjalne wersje \u017curawi HDS, s\u0105 to harvestery i forwardery, u\u017cywane najcz\u0119\u015bciej do prac le\u015bnych lub konserwacji sieci elektroenergetycznych.&nbsp; Szkolenia z obs\u0142ugi \u017curawi&nbsp; Aby zdoby\u0107 uprawnienia i m\u00f3c pracowa\u0107 z \u017curawiami, niezale\u017cnie od tego czy chcemy by\u0107 operatorami, czy konserwatorami, nale\u017cy podej\u015b\u0107 do egzaminu przed komisj\u0105 UDT. Wcze\u015bniej natomiast warto odby\u0107 szkolenie teoretyczne i praktyczne, kt\u00f3re do niego przygotuje. Nasz o\u015brodek organizuje kursy oraz pomaga w p\u00f3\u017aniejszych formalno\u015bciach zwi\u0105zanych z zapisem, a potem tak\u017ce odbiorem w\u0142a\u015bciwych dokument\u00f3w.&nbsp;&nbsp; Plan szkolenia teoretycznego prezentuje si\u0119 nast\u0119puj\u0105co:&nbsp;&nbsp; Teoria szkolenia dla konserwator\u00f3w obejmuje ponadto:&nbsp; Cz\u0119\u015b\u0107 praktyczna natomiast (kt\u00f3ra nast\u0119puje po uko\u0144czeniu teorii), obejmuje:&nbsp;&nbsp; &nbsp;Wymogi stawiane kandydatom:&nbsp; Po uko\u0144czonym kursie uczestnik podchodzi do egzaminu UDT sk\u0142adaj\u0105cego si\u0119 r\u00f3wnie\u017c z dw\u00f3ch etap\u00f3w, teorii i praktyki. Podej\u015bcie do egzaminu praktycznego jest mo\u017cliwe po pomy\u015blnym zdaniu egzaminu teoretycznego. Za\u015b pozytywny wynik z obu cz\u0119\u015bci r\u00f3wna si\u0119 otrzymaniu uprawnie\u0144 wa\u017cnych przez 10 lat na terenie ca\u0142ej Unii Europejskiej. Z certyfikatem UDT mo\u017cesz pracowa\u0107 za granic\u0105 w Europie oraz w USA, Kanadzie i Szwajcarii.&nbsp;Pami\u0119taj, \u017ce w razie potrzeby mo\u017cesz przed\u0142u\u017cy\u0107 swoje uprawnienia. Aby to zrobi\u0107, nale\u017cy co najmniej 3 miesi\u0105ce przed ich wyga\u015bni\u0119ciem z\u0142o\u017cy\u0107 w UDT wniosek o przed\u0142u\u017cenie. Warunkiem jest wykonywanie zawodu przez minimum 3 lata w ci\u0105gu pi\u0119ciu lat wa\u017cno\u015bci uprawnie\u0144.&nbsp;&nbsp; Dlaczego warto?&nbsp;&nbsp; Zar\u00f3wno konserwatorzy, jak i operatorzy to specjali\u015bci potrzebni na rynku nie tylko polskim, [&hellip;]<\/p>\n","protected":false},"author":1,"featured_media":2924,"parent":1828,"menu_order":0,"comment_status":"closed","ping_status":"closed","template":"","meta":{"sfsi_plus_gutenberg_text_before_share":"","sfsi_plus_gutenberg_show_text_before_share":"","sfsi_plus_gutenberg_icon_type":"","sfsi_plus_gutenberg_icon_alignemt":"","sfsi_plus_gutenburg_max_per_row":"","footnotes":""},"class_list":["post-2923","page","type-page","status-publish","has-post-thumbnail","hentry","has_thumb"],"aioseo_notices":[],"_links":{"self":[{"href":"https:\/\/odk-ergon.pl\/fr\/wp-json\/wp\/v2\/pages\/2923","targetHints":{"allow":["GET"]}}],"collection":[{"href":"https:\/\/odk-ergon.pl\/fr\/wp-json\/wp\/v2\/pages"}],"about":[{"href":"https:\/\/odk-ergon.pl\/fr\/wp-json\/wp\/v2\/types\/page"}],"author":[{"embeddable":true,"href":"https:\/\/odk-ergon.pl\/fr\/wp-json\/wp\/v2\/users\/1"}],"replies":[{"embeddable":true,"href":"https:\/\/odk-ergon.pl\/fr\/wp-json\/wp\/v2\/comments?post=2923"}],"version-history":[{"count":2,"href":"https:\/\/odk-ergon.pl\/fr\/wp-json\/wp\/v2\/pages\/2923\/revisions"}],"predecessor-version":[{"id":3262,"href":"https:\/\/odk-ergon.pl\/fr\/wp-json\/wp\/v2\/pages\/2923\/revisions\/3262"}],"up":[{"embeddable":true,"href":"https:\/\/odk-ergon.pl\/fr\/wp-json\/wp\/v2\/pages\/1828"}],"wp:featuredmedia":[{"embeddable":true,"href":"https:\/\/odk-ergon.pl\/fr\/wp-json\/wp\/v2\/media\/2924"}],"wp:attachment":[{"href":"https:\/\/odk-ergon.pl\/fr\/wp-json\/wp\/v2\/media?parent=2923"}],"curies":[{"name":"wp","href":"https:\/\/api.w.org\/{rel}","templated":true}]}}