{"id":2930,"date":"2023-03-24T13:24:20","date_gmt":"2023-03-24T12:24:20","guid":{"rendered":"https:\/\/odk-ergon.pl\/?page_id=2930"},"modified":"2023-03-24T22:44:56","modified_gmt":"2023-03-24T21:44:56","slug":"grues-pont","status":"publish","type":"page","link":"https:\/\/odk-ergon.pl\/fr\/szkolenia\/uprawnienia-udt-tdt\/zurawie-pokladowe\/","title":{"rendered":"Grues de pont - suivre une formation pour devenir op\u00e9rateur ou mainteneur"},"content":{"rendered":"\n<p>\u017buraw to inaczej d\u017awignica, montowana na poje\u017adzie i s\u0142u\u017c\u0105ca do transportu \u0142adunku w pewnym obr\u0119bie. \u017buraw pok\u0142adowy jest jednym z 8 rodzaj\u00f3w&nbsp; \u017curawi, kt\u00f3ry wykorzystywany jest do pracy na statkach. Jak jego nazwa wskazuje, u\u017cywa si\u0119 go na pok\u0142adach, montuje si\u0119 wi\u0119c na statku lub p\u0142ywaj\u0105cej platformie wiertniczej. Z tego te\u017c powodu ten typ \u017curawi mo\u017cna spotka\u0107 tak\u017ce pod nazw\u0105  \u017curaw statkowy.&nbsp;<\/p>\n\n\n\n<p>Oczywi\u015bcie, aby m\u00f3c pracowa\u0107 z t\u0105 maszyna, tak jak i z pozosta\u0142ymi typami \u017curawi, nale\u017cy zdoby\u0107 w\u0142a\u015bciwe uprawnienia, gdy\u017c podlegaj\u0105 one pod doz\u00f3r techniczny. Uprawnienia te pozwala zdoby\u0107 egzamin, kt\u00f3ry musi by\u0107 zdany przed komisj\u0105 UDT. Zanim jednak si\u0119 do niego podejdzie, powinno si\u0119 przej\u015b\u0107 odpowiednie szkolenie, zar\u00f3wno teoretyczne, jak i praktyczne, gdzie zdob\u0119dzie si\u0119 wiedz\u0119 i pozna zasady pracy z \u017curawiami. &nbsp;<br>Nasz o\u015brodek oferuje kursy przygotowuj\u0105ce do egzaminu oraz pomaga w formalno\u015bciach zwi\u0105zanych z zapisem.&nbsp;&nbsp;<\/p>\n\n\n\n<h2 class=\"wp-block-heading\">Program szkolenia teoretycznego obejmuje:&nbsp;<\/h2>\n\n\n\n<ul class=\"wp-block-list\">\n<li>wiadomo\u015bci o statkach, rodzajach, u\u017cycie \u017curawi,&nbsp;&nbsp;<\/li>\n\n\n\n<li>wiadomo\u015bci o platformach wiertniczych,&nbsp;&nbsp;<\/li>\n\n\n\n<li>informacje o d\u017awignicach, ich zastosowanie, rodzaje, budowa,&nbsp;&nbsp;<\/li>\n\n\n\n<li>dokumentacja techniczna i wszystko o dozorze technicznym,&nbsp;<\/li>\n\n\n\n<li>praca z urz\u0105dzeniem, jak obs\u0142ugiwa\u0107 \u017curawia,&nbsp;<\/li>\n\n\n\n<li>w\u0142a\u015bciwa konserwacja,&nbsp;<\/li>\n\n\n\n<li>ocena stanu technicznego maszyny,&nbsp;&nbsp;<\/li>\n\n\n\n<li>wyst\u0119powanie i naprawa usterek oraz zapobieganie im,&nbsp;<\/li>\n\n\n\n<li>przepisy BHP, <a href=\"https:\/\/odk-ergon.pl\/fr\/szkolenia\/kurs-pierwszej-pomocy-warszawa\/\">pierwsza pomoc<\/a> medyczna.&nbsp;<\/li>\n<\/ul>\n\n\n<div class=\"wp-block-image\">\n<figure class=\"alignleft size-large is-resized\"><a href=\"https:\/\/odk-ergon.pl\/wp-content\/uploads\/2023\/03\/pokladowy-2.jpg\"><img loading=\"lazy\" decoding=\"async\" src=\"https:\/\/odk-ergon.pl\/wp-content\/uploads\/2023\/03\/pokladowy-2-768x1024.jpg\" alt=\"szkolenie z obs\u0142ugi \u017curawia statkowego\" class=\"wp-image-2932\" width=\"384\" height=\"512\" srcset=\"https:\/\/odk-ergon.pl\/wp-content\/uploads\/2023\/03\/pokladowy-2-768x1024.jpg 768w, https:\/\/odk-ergon.pl\/wp-content\/uploads\/2023\/03\/pokladowy-2-225x300.jpg 225w, https:\/\/odk-ergon.pl\/wp-content\/uploads\/2023\/03\/pokladowy-2-9x12.jpg 9w, https:\/\/odk-ergon.pl\/wp-content\/uploads\/2023\/03\/pokladowy-2-624x832.jpg 624w, https:\/\/odk-ergon.pl\/wp-content\/uploads\/2023\/03\/pokladowy-2.jpg 1080w\" sizes=\"auto, (max-width: 384px) 100vw, 384px\" \/><\/a><\/figure>\n<\/div>\n\n\n<p>Po kursie teoretycznym nast\u0119puj\u0105 \u0107wiczenia praktyczne, gdzie uczestnik wykorzystuje nabyt\u0105 wiedz\u0119 podczas pracy z \u017curawiami, uczy si\u0119 obs\u0142ugi i post\u0119powania w r\u00f3\u017cnych sytuacjach, r\u00f3wnie\u017c wyj\u0105tkowych.&nbsp;&nbsp;&nbsp;<\/p>\n\n\n\n<h2 class=\"wp-block-heading\">Jakie wymagania musi spe\u0142nia\u0107 uczestnik szkolenia?&nbsp;<\/h2>\n\n\n\n<ul class=\"wp-block-list\">\n<li>uko\u0144czone 18 lat,&nbsp;&nbsp;<\/li>\n\n\n\n<li>minimum podstawowe wykszta\u0142cenie,&nbsp;&nbsp;<\/li>\n\n\n\n<li>brak zdrowotnych przeciwwskaza\u0144,&nbsp;&nbsp;<\/li>\n\n\n\n<li>dobry stan zdrowia psychicznego,&nbsp;&nbsp;<\/li>\n\n\n\n<li>znajomo\u015b\u0107 j\u0119zyka polskiego umo\u017cliwiaj\u0105ca komunikacj\u0119 i podej\u015bcie do egzaminu. W przypadku braku znajomo\u015bci, konieczna obecno\u015b\u0107 t\u0142umacza przysi\u0119g\u0142ego.&nbsp;&nbsp;<\/li>\n<\/ul>\n\n\n\n<p><\/p>\n\n\n\n<p>Po pozytywnym zdaniu egzaminu uczestnik zdobywa uprawnienia do prac y na stanowisku operatora i \/lub konserwatora. Jedna osoba mo\u017ce odby\u0107 oba szkolenia i otrzyma\u0107 uprawnienia dla obu stanowisk. Certyfikat jest wa\u017cny przez 5 lat od daty zdania egzaminu. W razie konieczno\u015bci mo\u017cna go przed\u0142u\u017cy\u0107, co nale\u017cy uczyni\u0107 nie p\u00f3\u017aniej ni\u017c 3 miesi\u0105ce przed zako\u0144czeniem wa\u017cno\u015bci uprawnie\u0144. Warunkiem do z\u0142o\u017cenia wniosku jest wykonywanie pracy zawodowej przez minimum 3 lata.&nbsp;&nbsp;<\/p>\n\n\n\n<h2 class=\"wp-block-heading\"><strong>Zastanawiasz si\u0119, czy warto zrobi\u0107 szkolenie?&nbsp;<\/strong><\/h2>\n\n\n\n<p>Nasza kadra to do\u015bwiadczeni ludzie, pracuj\u0105cy w bran\u017cy od wielu lat. Z ch\u0119ci\u0105 dziel\u0105 si\u0119 swoj\u0105 wiedz\u0105, kt\u00f3ra jest zawsze aktualna i zgodna z obowi\u0105zuj\u0105cymi przepisami, i odpowiednio przygotuj\u0105 Ci\u0119 do egzaminu, aby\u015b zda\u0142 bez stresu za pierwszym razem. &nbsp;<br>Jest to zaw\u00f3d poszukiwany i dobrze op\u0142acany. Ponadto, operatorzy oraz konserwatorzy \u017curawi, (nie tylko pok\u0142adowych) z uprawnieniami UDT, mog\u0105 pracowa\u0107 nie tylko w Polsce, ale i za granic\u0105 na terenie ca\u0142ej Unii Europejskiej. Robi\u0105c zatem szkolenie i zdobywaj\u0105c p\u00f3\u017aniej uprawnienia masz szerokie mo\u017cliwo\u015bci zatrudnienia, w tym mo\u017cesz te\u017c za\u0142o\u017cy\u0107 w\u0142asn\u0105 firm\u0119.&nbsp;&nbsp;<\/p>\n\n\n\n<p>Masz pytania, czego\u015b nie jeste\u015b pewny? Napisz lub zadzwo\u0144, z ch\u0119ci\u0105 pomo\u017cemy.&nbsp;<\/p>\n\n\n\n<h2 class=\"wp-block-heading\">Pytania i odpowiedzi<\/h2>\n\n\n\t\t<details\t\thelp class=\"sc_fs_faq sc_card    \"\n\t\topen\t\t>\n\t\t\t\t\t<summary>\n\t\t\t\t<h3>Co to jest \u017curaw pok\u0142adowy?<\/h3>\t\t\t\t\t<\/summary>\n\t\t\t\t<div>\n\t\t\t\t\t\t<div class=\"sc_fs_faq__content\">\n\t\t\t\t\n\n<p>Jest to d\u017awignica s\u0142u\u017c\u0105ca do za\u0142adunku i roz\u0142adunku towar\u00f3w, montowana na pok\u0142adzie statku lub platformie wiertniczej.&nbsp;<\/p>\n\n\t\t\t<\/div>\n\t\t<\/div>\n\t\t<\/details>\n\t\t\t\t<details\t\thelp class=\"sc_fs_faq sc_card    \"\n\t\t\t\t>\n\t\t\t\t\t<summary>\n\t\t\t\t<h3>Czego si\u0119 dowiem na szkoleniu?<\/h3>\t\t\t\t\t<\/summary>\n\t\t\t\t<div>\n\t\t\t\t\t\t<div class=\"sc_fs_faq__content\">\n\t\t\t\t\n\n<p>Wiedza teoretyczna na naszych kursach obejmuje mi\u0119dzy innymi: wiadomo\u015bci o statkach, \u017curawiach i platformach wiertniczych, budow\u0119 i zastosowanie \u017curawi, dane techniczne, przepisy BHP czy post\u0119powanie w sytuacjach niebezpiecznych.&nbsp;<\/p>\n\n\t\t\t<\/div>\n\t\t<\/div>\n\t\t<\/details>\n\t\t\t\t<details\t\thelp class=\"sc_fs_faq sc_card    \"\n\t\t\t\t>\n\t\t\t\t\t<summary>\n\t\t\t\t<h3>Czy maj\u0105c uprawnienia mog\u0119 pracowa\u0107 ze wszystkimi \u017curawiami? <\/h3>\t\t\t\t\t<\/summary>\n\t\t\t\t<div>\n\t\t\t\t\t\t<div class=\"sc_fs_faq__content\">\n\t\t\t\t\n\n<p>Nie, konkretne uprawnienia pozwalaj\u0105 na prac\u0119 z konkretnymi rodzajami \u017curawi. W przypadku zdobycia kwalifikacji na \u017curawie pok\u0142adowe, wolno pracowa\u0107 wy\u0142\u0105cznie z nimi.&nbsp;<\/p>\n\n\t\t\t<\/div>\n\t\t<\/div>\n\t\t<\/details>\n\t\t\n<script type=\"application\/ld+json\">\n\t{\n\t\t\"@context\": \"https:\/\/schema.org\",\n\t\t\"@type\": \"FAQPage\",\n\t\t\"mainEntity\": [\n\t\t\t\t\t{\n\t\t\t\t\"@type\": \"Question\",\n\t\t\t\t\"name\": \"Co to jest \u017curaw pok\u0142adowy?\",\n\t\t\t\t\"acceptedAnswer\": {\n\t\t\t\t\t\"@type\": \"Answer\",\n\t\t\t\t\t\"text\": \"<p>Jest to d\u017awignica s\u0142u\u017c\u0105ca do za\u0142adunku i roz\u0142adunku towar\u00f3w, montowana na pok\u0142adzie statku lub platformie wiertniczej.&nbsp;<\/p>\"\n\t\t\t\t\t\t\t\t\t}\n\t\t\t}\n\t\t\t,\t\t\t\t{\n\t\t\t\t\"@type\": \"Question\",\n\t\t\t\t\"name\": \"Czego si\u0119 dowiem na szkoleniu?\",\n\t\t\t\t\"acceptedAnswer\": {\n\t\t\t\t\t\"@type\": \"Answer\",\n\t\t\t\t\t\"text\": \"<p>Wiedza teoretyczna na naszych kursach obejmuje mi\u0119dzy innymi: wiadomo\u015bci o statkach, \u017curawiach i platformach wiertniczych, budow\u0119 i zastosowanie \u017curawi, dane techniczne, przepisy BHP czy post\u0119powanie w sytuacjach niebezpiecznych.&nbsp;<\/p>\"\n\t\t\t\t\t\t\t\t\t}\n\t\t\t}\n\t\t\t,\t\t\t\t{\n\t\t\t\t\"@type\": \"Question\",\n\t\t\t\t\"name\": \"Czy maj\u0105c uprawnienia mog\u0119 pracowa\u0107 ze wszystkimi \u017curawiami? \",\n\t\t\t\t\"acceptedAnswer\": {\n\t\t\t\t\t\"@type\": \"Answer\",\n\t\t\t\t\t\"text\": \"<p>Nie, konkretne uprawnienia pozwalaj\u0105 na prac\u0119 z konkretnymi rodzajami \u017curawi. W przypadku zdobycia kwalifikacji na \u017curawie pok\u0142adowe, wolno pracowa\u0107 wy\u0142\u0105cznie z nimi.&nbsp;<\/p>\"\n\t\t\t\t\t\t\t\t\t}\n\t\t\t}\n\t\t\t\t\t\t]\n\t}\n<\/script>\n","protected":false},"excerpt":{"rendered":"<p>\u017buraw to inaczej d\u017awignica, montowana na poje\u017adzie i s\u0142u\u017c\u0105ca do transportu \u0142adunku w pewnym obr\u0119bie. \u017buraw pok\u0142adowy jest jednym z 8 rodzaj\u00f3w&nbsp; \u017curawi, kt\u00f3ry wykorzystywany jest do pracy na statkach. Jak jego nazwa wskazuje, u\u017cywa si\u0119 go na pok\u0142adach, montuje si\u0119 wi\u0119c na statku lub p\u0142ywaj\u0105cej platformie wiertniczej. Z tego te\u017c powodu ten typ \u017curawi mo\u017cna spotka\u0107 tak\u017ce pod nazw\u0105 \u017curaw statkowy.&nbsp; Oczywi\u015bcie, aby m\u00f3c pracowa\u0107 z t\u0105 maszyna, tak jak i z pozosta\u0142ymi typami \u017curawi, nale\u017cy zdoby\u0107 w\u0142a\u015bciwe uprawnienia, gdy\u017c podlegaj\u0105 one pod doz\u00f3r techniczny. Uprawnienia te pozwala zdoby\u0107 egzamin, kt\u00f3ry musi by\u0107 zdany przed komisj\u0105 UDT. Zanim jednak si\u0119 do niego podejdzie, powinno si\u0119 przej\u015b\u0107 odpowiednie szkolenie, zar\u00f3wno teoretyczne, jak i praktyczne, gdzie zdob\u0119dzie si\u0119 wiedz\u0119 i pozna zasady pracy z \u017curawiami. &nbsp;Nasz o\u015brodek oferuje kursy przygotowuj\u0105ce do egzaminu oraz pomaga w formalno\u015bciach zwi\u0105zanych z zapisem.&nbsp;&nbsp; Program szkolenia teoretycznego obejmuje:&nbsp; Po kursie teoretycznym nast\u0119puj\u0105 \u0107wiczenia praktyczne, gdzie uczestnik wykorzystuje nabyt\u0105 wiedz\u0119 podczas pracy z \u017curawiami, uczy si\u0119 obs\u0142ugi i post\u0119powania w r\u00f3\u017cnych sytuacjach, r\u00f3wnie\u017c wyj\u0105tkowych.&nbsp;&nbsp;&nbsp; Jakie wymagania musi spe\u0142nia\u0107 uczestnik szkolenia?&nbsp; Po pozytywnym zdaniu egzaminu uczestnik zdobywa uprawnienia do prac y na stanowisku operatora i \/lub konserwatora. Jedna osoba mo\u017ce odby\u0107 oba szkolenia i otrzyma\u0107 uprawnienia dla obu stanowisk. Certyfikat jest wa\u017cny przez 5 lat od daty zdania egzaminu. W razie konieczno\u015bci mo\u017cna go przed\u0142u\u017cy\u0107, co nale\u017cy uczyni\u0107 nie p\u00f3\u017aniej ni\u017c 3 miesi\u0105ce przed zako\u0144czeniem wa\u017cno\u015bci uprawnie\u0144. Warunkiem do z\u0142o\u017cenia wniosku jest wykonywanie pracy zawodowej przez minimum 3 lata.&nbsp;&nbsp; Zastanawiasz si\u0119, czy warto zrobi\u0107 szkolenie?&nbsp; Nasza kadra to do\u015bwiadczeni ludzie, pracuj\u0105cy w bran\u017cy [&hellip;]<\/p>\n","protected":false},"author":1,"featured_media":2931,"parent":1828,"menu_order":0,"comment_status":"closed","ping_status":"closed","template":"","meta":{"sfsi_plus_gutenberg_text_before_share":"","sfsi_plus_gutenberg_show_text_before_share":"","sfsi_plus_gutenberg_icon_type":"","sfsi_plus_gutenberg_icon_alignemt":"","sfsi_plus_gutenburg_max_per_row":"","footnotes":""},"class_list":["post-2930","page","type-page","status-publish","has-post-thumbnail","hentry","has_thumb"],"aioseo_notices":[],"_links":{"self":[{"href":"https:\/\/odk-ergon.pl\/fr\/wp-json\/wp\/v2\/pages\/2930","targetHints":{"allow":["GET"]}}],"collection":[{"href":"https:\/\/odk-ergon.pl\/fr\/wp-json\/wp\/v2\/pages"}],"about":[{"href":"https:\/\/odk-ergon.pl\/fr\/wp-json\/wp\/v2\/types\/page"}],"author":[{"embeddable":true,"href":"https:\/\/odk-ergon.pl\/fr\/wp-json\/wp\/v2\/users\/1"}],"replies":[{"embeddable":true,"href":"https:\/\/odk-ergon.pl\/fr\/wp-json\/wp\/v2\/comments?post=2930"}],"version-history":[{"count":5,"href":"https:\/\/odk-ergon.pl\/fr\/wp-json\/wp\/v2\/pages\/2930\/revisions"}],"predecessor-version":[{"id":3382,"href":"https:\/\/odk-ergon.pl\/fr\/wp-json\/wp\/v2\/pages\/2930\/revisions\/3382"}],"up":[{"embeddable":true,"href":"https:\/\/odk-ergon.pl\/fr\/wp-json\/wp\/v2\/pages\/1828"}],"wp:featuredmedia":[{"embeddable":true,"href":"https:\/\/odk-ergon.pl\/fr\/wp-json\/wp\/v2\/media\/2931"}],"wp:attachment":[{"href":"https:\/\/odk-ergon.pl\/fr\/wp-json\/wp\/v2\/media?parent=2930"}],"curies":[{"name":"wp","href":"https:\/\/api.w.org\/{rel}","templated":true}]}}