{"id":2966,"date":"2023-03-24T14:47:42","date_gmt":"2023-03-24T13:47:42","guid":{"rendered":"https:\/\/odk-ergon.pl\/?page_id=2966"},"modified":"2023-03-25T00:52:50","modified_gmt":"2023-03-24T23:52:50","slug":"powers-skyjack-operators-maintainers","status":"publish","type":"page","link":"https:\/\/odk-ergon.pl\/fr\/szkolenia\/uprawnienia-udt-tdt\/uprawnienia-skyjack-dla-operatorow-konserwatorow\/","title":{"rendered":"Formation \u00e0 la licence Skyjack - pour les op\u00e9rateurs et les mainteneurs"},"content":{"rendered":"\n<p>Do urz\u0105dze\u0144 Skyjack zaliczamy podesty i podno\u015bniki, zw\u0142aszcza no\u017cycowe. Sk\u0142adaj\u0105 si\u0119 z podwozia na ko\u0142ach, wysi\u0119gnika, kt\u00f3rego sk\u0142adanie i rozk\u0142adanie przypomina prac\u0119 no\u017cyc oraz platformy, na kt\u00f3rej przemieszcza si\u0119 ludzi.&nbsp;<\/p>\n\n\n\n<h2 class=\"wp-block-heading\"><strong>Typy podest\u00f3w i zastosowanie<\/strong>&nbsp;<\/h2>\n\n\n\n<p>Podest no\u017cycowy (z angielskiego \u2013 scissor lift) mo\u017ce mie\u0107 r\u00f3\u017cne typy podno\u015bnik\u00f3w: przegubowy lub mieszany, teleskopowy i przegubowo \u2013 teleskopowy. Maszyny te mog\u0105 posiada\u0107 nap\u0119d elektryczny, spalinowy lub hybrydowy. Urz\u0105dzenia te mo\u017cna u\u017cywa\u0107 przy pracach zewn\u0119trznych, jak i wewn\u0119trznych. Ze wzgl\u0119du na swoj\u0105 budow\u0119 nadaj\u0105 r\u00f3wnie\u017c do u\u017cytku w mniejszych pomieszczeniach oraz do miejsc trudno dost\u0119pnych.&nbsp;&nbsp;<\/p>\n\n\n\n<p>Podno\u015bnik koszowy (z angielskiego \u2013 boom lift) jest rodzajem podestu ruchomego samojezdnego. Zar\u00f3wno wysi\u0119gnik, jak i platforma robocza s\u0105 zamontowane jako sta\u0142e elementy samochodu ci\u0119\u017carowego. Modele r\u00f3\u017cni\u0105 si\u0119 od siebie mo\u017cliw\u0105 liczb\u0105 os\u00f3b na platformie oraz maksymalnym ud\u017awigiem. Urz\u0105dzenia te mog\u0105 by\u0107 u\u017cywane do monta\u017cu konstrukcji stalowych, prac na dachu, przy elewacji budynk\u00f3w, do czyszczenia szyb, monta\u017cu reklam, instalacji i napraw o\u015bwietlenia, jak r\u00f3wnie\u017c do piel\u0119gnacji zieleni.&nbsp;<\/p>\n\n\n\n<h2 class=\"wp-block-heading\"><strong>Szkolenie dla operator\u00f3w&nbsp;<\/strong>&nbsp;<\/h2>\n\n\n\n<figure class=\"wp-block-image size-large is-resized\"><a href=\"https:\/\/odk-ergon.pl\/wp-content\/uploads\/2023\/03\/skyjack.jpg\"><img loading=\"lazy\" decoding=\"async\" src=\"https:\/\/odk-ergon.pl\/wp-content\/uploads\/2023\/03\/skyjack-1024x1024.jpg\" alt=\"podno\u015bnik skyjack w magazynie\" class=\"wp-image-2968\" width=\"512\" height=\"512\" srcset=\"https:\/\/odk-ergon.pl\/wp-content\/uploads\/2023\/03\/skyjack.jpg 1024w, https:\/\/odk-ergon.pl\/wp-content\/uploads\/2023\/03\/skyjack-300x300.jpg 300w, https:\/\/odk-ergon.pl\/wp-content\/uploads\/2023\/03\/skyjack-768x768.jpg 768w, https:\/\/odk-ergon.pl\/wp-content\/uploads\/2023\/03\/skyjack-12x12.jpg 12w, https:\/\/odk-ergon.pl\/wp-content\/uploads\/2023\/03\/skyjack-624x624.jpg 624w\" sizes=\"auto, (max-width: 512px) 100vw, 512px\" \/><\/a><\/figure>\n\n\n\n<p>Kursy sk\u0142adaj\u0105 si\u0119 z cz\u0119\u015bci teoretycznej i praktycznej.&nbsp; Poznasz wiele niezb\u0119dnych zagadnie\u0144 w zakresie:&nbsp;<\/p>\n\n\n\n<ul class=\"wp-block-list\">\n<li>budowy i dzia\u0142ania ka\u017cdego elementu podno\u015bnika i podestu,&nbsp;<\/li>\n\n\n\n<li>zasad BHP zwi\u0105zanych z prac\u0105 na l\u0105dzie oraz morzu,&nbsp;<\/li>\n\n\n\n<li>wszystko na temat eksploatacji i konserwacji podno\u015bnik\u00f3w.&nbsp;<\/li>\n<\/ul>\n\n\n\n<p>Poznasz tak\u017ce praktyk\u0119 \u2013 wiedz\u0119 zdobyt\u0105 podczas szkolenia teoretycznego, wykorzystasz w praktyce, \u0107wicz\u0105c obs\u0142ug\u0119 podno\u015bnik\u00f3w.&nbsp;<\/p>\n\n\n\n<p>Szkolenia ko\u0144cz\u0105 si\u0119 egzaminem UDT, po kt\u00f3rym otrzymuje si\u0119 certyfikat uprawniaj\u0105cy do obs\u0142ugi wybranej maszyny. Dokument jest honorowany w wybranych krajach Unii Europejskiej, a uprawnienia s\u0105 wa\u017cne przez 5 lat od daty wystawienia.&nbsp;<\/p>\n\n\n\n<h2 class=\"wp-block-heading\"><strong>Mo\u017cliwo\u015bci zatrudnienia<\/strong><strong><\/strong>&nbsp;<\/h2>\n\n\n\n<p>Zar\u00f3wno w Polsce, jak i za granic\u0105, specjali\u015bci posiadaj\u0105cy uprawnienia do pracy z podestami i podno\u015bnikami s\u0105 poszukiwani na rynku pracy. Wszechstronne u\u017cycie tych maszyn do wielu prac, powoduje wzrost zapotrzebowania os\u00f3b do prac konserwacyjnych, budowlanych czy instalacyjnych. &nbsp;<\/p>\n\n\n\n<h2 class=\"wp-block-heading\"><strong>Szkolenia dla konserwator\u00f3w<\/strong>&nbsp;<\/h2>\n\n\n\n<figure class=\"wp-block-image size-full is-resized\"><a href=\"https:\/\/odk-ergon.pl\/wp-content\/uploads\/2023\/03\/skyjjack-2.webp\"><img loading=\"lazy\" decoding=\"async\" src=\"https:\/\/odk-ergon.pl\/wp-content\/uploads\/2023\/03\/skyjjack-2.webp\" alt=\"kurs na uprawnienia podno\u015bnikowe \" class=\"wp-image-2969\" width=\"500\" height=\"500\" srcset=\"https:\/\/odk-ergon.pl\/wp-content\/uploads\/2023\/03\/skyjjack-2.webp 1000w, https:\/\/odk-ergon.pl\/wp-content\/uploads\/2023\/03\/skyjjack-2-300x300.webp 300w, https:\/\/odk-ergon.pl\/wp-content\/uploads\/2023\/03\/skyjjack-2-768x768.webp 768w, https:\/\/odk-ergon.pl\/wp-content\/uploads\/2023\/03\/skyjjack-2-12x12.webp 12w, https:\/\/odk-ergon.pl\/wp-content\/uploads\/2023\/03\/skyjjack-2-624x624.webp 624w\" sizes=\"auto, (max-width: 500px) 100vw, 500px\" \/><\/a><\/figure>\n\n\n\n<p>Jak w przypadku kursu dla operatora, konserwator r\u00f3wnie\u017c musi przej\u015b\u0107 szkolenie teoretyczne i praktyczne, kt\u00f3re b\u0119dzie zako\u0144czone egzaminem zdawanym przed komisj\u0105 UDT. Pozytywne zaliczenie gwarantuje zdobycie uprawnie\u0144 do pracy konserwatora.&nbsp;&nbsp;<\/p>\n\n\n\n<h3 class=\"wp-block-heading\"><strong>Przebieg kursu<\/strong><strong>:<\/strong><strong>&nbsp;<\/strong><strong><\/strong>&nbsp;<\/h3>\n\n\n\n<ul class=\"wp-block-list\">\n<li>wszystko, co musisz wiedzie\u0107 o dozorze technicznym,&nbsp;&nbsp;<\/li>\n\n\n\n<li>przepisy dla konserwator\u00f3w,&nbsp;<\/li>\n\n\n\n<li>om\u00f3wienie instrukcji obs\u0142ugi urz\u0105dzenia,&nbsp;&nbsp;<\/li>\n\n\n\n<li>budowa, rodzaje i dzia\u0142anie podest\u00f3w lub podno\u015bnik\u00f3w,&nbsp;<\/li>\n\n\n\n<li>poznasz obowi\u0105zki oraz prawa konserwatora,&nbsp;&nbsp;<\/li>\n\n\n\n<li>przepisy BHP,&nbsp;<\/li>\n\n\n\n<li>jak radzi\u0107 sobie z awariami,&nbsp;<\/li>\n\n\n\n<li>poznanie cz\u0119\u015bci elektrycznej i mechanicznej oraz hydraulicznej,&nbsp;<\/li>\n\n\n\n<li>jak utrzyma\u0107 urz\u0105dzenie w dobrym stanie.&nbsp;<\/li>\n<\/ul>\n\n\n\n<p>Uprawnienia wa\u017cne s\u0105 5 lat od daty ich wystawienia. G\u0142\u00f3wn\u0105 fili\u0119 szkoleniow\u0105 mamy we Warszawie, natomiast dodatkowo posiadamy opcj\u0119 organizacji szkole\u0144 w miejscu dopasowanym&nbsp; do Twoich potrzeb, r\u00f3wnie\u017c za granic\u0105. Szkolimy osoby indywidualne oraz grupy pracownicze z firm.&nbsp;&nbsp;<\/p>\n\n\n\n<p>Opr\u00f3cz szkole\u0144, oferujemy r\u00f3wnie\u017c serwis. Naprawiamy oraz zrobimy przegl\u0105d ka\u017cdego rodzaju podestu i podno\u015bnika, a w razie potrzeby wymienimy wadliwe elementy. Dodatkowo polepszymy ich stan przez konserwacj\u0119.&nbsp;&nbsp;<\/p>\n\n\n\n<p>Masz pytania? Zapraszamy do kontaktu.&nbsp;<\/p>\n\n\n\n<h2 class=\"wp-block-heading\">Pytania i odpowiedzi<\/h2>\n\n\n\t\t<details\t\thelp class=\"sc_fs_faq sc_card    \"\n\t\topen\t\t>\n\t\t\t\t\t<summary>\n\t\t\t\t<h3>Czym s\u0105 urz\u0105dzenia Skyjack?<\/h3>\t\t\t\t\t<\/summary>\n\t\t\t\t<div>\n\t\t\t\t\t\t<div class=\"sc_fs_faq__content\">\n\t\t\t\t\n\n<p>Do maszyn Skyjack zaliczamy <a href=\"https:\/\/odk-ergon.pl\/fr\/szkolenia\/uprawnienia-udt-tdt\/podeste-ruchome\/\">podesty ruchome<\/a> oraz podno\u015bniki no\u017cycowe. Aby pracowa\u0107 z tymi urz\u0105dzeniami nale\u017cy zdoby\u0107 uprawnienia, na kt\u00f3re szkolenia oferuje ERGON.<\/p>\n\n\t\t\t<\/div>\n\t\t<\/div>\n\t\t<\/details>\n\t\t\t\t<details\t\thelp class=\"sc_fs_faq sc_card    \"\n\t\t\t\t>\n\t\t\t\t\t<summary>\n\t\t\t\t<h3>Gdzie mo\u017ce pracowa\u0107 operator urz\u0105dze\u0144 Skyjack?<\/h3>\t\t\t\t\t<\/summary>\n\t\t\t\t<div>\n\t\t\t\t\t\t<div class=\"sc_fs_faq__content\">\n\t\t\t\t\n\n<p>Mo\u017cliwo\u015bci pracy s\u0105 bardzo szerokie. Urz\u0105dzenia podno\u015bnikowe Skyjack s\u0105 u\u017cywany na budowach, przy remontach, monta\u017cu reklam, naprawach dach\u00f3w czy czyszczeniu szyb.&nbsp;<\/p>\n\n\t\t\t<\/div>\n\t\t<\/div>\n\t\t<\/details>\n\t\t\t\t<details\t\thelp class=\"sc_fs_faq sc_card    \"\n\t\t\t\t>\n\t\t\t\t\t<summary>\n\t\t\t\t<h3>Czy o\u015brodek oferuje serwis urz\u0105dze\u0144? <\/h3>\t\t\t\t\t<\/summary>\n\t\t\t\t<div>\n\t\t\t\t\t\t<div class=\"sc_fs_faq__content\">\n\t\t\t\t\n\n<p>Opr\u00f3cz kurs\u00f3w na podesty i podno\u015bniki zar\u00f3wno dla operator\u00f3w jak i konserwator\u00f3w, prowadzimy r\u00f3wnie\u017c serwis wszystkich urz\u0105dze\u0144 z naszej oferty szkoleniowej.<\/p>\n\n\t\t\t<\/div>\n\t\t<\/div>\n\t\t<\/details>\n\t\t\n<script type=\"application\/ld+json\">\n\t{\n\t\t\"@context\": \"https:\/\/schema.org\",\n\t\t\"@type\": \"FAQPage\",\n\t\t\"mainEntity\": [\n\t\t\t\t\t{\n\t\t\t\t\"@type\": \"Question\",\n\t\t\t\t\"name\": \"Czym s\u0105 urz\u0105dzenia Skyjack?\",\n\t\t\t\t\"acceptedAnswer\": {\n\t\t\t\t\t\"@type\": \"Answer\",\n\t\t\t\t\t\"text\": \"<p>Do maszyn Skyjack zaliczamy podesty ruchome oraz podno\u015bniki no\u017cycowe. Aby pracowa\u0107 z tymi urz\u0105dzeniami nale\u017cy zdoby\u0107 uprawnienia, na kt\u00f3re szkolenia oferuje ERGON.<\/p>\"\n\t\t\t\t\t\t\t\t\t}\n\t\t\t}\n\t\t\t,\t\t\t\t{\n\t\t\t\t\"@type\": \"Question\",\n\t\t\t\t\"name\": \"Gdzie mo\u017ce pracowa\u0107 operator urz\u0105dze\u0144 Skyjack?\",\n\t\t\t\t\"acceptedAnswer\": {\n\t\t\t\t\t\"@type\": \"Answer\",\n\t\t\t\t\t\"text\": \"<p>Mo\u017cliwo\u015bci pracy s\u0105 bardzo szerokie. Urz\u0105dzenia podno\u015bnikowe Skyjack s\u0105 u\u017cywany na budowach, przy remontach, monta\u017cu reklam, naprawach dach\u00f3w czy czyszczeniu szyb.&nbsp;<\/p>\"\n\t\t\t\t\t\t\t\t\t}\n\t\t\t}\n\t\t\t,\t\t\t\t{\n\t\t\t\t\"@type\": \"Question\",\n\t\t\t\t\"name\": \"Czy o\u015brodek oferuje serwis urz\u0105dze\u0144? \",\n\t\t\t\t\"acceptedAnswer\": {\n\t\t\t\t\t\"@type\": \"Answer\",\n\t\t\t\t\t\"text\": \"<p>Opr\u00f3cz kurs\u00f3w na podesty i podno\u015bniki zar\u00f3wno dla operator\u00f3w jak i konserwator\u00f3w, prowadzimy r\u00f3wnie\u017c serwis wszystkich urz\u0105dze\u0144 z naszej oferty szkoleniowej.<\/p>\"\n\t\t\t\t\t\t\t\t\t}\n\t\t\t}\n\t\t\t\t\t\t]\n\t}\n<\/script>\n","protected":false},"excerpt":{"rendered":"<p>Do urz\u0105dze\u0144 Skyjack zaliczamy podesty i podno\u015bniki, zw\u0142aszcza no\u017cycowe. Sk\u0142adaj\u0105 si\u0119 z podwozia na ko\u0142ach, wysi\u0119gnika, kt\u00f3rego sk\u0142adanie i rozk\u0142adanie przypomina prac\u0119 no\u017cyc oraz platformy, na kt\u00f3rej przemieszcza si\u0119 ludzi.&nbsp; Typy podest\u00f3w i zastosowanie&nbsp; Podest no\u017cycowy (z angielskiego \u2013 scissor lift) mo\u017ce mie\u0107 r\u00f3\u017cne typy podno\u015bnik\u00f3w: przegubowy lub mieszany, teleskopowy i przegubowo \u2013 teleskopowy. Maszyny te mog\u0105 posiada\u0107 nap\u0119d elektryczny, spalinowy lub hybrydowy. Urz\u0105dzenia te mo\u017cna u\u017cywa\u0107 przy pracach zewn\u0119trznych, jak i wewn\u0119trznych. Ze wzgl\u0119du na swoj\u0105 budow\u0119 nadaj\u0105 r\u00f3wnie\u017c do u\u017cytku w mniejszych pomieszczeniach oraz do miejsc trudno dost\u0119pnych.&nbsp;&nbsp; Podno\u015bnik koszowy (z angielskiego \u2013 boom lift) jest rodzajem podestu ruchomego samojezdnego. Zar\u00f3wno wysi\u0119gnik, jak i platforma robocza s\u0105 zamontowane jako sta\u0142e elementy samochodu ci\u0119\u017carowego. Modele r\u00f3\u017cni\u0105 si\u0119 od siebie mo\u017cliw\u0105 liczb\u0105 os\u00f3b na platformie oraz maksymalnym ud\u017awigiem. Urz\u0105dzenia te mog\u0105 by\u0107 u\u017cywane do monta\u017cu konstrukcji stalowych, prac na dachu, przy elewacji budynk\u00f3w, do czyszczenia szyb, monta\u017cu reklam, instalacji i napraw o\u015bwietlenia, jak r\u00f3wnie\u017c do piel\u0119gnacji zieleni.&nbsp; Szkolenie dla operator\u00f3w&nbsp;&nbsp; Kursy sk\u0142adaj\u0105 si\u0119 z cz\u0119\u015bci teoretycznej i praktycznej.&nbsp; Poznasz wiele niezb\u0119dnych zagadnie\u0144 w zakresie:&nbsp; Poznasz tak\u017ce praktyk\u0119 \u2013 wiedz\u0119 zdobyt\u0105 podczas szkolenia teoretycznego, wykorzystasz w praktyce, \u0107wicz\u0105c obs\u0142ug\u0119 podno\u015bnik\u00f3w.&nbsp; Szkolenia ko\u0144cz\u0105 si\u0119 egzaminem UDT, po kt\u00f3rym otrzymuje si\u0119 certyfikat uprawniaj\u0105cy do obs\u0142ugi wybranej maszyny. Dokument jest honorowany w wybranych krajach Unii Europejskiej, a uprawnienia s\u0105 wa\u017cne przez 5 lat od daty wystawienia.&nbsp; Mo\u017cliwo\u015bci zatrudnienia&nbsp; Zar\u00f3wno w Polsce, jak i za granic\u0105, specjali\u015bci posiadaj\u0105cy uprawnienia do pracy z podestami i podno\u015bnikami s\u0105 poszukiwani na rynku pracy. Wszechstronne u\u017cycie tych maszyn do wielu prac, powoduje wzrost zapotrzebowania [&hellip;]<\/p>\n","protected":false},"author":1,"featured_media":2968,"parent":1828,"menu_order":0,"comment_status":"closed","ping_status":"closed","template":"","meta":{"sfsi_plus_gutenberg_text_before_share":"","sfsi_plus_gutenberg_show_text_before_share":"","sfsi_plus_gutenberg_icon_type":"","sfsi_plus_gutenberg_icon_alignemt":"","sfsi_plus_gutenburg_max_per_row":"","footnotes":""},"class_list":["post-2966","page","type-page","status-publish","has-post-thumbnail","hentry","has_thumb"],"aioseo_notices":[],"_links":{"self":[{"href":"https:\/\/odk-ergon.pl\/fr\/wp-json\/wp\/v2\/pages\/2966","targetHints":{"allow":["GET"]}}],"collection":[{"href":"https:\/\/odk-ergon.pl\/fr\/wp-json\/wp\/v2\/pages"}],"about":[{"href":"https:\/\/odk-ergon.pl\/fr\/wp-json\/wp\/v2\/types\/page"}],"author":[{"embeddable":true,"href":"https:\/\/odk-ergon.pl\/fr\/wp-json\/wp\/v2\/users\/1"}],"replies":[{"embeddable":true,"href":"https:\/\/odk-ergon.pl\/fr\/wp-json\/wp\/v2\/comments?post=2966"}],"version-history":[{"count":5,"href":"https:\/\/odk-ergon.pl\/fr\/wp-json\/wp\/v2\/pages\/2966\/revisions"}],"predecessor-version":[{"id":3423,"href":"https:\/\/odk-ergon.pl\/fr\/wp-json\/wp\/v2\/pages\/2966\/revisions\/3423"}],"up":[{"embeddable":true,"href":"https:\/\/odk-ergon.pl\/fr\/wp-json\/wp\/v2\/pages\/1828"}],"wp:featuredmedia":[{"embeddable":true,"href":"https:\/\/odk-ergon.pl\/fr\/wp-json\/wp\/v2\/media\/2968"}],"wp:attachment":[{"href":"https:\/\/odk-ergon.pl\/fr\/wp-json\/wp\/v2\/media?parent=2966"}],"curies":[{"name":"wp","href":"https:\/\/api.w.org\/{rel}","templated":true}]}}