{"id":2971,"date":"2023-03-24T14:46:43","date_gmt":"2023-03-24T13:46:43","guid":{"rendered":"https:\/\/odk-ergon.pl\/?page_id=2971"},"modified":"2023-03-24T23:57:20","modified_gmt":"2023-03-24T22:57:20","slug":"vente-dequipement-udt","status":"publish","type":"page","link":"https:\/\/odk-ergon.pl\/fr\/zakres-uslug\/sprzedaz-urzadzen-udt\/","title":{"rendered":"Vente de l'\u00e9quipement de l'UDT"},"content":{"rendered":"\n<p>Nasza firma dzia\u0142a na rynku od wielu lat i specjalizuje si\u0119 w sprzeda\u017cy nowych oraz u\u017cywanych urz\u0105dze\u0144 UDT. W sk\u0142ad naszej oferty wchodz\u0105 maszyny transportu bliskiego od uznanych na \u015bwiatowych rynkach producent\u00f3w. Oferujemy szeroki wyb\u00f3r wielu maszyn.&nbsp;<\/p>\n\n\n\n<h2 class=\"wp-block-heading\"><strong>Urz\u0105dzenia transportu bliskiego<\/strong>&nbsp;<\/h2>\n\n\n\n<p>W naszej ofercie sprzeda\u017cowej znajduj\u0105 si\u0119 g\u0142\u00f3wnie maszyny transportu bliskiego, a mianowicie:&nbsp;<\/p>\n\n\n\n<ul class=\"wp-block-list\">\n<li>\u017curawie HDS,&nbsp;<\/li>\n\n\n\n<li>podno\u015bniki koszowe,&nbsp;<\/li>\n\n\n\n<li>podno\u015bniki no\u017cycowe,&nbsp;<\/li>\n\n\n\n<li>\u0142adowarki teleskopowe,&nbsp;<\/li>\n\n\n\n<li>w\u00f3zki wid\u0142owe.&nbsp;<\/li>\n<\/ul>\n\n\n\n<h2 class=\"wp-block-heading\"><strong>Oferta maszyn UDT<\/strong>&nbsp;<\/h2>\n\n\n\n<p>W przedstawionej przez nas ofercie znajduj\u0105 si\u0119 nowe jak i u\u017cywane maszyny UDT od uznanych marek. Je\u015bli klient zakupi u nas nowy sprz\u0119t od razu mo\u017ce z niego korzysta\u0107. Sprawa wygl\u0105da nieco inaczej w przypadku maszyn u\u017cywanych, te przed wystawieniem na sprzeda\u017c trafiaj\u0105 do naszego serwisu, gdzie przechodz\u0105 audyt oraz inne badania. Po pozytywnej opinii dopiero wystawiamy je do oferty sprzeda\u017cowej. Ka\u017cdy z naszych klient\u00f3w, kt\u00f3ry interesuje si\u0119 zakupem urz\u0105dzenia ma mo\u017cliwo\u015b\u0107 skorzystania z porady naszego doradcy. Umo\u017cliwiamy tak\u017ce dostarczenie zakupionego sprz\u0119tu pod wskazany adres przez klienta.&nbsp;<\/p>\n\n\n\n<h2 class=\"wp-block-heading\"><strong>Urz\u0105dzenia UDT \u2013<\/strong> <strong>opis<\/strong>&nbsp;<\/h2>\n\n\n\n<figure class=\"wp-block-image size-full is-resized\"><a href=\"https:\/\/odk-ergon.pl\/wp-content\/uploads\/2023\/03\/UDT-2.webp\"><img loading=\"lazy\" decoding=\"async\" src=\"https:\/\/odk-ergon.pl\/wp-content\/uploads\/2023\/03\/UDT-2.webp\" alt=\"uzyskiwanie porad od doradcy\" class=\"wp-image-2973\" width=\"500\" height=\"375\" srcset=\"https:\/\/odk-ergon.pl\/wp-content\/uploads\/2023\/03\/UDT-2.webp 1000w, https:\/\/odk-ergon.pl\/wp-content\/uploads\/2023\/03\/UDT-2-300x225.webp 300w, https:\/\/odk-ergon.pl\/wp-content\/uploads\/2023\/03\/UDT-2-768x576.webp 768w, https:\/\/odk-ergon.pl\/wp-content\/uploads\/2023\/03\/UDT-2-16x12.webp 16w, https:\/\/odk-ergon.pl\/wp-content\/uploads\/2023\/03\/UDT-2-640x480.webp 640w, https:\/\/odk-ergon.pl\/wp-content\/uploads\/2023\/03\/UDT-2-624x468.webp 624w\" sizes=\"auto, (max-width: 500px) 100vw, 500px\" \/><\/a><\/figure>\n\n\n\n<p>Urz\u0105dzenia UDT s\u0105 wykorzystywane przede wszystkim do wykonywania prac magazynowych, transportowych, za\u0142adunkowych czy te\u017c na placach budowy. Cz\u0119sto u\u017cywany skr\u00f3t UDT oznacza Urz\u0105d Dozoru Technicznego. Jest to instytut odpowiedzialny za maszyny oraz za wydawanie uprawnie\u0144 do wykonywania prac z nimi.&nbsp;&nbsp;<\/p>\n\n\n\n<h2 class=\"wp-block-heading\"><strong>Serwis&nbsp;<\/strong>&nbsp;<\/h2>\n\n\n\n<p>Posiadamy r\u00f3wnie\u017c serwis urz\u0105dze\u0144 UDT. W warsztacie pracuj\u0105 prawdziwi specjali\u015bci, kt\u00f3rzy w odpowiedni spos\u00f3b zajm\u0105 si\u0119 napraw\u0105 Twojej maszyny. Przeprowadzamy kompletne naprawy, modernizacje, audyty czy regeneracje maszyn. Pracujemy na cz\u0119\u015bciach zamiennych co znacznie wp\u0142ywa na czas naprawy.&nbsp;&nbsp;<\/p>\n\n\n\n<h3 class=\"wp-block-heading\">Serwisujemy m.in. takie urz\u0105dzenia jak:&nbsp;<\/h3>\n\n\n\n<ul class=\"wp-block-list\">\n<li>suwnice,&nbsp;<\/li>\n\n\n\n<li>w\u00f3zki wid\u0142owe,&nbsp;<\/li>\n\n\n\n<li>\u0142adowarki teleskopowe,&nbsp;<\/li>\n\n\n\n<li>d\u017awigi,&nbsp;<\/li>\n\n\n\n<li>podesty ruchome (w tym podno\u015bniki koszowe i no\u017cycowe),&nbsp;<\/li>\n\n\n\n<li>\u017curawie HDS.&nbsp;<\/li>\n<\/ul>\n\n\n\n<h2 class=\"wp-block-heading\"><strong>Inne nasze us\u0142ugi&nbsp;<\/strong>&nbsp;<\/h2>\n\n\n\n<figure class=\"wp-block-image size-large is-resized\"><a href=\"https:\/\/odk-ergon.pl\/wp-content\/uploads\/2023\/03\/UDT-6.webp\"><img loading=\"lazy\" decoding=\"async\" src=\"https:\/\/odk-ergon.pl\/wp-content\/uploads\/2023\/03\/UDT-6-1024x680.webp\" alt=\"zakup u\u017cywanego sprz\u0119tu\" class=\"wp-image-2974\" width=\"512\" height=\"340\" srcset=\"https:\/\/odk-ergon.pl\/wp-content\/uploads\/2023\/03\/UDT-6-1024x680.webp 1024w, https:\/\/odk-ergon.pl\/wp-content\/uploads\/2023\/03\/UDT-6-300x199.webp 300w, https:\/\/odk-ergon.pl\/wp-content\/uploads\/2023\/03\/UDT-6-768x510.webp 768w, https:\/\/odk-ergon.pl\/wp-content\/uploads\/2023\/03\/UDT-6-1536x1020.webp 1536w, https:\/\/odk-ergon.pl\/wp-content\/uploads\/2023\/03\/UDT-6-2048x1360.webp 2048w, https:\/\/odk-ergon.pl\/wp-content\/uploads\/2023\/03\/UDT-6-18x12.webp 18w, https:\/\/odk-ergon.pl\/wp-content\/uploads\/2023\/03\/UDT-6-624x414.webp 624w\" sizes=\"auto, (max-width: 512px) 100vw, 512px\" \/><\/a><\/figure>\n\n\n\n<p>Realizujemy tak\u017ce kursy dla operator\u00f3w oraz konserwator\u00f3w urz\u0105dze\u0144 UDT. Kurs przeprowadza nasza wyspecjalizowana ekipa wyk\u0142adowcza, kt\u00f3ra bez problemu przygotuje Pa\u0144stwa do zaliczenia egzaminu pa\u0144stwowego z zakresu teoretycznego i praktycznego.&nbsp;&nbsp;<\/p>\n\n\n\n<p>Nasi kursanci po uzyskaniu uprawnie\u0144 b\u0119d\u0105 mogli u\u017cytkowa\u0107 podesty ruchome od wszystkich producent\u00f3w, a w tym m.in:&nbsp;<\/p>\n\n\n\n<ul class=\"dwiekolumny wp-block-list\">\n<li>Omme,&nbsp;<\/li>\n\n\n\n<li>Denka,&nbsp;<\/li>\n\n\n\n<li>Lionlift,&nbsp;<\/li>\n\n\n\n<li>CTE,&nbsp;<\/li>\n\n\n\n<li>Paus,&nbsp;<\/li>\n\n\n\n<li>Holland lift,&nbsp;<\/li>\n\n\n\n<li>TKD,&nbsp;<\/li>\n\n\n\n<li>Hunter,&nbsp;<\/li>\n\n\n\n<li>RAM,&nbsp;<\/li>\n\n\n\n<li>GSR,&nbsp;<\/li>\n\n\n\n<li>Simon,&nbsp;<\/li>\n\n\n\n<li>Weber,&nbsp;<\/li>\n\n\n\n<li>Haulotte,&nbsp;<\/li>\n\n\n\n<li>Skyjack,&nbsp;<\/li>\n\n\n\n<li>Sky High,&nbsp;<\/li>\n\n\n\n<li>Palazzani,&nbsp;<\/li>\n\n\n\n<li>Bocker,&nbsp;<\/li>\n\n\n\n<li>Alp-lift,&nbsp;<\/li>\n\n\n\n<li>Cella.&nbsp;<\/li>\n<\/ul>\n\n\n\n<p>Nasi kursanci po uzyskaniu kwalifikacji b\u0119d\u0105 mogli obs\u0142ugiwa\u0107 w\u00f3zki wid\u0142owe od wielu producent\u00f3w, a w tym m.in:&nbsp;<\/p>\n\n\n\n<ul class=\"dwiekolumny wp-block-list\">\n<li>OMG,&nbsp;<\/li>\n\n\n\n<li>Komatsu,&nbsp;<\/li>\n\n\n\n<li>BT,&nbsp;<\/li>\n\n\n\n<li>Still,&nbsp;<\/li>\n\n\n\n<li>Linde,&nbsp;<\/li>\n\n\n\n<li>Taski,&nbsp;<\/li>\n\n\n\n<li>OMV,&nbsp;<\/li>\n\n\n\n<li>Yale,&nbsp;<\/li>\n\n\n\n<li>HC,&nbsp;<\/li>\n\n\n\n<li>Jungheinrich,&nbsp;<\/li>\n\n\n\n<li>Nissan,&nbsp;<\/li>\n\n\n\n<li>Manitou,&nbsp;<\/li>\n\n\n\n<li>Hyundai,&nbsp;<\/li>\n\n\n\n<li>Hako.&nbsp;<\/li>\n<\/ul>\n\n\n\n<h2 class=\"wp-block-heading\">Pytania i odpowiedzi<\/h2>\n\n\n\t\t<details\t\thelp class=\"sc_fs_faq sc_card    \"\n\t\topen\t\t>\n\t\t\t\t\t<summary>\n\t\t\t\t<h3>Czy prowadz\u0105 Pa\u0144stwo inne us\u0142ugi opr\u00f3cz sprzeda\u017cy? <\/h3>\t\t\t\t\t<\/summary>\n\t\t\t\t<div>\n\t\t\t\t\t\t<div class=\"sc_fs_faq__content\">\n\t\t\t\t\n\n<p>Tak, prowadzimy szkolenia dla operator\u00f3w oraz konserwator\u00f3w na urz\u0105dzenia UDT. Kursy prowadzone s\u0105 przez wyspecjalizowan\u0105 ekip\u0119 wyk\u0142adowc\u00f3w oraz instruktor\u00f3w.&nbsp;&nbsp;<\/p>\n\n\t\t\t<\/div>\n\t\t<\/div>\n\t\t<\/details>\n\t\t\t\t<details\t\thelp class=\"sc_fs_faq sc_card    \"\n\t\t\t\t>\n\t\t\t\t\t<summary>\n\t\t\t\t<h3>Gdzie wykorzystywane s\u0105 urz\u0105dzenia UDT? <\/h3>\t\t\t\t\t<\/summary>\n\t\t\t\t<div>\n\t\t\t\t\t\t<div class=\"sc_fs_faq__content\">\n\t\t\t\t\n\n<p>Urz\u0105dzenia UDT wykorzystuje si\u0119 do prac magazynowych, transportowych, za\u0142adunkowych oraz roz\u0142adunkowych oraz cz\u0119sto korzysta si\u0119 z nich na placach budowy.&nbsp;<\/p>\n\n\t\t\t<\/div>\n\t\t<\/div>\n\t\t<\/details>\n\t\t\n<script type=\"application\/ld+json\">\n\t{\n\t\t\"@context\": \"https:\/\/schema.org\",\n\t\t\"@type\": \"FAQPage\",\n\t\t\"mainEntity\": [\n\t\t\t\t\t{\n\t\t\t\t\"@type\": \"Question\",\n\t\t\t\t\"name\": \"Czy prowadz\u0105 Pa\u0144stwo inne us\u0142ugi opr\u00f3cz sprzeda\u017cy? \",\n\t\t\t\t\"acceptedAnswer\": {\n\t\t\t\t\t\"@type\": \"Answer\",\n\t\t\t\t\t\"text\": \"<p>Tak, prowadzimy szkolenia dla operator\u00f3w oraz konserwator\u00f3w na urz\u0105dzenia UDT. Kursy prowadzone s\u0105 przez wyspecjalizowan\u0105 ekip\u0119 wyk\u0142adowc\u00f3w oraz instruktor\u00f3w.&nbsp;&nbsp;<\/p>\"\n\t\t\t\t\t\t\t\t\t}\n\t\t\t}\n\t\t\t,\t\t\t\t{\n\t\t\t\t\"@type\": \"Question\",\n\t\t\t\t\"name\": \"Gdzie wykorzystywane s\u0105 urz\u0105dzenia UDT? \",\n\t\t\t\t\"acceptedAnswer\": {\n\t\t\t\t\t\"@type\": \"Answer\",\n\t\t\t\t\t\"text\": \"<p>Urz\u0105dzenia UDT wykorzystuje si\u0119 do prac magazynowych, transportowych, za\u0142adunkowych oraz roz\u0142adunkowych oraz cz\u0119sto korzysta si\u0119 z nich na placach budowy.&nbsp;<\/p>\"\n\t\t\t\t\t\t\t\t\t}\n\t\t\t}\n\t\t\t\t\t\t]\n\t}\n<\/script>\n","protected":false},"excerpt":{"rendered":"<p>Nasza firma dzia\u0142a na rynku od wielu lat i specjalizuje si\u0119 w sprzeda\u017cy nowych oraz u\u017cywanych urz\u0105dze\u0144 UDT. W sk\u0142ad naszej oferty wchodz\u0105 maszyny transportu bliskiego od uznanych na \u015bwiatowych rynkach producent\u00f3w. Oferujemy szeroki wyb\u00f3r wielu maszyn.&nbsp; Urz\u0105dzenia transportu bliskiego&nbsp; W naszej ofercie sprzeda\u017cowej znajduj\u0105 si\u0119 g\u0142\u00f3wnie maszyny transportu bliskiego, a mianowicie:&nbsp; Oferta maszyn UDT&nbsp; W przedstawionej przez nas ofercie znajduj\u0105 si\u0119 nowe jak i u\u017cywane maszyny UDT od uznanych marek. Je\u015bli klient zakupi u nas nowy sprz\u0119t od razu mo\u017ce z niego korzysta\u0107. Sprawa wygl\u0105da nieco inaczej w przypadku maszyn u\u017cywanych, te przed wystawieniem na sprzeda\u017c trafiaj\u0105 do naszego serwisu, gdzie przechodz\u0105 audyt oraz inne badania. Po pozytywnej opinii dopiero wystawiamy je do oferty sprzeda\u017cowej. Ka\u017cdy z naszych klient\u00f3w, kt\u00f3ry interesuje si\u0119 zakupem urz\u0105dzenia ma mo\u017cliwo\u015b\u0107 skorzystania z porady naszego doradcy. Umo\u017cliwiamy tak\u017ce dostarczenie zakupionego sprz\u0119tu pod wskazany adres przez klienta.&nbsp; Urz\u0105dzenia UDT \u2013 opis&nbsp; Urz\u0105dzenia UDT s\u0105 wykorzystywane przede wszystkim do wykonywania prac magazynowych, transportowych, za\u0142adunkowych czy te\u017c na placach budowy. Cz\u0119sto u\u017cywany skr\u00f3t UDT oznacza Urz\u0105d Dozoru Technicznego. Jest to instytut odpowiedzialny za maszyny oraz za wydawanie uprawnie\u0144 do wykonywania prac z nimi.&nbsp;&nbsp; Serwis&nbsp;&nbsp; Posiadamy r\u00f3wnie\u017c serwis urz\u0105dze\u0144 UDT. W warsztacie pracuj\u0105 prawdziwi specjali\u015bci, kt\u00f3rzy w odpowiedni spos\u00f3b zajm\u0105 si\u0119 napraw\u0105 Twojej maszyny. Przeprowadzamy kompletne naprawy, modernizacje, audyty czy regeneracje maszyn. Pracujemy na cz\u0119\u015bciach zamiennych co znacznie wp\u0142ywa na czas naprawy.&nbsp;&nbsp; Serwisujemy m.in. takie urz\u0105dzenia jak:&nbsp; Inne nasze us\u0142ugi&nbsp;&nbsp; Realizujemy tak\u017ce kursy dla operator\u00f3w oraz konserwator\u00f3w urz\u0105dze\u0144 UDT. Kurs przeprowadza nasza wyspecjalizowana ekipa wyk\u0142adowcza, kt\u00f3ra bez problemu przygotuje Pa\u0144stwa do zaliczenia egzaminu [&hellip;]<\/p>\n","protected":false},"author":1,"featured_media":2972,"parent":3394,"menu_order":0,"comment_status":"closed","ping_status":"closed","template":"","meta":{"sfsi_plus_gutenberg_text_before_share":"","sfsi_plus_gutenberg_show_text_before_share":"","sfsi_plus_gutenberg_icon_type":"","sfsi_plus_gutenberg_icon_alignemt":"","sfsi_plus_gutenburg_max_per_row":"","footnotes":""},"class_list":["post-2971","page","type-page","status-publish","has-post-thumbnail","hentry","has_thumb"],"aioseo_notices":[],"_links":{"self":[{"href":"https:\/\/odk-ergon.pl\/fr\/wp-json\/wp\/v2\/pages\/2971","targetHints":{"allow":["GET"]}}],"collection":[{"href":"https:\/\/odk-ergon.pl\/fr\/wp-json\/wp\/v2\/pages"}],"about":[{"href":"https:\/\/odk-ergon.pl\/fr\/wp-json\/wp\/v2\/types\/page"}],"author":[{"embeddable":true,"href":"https:\/\/odk-ergon.pl\/fr\/wp-json\/wp\/v2\/users\/1"}],"replies":[{"embeddable":true,"href":"https:\/\/odk-ergon.pl\/fr\/wp-json\/wp\/v2\/comments?post=2971"}],"version-history":[{"count":5,"href":"https:\/\/odk-ergon.pl\/fr\/wp-json\/wp\/v2\/pages\/2971\/revisions"}],"predecessor-version":[{"id":3247,"href":"https:\/\/odk-ergon.pl\/fr\/wp-json\/wp\/v2\/pages\/2971\/revisions\/3247"}],"up":[{"embeddable":true,"href":"https:\/\/odk-ergon.pl\/fr\/wp-json\/wp\/v2\/pages\/3394"}],"wp:featuredmedia":[{"embeddable":true,"href":"https:\/\/odk-ergon.pl\/fr\/wp-json\/wp\/v2\/media\/2972"}],"wp:attachment":[{"href":"https:\/\/odk-ergon.pl\/fr\/wp-json\/wp\/v2\/media?parent=2971"}],"curies":[{"name":"wp","href":"https:\/\/api.w.org\/{rel}","templated":true}]}}