{"id":2995,"date":"2023-03-24T15:14:54","date_gmt":"2023-03-24T14:14:54","guid":{"rendered":"https:\/\/odk-ergon.pl\/?page_id=2995"},"modified":"2023-03-24T23:58:43","modified_gmt":"2023-03-24T22:58:43","slug":"dispositifs-audits","status":"publish","type":"page","link":"https:\/\/odk-ergon.pl\/fr\/zakres-uslug\/urzadzenia-udt-audyty\/","title":{"rendered":"\u00c9quipement UDT - audits"},"content":{"rendered":"\n<p>Nasza firma specjalizuje si\u0119 w us\u0142ugach dotycz\u0105cych urz\u0105dze\u0144 UDT. Zajmujemy si\u0119 diagnostyk\u0105, sprawdzamy, czy sprz\u0119t nadaje si\u0119 do dalszego u\u017cytku i czy spe\u0142nia wymogi bezpiecze\u0144stwa. Wszystko wed\u0142ug zalece\u0144 Urz\u0119du Dozoru Technicznego.&nbsp;<\/p>\n\n\n\n<h2 class=\"wp-block-heading\"><strong>Okresowe przegl\u0105dy i audyty<\/strong>&nbsp;<\/h2>\n\n\n\n<p>Od podmiot\u00f3w rozporz\u0105dzaj\u0105cych powy\u017cszymi rodzajami sprz\u0119tu, Urz\u0105d Dozoru Technicznego wymaga przede wszystkim rejestracji wszystkich u\u017cywanych urz\u0105dze\u0144 oraz okresowego ich przegl\u0105du. Taki przegl\u0105d musi odby\u0107 si\u0119 w wyznaczonym terminie i spe\u0142nia\u0107 wszystkie wytyczne UDT. Dopiero po kompleksowym wykonaniu czynno\u015bci kontrolnych, urz\u0105d potwierdza odbycie si\u0119 przegl\u0105du stosownym za\u015bwiadczeniem. Nasza firma oferuje doradztwo pod k\u0105tem obowi\u0105zuj\u0105cych w tym aspekcie formalno\u015bci. Gwarantujemy szybkie i pe\u0142ne zaj\u0119cie si\u0119 dokumentacj\u0105 audytow\u0105.&nbsp;&nbsp;<\/p>\n\n\n\n<h2 class=\"wp-block-heading\"><strong>Co obejmuje audyt?<\/strong>&nbsp;<\/h2>\n\n\n\n<p>Nasza firma zajmuje si\u0119 g\u0142\u00f3wnie kontrol\u0105 i diagnostyk\u0105 sprz\u0119tu zaliczanego do kategorii urz\u0105dze\u0144 transportu bliskiego. Wliczaj\u0105 si\u0119 w to:&nbsp;<\/p>\n\n\n\n<ul class=\"wp-block-list\">\n<li>podesty ruchome (koszowe i no\u017cycowe),&nbsp;<\/li>\n\n\n\n<li>\u0142adowarki teleskopowe,&nbsp;&nbsp;<\/li>\n\n\n\n<li>\u017curawie HDS,&nbsp;<\/li>\n\n\n\n<li>d\u017awigi\u2013windy,&nbsp;<\/li>\n\n\n\n<li>suwnice,&nbsp;<\/li>\n\n\n\n<li>w\u00f3zki wid\u0142owe.&nbsp;<\/li>\n<\/ul>\n\n\n\n<p>Urz\u0105dzenia te ze wzgl\u0119du na spos\u00f3b ich wykorzystywania, naturalnie podlegaj\u0105 mocniejszej eksploatacji ni\u017c inny sprz\u0119t. Audyt jest wi\u0119c dzia\u0142aniem koniecznym do okre\u015blenia ich dalszych mo\u017cliwo\u015bci i stanu bezpiecze\u0144stwa przy pracy z nimi.&nbsp;&nbsp;<\/p>\n\n\n\n<figure class=\"wp-block-image size-large is-resized\"><a href=\"https:\/\/odk-ergon.pl\/wp-content\/uploads\/2023\/03\/audyt-przeglad.jpg\"><img loading=\"lazy\" decoding=\"async\" src=\"https:\/\/odk-ergon.pl\/wp-content\/uploads\/2023\/03\/audyt-przeglad-1024x683.jpg\" alt=\"pracownicy omawiaj\u0105cy stan sprz\u0119tu\" class=\"wp-image-2999\" width=\"512\" height=\"342\" srcset=\"https:\/\/odk-ergon.pl\/wp-content\/uploads\/2023\/03\/audyt-przeglad-1024x683.jpg 1024w, https:\/\/odk-ergon.pl\/wp-content\/uploads\/2023\/03\/audyt-przeglad-300x200.jpg 300w, https:\/\/odk-ergon.pl\/wp-content\/uploads\/2023\/03\/audyt-przeglad-768x512.jpg 768w, https:\/\/odk-ergon.pl\/wp-content\/uploads\/2023\/03\/audyt-przeglad-1536x1024.jpg 1536w, https:\/\/odk-ergon.pl\/wp-content\/uploads\/2023\/03\/audyt-przeglad-18x12.jpg 18w, https:\/\/odk-ergon.pl\/wp-content\/uploads\/2023\/03\/audyt-przeglad-624x416.jpg 624w, https:\/\/odk-ergon.pl\/wp-content\/uploads\/2023\/03\/audyt-przeglad.jpg 1800w\" sizes=\"auto, (max-width: 512px) 100vw, 512px\" \/><\/a><\/figure>\n\n\n\n<p><strong>Audyt \u2013<\/strong> <strong>przebieg<\/strong>&nbsp;<\/p>\n\n\n\n<p>Audyt sprz\u0119tu UDT to dzia\u0142anie, maj\u0105ce na celu skontrolowanie czy dana maszyna nadaje si\u0119 do dalszego u\u017cytku. Dzi\u0119ki temu nie tylko poprawia si\u0119 w ten spos\u00f3b bezpiecze\u0144stwo pracy, ale r\u00f3wnie\u017c zapewnia sprawno\u015b\u0107 zada\u0144 wykonywanych wsz\u0119dzie tam, gdzie sprz\u0119t UDT jest wykorzystywany. \u0141atwiej r\u00f3wnie\u017c wtedy o wczesne wykrycie potencjalnych usterek i awarii. Podczas audytu zajmujemy si\u0119:&nbsp;<\/p>\n\n\n\n<ul class=\"wp-block-list\">\n<li>tworzeniem dokumentacji,&nbsp;<\/li>\n\n\n\n<li>wst\u0119pn\u0105 diagnostyk\u0105,&nbsp;<\/li>\n\n\n\n<li>sprawdzeniem wszystkich aspekt\u00f3w bezpiecze\u0144stwa,&nbsp;<\/li>\n\n\n\n<li>ustalaniem, czy konieczny jest przegl\u0105d lub serwis,&nbsp;<\/li>\n\n\n\n<li>dope\u0142nieniem formalno\u015bci zwi\u0105zanych z UDT,&nbsp;<\/li>\n\n\n\n<li>wydaniem pozwolenia na dalszy u\u017cytek.&nbsp;<\/li>\n<\/ul>\n\n\n\n<h2 class=\"wp-block-heading\"><strong>Maszyny UDT<\/strong>&nbsp;<\/h2>\n\n\n\n<p>Do urz\u0105dze\u0144 UDT zaliczamy specjalistyczny sprz\u0119t wykorzystywany g\u0142\u00f3wnie na budowach, w magazynach b\u0105d\u017a fabrykach, kt\u00f3rego kontrol\u0105 zajmuje si\u0119 Urz\u0105d Dozoru Technicznego. Do jego obs\u0142ugi konieczne jest zdobycie w\u0142a\u015bciwych uprawnie\u0144, najcz\u0119\u015bciej na drodze szkolenia, a p\u00f3\u017aniej egzaminu. Urz\u0105dzenia UDT zazwyczaj spe\u0142niaj\u0105 zadanie za\u0142adunku i roz\u0142adunku oraz transportu narz\u0119dzi, ludzi, materia\u0142\u00f3w oraz innych maszyn. UDT dzieli te urz\u0105dzenia na:&nbsp;<\/p>\n\n\n\n<ul class=\"wp-block-list\">\n<li>sprz\u0119t do odzyskiwania par paliwa,&nbsp;<\/li>\n\n\n\n<li>transportu bliskiego,&nbsp;<\/li>\n\n\n\n<li>ci\u015bnieniowe,&nbsp;<\/li>\n\n\n\n<li>bezci\u015bnieniowe.&nbsp;<\/li>\n<\/ul>\n\n\n\n<h2 class=\"wp-block-heading\"><strong>Pozosta\u0142e us\u0142ugi naszej firmy<\/strong>&nbsp;<\/h2>\n\n\n\n<figure class=\"wp-block-image size-large is-resized\"><a href=\"https:\/\/odk-ergon.pl\/wp-content\/uploads\/2023\/03\/audyt-naprawa.jpg\"><img loading=\"lazy\" decoding=\"async\" src=\"https:\/\/odk-ergon.pl\/wp-content\/uploads\/2023\/03\/audyt-naprawa-1024x683.jpg\" alt=\"naprawa \u0142adowarki teleskopowej\" class=\"wp-image-3000\" width=\"512\" height=\"342\" srcset=\"https:\/\/odk-ergon.pl\/wp-content\/uploads\/2023\/03\/audyt-naprawa-1024x683.jpg 1024w, https:\/\/odk-ergon.pl\/wp-content\/uploads\/2023\/03\/audyt-naprawa-300x200.jpg 300w, https:\/\/odk-ergon.pl\/wp-content\/uploads\/2023\/03\/audyt-naprawa-768x512.jpg 768w, https:\/\/odk-ergon.pl\/wp-content\/uploads\/2023\/03\/audyt-naprawa-18x12.jpg 18w, https:\/\/odk-ergon.pl\/wp-content\/uploads\/2023\/03\/audyt-naprawa-624x416.jpg 624w, https:\/\/odk-ergon.pl\/wp-content\/uploads\/2023\/03\/audyt-naprawa.jpg 1152w\" sizes=\"auto, (max-width: 512px) 100vw, 512px\" \/><\/a><\/figure>\n\n\n\n<p>Poza audytami oferujemy r\u00f3wnie\u017c profesjonalne szkolenia teoretyczne oraz praktyczne na operatora i konserwatora urz\u0105dze\u0144 UDT. Nasze zaj\u0119cia przygotowuj\u0105 do pracy w zawodzie w r\u00f3\u017cnorodnych bran\u017cach. Zapraszamy r\u00f3wnie\u017c do sklepu internetowego, gdzie prowadzimy sprzeda\u017c sprz\u0119tu zar\u00f3wno nowego, jak i u\u017cywanego. Nasi doradcy pomog\u0105 Ci dobra\u0107 najlepsze urz\u0105dzenie dla Twojego przedsi\u0119biorstwa.&nbsp;<\/p>\n\n\n\n<h3 class=\"wp-block-heading\">W\u00f3zki wid\u0142owe pochodz\u0105 z firm:&nbsp;<\/h3>\n\n\n\n<ul class=\"dwiekolumny wp-block-list\">\n<li>Jungheinrich,&nbsp;&nbsp;<\/li>\n\n\n\n<li>Toyota,&nbsp;&nbsp;<\/li>\n\n\n\n<li>BT,&nbsp;&nbsp;<\/li>\n\n\n\n<li>Still,&nbsp;&nbsp;<\/li>\n\n\n\n<li>Linde,&nbsp;&nbsp;<\/li>\n\n\n\n<li>Hako,&nbsp;&nbsp;<\/li>\n\n\n\n<li>Hyster,&nbsp;&nbsp;<\/li>\n\n\n\n<li>Yale,&nbsp;&nbsp;<\/li>\n\n\n\n<li>OMV,&nbsp;<\/li>\n\n\n\n<li>Taski,&nbsp;<\/li>\n\n\n\n<li>Manitou,&nbsp;&nbsp;<\/li>\n\n\n\n<li>Clark, HC, Nissan,&nbsp;&nbsp;<\/li>\n\n\n\n<li>Komatsu,&nbsp;&nbsp;<\/li>\n\n\n\n<li>Mitsubishi,&nbsp;&nbsp;<\/li>\n\n\n\n<li>OMG,&nbsp;<\/li>\n\n\n\n<li>Bauman,&nbsp;&nbsp;<\/li>\n\n\n\n<li>Hyundai.&nbsp;<\/li>\n<\/ul>\n\n\n\n<h3 class=\"wp-block-heading\">Natomiast podesty ruchome s\u0105 marek:&nbsp;<\/h3>\n\n\n\n<ul class=\"trzykolumny wp-block-list\">\n<li>Alp-Lift,&nbsp;&nbsp;&nbsp;&nbsp;<\/li>\n\n\n\n<li>Bocker,&nbsp;&nbsp;&nbsp;&nbsp;<\/li>\n\n\n\n<li>Lionlift,&nbsp;&nbsp;&nbsp;&nbsp;&nbsp;<\/li>\n\n\n\n<li>Omme,&nbsp;&nbsp;&nbsp;&nbsp;<\/li>\n\n\n\n<li>Snorkel,&nbsp;&nbsp;&nbsp;&nbsp;<\/li>\n\n\n\n<li>Cella,&nbsp;&nbsp;&nbsp;&nbsp;&nbsp;<\/li>\n\n\n\n<li>CTE,&nbsp;&nbsp;&nbsp;&nbsp;&nbsp;<\/li>\n\n\n\n<li>Custers,&nbsp;&nbsp;&nbsp;&nbsp;&nbsp;<\/li>\n\n\n\n<li>Denka,&nbsp;&nbsp;&nbsp;&nbsp;<\/li>\n\n\n\n<li>Dino Lift,&nbsp;&nbsp;&nbsp;&nbsp;&nbsp;<\/li>\n\n\n\n<li>Euro Access,&nbsp;&nbsp;&nbsp;&nbsp;<\/li>\n\n\n\n<li>Eurozoom,&nbsp;&nbsp;&nbsp;&nbsp;&nbsp;<\/li>\n\n\n\n<li>France Elevateur,&nbsp;&nbsp;&nbsp;&nbsp;&nbsp;<\/li>\n\n\n\n<li>Genie, Steinweg,&nbsp;&nbsp;&nbsp;&nbsp;&nbsp;<\/li>\n\n\n\n<li>Bison,&nbsp;&nbsp;&nbsp;&nbsp;&nbsp;<\/li>\n\n\n\n<li>Bizzocchi,&nbsp;&nbsp;&nbsp;&nbsp;<\/li>\n\n\n\n<li>Bronto,&nbsp;&nbsp;&nbsp;<\/li>\n\n\n\n<li>BST,&nbsp;&nbsp;&nbsp;&nbsp;&nbsp;&nbsp;<\/li>\n\n\n\n<li>Grove,&nbsp;&nbsp;&nbsp;&nbsp;&nbsp;<\/li>\n\n\n\n<li>GSL,&nbsp;&nbsp;&nbsp;&nbsp;&nbsp;<\/li>\n\n\n\n<li>Aerial,&nbsp;&nbsp;&nbsp;&nbsp;<\/li>\n\n\n\n<li>Aichi,&nbsp;&nbsp;&nbsp;&nbsp;&nbsp;<\/li>\n\n\n\n<li>Basket,&nbsp;<\/li>\n\n\n\n<li>JLG,&nbsp;&nbsp;&nbsp;&nbsp;&nbsp;<\/li>\n\n\n\n<li>Manitou,&nbsp;&nbsp;&nbsp;&nbsp;<\/li>\n\n\n\n<li>Marklift,&nbsp;&nbsp;&nbsp;&nbsp;&nbsp;<\/li>\n\n\n\n<li>Matilsa,&nbsp;&nbsp;&nbsp;&nbsp;&nbsp;<\/li>\n\n\n\n<li>Maxlift&nbsp;&nbsp;&nbsp;&nbsp;&nbsp;<\/li>\n\n\n\n<li>MEC,&nbsp;&nbsp;&nbsp;&nbsp;<\/li>\n\n\n\n<li>Moog,&nbsp;&nbsp;&nbsp;&nbsp;<\/li>\n\n\n\n<li>Niftylift,&nbsp;&nbsp;&nbsp;&nbsp;&nbsp;<\/li>\n\n\n\n<li>Oil &amp; Steel,&nbsp;&nbsp;&nbsp;&nbsp;&nbsp;<\/li>\n\n\n\n<li>Pagliero Multitel,&nbsp;&nbsp;&nbsp;&nbsp;<\/li>\n\n\n\n<li>Palazzani,&nbsp;&nbsp;&nbsp;&nbsp;&nbsp;<\/li>\n\n\n\n<li>Paus,&nbsp;&nbsp;&nbsp;&nbsp;&nbsp;<\/li>\n\n\n\n<li>RAM,&nbsp;<\/li>\n\n\n\n<li>GSR,&nbsp;&nbsp;&nbsp;&nbsp;&nbsp;<\/li>\n\n\n\n<li>Haulotte,&nbsp;&nbsp;&nbsp;&nbsp;&nbsp;<\/li>\n\n\n\n<li>Tecchio,&nbsp;&nbsp;&nbsp;&nbsp;&nbsp;<\/li>\n\n\n\n<li>Terex,&nbsp;&nbsp;&nbsp;&nbsp;&nbsp;<\/li>\n\n\n\n<li>Teupen,&nbsp;&nbsp;&nbsp;&nbsp;&nbsp;<\/li>\n\n\n\n<li>TKD,&nbsp;&nbsp;&nbsp;&nbsp;&nbsp;<\/li>\n\n\n\n<li>Topper,&nbsp;&nbsp;&nbsp;&nbsp;<\/li>\n\n\n\n<li>Toucan,&nbsp;&nbsp;&nbsp;&nbsp;<\/li>\n\n\n\n<li>UpRight,&nbsp;<\/li>\n\n\n\n<li>Holland lift,&nbsp;&nbsp;&nbsp;<\/li>\n\n\n\n<li>Hunter,&nbsp;&nbsp;&nbsp;&nbsp;<\/li>\n\n\n\n<li>Isoli,&nbsp;&nbsp;&nbsp;&nbsp;&nbsp;<\/li>\n\n\n\n<li>Italmec,&nbsp;&nbsp;&nbsp;&nbsp;&nbsp;<\/li>\n\n\n\n<li>Iteco,&nbsp;&nbsp;&nbsp;&nbsp;&nbsp;&nbsp;&nbsp;&nbsp;<\/li>\n\n\n\n<li>Riffaud,&nbsp;&nbsp;&nbsp;&nbsp;<\/li>\n\n\n\n<li>Ruthmann,&nbsp;&nbsp;&nbsp;&nbsp;&nbsp;<\/li>\n\n\n\n<li>Simon,&nbsp;&nbsp;&nbsp;&nbsp;&nbsp;<\/li>\n\n\n\n<li>Sky High,&nbsp;&nbsp;&nbsp;&nbsp;&nbsp;<\/li>\n\n\n\n<li>Skyjack,&nbsp;&nbsp;&nbsp;&nbsp;&nbsp;&nbsp;&nbsp;&nbsp;<\/li>\n\n\n\n<li>Versalift,&nbsp;&nbsp;&nbsp;&nbsp;&nbsp;<\/li>\n\n\n\n<li>Weber,&nbsp;&nbsp;&nbsp;<\/li>\n\n\n\n<li>Wumag.&nbsp;<\/li>\n<\/ul>\n\n\n\n<h2 class=\"wp-block-heading\">Pytania i odpowiedzi<\/h2>\n\n\n\t\t<details\t\thelp class=\"sc_fs_faq sc_card    \"\n\t\topen\t\t>\n\t\t\t\t\t<summary>\n\t\t\t\t<h3>W jakich us\u0142ugach si\u0119 specjalizujemy?<\/h3>\t\t\t\t\t<\/summary>\n\t\t\t\t<div>\n\t\t\t\t\t\t<div class=\"sc_fs_faq__content\">\n\t\t\t\t\n\n<p>Do zaoferowania w kontek\u015bcie sprz\u0119t\u00f3w UDT mamy: audyt, serwis, diagnostyka, modernizacja, sprzeda\u017c, konsultacja, doradztwo, konserwacja oraz okresowe przegl\u0105dy. Opr\u00f3cz tego prowadzimy kursy na operator\u00f3w i konserwator\u00f3w oraz sprzeda\u017c nowych i u\u017cywanych urz\u0105dze\u0144.&nbsp;&nbsp;<\/p>\n\n\t\t\t<\/div>\n\t\t<\/div>\n\t\t<\/details>\n\t\t\t\t<details\t\thelp class=\"sc_fs_faq sc_card    \"\n\t\t\t\t>\n\t\t\t\t\t<summary>\n\t\t\t\t<h3>Jak przebiega audyt?<\/h3>\t\t\t\t\t<\/summary>\n\t\t\t\t<div>\n\t\t\t\t\t\t<div class=\"sc_fs_faq__content\">\n\t\t\t\t\n\n<p>Podczas audytu zajmujemy si\u0119 sprawdzeniem kondycji oraz stanu danego sprz\u0119tu i je\u015bli zajedzie taka potrzeba kierujemy go do serwisu lub na konserwacj\u0119.&nbsp;<\/p>\n\n\t\t\t<\/div>\n\t\t<\/div>\n\t\t<\/details>\n\t\t\n<script type=\"application\/ld+json\">\n\t{\n\t\t\"@context\": \"https:\/\/schema.org\",\n\t\t\"@type\": \"FAQPage\",\n\t\t\"mainEntity\": [\n\t\t\t\t\t{\n\t\t\t\t\"@type\": \"Question\",\n\t\t\t\t\"name\": \"W jakich us\u0142ugach si\u0119 specjalizujemy?\",\n\t\t\t\t\"acceptedAnswer\": {\n\t\t\t\t\t\"@type\": \"Answer\",\n\t\t\t\t\t\"text\": \"<p>Do zaoferowania w kontek\u015bcie sprz\u0119t\u00f3w UDT mamy: audyt, serwis, diagnostyka, modernizacja, sprzeda\u017c, konsultacja, doradztwo, konserwacja oraz okresowe przegl\u0105dy. Opr\u00f3cz tego prowadzimy kursy na operator\u00f3w i konserwator\u00f3w oraz sprzeda\u017c nowych i u\u017cywanych urz\u0105dze\u0144.&nbsp;&nbsp;<\/p>\"\n\t\t\t\t\t\t\t\t\t}\n\t\t\t}\n\t\t\t,\t\t\t\t{\n\t\t\t\t\"@type\": \"Question\",\n\t\t\t\t\"name\": \"Jak przebiega audyt?\",\n\t\t\t\t\"acceptedAnswer\": {\n\t\t\t\t\t\"@type\": \"Answer\",\n\t\t\t\t\t\"text\": \"<p>Podczas audytu zajmujemy si\u0119 sprawdzeniem kondycji oraz stanu danego sprz\u0119tu i je\u015bli zajedzie taka potrzeba kierujemy go do serwisu lub na konserwacj\u0119.&nbsp;<\/p>\"\n\t\t\t\t\t\t\t\t\t}\n\t\t\t}\n\t\t\t\t\t\t]\n\t}\n<\/script>\n","protected":false},"excerpt":{"rendered":"<p>Nasza firma specjalizuje si\u0119 w us\u0142ugach dotycz\u0105cych urz\u0105dze\u0144 UDT. Zajmujemy si\u0119 diagnostyk\u0105, sprawdzamy, czy sprz\u0119t nadaje si\u0119 do dalszego u\u017cytku i czy spe\u0142nia wymogi bezpiecze\u0144stwa. Wszystko wed\u0142ug zalece\u0144 Urz\u0119du Dozoru Technicznego.&nbsp; Okresowe przegl\u0105dy i audyty&nbsp; Od podmiot\u00f3w rozporz\u0105dzaj\u0105cych powy\u017cszymi rodzajami sprz\u0119tu, Urz\u0105d Dozoru Technicznego wymaga przede wszystkim rejestracji wszystkich u\u017cywanych urz\u0105dze\u0144 oraz okresowego ich przegl\u0105du. Taki przegl\u0105d musi odby\u0107 si\u0119 w wyznaczonym terminie i spe\u0142nia\u0107 wszystkie wytyczne UDT. Dopiero po kompleksowym wykonaniu czynno\u015bci kontrolnych, urz\u0105d potwierdza odbycie si\u0119 przegl\u0105du stosownym za\u015bwiadczeniem. Nasza firma oferuje doradztwo pod k\u0105tem obowi\u0105zuj\u0105cych w tym aspekcie formalno\u015bci. Gwarantujemy szybkie i pe\u0142ne zaj\u0119cie si\u0119 dokumentacj\u0105 audytow\u0105.&nbsp;&nbsp; Co obejmuje audyt?&nbsp; Nasza firma zajmuje si\u0119 g\u0142\u00f3wnie kontrol\u0105 i diagnostyk\u0105 sprz\u0119tu zaliczanego do kategorii urz\u0105dze\u0144 transportu bliskiego. Wliczaj\u0105 si\u0119 w to:&nbsp; Urz\u0105dzenia te ze wzgl\u0119du na spos\u00f3b ich wykorzystywania, naturalnie podlegaj\u0105 mocniejszej eksploatacji ni\u017c inny sprz\u0119t. Audyt jest wi\u0119c dzia\u0142aniem koniecznym do okre\u015blenia ich dalszych mo\u017cliwo\u015bci i stanu bezpiecze\u0144stwa przy pracy z nimi.&nbsp;&nbsp; Audyt \u2013 przebieg&nbsp; Audyt sprz\u0119tu UDT to dzia\u0142anie, maj\u0105ce na celu skontrolowanie czy dana maszyna nadaje si\u0119 do dalszego u\u017cytku. Dzi\u0119ki temu nie tylko poprawia si\u0119 w ten spos\u00f3b bezpiecze\u0144stwo pracy, ale r\u00f3wnie\u017c zapewnia sprawno\u015b\u0107 zada\u0144 wykonywanych wsz\u0119dzie tam, gdzie sprz\u0119t UDT jest wykorzystywany. \u0141atwiej r\u00f3wnie\u017c wtedy o wczesne wykrycie potencjalnych usterek i awarii. Podczas audytu zajmujemy si\u0119:&nbsp; Maszyny UDT&nbsp; Do urz\u0105dze\u0144 UDT zaliczamy specjalistyczny sprz\u0119t wykorzystywany g\u0142\u00f3wnie na budowach, w magazynach b\u0105d\u017a fabrykach, kt\u00f3rego kontrol\u0105 zajmuje si\u0119 Urz\u0105d Dozoru Technicznego. Do jego obs\u0142ugi konieczne jest zdobycie w\u0142a\u015bciwych uprawnie\u0144, najcz\u0119\u015bciej na drodze szkolenia, a p\u00f3\u017aniej egzaminu. Urz\u0105dzenia UDT zazwyczaj spe\u0142niaj\u0105 zadanie [&hellip;]<\/p>\n","protected":false},"author":1,"featured_media":2998,"parent":3394,"menu_order":0,"comment_status":"closed","ping_status":"closed","template":"","meta":{"sfsi_plus_gutenberg_text_before_share":"","sfsi_plus_gutenberg_show_text_before_share":"","sfsi_plus_gutenberg_icon_type":"","sfsi_plus_gutenberg_icon_alignemt":"","sfsi_plus_gutenburg_max_per_row":"","footnotes":""},"class_list":["post-2995","page","type-page","status-publish","has-post-thumbnail","hentry","has_thumb"],"aioseo_notices":[],"_links":{"self":[{"href":"https:\/\/odk-ergon.pl\/fr\/wp-json\/wp\/v2\/pages\/2995","targetHints":{"allow":["GET"]}}],"collection":[{"href":"https:\/\/odk-ergon.pl\/fr\/wp-json\/wp\/v2\/pages"}],"about":[{"href":"https:\/\/odk-ergon.pl\/fr\/wp-json\/wp\/v2\/types\/page"}],"author":[{"embeddable":true,"href":"https:\/\/odk-ergon.pl\/fr\/wp-json\/wp\/v2\/users\/1"}],"replies":[{"embeddable":true,"href":"https:\/\/odk-ergon.pl\/fr\/wp-json\/wp\/v2\/comments?post=2995"}],"version-history":[{"count":5,"href":"https:\/\/odk-ergon.pl\/fr\/wp-json\/wp\/v2\/pages\/2995\/revisions"}],"predecessor-version":[{"id":3300,"href":"https:\/\/odk-ergon.pl\/fr\/wp-json\/wp\/v2\/pages\/2995\/revisions\/3300"}],"up":[{"embeddable":true,"href":"https:\/\/odk-ergon.pl\/fr\/wp-json\/wp\/v2\/pages\/3394"}],"wp:featuredmedia":[{"embeddable":true,"href":"https:\/\/odk-ergon.pl\/fr\/wp-json\/wp\/v2\/media\/2998"}],"wp:attachment":[{"href":"https:\/\/odk-ergon.pl\/fr\/wp-json\/wp\/v2\/media?parent=2995"}],"curies":[{"name":"wp","href":"https:\/\/api.w.org\/{rel}","templated":true}]}}