{"id":3568,"date":"2023-06-23T14:09:47","date_gmt":"2023-06-23T12:09:47","guid":{"rendered":"https:\/\/odk-ergon.pl\/?page_id=3568"},"modified":"2023-06-23T14:09:48","modified_gmt":"2023-06-23T12:09:48","slug":"formation-soudure-douce-et-dure","status":"publish","type":"page","link":"https:\/\/odk-ergon.pl\/fr\/szkolenie-na-lutowanie-miekkie-i-twarde\/","title":{"rendered":"Formation au brasage tendre et au brasage fort"},"content":{"rendered":"<h2 class=\"wp-block-heading\">Formation au soudage&nbsp;<\/h2>\n\n\n\n<p>Rejoignez-nous pour une formation au brasage tendre et au brasage fort au Centre de d\u00e9veloppement du personnel ERGON.&nbsp;<\/p>\n\n\n\n<p>La formation au brasage permet aux participants d'acqu\u00e9rir des connaissances pratiques qui leur seront utiles dans leur travail et dans leur vie quotidienne.&nbsp;<\/p>\n\n\n<div class=\"wp-block-image\">\n<figure class=\"alignleft size-large is-resized\"><a href=\"https:\/\/odk-ergon.pl\/wp-content\/uploads\/2023\/05\/s2-2023-05-19T113455.140.jpg\"><img loading=\"lazy\" decoding=\"async\" src=\"https:\/\/odk-ergon.pl\/wp-content\/uploads\/2023\/05\/s2-2023-05-19T113455.140-1024x769.jpg\" alt=\"Brasage tendre et brasage fort\" class=\"wp-image-3570\" width=\"512\" height=\"385\" srcset=\"https:\/\/odk-ergon.pl\/wp-content\/uploads\/2023\/05\/s2-2023-05-19T113455.140-1024x769.jpg 1024w, https:\/\/odk-ergon.pl\/wp-content\/uploads\/2023\/05\/s2-2023-05-19T113455.140-300x225.jpg 300w, https:\/\/odk-ergon.pl\/wp-content\/uploads\/2023\/05\/s2-2023-05-19T113455.140-768x576.jpg 768w, https:\/\/odk-ergon.pl\/wp-content\/uploads\/2023\/05\/s2-2023-05-19T113455.140-1536x1153.jpg 1536w, https:\/\/odk-ergon.pl\/wp-content\/uploads\/2023\/05\/s2-2023-05-19T113455.140-16x12.jpg 16w, https:\/\/odk-ergon.pl\/wp-content\/uploads\/2023\/05\/s2-2023-05-19T113455.140-640x480.jpg 640w, https:\/\/odk-ergon.pl\/wp-content\/uploads\/2023\/05\/s2-2023-05-19T113455.140-624x468.jpg 624w, https:\/\/odk-ergon.pl\/wp-content\/uploads\/2023\/05\/s2-2023-05-19T113455.140.jpg 1600w\" sizes=\"auto, (max-width: 512px) 100vw, 512px\" \/><\/a><\/figure>\n<\/div>\n\n\n<h2 class=\"wp-block-heading\">Soudure&nbsp;<\/h2>\n\n\n\n<p>Le soudage est un proc\u00e9d\u00e9 d'assemblage de pi\u00e8ces m\u00e9talliques, utilis\u00e9 notamment en \u00e9lectronique, en plomberie ou en automatisation. Le soudage est principalement pratiqu\u00e9 par les bricoleurs amateurs, mais aussi par les professionnels qui utilisent ces comp\u00e9tences dans le cadre de leur travail. La proc\u00e9dure de brasage, qui permet de relier deux pi\u00e8ces m\u00e9talliques, est r\u00e9alis\u00e9e \u00e0 l'aide d'un liant appropri\u00e9 appel\u00e9 brasure ou soudure. Parce qu'il poss\u00e8de les propri\u00e9t\u00e9s physiques et chimiques des \u00e9l\u00e9ments du groupe des m\u00e9taux, un tel assemblage est vraiment solide et durable.&nbsp;<\/p>\n\n\n\n<h2 class=\"wp-block-heading\">Caract\u00e9ristiques des m\u00e9thodes de brasage&nbsp;<\/h2>\n\n\n\n<p>Le brasage tendre se caract\u00e9rise par l'utilisation d'un liant tendre, c'est-\u00e0-dire un alliage dont la temp\u00e9rature n'est pas inf\u00e9rieure \u00e0 183 degr\u00e9s Celsius et ne d\u00e9passe pas 450 degr\u00e9s Celsius. L'\u00e9tain est le composant de base de l'alliage que l'on retrouve le plus souvent. Il est accompagn\u00e9 de m\u00e9taux qui fondent \u00e0 des temp\u00e9ratures similaires. Il s'agit par exemple de l'antimoine, du bismuth ou du cadmium. Le m\u00e9lange peut contenir de petites quantit\u00e9s d'\u00e9l\u00e9ments toxiques, comme le mercure et le plomb, mais cette pratique est de plus en plus abandonn\u00e9e et l'on renonce \u00e0 les ajouter dans la fabrication des soudures, ce qui permet d'obtenir des produits de plus en plus respectueux de l'environnement et de la sant\u00e9. &nbsp;<\/p>\n\n\n\n<p>Le brasage est plus difficile que le brasage tendre, principalement en raison du professionnalisme requis et de l'utilisation d'outils plus perfectionn\u00e9s. Une exp\u00e9rience dans le m\u00e9tier est \u00e9galement requise. Le brasage \u00e0 l'aide de cette m\u00e9thode peut atteindre des temp\u00e9ratures tr\u00e8s \u00e9lev\u00e9es, d\u00e9passant les 450\u00b0C.&nbsp;<\/p>\n\n\n\n<h2 class=\"wp-block-heading\">Cours de soudure&nbsp;<\/h2>\n\n\n\n<p>La formation en soudure s'adresse aux personnes qui travaillent dans ce domaine, en particulier lorsque les employeurs exigent une soudure de haute qualit\u00e9. Nous accueillons toute personne souhaitant apprendre \u00e0 fixer des composants m\u00e9talliques. L'apprentissage du brasage au Centre d'excellence ERGON est un moyen efficace d'acqu\u00e9rir des comp\u00e9tences en la mati\u00e8re.&nbsp;<\/p>\n\n\n\n<p><strong>Toute personne souhaitant participer \u00e0 la formation doit remplir les conditions suivantes :<\/strong>&nbsp;<\/p>\n\n\n\n<ul class=\"wp-block-list\">\n<li>doit \u00eatre \u00e2g\u00e9 d'au moins 18 ans,&nbsp;<\/li>\n\n\n\n<li>avoir au minimum un niveau d'\u00e9ducation primaire,&nbsp;<\/li>\n\n\n\n<li>ne pr\u00e9sentent pas de contre-indications pour la sant\u00e9.&nbsp;<\/li>\n<\/ul>\n\n\n<div class=\"wp-block-image\">\n<figure class=\"alignright size-large is-resized\"><a href=\"https:\/\/odk-ergon.pl\/wp-content\/uploads\/2023\/05\/screen_2x-2023-05-19T113440.673.jpg\"><img loading=\"lazy\" decoding=\"async\" src=\"https:\/\/odk-ergon.pl\/wp-content\/uploads\/2023\/05\/screen_2x-2023-05-19T113440.673-1024x684.jpg\" alt=\"Formation au soudage\" class=\"wp-image-3571\" width=\"512\" height=\"342\" srcset=\"https:\/\/odk-ergon.pl\/wp-content\/uploads\/2023\/05\/screen_2x-2023-05-19T113440.673-1024x684.jpg 1024w, https:\/\/odk-ergon.pl\/wp-content\/uploads\/2023\/05\/screen_2x-2023-05-19T113440.673-300x200.jpg 300w, https:\/\/odk-ergon.pl\/wp-content\/uploads\/2023\/05\/screen_2x-2023-05-19T113440.673-768x513.jpg 768w, https:\/\/odk-ergon.pl\/wp-content\/uploads\/2023\/05\/screen_2x-2023-05-19T113440.673-1536x1025.jpg 1536w, https:\/\/odk-ergon.pl\/wp-content\/uploads\/2023\/05\/screen_2x-2023-05-19T113440.673-18x12.jpg 18w, https:\/\/odk-ergon.pl\/wp-content\/uploads\/2023\/05\/screen_2x-2023-05-19T113440.673-624x417.jpg 624w, https:\/\/odk-ergon.pl\/wp-content\/uploads\/2023\/05\/screen_2x-2023-05-19T113440.673.jpg 1600w\" sizes=\"auto, (max-width: 512px) 100vw, 512px\" \/><\/a><\/figure>\n<\/div>\n\n\n<p>Le cours de brasage se termine par un examen de soudage, suivi de la d\u00e9livrance d'un certificat d'examen de qualification de braseur et d'un certificat de fin de formation en polonais et en anglais, valables pendant trois ans. Le certificat d'examen de qualification de braseur vous permet de travailler comme braseur en Pologne et dans d'autres pays europ\u00e9ens.&nbsp;<\/p>\n\n\n\n<p>Les sujets suivants sont abord\u00e9s lors de la formation au brasage tendre et au brasage fort :&nbsp;<\/p>\n\n\n\n<h2 class=\"wp-block-heading\">De la partie th\u00e9orique :&nbsp;<\/h2>\n\n\n\n<ul class=\"wp-block-list\">\n<li>R\u00e8gles de sant\u00e9 et de s\u00e9curit\u00e9 pour le brasage tendre et le brasage fort ;&nbsp;<\/li>\n\n\n\n<li>les possibilit\u00e9s offertes par la soudure ;&nbsp;<\/li>\n\n\n\n<li>des outils de soudure tels qu'un fer \u00e0 souder, une torche, etc.&nbsp;<\/li>\n\n\n\n<li>des informations sur les processus physiques qui ont lieu pendant le brasage : par exemple, la mouillabilit\u00e9, la capillarit\u00e9, les forces de coh\u00e9sion, les forces d'adh\u00e9sion ;&nbsp;<\/li>\n\n\n\n<li>les bases de la conception et de la r\u00e9sistance des joints de soudure.&nbsp;<\/li>\n<\/ul>\n\n\n\n<h2 class=\"wp-block-heading\">De la partie pratique :&nbsp;<\/h2>\n\n\n\n<ul class=\"wp-block-list\">\n<li>pr\u00e9parer la zone de travail pour le brasage ;&nbsp;<\/li>\n\n\n\n<li>pr\u00e9parer les outils de travail - fer \u00e0 souder, chalumeau, etc ;&nbsp;<\/li>\n\n\n\n<li>pr\u00e9paration des mat\u00e9riaux pour le brasage - composants \u00e0 assembler et \u00e0 souder ;&nbsp;<\/li>\n\n\n\n<li>des exercices d'attachement.&nbsp;<\/li>\n<\/ul>\n\n\n\n<p>Formation au brasage tendre et au brasage fort - pour les groupes organis\u00e9s, nous proposons des cours de formation :&nbsp;<\/p>\n\n\n\n<ul class=\"wp-block-list\">\n<li>au centre de d\u00e9veloppement du personnel ERGON dans la plupart des villes de Pologne - veuillez nous contacter ;&nbsp;<\/li>\n\n\n\n<li>\u00e0 un endroit d\u00e9sign\u00e9 par le client.&nbsp;<\/li>\n<\/ul>\n\n\n\n<p>Nous adapterons le lieu et la date de la formation \u00e0 vos besoins. Nous nous chargeons de toutes les formalit\u00e9s relatives \u00e0 l'organisation de l'examen de qualification. Les formations sont dispens\u00e9es par des instructeurs exp\u00e9riment\u00e9s, soucieux de la qualit\u00e9 de la formation et de la satisfaction des participants.&nbsp;<\/p>\n\n\n\n<p>Les cours th\u00e9oriques et pratiques ainsi que l'examen peuvent \u00eatre organis\u00e9s aux dates qui vous conviennent. Nous avons \u00e9galement la possibilit\u00e9 d'organiser des cours de formation le week-end. Nous sommes ouverts \u00e0 des n\u00e9gociations de prix pour les groupes organis\u00e9s. Tous les participants recevront un ensemble de documents de formation pertinents, y compris une s\u00e9rie de questions d'examen de contr\u00f4le avec leurs r\u00e9ponses.&nbsp;<\/p>\n\n\n\n<h2 class=\"wp-block-heading\">Que pouvez-vous tirer de la formation ?&nbsp;<\/h2>\n\n\n\n<p>Les \u00e9tudiants peuvent obtenir un certificat de fin de formation conform\u00e9ment au r\u00e8glement du ministre de l'\u00e9ducation nationale du 11 janvier 2012 sur la formation continue sous des formes non scolaires (Dz.U. de 2014, point 622) et un certificat d'examen de qualification de sp\u00e9cialiste en soudage d\u00e9livr\u00e9 par l'organisme de certification T\u00dcV, leur permettant de travailler en tant que sp\u00e9cialiste en soudage en Pologne et dans d'autres pays europ\u00e9ens.&nbsp;<\/p>\n\n\n\n<p>Le T\u00dcV est un organisme ind\u00e9pendant et sa certification est une preuve objective de comp\u00e9tence respect\u00e9e au niveau international.&nbsp;<\/p>\n\n\n\n<p>L'obtention d'un certificat et d'un certificat d'examen de qualification \u00e0 l'issue de la formation en brasage tendre et en brasage fort renforcera non seulement votre confiance en vos comp\u00e9tences en mati\u00e8re de brasage \u00e0 un niveau personnel, mais vous rendra \u00e9galement plus attractif sur le march\u00e9 du travail.&nbsp;<\/p>\n\n\n<div class=\"wp-block-image\">\n<figure class=\"alignleft size-large is-resized\"><a href=\"https:\/\/odk-ergon.pl\/wp-content\/uploads\/2023\/05\/screen_2x-2023-05-19T113431.775.jpg\"><img loading=\"lazy\" decoding=\"async\" src=\"https:\/\/odk-ergon.pl\/wp-content\/uploads\/2023\/05\/screen_2x-2023-05-19T113431.775-1024x752.jpg\" alt=\"Examen de qualification\" class=\"wp-image-3572\" width=\"512\" height=\"376\" srcset=\"https:\/\/odk-ergon.pl\/wp-content\/uploads\/2023\/05\/screen_2x-2023-05-19T113431.775-1024x752.jpg 1024w, https:\/\/odk-ergon.pl\/wp-content\/uploads\/2023\/05\/screen_2x-2023-05-19T113431.775-300x220.jpg 300w, https:\/\/odk-ergon.pl\/wp-content\/uploads\/2023\/05\/screen_2x-2023-05-19T113431.775-768x564.jpg 768w, https:\/\/odk-ergon.pl\/wp-content\/uploads\/2023\/05\/screen_2x-2023-05-19T113431.775-1536x1128.jpg 1536w, https:\/\/odk-ergon.pl\/wp-content\/uploads\/2023\/05\/screen_2x-2023-05-19T113431.775-16x12.jpg 16w, https:\/\/odk-ergon.pl\/wp-content\/uploads\/2023\/05\/screen_2x-2023-05-19T113431.775-624x458.jpg 624w, https:\/\/odk-ergon.pl\/wp-content\/uploads\/2023\/05\/screen_2x-2023-05-19T113431.775.jpg 1600w\" sizes=\"auto, (max-width: 512px) 100vw, 512px\" \/><\/a><\/figure>\n<\/div>\n\n\n<h2 class=\"wp-block-heading\">\u00c0 quoi ressemble la formation ?&nbsp;<\/h2>\n\n\n\n<p>La formation au brasage et \u00e0 la brasure se compose d'une partie th\u00e9orique et d'une partie pratique. L'ensemble de la formation se termine par un examen devant un jury d\u00e9sign\u00e9 par l'autorit\u00e9 comp\u00e9tente. <strong>&nbsp;<\/strong>l'inspecteur provincial de l'environnement ou l'autorit\u00e9 comp\u00e9tente du service national des pompiers. Les instructeurs initient les stagiaires aux connaissances et comp\u00e9tences utiles \u00e0 l'exercice professionnel de leurs fonctions, mais aussi \u00e0 des activit\u00e9s pratiques, telles que la vie priv\u00e9e \u00e0 la maison.&nbsp;<\/p>","protected":false},"excerpt":{"rendered":"<p>Szkolenia z lutowania&nbsp; Zapraszamy na szkolenie lutowania mi\u0119kkiego i lutowania twardego w O\u015brodku Doskonalenia Kadr ERGON.&nbsp; Odbycie szkolenia na lutowanie mi\u0119kkie i twarde daje uczestnikom praktyczn\u0105 wiedz\u0119 przydatn\u0105 w pracy i \u017cyciu codziennym.&nbsp; Lutowanie&nbsp; Lutowanie to proces \u0142\u0105czenia element\u00f3w metalowych, stosowany mi\u0119dzy innymi w elektronice, hydraulice lub automatyce. Lutowaniem zajmuj\u0105 si\u0119 g\u0142\u00f3wnie majsterkowicze hobby\u015bci, ale te\u017c profesjonali\u015bci wykorzystuj\u0105cy takie umiej\u0119tno\u015bci w pracy. Zabieg lutowania, spajaj\u0105c ze sob\u0105 dwa elementy metalowe, wykonuje si\u0119 przy pomocy odpowiedniego spoiwa, nazywanego lutem lub lutowiem. Dzi\u0119ki temu, \u017ce posiada ono fizykochemiczne w\u0142a\u015bciwo\u015bci pierwiastk\u00f3w z grupy metali, takie po\u0142\u0105czenie jest naprawd\u0119 solidne i trwa\u0142e.&nbsp; Charakterystyka sposob\u00f3w lutowania&nbsp; Lutowanie mi\u0119kkie charakteryzuje si\u0119 stosowaniem spoiwa mi\u0119kkiego, b\u0119d\u0105cego stopem, kt\u00f3rego temperatura nie jest ni\u017csza ni\u017c 183 stopnie Celsjusza i jednocze\u015bnie nie przekracza 450 stopni Celsjusza. Cyna jest podstawowym komponentem stopu, kt\u00f3ry spotykany jest najcz\u0119\u015bciej. Wyst\u0119puj\u0105 z ni\u0105 metale, kt\u00f3re topi\u0105 si\u0119 w podobnej temperaturze. Dla przyk\u0142adu s\u0105 to antymon, bizmut czy kadm. Mieszanka mo\u017ce zawiera\u0107 niewielkie ilo\u015bci pierwiastk\u00f3w truj\u0105cych, np. rt\u0119\u0107 i o\u0142\u00f3w, ale obecnie coraz bardziej si\u0119 od tego odchodzi i przy produkcji lut\u00f3w rezygnuje si\u0119 z ich dodawania, coraz cz\u0119\u015bciej wydaj\u0105c na rynek produkty, kt\u00f3re s\u0105 przyjazne dla otoczenia i zdrowia. &nbsp; Lutowanie twarde jest trudniejsze ni\u017c mi\u0119kkie, przede wszystkim z powodu wymaganego profesjonalizmu i u\u017cycia bardziej zaawansowanych narz\u0119dzi. Wymagane jest tak\u017ce do\u015bwiadczenie w fachu. Lutowanie przy tej metodzie potrafi osi\u0105gn\u0105\u0107 temperatur\u0119 bardzo wysok\u0105, przekraczaj\u0105c\u0105 450\u00b0C.&nbsp; Kurs z lutowania&nbsp; Szkolenie z lutowania jest skierowane do os\u00f3b zajmuj\u0105cymi si\u0119 pracami lutowniczymi, szczeg\u00f3lnie w miejscach, gdzie pracodawcy wymagaj\u0105 wysokiej jako\u015bci lutowania. Zapraszamy wszystkich, kt\u00f3rzy [&hellip;]<\/p>\n","protected":false},"author":1,"featured_media":3570,"parent":0,"menu_order":0,"comment_status":"closed","ping_status":"closed","template":"","meta":{"sfsi_plus_gutenberg_text_before_share":"","sfsi_plus_gutenberg_show_text_before_share":"","sfsi_plus_gutenberg_icon_type":"","sfsi_plus_gutenberg_icon_alignemt":"","sfsi_plus_gutenburg_max_per_row":"","footnotes":""},"class_list":["post-3568","page","type-page","status-publish","has-post-thumbnail","hentry","has_thumb"],"aioseo_notices":[],"_links":{"self":[{"href":"https:\/\/odk-ergon.pl\/fr\/wp-json\/wp\/v2\/pages\/3568","targetHints":{"allow":["GET"]}}],"collection":[{"href":"https:\/\/odk-ergon.pl\/fr\/wp-json\/wp\/v2\/pages"}],"about":[{"href":"https:\/\/odk-ergon.pl\/fr\/wp-json\/wp\/v2\/types\/page"}],"author":[{"embeddable":true,"href":"https:\/\/odk-ergon.pl\/fr\/wp-json\/wp\/v2\/users\/1"}],"replies":[{"embeddable":true,"href":"https:\/\/odk-ergon.pl\/fr\/wp-json\/wp\/v2\/comments?post=3568"}],"version-history":[{"count":3,"href":"https:\/\/odk-ergon.pl\/fr\/wp-json\/wp\/v2\/pages\/3568\/revisions"}],"predecessor-version":[{"id":3595,"href":"https:\/\/odk-ergon.pl\/fr\/wp-json\/wp\/v2\/pages\/3568\/revisions\/3595"}],"wp:featuredmedia":[{"embeddable":true,"href":"https:\/\/odk-ergon.pl\/fr\/wp-json\/wp\/v2\/media\/3570"}],"wp:attachment":[{"href":"https:\/\/odk-ergon.pl\/fr\/wp-json\/wp\/v2\/media?parent=3568"}],"curies":[{"name":"wp","href":"https:\/\/api.w.org\/{rel}","templated":true}]}}