{"id":1190,"date":"2014-08-07T14:41:36","date_gmt":"2014-08-07T14:41:36","guid":{"rendered":"http:\/\/odk-ergon.pl\/?page_id=1190"},"modified":"2023-03-24T22:48:16","modified_gmt":"2023-03-24T21:48:16","slug":"%d0%bd%d0%b0%d0%b2%d1%87%d0%b0%d0%bd%d0%bd%d1%8f-ohs-%d0%b2%d0%b0%d1%80%d1%88%d0%b0%d0%b2%d0%b0","status":"publish","type":"page","link":"https:\/\/odk-ergon.pl\/ua\/szkolenia\/szkolenia-bhp-warszawa\/","title":{"rendered":"\u041d\u0430\u0432\u0447\u0430\u043d\u043d\u044f \u0442\u0435\u0445\u043d\u0456\u0446\u0456 \u0431\u0435\u0437\u043f\u0435\u043a\u0438"},"content":{"rendered":"<div style=\"float: left; padding-right: 10px;\"><img decoding=\"async\" src=\"\/wp-content\/uploads\/2014\/08\/bezp-praca_m.jpg\" alt=\"\" \/><\/div>\n<div class=\"wyjustuj\">\n<p>\u0423 \u0426\u0435\u043d\u0442\u0440\u0456 \u043d\u0430\u0432\u0447\u0430\u043d\u043d\u044f \u043f\u0435\u0440\u0441\u043e\u043d\u0430\u043b\u0443 \u00ab\u0415\u0420\u0413\u041e\u041d\u00bb \u043c\u0438 \u043f\u0440\u043e\u0432\u043e\u0434\u0438\u043c\u043e \u043d\u0430\u0432\u0447\u0430\u043d\u043d\u044f \u0437 \u043e\u0445\u043e\u0440\u043e\u043d\u0438 \u043f\u0440\u0430\u0446\u0456 \u0434\u043b\u044f \u043f\u0440\u0430\u0446\u0456\u0432\u043d\u0438\u043a\u0456\u0432 \u0442\u0430 \u0440\u043e\u0431\u043e\u0442\u043e\u0434\u0430\u0432\u0446\u0456\u0432. \u041c\u0438 \u043f\u0440\u043e\u0432\u043e\u0434\u0438\u043c\u043e \u043f\u043e\u0447\u0430\u0442\u043a\u043e\u0432\u0438\u0439 \u0456 \u043f\u0435\u0440\u0456\u043e\u0434\u0438\u0447\u043d\u0438\u0439 \u0456\u043d\u0441\u0442\u0440\u0443\u043a\u0442\u0430\u0436 \u0437 \u043e\u0445\u043e\u0440\u043e\u043d\u0438 \u043f\u0440\u0430\u0446\u0456 \u043d\u0430 \u0432\u0441\u0456\u0445 \u0440\u043e\u0431\u043e\u0447\u0438\u0445 \u043c\u0456\u0441\u0446\u044f\u0445, \u0442\u043e\u043c\u0443, \u044f\u043a\u0449\u043e \u0432\u0430\u043c \u043f\u043e\u0442\u0440\u0456\u0431\u043d\u0430 \u043a\u043e\u043c\u043f\u043b\u0435\u043a\u0441\u043d\u0430 \u043f\u0456\u0434\u0442\u0440\u0438\u043c\u043a\u0430, \u043c\u0438 \u0443 \u0432\u0430\u0448\u043e\u043c\u0443 \u0440\u043e\u0437\u043f\u043e\u0440\u044f\u0434\u0436\u0435\u043d\u043d\u0456. \u041c\u0438 \u043d\u0430\u0432\u0447\u0430\u0454\u043c\u043e \u043d\u0435\u0441\u0442\u0430\u043d\u0434\u0430\u0440\u0442\u043d\u043e \u0442\u0430 \u0440\u043e\u0431\u0438\u043c\u043e \u0430\u043a\u0446\u0435\u043d\u0442 \u043d\u0430 \u0430\u043a\u0442\u0438\u0432\u043d\u043e\u043c\u0443 \u043e\u0442\u0440\u0438\u043c\u0430\u043d\u043d\u0456 \u0437\u043d\u0430\u043d\u044c \u0443\u0447\u0430\u0441\u043d\u0438\u043a\u0430\u043c\u0438, \u0442\u043e\u043c\u0443 \u043d\u0430\u0448\u0456 \u0437\u0430\u043d\u044f\u0442\u0442\u044f \u0432\u0438\u0441\u043e\u043a\u043e\u0435\u0444\u0435\u043a\u0442\u0438\u0432\u043d\u0456 \u0442\u0430 \u043a\u043e\u0440\u0438\u0441\u0442\u0443\u044e\u0442\u044c\u0441\u044f \u0437\u0430\u0434\u043e\u0432\u043e\u043b\u0435\u043d\u043d\u044f\u043c \u043a\u043e\u043c\u043f\u0430\u043d\u0456\u0439!\u043e\u0445\u043e\u0440\u043e\u043d\u0438 \u043f\u0440\u0430\u0446\u0456 \u043f\u0435\u0440\u0435\u0434 \u043f\u0435\u0440\u0448\u0438\u043c \u043f\u043e\u0447\u0430\u0442\u043a\u043e\u043c \u0440\u043e\u0431\u043e\u0442\u0438 \u0442\u0430 \u043f\u0435\u0440\u0456\u043e\u0434\u0438\u0447\u043d\u043e \u043f\u0456\u0441\u043b\u044f \u0446\u044c\u043e\u0433\u043e. \u041f\u0456\u0434 \u0447\u0430\u0441 \u0456\u043d\u0441\u0442\u0440\u0443\u043a\u0442\u0430\u0436\u0443 \u043f\u0440\u0430\u0446\u0456\u0432\u043d\u0438\u043a\u0456\u0432 \u0437 \u043e\u0445\u043e\u0440\u043e\u043d\u0438 \u043f\u0440\u0430\u0446\u0456 \u0432\u043e\u043d\u0438 \u043e\u0442\u0440\u0438\u043c\u0443\u044e\u0442\u044c \u0456\u043d\u0444\u043e\u0440\u043c\u0430\u0446\u0456\u044e \u043f\u0440\u043e \u043c\u043e\u0436\u043b\u0438\u0432\u0456 \u043d\u0435\u0431\u0435\u0437\u043f\u0435\u043a\u0438 \u043d\u0430 \u0440\u043e\u0431\u043e\u0447\u043e\u043c\u0443 \u043c\u0456\u0441\u0446\u0456 \u0442\u0430 \u0441\u043f\u043e\u0441\u043e\u0431\u0438 \u0457\u0445 \u0443\u0441\u0443\u043d\u0435\u043d\u043d\u044f, \u0430 \u0442\u0430\u043a\u043e\u0436 \u0437\u0430\u0433\u0430\u043b\u044c\u043d\u0456 \u043f\u0440\u0438\u043d\u0446\u0438\u043f\u0438 \u043e\u0445\u043e\u0440\u043e\u043d\u0438 \u043f\u0440\u0430\u0446\u0456. \u041c\u0438 \u0442\u0430\u043a\u043e\u0436 \u043f\u0440\u043e\u0432\u043e\u0434\u0438\u043c\u043e \u0442\u0440\u0435\u043d\u0456\u043d\u0433\u0438 \u0437 \u043e\u0445\u043e\u0440\u043e\u043d\u0438 \u043f\u0440\u0430\u0446\u0456 \u0434\u043b\u044f \u0440\u043e\u0431\u043e\u0442\u043e\u0434\u0430\u0432\u0446\u0456\u0432 \u0456 \u043e\u0441\u0456\u0431, \u044f\u043a\u0456 \u043a\u0435\u0440\u0443\u044e\u0442\u044c \u043f\u0440\u0430\u0446\u0456\u0432\u043d\u0438\u043a\u0430\u043c\u0438.<\/p>\n<h2><strong>\u0422\u0435\u0440\u043c\u0456\u043d\u0438 \u0442\u0430 \u0442\u0435\u0440\u043c\u0456\u043d \u0434\u0456\u0457 \u043d\u0430\u0432\u0447\u0430\u043d\u043d\u044f<\/strong><\/h2>\n<h3><strong>\u041f\u043e\u0447\u0430\u0442\u043a\u043e\u0432\u0435 \u043d\u0430\u0432\u0447\u0430\u043d\u043d\u044f \u0437 \u043e\u0445\u043e\u0440\u043e\u043d\u0438 \u043f\u0440\u0430\u0446\u0456:<\/strong><\/h3>\n<ul>\n<li>\u043f\u0440\u0438\u0437\u043d\u0430\u0447\u0435\u043d\u0438\u0439 \u0434\u043b\u044f \u043d\u043e\u0432\u043e\u043f\u0440\u0438\u0439\u043d\u044f\u0442\u0438\u0445 \u043f\u0440\u0430\u0446\u0456\u0432\u043d\u0438\u043a\u0456\u0432 \u043d\u0430 \u0430\u0434\u043c\u0456\u043d\u0456\u0441\u0442\u0440\u0430\u0442\u0438\u0432\u043d\u043e-\u0441\u043b\u0443\u0436\u0431\u043e\u0432\u0456, \u0456\u043d\u0436\u0435\u043d\u0435\u0440\u043d\u043e-\u0442\u0435\u0445\u043d\u0456\u0447\u043d\u0456, \u0440\u043e\u0431\u0456\u0442\u043d\u0438\u0447\u0456 \u043f\u043e\u0441\u0430\u0434\u0438 - \u0442\u0435\u0440\u043c\u0456\u043d \u0434\u0456\u0457 1 \u0440\u0456\u043a<\/li>\n<li>\u043f\u0440\u0438\u0437\u043d\u0430\u0447\u0435\u043d\u0438\u0439 \u0434\u043b\u044f \u043d\u043e\u0432\u043e\u043f\u0440\u0438\u0439\u043d\u044f\u0442\u0438\u0445 \u043a\u0435\u0440\u0456\u0432\u043d\u0438\u0445 \u043f\u0440\u0430\u0446\u0456\u0432\u043d\u0438\u043a\u0456\u0432, \u0442\u043e\u0431\u0442\u043e \u043d\u0430 \u043a\u0435\u0440\u0456\u0432\u043d\u0443 \u043f\u043e\u0441\u0430\u0434\u0443 - \u0442\u0435\u0440\u043c\u0456\u043d \u0434\u0456\u0457 6 \u043c\u0456\u0441\u044f\u0446\u0456\u0432<\/li>\n<\/ul>\n<h3><strong>\u041f\u0435\u0440\u0456\u043e\u0434\u0438\u0447\u043d\u0438\u0439 \u0456\u043d\u0441\u0442\u0440\u0443\u043a\u0442\u0430\u0436 \u0437 \u043e\u0445\u043e\u0440\u043e\u043d\u0438 \u043f\u0440\u0430\u0446\u0456:<\/strong><\/h3>\n<ul>\n<li>\u043f\u0440\u0438\u0437\u043d\u0430\u0447\u0435\u043d\u0438\u0439 \u0434\u043b\u044f \u043e\u0441\u0456\u0431, \u044f\u043a\u0456 \u043f\u0440\u0430\u0446\u044e\u044e\u0442\u044c \u043d\u0430 \u0440\u043e\u0431\u0456\u0442\u043d\u0438\u0447\u0438\u0445 \u0442\u0430 \u0456\u043d\u0436\u0435\u043d\u0435\u0440\u043d\u043e-\u0442\u0435\u0445\u043d\u0456\u0447\u043d\u0438\u0445 \u0456 \u043a\u0435\u0440\u0456\u0432\u043d\u0438\u0445 \u043f\u043e\u0441\u0430\u0434\u0430\u0445, \u044f\u043a\u0456 \u0432\u0438\u043a\u043e\u043d\u0443\u044e\u0442\u044c \u043e\u0441\u043e\u0431\u043b\u0438\u0432\u043e \u043d\u0435\u0431\u0435\u0437\u043f\u0435\u0447\u043d\u0456 \u0440\u043e\u0431\u043e\u0442\u0438 - \u0442\u0435\u0440\u043c\u0456\u043d \u043f\u0440\u0438\u0434\u0430\u0442\u043d\u043e\u0441\u0442\u0456 1 \u0440\u0456\u043a \u0430\u0431\u043e 6 \u043c\u0456\u0441\u044f\u0446\u0456\u0432 \u0432 \u0437\u0430\u043b\u0435\u0436\u043d\u043e\u0441\u0442\u0456 \u0432\u0456\u0434 \u0448\u043a\u0456\u0434\u043b\u0438\u0432\u043e\u0441\u0442\u0456 \u0442\u0430 \u043f\u0440\u043e\u0444\u0435\u0441\u0456\u0439\u043d\u043e\u0433\u043e \u0440\u0438\u0437\u0438\u043a\u0443.<\/li>\n<li>\u043f\u0440\u0438\u0437\u043d\u0430\u0447\u0435\u043d\u0438\u0439 \u0434\u043b\u044f \u043f\u0440\u0430\u0446\u0456\u0432\u043d\u0438\u043a\u0456\u0432 \u0440\u043e\u0431\u043e\u0447\u0438\u0445 \u043f\u043e\u0441\u0430\u0434 - \u0442\u0435\u0440\u043c\u0456\u043d \u0434\u0456\u0457 3 \u0440\u043e\u043a\u0438<\/li>\n<li>\u043f\u0440\u0438\u0437\u043d\u0430\u0447\u0435\u043d\u043e \u0434\u043b\u044f \u0440\u043e\u0431\u043e\u0442\u043e\u0434\u0430\u0432\u0446\u0456\u0432 \u0442\u0430 \u043e\u0441\u0456\u0431, \u044f\u043a\u0456 \u043a\u0435\u0440\u0443\u044e\u0442\u044c \u043f\u0440\u0430\u0446\u0456\u0432\u043d\u0438\u043a\u0430\u043c\u0438 - \u0442\u0435\u0440\u043c\u0456\u043d \u0434\u0456\u0457 5 \u0440\u043e\u043a\u0456\u0432<\/li>\n<li>\u043f\u0440\u0438\u0437\u043d\u0430\u0447\u0435\u043d\u0438\u0439 \u0434\u043b\u044f \u043f\u0440\u0430\u0446\u0456\u0432\u043d\u0438\u043a\u0456\u0432 \u0456\u043d\u0436\u0435\u043d\u0435\u0440\u043d\u043e-\u0442\u0435\u0445\u043d\u0456\u0447\u043d\u0438\u0445 \u043f\u043e\u0441\u0430\u0434 - \u0442\u0435\u0440\u043c\u0456\u043d \u0434\u0456\u0457 5 \u0440\u043e\u043a\u0456\u0432<\/li>\n<li>\u043f\u0440\u0438\u0437\u043d\u0430\u0447\u0435\u043d\u0438\u0439 \u0434\u043b\u044f \u043f\u0440\u0430\u0446\u0456\u0432\u043d\u0438\u043a\u0456\u0432, \u044f\u043a\u0456 \u043f\u0440\u0430\u0446\u044e\u044e\u0442\u044c \u043d\u0430 \u0430\u0434\u043c\u0456\u043d\u0456\u0441\u0442\u0440\u0430\u0442\u0438\u0432\u043d\u0438\u0445 \u0442\u0430 \u0441\u043b\u0443\u0436\u0431\u043e\u0432\u0438\u0445 \u043f\u043e\u0441\u0430\u0434\u0430\u0445 - \u0442\u0435\u0440\u043c\u0456\u043d \u0434\u0456\u0457 6 \u0440\u043e\u043a\u0456\u0432<\/li>\n<li>\u043f\u0440\u0438\u0437\u043d\u0430\u0447\u0435\u043d\u0438\u0439 \u0434\u043b\u044f \u043f\u0440\u0430\u0446\u0456\u0432\u043d\u0438\u043a\u0456\u0432 \u0441\u043b\u0443\u0436\u0431\u0438 \u043e\u0445\u043e\u0440\u043e\u043d\u0438 \u043f\u0440\u0430\u0446\u0456 - \u043f\u0435\u0440\u0448\u0456 12 \u043c\u0456\u0441\u044f\u0446\u0456\u0432 \u043f\u0456\u0441\u043b\u044f \u0437\u0430\u043a\u0456\u043d\u0447\u0435\u043d\u043d\u044f \u043d\u0430\u0432\u0447\u0430\u043d\u043d\u044f, \u043f\u043e\u0442\u0456\u043c \u043a\u043e\u0436\u043d\u0456 5 \u0440\u043e\u043a\u0456\u0432<\/li>\n<\/ul>\n<p>\u0412\u0456\u0434\u043f\u043e\u0432\u0456\u0434\u043d\u043e \u0434\u043e \u00a7 14, 15 \u041f\u043e\u0441\u0442\u0430\u043d\u043e\u0432\u0438 \u041c\u0456\u043d\u0456\u0441\u0442\u0440\u0430 \u0435\u043a\u043e\u043d\u043e\u043c\u0456\u043a\u0438 \u0442\u0430 \u043f\u0440\u0430\u0446\u0456 \u0432\u0456\u0434 27 \u043b\u0438\u043f\u043d\u044f 2004 \u0440. \u043f\u0440\u043e \u043d\u0430\u0432\u0447\u0430\u043d\u043d\u044f \u0432 \u0433\u0430\u043b\u0443\u0437\u0456 \u0431\u0435\u0437\u043f\u0435\u043a\u0438 \u0442\u0430 \u0433\u0456\u0433\u0456\u0454\u043d\u0438 \u043f\u0440\u0430\u0446\u0456 (\u0417\u0430\u043a\u043e\u043d. \u0432\u0456\u0441\u043d\u0438\u043a \u2116 180, \u043f\u043e\u0437. 1860, \u0437\u0456 \u0437\u043c\u0456\u043d\u0430\u043c\u0438).<\/p>\n<h3><strong>\u0421\u0443\u0447\u0430\u0441\u043d\u0430 \u0444\u043e\u0440\u043c\u0430 \u043f\u0440\u043e\u0432\u0435\u0434\u0435\u043d\u043d\u044f \u0437\u0430\u043d\u044f\u0442\u044c<\/strong><\/h3>\n<p>\u041a\u043e\u0436\u0435\u043d \u043f\u0435\u0440\u0456\u043e\u0434\u0438\u0447\u043d\u0438\u0439 \u0456\u043d\u0441\u0442\u0440\u0443\u043a\u0442\u0430\u0436 \u0437 \u043e\u0445\u043e\u0440\u043e\u043d\u0438 \u043f\u0440\u0430\u0446\u0456 \u0442\u0430 \u0432\u0441\u0442\u0443\u043f\u043d\u0438\u0439 \u0456\u043d\u0441\u0442\u0440\u0443\u043a\u0442\u0430\u0436 \u0443 \u043d\u0430\u0448\u043e\u043c\u0443 \u0426\u0435\u043d\u0442\u0440\u0456 \u043f\u0440\u043e\u0432\u043e\u0434\u0438\u0442\u044c\u0441\u044f \u0432\u0456\u0434\u043f\u043e\u0432\u0456\u0434\u043d\u043e \u0434\u043e \u0437\u0430\u043a\u043e\u043d\u043e\u0434\u0430\u0432\u0441\u0442\u0432\u0430 \u0442\u0430 \u0432\u0438\u0440\u0456\u0437\u043d\u044f\u0454\u0442\u044c\u0441\u044f \u043f\u0440\u0438\u0432\u0430\u0431\u043b\u0438\u0432\u043e\u044e \u0444\u043e\u0440\u043c\u043e\u044e \u043f\u0440\u043e\u0432\u0435\u0434\u0435\u043d\u043d\u044f \u0437\u0430\u043d\u044f\u0442\u044c. \u0417\u0430\u043c\u0456\u0441\u0442\u044c \u0442\u0440\u0438\u0432\u0430\u043b\u0438\u0445 \u043b\u0435\u043a\u0446\u0456\u0439 \u043c\u0438 \u043f\u0440\u043e\u0432\u043e\u0434\u0438\u043c\u043e \u0437\u0430\u043d\u044f\u0442\u0442\u044f, \u0441\u043f\u0440\u044f\u043c\u043e\u0432\u0430\u043d\u0456 \u043d\u0430 \u0430\u043a\u0442\u0438\u0432\u0456\u0437\u0430\u0446\u0456\u044e \u0443\u0447\u0430\u0441\u043d\u0438\u043a\u0456\u0432 \u0442\u0430 \u0457\u0445\u043d\u044e \u0434\u0438\u043d\u0430\u043c\u0456\u0447\u043d\u0443 \u0443\u0447\u0430\u0441\u0442\u044c \u0432 \u043e\u0442\u0440\u0438\u043c\u0430\u043d\u043d\u0456 \u0437\u043d\u0430\u043d\u044c \u0443 \u0441\u0444\u0435\u0440\u0456 \u043e\u0445\u043e\u0440\u043e\u043d\u0438 \u0437\u0434\u043e\u0440\u043e\u0432\u2019\u044f \u0442\u0430 \u0431\u0435\u0437\u043f\u0435\u043a\u0438, \u0449\u043e \u043e\u0437\u043d\u0430\u0447\u0430\u0454, \u0449\u043e \u0446\u0435 \u043d\u0430\u0431\u0430\u0433\u0430\u0442\u043e \u043a\u0440\u0430\u0449\u0435 \u043d\u0430\u043b\u0430\u0433\u043e\u0434\u0436\u0435\u043d\u043e, \u043d\u0456\u0436 \u0443 \u0432\u0438\u043f\u0430\u0434\u043a\u0443 \u0442\u0440\u0430\u0434\u0438\u0446\u0456\u0439\u043d\u0438\u0445 \u043c\u0435\u0442\u043e\u0434\u0456\u0432 \u043d\u0430\u0432\u0447\u0430\u043d\u043d\u044f. \u0421\u0430\u043c\u0435 \u0442\u043e\u043c\u0443 \u043d\u0430\u0448\u0443 \u043f\u0440\u043e\u043f\u043e\u0437\u0438\u0446\u0456\u044e \u0442\u0430\u043a \u0447\u0430\u0441\u0442\u043e \u043e\u0431\u0438\u0440\u0430\u044e\u0442\u044c \u0442\u0456 \u0440\u043e\u0431\u043e\u0442\u043e\u0434\u0430\u0432\u0446\u0456, \u044f\u043a\u0456 \u0434\u0431\u0430\u044e\u0442\u044c \u043f\u0440\u043e \u043c\u0430\u043a\u0441\u0438\u043c\u0430\u043b\u044c\u043d\u0443 \u0431\u0435\u0437\u043f\u0435\u043a\u0443 \u0441\u0432\u043e\u0457\u0445 \u0441\u043f\u0456\u0432\u0440\u043e\u0431\u0456\u0442\u043d\u0438\u043a\u0456\u0432, \u043e\u0441\u043e\u0431\u043b\u0438\u0432\u043e \u043d\u0430 \u043f\u043e\u0441\u0430\u0434\u0430\u0445, \u0434\u0435 \u0457\u043c \u0437\u0430\u0433\u0440\u043e\u0436\u0443\u0454 \u0441\u0435\u0440\u0439\u043e\u0437\u043d\u0430 \u0437\u0430\u0433\u0440\u043e\u0437\u0430.<\/p>\n<h3><strong>\u0422\u0435\u043c\u0430\u0442\u0438\u043a\u0430, \u043c\u0456\u0441\u0446\u0435 \u0442\u0430 \u0447\u0430\u0441 \u0432\u0456\u0434\u043f\u043e\u0432\u0456\u0434\u043d\u043e \u0434\u043e \u0432\u0430\u0448\u0438\u0445 \u043f\u043e\u0442\u0440\u0435\u0431<\/strong><\/h3>\n<p>\u0423 \u0441\u0444\u0435\u0440\u0456 \u0433\u0456\u0433\u0456\u0454\u043d\u0438 \u0442\u0430 \u0431\u0435\u0437\u043f\u0435\u043a\u0438 \u043f\u0440\u0430\u0446\u0456 \u043c\u0438 \u043f\u0440\u043e\u0432\u043e\u0434\u0438\u043c\u043e \u043d\u0430\u0432\u0447\u0430\u043d\u043d\u044f \u0432 \u043d\u0430\u0448\u043e\u043c\u0443 \u0426\u0435\u043d\u0442\u0440\u0456, \u0440\u043e\u0437\u0442\u0430\u0448\u043e\u0432\u0430\u043d\u043e\u043c\u0443 \u0432 \u043c\u0456\u0441\u0442\u0456 \u0412\u0430\u0440\u0448\u0430\u0432\u0430 - \u0443 \u043d\u0430\u0441 \u0454 \u043a\u043e\u043c\u043f\u043b\u0435\u043a\u0441\u043d\u043e \u043f\u0456\u0434\u0433\u043e\u0442\u043e\u0432\u043b\u0435\u043d\u0456 \u0430\u0443\u0434\u0438\u0442\u043e\u0440\u0456\u0457, \u0430\u043b\u0435 \u043c\u0438 \u0442\u0430\u043a\u043e\u0436 \u043c\u043e\u0436\u0435\u043c\u043e \u043e\u0445\u043e\u043f\u0438\u0442\u0438 \u043a\u043b\u0456\u0454\u043d\u0442\u0456\u0432 \u0443 \u041c\u0430\u0437\u043e\u0432\u0435\u0446\u044c\u043a\u043e\u043c\u0443 \u0432\u043e\u0454\u0432\u043e\u0434\u0441\u0442\u0432\u0456 \u0442\u0430 \u043f\u043e \u0432\u0441\u0456\u0439 \u041f\u043e\u043b\u044c\u0449\u0456.<\/p>\n<p>\u0412\u0456\u0434\u043a\u0440\u0438\u0442\u0456 \u0437\u0430\u043d\u044f\u0442\u0442\u044f \u043f\u0440\u043e\u0432\u043e\u0434\u044f\u0442\u044c\u0441\u044f \u0449\u043e\u0434\u043d\u044f \u0437\u0430 \u0440\u043e\u0437\u043a\u043b\u0430\u0434\u043e\u043c. \u0417 \u0456\u043d\u0448\u043e\u0433\u043e \u0431\u043e\u043a\u0443, \u0437\u0430\u043a\u0440\u0438\u0442\u0456 \u043a\u0443\u0440\u0441\u0438 \u0437 \u043e\u0445\u043e\u0440\u043e\u043d\u0438 \u043f\u0440\u0430\u0446\u0456 \u043e\u0440\u0433\u0430\u043d\u0456\u0437\u043e\u0432\u0443\u044e\u0442\u044c\u0441\u044f \u0443 \u0437\u0440\u0443\u0447\u043d\u0438\u0439 \u0434\u043b\u044f \u043a\u043b\u0456\u0454\u043d\u0442\u0456\u0432 \u0447\u0430\u0441, \u0456 \u0432\u043e\u043d\u0438 \u043c\u043e\u0436\u0443\u0442\u044c \u0431\u0443\u0442\u0438 \u0456\u043d\u0434\u0438\u0432\u0456\u0434\u0443\u0430\u043b\u044c\u043d\u043e \u0430\u0434\u0430\u043f\u0442\u043e\u0432\u0430\u043d\u0456 \u0434\u043e \u0432\u0430\u0448\u0438\u0445 \u043f\u043e\u0442\u0440\u0435\u0431 \u0437 \u0442\u043e\u0447\u043a\u0438 \u0437\u043e\u0440\u0443 \u0442\u0435\u043c\u0430\u0442\u0438\u043a\u0438, \u043d\u0430\u043f\u0440\u0438\u043a\u043b\u0430\u0434, \u0441\u043f\u0435\u0446\u0438\u0444\u0456\u043a\u0438 \u043f\u043e\u0441\u0430\u0434, \u044f\u043a\u0456 \u0437\u0430\u0439\u043c\u0430\u044e\u0442\u044c \u043f\u0440\u0430\u0446\u0456\u0432\u043d\u0438\u043a\u0438.<\/p>\n<p>\u041d\u0430\u0441 \u0432\u0456\u0434\u0440\u0456\u0437\u043d\u044f\u0454 \u043f\u0440\u0438\u0432\u0430\u0431\u043b\u0438\u0432\u0430 \u0446\u0456\u043d\u0430 \u0437\u0430\u043d\u044f\u0442\u044c, \u0442\u043e\u043c\u0443 \u044f\u043a\u0449\u043e \u0432\u0438 \u0445\u043e\u0447\u0435\u0442\u0435 \u0437\u0430\u043c\u043e\u0432\u0438\u0442\u0438 \u043f\u0435\u0440\u0456\u043e\u0434\u0438\u0447\u043d\u0438\u0439 \u0456\u043d\u0441\u0442\u0440\u0443\u043a\u0442\u0430\u0436 \u0437 \u043e\u0445\u043e\u0440\u043e\u043d\u0438 \u043f\u0440\u0430\u0446\u0456 \u0430\u0431\u043e \u0432\u0441\u0442\u0443\u043f\u043d\u0438\u0439 \u0456\u043d\u0441\u0442\u0440\u0443\u043a\u0442\u0430\u0436, \u0437\u0430\u0432\u0434\u044f\u043a\u0438 \u043d\u0430\u043c \u0432\u0430\u043c \u043d\u0435 \u0434\u043e\u0432\u0435\u0434\u0435\u0442\u044c\u0441\u044f \u043f\u0435\u0440\u0435\u043f\u043b\u0430\u0447\u0443\u0432\u0430\u0442\u0438. \u043d\u0430\u0448 <a href=\"https:\/\/odk-ergon.pl\/ua\/cennik\/\">\u041f\u0440\u0430\u0439\u0441 \u043b\u0438\u0441\u0442<\/a> \u0432\u0456\u043d \u043d\u0435 \u043d\u0430\u0432&#039;\u044f\u0437\u0443\u0454\u0442\u044c\u0441\u044f \u0437\u0430\u0437\u0434\u0430\u043b\u0435\u0433\u0456\u0434\u044c, \u0442\u043e\u043c\u0443 \u0434\u043b\u044f \u0432\u0435\u043b\u0438\u043a\u0438\u0445 \u0433\u0440\u0443\u043f \u043c\u0438 \u043c\u043e\u0436\u0435\u043c\u043e \u0437\u0430\u043f\u0440\u043e\u043f\u043e\u043d\u0443\u0432\u0430\u0442\u0438 \u043f\u0440\u0438\u0432\u0430\u0431\u043b\u0438\u0432\u0456 \u0437\u043d\u0438\u0436\u043a\u0438. \u042f\u043a\u0449\u043e \u0432\u0438 \u0437\u0430\u0446\u0456\u043a\u0430\u0432\u043b\u0435\u043d\u0456 \u0443 \u0432\u0438\u043a\u043e\u0440\u0438\u0441\u0442\u0430\u043d\u043d\u0456 \u043d\u0430\u0448\u0438\u0445 \u043f\u043e\u0441\u043b\u0443\u0433, \u0437\u0432&#039;\u044f\u0436\u0456\u0442\u044c\u0441\u044f \u0437 \u043d\u0430\u043c\u0438 \u0434\u043b\u044f \u043e\u0431\u0433\u043e\u0432\u043e\u0440\u0435\u043d\u043d\u044f \u0434\u0435\u0442\u0430\u043b\u0435\u0439 - \u043d\u0430\u0448\u0456 \u0441\u043f\u0456\u0432\u0440\u043e\u0431\u0456\u0442\u043d\u0438\u043a\u0438 \u043f\u0456\u0434\u0433\u043e\u0442\u0443\u044e\u0442\u044c \u0434\u0435\u0442\u0430\u043b\u044c\u043d\u0443 \u0446\u0456\u043d\u043e\u0432\u0443 \u043f\u0440\u043e\u043f\u043e\u0437\u0438\u0446\u0456\u044e.<\/p>\n<p><a href=\"https:\/\/odk-ergon.pl\/ua\/o-firmie\/\">\u0426\u0435\u043d\u0442\u0440 \u043f\u0456\u0434\u0433\u043e\u0442\u043e\u0432\u043a\u0438 \u043f\u0435\u0440\u0441\u043e\u043d\u0430\u043b\u0443 \u0415\u0420\u0413\u041e\u041d<\/a> - \u041d\u0430\u0432\u0447\u0430\u043d\u043d\u044f \u0437 \u043e\u0445\u043e\u0440\u043e\u043d\u0438 \u043f\u0440\u0430\u0446\u0456 \u0443 \u0412\u0430\u0440\u0448\u0430\u0432\u0456 - \u0437\u0430\u043f\u0440\u043e\u0448\u0443\u0454\u043c\u043e \u0432\u0430\u0441 \u043e\u0431\u0440\u0430\u0442\u0438 \u043d\u0430\u0448\u0443 \u043f\u0440\u043e\u043f\u043e\u0437\u0438\u0446\u0456\u044e!<\/p>\n<\/div>","protected":false},"excerpt":{"rendered":"<p>W O\u015brodku Doskonalenia Kadr ERGON powadzimy szkolenia BHP dla pracownik\u00f3w oraz dla pracodawc\u00f3w. Realizujemy wst\u0119pne i okresowe szkolenie BHP na wszystkie stanowiska pracy, dlatego je\u017celi Potrzebuj\u0105 Pa\u0144stwo kompleksowego wsparcia, jeste\u015bmy do dyspozycji. Uczymy nieszablonowo i k\u0142adziemy nacisk na aktywne zdobywanie wiedzy przez uczestnik\u00f3w, dlatego nasze zaj\u0119cia wyr\u00f3\u017cniaj\u0105 si\u0119 wysok\u0105 skuteczno\u015bci\u0105 i ciesz\u0105 si\u0119 zadowoleniem w\u015br\u00f3d firm!Przypominamy, \u017ce zgodnie z przepisami Unii Europejskiej ka\u017cdy pracodawca ma obowi\u0105zek przeprowadzi\u0107 kurs BHP dla swoich pracownik\u00f3w, aby przekaza\u0107 im kluczow\u0105 wiedz\u0119 na temat bezpiecze\u0144stwa i higieny pracy przed pierwszym rozpocz\u0119ciem pracy, a nast\u0119pnie okresowo. Podczas szkolenia BHP dla pracownik\u00f3w otrzymuj\u0105 oni informacje dotycz\u0105ce mo\u017cliwych zagro\u017ce\u0144 na stanowisku pracy oraz sposob\u00f3w ich eliminowania, a tak\u017ce og\u00f3lnych zasad bezpiecze\u0144stwa i higieny pracy. Tak\u017ce prowadzimy szkolenia BHP dla pracodawc\u00f3w i os\u00f3b kieruj\u0105cych pracownikami. Terminy i wa\u017cno\u015bci szkole\u0144 Szkolenie BHP wst\u0119pne: przeznaczone dla pracownik\u00f3w nowozatrudnionych na stanowiskach administracyjno-biurowych, in\u017cynieryjno-technicznych, robotniczych \u2013 termin wa\u017cno\u015bci to 1 rok przeznaczone dla os\u00f3b nowozatrudnionych kieruj\u0105cych pracownikami, czyli na stanowisko kierownicze \u2013 termin wa\u017cno\u015bci to 6 miesi\u0119cy Szkolenie BHP okresowe: przeznaczone dla os\u00f3b pracuj\u0105cych na stanowiskach robotniczo-in\u017cynieryjnych, technicznych i kierowniczych, wykonuj\u0105cych prace szczeg\u00f3lnie niebezpieczne \u2013 termin wa\u017cno\u015bci to 1 rok lub 6 miesi\u0119cy zale\u017cnie od zagro\u017ce\u0144 i ryzyka zawodowego przeznaczone dla pracownik\u00f3w na stanowiskach robotniczych \u2013 termin wa\u017cno\u015bci to 3 lata przeznaczone dla pracodawc\u00f3w i os\u00f3b kieruj\u0105cych pracownikami \u2013 termin wa\u017cno\u015bci to 5 lat przeznaczone dla pracownik\u00f3w na stanowiskach in\u017cynieryjno-technicznych \u2013 termin wa\u017cno\u015bci to 5 lat przeznaczone dla pracownik\u00f3w zatrudnionych na stanowiskach administracyjno-biurowych \u2013 termin wa\u017cno\u015bci to 6 lat przeznaczone dla pracownik\u00f3w s\u0142u\u017cby Bezpiecze\u0144stwa i Higieny Pracy \u2013 [&hellip;]<\/p>\n","protected":false},"author":1,"featured_media":1424,"parent":65,"menu_order":0,"comment_status":"closed","ping_status":"closed","template":"page-templates\/template-podkategorie.php","meta":{"sfsi_plus_gutenberg_text_before_share":"","sfsi_plus_gutenberg_show_text_before_share":"","sfsi_plus_gutenberg_icon_type":"","sfsi_plus_gutenberg_icon_alignemt":"","sfsi_plus_gutenburg_max_per_row":"","footnotes":""},"class_list":["post-1190","page","type-page","status-publish","has-post-thumbnail","hentry","has_thumb"],"aioseo_notices":[],"_links":{"self":[{"href":"https:\/\/odk-ergon.pl\/ua\/wp-json\/wp\/v2\/pages\/1190","targetHints":{"allow":["GET"]}}],"collection":[{"href":"https:\/\/odk-ergon.pl\/ua\/wp-json\/wp\/v2\/pages"}],"about":[{"href":"https:\/\/odk-ergon.pl\/ua\/wp-json\/wp\/v2\/types\/page"}],"author":[{"embeddable":true,"href":"https:\/\/odk-ergon.pl\/ua\/wp-json\/wp\/v2\/users\/1"}],"replies":[{"embeddable":true,"href":"https:\/\/odk-ergon.pl\/ua\/wp-json\/wp\/v2\/comments?post=1190"}],"version-history":[{"count":8,"href":"https:\/\/odk-ergon.pl\/ua\/wp-json\/wp\/v2\/pages\/1190\/revisions"}],"predecessor-version":[{"id":1919,"href":"https:\/\/odk-ergon.pl\/ua\/wp-json\/wp\/v2\/pages\/1190\/revisions\/1919"}],"up":[{"embeddable":true,"href":"https:\/\/odk-ergon.pl\/ua\/wp-json\/wp\/v2\/pages\/65"}],"wp:featuredmedia":[{"embeddable":true,"href":"https:\/\/odk-ergon.pl\/ua\/wp-json\/wp\/v2\/media\/1424"}],"wp:attachment":[{"href":"https:\/\/odk-ergon.pl\/ua\/wp-json\/wp\/v2\/media?parent=1190"}],"curies":[{"name":"wp","href":"https:\/\/api.w.org\/{rel}","templated":true}]}}