{"id":1222,"date":"2014-08-07T15:11:13","date_gmt":"2014-08-07T15:11:13","guid":{"rendered":"http:\/\/odk-ergon.pl\/?page_id=1222"},"modified":"2021-07-17T20:44:22","modified_gmt":"2021-07-17T19:44:22","slug":"%d0%bf%d1%80%d0%be%d1%82%d0%b8%d0%bf%d0%be%d0%b6%d0%b5%d0%b6%d0%bd%d0%be-%d0%bd%d0%b0%d0%b2%d1%87","status":"publish","type":"page","link":"https:\/\/odk-ergon.pl\/ua\/szkolenia\/szkolenie-ppoz-przeciwpozarowe\/","title":{"rendered":"\u0412\u043e\u0433\u043d\u0435\u0432\u0430 \u043f\u0456\u0434\u0433\u043e\u0442\u043e\u0432\u043a\u0430"},"content":{"rendered":"<div style=\"float: left; padding-right: 10px;\"><img decoding=\"async\" src=\"\/wp-content\/uploads\/2014\/08\/strazak_m.jpg\" alt=\"\" \/><\/div>\n<div class=\"wyjustuj\">\n<p><a href=\"https:\/\/odk-ergon.pl\/ua\/o-firmie\/\">\u0426\u0435\u043d\u0442\u0440 \u043f\u0456\u0434\u0433\u043e\u0442\u043e\u0432\u043a\u0438 \u043f\u0435\u0440\u0441\u043e\u043d\u0430\u043b\u0443 \u0415\u0420\u0413\u041e\u041d<\/a> \u0437\u0430\u043f\u0440\u043e\u0448\u0443\u0454 \u043d\u0430 \u043d\u0430\u0432\u0447\u0430\u043d\u043d\u044f \u0437 \u043f\u043e\u0436\u0435\u0436\u043d\u043e\u0457 \u0431\u0435\u0437\u043f\u0435\u043a\u0438. \u041c\u0438 \u043c\u0430\u0454\u043c\u043e \u0431\u0430\u0433\u0430\u0442\u043e\u0440\u0456\u0447\u043d\u0438\u0439 \u0434\u043e\u0441\u0432\u0456\u0434 \u0440\u043e\u0431\u043e\u0442\u0438 \u0432 \u0433\u0430\u043b\u0443\u0437\u0456, \u0443 \u043d\u0430\u0441 \u0454 \u043a\u043e\u043c\u0430\u043d\u0434\u0430 \u043a\u043e\u043c\u043f\u0435\u0442\u0435\u043d\u0442\u043d\u0438\u0445 \u0456\u043d\u0441\u0442\u0440\u0443\u043a\u0442\u043e\u0440\u0456\u0432 \u0456 \u0432\u043b\u0430\u0441\u043d\u0456 \u0430\u0443\u0434\u0438\u0442\u043e\u0440\u0456\u0457. \u041c\u0438 \u0442\u0430\u043a\u043e\u0436 \u043c\u043e\u0436\u0435\u043c\u043e \u043f\u0440\u043e\u0432\u0435\u0441\u0442\u0438 \u043f\u0440\u043e\u0442\u0438\u043f\u043e\u0436\u0435\u0436\u043d\u0438\u0439 \u0456\u043d\u0441\u0442\u0440\u0443\u043a\u0442\u0430\u0436 \u0434\u043b\u044f \u043f\u0440\u0430\u0446\u0456\u0432\u043d\u0438\u043a\u0456\u0432 \u0443 \u0431\u0443\u0434\u044c-\u044f\u043a\u043e\u043c\u0443 \u043e\u0431\u0440\u0430\u043d\u043e\u043c\u0443 \u0432\u0430\u043c\u0438 \u043c\u0456\u0441\u0446\u0456 \u0432 \u041c\u0430\u0437\u043e\u0432\u0435\u0446\u044c\u043a\u043e\u043c\u0443 \u0432\u043e\u0454\u0432\u043e\u0434\u0441\u0442\u0432\u0456 \u0442\u0430 \u043f\u043e \u0432\u0441\u0456\u0439 \u041f\u043e\u043b\u044c\u0449\u0456.<\/p>\n<p>\u0412\u0456\u0434\u043f\u043e\u0432\u0456\u0434\u043d\u043e \u0434\u043e \u0437\u0430\u043a\u043e\u043d\u043e\u0434\u0430\u0432\u0441\u0442\u0432\u0430 \u0437\u0430\u0432\u0434\u0430\u043d\u043d\u044f\u043c \u0440\u043e\u0431\u043e\u0442\u043e\u0434\u0430\u0432\u0446\u044f \u0454 \u0437\u0430\u0431\u0435\u0437\u043f\u0435\u0447\u0435\u043d\u043d\u044f \u043f\u0440\u043e\u0442\u0438\u043f\u043e\u0436\u0435\u0436\u043d\u043e\u0433\u043e \u0437\u0430\u0445\u0438\u0441\u0442\u0443 \u043d\u0430 \u0440\u043e\u0431\u043e\u0447\u043e\u043c\u0443 \u043c\u0456\u0441\u0446\u0456.<\/p>\n<h2><strong>\u041e\u0431\u043e\u0432&#039;\u044f\u0437\u043a\u0438 \u0440\u043e\u0431\u043e\u0442\u043e\u0434\u0430\u0432\u0446\u044f<\/strong><\/h2>\n<ul>\n<li>\u0412\u043b\u0430\u0441\u043d\u0438\u043a, \u0443\u043f\u0440\u0430\u0432\u0438\u0442\u0435\u043b\u044c \u0430\u0431\u043e \u043a\u043e\u0440\u0438\u0441\u0442\u0443\u0432\u0430\u0447 \u0431\u0443\u0434\u0456\u0432\u043b\u0456 \u0437\u043e\u0431\u043e\u0432&#039;\u044f\u0437\u0430\u043d\u0438\u0439:<\/li>\n<li>\u0432\u043a\u0430\u0437\u0456\u0432\u043a\u0430 \u0442\u0430 \u043d\u0430\u043f\u0440\u0430\u0432\u043b\u0435\u043d\u043d\u044f \u043f\u0440\u0430\u0446\u0456\u0432\u043d\u0438\u043a\u0430 \u043d\u0430 \u043f\u0440\u043e\u0442\u0438\u043f\u043e\u0436\u0435\u0436\u043d\u0438\u0439 \u043a\u0443\u0440\u0441, \u044f\u043a\u0438\u0439 \u0432\u0456\u0434\u043f\u043e\u0432\u0456\u0434\u0430\u0442\u0438\u043c\u0435 \u0437\u0430 \u043f\u043e\u0440\u044f\u0434\u043e\u043a \u0435\u0432\u0430\u043a\u0443\u0430\u0446\u0456\u0457 \u0443 \u0440\u0430\u0437\u0456 \u0432\u0438\u043d\u0438\u043a\u043d\u0435\u043d\u043d\u044f \u043f\u043e\u0436\u0435\u0436\u0456<\/li>\n<li>\u0432\u0438\u0437\u043d\u0430\u0447\u0435\u043d\u043d\u044f \u0434\u0456\u0439 \u0443 \u0440\u0430\u0437\u0456 \u0432\u0438\u043d\u0438\u043a\u043d\u0435\u043d\u043d\u044f \u043f\u043e\u0436\u0435\u0436, \u0441\u0442\u0438\u0445\u0456\u0439\u043d\u0438\u0445 \u043b\u0438\u0445 \u0442\u0430 \u0456\u043d\u0448\u0438\u0445 \u0437\u0430\u0433\u0440\u043e\u0437<\/li>\n<li>\u0437\u0430\u0431\u0435\u0437\u043f\u0435\u0447\u0438\u0442\u0438 \u043f\u0440\u0430\u0446\u0456\u0432\u043d\u0438\u043a\u0456\u0432 \u043f\u0440\u0430\u0432\u0438\u043b\u0430\u043c\u0438 \u043f\u043e\u0436\u0435\u0436\u043d\u043e\u0457 \u0431\u0435\u0437\u043f\u0435\u043a\u0438<\/li>\n<li>\u0437\u0430\u0431\u0435\u0437\u043f\u0435\u0447\u0438\u0442\u0438 \u0431\u0435\u0437\u043f\u0435\u0447\u043d\u0443 \u0435\u0432\u0430\u043a\u0443\u0430\u0446\u0456\u044e \u0432\u0441\u0456\u0445, \u0445\u0442\u043e \u043f\u0435\u0440\u0435\u0431\u0443\u0432\u0430\u0454 \u0432 \u0431\u0443\u0434\u0456\u0432\u043b\u0456 \u0430\u0431\u043e \u0457\u0457 \u043f\u0440\u0438\u043c\u0456\u0449\u0435\u043d\u043d\u044f\u0445<\/li>\n<li>\u043e\u0431\u043b\u0430\u0434\u043d\u0430\u043d\u043d\u044f \u0431\u0443\u0434\u0456\u0432\u043b\u0456 \u0430\u0431\u043e \u0442\u0435\u0440\u0438\u0442\u043e\u0440\u0456\u0457 \u0432\u0456\u0434\u043f\u043e\u0432\u0456\u0434\u043d\u0438\u043c\u0438 \u0437\u0430\u0441\u043e\u0431\u0430\u043c\u0438 \u043f\u043e\u0436\u0435\u0436\u043e\u0433\u0430\u0441\u0456\u043d\u043d\u044f, \u0443 \u0442\u043e\u043c\u0443 \u0447\u0438\u0441\u043b\u0456 \u0432\u043e\u0433\u043d\u0435\u0433\u0430\u0441\u043d\u0438\u043a\u0430\u043c\u0438<\/li>\n<li>\u043f\u0440\u043e\u0432\u043e\u0434\u0438\u0442\u0438 \u0440\u0435\u0433\u0443\u043b\u044f\u0440\u043d\u0435 \u0442\u0435\u0445\u043d\u0456\u0447\u043d\u0435 \u043e\u0431\u0441\u043b\u0443\u0433\u043e\u0432\u0443\u0432\u0430\u043d\u043d\u044f \u043f\u0440\u043e\u0442\u0438\u043f\u043e\u0436\u0435\u0436\u043d\u043e\u0433\u043e \u043e\u0431\u043b\u0430\u0434\u043d\u0430\u043d\u043d\u044f, \u0432\u043a\u043b\u044e\u0447\u0430\u044e\u0447\u0438 \u0432\u043e\u0433\u043d\u0435\u0433\u0430\u0441\u043d\u0438\u043a\u0438, \u0449\u043e\u0431 \u0432\u043e\u043d\u0438 \u0437\u0430\u0432\u0436\u0434\u0438 \u043f\u0440\u0430\u0446\u044e\u0432\u0430\u043b\u0438 \u043d\u0430\u043b\u0435\u0436\u043d\u0438\u043c \u0447\u0438\u043d\u043e\u043c<\/li>\n<\/ul>\n<h3><strong>\u041f\u043e\u0436\u0435\u0436\u043d\u0430 \u0431\u0435\u0437\u043f\u0435\u043a\u0430 \u043d\u0430 \u043e\u0431&#039;\u0454\u043a\u0442\u0456<\/strong><\/h3>\n<ul>\n<li>\u041a\u043e\u0436\u0435\u043d \u0432\u043b\u0430\u0441\u043d\u0438\u043a, \u0443\u043f\u0440\u0430\u0432\u0438\u0442\u0435\u043b\u044c \u0430\u0431\u043e \u043a\u043e\u0440\u0438\u0441\u0442\u0443\u0432\u0430\u0447 \u0431\u0443\u0434\u0438\u043d\u043a\u0443, \u043a\u0440\u0456\u043c \u043e\u0434\u043d\u043e\u043a\u0432\u0430\u0440\u0442\u0438\u0440\u043d\u0438\u0445 \u0431\u0443\u0434\u0438\u043d\u043a\u0456\u0432, \u0437\u043e\u0431\u043e\u0432&#039;\u044f\u0437\u0430\u043d\u0438\u0439:<\/li>\n<li>\u043e\u0431\u043b\u0430\u0434\u043d\u0430\u0442\u0438 \u0431\u0443\u0434\u0456\u0432\u043b\u044e \u0437\u0430\u0441\u043e\u0431\u0430\u043c\u0438 \u043f\u043e\u0436\u0435\u0436\u043e\u0433\u0430\u0441\u0456\u043d\u043d\u044f \u0442\u0430 \u0432\u043e\u0433\u043d\u0435\u0433\u0430\u0441\u043d\u0438\u043a\u0430\u043c\u0438, \u043f\u0456\u0434\u0442\u0440\u0438\u043c\u0443\u0432\u0430\u0442\u0438 \u0457\u0445 \u0443 \u043f\u043e\u0441\u0442\u0456\u0439\u043d\u0456\u0439 \u043f\u0440\u0430\u0446\u0435\u0437\u0434\u0430\u0442\u043d\u043e\u0441\u0442\u0456 \u0442\u0430 \u0442\u0435\u0445\u043d\u0456\u0447\u043d\u043e \u0441\u043f\u0440\u0430\u0432\u043d\u043e\u043c\u0443 \u0441\u0442\u0430\u043d\u0456<\/li>\n<li>\u043e\u0431\u043b\u0430\u0434\u043d\u0430\u0442\u0438 \u0431\u0443\u0434\u0456\u0432\u043b\u044e \u0432\u0456\u0434\u043f\u043e\u0432\u0456\u0434\u043d\u043e \u0434\u043e \u0442\u0435\u0445\u043d\u0456\u0447\u043d\u0438\u0445 \u0456 \u0431\u0443\u0434\u0456\u0432\u0435\u043b\u044c\u043d\u0438\u0445 \u043d\u043e\u0440\u043c \u0432\u0456\u0434\u043f\u043e\u0432\u0456\u0434\u043d\u0438\u043c\u0438 \u043f\u0440\u043e\u0442\u0438\u043f\u043e\u0436\u0435\u0436\u043d\u0438\u043c\u0438 \u0432\u0438\u043c\u0438\u043a\u0430\u0447\u0430\u043c\u0438<\/li>\n<li>\u0440\u043e\u0437\u043c\u0456\u0441\u0442\u0438\u0442\u0438 \u043d\u0430 \u0432\u0438\u0434\u043d\u0438\u0445 \u043c\u0456\u0441\u0446\u044f\u0445 \u0456\u043d\u0441\u0442\u0440\u0443\u043a\u0446\u0456\u044e \u0449\u043e\u0434\u043e \u0434\u0456\u0439 \u0443 \u0440\u0430\u0437\u0456 \u0432\u0438\u043d\u0438\u043a\u043d\u0435\u043d\u043d\u044f \u043f\u043e\u0436\u0435\u0436\u0456 \u0442\u0430 \u0441\u043f\u0438\u0441\u043e\u043a \u0430\u043a\u0442\u0443\u0430\u043b\u044c\u043d\u0438\u0445 \u043d\u043e\u043c\u0435\u0440\u0456\u0432 \u0442\u0435\u043b\u0435\u0444\u043e\u043d\u0456\u0432 \u0435\u043a\u0441\u0442\u0440\u0435\u043d\u043e\u0457 \u0434\u043e\u043f\u043e\u043c\u043e\u0433\u0438.<\/li>\n<li>\u043f\u0456\u0434\u0433\u043e\u0442\u0443\u0439\u0442\u0435 \u0440\u043e\u0437\u043c\u0456\u0442\u043a\u0443 \u0434\u043b\u044f \u0448\u043b\u044f\u0445\u0456\u0432 \u0435\u0432\u0430\u043a\u0443\u0430\u0446\u0456\u0457, \u043c\u0456\u0441\u0446\u044c \u0437 \u0432\u043e\u0433\u043d\u0435\u0433\u0430\u0441\u043d\u0438\u043a\u0430\u043c\u0438, \u0432\u0438\u043c\u0438\u043a\u0430\u0447\u0430\u043c\u0438, \u0433\u0430\u0437\u043e\u0432\u0438\u043c\u0438 \u043a\u0440\u0430\u043d\u0430\u043c\u0438 - \u0432\u0438\u043a\u043e\u0440\u0438\u0441\u0442\u043e\u0432\u0443\u0439\u0442\u0435 \u0437\u043d\u0430\u043a\u0438 \u0432\u0456\u0434\u043f\u043e\u0432\u0456\u0434\u043d\u043e \u0434\u043e \u043f\u043e\u043b\u044c\u0441\u044c\u043a\u0438\u0445 \u0441\u0442\u0430\u043d\u0434\u0430\u0440\u0442\u0456\u0432<\/li>\n<\/ul>\n<p>\u0429\u043e\u0431 \u0432\u0456\u0434\u043f\u043e\u0432\u0456\u0434\u0430\u0442\u0438 \u0432\u0438\u043c\u043e\u0433\u0430\u043c \u0437\u0430\u043a\u043e\u043d\u043e\u0434\u0430\u0432\u0441\u0442\u0432\u0430, \u043c\u0438 \u0440\u0435\u043a\u043e\u043c\u0435\u043d\u0434\u0443\u0454\u043c\u043e \u043f\u0440\u043e\u0439\u0442\u0438 \u0442\u0440\u0435\u043d\u0456\u043d\u0433\u0438 \u0437 \u043f\u0440\u043e\u0442\u0438\u043f\u043e\u0436\u0435\u0436\u043d\u043e\u0457 \u0431\u0435\u0437\u043f\u0435\u043a\u0438. \u0432 \u043d\u0430\u0448\u043e\u043c\u0443 \u0426\u0435\u043d\u0442\u0440\u0456 \u0415\u0420\u0413\u041e\u041d, \u043f\u0456\u0434 \u0447\u0430\u0441 \u044f\u043a\u043e\u0433\u043e \u0441\u043f\u0456\u0432\u0440\u043e\u0431\u0456\u0442\u043d\u0438\u043a\u0438 \u043c\u043e\u0436\u0443\u0442\u044c \u0434\u0456\u0437\u043d\u0430\u0442\u0438\u0441\u044f \u0432\u0441\u0435 \u043f\u0440\u043e \u043f\u0440\u0435\u0434\u0441\u0442\u0430\u0432\u043b\u0435\u043d\u0443 \u0442\u0435\u043c\u0443, \u0430 \u0442\u0430\u043a\u043e\u0436 \u043d\u0430\u0434\u0430\u0454\u043c\u043e \u043a\u043e\u043c\u043f\u043b\u0435\u043a\u0441\u043d\u0456 \u043a\u043e\u043d\u0441\u0443\u043b\u044c\u0442\u0430\u0446\u0456\u0439\u043d\u0456 \u043f\u043e\u0441\u043b\u0443\u0433\u0438. \u041e\u0431\u0438\u0440\u0430\u044e\u0447\u0438 \u043d\u0430\u0448\u0456 \u043a\u0443\u0440\u0441\u0438 \u043f\u0440\u043e\u0442\u0438\u043f\u043e\u0436\u0435\u0436\u043d\u043e\u0457 \u0431\u0435\u0437\u043f\u0435\u043a\u0438, \u0432\u0438 \u043c\u043e\u0436\u0435\u0442\u0435 \u0431\u0443\u0442\u0438 \u0432\u043f\u0435\u0432\u043d\u0435\u043d\u0456, \u0449\u043e \u0432\u0441\u0456 \u043f\u0440\u043e\u0446\u0435\u0434\u0443\u0440\u0438 \u0431\u0443\u0434\u0443\u0442\u044c \u0434\u043e\u0442\u0440\u0438\u043c\u0430\u043d\u0456.<\/p>\n<p>\u041a\u043e\u0436\u0435\u043d \u043a\u0443\u0440\u0441 \u043f\u0440\u043e\u0442\u0438\u043f\u043e\u0436\u0435\u0436\u043d\u043e\u0433\u043e \u0437\u0430\u0445\u0438\u0441\u0442\u0443 \u0491\u0440\u0443\u043d\u0442\u0443\u0454\u0442\u044c\u0441\u044f \u043d\u0435 \u043b\u0438\u0448\u0435 \u043d\u0430 \u0437\u0430\u043a\u043e\u043d\u043e\u0434\u0430\u0432\u0447\u0438\u0445 \u043d\u043e\u0440\u043c\u0430\u0445, \u0430 \u0439 \u043d\u0430 \u043d\u0430\u0448\u043e\u043c\u0443 \u0431\u0430\u0433\u0430\u0442\u043e\u0440\u0456\u0447\u043d\u043e\u043c\u0443 \u0434\u043e\u0441\u0432\u0456\u0434\u0456 \u0432 \u0433\u0430\u043b\u0443\u0437\u0456. \u0422\u043e\u043c\u0443 \u043c\u0438 \u0432\u0438\u043a\u043e\u0440\u0438\u0441\u0442\u043e\u0432\u0443\u0454\u043c\u043e \u0444\u0456\u0440\u043c\u043e\u0432\u0456 \u043f\u0440\u043e\u0433\u0440\u0430\u043c\u0438 \u0442\u0430 \u0441\u0443\u0447\u0430\u0441\u043d\u0456 \u043f\u043e\u0441\u0456\u0431\u043d\u0438\u043a\u0438, \u0437\u0430\u0432\u0434\u044f\u043a\u0438 \u044f\u043a\u0438\u043c \u043a\u043e\u0436\u0435\u043d \u0443\u0447\u0430\u0441\u043d\u0438\u043a \u043a\u0443\u0440\u0441\u0443 \u043e\u0442\u0440\u0438\u043c\u0443\u0454 \u0448\u0438\u0440\u043e\u043a\u0456 \u0442\u0435\u043e\u0440\u0435\u0442\u0438\u0447\u043d\u0456 \u0437\u043d\u0430\u043d\u043d\u044f \u0442\u0430 \u043d\u0430\u0432\u0438\u0447\u043a\u0438.<\/p>\n<h3><strong>\u0412\u043e\u0433\u043d\u0435\u0432\u0430 \u043f\u0456\u0434\u0433\u043e\u0442\u043e\u0432\u043a\u0430 \u0432\u043a\u043b\u044e\u0447\u0430\u0454, \u0441\u0435\u0440\u0435\u0434 \u0456\u043d\u0448\u043e\u0433\u043e:<\/strong><\/h3>\n<ul>\n<li>\u043f\u0440\u0430\u0432\u0438\u043b\u0430 \u0431\u0435\u0437\u043f\u0435\u0447\u043d\u043e\u0457 \u043f\u043e\u0432\u0435\u0434\u0456\u043d\u043a\u0438 \u043f\u0456\u0434 \u0447\u0430\u0441 \u0433\u0430\u0441\u0456\u043d\u043d\u044f \u043f\u043e\u0436\u0435\u0436\u0456<\/li>\n<li>\u0442\u0435\u043e\u0440\u0456\u044f \u0432\u0438\u043a\u043e\u0440\u0438\u0441\u0442\u0430\u043d\u043d\u044f \u0440\u0443\u0447\u043d\u043e\u0457 \u043f\u043e\u0436\u0435\u0436\u043d\u043e\u0457 \u0442\u0435\u0445\u043d\u0456\u043a\u0438 \u0440\u0430\u0437\u043e\u043c \u0437 \u0457\u0457 \u043a\u043e\u043d\u0441\u0442\u0440\u0443\u043a\u0446\u0456\u0454\u044e<\/li>\n<li>\u0434\u0435\u043c\u043e\u043d\u0441\u0442\u0440\u0430\u0446\u0456\u044f \u0456\u043d\u0441\u0442\u0440\u0443\u043a\u0442\u043e\u0440\u043e\u043c \u043c\u043e\u0434\u0435\u043b\u0456 \u0433\u0430\u0441\u0456\u043d\u043d\u044f \u043f\u043e\u0436\u0435\u0436\u0456<\/li>\n<li>\u043f\u0440\u0430\u043a\u0442\u0438\u0447\u043d\u0456 \u0437\u0430\u043d\u044f\u0442\u0442\u044f<\/li>\n<\/ul>\n<p>\u0406\u043d\u0441\u0442\u0440\u0443\u043a\u0442\u0430\u0436 \u043f\u0440\u0430\u0446\u0456\u0432\u043d\u0438\u043a\u0456\u0432 \u0437 \u043f\u0438\u0442\u0430\u043d\u044c \u043f\u043e\u0436\u0435\u0436\u043d\u043e\u0457 \u0431\u0435\u0437\u043f\u0435\u043a\u0438 \u0440\u043e\u0437\u0440\u0430\u0445\u043e\u0432\u0430\u043d\u0438\u0439 \u043d\u0430 \u0433\u0440\u0443\u043f\u0438 \u0434\u043e 15 \u043e\u0441\u0456\u0431.<\/p>\n<p>\u041d\u0430\u0448\u0430 \u0441\u043f\u0435\u0446\u0456\u0430\u043b\u0456\u0437\u0430\u0446\u0456\u044f \u0432\u0436\u0435 \u043f\u043e\u043d\u0430\u0434 15 \u0440\u043e\u043a\u0456\u0432 <a href=\"https:\/\/odk-ergon.pl\/ua\/szkolenia\/szkolenia-bhp-warszawa\/\">\u043d\u0430\u0432\u0447\u0430\u043d\u043d\u044f \u0442\u0435\u0445\u043d\u0456\u0446\u0456 \u0431\u0435\u0437\u043f\u0435\u043a\u0438<\/a> \u0442\u0430 \u043f\u0440\u043e\u0442\u0438\u043f\u043e\u0436\u0435\u0436\u043d\u0438\u0439 \u0437\u0430\u0445\u0438\u0441\u0442. \u041c\u0438 \u0432\u0438\u0440\u0456\u0448\u0443\u0454\u043c\u043e \u0457\u0445 \u043a\u043e\u043c\u043f\u043b\u0435\u043a\u0441\u043d\u043e \u0442\u0430 \u043a\u043e\u043c\u043f\u0435\u0442\u0435\u043d\u0442\u043d\u043e, \u0456 \u043c\u0438 \u0437\u0430\u0432\u0436\u0434\u0438 \u043e\u0440\u0456\u0454\u043d\u0442\u0443\u0454\u043c\u043e\u0441\u044f \u043d\u0430 \u043f\u043e\u0442\u0440\u0435\u0431\u0438 \u043d\u0430\u0448\u0438\u0445 \u043a\u043b\u0456\u0454\u043d\u0442\u0456\u0432, \u0442\u043e\u043c\u0443 \u043c\u0438 \u043c\u043e\u0436\u0435\u043c\u043e \u0430\u0434\u0430\u043f\u0442\u0443\u0432\u0430\u0442\u0438 \u043a\u043e\u0436\u043d\u0435 \u043d\u0430\u0432\u0447\u0430\u043d\u043d\u044f \u0437 \u043e\u0445\u043e\u0440\u043e\u043d\u0438 \u043f\u0440\u0430\u0446\u0456 \u0442\u0430 \u043f\u043e\u0436\u0435\u0436\u043d\u043e\u0457 \u0431\u0435\u0437\u043f\u0435\u043a\u0438 \u0456\u043d\u0434\u0438\u0432\u0456\u0434\u0443\u0430\u043b\u044c\u043d\u043e \u0434\u043e \u0432\u0430\u0448\u0438\u0445 \u043f\u043e\u0442\u0440\u0435\u0431.<\/p>\n<p>\u041c\u0438 \u043f\u0440\u043e\u0432\u043e\u0434\u0438\u043c\u043e \u043f\u0440\u043e\u0442\u0438\u043f\u043e\u0436\u0435\u0436\u043d\u0456 \u0442\u0440\u0435\u043d\u0443\u0432\u0430\u043d\u043d\u044f \u0432 \u043d\u0430\u0448\u043e\u043c\u0443 \u0433\u043e\u043b\u043e\u0432\u043d\u043e\u043c\u0443 \u043e\u0444\u0456\u0441\u0456 \u0443 \u0412\u0430\u0440\u0448\u0430\u0432\u0456, \u0434\u0435 \u0454 \u0441\u0443\u0447\u0430\u0441\u043d\u0430 \u043b\u0435\u043a\u0446\u0456\u0439\u043d\u0430 \u0430\u0443\u0434\u0438\u0442\u043e\u0440\u0456\u044f. \u0410 \u0442\u0430\u043a\u043e\u0436 \u0442\u0440\u0435\u043d\u0443\u0432\u0430\u043d\u043d\u044f \u0437 \u043f\u043e\u0436\u0435\u0436\u043d\u043e\u0457 \u0431\u0435\u0437\u043f\u0435\u043a\u0438 \u043c\u0438 \u0432\u0438\u0441\u0442\u0443\u043f\u0430\u0454\u043c\u043e \u0434\u043b\u044f \u043a\u043b\u0456\u0454\u043d\u0442\u0456\u0432 \u0443 \u0432\u0438\u0437\u043d\u0430\u0447\u0435\u043d\u0438\u0445 \u043c\u0456\u0441\u0446\u044f\u0445, \u043f\u0435\u0440\u0435\u0432\u0430\u0436\u043d\u043e \u0432 \u0448\u0442\u0430\u0431-\u043a\u0432\u0430\u0440\u0442\u0438\u0440\u0456. \u041c\u0438 \u043c\u043e\u0436\u0435\u043c\u043e \u0432\u0438\u0457\u0445\u0430\u0442\u0438 \u043f\u0440\u0430\u043a\u0442\u0438\u0447\u043d\u043e \u0441\u043a\u0440\u0456\u0437\u044c \u043f\u043e \u0432\u0441\u0456\u0439 \u043a\u0440\u0430\u0457\u043d\u0456 - \u0437\u0432&#039;\u044f\u0436\u0456\u0442\u044c\u0441\u044f \u0437 \u043d\u0430\u043c\u0438, \u0449\u043e\u0431 \u0443\u0437\u0433\u043e\u0434\u0438\u0442\u0438 \u0434\u0435\u0442\u0430\u043b\u0456 \u043f\u043e\u0441\u043b\u0443\u0433\u0438.<\/p>\n<p>\u041a\u043e\u0436\u043d\u0435 \u043d\u0430\u0432\u0447\u0430\u043d\u043d\u044f \u0437 \u043f\u0440\u043e\u0442\u0438\u043f\u043e\u0436\u0435\u0436\u043d\u043e\u0457 \u0431\u0435\u0437\u043f\u0435\u043a\u0438 \u043c\u0438 \u043c\u043e\u0436\u0435\u043c\u043e \u0430\u0434\u0430\u043f\u0442\u0443\u0432\u0430\u0442\u0438 \u0456\u043d\u0434\u0438\u0432\u0456\u0434\u0443\u0430\u043b\u044c\u043d\u043e \u0434\u043e \u043f\u043e\u0442\u0440\u0435\u0431 \u043a\u043b\u0456\u0454\u043d\u0442\u0430 \u0437 \u0442\u043e\u0447\u043a\u0438 \u0437\u043e\u0440\u0443 \u0439\u043e\u0433\u043e \u0442\u0435\u043c\u0430\u0442\u0438\u043a\u0438, \u0449\u043e\u0431 \u0432\u043e\u043d\u043e \u0442\u0430\u043a\u043e\u0436 \u0432\u043a\u043b\u044e\u0447\u0430\u043b\u043e \u0441\u043f\u0435\u0446\u0438\u0444\u0456\u043a\u0443 \u0440\u043e\u0431\u043e\u0447\u043e\u0433\u043e \u043c\u0456\u0441\u0446\u044f \u0442\u0430 \u0440\u043e\u0431\u043e\u0447\u043e\u0433\u043e \u043c\u0456\u0441\u0446\u044f. \u041d\u0430\u0448\u0456 \u0432\u0438\u043a\u043b\u0430\u0434\u0430\u0447\u0456 \u043f\u0440\u043e\u0432\u0435\u0434\u0443\u0442\u044c \u0437\u0430\u043d\u044f\u0442\u0442\u044f \u0432\u0456\u0434\u043f\u043e\u0432\u0456\u0434\u043d\u043e \u0434\u043e \u0432\u0441\u0456\u0445 \u0432\u0430\u0448\u0438\u0445 \u0432\u0438\u043c\u043e\u0433.<\/p>\n<p>\u041f\u0440\u0438 \u0446\u044c\u043e\u043c\u0443 \u043d\u0430\u0448 \u0426\u0435\u043d\u0442\u0440 \u0442\u0430\u043a\u043e\u0436 \u0432\u0438\u0440\u0456\u0437\u043d\u044f\u0454\u0442\u044c\u0441\u044f \u043f\u0440\u0438\u0432\u0430\u0431\u043b\u0438\u0432\u043e\u044e \u0446\u0456\u043d\u043e\u044e \u0437\u0430\u043d\u044f\u0442\u044c. \u041c\u0438 \u043d\u0435 \u0437\u0430\u0441\u0442\u043e\u0441\u043e\u0432\u0443\u0454\u043c\u043e \u0446\u0456\u043d\u0438, \u0432\u0441\u0442\u0430\u043d\u043e\u0432\u043b\u0435\u043d\u0456 \u0437\u0430\u0437\u0434\u0430\u043b\u0435\u0433\u0456\u0434\u044c, \u0456 \u043e\u0441\u0442\u0430\u0442\u043e\u0447\u043d\u0430 \u0432\u0430\u0440\u0442\u0456\u0441\u0442\u044c \u0437\u0430\u043b\u0435\u0436\u0438\u0442\u044c \u0432\u0456\u0434 \u043a\u0456\u043b\u044c\u043a\u043e\u0441\u0442\u0456 \u0443\u0447\u0430\u0441\u043d\u0438\u043a\u0456\u0432, \u0442\u043e\u043c\u0443, \u044f\u043a\u0449\u043e \u0432\u0438 \u0445\u043e\u0447\u0435\u0442\u0435 \u0437\u043d\u0430\u0442\u0438 \u043f\u0440\u0438\u0431\u043b\u0438\u0437\u043d\u0456 \u0446\u0456\u043d\u0438, \u043c\u0438 \u0440\u0435\u043a\u043e\u043c\u0435\u043d\u0434\u0443\u0454\u043c\u043e \u0432\u0430\u043c \u043d\u0430\u0434\u0456\u0441\u043b\u0430\u0442\u0438 \u0437\u0430\u043f\u0438\u0442 \u0435\u043b\u0435\u043a\u0442\u0440\u043e\u043d\u043d\u043e\u044e \u043f\u043e\u0448\u0442\u043e\u044e \u0430\u0431\u043e \u0442\u0435\u043b\u0435\u0444\u043e\u043d\u043e\u043c.<\/p>\n<p>ERGON Personnel Training Center - \u043d\u0430\u0432\u0447\u0430\u043d\u043d\u044f \u043f\u043e\u0436\u0435\u0436\u043d\u043e\u0457 \u0431\u0435\u0437\u043f\u0435\u043a\u0438 \u0412\u0430\u0440\u0448\u0430\u0432\u0430 - \u0437\u0430\u043f\u0440\u043e\u0448\u0443\u0454\u043c\u043e \u0412\u0430\u0441 \u0441\u043a\u043e\u0440\u0438\u0441\u0442\u0430\u0442\u0438\u0441\u044f \u043d\u0430\u0448\u0438\u043c\u0438 \u043f\u043e\u0441\u043b\u0443\u0433\u0430\u043c\u0438!<\/p>\n<\/div>","protected":false},"excerpt":{"rendered":"<p>O\u015brodek Doskonalenia Kadr ERGON zaprasza na szkolenia PPO\u017b. Mamy wieloletnie do\u015bwiadczenie w bran\u017cy i dysponujemy kadr\u0105 kompetentnych instruktor\u00f3w oraz w\u0142asnymi salami wyk\u0142adowymi. Tak\u017ce jeste\u015bmy w stanie zrealizowa\u0107 szkolenie przeciwpo\u017carowe pracownik\u00f3w w dowolnie wskazanym przez Pa\u0144stwa miejscu w wojew\u00f3dztwie mazowieckim i na terenie ca\u0142ej Polski. Wed\u0142ug przepis\u00f3w prawa zadaniem pracodawcy jest zapewnienie ochrony przeciwpo\u017carowej w miejscu pracy. Obowi\u0105zki pracodawcy Posiadacz, zarz\u0105dca lub u\u017cytkownik budynku jest zobowi\u0105zany do: wskazania i wys\u0142ania na kurs przeciwpo\u017carowy pracownika, kt\u00f3ry b\u0119dzie odpowiada\u0142 za procedury ewakuacyjne w sytuacji wyst\u0105pienia po\u017caru okre\u015blenia procedur na wypadek po\u017car\u00f3w, kl\u0119sk \u017cywio\u0142owych i innych zagro\u017ce\u0144 przedstawienia pracownikom przepis\u00f3w przeciwpo\u017carowych zapewnienia ka\u017cdej osobie znajduj\u0105cej si\u0119 w budynku lub na jego terenie bezpiecznej ewakuacji wyposa\u017cenia budynku lub terenu w odpowiednie urz\u0105dzenia przeciwpo\u017carowe, w tym w ga\u015bnice prowadzenia regularnych konserwacji urz\u0105dze\u0144 przeciwpo\u017carowych, w tym ga\u015bnic, aby stale dzia\u0142a\u0142y one prawid\u0142owo Bezpiecze\u0144stwo przeciwpo\u017carowe w obiekcie Ka\u017cdy posiadacz, zarz\u0105dca czy te\u017c u\u017cytkownik budynku, za wyj\u0105tkiem budynk\u00f3w jednorodzinnych, jest zobowi\u0105zany: wyposa\u017cy\u0107 budynek w urz\u0105dzenia przeciwpo\u017carowe oraz ga\u015bnice, a tak\u017ce utrzyma\u0107 je stale w stanie sprawno\u015bci funkcjonalnej i technicznej wyposa\u017cy\u0107 budynek wed\u0142ug przepis\u00f3w techniczno-budowlanych w odpowiednie przeciwpo\u017carowe wy\u0142\u0105czniki pr\u0105du w widocznych miejscach zamontowa\u0107 instrukcje post\u0119powania w wypadku wyst\u0105pienia po\u017caru oraz wykaz aktualnych telefon\u00f3w alarmowych przygotowa\u0107 oznaczenia dr\u00f3g ewakuacyjnych, miejsc, w kt\u00f3rych znajduj\u0105 si\u0119 ga\u015bnice, wy\u0142\u0105czniki pr\u0105du, kurki gazowe \u2013 nale\u017cy wykorzysta\u0107 znaki zgodne z Polskimi Normami Aby spe\u0142ni\u0107 przedstawione wymogi prawne, polecamy Pa\u0144stwu szkolenia p.po\u017c. w naszym O\u015brodku ERGON, podczas kt\u00f3rych pracownicy mog\u0105 dowiedzie\u0107 si\u0119 wszystkiego w przedstawionym temacie, a tak\u017ce s\u0142u\u017cymy kompleksowymi us\u0142ugami doradczymi. Wybieraj\u0105c nasze kursy PPO\u017b, maj\u0105 Pa\u0144stwo pewno\u015b\u0107, \u017ce wszystkie [&hellip;]<\/p>\n","protected":false},"author":1,"featured_media":1410,"parent":65,"menu_order":0,"comment_status":"closed","ping_status":"closed","template":"","meta":{"sfsi_plus_gutenberg_text_before_share":"","sfsi_plus_gutenberg_show_text_before_share":"","sfsi_plus_gutenberg_icon_type":"","sfsi_plus_gutenberg_icon_alignemt":"","sfsi_plus_gutenburg_max_per_row":"","footnotes":""},"class_list":["post-1222","page","type-page","status-publish","has-post-thumbnail","hentry","has_thumb"],"aioseo_notices":[],"_links":{"self":[{"href":"https:\/\/odk-ergon.pl\/ua\/wp-json\/wp\/v2\/pages\/1222","targetHints":{"allow":["GET"]}}],"collection":[{"href":"https:\/\/odk-ergon.pl\/ua\/wp-json\/wp\/v2\/pages"}],"about":[{"href":"https:\/\/odk-ergon.pl\/ua\/wp-json\/wp\/v2\/types\/page"}],"author":[{"embeddable":true,"href":"https:\/\/odk-ergon.pl\/ua\/wp-json\/wp\/v2\/users\/1"}],"replies":[{"embeddable":true,"href":"https:\/\/odk-ergon.pl\/ua\/wp-json\/wp\/v2\/comments?post=1222"}],"version-history":[{"count":5,"href":"https:\/\/odk-ergon.pl\/ua\/wp-json\/wp\/v2\/pages\/1222\/revisions"}],"predecessor-version":[{"id":1807,"href":"https:\/\/odk-ergon.pl\/ua\/wp-json\/wp\/v2\/pages\/1222\/revisions\/1807"}],"up":[{"embeddable":true,"href":"https:\/\/odk-ergon.pl\/ua\/wp-json\/wp\/v2\/pages\/65"}],"wp:featuredmedia":[{"embeddable":true,"href":"https:\/\/odk-ergon.pl\/ua\/wp-json\/wp\/v2\/media\/1410"}],"wp:attachment":[{"href":"https:\/\/odk-ergon.pl\/ua\/wp-json\/wp\/v2\/media?parent=1222"}],"curies":[{"name":"wp","href":"https:\/\/api.w.org\/{rel}","templated":true}]}}