{"id":1224,"date":"2014-08-07T15:12:38","date_gmt":"2014-08-07T15:12:38","guid":{"rendered":"http:\/\/odk-ergon.pl\/?page_id=1224"},"modified":"2014-08-10T15:41:49","modified_gmt":"2014-08-10T15:41:49","slug":"%d1%81%d0%bb%d1%83%d0%b6%d0%b1%d0%b8-%d0%bf%d0%be%d0%b6%d0%b5%d0%b6%d0%be%d0%b3%d0%b0%d1%81%d1%96%d0%bd%d0%bd%d1%8f","status":"publish","type":"page","link":"https:\/\/odk-ergon.pl\/ua\/uslugi-ppoz\/","title":{"rendered":"\u041f\u043e\u0441\u043b\u0443\u0433\u0438 \u043f\u043e\u0436\u0435\u0436\u043d\u043e\u0457 \u043e\u0445\u043e\u0440\u043e\u043d\u0438"},"content":{"rendered":"<div style=\"float:left; padding-right:10px;\"><img decoding=\"async\" src=\"\/wp-content\/uploads\/2014\/08\/obsluga-i-uslugi-ppoz-przeciwpozarowe-ergon.jpg\" alt=\"\"><\/div>\n<div class=\"wyjustuj\">\n<p>\u041c\u0438 \u043f\u0440\u043e\u043f\u043e\u043d\u0443\u0454\u043c\u043e \u043f\u0440\u043e\u0444\u0435\u0441\u0456\u0439\u043d\u0456 \u043f\u043e\u0441\u043b\u0443\u0433\u0438 \u0437 \u043e\u0445\u043e\u0440\u043e\u043d\u0438 \u043f\u0440\u0430\u0446\u0456 <a href=\"https:\/\/odk-ergon.pl\/ua\/szkolenia\/szkolenie-ppoz-przeciwpozarowe\/\">\u0412\u043e\u0433\u043e\u043d\u044c<\/a>\u044f\u043a\u0456 \u043e\u0440\u0456\u0454\u043d\u0442\u043e\u0432\u0430\u043d\u0456 \u043d\u0430 \u043a\u043e\u043c\u043f\u043b\u0435\u043a\u0441\u043d\u0443 \u0434\u043e\u043f\u043e\u043c\u043e\u0433\u0443 \u043a\u043e\u043c\u043f\u0430\u043d\u0456\u044f\u043c. \u041f\u0440\u043e\u0442\u044f\u0433\u043e\u043c \u0431\u0430\u0433\u0430\u0442\u044c\u043e\u0445 \u0440\u043e\u043a\u0456\u0432 \u043f\u043e\u0436\u0435\u0436\u043d\u0430 \u043e\u0445\u043e\u0440\u043e\u043d\u0430 \u0431\u0443\u043b\u0430 \u043d\u0430\u0448\u043e\u044e \u0441\u043f\u0435\u0446\u0456\u0430\u043b\u044c\u043d\u0456\u0441\u0442\u044e - \u043f\u043e\u043d\u0430\u0434 20 \u0440\u043e\u043a\u0456\u0432 \u0434\u043e\u0441\u0432\u0456\u0434\u0443, \u0437\u0430\u0432\u0434\u044f\u043a\u0438 \u044f\u043a\u043e\u043c\u0443 \u0442\u0435\u043f\u0435\u0440 \u043c\u0438 \u043c\u043e\u0436\u0435\u043c\u043e \u043d\u0430\u0434\u0430\u0442\u0438 \u043a\u043e\u0436\u043d\u043e\u043c\u0443 \u043d\u0430\u0448\u043e\u043c\u0443 \u043a\u043b\u0456\u0454\u043d\u0442\u0443 \u043f\u0440\u043e\u0444\u0435\u0441\u0456\u0439\u043d\u0443 \u043f\u0456\u0434\u0442\u0440\u0438\u043c\u043a\u0443!<\/p>\n<p><strong>\u041c\u0438 \u043d\u0430\u0434\u0430\u0454\u043c\u043e \u0448\u0438\u0440\u043e\u043a\u0438\u0439 \u0441\u043f\u0435\u043a\u0442\u0440 \u043f\u043e\u0441\u043b\u0443\u0433, \u0432\u043a\u043b\u044e\u0447\u0430\u044e\u0447\u0438:<\/strong><\/p>\n<ul>\n<li><a href=\"https:\/\/odk-ergon.pl\/ua\/szkolenia\/szkolenia-bhp-warszawa\/\">\u043d\u0430\u0432\u0447\u0430\u043d\u043d\u044f \u0442\u0435\u0445\u043d\u0456\u0446\u0456 \u0431\u0435\u0437\u043f\u0435\u043a\u0438<\/a> \u0442\u0430 \u043f\u0440\u043e\u0442\u0438\u043f\u043e\u0436\u0435\u0436\u043d\u0438\u0439 \u0437\u0430\u0445\u0438\u0441\u0442<\/li>\n<li>\u043c\u0430\u0440\u043a\u0443\u0432\u0430\u043d\u043d\u044f \u0442\u0430 \u043f\u0440\u043e\u0442\u0438\u043f\u043e\u0436\u0435\u0436\u043d\u0438\u0439 \u0437\u0430\u0445\u0438\u0441\u0442 \u0431\u0443\u0434\u0456\u0432\u0435\u043b\u044c<\/li>\n<li>\u043e\u0444\u043e\u0440\u043c\u043b\u0435\u043d\u043d\u044f \u0434\u043e\u043a\u0443\u043c\u0435\u043d\u0442\u0456\u0432 - \u0456\u043d\u0441\u0442\u0440\u0443\u043a\u0442\u0430\u0436 \u0437 \u043f\u043e\u0436\u0435\u0436\u043d\u043e\u0457 \u0431\u0435\u0437\u043f\u0435\u043a\u0438 (\u0456\u043d\u0441\u0442\u0440\u0443\u043a\u0446\u0456\u044f \u0437 \u043f\u0440\u043e\u0442\u0438\u043f\u043e\u0436\u0435\u0436\u043d\u043e\u0433\u043e \u0437\u0430\u0445\u0438\u0441\u0442\u0443, \u0437\u0430\u0433\u0430\u043b\u044c\u043d\u0430 \u043f\u0440\u043e\u0442\u0438\u043f\u043e\u0436\u0435\u0436\u043d\u0430 \u0456\u043d\u0441\u0442\u0440\u0443\u043a\u0446\u0456\u044f)<\/li>\n<li>\u043f\u043e\u0441\u043b\u0443\u0433\u0438 \u0441\u043f\u0435\u0446\u0456\u0430\u043b\u0456\u0441\u0442\u0456\u0432 - \u043e\u0446\u0456\u043d\u044e\u0432\u0430\u0447 \u043f\u043e\u0436\u0435\u0436\u043d\u043e\u0457 \u043e\u0445\u043e\u0440\u043e\u043d\u0438, \u0456\u043d\u0441\u043f\u0435\u043a\u0442\u043e\u0440 \u043f\u043e\u0436\u0435\u0436\u043d\u043e\u0457 \u043e\u0445\u043e\u0440\u043e\u043d\u0438<\/li>\n<li>\u043a\u043e\u043c\u043f\u043b\u0435\u043a\u0441\u043d\u0430 \u043a\u043e\u043d\u0441\u0443\u043b\u044c\u0442\u0430\u0446\u0456\u044f<\/li>\n<li>\u043f\u043e\u0436\u0435\u0436\u043d\u0456 \u0430\u0443\u0434\u0438\u0442\u0438 \u043a\u043e\u043c\u043f\u0430\u043d\u0456\u0439<\/li>\n<li>\u043f\u0456\u0434\u0433\u043e\u0442\u043e\u0432\u043a\u0430 \u043e\u0431\u2019\u0454\u043a\u0442\u0456\u0432 \u0434\u043e \u0437\u0431\u043e\u0440\u0443 \u0441\u0438\u043b\u0430\u043c\u0438 \u0414\u0435\u0440\u0436\u043f\u043e\u0436\u043d\u0430\u0433\u043b\u044f\u0434\u0443<\/li>\n<li>\u043f\u0435\u0440\u0435\u0432\u0456\u0440\u043a\u0438, \u0442\u0435\u0445\u043d\u0456\u0447\u043d\u0435 \u043e\u0431\u0441\u043b\u0443\u0433\u043e\u0432\u0443\u0432\u0430\u043d\u043d\u044f \u0442\u0430 \u0440\u0435\u043c\u043e\u043d\u0442 \u0432\u043e\u0433\u043d\u0435\u0433\u0430\u0441\u043d\u0438\u043a\u0456\u0432, \u043f\u0440\u0438\u043b\u0430\u0434\u0456\u0432 \u0456 \u0443\u0441\u0442\u0430\u043d\u043e\u0432\u043e\u043a \u0441\u0438\u0433\u043d\u0430\u043b\u0456\u0437\u0430\u0446\u0456\u0457<\/li>\n<li>\u0442\u0430 \u0456\u043d\u0448\u0456 \u043f\u043e\u0436\u0435\u0436\u043d\u0456 \u0441\u043b\u0443\u0436\u0431\u0438<\/li>\n<\/ul>\n<p>\u0417\u0430 \u0432\u0441\u0456 \u0432\u0438\u0441\u043d\u043e\u0432\u043a\u0438, \u0430\u043d\u0430\u043b\u0456\u0437\u0438 \u0442\u0430 \u0435\u043a\u0441\u043f\u0435\u0440\u0442\u043d\u0456 \u0432\u0438\u0441\u043d\u043e\u0432\u043a\u0438 \u0432\u0456\u0434\u043f\u043e\u0432\u0456\u0434\u0430\u0454 \u043a\u0432\u0430\u043b\u0456\u0444\u0456\u043a\u043e\u0432\u0430\u043d\u0438\u0439 \u043e\u0446\u0456\u043d\u044e\u0432\u0430\u0447 \u043f\u043e\u0436\u0435\u0436\u043d\u043e\u0457 \u0431\u0435\u0437\u043f\u0435\u043a\u0438. \u0423 \u043d\u0430\u0441 \u043f\u0440\u0430\u0446\u044e\u044e\u0442\u044c \u0456 \u0441\u043f\u0456\u0432\u043f\u0440\u0430\u0446\u044e\u044e\u0442\u044c \u0437 \u043a\u043e\u043c\u043f\u0435\u0442\u0435\u043d\u0442\u043d\u0438\u043c\u0438 \u0444\u0430\u0445\u0456\u0432\u0446\u044f\u043c\u0438 \u0432 \u0446\u0456\u0439 \u0433\u0430\u043b\u0443\u0437\u0456, \u0430 \u0457\u0445\u043d\u0456 \u0448\u0438\u0440\u043e\u043a\u0456 \u0437\u043d\u0430\u043d\u043d\u044f \u0442\u0430 \u043a\u0432\u0430\u043b\u0456\u0444\u0456\u043a\u0430\u0446\u0456\u044f, \u0430 \u0442\u0430\u043a\u043e\u0436 \u043f\u0440\u043e\u0444\u0435\u0441\u0456\u0439\u043d\u0438\u0439 \u0434\u043e\u0441\u0432\u0456\u0434 \u0454 \u0433\u0430\u0440\u0430\u043d\u0442\u0456\u0454\u044e \u043f\u0440\u0430\u0432\u0438\u043b\u044c\u043d\u043e\u0433\u043e \u0432\u0438\u043a\u043e\u043d\u0430\u043d\u043d\u044f \u043f\u043e\u0441\u043b\u0443\u0433 \u0434\u043b\u044f \u0412\u0430\u0448\u043e\u0457 \u043a\u043e\u043c\u043f\u0430\u043d\u0456\u0457.<\/p>\n<p><strong>\u0406\u043d\u0441\u043f\u0435\u043a\u0442\u043e\u0440 \u043f\u043e\u0436\u0435\u0436\u043d\u043e\u0457 \u043e\u0445\u043e\u0440\u043e\u043d\u0438<\/strong> - \u0437 18 \u0441\u0456\u0447\u043d\u044f 2009 \u0440\u043e\u043a\u0443 \u0440\u043e\u0431\u043e\u0442\u043e\u0434\u0430\u0432\u0435\u0446\u044c \u0437\u043e\u0431\u043e\u0432&#039;\u044f\u0437\u0430\u043d\u0438\u0439 \u043f\u0440\u0438\u0437\u043d\u0430\u0447\u0438\u0442\u0438 \u043f\u0440\u0430\u0446\u0456\u0432\u043d\u0438\u043a\u0430, \u044f\u043a\u0438\u0439 \u0431\u0443\u0434\u0435 \u0432\u0438\u043a\u043e\u043d\u0443\u0432\u0430\u0442\u0438 \u043e\u0431\u043e\u0432&#039;\u044f\u0437\u043a\u0438 \u0456\u043d\u0441\u043f\u0435\u043a\u0442\u043e\u0440\u0430 \u043f\u043e\u0436\u0435\u0436\u043d\u043e\u0457 \u043e\u0445\u043e\u0440\u043e\u043d\u0438. \u0406\u043d\u0441\u043f\u0435\u043a\u0442\u043e\u0440 \u043f\u043e\u0436\u0435\u0436\u043d\u043e\u0457 \u043e\u0445\u043e\u0440\u043e\u043d\u0438 \u0432\u0456\u0434\u043f\u043e\u0432\u0456\u0434\u0430\u0454 \u0437\u0430 \u043f\u0440\u043e\u0432\u0435\u0434\u0435\u043d\u043d\u044f \u0437\u0430\u0445\u043e\u0434\u0456\u0432 \u0443 \u0441\u0444\u0435\u0440\u0456 \u043f\u0440\u043e\u0442\u0438\u043f\u043e\u0436\u0435\u0436\u043d\u043e\u0433\u043e \u0437\u0430\u0445\u0438\u0441\u0442\u0443 \u0442\u0430 \u0435\u0432\u0430\u043a\u0443\u0430\u0446\u0456\u0457. \u0426\u0435 \u0441\u0442\u043e\u0441\u0443\u0454\u0442\u044c\u0441\u044f \u043d\u0430\u0432\u0456\u0442\u044c \u0440\u043e\u0431\u043e\u0442\u043e\u0434\u0430\u0432\u0446\u0456\u0432 \u0437 \u043e\u0434\u043d\u0438\u043c \u043f\u0440\u0430\u0446\u0456\u0432\u043d\u0438\u043a\u043e\u043c.<\/p>\n<p><strong>\u0406\u043d\u0441\u0442\u0440\u0443\u043a\u0446\u0456\u044f \u0437 \u043f\u043e\u0436\u0435\u0436\u043d\u043e\u0457 \u0431\u0435\u0437\u043f\u0435\u043a\u0438<\/strong> - \u0437\u0433\u0456\u0434\u043d\u043e \u0437 \u041f\u043e\u0441\u0442\u0430\u043d\u043e\u0432\u043e\u044e \u041c\u0456\u043d\u0456\u0441\u0442\u0440\u0430 \u0432\u043d\u0443\u0442\u0440\u0456\u0448\u043d\u0456\u0445 \u0441\u043f\u0440\u0430\u0432 \u0442\u0430 \u0430\u0434\u043c\u0456\u043d\u0456\u0441\u0442\u0440\u0430\u0446\u0456\u0457 \u0432\u0456\u0434 7 \u0447\u0435\u0440\u0432\u043d\u044f 2010 \u0440\u043e\u043a\u0443 \u043f\u0440\u043e \u043f\u0440\u043e\u0442\u0438\u043f\u043e\u0436\u0435\u0436\u043d\u0438\u0439 \u0437\u0430\u0445\u0438\u0441\u0442 \u0431\u0443\u0434\u0456\u0432\u0435\u043b\u044c, \u0456\u043d\u0448\u0438\u0445 \u0441\u043f\u043e\u0440\u0443\u0434 \u0456 \u0442\u0435\u0440\u0438\u0442\u043e\u0440\u0456\u0439 (\u0417\u0430\u043a\u043e\u043d. \u0432\u0456\u0441\u043d\u0438\u043a \u2116 109, \u043f. 719) \u00a7 6.1 \u043f\u0440\u043e\u0442\u0438\u043f\u043e\u0436\u0435\u0436\u043d\u043e\u0457 \u0456\u043d\u0441\u0442\u0440\u0443\u043a\u0446\u0456\u0457 \u043c\u0430\u0454 \u0431\u0443\u0442\u0438 \u0441\u043a\u043b\u0430\u0434\u0435\u043d\u043e \u0434\u043b\u044f \u043a\u043e\u0436\u043d\u043e\u0433\u043e \u043e\u0431\u2019\u0454\u043a\u0442\u0430 \u0430\u0431\u043e \u0447\u0430\u0441\u0442\u0438\u043d\u0438, \u0449\u043e \u0441\u0442\u0430\u043d\u043e\u0432\u043b\u044f\u0442\u044c \u043e\u043a\u0440\u0435\u043c\u0456 \u0437\u043e\u043d\u0438, - \u0434\u043b\u044f \u0431\u0443\u0434\u0456\u0432\u0435\u043b\u044c \u0433\u043e\u0441\u043f\u043e\u0434\u0430\u0440\u0441\u044c\u043a\u043e-\u043f\u043e\u0431\u0443\u0442\u043e\u0432\u043e\u0433\u043e \u043f\u0440\u0438\u0437\u043d\u0430\u0447\u0435\u043d\u043d\u044f, \u043a\u043e\u043b\u0435\u043a\u0442\u0438\u0432\u043d\u043e\u0433\u043e \u0436\u0438\u0442\u043b\u043e\u0432\u043e\u0433\u043e \u0444\u043e\u043d\u0434\u0443, \u0441\u043a\u043b\u0430\u0434\u0441\u044c\u043a\u0438\u0445 \u0456 \u0432\u0438\u0440\u043e\u0431\u043d\u0438\u0447\u0438\u0445 \u0431\u0443\u0434\u0456\u0432\u0435\u043b\u044c \u043e\u0431&#039;\u0454\u043c\u043e\u043c \u043d\u0435 \u043c\u0435\u043d\u0448\u0435 1000 \u043a\u0443\u0431.\u043c, \u0430 \u0442\u0430\u043a\u043e\u0436 \u0434\u043b\u044f \u0432\u0438\u0431\u0443\u0445\u043e\u043d\u0435\u0431\u0435\u0437\u043f\u0435\u0447\u043d\u0438\u0445. \u041d\u0430\u0433\u0430\u0434\u0443\u0454\u043c\u043e, \u0449\u043e \u0437\u0430\u0433\u0430\u043b\u044c\u043d\u0456 \u043f\u0440\u043e\u0442\u0438\u043f\u043e\u0436\u0435\u0436\u043d\u0456 \u0456\u043d\u0441\u0442\u0440\u0443\u043a\u0446\u0456\u0457 \u043d\u0435\u043e\u0431\u0445\u0456\u0434\u043d\u043e \u043e\u043d\u043e\u0432\u043b\u044e\u0432\u0430\u0442\u0438 \u043a\u043e\u0436\u043d\u0456 2 \u0440\u043e\u043a\u0438, \u0430 \u0442\u0430\u043a\u043e\u0436 \u043f\u0456\u0441\u043b\u044f \u043a\u043e\u0436\u043d\u043e\u0457 \u0437\u043c\u0456\u043d\u0438 \u0432\u0438\u043a\u043e\u0440\u0438\u0441\u0442\u0430\u043d\u043d\u044f \u0431\u0443\u0434\u0456\u0432\u043b\u0456 \u0430\u0431\u043e \u043f\u0440\u043e\u0446\u0435\u0441\u0456\u0432, \u044f\u043a\u0456 \u0437\u043c\u0456\u043d\u044e\u044e\u0442\u044c \u0443\u043c\u043e\u0432\u0438 \u043f\u0440\u043e\u0442\u0438\u043f\u043e\u0436\u0435\u0436\u043d\u043e\u0433\u043e \u0437\u0430\u0445\u0438\u0441\u0442\u0443.<\/p>\n<p><strong>\u041f\u0440\u043e\u0442\u0438\u043f\u043e\u0436\u0435\u0436\u043d\u0438\u0439 \u0437\u0430\u0445\u0438\u0441\u0442 \u0431\u0443\u0434\u0456\u0432\u0435\u043b\u044c<\/strong> - \u0443\u0441\u0456 \u043f\u0440\u043e\u0435\u043a\u0442\u043e\u0432\u0430\u043d\u0456 \u0442\u0430 \u0456\u0441\u043d\u0443\u044e\u0447\u0456 \u0441\u043f\u043e\u0440\u0443\u0434\u0438 \u0437\u0430 \u0441\u0432\u043e\u0454\u044e \u043a\u043e\u043d\u0441\u0442\u0440\u0443\u043a\u0446\u0456\u0454\u044e, \u0430 \u0442\u0430\u043a\u043e\u0436 \u0437\u0430 \u043c\u0456\u0441\u0446\u0435\u043c \u0440\u043e\u0437\u0442\u0430\u0448\u0443\u0432\u0430\u043d\u043d\u044f \u0442\u0430 \u0432\u0441\u0442\u0430\u043d\u043e\u0432\u043b\u0435\u043d\u043d\u044f \u043f\u043e\u0432\u0438\u043d\u043d\u0456 \u0432\u0456\u0434\u043f\u043e\u0432\u0456\u0434\u0430\u0442\u0438 \u043f\u0440\u043e\u0442\u0438\u043f\u043e\u0436\u0435\u0436\u043d\u0438\u043c \u043d\u043e\u0440\u043c\u0430\u043c. \u041f\u0440\u043e\u0442\u0438\u043f\u043e\u0436\u0435\u0436\u043d\u0438\u0439 \u0437\u0430\u0445\u0438\u0441\u0442 \u043e\u0431&#039;\u0454\u0434\u043d\u0443\u0454 \u0441\u0438\u0441\u0442\u0435\u043c\u0438 \u0442\u0430 \u0437\u0430\u0445\u043e\u0434\u0438 \u0430\u043a\u0442\u0438\u0432\u043d\u043e\u0433\u043e \u043f\u0440\u043e\u0442\u0438\u043f\u043e\u0436\u0435\u0436\u043d\u043e\u0433\u043e \u0437\u0430\u0445\u0438\u0441\u0442\u0443, \u044f\u043a\u0456 \u0431\u0443\u0434\u0443\u0442\u044c \u0432\u0438\u043a\u043e\u0440\u0438\u0441\u0442\u043e\u0432\u0443\u0432\u0430\u0442\u0438\u0441\u044f \u0432 \u0431\u0443\u0434\u0456\u0432\u043b\u044f\u0445. \u041f\u0440\u043e\u0442\u0438\u043f\u043e\u0436\u0435\u0436\u043d\u0438\u0439 \u0437\u0430\u0445\u0438\u0441\u0442 \u0432\u043a\u043b\u044e\u0447\u0430\u0454 \u0432\u043e\u0433\u043d\u0435\u0433\u0430\u0441\u043d\u0438\u043a\u0438, \u043f\u0440\u0438\u0437\u043d\u0430\u0447\u0435\u043d\u0456 \u0448\u043b\u044f\u0445\u0438 \u0435\u0432\u0430\u043a\u0443\u0430\u0446\u0456\u0457, \u0434\u0435\u0442\u0435\u043a\u0442\u043e\u0440\u0438 \u0434\u0438\u043c\u0443 \u0442\u0430 \u0441\u043f\u0440\u0438\u043d\u043a\u043b\u0435\u0440\u0438. \u0426\u0435 \u0442\u0430\u043a\u043e\u0436 \u0441\u0442\u043e\u0441\u0443\u0454\u0442\u044c\u0441\u044f \u043a\u043e\u043d\u0441\u0442\u0440\u0443\u043a\u0446\u0456\u0457 \u0442\u0430 \u043c\u0430\u0442\u0435\u0440\u0456\u0430\u043b\u0456\u0432, \u044f\u043a\u0456 \u0432\u0438\u043a\u043e\u0440\u0438\u0441\u0442\u043e\u0432\u0443\u044e\u0442\u044c\u0441\u044f \u0432 \u043e\u0431\u2019\u0454\u043a\u0442\u0456.<\/p>\n<p><strong>\u041d\u0430\u0432\u0447\u0430\u043d\u043d\u044f \u0437 \u043e\u0445\u043e\u0440\u043e\u043d\u0438 \u043f\u0440\u0430\u0446\u0456 \u0442\u0430 \u043f\u043e\u0436\u0435\u0436\u043d\u043e\u0457 \u0431\u0435\u0437\u043f\u0435\u043a\u0438<\/strong> - \u0432\u0456\u0434\u043f\u043e\u0432\u0456\u0434\u043d\u043e \u0434\u043e \u0437\u0430\u043a\u043e\u043d\u043e\u0434\u0430\u0432\u0441\u0442\u0432\u0430 \u043f\u0440\u0430\u0446\u0456\u0432\u043d\u0438\u043a \u043f\u0456\u0434\u043f\u0440\u0438\u0454\u043c\u0441\u0442\u0432\u0430, \u043f\u0440\u0438\u0437\u043d\u0430\u0447\u0435\u043d\u0438\u0439 \u0456\u043d\u0441\u043f\u0435\u043a\u0442\u043e\u0440\u043e\u043c \u043f\u043e\u0436\u0435\u0436\u043d\u043e\u0457 \u043e\u0445\u043e\u0440\u043e\u043d\u0438, \u043f\u043e\u0432\u0438\u043d\u0435\u043d \u043f\u0440\u043e\u0439\u0442\u0438 \u0432\u0456\u0434\u043f\u043e\u0432\u0456\u0434\u043d\u0443 \u043f\u0456\u0434\u0433\u043e\u0442\u043e\u0432\u043a\u0443. \u0414\u043b\u044f \u043d\u043e\u0432\u043e\u043f\u0440\u0438\u0439\u043d\u044f\u0442\u0438\u0445 \u043f\u0440\u0430\u0446\u0456\u0432\u043d\u0438\u043a\u0456\u0432 \u043f\u0440\u043e\u0432\u043e\u0434\u0438\u0442\u044c\u0441\u044f \u0432\u0441\u0442\u0443\u043f\u043d\u0438\u0439 \u0456\u043d\u0441\u0442\u0440\u0443\u043a\u0442\u0430\u0436, \u0430 \u0442\u0430\u043a\u043e\u0436 \u0431\u0430\u0437\u043e\u0432\u0435 \u0442\u0430 \u0441\u043f\u0435\u0446\u0456\u0430\u043b\u0456\u0437\u043e\u0432\u0430\u043d\u0435 \u043d\u0430\u0432\u0447\u0430\u043d\u043d\u044f, \u0437\u0430\u0432\u0434\u044f\u043a\u0438 \u044f\u043a\u043e\u043c\u0443 \u043c\u043e\u0436\u043d\u0430 \u043e\u0442\u0440\u0438\u043c\u0430\u0442\u0438 \u043d\u0435\u043e\u0431\u0445\u0456\u0434\u043d\u0456 \u0437\u043d\u0430\u043d\u043d\u044f \u0442\u0430 \u043d\u0430\u0432\u0438\u0447\u043a\u0438.<\/p>\n<p>\u041c\u0438 \u043d\u0430\u0434\u0430\u0454\u043c\u043e \u043a\u043e\u043c\u043f\u043b\u0435\u043a\u0441\u043d\u0456 \u043f\u043e\u0441\u043b\u0443\u0433\u0438 \u043f\u0440\u043e\u0442\u0438\u043f\u043e\u0436\u0435\u0436\u043d\u043e\u0433\u043e \u0437\u0430\u0445\u0438\u0441\u0442\u0443, \u044f\u043a\u0456 \u043f\u0456\u0434\u0431\u0438\u0440\u0430\u044e\u0442\u044c\u0441\u044f \u0456\u043d\u0434\u0438\u0432\u0456\u0434\u0443\u0430\u043b\u044c\u043d\u043e \u043f\u0456\u0434 \u043f\u043e\u0442\u0440\u0435\u0431\u0438 \u043d\u0430\u0448\u0438\u0445 \u043a\u043b\u0456\u0454\u043d\u0442\u0456\u0432. \u041d\u0430\u0434\u0430\u0454\u043c\u043e \u043f\u043e\u0441\u043b\u0443\u0433\u0438 \u0443 \u0412\u0430\u0440\u0448\u0430\u0432\u0456, \u041c\u0430\u0437\u043e\u0432\u0435\u0446\u044c\u043a\u043e\u043c\u0443 \u0432\u043e\u0454\u0432\u043e\u0434\u0441\u0442\u0432\u0456 \u0442\u0430 \u0432\u0441\u0456\u0439 \u041f\u043e\u043b\u044c\u0449\u0456 \u0432\u0456\u0434\u043f\u043e\u0432\u0456\u0434\u043d\u043e \u0434\u043e \u0432\u0430\u0448\u0438\u0445 \u043f\u043e\u0431\u0430\u0436\u0430\u043d\u044c. \u041c\u0438 \u0434\u043e\u043a\u043b\u0430\u0434\u0430\u0454\u043c\u043e \u0432\u0441\u0456\u0445 \u0437\u0443\u0441\u0438\u043b\u044c, \u0449\u043e\u0431 \u0432\u0438 \u043c\u043e\u0433\u043b\u0438 \u043e\u0442\u0440\u0438\u043c\u0430\u0442\u0438 \u043f\u0440\u043e\u0444\u0435\u0441\u0456\u0439\u043d\u0443 \u043f\u0456\u0434\u0442\u0440\u0438\u043c\u043a\u0443 \u0432 \u0446\u0456\u0439 \u0441\u0444\u0435\u0440\u0456. \u041f\u0440\u0438 \u0446\u044c\u043e\u043c\u0443 \u043c\u0438 \u0432\u0456\u0434\u0440\u0456\u0437\u043d\u044f\u0454\u043c\u043e\u0441\u044f \u043f\u0440\u0438\u0432\u0430\u0431\u043b\u0438\u0432\u0438\u043c\u0438 \u0446\u0456\u043d\u0430\u043c\u0438 \u043d\u0430 \u043f\u043e\u0441\u043b\u0443\u0433\u0438. \u041e\u0431\u0438\u0440\u0430\u044e\u0447\u0438 \u043d\u0430\u0448 \u0441\u0435\u0440\u0432\u0456\u0441, \u0432\u0438 \u043c\u043e\u0436\u0435\u0442\u0435 \u0431\u0443\u0442\u0438 \u0432\u043f\u0435\u0432\u043d\u0435\u043d\u0456, \u0449\u043e \u0432\u0456\u043d \u0437\u0430\u0432\u0436\u0434\u0438 \u0431\u0443\u0434\u0435 \u043d\u0430\u0434\u0430\u043d\u0438\u0439 \u043d\u0430 \u043d\u0430\u0439\u0432\u0438\u0449\u043e\u043c\u0443 \u0440\u0456\u0432\u043d\u0456.<\/p>\n<p><a href=\"https:\/\/odk-ergon.pl\/ua\/kontakt\/\">\u0429\u0438\u0440\u043e \u0437\u0430\u043f\u0440\u043e\u0448\u0443\u0454\u043c\u043e \u0412\u0430\u0441 \u0441\u043a\u043e\u0440\u0438\u0441\u0442\u0430\u0442\u0438\u0441\u044f \u043d\u0430\u0448\u0438\u043c\u0438 \u043f\u043e\u0441\u043b\u0443\u0433\u0430\u043c\u0438<\/a>!<\/p>\n<\/div>","protected":false},"excerpt":{"rendered":"<p>Oferujemy Pa\u0144stwu profesjonalne us\u0142ugi BHP i PPO\u017b, kt\u00f3re skoncentrowane s\u0105 na kompleksowej pomocy firmom. Od lat ochrona przeciwpo\u017carowa jest nasz\u0105 specjalno\u015bci\u0105 \u2013 to przesz\u0142o 20 lat do\u015bwiadczenia, dzi\u0119ki kt\u00f3remu obecnie mo\u017cemy zapewni\u0107 ka\u017cdemu z naszych klient\u00f3w fachowe wsparcie! \u015awiadczymy szeroki zakres us\u0142ug, w sk\u0142ad kt\u00f3rych wchodz\u0105 mi\u0119dzy innymi: szkolenia BHP i PPO\u017b oznakowanie i ochrona przeciwpo\u017carowa budynk\u00f3w sporz\u0105dzanie dokument\u00f3w \u2013 instrukcja bezpiecze\u0144stwa po\u017carowego (instrukcja PPO\u017b, instrukcja przeciwpo\u017carowa og\u00f3lna) us\u0142ugi specjalist\u00f3w \u2013 rzeczoznawca PPO\u017b, inspektor PPO\u017b kompleksowe doradztwo audyty przeciwpo\u017carowe firm przygotowywanie obiekt\u00f3w do odbioru przez PSP przegl\u0105dy, konserwacja i naprawa ga\u015bnic, urz\u0105dze\u0144, instalacji sygnalizacyjnych i inne us\u0142ugi przeciwpo\u017carowe Za wszystkie opinie, analizy oraz ekspertyzy odpowiada wykwalifikowany rzeczoznawca PPO\u017b. Zatrudniamy i wsp\u00f3\u0142pracujemy z kompetentnymi specjalistami w tej dziedzinie, a ich szeroka wiedza i kwalifikacje, a tak\u017ce do\u015bwiadczenie zawodowe s\u0105 gwarancj\u0105 poprawnie wykonanych us\u0142ug na rzecz Pa\u0144stwa firmy. Inspektor ochrony przeciwpo\u017carowej \u2013 od 18 stycznia 2009 roku pracodawca ma obowi\u0105zek wyznaczenia pracownika, kt\u00f3ry b\u0119dzie wykonywa\u0142 obowi\u0105zki jako inspektor PPO\u017b. Inspektor ochrony przeciwpo\u017carowej ma za zadanie realizowa\u0107 czynno\u015bci w zakresie ochrony przeciwpo\u017carowej oraz ewakuacji. Dotyczy to nawet pracodawc\u00f3w zatrudniaj\u0105cych jednego pracownika. Instrukcja bezpiecze\u0144stwa po\u017carowego \u2013 zgodnie z Rozporz\u0105dzeniem Ministra Spraw Wewn\u0119trznych i Administracji z dnia 7 czerwca 2010 r. w sprawie ochrony przeciwpo\u017carowej budynk\u00f3w, innych obiekt\u00f3w budowlanych i teren\u00f3w (Dz. U. Nr 109, poz. 719) \u00a7 6.1 instrukcja PPO\u017b musi by\u0107 wykonana dla ka\u017cdego obiektu lub cz\u0119\u015bci stanowi\u0105cych osobne strefy \u2013 dla budynk\u00f3w u\u017cyteczno\u015bci publicznej, mieszkania zbiorczego, magazynowych, produkcyjnych o kubaturze minimum 1000 metr\u00f3w sze\u015bciennych, a tak\u017ce dla tych, w kt\u00f3rych wyst\u0119puje zagro\u017cenie wybuchem. Przypominamy, \u017ce instrukcja przeciwpo\u017carowa [&hellip;]<\/p>\n","protected":false},"author":1,"featured_media":0,"parent":0,"menu_order":7,"comment_status":"closed","ping_status":"closed","template":"","meta":{"sfsi_plus_gutenberg_text_before_share":"","sfsi_plus_gutenberg_show_text_before_share":"","sfsi_plus_gutenberg_icon_type":"","sfsi_plus_gutenberg_icon_alignemt":"","sfsi_plus_gutenburg_max_per_row":"","footnotes":""},"class_list":["post-1224","page","type-page","status-publish","hentry","has_thumb"],"aioseo_notices":[],"_links":{"self":[{"href":"https:\/\/odk-ergon.pl\/ua\/wp-json\/wp\/v2\/pages\/1224","targetHints":{"allow":["GET"]}}],"collection":[{"href":"https:\/\/odk-ergon.pl\/ua\/wp-json\/wp\/v2\/pages"}],"about":[{"href":"https:\/\/odk-ergon.pl\/ua\/wp-json\/wp\/v2\/types\/page"}],"author":[{"embeddable":true,"href":"https:\/\/odk-ergon.pl\/ua\/wp-json\/wp\/v2\/users\/1"}],"replies":[{"embeddable":true,"href":"https:\/\/odk-ergon.pl\/ua\/wp-json\/wp\/v2\/comments?post=1224"}],"version-history":[{"count":4,"href":"https:\/\/odk-ergon.pl\/ua\/wp-json\/wp\/v2\/pages\/1224\/revisions"}],"predecessor-version":[{"id":1420,"href":"https:\/\/odk-ergon.pl\/ua\/wp-json\/wp\/v2\/pages\/1224\/revisions\/1420"}],"wp:attachment":[{"href":"https:\/\/odk-ergon.pl\/ua\/wp-json\/wp\/v2\/media?parent=1224"}],"curies":[{"name":"wp","href":"https:\/\/api.w.org\/{rel}","templated":true}]}}