{"id":1228,"date":"2014-08-07T15:14:27","date_gmt":"2014-08-07T15:14:27","guid":{"rendered":"http:\/\/odk-ergon.pl\/?page_id=1228"},"modified":"2022-02-26T02:06:56","modified_gmt":"2022-02-26T01:06:56","slug":"%d0%bf%d1%80%d0%b0%d0%b2%d0%b8%d0%bb%d0%b0-%d0%be%d1%85%d0%be%d1%80%d0%be%d0%bd%d0%b8-%d0%bf%d1%80%d0%b0%d1%86%d1%96","status":"publish","type":"page","link":"https:\/\/odk-ergon.pl\/ua\/baza-wiedzy\/przepisy-bhp\/","title":{"rendered":"\u041f\u0440\u0430\u0432\u0438\u043b\u0430 \u043e\u0445\u043e\u0440\u043e\u043d\u0438 \u043f\u0440\u0430\u0446\u0456"},"content":{"rendered":"<div style=\"float: left; padding-right: 10px;\"><img decoding=\"async\" src=\"\/wp-content\/uploads\/2014\/08\/08-przepisy-zdjecie.jpg\" alt=\"\" \/><\/div>\n<div class=\"wyjustuj\">\n<p>\u0413\u0456\u0433\u0456\u0454\u043d\u0430 \u0442\u0430 \u0431\u0435\u0437\u043f\u0435\u043a\u0430 \u043f\u0440\u0430\u0446\u0456 - \u0446\u0435 \u043d\u0430\u0431\u0456\u0440 \u043f\u0440\u0430\u0432\u0438\u043b, \u044f\u043a\u0456 \u0432\u043a\u0430\u0437\u0443\u044e\u0442\u044c, \u044f\u043a \u0431\u0435\u0437\u043f\u0435\u0447\u043d\u043e \u0442\u0430 \u0433\u0456\u0433\u0456\u0454\u043d\u0456\u0447\u043d\u043e \u0432\u0438\u043a\u043e\u043d\u0443\u0432\u0430\u0442\u0438 \u0434\u043e\u0440\u0443\u0447\u0435\u043d\u0456 \u0437\u0430\u0432\u0434\u0430\u043d\u043d\u044f \u043d\u0430 \u0440\u0456\u0437\u043d\u0438\u0445 \u0440\u043e\u0431\u043e\u0447\u0438\u0445 \u043c\u0456\u0441\u0446\u044f\u0445. \u041e\u0440\u0433\u0430\u043d\u043e\u043c, \u0432\u0456\u0434\u043f\u043e\u0432\u0456\u0434\u0430\u043b\u044c\u043d\u0438\u043c \u0437\u0430 \u0434\u043e\u0442\u0440\u0438\u043c\u0430\u043d\u043d\u044f \u043f\u0440\u0430\u0432\u0438\u043b \u043e\u0445\u043e\u0440\u043e\u043d\u0438 \u043f\u0440\u0430\u0446\u0456 \u0454 \u041d\u0430\u0446\u0456\u043e\u043d\u0430\u043b\u044c\u043d\u0430 \u0456\u043d\u0441\u043f\u0435\u043a\u0446\u0456\u044f \u043f\u0440\u0430\u0446\u0456 (PIP).<\/p>\n<p>\u041e\u0441\u043d\u043e\u0432\u043d\u0456 \u043f\u043e\u043b\u043e\u0436\u0435\u043d\u043d\u044f \u043f\u0440\u043e \u043e\u0445\u043e\u0440\u043e\u043d\u0443 \u043f\u0440\u0430\u0446\u0456 \u043c\u0456\u0441\u0442\u044f\u0442\u044c\u0441\u044f \u0432 \u041a\u043e\u0434\u0435\u043a\u0441\u0456 \u0437\u0430\u043a\u043e\u043d\u0456\u0432 \u043f\u0440\u043e \u043f\u0440\u0430\u0446\u044e, \u0440\u043e\u0437\u0434\u0456\u043b X. \u0412\u043e\u043d\u0438 \u0442\u0430\u043a\u043e\u0436 \u0432\u043a\u043b\u044e\u0447\u0435\u043d\u0456 \u0434\u043e \u0431\u0430\u0433\u0430\u0442\u044c\u043e\u0445 \u043f\u043e\u0441\u0442\u0430\u043d\u043e\u0432, \u0443 \u0442\u043e\u043c\u0443 \u0447\u0438\u0441\u043b\u0456 \u0434\u043e \u041f\u043e\u0441\u0442\u0430\u043d\u043e\u0432\u0438 \u043f\u0440\u043e \u0437\u0430\u0433\u0430\u043b\u044c\u043d\u0443 \u043e\u0445\u043e\u0440\u043e\u043d\u0443 \u043f\u0440\u0430\u0446\u0456 (\u0417\u0430\u043a\u043e\u043d. \u0432\u0456\u0441\u043d\u0438\u043a 1997 \u0440., \u2116 129, \u043f. 844 \u0437 \u0434\u043e\u043f. \u043f\u0456\u0437\u043d\u0456\u0448\u0456 \u0437\u043c\u0456\u043d\u0438), \u0430 \u0442\u0430\u043a\u043e\u0436 \u0443 \u043f\u043e\u043b\u044c\u0441\u044c\u043a\u0438\u0445 \u0441\u0442\u0430\u043d\u0434\u0430\u0440\u0442\u0430\u0445.<\/p>\n<p><strong>\u041f\u043e\u043b\u043e\u0436\u0435\u043d\u043d\u044f \u0432\u0438\u0437\u043d\u0430\u0447\u0430\u044e\u0442\u044c, \u0441\u0435\u0440\u0435\u0434 \u0456\u043d\u0448\u043e\u0433\u043e, \u0442\u0430\u043a\u0435:<\/strong><\/p>\n<ul>\n<li>\u043f\u0440\u043e\u0432\u0435\u0434\u0435\u043d\u043d\u044f \u043c\u0435\u0434\u0438\u0447\u043d\u0438\u0445 \u043e\u0433\u043b\u044f\u0434\u0456\u0432 \u043f\u0440\u0430\u0446\u0456\u0432\u043d\u0438\u043a\u0456\u0432<\/li>\n<li>\u043d\u0430\u0432\u0447\u0430\u043d\u043d\u044f \u043f\u0440\u0430\u0446\u0456\u0432\u043d\u0438\u043a\u0456\u0432 \u0443 \u0441\u0444\u0435\u0440\u0456 \u043e\u0445\u043e\u0440\u043e\u043d\u0438 \u043f\u0440\u0430\u0446\u0456<\/li>\n<li>\u043d\u0435\u043f\u0440\u0438\u0454\u043c\u043d\u0456 \u0442\u0430 \u0448\u043a\u0456\u0434\u043b\u0438\u0432\u0456 \u0444\u0430\u043a\u0442\u043e\u0440\u0438 \u0432 \u0440\u043e\u0431\u043e\u0447\u043e\u043c\u0443 \u0441\u0435\u0440\u0435\u0434\u043e\u0432\u0438\u0449\u0456<\/li>\n<li>\u043f\u0440\u0438\u0439\u043e\u043c \u043d\u0430 \u0440\u043e\u0431\u043e\u0442\u0443 \u043c\u043e\u043b\u043e\u0434\u0438\u0445 \u043f\u0440\u0430\u0446\u0456\u0432\u043d\u0438\u043a\u0456\u0432<\/li>\n<li>\u0437\u0430\u0445\u0438\u0441\u0442 \u0436\u0456\u043d\u043e\u043a<\/li>\n<li>\u043f\u0440\u043e\u0444\u0435\u0441\u0456\u0439\u043d\u0456 \u0437\u0430\u0445\u0432\u043e\u0440\u044e\u0432\u0430\u043d\u043d\u044f<\/li>\n<li>\u043d\u0435\u0449\u0430\u0441\u043d\u0456 \u0432\u0438\u043f\u0430\u0434\u043a\u0438 \u043d\u0430 \u0432\u0438\u0440\u043e\u0431\u043d\u0438\u0446\u0442\u0432\u0456<\/li>\n<li>\u0432\u0438\u043f\u043b\u0430\u0442\u0438 \u043f\u0440\u0430\u0446\u0456\u0432\u043d\u0438\u043a\u0430\u043c<\/li>\n<\/ul>\n<p>\u0412\u0456\u0434\u043f\u043e\u0432\u0456\u0434\u043d\u043e \u0434\u043e \u043d\u043e\u0440\u043c\u0430\u0442\u0438\u0432\u043d\u0438\u0445 \u0430\u043a\u0442\u0456\u0432, \u0440\u043e\u0431\u043e\u0442\u043e\u0434\u0430\u0432\u0435\u0446\u044c \u043c\u043e\u0436\u0435 \u0434\u043e\u0440\u0443\u0447\u0430\u0442\u0438 \u0432\u0438\u043a\u043e\u043d\u0430\u043d\u043d\u044f \u0437\u0430\u0432\u0434\u0430\u043d\u044c, \u043f\u043e\u0432\u2019\u044f\u0437\u0430\u043d\u0438\u0445 \u0437 \u043e\u0445\u043e\u0440\u043e\u043d\u043e\u044e \u043f\u0440\u0430\u0446\u0456, \u0441\u0442\u043e\u0440\u043e\u043d\u043d\u0456\u043c \u0444\u0430\u0445\u0456\u0432\u0446\u044f\u043c \u0437 \u043e\u0445\u043e\u0440\u043e\u043d\u0438 \u043f\u0440\u0430\u0446\u0456, \u044f\u043a\u0456 \u043d\u0435 \u043f\u0440\u0430\u0446\u044e\u044e\u0442\u044c \u043d\u0430 \u0440\u043e\u0431\u043e\u0447\u043e\u043c\u0443 \u043c\u0456\u0441\u0446\u0456, \u0430\u043b\u0435 \u0432\u0456\u0434\u043f\u043e\u0432\u0456\u0434\u0430\u044e\u0442\u044c \u0432\u0438\u043c\u043e\u0433\u0430\u043c \u0437\u0430\u043a\u043e\u043d\u043e\u0434\u0430\u0432\u0441\u0442\u0432\u0430 \u0449\u043e\u0434\u043e \u0446\u044c\u043e\u0433\u043e. \u041f\u0440\u0430\u0446\u0456\u0432\u043d\u0438\u043a\u0438 \u0442\u0430 \u0440\u043e\u0431\u043e\u0442\u043e\u0434\u0430\u0432\u0446\u0456 \u0442\u0430\u043a\u043e\u0436 \u043f\u043e\u0432\u0438\u043d\u043d\u0456 \u0431\u0443\u0442\u0438 \u043e\u0437\u043d\u0430\u0439\u043e\u043c\u043b\u0435\u043d\u0456 \u0437 \u0447\u0438\u043d\u043d\u0438\u043c\u0438 \u0437\u0430\u0433\u0430\u043b\u044c\u043d\u0438\u043c\u0438 \u0442\u0430 \u0441\u043f\u0435\u0446\u0456\u0430\u043b\u044c\u043d\u0438\u043c\u0438 \u043d\u043e\u0440\u043c\u0430\u0442\u0438\u0432\u043d\u0438\u043c\u0438 \u0430\u043a\u0442\u0430\u043c\u0438 \u0449\u043e\u0434\u043e \u0434\u0430\u043d\u043e\u0433\u043e \u0440\u043e\u0431\u043e\u0447\u043e\u0433\u043e \u043c\u0456\u0441\u0446\u044f, \u0434\u043b\u044f \u044f\u043a\u043e\u0433\u043e \u043f\u0440\u043e\u0432\u043e\u0434\u0438\u0442\u044c\u0441\u044f \u043f\u0435\u0440\u0432\u0438\u043d\u043d\u0435 \u0442\u0430 \u043f\u0435\u0440\u0456\u043e\u0434\u0438\u0447\u043d\u0435 \u043d\u0430\u0432\u0447\u0430\u043d\u043d\u044f.<\/p>\n<p>\u0414\u043e\u0442\u0440\u0438\u043c\u0430\u043d\u043d\u044f \u043f\u0440\u0430\u0432\u0438\u043b \u043e\u0445\u043e\u0440\u043e\u043d\u0438 \u043f\u0440\u0430\u0446\u0456 \u0434\u043e\u0437\u0432\u043e\u043b\u044f\u0454 \u043c\u0456\u043d\u0456\u043c\u0456\u0437\u0443\u0432\u0430\u0442\u0438 \u043a\u0456\u043b\u044c\u043a\u0456\u0441\u0442\u044c \u043d\u0435\u0449\u0430\u0441\u043d\u0438\u0445 \u0432\u0438\u043f\u0430\u0434\u043a\u0456\u0432 \u043d\u0430 \u0432\u0438\u0440\u043e\u0431\u043d\u0438\u0446\u0442\u0432\u0456 \u0442\u0430 \u0437\u043d\u0438\u0436\u0443\u0454 \u0440\u0438\u0437\u0438\u043a \u043f\u0440\u043e\u0444\u0435\u0441\u0456\u0439\u043d\u0438\u0445 \u0437\u0430\u0445\u0432\u043e\u0440\u044e\u0432\u0430\u043d\u044c. \u0420\u043e\u0431\u043e\u0442\u043e\u0434\u0430\u0432\u0446\u044f\u043c, \u044f\u043a\u0456 \u043d\u0435 \u0434\u043e\u0442\u0440\u0438\u043c\u0443\u044e\u0442\u044c\u0441\u044f \u0432\u0438\u043c\u043e\u0433, \u0437\u0430\u0433\u0440\u043e\u0436\u0443\u0454 \u0444\u0456\u043d\u0430\u043d\u0441\u043e\u0432\u0430 \u0441\u0430\u043d\u043a\u0446\u0456\u044f.<\/p>\n<p><strong>\u041f\u0440\u0430\u0432\u0438\u043b\u0430 \u043e\u0445\u043e\u0440\u043e\u043d\u0438 \u043f\u0440\u0430\u0446\u0456 \u043f\u043e\u0448\u0438\u0440\u044e\u044e\u0442\u044c\u0441\u044f \u044f\u043a \u043d\u0430 \u0440\u043e\u0431\u043e\u0442\u043e\u0434\u0430\u0432\u0446\u0456\u0432, \u0442\u0430\u043a \u0456 \u043d\u0430 \u043f\u0440\u0430\u0446\u0456\u0432\u043d\u0438\u043a\u0456\u0432, \u044f\u043a\u0456 \u0437\u043e\u0431\u043e\u0432\u2019\u044f\u0437\u0430\u043d\u0456 \u0457\u0445 \u043d\u0435\u0443\u0445\u0438\u043b\u044c\u043d\u043e \u0434\u043e\u0442\u0440\u0438\u043c\u0443\u0432\u0430\u0442\u0438\u0441\u044f.<\/strong><\/p>\n<p>\u041f\u0440\u0430\u0432\u043e\u0432\u0430 \u043e\u0441\u043d\u043e\u0432\u0430: \u0417\u0430\u043a\u043e\u043d \u0432\u0456\u0434 26 \u0447\u0435\u0440\u0432\u043d\u044f 1974 \u0440., \u041a\u0417\u043f\u041f, \u0437\u0432\u0435\u0434\u0435\u043d\u0438\u0439 \u0442\u0435\u043a\u0441\u0442: \u0416\u0443\u0440\u043d. \u0417\u0430\u043a\u043e\u043d\u0456\u0432 1998 \u0440. \u2116 21, \u043f.\u043f 94 \u0437\u0456 \u0437\u043c\u0456\u043d\u0430\u043c\u0438 \u041f\u043e\u043b\u043e\u0436\u0435\u043d\u043d\u044f \u043c\u0456\u0441\u0442\u044f\u0442\u044c\u0441\u044f, \u0437\u043e\u043a\u0440\u0435\u043c\u0430, \u0443 \u0441\u0442. 100 \u00a7 2 \u043f. 3 \u041a\u0417\u043f\u041f, \u0441\u0442. 211-212 \u041a\u0417\u043f\u041f<\/p>\n<p>\u041f\u0440\u0430\u0446\u0456\u0432\u043d\u0438\u043a\u0438 \u0437\u043e\u0431\u043e\u0432&#039;\u044f\u0437\u0430\u043d\u0456 \u0434\u043e\u0442\u0440\u0438\u043c\u0443\u0432\u0430\u0442\u0438\u0441\u044c \u043f\u0440\u0430\u0432\u0438\u043b \u043e\u0445\u043e\u0440\u043e\u043d\u0438 \u043f\u0440\u0430\u0446\u0456 \u0442\u0430 \u043f\u0440\u043e\u0442\u0438\u043f\u043e\u0436\u0435\u0436\u043d\u0438\u0445 \u043f\u0440\u0430\u0432\u0438\u043b.<\/p>\n<p><strong>\u041f\u0440\u0430\u0446\u0456\u0432\u043d\u0438\u043a, \u0437\u043e\u043a\u0440\u0435\u043c\u0430, \u043f\u043e\u0432\u0438\u043d\u0435\u043d:<\/strong><\/p>\n<ul>\n<li>\u0437\u043d\u0430\u0442\u0438 \u043f\u0440\u0430\u0432\u0438\u043b\u0430 \u0442\u0435\u0445\u043d\u0456\u043a\u0438 \u0431\u0435\u0437\u043f\u0435\u043a\u0438, \u0449\u043e \u0437\u0430\u0441\u0442\u043e\u0441\u043e\u0432\u0443\u044e\u0442\u044c\u0441\u044f \u0434\u043e \u043d\u044c\u043e\u0433\u043e, \u0430 \u0442\u0430\u043a\u043e\u0436 \u0431\u0440\u0430\u0442\u0438 \u0443\u0447\u0430\u0441\u0442\u044c \u0443 \u043d\u0430\u0432\u0447\u0430\u043d\u043d\u0456 \u0442\u0430 \u0456\u043d\u0441\u0442\u0440\u0443\u043a\u0442\u0430\u0436\u0456 \u0432 \u0446\u0456\u0439 \u0433\u0430\u043b\u0443\u0437\u0456, \u0432\u0456\u043d \u0442\u0430\u043a\u043e\u0436 \u043f\u043e\u0432\u0438\u043d\u0435\u043d \u043f\u0440\u043e\u0439\u0442\u0438 \u0456\u0441\u043f\u0438\u0442\u0438 \u0434\u043b\u044f \u043f\u0435\u0440\u0435\u0432\u0456\u0440\u043a\u0438 \u0441\u0432\u043e\u0457\u0445 \u0437\u043d\u0430\u043d\u044c<\/li>\n<li>\u0432\u0438\u043a\u043e\u043d\u0443\u0432\u0430\u0442\u0438 \u0441\u0432\u043e\u0457 \u0437\u0430\u0432\u0434\u0430\u043d\u043d\u044f \u0432\u0456\u0434\u043f\u043e\u0432\u0456\u0434\u043d\u043e \u0434\u043e \u043f\u0440\u0438\u043d\u0446\u0438\u043f\u0456\u0432 \u0433\u0456\u0433\u0456\u0454\u043d\u0438 \u0442\u0430 \u0431\u0435\u0437\u043f\u0435\u043a\u0438 \u043f\u0440\u0430\u0446\u0456 \u0442\u0430, \u044f\u043a\u0449\u043e \u043d\u0435\u043e\u0431\u0445\u0456\u0434\u043d\u043e, \u0432\u0438\u043a\u043e\u043d\u0443\u0432\u0430\u0442\u0438 \u0434\u043e\u0434\u0430\u0442\u043a\u043e\u0432\u0456 \u0440\u0435\u043a\u043e\u043c\u0435\u043d\u0434\u0430\u0446\u0456\u0457 \u0441\u0432\u043e\u0457\u0445 \u043a\u0435\u0440\u0456\u0432\u043d\u0438\u043a\u0456\u0432 \u0449\u043e\u0434\u043e \u0446\u044c\u043e\u0433\u043e<\/li>\n<li>\u0434\u0431\u0430\u0439\u043b\u0438\u0432\u043e \u0441\u0442\u0430\u0432\u0438\u0442\u0438\u0441\u044f \u0434\u043e \u0432\u0438\u043a\u043e\u0440\u0438\u0441\u0442\u043e\u0432\u0443\u0432\u0430\u043d\u0438\u0445 \u0456\u043d\u0441\u0442\u0440\u0443\u043c\u0435\u043d\u0442\u0456\u0432, \u043e\u0431\u043b\u0430\u0434\u043d\u0430\u043d\u043d\u044f \u0442\u0430 \u043c\u0430\u0448\u0438\u043d, \u0430 \u0442\u0430\u043a\u043e\u0436 \u0434\u043e \u043f\u043e\u0440\u044f\u0434\u043a\u0443 \u043d\u0430 \u0440\u043e\u0431\u043e\u0447\u043e\u043c\u0443 \u043c\u0456\u0441\u0446\u0456<\/li>\n<li>\u0432\u0438\u043a\u043e\u0440\u0438\u0441\u0442\u043e\u0432\u0443\u0432\u0430\u0442\u0438 \u0437\u0430\u0441\u043e\u0431\u0438 \u043a\u043e\u043b\u0435\u043a\u0442\u0438\u0432\u043d\u043e\u0433\u043e \u0437\u0430\u0445\u0438\u0441\u0442\u0443, \u0432\u043a\u043b\u044e\u0447\u0430\u044e\u0447\u0438 \u043e\u0434\u044f\u0433, \u0432\u0437\u0443\u0442\u0442\u044f, \u0449\u043e \u0432\u0456\u0434\u043f\u043e\u0432\u0456\u0434\u0430\u044e\u0442\u044c \u0440\u043e\u0431\u043e\u0447\u043e\u043c\u0443 \u043c\u0456\u0441\u0446\u0456<\/li>\n<li>\u043f\u043e\u0432\u0438\u043d\u043d\u0456 \u043f\u0440\u043e\u0445\u043e\u0434\u0438\u0442\u0438 \u043f\u0435\u0440\u0432\u0438\u043d\u043d\u0456, \u043f\u0435\u0440\u0456\u043e\u0434\u0438\u0447\u043d\u0456 \u0442\u0430 \u043a\u043e\u043d\u0442\u0440\u043e\u043b\u044c\u043d\u0456 \u043c\u0435\u0434\u0438\u0447\u043d\u0456 \u043e\u0433\u043b\u044f\u0434\u0438, \u0430 \u0442\u0430\u043a\u043e\u0436 \u0456\u043d\u0448\u0456 \u043c\u0435\u0434\u0438\u0447\u043d\u0456 \u043e\u0433\u043b\u044f\u0434\u0438 \u0432\u0456\u0434\u043f\u043e\u0432\u0456\u0434\u043d\u043e \u0434\u043e \u0432\u0438\u043c\u043e\u0433 \u0437\u0430\u043a\u043e\u043d\u043e\u0434\u0430\u0432\u0441\u0442\u0432\u0430<\/li>\n<li>\u0443 \u0440\u0430\u0437\u0456 \u043d\u0435\u0449\u0430\u0441\u043d\u043e\u0433\u043e \u0432\u0438\u043f\u0430\u0434\u043a\u0443 \u043d\u0430 \u0432\u0438\u0440\u043e\u0431\u043d\u0438\u0446\u0442\u0432\u0456, \u0437\u0430\u0433\u0440\u043e\u0437\u0438 \u0437\u0434\u043e\u0440\u043e\u0432&#039;\u044e \u0430\u0431\u043e \u0436\u0438\u0442\u0442\u044e \u043b\u044e\u0434\u0438\u043d\u0438 \u043f\u043e\u0432\u0438\u043d\u0435\u043d \u043d\u0435\u0433\u0430\u0439\u043d\u043e \u043f\u043e\u0432\u0456\u0434\u043e\u043c\u0438\u0442\u0438 \u043a\u0435\u0440\u0456\u0432\u043d\u0438\u043a\u0430 \u0456 \u043f\u043e\u043f\u0435\u0440\u0435\u0434\u0438\u0442\u0438 \u043f\u0440\u043e \u043d\u0435\u0431\u0435\u0437\u043f\u0435\u043a\u0443 \u0441\u043f\u0456\u0432\u0440\u043e\u0431\u0456\u0442\u043d\u0438\u043a\u0456\u0432.<\/li>\n<li>\u0430\u043a\u0442\u0438\u0432\u043d\u043e \u0441\u043f\u0456\u0432\u043f\u0440\u0430\u0446\u044e\u0432\u0430\u0442\u0438 \u0437 \u043a\u0435\u0440\u0456\u0432\u043d\u0438\u0446\u0442\u0432\u043e\u043c \u0442\u0430 \u0440\u043e\u0431\u043e\u0442\u043e\u0434\u0430\u0432\u0446\u0435\u043c \u0434\u043b\u044f \u043f\u043e\u043a\u0440\u0430\u0449\u0435\u043d\u043d\u044f \u043e\u0445\u043e\u0440\u043e\u043d\u0438 \u043f\u0440\u0430\u0446\u0456 \u043d\u0430 \u043f\u0456\u0434\u043f\u0440\u0438\u0454\u043c\u0441\u0442\u0432\u0456<\/li>\n<\/ul>\n<\/div>","protected":false},"excerpt":{"rendered":"<p>Bezpiecze\u0144stwo i higiena pracy to zbi\u00f3r przepis\u00f3w, kt\u00f3re wskazuj\u0105, jak bezpiecznie i higienicznie wykonywa\u0107 zlecone zadania na r\u00f3\u017cnych stanowiskach pracy. Organem, kt\u00f3ry odpowiada za przestrzeganie przepis\u00f3w w ramach bezpiecze\u0144stwa i higieny pracy, jest Pa\u0144stwowa Inspekcja Pracy (PIP). Podstawowe przepisy dotycz\u0105ce BHP znajduj\u0105 si\u0119 w Kodeksie pracy, w dziale X. R\u00f3wnie\u017c znajduj\u0105 si\u0119 one w wielu rozporz\u0105dzeniach, w tym w Rozporz\u0105dzeniu w sprawie og\u00f3lnych przepis\u00f3w bezpiecze\u0144stwa i higieny pracy (Dz. U. z 1997 r. Nr 129, poz. 844 z p\u00f3\u017aniejszymi zmianami), a tak\u017ce w Polskich Normach. Przepisy okre\u015blaj\u0105 mi\u0119dzy innymi nast\u0119puj\u0105ce kwestie: przeprowadzanie bada\u0144 lekarskich u pracownik\u00f3w szkolenia pracownik\u00f3w w ramach bezpiecze\u0144stwa i higieny pracy czynniki uci\u0105\u017cliwe i szkodliwe w \u015brodowisku pracy zatrudnianie pracownik\u00f3w m\u0142odocianych ochrona kobiet choroby zawodowe wypadki przy pracy \u015bwiadczenia pracownicze Wed\u0142ug przepis\u00f3w pracodawca mo\u017ce powierzy\u0107 zadania w ramach bezpiecze\u0144stwa i higieny pracy zewn\u0119trznym specjalistom BHP, kt\u00f3rzy nie s\u0105 zatrudnieni w zak\u0142adzie pracy, ale spe\u0142niaj\u0105 wymagania prawne w tym zakresie. Z bie\u017c\u0105cymi przepisami og\u00f3lnymi i szczeg\u00f3\u0142owymi dotycz\u0105cymi danego stanowiska pracy musz\u0105 by\u0107 zapoznani tak\u017ce pracownicy i pracodawcy, do czego s\u0142u\u017c\u0105 szkolenia wst\u0119pne i okresowe. Przestrzeganie przepis\u00f3w bezpiecze\u0144stwa i higieny pracy pozwala na zminimalizowanie liczby wypadk\u00f3w przy pracy i obni\u017ca ryzyko wyst\u0119powania chor\u00f3b zawodowych. Pracodawcy nieprzestrzegaj\u0105cy wymog\u00f3w s\u0105 nara\u017ceni na kary finansowe. Przepisy BHP dotycz\u0105 zar\u00f3wno pracodawc\u00f3w, jak i pracownik\u00f3w, kt\u00f3rzy zobowi\u0105zani s\u0105 do ich sumiennego przestrzegania. Podstawa prawna: Ustawa z dnia 26 czerwca 1974 r. Kodeks pracy, tekst jedn.: Dz. U. z 1998 r. Nr 21, poz. 94 ze zm. Przepisy znajduj\u0105 si\u0119 w szczeg\u00f3lno\u015bci w art. 100 \u00a7 2 pkt 3 k.p., [&hellip;]<\/p>\n","protected":false},"author":1,"featured_media":0,"parent":1226,"menu_order":0,"comment_status":"closed","ping_status":"closed","template":"","meta":{"sfsi_plus_gutenberg_text_before_share":"","sfsi_plus_gutenberg_show_text_before_share":"","sfsi_plus_gutenberg_icon_type":"","sfsi_plus_gutenberg_icon_alignemt":"","sfsi_plus_gutenburg_max_per_row":"","footnotes":""},"class_list":["post-1228","page","type-page","status-publish","hentry","has_thumb"],"aioseo_notices":[],"_links":{"self":[{"href":"https:\/\/odk-ergon.pl\/ua\/wp-json\/wp\/v2\/pages\/1228","targetHints":{"allow":["GET"]}}],"collection":[{"href":"https:\/\/odk-ergon.pl\/ua\/wp-json\/wp\/v2\/pages"}],"about":[{"href":"https:\/\/odk-ergon.pl\/ua\/wp-json\/wp\/v2\/types\/page"}],"author":[{"embeddable":true,"href":"https:\/\/odk-ergon.pl\/ua\/wp-json\/wp\/v2\/users\/1"}],"replies":[{"embeddable":true,"href":"https:\/\/odk-ergon.pl\/ua\/wp-json\/wp\/v2\/comments?post=1228"}],"version-history":[{"count":10,"href":"https:\/\/odk-ergon.pl\/ua\/wp-json\/wp\/v2\/pages\/1228\/revisions"}],"predecessor-version":[{"id":1805,"href":"https:\/\/odk-ergon.pl\/ua\/wp-json\/wp\/v2\/pages\/1228\/revisions\/1805"}],"up":[{"embeddable":true,"href":"https:\/\/odk-ergon.pl\/ua\/wp-json\/wp\/v2\/pages\/1226"}],"wp:attachment":[{"href":"https:\/\/odk-ergon.pl\/ua\/wp-json\/wp\/v2\/media?parent=1228"}],"curies":[{"name":"wp","href":"https:\/\/api.w.org\/{rel}","templated":true}]}}