{"id":1585,"date":"2016-11-19T20:13:00","date_gmt":"2016-11-19T20:13:00","guid":{"rendered":"http:\/\/odk-ergon.pl\/?page_id=1585"},"modified":"2022-06-15T15:36:33","modified_gmt":"2022-06-15T13:36:33","slug":"%d0%ba%d0%b0%d1%82%d0%b5%d0%b3%d0%be%d1%80%d1%96%d1%97-%d0%b2%d0%b5%d1%80","status":"publish","type":"page","link":"https:\/\/odk-ergon.pl\/ua\/baza-wiedzy\/kategorie-sep\/","title":{"rendered":"\u041a\u0430\u0442\u0435\u0433\u043e\u0440\u0456\u0457 G1, G2, G3"},"content":{"rendered":"<p><a href=\"http:\/\/odk-ergon.pl\/wp-content\/uploads\/2016\/11\/wire-1098059_640.jpg\"><img loading=\"lazy\" decoding=\"async\" class=\"size-medium wp-image-1588 alignleft\" src=\"http:\/\/odk-ergon.pl\/wp-content\/uploads\/2016\/11\/wire-1098059_640-300x168.jpg\" alt=\"\u043f\u0440\u043e\u0432\u0456\u0434-1098059_640\" width=\"300\" height=\"168\" srcset=\"https:\/\/odk-ergon.pl\/wp-content\/uploads\/2016\/11\/wire-1098059_640-300x168.jpg 300w, https:\/\/odk-ergon.pl\/wp-content\/uploads\/2016\/11\/wire-1098059_640-624x351.jpg 624w, https:\/\/odk-ergon.pl\/wp-content\/uploads\/2016\/11\/wire-1098059_640.jpg 640w\" sizes=\"auto, (max-width: 300px) 100vw, 300px\" \/><\/a>\u042f\u043a\u0449\u043e \u0432\u0438 \u0445\u043e\u0447\u0435\u0442\u0435 \u043a\u0435\u0440\u0443\u0432\u0430\u0442\u0438 \u043f\u0440\u0438\u0441\u0442\u0440\u043e\u044f\u043c\u0438, \u043c\u0435\u0440\u0435\u0436\u0430\u043c\u0438 \u0442\u0430 \u0435\u043d\u0435\u0440\u0433\u0435\u0442\u0438\u0447\u043d\u0438\u043c\u0438 \u0443\u0441\u0442\u0430\u043d\u043e\u0432\u043a\u0430\u043c\u0438, \u0432\u0438 \u043f\u043e\u0432\u0438\u043d\u043d\u0456 \u043c\u0430\u0442\u0438 SEP, PSE, SIMP, SITPS \u0442\u0430 \u0431\u0430\u0433\u0430\u0442\u043e \u0456\u043d\u0448\u0438\u0445. \u041c\u0438 \u043f\u0440\u043e\u043f\u043e\u043d\u0443\u0454\u043c\u043e \u043f\u0440\u043e\u0444\u0435\u0441\u0456\u0439\u043d\u0456 \u043a\u0443\u0440\u0441\u0438 SEP, PSE, SIMP, SITPS, \u0437\u0430\u0432\u0434\u044f\u043a\u0438 \u044f\u043a\u0438\u043c \u043a\u043e\u0436\u0435\u043d \u043c\u043e\u0436\u0435 \u0441\u043a\u043b\u0430\u0441\u0442\u0438 \u0456\u0441\u043f\u0438\u0442 \u043d\u0430\u043b\u0435\u0436\u043d\u0438\u043c \u0447\u0438\u043d\u043e\u043c \u043f\u0456\u0434\u0433\u043e\u0442\u043e\u0432\u043b\u0435\u043d\u0438\u043c.<\/p>\n<p>\u0421\u044c\u043e\u0433\u043e\u0434\u043d\u0456 \u0456\u043d\u0434\u0438\u0432\u0456\u0434\u0443\u0430\u043b\u044c\u043d\u0456 \u043f\u043e\u0432\u043d\u043e\u0432\u0430\u0436\u0435\u043d\u043d\u044f \u043d\u0430\u0434\u0430\u044e\u0442\u044c\u0441\u044f \u0442\u0430\u043a\u0438\u043c\u0438 \u043e\u0440\u0433\u0430\u043d\u0456\u0437\u0430\u0446\u0456\u044f\u043c\u0438: \u0410\u0441\u043e\u0446\u0456\u0430\u0446\u0456\u044f \u043f\u043e\u043b\u044c\u0441\u044c\u043a\u0438\u0445 \u0456\u043d\u0436\u0435\u043d\u0435\u0440\u0456\u0432-\u0435\u043b\u0435\u043a\u0442\u0440\u0438\u043a\u0456\u0432, \u041f\u043e\u043b\u044c\u0441\u044c\u043a\u0430 \u0430\u0441\u043e\u0446\u0456\u0430\u0446\u0456\u044f \u0435\u043b\u0435\u043a\u0442\u0440\u043e\u043c\u043e\u043d\u0442\u0430\u0436\u0443 (PSE), \u0410\u0441\u043e\u0446\u0456\u0430\u0446\u0456\u044f \u043f\u043e\u043b\u044c\u0441\u044c\u043a\u0438\u0445 \u0456\u043d\u0436\u0435\u043d\u0435\u0440\u0456\u0432-\u043c\u0435\u0445\u0430\u043d\u0456\u043a\u0456\u0432 (SIMP), \u0410\u0441\u043e\u0446\u0456\u0430\u0446\u0456\u044f \u0456\u043d\u0436\u0435\u043d\u0435\u0440\u0456\u0432 \u0456 \u0442\u0435\u0445\u043d\u0456\u043a\u0456\u0432 \u0445\u0430\u0440\u0447\u043e\u0432\u043e\u0457 \u043f\u0440\u043e\u043c\u0438\u0441\u043b\u043e\u0432\u043e\u0441\u0442\u0456 (SITPS \u0430\u0431\u043e SITSpo\u017c) \u0442\u0430 \u0431\u0430\u0433\u0430\u0442\u043e \u0456\u043d\u0448\u0438\u0445 . \u0412\u0438\u043f\u0443\u0441\u043a\u043d\u0456 \u0456\u0441\u043f\u0438\u0442\u0438 \u043c\u043e\u0436\u043d\u0430 \u0437\u0434\u0430\u0432\u0430\u0442\u0438 \u043f\u043e \u0432\u0441\u0456\u0439 \u043a\u0440\u0430\u0457\u043d\u0456. \u0422\u043e\u043c\u0443 \u0440\u0430\u0434\u0438\u043c\u043e \u0432\u0430\u043c \u0441\u043a\u043e\u0440\u0438\u0441\u0442\u0430\u0442\u0438\u0441\u044f \u043d\u0430\u0448\u043e\u044e \u043f\u0440\u043e\u043f\u043e\u0437\u0438\u0446\u0456\u0454\u044e.<\/p>\n<p>\u041d\u0430 \u043d\u0430\u0448\u0438\u0445 \u043d\u0430\u0432\u0447\u0430\u043b\u044c\u043d\u0438\u0445 \u043a\u0443\u0440\u0441\u0430\u0445 SEP, PSE, SIMP, SITPS \u0442\u0430 \u0456\u043d\u0448\u0438\u0445 \u043a\u0443\u0440\u0441\u0430\u0445 \u043c\u0438 \u043f\u0440\u043e\u043f\u043e\u043d\u0443\u0454\u043c\u043e:<\/p>\n<ul>\n<li>\u043a\u0443\u0440\u0441 G-1 \u0434\u043b\u044f \u0435\u043d\u0435\u0440\u0433\u0435\u0442\u0438\u043a\u0438,<\/li>\n<li>\u043a\u0443\u0440\u0441 \u0413-2 \u043d\u0430 \u0442\u0435\u043f\u043b\u043e,<\/li>\n<li>\u041a\u0443\u0440\u0441 G-3 \u0434\u043b\u044f \u0433\u0430\u0437\u0456\u0432.<\/li>\n<\/ul>\n<p>\u041a\u043e\u0436\u0435\u043d \u0432\u0438\u0434 \u0442\u0440\u0435\u043d\u0443\u0432\u0430\u043d\u043d\u044f \u043f\u0440\u043e\u0432\u043e\u0434\u0438\u0442\u044c\u0441\u044f \u0437 \u0432\u0438\u043a\u043e\u0440\u0438\u0441\u0442\u0430\u043d\u043d\u044f\u043c \u0440\u0456\u0437\u043d\u0438\u0445 \u043f\u0440\u0438\u043b\u0430\u0434\u0456\u0432.<\/p>\n<p>\u0421\u044c\u043e\u0433\u043e\u0434\u043d\u0456 \u041c\u0456\u043d\u0435\u043d\u0435\u0440\u0433\u043e \u0437\u0430\u0439\u043c\u0430\u0454\u0442\u044c\u0441\u044f \u0432\u0441\u0456\u043c\u0430 \u043f\u0438\u0442\u0430\u043d\u043d\u044f\u043c\u0438 \u0443 \u0441\u0444\u0435\u0440\u0456 \u0435\u043d\u0435\u0440\u0433\u0435\u0442\u0438\u0447\u043d\u043e\u0457 \u043f\u043e\u043b\u0456\u0442\u0438\u043a\u0438, \u0430 \u0442\u0430\u043a\u043e\u0436 \u0435\u043d\u0435\u0440\u0433\u043e\u0440\u0438\u043d\u043a\u0443 \u0442\u0430 \u0432\u0438\u043a\u043e\u0440\u0438\u0441\u0442\u0430\u043d\u043d\u044f \u043e\u043a\u0440\u0435\u043c\u0438\u0445 \u0434\u0436\u0435\u0440\u0435\u043b \u0435\u043d\u0435\u0440\u0433\u0456\u0457. \u041a\u0440\u0456\u043c \u0442\u043e\u0433\u043e, \u0432\u0456\u043d \u0442\u0430\u043a\u043e\u0436 \u0444\u0443\u043d\u043a\u0446\u0456\u043e\u043d\u0443\u0454 \u0432 \u0446\u044c\u043e\u043c\u0443 \u043f\u043b\u0430\u043d\u0456 <a href=\"https:\/\/odk-ergon.pl\/ua\/szkolenia\/szkolenia-na-suwnice\/uprawnienia\/\">UDT<\/a>.<\/p>\n<p>\u0423 \u0432\u0438\u043f\u0430\u0434\u043a\u0443 SEP, PSE, SIMP, SITPS G-1 \u0432\u0438\u043a\u043e\u0440\u0438\u0441\u0442\u043e\u0432\u0443\u0454\u0442\u044c\u0441\u044f \u043f\u0456\u0434\u0433\u043e\u0442\u043e\u0432\u043a\u0430 \u0432 \u0433\u0430\u043b\u0443\u0437\u0456 \u0435\u043d\u0435\u0440\u0433\u0435\u0442\u0438\u043a\u0438, \u0433\u0435\u043d\u0435\u0440\u0443\u044e\u0447\u0438\u0445 \u043f\u0440\u0438\u0441\u0442\u0440\u043e\u0457\u0432, \u043c\u0435\u0440\u0435\u0436 \u0442\u0430 \u0435\u043b\u0435\u043a\u0442\u0440\u043e\u0443\u0441\u0442\u0430\u043d\u043e\u0432\u043e\u043a \u0437 \u043d\u0430\u043f\u0440\u0443\u0433\u043e\u044e \u043d\u0438\u0436\u0447\u0435 \u0442\u0430 \u0432\u0438\u0449\u0435 1 \u043a\u0412. \u041c\u0438 \u0442\u0430\u043a\u043e\u0436 \u043f\u0440\u043e\u043f\u043e\u043d\u0443\u0454\u043c\u043e \u0433\u0435\u043d\u0435\u0440\u0430\u0442\u043e\u0440\u043d\u0456 \u0443\u0441\u0442\u0430\u043d\u043e\u0432\u043a\u0438 \u043f\u043e\u0442\u0443\u0436\u043d\u0456\u0441\u0442\u044e \u043f\u043e\u043d\u0430\u0434 50 \u0412\u0442, \u0430 \u0442\u0430\u043a\u043e\u0436 \u0435\u043b\u0435\u043a\u0442\u0440\u043e\u043c\u0435\u0440\u0435\u0436\u0456 \u0434\u043b\u044f \u0432\u0443\u043b\u0438\u0447\u043d\u043e\u0433\u043e \u043e\u0441\u0432\u0456\u0442\u043b\u0435\u043d\u043d\u044f, \u0430\u0431\u043e \u043f\u0440\u0438\u0441\u0442\u0440\u043e\u0457, \u044f\u043a\u0456 \u0432\u0438\u043a\u043e\u0440\u0438\u0441\u0442\u043e\u0432\u0443\u044e\u0442\u044c\u0441\u044f \u0434\u043b\u044f \u0435\u043b\u0435\u043a\u0442\u0440\u043e\u043b\u0456\u0437\u0443, \u0435\u043b\u0435\u043a\u0442\u0440\u043e\u0442\u0435\u0440\u043c\u0456\u0447\u043d\u0435 \u043e\u0431\u043b\u0430\u0434\u043d\u0430\u043d\u043d\u044f, \u0430 \u0442\u0430\u043a\u043e\u0436 \u0432\u0438\u0431\u0443\u0445\u043e\u0437\u0430\u0445\u0438\u0449\u0435\u043d\u0456 \u043f\u0440\u0438\u0441\u0442\u0440\u043e\u0457, \u043c\u0435\u0440\u0435\u0436\u0456 \u0435\u043b\u0435\u043a\u0442\u0440\u043e\u0442\u044f\u0433\u0438, \u0430 \u0442\u0430\u043a\u043e\u0436 \u0441\u0443\u0447\u0430\u0441\u043d\u0456 \u0437\u0430\u0441\u043e\u0431\u0438 \u0432\u0438\u043c\u0456\u0440\u044e\u0432\u0430\u043d\u043d\u044f \u0442\u0430 \u043a\u043e\u043d\u0442\u0440\u043e\u043b\u044e. \u043f\u0440\u0438\u0441\u0442\u0440\u043e\u0457\u0432, \u0442\u043e\u043c\u0443 \u0432\u0430\u0440\u0442\u043e \u0437\u0431\u0435\u0440\u0435\u0433\u0442\u0438 \u043d\u0430\u0448\u0435 \u043d\u0430\u0432\u0447\u0430\u043d\u043d\u044f.<\/p>\n<p>\u041a\u043e\u043b\u0438 \u0441\u043f\u0440\u0430\u0432\u0430 \u0434\u043e\u0445\u043e\u0434\u0438\u0442\u044c \u0434\u043e <a href=\"https:\/\/odk-ergon.pl\/ua\/szkolenia\/szkolenia-sep\/\">\u041d\u0430\u0432\u0447\u0430\u043d\u043d\u044f SEP<\/a>, PSE, SIMP, SITPS G-2 \u0432 \u043e\u0431\u043b\u0430\u0441\u0442\u0456 \u0442\u0435\u043f\u043b\u043e\u0435\u043d\u0435\u0440\u0433\u0435\u0442\u0438\u043a\u0438 \u0432\u0438\u043a\u043e\u0440\u0438\u0441\u0442\u043e\u0432\u0443\u044e\u0442\u044c\u0441\u044f \u043f\u0440\u0438\u0441\u0442\u0440\u043e\u0457 \u0434\u043b\u044f \u0432\u0438\u0440\u043e\u0431\u043d\u0438\u0446\u0442\u0432\u0430, \u043e\u0431\u0440\u043e\u0431\u043a\u0438, \u0441\u043f\u043e\u0436\u0438\u0432\u0430\u043d\u043d\u044f \u0456 \u043f\u0435\u0440\u0435\u0434\u0430\u0447\u0456 \u0442\u0435\u043f\u043b\u0430. \u0426\u0435 \u043c\u043e\u0436\u0443\u0442\u044c \u0431\u0443\u0442\u0438, \u043d\u0430\u043f\u0440\u0438\u043a\u043b\u0430\u0434, \u043f\u0430\u0440\u043e\u0432\u0456 \u0442\u0430 \u0432\u043e\u0434\u043e\u0433\u0440\u0456\u0439\u043d\u0456 \u043a\u043e\u0442\u043b\u0438, \u0430 \u0442\u0430\u043a\u043e\u0436 \u0443\u0441\u0442\u0430\u043d\u043e\u0432\u043a\u0438 \u0442\u0430 \u0442\u0435\u043f\u043b\u043e\u0432\u0456 \u043c\u0435\u0440\u0435\u0436\u0456, \u0432\u043a\u043b\u044e\u0447\u0430\u044e\u0447\u0438 \u0434\u043e\u043f\u043e\u043c\u0456\u0436\u043d\u0456 \u043f\u0440\u0438\u0441\u0442\u0440\u043e\u0457 \u043f\u043e\u0442\u0443\u0436\u043d\u0456\u0441\u0442\u044e \u043f\u043e\u043d\u0430\u0434 50 \u043a\u0412\u0442. \u0426\u0435 \u0442\u0430\u043a\u043e\u0436 \u0432\u043e\u0434\u044f\u043d\u0456 \u0442\u0430 \u043f\u0430\u0440\u043e\u0432\u0456 \u0442\u0443\u0440\u0431\u0456\u043d\u0438, \u0441\u0438\u0441\u0442\u0435\u043c\u0438 \u043a\u043e\u043d\u0434\u0438\u0446\u0456\u043e\u043d\u0443\u0432\u0430\u043d\u043d\u044f \u043f\u043e\u0432\u0456\u0442\u0440\u044f, \u0432\u0435\u043d\u0442\u0438\u043b\u044f\u0446\u0456\u044f \u0442\u0430 \u043f\u0440\u043e\u043c\u0438\u0441\u043b\u043e\u0432\u0435 \u043e\u0431\u043b\u0430\u0434\u043d\u0430\u043d\u043d\u044f, \u044f\u043a\u0435 \u0432\u0438\u043a\u043e\u0440\u0438\u0441\u0442\u043e\u0432\u0443\u0454\u0442\u044c\u0441\u044f \u0434\u043b\u044f \u0432\u0438\u0440\u043e\u0431\u043d\u0438\u0446\u0442\u0432\u0430 \u0433\u0430\u0440\u044f\u0447\u043e\u0457 \u0432\u043e\u0434\u0438 \u0442\u0430 \u043f\u0430\u0440\u0438. \u041c\u0438 \u0442\u0430\u043a\u043e\u0436 \u043f\u0440\u0430\u0446\u044e\u0454\u043c\u043e \u0437 \u043f\u043e\u0432\u0456\u0442\u0440\u043e\u0434\u0443\u0432\u043a\u0430\u043c\u0438, \u043d\u0430\u0441\u043e\u0441\u0430\u043c\u0438 \u0442\u0430 \u0432\u0435\u043d\u0442\u0438\u043b\u044f\u0442\u043e\u0440\u0430\u043c\u0438, \u0430 \u0442\u0430\u043a\u043e\u0436 \u0432\u0430\u043d\u0442\u0443\u0437\u0430\u043c\u0438 \u0442\u0430 \u043a\u043e\u043c\u043f\u0440\u0435\u0441\u043e\u0440\u0430\u043c\u0438 \u043f\u043e\u0442\u0443\u0436\u043d\u0456\u0441\u0442\u044e \u043f\u043e\u043d\u0430\u0434 20 \u043a\u0412\u0442.<\/p>\n<p>\u041d\u0430\u0432\u0447\u0430\u043d\u043d\u044f SEP, PSE, SIMP, SITPS G-3 \u0443 \u0441\u0444\u0435\u0440\u0456 \u0433\u0430\u0437\u043e\u0432\u0438\u0445 \u0443\u0441\u0442\u0430\u043d\u043e\u0432\u043e\u043a \u0442\u0430 \u043c\u0435\u0440\u0435\u0436 - \u0446\u0435, \u043f\u0435\u0440\u0448 \u0437\u0430 \u0432\u0441\u0435, \u0441\u0443\u0447\u0430\u0441\u043d\u0456 \u0433\u0430\u0437\u043e\u0433\u0435\u043d\u0435\u0440\u0430\u0442\u043e\u0440\u0438, \u043e\u0431\u043b\u0430\u0434\u043d\u0430\u043d\u043d\u044f \u0434\u043b\u044f \u043e\u0431\u0440\u043e\u0431\u043a\u0438 \u0442\u0430 \u0442\u0440\u0430\u043d\u0441\u043f\u043e\u0440\u0442\u0443\u0432\u0430\u043d\u043d\u044f \u0433\u0430\u0437\u043e\u0432\u043e\u0433\u043e \u043f\u0430\u043b\u0438\u0432\u0430, \u0430 \u0442\u0430\u043a\u043e\u0436 \u0433\u0430\u0437\u043e\u0442\u0440\u0430\u043d\u0441\u043f\u043e\u0440\u0442\u043d\u0456 \u043c\u0435\u0440\u0435\u0436\u0456 \u0437 \u0442\u0438\u0441\u043a\u043e\u043c \u0432\u0438\u0449\u0435 0,5 \u041c\u041f\u0430. \u0426\u0435 \u0442\u0430\u043a\u043e\u0436 \u043d\u0430\u043a\u043e\u043f\u0438\u0447\u0443\u0432\u0430\u0447\u0456, \u0440\u043e\u0437\u043f\u043e\u0434\u0456\u043b\u044c\u0447\u0456 \u043c\u0435\u0440\u0435\u0436\u0456, \u0430 \u0442\u0430\u043a\u043e\u0436 \u0433\u0430\u0437\u043e\u0432\u0456 \u0442\u0443\u0440\u0431\u0456\u043d\u0438, \u043f\u0430\u043b\u0438\u0432\u043e\u043f\u0440\u0438\u0439\u043c\u0430\u0447\u0456 \u0442\u0430 \u0456\u043d\u0448\u0456 \u0432\u0438\u043c\u0456\u0440\u044e\u0432\u0430\u043b\u044c\u043d\u0456 \u0442\u0430 \u043a\u043e\u043d\u0442\u0440\u043e\u043b\u044c\u043d\u0456 \u043f\u0440\u0438\u043b\u0430\u0434\u0438.<\/p>\n<p>\u041a\u043e\u043c\u043f\u0430\u043d\u0456\u044f ERGON \u043f\u0440\u043e\u043f\u043e\u043d\u0443\u0454 \u043f\u0440\u043e\u0444\u0435\u0441\u0456\u0439\u043d\u0435 \u0435\u043b\u0435\u043a\u0442\u0440\u043e\u0442\u0435\u0445\u043d\u0456\u0447\u043d\u0435 \u043d\u0430\u0432\u0447\u0430\u043d\u043d\u044f \u0437\u0430 \u043d\u0430\u043f\u0440\u044f\u043c\u043a\u0430\u043c\u0438 G-1, G-2, G-3, \u0430 \u0442\u0430\u043a\u043e\u0436 \u0432\u0456\u0434\u043c\u0456\u043d\u043d\u0443 \u043f\u0456\u0434\u0433\u043e\u0442\u043e\u0432\u043a\u0443 \u0434\u043e \u0456\u0441\u043f\u0438\u0442\u0456\u0432, \u044f\u043a\u0456 \u0437\u0434\u0430\u044e\u0442\u044c\u0441\u044f \u043f\u0435\u0440\u0435\u0434 \u043a\u043e\u043c\u0456\u0441\u0456\u044f\u043c\u0438 SEP, PSE, SIMP, SITPS.<\/p>\n<p>\u0406\u043d\u0444\u043e\u0440\u043c\u0430\u0446\u0456\u044f \u043d\u0430 \u0432\u0435\u0431-\u0441\u0430\u0439\u0442\u0456 \u043d\u0435 \u0454 \u043a\u043e\u043c\u0435\u0440\u0446\u0456\u0439\u043d\u043e\u044e \u043f\u0440\u043e\u043f\u043e\u0437\u0438\u0446\u0456\u0454\u044e \u0442\u0430 \u0431\u0443\u043b\u0430 \u0440\u043e\u0437\u0440\u043e\u0431\u043b\u0435\u043d\u0430 \u0434\u043b\u044f \u0442\u043e\u0433\u043e, \u0449\u043e\u0431 \u043e\u0441\u043e\u0431\u0430, \u044f\u043a\u0430 \u043f\u0440\u043e\u0445\u043e\u0434\u0438\u0442\u044c \u043d\u0430\u0432\u0447\u0430\u043d\u043d\u044f, \u043c\u043e\u0433\u043b\u0430 \u0437\u043d\u0430\u0442\u0438 \u043f\u0440\u043e \u043c\u043e\u0436\u043b\u0438\u0432\u0456\u0441\u0442\u044c \u043e\u0442\u0440\u0438\u043c\u0430\u043d\u043d\u044f \u043a\u0432\u0430\u043b\u0456\u0444\u0456\u043a\u0430\u0446\u0456\u0457 \u0432 \u0440\u0456\u0437\u043d\u0438\u0445 \u0443\u0441\u0442\u0430\u043d\u043e\u0432\u0430\u0445 \u0437 \u043f\u0456\u0434\u0433\u043e\u0442\u043e\u0432\u043a\u0438 \u0435\u043b\u0435\u043a\u0442\u0440\u0438\u043a\u0456\u0432 \u0443 \u041f\u043e\u043b\u044c\u0449\u0456.<\/p>","protected":false},"excerpt":{"rendered":"<p>Je\u015bli chcemy obs\u0142ugiwa\u0107 urz\u0105dzenia, sieci oraz instalacje energetyczne, nale\u017cy posiada\u0107 uprawnienia SEP, PSE, SIMP, SITPS oraz wiele innych. Zapewniamy profesjonalne kursy SEP, PSE, SIMP, SITPS, dzi\u0119ki kt\u00f3rym ka\u017cdy mo\u017ce odpowiednio przygotowany podej\u015b\u0107 do egzaminu. Dzisiaj poszczeg\u00f3lne uprawnienia przyznaj\u0105 nast\u0119puj\u0105ce podmioty: Stowarzyszenie Elektryk\u00f3w Polskich, Polskie Stowarzyszenie Elektroinstalacyjne (PSE), Stowarzyszenie In\u017cynier\u00f3w Mechanik\u00f3w Polskich (SIMP), Stowarzyszenie In\u017cynier\u00f3w i Technik\u00f3w Przemys\u0142u Spo\u017cywczego (SITPS lub SITSpo\u017c), a tak\u017ce wiele innych. Egzaminy ko\u0144cowe mo\u017cna zdawa\u0107 na terenie ca\u0142ego kraju. Zach\u0119camy, zatem do skorzystania z naszej oferty. Na naszym szkoleniu SEP, PSE, SIMP, SITPS oraz innych kurs\u00f3w, zapewniamy: kurs G-1 dla elektroenergetyki, kurs G-2 dla ciep\u0142a, kurs G-3 dla gaz\u00f3w. Ka\u017cdy rodzaj szkolenia jest prowadzony z wykorzystaniem urozmaiconych urz\u0105dze\u0144. Dzisiaj Ministerstwo Energii zajmuje si\u0119 prowadzeniem wszelkich spraw w zakresie polityki energetycznej, a tak\u017ce rynku energii oraz wykorzystania poszczeg\u00f3lnych \u017ar\u00f3de\u0142 energii. Dodatkowo w tym zakresie funkcjonuje tak\u017ce UDT. W przypadku szkole\u0144\u00a0 SEP, PSE, SIMP, SITPS G-1 w zakresie elektroenergetyki, wykorzystywane s\u0105 urz\u0105dzenia pr\u0105dotw\u00f3rcze, sieci i instalacji elektroenergetyczne o napi\u0119ciu poni\u017cej i powy\u017cej 1kV. Zapewniamy tak\u017ce zespo\u0142y pr\u0105dotw\u00f3rcze z moc\u0105 powy\u017cej 50W, a tak\u017ce sieci elektryczne dotycz\u0105ce o\u015bwietlenia ulic, czy te\u017c urz\u0105dzenia, jakie wykorzystuje si\u0119 do elektrolizy, sprz\u0119t elektrotermiczny, a tak\u017ce urz\u0105dzenia przewciwwybuchowe, elektryczne sieci trakcyjne, a tak\u017ce nowoczesne urz\u0105dzenia pomiarowe i kontrolne, dlatego warto zapisa\u0107 si\u0119 na nasze szkolenia. Je\u015bli chodzi o szkolenia SEP, PSE, SIMP, SITPS G-2 w zakresie ciep\u0142a wykorzystywane s\u0105 urz\u0105dzenia zajmuj\u0105ce si\u0119 wytwarzaniem, przetwarzaniem, zu\u017cywaniem i przesy\u0142aniem ciep\u0142a. Mog\u0105 to by\u0107 chocia\u017cby kot\u0142y parowe i wodne, a tak\u017ce instalacje i sieci cieplne, \u0142\u0105cznie z urz\u0105dzeniami pomocniczymi, jakie maj\u0105 moc [&hellip;]<\/p>\n","protected":false},"author":1,"featured_media":0,"parent":1226,"menu_order":0,"comment_status":"closed","ping_status":"closed","template":"","meta":{"sfsi_plus_gutenberg_text_before_share":"","sfsi_plus_gutenberg_show_text_before_share":"","sfsi_plus_gutenberg_icon_type":"","sfsi_plus_gutenberg_icon_alignemt":"","sfsi_plus_gutenburg_max_per_row":"","footnotes":""},"class_list":["post-1585","page","type-page","status-publish","hentry","has_thumb"],"aioseo_notices":[],"_links":{"self":[{"href":"https:\/\/odk-ergon.pl\/ua\/wp-json\/wp\/v2\/pages\/1585","targetHints":{"allow":["GET"]}}],"collection":[{"href":"https:\/\/odk-ergon.pl\/ua\/wp-json\/wp\/v2\/pages"}],"about":[{"href":"https:\/\/odk-ergon.pl\/ua\/wp-json\/wp\/v2\/types\/page"}],"author":[{"embeddable":true,"href":"https:\/\/odk-ergon.pl\/ua\/wp-json\/wp\/v2\/users\/1"}],"replies":[{"embeddable":true,"href":"https:\/\/odk-ergon.pl\/ua\/wp-json\/wp\/v2\/comments?post=1585"}],"version-history":[{"count":7,"href":"https:\/\/odk-ergon.pl\/ua\/wp-json\/wp\/v2\/pages\/1585\/revisions"}],"predecessor-version":[{"id":2254,"href":"https:\/\/odk-ergon.pl\/ua\/wp-json\/wp\/v2\/pages\/1585\/revisions\/2254"}],"up":[{"embeddable":true,"href":"https:\/\/odk-ergon.pl\/ua\/wp-json\/wp\/v2\/pages\/1226"}],"wp:attachment":[{"href":"https:\/\/odk-ergon.pl\/ua\/wp-json\/wp\/v2\/media?parent=1585"}],"curies":[{"name":"wp","href":"https:\/\/api.w.org\/{rel}","templated":true}]}}