{"id":1592,"date":"2016-11-19T20:16:21","date_gmt":"2016-11-19T20:16:21","guid":{"rendered":"http:\/\/odk-ergon.pl\/?page_id=1592"},"modified":"2022-06-15T15:25:16","modified_gmt":"2022-06-15T13:25:16","slug":"%d1%96%d1%81%d0%bf%d0%b8%d1%82-%d0%b2%d0%b5%d1%80","status":"publish","type":"page","link":"https:\/\/odk-ergon.pl\/ua\/baza-wiedzy\/egzamin-sep\/","title":{"rendered":"\u0406\u0441\u043f\u0438\u0442 G1, G2, G3"},"content":{"rendered":"<p><a href=\"http:\/\/odk-ergon.pl\/wp-content\/uploads\/2016\/11\/test-986769_640.jpg\"><img loading=\"lazy\" decoding=\"async\" class=\"size-medium wp-image-1595 alignleft\" src=\"http:\/\/odk-ergon.pl\/wp-content\/uploads\/2016\/11\/test-986769_640-300x225.jpg\" alt=\"test-986769_640\" width=\"300\" height=\"225\" srcset=\"https:\/\/odk-ergon.pl\/wp-content\/uploads\/2016\/11\/test-986769_640-300x225.jpg 300w, https:\/\/odk-ergon.pl\/wp-content\/uploads\/2016\/11\/test-986769_640-624x468.jpg 624w, https:\/\/odk-ergon.pl\/wp-content\/uploads\/2016\/11\/test-986769_640.jpg 640w\" sizes=\"auto, (max-width: 300px) 100vw, 300px\" \/><\/a>\u041a\u043e\u0436\u0435\u043d, \u0445\u0442\u043e \u0431\u0430\u0436\u0430\u0454 \u043e\u0442\u0440\u0438\u043c\u0430\u0442\u0438 \u043f\u0440\u043e\u0444\u0435\u0441\u0456\u0439\u043d\u0443 \u043a\u0432\u0430\u043b\u0456\u0444\u0456\u043a\u0430\u0446\u0456\u044e, \u043f\u043e\u0432\u0438\u043d\u0435\u043d \u0441\u043a\u043b\u0430\u0441\u0442\u0438 \u0456\u0441\u043f\u0438\u0442, \u044f\u043a\u0438\u0439 \u0441\u044c\u043e\u0433\u043e\u0434\u043d\u0456 \u0454 \u043e\u0434\u043d\u0438\u043c \u0456\u0437 \u043d\u0430\u0439\u043f\u043e\u0448\u0438\u0440\u0435\u043d\u0456\u0448\u0438\u0445, \u044f\u043a\u0438\u0439 \u043e\u0431\u0438\u0440\u0430\u044e\u0442\u044c \u0444\u0430\u0445\u0456\u0432\u0446\u0456. \u043d\u0430\u0448 <a href=\"https:\/\/odk-ergon.pl\/ua\/o-firmie\/\">\u0426\u0435\u043d\u0442\u0440 \u043f\u0456\u0434\u0433\u043e\u0442\u043e\u0432\u043a\u0438 \u043f\u0435\u0440\u0441\u043e\u043d\u0430\u043b\u0443 \u0415\u0420\u0413\u041e\u041d<\/a> \u0446\u0435 \u0441\u0443\u0447\u0430\u0441\u043d\u0435 \u043d\u0430\u0432\u0447\u0430\u043d\u043d\u044f, \u0443 \u044f\u043a\u0435 \u0434\u0456\u0439\u0441\u043d\u043e \u0432\u0430\u0440\u0442\u043e \u0456\u043d\u0432\u0435\u0441\u0442\u0443\u0432\u0430\u0442\u0438 \u0432 \u0442\u0430\u043a\u0438\u0439 \u043c\u043e\u043c\u0435\u043d\u0442. \u041c\u0438 \u043f\u0440\u043e\u043f\u043e\u043d\u0443\u0454\u043c\u043e \u043a\u0443\u0440\u0441\u0438, \u044f\u043a\u0456 \u0433\u043e\u0442\u0443\u044e\u0442\u044c \u0434\u043e \u0456\u0441\u043f\u0438\u0442\u0456\u0432 \u043f\u0435\u0440\u0435\u0434 \u043a\u043e\u043c\u0456\u0442\u0435\u0442\u0430\u043c\u0438 PSE, SIMP, SITPS \u0442\u0430 \u0431\u0430\u0433\u0430\u0442\u044c\u043c\u0430 \u0456\u043d\u0448\u0438\u043c\u0438, \u044f\u043a\u0456 \u043f\u0440\u0438\u0437\u043d\u0430\u0447\u0430\u044e\u0442\u044c\u0441\u044f ERO (\u041e\u0444\u0456\u0441 \u0440\u0435\u0433\u0443\u043b\u044e\u0432\u0430\u043d\u043d\u044f \u0435\u043d\u0435\u0440\u0433\u0435\u0442\u0438\u043a\u0438). \u0417\u0430\u043f\u0440\u043e\u0448\u0443\u0454\u043c\u043e \u0412\u0430\u0441 \u0441\u043a\u043e\u0440\u0438\u0441\u0442\u0430\u0442\u0438\u0441\u044f \u043d\u0430\u0448\u043e\u044e \u043f\u0440\u043e\u043f\u043e\u0437\u0438\u0446\u0456\u0454\u044e \u0442\u0430 \u0437\u0430\u043f\u0438\u0441\u0430\u0442\u0438\u0441\u044f \u043d\u0430 \u0437\u0440\u0443\u0447\u043d\u0435 \u043f\u0440\u043e\u0444\u0435\u0441\u0456\u0439\u043d\u0435 \u043d\u0430\u0432\u0447\u0430\u043d\u043d\u044f.<\/p>\n<p>\u0412\u0430\u0440\u0442\u043e \u0437\u043d\u0430\u0442\u0438, \u0449\u043e \u0432\u0456\u0434\u043e\u043c\u0430 \u0410\u0441\u043e\u0446\u0456\u0430\u0446\u0456\u044f \u043f\u043e\u043b\u044c\u0441\u044c\u043a\u0438\u0445 \u0456\u043d\u0436\u0435\u043d\u0435\u0440\u0456\u0432-\u0435\u043b\u0435\u043a\u0442\u0440\u0438\u043a\u0456\u0432 \u0431\u0443\u043b\u0430 \u0437\u0430\u0441\u043d\u043e\u0432\u0430\u043d\u0430 \u0432 19-\u043c\u0443 \/ 20-\u043c\u0443 \u0441\u0442\u043e\u043b\u0456\u0442\u0442\u0456. \u0422\u0443\u0442 \u043d\u0430\u0439\u0432\u0430\u0436\u043b\u0438\u0432\u0456\u0448\u043e\u044e \u043c\u0456\u0441\u0456\u0454\u044e \u0454 \u043d\u0430\u0432\u0447\u0430\u043d\u043d\u044f \u0442\u0430 \u043f\u043e\u043f\u0443\u043b\u044f\u0440\u0438\u0437\u0430\u0446\u0456\u044f \u0437\u043d\u0430\u043d\u044c \u0443 \u0441\u0444\u0435\u0440\u0456 \u0435\u043d\u0435\u0440\u0433\u0435\u0442\u0438\u043a\u0438. \u041c\u0438 \u0442\u0430\u043a\u043e\u0436 \u043c\u0430\u0454\u043c\u043e \u0441\u043f\u0440\u0430\u0432\u0443 \u0437 \u043e\u0446\u0456\u043d\u043a\u043e\u044e \u0432\u0456\u0434\u043f\u043e\u0432\u0456\u0434\u043d\u043e\u0441\u0442\u0456 \u043d\u0438\u0437\u044c\u043a\u043e\u0432\u043e\u043b\u044c\u0442\u043d\u043e\u0457 \u0435\u043b\u0435\u043a\u0442\u0440\u0438\u0447\u043d\u043e\u0457 \u043f\u0440\u043e\u0434\u0443\u043a\u0446\u0456\u0457. \u041f\u043e\u043b\u044c\u0441\u044c\u043a\u0430 \u0430\u0441\u043e\u0446\u0456\u0430\u0446\u0456\u044f \u0435\u043b\u0435\u043a\u0442\u0440\u043e\u043c\u043e\u043d\u0442\u0430\u0436\u043d\u0438\u043a\u0456\u0432, \u0443 \u0441\u0432\u043e\u044e \u0447\u0435\u0440\u0433\u0443, \u0434\u0456\u0454 \u0437 2007 \u0440\u043e\u043a\u0443, \u0456 \u0431\u0443\u043b\u0430 \u0441\u0442\u0432\u043e\u0440\u0435\u043d\u0430 \u0437 \u0456\u043d\u0456\u0446\u0456\u0430\u0442\u0438\u0432\u0438 \u043d\u0430\u0439\u0431\u0456\u043b\u044c\u0448\u0438\u0445 \u0435\u043d\u0435\u0440\u0433\u0435\u0442\u0438\u0447\u043d\u0438\u0445 \u043a\u043e\u043c\u043f\u0430\u043d\u0456\u0439 \u041f\u043e\u043b\u044c\u0449\u0456. \u0423 \u043d\u0430\u0441 \u0442\u0430\u043a\u043e\u0436 \u0454 \u0410\u0441\u043e\u0446\u0456\u0430\u0446\u0456\u044f \u043f\u043e\u043b\u044c\u0441\u044c\u043a\u0438\u0445 \u0456\u043d\u0436\u0435\u043d\u0435\u0440\u0456\u0432 \u0456 \u0442\u0435\u0445\u043d\u0456\u043a\u0456\u0432 \u043c\u0435\u0445\u0430\u043d\u0456\u043a\u0456\u0432, \u044f\u043a\u0443 \u0437\u0430\u0441\u043d\u0443\u0432\u0430\u0432 \u0443 1920-\u0445 \u0440\u043e\u043a\u0430\u0445 \u043f\u0440\u043e\u0444\u0435\u0441\u043e\u0440 \u0413\u0435\u043d\u0440\u0438\u043a \u041c\u0435\u0436\u0435\u0454\u0432\u0441\u044c\u043a\u0438\u0439. \u041a\u0440\u0456\u043c \u0442\u043e\u0433\u043e, \u0443 \u043d\u0430\u0441 \u0442\u0430\u043a\u043e\u0436 \u0454 \u0410\u0441\u043e\u0446\u0456\u0430\u0446\u0456\u044f \u0456\u043d\u0436\u0435\u043d\u0435\u0440\u0456\u0432 \u0456 \u0442\u0435\u0445\u043d\u0456\u043a\u0456\u0432 \u0445\u0430\u0440\u0447\u043e\u0432\u043e\u0457 \u043f\u0440\u043e\u043c\u0438\u0441\u043b\u043e\u0432\u043e\u0441\u0442\u0456, \u044f\u043a\u0430 \u0431\u0443\u043b\u0430 \u0441\u0442\u0432\u043e\u0440\u0435\u043d\u0430 \u0432 1940-\u0445 \u0440\u043e\u043a\u0430\u0445 \u043c\u0438\u043d\u0443\u043b\u043e\u0433\u043e \u0441\u0442\u043e\u043b\u0456\u0442\u0442\u044f.<\/p>\n<p>\u041c\u0438 \u0440\u0435\u043a\u043e\u043c\u0435\u043d\u0434\u0443\u0454\u043c\u043e \u0432\u0430\u043c \u0437\u0430\u043f\u0438\u0441\u0430\u0442\u0438\u0441\u044f \u043d\u0430 \u043d\u0430\u0448\u0456 \u043d\u0430\u0432\u0447\u0430\u043b\u044c\u043d\u0456 \u043a\u0443\u0440\u0441\u0438, \u044f\u043a\u0456 \u0433\u043e\u0442\u0443\u044e\u0442\u044c \u0432\u0430\u0441 \u0434\u043e \u0456\u0441\u043f\u0438\u0442\u0456\u0432 SEP, PSE, SIMP \u0456 SITPS. \u0426\u0435 \u0447\u0443\u0434\u043e\u0432\u0430 \u043f\u0456\u0434\u0433\u043e\u0442\u043e\u0432\u043a\u0430 \u0442\u0430 \u043f\u0440\u0430\u043a\u0442\u0438\u0447\u043d\u0456 \u0437\u043d\u0430\u043d\u043d\u044f, \u044f\u043a\u0456 \u0437\u0433\u043e\u0434\u043e\u043c \u043c\u043e\u0436\u043d\u0430 \u0432\u0438\u043a\u043e\u0440\u0438\u0441\u0442\u043e\u0432\u0443\u0432\u0430\u0442\u0438 \u0443 \u0449\u043e\u0434\u0435\u043d\u043d\u0456\u0439 \u0440\u043e\u0431\u043e\u0442\u0456. \u041c\u0438 \u0442\u0430\u043a\u043e\u0436 \u043d\u0430\u0434\u0430\u0454\u043c\u043e \u043f\u0440\u0438\u043a\u043b\u0430\u0434\u0438 \u0437\u0430\u043f\u0438\u0442\u0430\u043d\u044c \u0434\u043b\u044f \u043e\u043a\u0440\u0435\u043c\u0438\u0445 \u0433\u0440\u0443\u043f: G-1, G-2, G-3.<\/p>\n<p>\u0421\u044c\u043e\u0433\u043e\u0434\u043d\u0456 \u043a\u043e\u0436\u0435\u043d \u043c\u043e\u0436\u0435 \u043e\u0442\u0440\u0438\u043c\u0430\u0442\u0438 \u043f\u0440\u043e\u0444\u0435\u0441\u0456\u0439\u043d\u0443 \u043a\u0432\u0430\u043b\u0456\u0444\u0456\u043a\u0430\u0446\u0456\u044e \u0442\u0430 \u0437\u0430\u043f\u0438\u0441\u0430\u0442\u0438\u0441\u044f \u043d\u0430 \u0432\u0456\u0434\u043f\u043e\u0432\u0456\u0434\u043d\u0456 \u043a\u0443\u0440\u0441\u0438 PSE, SIM, SITPS, SEP. \u0412\u0438 \u043f\u043e\u0432\u0438\u043d\u043d\u0456 \u043f\u043e\u0434\u0430\u0442\u0438 \u0437\u0430\u044f\u0432\u043a\u0443 \u043d\u0430 \u0456\u0441\u043f\u0438\u0442 \u0437 \u0434\u0456\u0439\u0441\u043d\u0438\u043c \u0434\u043e\u043a\u0443\u043c\u0435\u043d\u0442\u043e\u043c, \u0449\u043e \u043f\u043e\u0441\u0432\u0456\u0434\u0447\u0443\u0454 \u043e\u0441\u043e\u0431\u0443. \u0423 \u043d\u0430\u0441 \u0454 \u043a\u043e\u043c\u0456\u0442\u0435\u0442\u0438 \u043f\u043e \u0432\u0441\u0456\u0439 \u043a\u0440\u0430\u0457\u043d\u0456, \u0442\u043e\u043c\u0443 \u0432\u0438 \u043c\u043e\u0436\u0435\u0442\u0435 \u0432\u0438\u0431\u0440\u0430\u0442\u0438 \u0437\u0440\u0443\u0447\u043d\u0435 \u043c\u0456\u0441\u0446\u0435. \u0429\u043e \u0441\u0442\u043e\u0441\u0443\u0454\u0442\u044c\u0441\u044f \u0456\u0441\u043f\u0438\u0442\u0443 SEP 1 \u043a\u0412 \u0442\u0430 \u0431\u0430\u0433\u0430\u0442\u044c\u043e\u0445 \u0456\u043d\u0448\u0438\u0445, \u044f\u043a\u0456 \u043f\u0440\u043e\u0432\u043e\u0434\u044f\u0442\u044c\u0441\u044f PSE, SIMP, SITPS, \u0432\u0438 \u043f\u043e\u0432\u0438\u043d\u043d\u0456 \u0437\u0430\u0440\u0435\u0454\u0441\u0442\u0440\u0443\u0432\u0430\u0442\u0438\u0441\u044f \u0432 \u043f\u0438\u0441\u044c\u043c\u043e\u0432\u0456\u0439 \u0444\u043e\u0440\u043c\u0456. \u0412\u0441\u0456 \u0444\u043e\u0440\u043c\u0430\u043b\u044c\u043d\u043e\u0441\u0442\u0456 \u043c\u043e\u0436\u043d\u0430 \u043e\u0444\u043e\u0440\u043c\u0438\u0442\u0438 \u0432 \u043d\u0430\u0448\u043e\u043c\u0443 \u0426\u0435\u043d\u0442\u0440\u0456. \u041f\u043b\u0430\u0442\u0430 \u0437\u0430 \u0434\u0435\u0440\u0436\u0430\u0432\u043d\u0438\u0439 \u0456\u0441\u043f\u0438\u0442 SEP \u043d\u0430 \u0434\u0430\u043d\u0438\u0439 \u043c\u043e\u043c\u0435\u043d\u0442 \u0441\u0442\u0430\u043d\u043e\u0432\u0438\u0442\u044c 168 \u0437\u043b\u043e\u0442\u0438\u0445 \u0456 \u0457\u0457 \u043d\u0435\u043e\u0431\u0445\u0456\u0434\u043d\u043e \u0441\u043f\u043b\u0430\u0442\u0438\u0442\u0438 \u043f\u0435\u0440\u0435\u0434 \u0441\u043a\u043b\u0430\u0434\u0430\u043d\u043d\u044f\u043c \u0456\u0441\u043f\u0438\u0442\u0443. \u041f\u0440\u043e\u043f\u043e\u043d\u0443\u0454\u043c\u043e \u0432\u0430\u043c \u043e\u0437\u043d\u0430\u0439\u043e\u043c\u0438\u0442\u0438\u0441\u044f \u0437 \u0434\u0435\u0442\u0430\u043b\u044f\u043c\u0438 \u043d\u0430 \u0432\u0435\u0431-\u0441\u0430\u0439\u0442\u0456 SEP \u0442\u0430 \u0456\u043d\u0448\u0438\u0445 \u0430\u0441\u043e\u0446\u0456\u0430\u0446\u0456\u0439.<\/p>\n<p>\u041c\u0438 \u0442\u0430\u043a\u043e\u0436 \u0440\u0435\u043a\u043e\u043c\u0435\u043d\u0434\u0443\u0454\u043c\u043e \u0432\u0430\u043c \u0434\u0456\u0437\u043d\u0430\u0442\u0438\u0441\u044f \u043f\u0440\u043e \u0437\u0440\u0430\u0437\u043a\u0438 \u0435\u043a\u0437\u0430\u043c\u0435\u043d\u0430\u0446\u0456\u0439\u043d\u0438\u0445 \u0437\u0430\u043f\u0438\u0442\u0430\u043d\u044c.<\/p>\n<p><em>\u0406\u043d\u0444\u043e\u0440\u043c\u0430\u0446\u0456\u044f \u043d\u0430 \u0441\u0430\u0439\u0442\u0456 \u043d\u0435 \u0454 \u043f\u0440\u043e\u043f\u043e\u0437\u0438\u0446\u0456\u0454\u044e. \u0412\u043e\u043d\u0438 \u0431\u0443\u043b\u0438 \u043f\u0440\u0435\u0434\u0441\u0442\u0430\u0432\u043b\u0435\u043d\u0456 \u0434\u043b\u044f \u0442\u043e\u0433\u043e, \u0449\u043e\u0431 \u043e\u0441\u043e\u0431\u0430, \u044f\u043a\u0430 \u043f\u0440\u043e\u0445\u043e\u0434\u0438\u043b\u0430 \u043d\u0430\u0432\u0447\u0430\u043d\u043d\u044f, \u043c\u043e\u0433\u043b\u0430 \u0437\u043d\u0430\u0442\u0438 \u043f\u0440\u043e \u043c\u043e\u0436\u043b\u0438\u0432\u0456\u0441\u0442\u044c \u043e\u0442\u0440\u0438\u043c\u0430\u043d\u043d\u044f \u043a\u0432\u0430\u043b\u0456\u0444\u0456\u043a\u0430\u0446\u0456\u0457 \u0432 \u0443\u0441\u0442\u0430\u043d\u043e\u0432\u0430\u0445 \u0437 \u043f\u0456\u0434\u0433\u043e\u0442\u043e\u0432\u043a\u0438 \u0435\u043b\u0435\u043a\u0442\u0440\u0438\u043a\u0456\u0432 \u043f\u043e \u0432\u0441\u0456\u0439 \u041f\u043e\u043b\u044c\u0449\u0456.<\/em><\/p>","protected":false},"excerpt":{"rendered":"<p>Ka\u017cda osoba, jaka chce uzyska\u0107 uprawnienia zawodowe, musi zda\u0107 egzamin, kt\u00f3ry jest dzisiaj jednym z najcz\u0119stszych, na jakie decyduj\u0105 si\u0119 specjali\u015bci. Nasz O\u015brodek Doskonalenia Kadr ERGON to nowoczesne szkolenia, na jakie rzeczywi\u015bcie warto postawi\u0107 w takim momencie. Zapewniamy kursy, jakie przygotowuj\u0105 do egzamin\u00f3w przed komisjami PSE, SIMP, SITPS oraz wieloma innymi, jakie s\u0105 mianowane przez URE (Urz\u0105d Regulacji Energetyki). Zach\u0119camy do skorzystania z naszej oferty i zapisania si\u0119 na dogodne dla siebie szkolenia zawodowe. Warto wiedzie\u0107, \u017ce s\u0142ynne Stowarzyszenie Elektryk\u00f3w Polskich powsta\u0142o w XIX\/XX wieku. Tutaj najwa\u017cniejsz\u0105 misj\u0105 jest edukacja oraz popularyzowanie wiedzy w zakresie energetyki. Mamy tutaj do czynienia tak\u017ce z ocen\u0105 zgodno\u015bci wyrob\u00f3w elektrycznych niskiego napi\u0119cia. Polskie Stowarzyszenie Elektroinstalacyjne dzia\u0142a z kolei od 2007 roku, a powsta\u0142o z inicjatywy najwi\u0119kszych firm energetycznych w Polsce. Mamy tak\u017ce Stowarzyszenie In\u017cynier\u00f3w i technik\u00f3w Mechanik\u00f3w Polskich, kt\u00f3re zosta\u0142o za\u0142o\u017cone w latach dwudziestych ubieg\u0142ego wieku przez profesora Henryka Mierzejewskiego. Dodatkowo mamy jeszcze Stowarzyszenie In\u017cynier\u00f3w i Technik\u00f3w Przemys\u0142u Spo\u017cywczego, kt\u00f3re powsta\u0142o w latach czterdziestych w poprzednim stuleciu. Zach\u0119camy do zapisywania si\u0119 na nasze szkolenia, jakie przygotowuj\u0105 do egzamin\u00f3w SEP, PSE, SIMP oraz SITPS. To \u015bwietne przygotowanie i wiedza praktyczna, jak\u0105 p\u00f3\u017aniej mo\u017cna wykorzysta\u0107 w swojej codziennej pracy. Zapewniamy tak\u017ce przyk\u0142adowe pytania do konkretnych grup: G-1, G-2, G-3. Dzisiaj ka\u017cdy mo\u017ce zyska\u0107 kwalifikacje zawodowe i zapisa\u0107 si\u0119 na odpowiednie kursy PSE, SIM, SITPS, oraz SEP. Na egzamin nale\u017cy zg\u0142osi\u0107 si\u0119 z wa\u017cnym dowodem to\u017csamo\u015bci. Mamy komisje na terenie ca\u0142ego kraju, wi\u0119c mo\u017cna wybra\u0107 dogodn\u0105 lokalizacj\u0119. Je\u015bli chodzi o egzamin SEP 1 kV oraz wiele innych prowadzonych przez PSE, SIMP, SITPS, [&hellip;]<\/p>\n","protected":false},"author":1,"featured_media":0,"parent":1226,"menu_order":0,"comment_status":"closed","ping_status":"closed","template":"","meta":{"sfsi_plus_gutenberg_text_before_share":"","sfsi_plus_gutenberg_show_text_before_share":"","sfsi_plus_gutenberg_icon_type":"","sfsi_plus_gutenberg_icon_alignemt":"","sfsi_plus_gutenburg_max_per_row":"","footnotes":""},"class_list":["post-1592","page","type-page","status-publish","hentry","has_thumb"],"aioseo_notices":[],"_links":{"self":[{"href":"https:\/\/odk-ergon.pl\/ua\/wp-json\/wp\/v2\/pages\/1592","targetHints":{"allow":["GET"]}}],"collection":[{"href":"https:\/\/odk-ergon.pl\/ua\/wp-json\/wp\/v2\/pages"}],"about":[{"href":"https:\/\/odk-ergon.pl\/ua\/wp-json\/wp\/v2\/types\/page"}],"author":[{"embeddable":true,"href":"https:\/\/odk-ergon.pl\/ua\/wp-json\/wp\/v2\/users\/1"}],"replies":[{"embeddable":true,"href":"https:\/\/odk-ergon.pl\/ua\/wp-json\/wp\/v2\/comments?post=1592"}],"version-history":[{"count":6,"href":"https:\/\/odk-ergon.pl\/ua\/wp-json\/wp\/v2\/pages\/1592\/revisions"}],"predecessor-version":[{"id":2245,"href":"https:\/\/odk-ergon.pl\/ua\/wp-json\/wp\/v2\/pages\/1592\/revisions\/2245"}],"up":[{"embeddable":true,"href":"https:\/\/odk-ergon.pl\/ua\/wp-json\/wp\/v2\/pages\/1226"}],"wp:attachment":[{"href":"https:\/\/odk-ergon.pl\/ua\/wp-json\/wp\/v2\/media?parent=1592"}],"curies":[{"name":"wp","href":"https:\/\/api.w.org\/{rel}","templated":true}]}}