{"id":1616,"date":"2017-12-04T15:41:10","date_gmt":"2017-12-04T15:41:10","guid":{"rendered":"http:\/\/odk-ergon.pl\/?page_id=1616"},"modified":"2023-03-13T10:09:46","modified_gmt":"2023-03-13T09:09:46","slug":"%d0%bd%d0%b0%d0%b2%d1%87%d0%b0%d0%bd%d0%bd%d1%8f-%d0%bd%d0%b0-%d0%ba%d1%80%d0%b0%d0%bd%d0%b0%d1%85","status":"publish","type":"page","link":"https:\/\/odk-ergon.pl\/ua\/szkolenia\/szkolenia-na-suwnice\/","title":{"rendered":"\u041d\u0430\u0432\u0447\u0430\u043d\u043d\u044f \u0434\u043b\u044f \u043c\u043e\u0441\u0442\u043e\u0432\u0438\u0445 \u043a\u0440\u0430\u043d\u0456\u0432 - \u043e\u0442\u0440\u0438\u043c\u0430\u0439\u0442\u0435 \u043a\u0432\u0430\u043b\u0456\u0444\u0456\u043a\u0430\u0446\u0456\u044e UDT \u0432\u0456\u0434 ERGON!"},"content":{"rendered":"<h2><strong><a href=\"https:\/\/odk-ergon.pl\/wp-content\/uploads\/2017\/12\/images-1.jpg\"><img loading=\"lazy\" decoding=\"async\" class=\"size-full wp-image-1664 alignleft\" src=\"https:\/\/odk-ergon.pl\/wp-content\/uploads\/2017\/12\/images-1.jpg\" alt=\"\" width=\"250\" height=\"187\" srcset=\"https:\/\/odk-ergon.pl\/wp-content\/uploads\/2017\/12\/images-1.jpg 250w, https:\/\/odk-ergon.pl\/wp-content\/uploads\/2017\/12\/images-1-200x150.jpg 200w\" sizes=\"auto, (max-width: 250px) 100vw, 250px\" \/><\/a>\u041d\u0430\u0432\u0447\u0430\u043d\u043d\u044f \u0434\u043b\u044f \u043c\u043e\u0441\u0442\u043e\u0432\u0438\u0445 \u043a\u0440\u0430\u043d\u0456\u0432 <\/strong><\/h2>\n<p>\u041d\u0430\u0432\u0447\u0430\u043b\u044c\u043d\u0438\u0439 \u0446\u0435\u043d\u0442\u0440 \u00ab\u0415\u0420\u0413\u041e\u041d \u041a\u0430\u0434\u0440\u00bb \u0437\u0430\u043f\u0440\u043e\u0448\u0443\u0454 \u043d\u0430 \u043a\u0443\u0440\u0441 \u043a\u0440\u0430\u043d\u0456\u0432\u043d\u0438\u043a\u0430 \u0437 \u043e\u0442\u0440\u0438\u043c\u0430\u043d\u043d\u044f \u043a\u0432\u0430\u043b\u0456\u0444\u0456\u043a\u0430\u0446\u0456\u0457 UDT. \u041c\u0438 \u0442\u0440\u0435\u043d\u0443\u0454\u043c\u043e\u0441\u044c \u0443 \u043c\u0456\u0441\u0442\u0456 \u0412\u0430\u0440\u0448\u0430\u0432\u0430 \u0442\u0430 \u0432 \u043d\u0430\u0448\u0438\u0445 \u0440\u0435\u0433\u0456\u043e\u043d\u0430\u043b\u044c\u043d\u0438\u0445 \u0446\u0435\u043d\u0442\u0440\u0430\u0445 \u043f\u043e \u0432\u0441\u0456\u0439 \u041f\u043e\u043b\u044c\u0449\u0456. \u041d\u0430\u0448\u0456 \u043a\u0443\u0440\u0441\u0438 UDT \u0454 \u0433\u0430\u0440\u0430\u043d\u0442\u0456\u0454\u044e \u0437\u0430\u0434\u043e\u0432\u043e\u043b\u0435\u043d\u043d\u044f \u2013 \u043c\u0438 \u043d\u0430\u0432\u0447\u0430\u0454\u043c\u043e \u043f\u0440\u043e\u0444\u0435\u0441\u0456\u0439\u043d\u043e, \u043a\u043e\u043c\u043f\u043b\u0435\u043a\u0441\u043d\u043e \u0442\u0430 \u0437\u0430 \u0434\u043e\u0441\u0442\u0443\u043f\u043d\u0438\u043c\u0438 \u0446\u0456\u043d\u0430\u043c\u0438!<\/p>\n<p>\u041a\u0443\u0440\u0441\u0438 \u0434\u043b\u044f \u043f\u043e\u0440\u0442\u0430\u043b\u0456\u0432 \u043e\u0440\u0456\u0454\u043d\u0442\u043e\u0432\u0430\u043d\u0456 \u043d\u0430 \u043b\u044e\u0434\u0435\u0439, \u044f\u043a\u0456 \u0445\u043e\u0447\u0443\u0442\u044c \u043e\u0442\u0440\u0438\u043c\u0430\u0442\u0438 \u0437\u043d\u0430\u043d\u043d\u044f \u0442\u0430 \u043d\u0430\u0432\u0438\u0447\u043a\u0438 \u0435\u0444\u0435\u043a\u0442\u0438\u0432\u043d\u043e\u0457 \u0442\u0430 \u0431\u0435\u0437\u043f\u0435\u0447\u043d\u043e\u0457 \u0435\u043a\u0441\u043f\u043b\u0443\u0430\u0442\u0430\u0446\u0456\u0457 \u043f\u043e\u0440\u0442\u0430\u043b\u0456\u0432. \u041f\u0456\u0441\u043b\u044f \u0437\u0430\u043a\u0456\u043d\u0447\u0435\u043d\u043d\u044f \u0437\u0430\u043d\u044f\u0442\u044c \u0443\u0447\u0430\u0441\u043d\u0438\u043a\u0438 \u0441\u043a\u043b\u0430\u0434\u0430\u044e\u0442\u044c \u0456\u0441\u043f\u0438\u0442 \u043f\u0435\u0440\u0435\u0434 \u043a\u043e\u043c\u0456\u0441\u0456\u0454\u044e \u0423\u0414\u0422. \u041f\u0456\u0441\u043b\u044f \u0439\u043e\u0433\u043e \u043f\u0440\u043e\u0445\u043e\u0434\u0436\u0435\u043d\u043d\u044f \u0443\u0447\u0430\u0441\u043d\u0438\u043a \u043e\u0442\u0440\u0438\u043c\u0443\u0454 \u0434\u043e\u043f\u0443\u0441\u043a \u043d\u0430 \u043c\u043e\u0441\u0442\u043e\u0432\u0456 \u043a\u0440\u0430\u043d\u0438.<\/p>\n<h3><strong>\u0417\u0430\u043d\u044f\u0442\u0442\u044f \u043f\u0440\u043e\u0432\u043e\u0434\u044f\u0442\u044c\u0441\u044f \u0443 \u0434\u0432\u043e\u0445 \u043a\u0430\u0442\u0435\u0433\u043e\u0440\u0456\u044f\u0445: <\/strong><\/h3>\n<ul>\n<li>II S - \u043a\u0440\u0430\u043d\u0438, \u043f\u0456\u0434\u0439\u043e\u043c\u043d\u0438\u043a\u0438 \u0456 \u043b\u0435\u0431\u0456\u0434\u043a\u0438, \u043a\u0435\u0440\u043e\u0432\u0430\u043d\u0456 \u0437 \u0440\u043e\u0431\u043e\u0447\u043e\u0433\u043e \u0440\u0456\u0432\u043d\u044f \u0456 \u0441\u0442\u0430\u0446\u0456\u043e\u043d\u0430\u0440\u043d\u0456 \u0446\u0435\u0445\u043e\u0432\u0456 \u043a\u0440\u0430\u043d\u0438<\/li>\n<li>\u0406\u0421 - \u043a\u0440\u0430\u043d\u0438, \u043f\u0456\u0434\u0439\u043e\u043c\u043d\u0438\u043a\u0438 \u0456 \u043b\u0435\u0431\u0456\u0434\u043a\u0438, \u043a\u0435\u0440\u043e\u0432\u0430\u043d\u0456 \u0437 \u0440\u043e\u0431\u043e\u0447\u043e\u0433\u043e \u0440\u0456\u0432\u043d\u044f \u0430\u0431\u043e \u0437 \u043a\u0430\u0431\u0456\u043d\u0438, \u0456 \u0441\u0442\u0430\u0446\u0456\u043e\u043d\u0430\u0440\u043d\u0456 \u0446\u0435\u0445\u043e\u0432\u0456 \u043a\u0440\u0430\u043d\u0438.<\/li>\n<\/ul>\n<div class=\"filmw\">\n<div class=\"responsive-youtube\" style=\"text-align: center;\"><iframe loading=\"lazy\" title=\"\u0412\u0456\u0434\u0435\u043e\u043f\u043b\u0435\u0454\u0440 YouTube\" src=\"https:\/\/www.youtube.com\/embed\/sfP7oV2iCs4\" width=\"560\" height=\"315\" frameborder=\"0\" allowfullscreen=\"allowfullscreen\"><\/iframe><\/div>\n<\/div>\n<p><strong>\u0440\u043e\u0437\u043a\u043b\u0430\u0434<\/strong><\/p>\n<p>\u041d\u0430\u0448\u0456 \u043a\u0443\u0440\u0441\u0438 \u043f\u0456\u0434\u0433\u043e\u0442\u043e\u0432\u043a\u0438 \u043a\u0440\u0430\u043d\u0456\u0432 \u043f\u043e\u0434\u0456\u043b\u044f\u044e\u0442\u044c\u0441\u044f \u043d\u0430 \u0442\u0435\u043e\u0440\u0435\u0442\u0438\u0447\u043d\u0443 \u0442\u0430 \u043f\u0440\u0430\u043a\u0442\u0438\u0447\u043d\u0443 \u0447\u0430\u0441\u0442\u0438\u043d\u0438. \u0417\u0430\u0432\u0434\u044f\u043a\u0438 \u0457\u043c \u0443\u0447\u0430\u0441\u043d\u0438\u043a\u0438 \u0434\u0456\u0437\u043d\u0430\u044e\u0442\u044c\u0441\u044f \u0432\u0441\u0435 \u043d\u0435\u043e\u0431\u0445\u0456\u0434\u043d\u0435 \u043d\u0430 \u0441\u0442\u0435\u043d\u0434\u0456 \u043a\u0440\u0430\u043d\u0430.<\/p>\n<p>\u041c\u0438 \u0432\u0438\u043a\u043e\u0440\u0438\u0441\u0442\u043e\u0432\u0443\u0454\u043c\u043e \u0430\u043a\u0442\u0438\u0432\u0456\u0437\u0430\u0446\u0456\u0439\u043d\u0456 \u043c\u0435\u0442\u043e\u0434\u0438 \u043d\u0430\u0432\u0447\u0430\u043d\u043d\u044f, \u0430 \u043d\u0430\u0448\u0456 \u0456\u043d\u0441\u0442\u0440\u0443\u043a\u0442\u043e\u0440\u0438 \u2013 \u043b\u044e\u0434\u0438 \u0437 \u0431\u0430\u0433\u0430\u0442\u043e\u0440\u0456\u0447\u043d\u0438\u043c \u0434\u043e\u0441\u0432\u0456\u0434\u043e\u043c. \u0417\u0430\u0432\u0434\u044f\u043a\u0438 \u0446\u044c\u043e\u043c\u0443 \u043d\u0430\u0448 \u0446\u0435\u043d\u0442\u0440 \u043c\u043e\u0436\u0435 \u043f\u0438\u0448\u0430\u0442\u0438\u0441\u044f \u0442\u0430\u043a\u0438\u043c \u0432\u0438\u0441\u043e\u043a\u0438\u043c \u0440\u0456\u0432\u043d\u0435\u043c \u043f\u0440\u043e\u0445\u043e\u0434\u0436\u0435\u043d\u043d\u044f \u0456\u0441\u043f\u0438\u0442\u0456\u0432 \u0423\u0414\u0422.<br \/>\n<div style=\"width: 640px;\" class=\"wp-video\"><video id=\"video-1616-1\" width=\"640\" height=\"360\" poster=\"https:\/\/odk-ergon.pl\/wp-content\/uploads\/2023\/03\/20230127_111528_0000.jpg\" preload=\"metadata\" controls=\"controls\"><source type=\"video\/mp4\" src=\"https:\/\/odk-ergon.pl\/wp-content\/uploads\/2023\/03\/ACCEPTED-suwnice-4K-odk-ergon.mp4?_=1\" \/><a href=\"https:\/\/odk-ergon.pl\/wp-content\/uploads\/2023\/03\/ACCEPTED-suwnice-4K-odk-ergon.mp4\">https:\/\/odk-ergon.pl\/wp-content\/uploads\/2023\/03\/ACCEPTED-suwnice-4K-odk-ergon.mp4<\/a><\/video><\/div>\n<strong>\u041d\u0430 \u0437\u0430\u043d\u044f\u0442\u0442\u044f\u0445 \u043e\u0431\u0433\u043e\u0432\u043e\u0440\u044e\u044e\u0442\u044c\u0441\u044f \u0442\u0430\u043a\u0456 \u043f\u0438\u0442\u0430\u043d\u043d\u044f: <\/strong><\/p>\n<ul>\n<li>\u0442\u0435\u0445\u043d\u0456\u0447\u043d\u0438\u0439 \u043d\u0430\u0433\u043b\u044f\u0434 \u0437\u0430 \u043f\u0440\u0438\u043b\u0430\u0434\u043e\u043c<\/li>\n<li>\u0432\u0456\u0434\u043e\u043c\u043e\u0441\u0442\u0456 \u043f\u0440\u043e \u0431\u0443\u0434\u043e\u0432\u0443 \u0442\u0430 \u0440\u043e\u0431\u043e\u0442\u0443 \u043f\u0440\u0438\u0441\u0442\u0440\u043e\u044e<\/li>\n<li>\u043e\u0431\u043e\u0432&#039;\u044f\u0437\u043a\u0438 \u043e\u043f\u0435\u0440\u0430\u0442\u043e\u0440\u0430<\/li>\n<li>\u043f\u0440\u0438\u043d\u0446\u0438\u043f\u0438 \u043e\u0445\u043e\u0440\u043e\u043d\u0438 \u043f\u0440\u0430\u0446\u0456<\/li>\n<\/ul>\n<p><strong>\u0412\u0438\u043c\u043e\u0433\u0438 \u0434\u043e \u0443\u0447\u0430\u0441\u0442\u0456 \u0432 \u0442\u0440\u0435\u043d\u0456\u043d\u0433\u0443: <\/strong><\/p>\n<ul>\n<li>\u0432\u0456\u043a \u043d\u0435 \u043c\u0435\u043d\u0448\u0435 18 \u0440\u043e\u043a\u0456\u0432<\/li>\n<li>\u0445\u043e\u0447\u0430 \u0431 \u0431\u0430\u0437\u043e\u0432\u0430 \u043e\u0441\u0432\u0456\u0442\u0430<\/li>\n<li>\u0432\u0456\u0434\u0441\u0443\u0442\u043d\u0456\u0441\u0442\u044c \u043f\u0440\u043e\u0442\u0438\u043f\u043e\u043a\u0430\u0437\u0430\u043d\u044c \u0437\u0430 \u0441\u0442\u0430\u043d\u043e\u043c \u0437\u0434\u043e\u0440\u043e\u0432&#039;\u044f \u0434\u043e \u0440\u043e\u0431\u043e\u0442\u0438 \u043a\u0440\u0430\u043d\u0456\u0432\u043d\u0438\u043a\u043e\u043c \u043f\u0456\u0434\u0442\u0432\u0435\u0440\u0434\u0436\u0435\u043d\u0438\u0445 \u043c\u0435\u0434\u0438\u0447\u043d\u043e\u044e \u0434\u043e\u0432\u0456\u0434\u043a\u043e\u044e<\/li>\n<\/ul>\n<p>\u0417\u0430\u043f\u0440\u043e\u0448\u0443\u0454\u043c\u043e \u0437\u0430\u043f\u0438\u0441\u0430\u0442\u0438\u0441\u044f \u043d\u0430 \u043a\u0443\u0440\u0441 \u043a\u0440\u0430\u043d\u0456\u0432\u043d\u0438\u043a\u0430 - \u0446\u0456\u043d\u0430 \u0432 \u043d\u0430\u0448\u043e\u043c\u0443 \u0426\u0435\u043d\u0442\u0440\u0456 \u0415\u0420\u0413\u041e\u041d \u0434\u043e\u0441\u0442\u0443\u043f\u043d\u0430. \u041c\u0438 \u043e\u0440\u0433\u0430\u043d\u0456\u0437\u043e\u0432\u0443\u0454\u043c\u043e \u0437\u0430\u043d\u044f\u0442\u0442\u044f \u0443 \u043c\u0456\u0441\u0442\u0456 \u0412\u0430\u0440\u0448\u0430\u0432\u0430 \u0442\u0430 \u0432 \u0456\u043d\u0448\u0438\u0445 \u043c\u0456\u0441\u0442\u0430\u0445 \u043a\u0440\u0430\u0457\u043d\u0438. \u0410\u043a\u0442\u0443\u0430\u043b\u044c\u043d\u0438\u0439 \u0440\u043e\u0437\u043a\u043b\u0430\u0434 \u0434\u043e\u0441\u0442\u0443\u043f\u043d\u0438\u0439 \u043d\u0430 \u043d\u0430\u0448\u043e\u043c\u0443 \u0441\u0430\u0439\u0442\u0456 \u0430\u0431\u043e \u043f\u043e \u0442\u0435\u043b\u0435\u0444\u043e\u043d\u0443.<\/p>\n<p>\u041d\u0430\u0448\u0430 \u043f\u0440\u043e\u043f\u043e\u0437\u0438\u0446\u0456\u044f \u0442\u0430\u043a\u043e\u0436 \u0432\u043a\u043b\u044e\u0447\u0430\u0454 \u0456\u043d\u0448\u0456 \u043d\u0430\u0432\u0447\u0430\u043b\u044c\u043d\u0456 \u043a\u0443\u0440\u0441\u0438, \u0432\u043a\u043b\u044e\u0447\u0430\u044e\u0447\u0438 \u043a\u0443\u0440\u0441\u0438 G1, G2, G3, \u043f\u043e\u0447\u0430\u0442\u043a\u043e\u0432\u0456 \u0442\u0430 \u043f\u0435\u0440\u0456\u043e\u0434\u0438\u0447\u043d\u0456 \u0442\u0440\u0435\u043d\u0456\u043d\u0433\u0438 \u0437 \u043e\u0445\u043e\u0440\u043e\u043d\u0438 \u043f\u0440\u0430\u0446\u0456 \u0442\u0430 \u0432\u0438\u0441\u043e\u0442\u043d\u0456 \u043a\u0443\u0440\u0441\u0438. \u041c\u0438 \u0442\u0430\u043a\u043e\u0436 \u043d\u0430\u0434\u0430\u0454\u043c\u043e \u043f\u043e\u0441\u043b\u0443\u0433\u0438 \u0437 \u043e\u0445\u043e\u0440\u043e\u043d\u0438 \u043f\u0440\u0430\u0446\u0456 \u0442\u0430 \u0431\u0435\u0437\u043f\u0435\u043a\u0438 <a href=\"https:\/\/odk-ergon.pl\/ua\/szkolenia\/szkolenie-ppoz-przeciwpozarowe\/\">\u0412\u043e\u0433\u043e\u043d\u044c<\/a>. \u0417\u0430\u043f\u0440\u043e\u0448\u0443\u0454\u043c\u043e \u043e\u0431\u0440\u0430\u0442\u0438 \u043d\u0430\u0448\u0456 \u043f\u043e\u0441\u043b\u0443\u0433\u0438!<\/p>\n<div class=\"button_styl\" style=\"float: right; padding-left: 15px; padding-bottom: 8px; margin-bottom: 5px;\"><a class=\"myButton myButton_maly\" href=\"https:\/\/platformaedukacji.pl\/login\/signup.php\" target=\"_blank\" rel=\"nofollow noopener\"><span style=\"color: white;\">\u0417\u0430\u043f\u0438\u0448\u0456\u0442\u044c\u0441\u044f \u043d\u0430 \u043d\u0430\u0432\u0447\u0430\u043d\u043d\u044f<\/span><\/a><\/div>\n<div style=\"padding-top: 70px;\">\n<h2>\u0411\u0456\u043b\u044c\u0448\u0435 \u0456\u043d\u0444\u043e\u0440\u043c\u0430\u0446\u0456\u0457:<\/h2>\n<div style=\"text-align: center; font-size: 85%; line-height: 120%;\">\n<div style=\"float: left; margin-right: 40px; height: 290px;\">\n<p><a href=\"\/ua\/%d0%bd%d0%b0%d0%b2%d1%87%d0%b0%d0%bd%d0%bd%d1%8f\/%d0%bd%d0%b0%d0%b2%d1%87%d0%b0%d0%bd%d0%bd%d1%8f-%d0%bd%d0%b0-%d0%ba%d1%80%d0%b0%d0%bd%d0%b0%d1%85\/%d0%b4%d1%96%d1%8f-%d0%b7%d0%b0%d0%b1%d0%be%d1%80%d0%be%d0%bd%d0%b5%d0%bd%d0%be\/\"><img decoding=\"async\" style=\"width: 300px; height: 225px;\" src=\"\/wp-content\/uploads\/2017\/12\/zabronione_m.jpg\" alt=\"\" \/><\/a><\/p>\n<div style=\"width: 300px; font-size: 130%;\"><strong><a href=\"https:\/\/odk-ergon.pl\/ua\/szkolenia\/szkolenia-na-suwnice\/czynnosci-zabronione\/\">\u0417\u0430\u0431\u043e\u0440\u043e\u043d\u0435\u043d\u0430 \u0434\u0456\u044f\u043b\u044c\u043d\u0456\u0441\u0442\u044c<\/a><\/strong><\/div>\n<p>&nbsp;<\/p>\n<\/div>\n<div style=\"float: left; margin-right: 40px; height: 290px;\">\n<p><a href=\"\/ua\/%d0%bd%d0%b0%d0%b2%d1%87%d0%b0%d0%bd%d0%bd%d1%8f\/%d0%bd%d0%b0%d0%b2%d1%87%d0%b0%d0%bd%d0%bd%d1%8f-%d0%bd%d0%b0-%d0%ba%d1%80%d0%b0%d0%bd%d0%b0%d1%85\/%d0%ba%d1%80%d0%b0%d0%bd%d1%96%d0%b2%d0%bd%d0%b8%d0%ba\/\"><img decoding=\"async\" style=\"width: 300px; height: 225px;\" src=\"\/wp-content\/uploads\/2017\/12\/Foto-suwnice-200x150.jpg\" alt=\"\" \/><\/a><\/p>\n<div style=\"width: 300px; font-size: 130%;\"><strong>\u041a\u0440\u0430\u043d\u0456\u0432\u043d\u0438\u043a<\/strong><\/div>\n<p>&nbsp;<\/p>\n<\/div>\n<\/div>\n<div style=\"clear: both;\"><\/div>\n<div style=\"text-align: center; font-size: 85%; line-height: 120%;\">\n<div style=\"float: left; margin-right: 40px; height: 290px;\">\n<p><a href=\"\/ua\/%d0%bd%d0%b0%d0%b2%d1%87%d0%b0%d0%bd%d0%bd%d1%8f\/%d0%bd%d0%b0%d0%b2%d1%87%d0%b0%d0%bd%d0%bd%d1%8f-%d0%bd%d0%b0-%d0%ba%d1%80%d0%b0%d0%bd%d0%b0%d1%85\/%d0%be%d0%bf%d0%be%d1%80%d0%bd%d0%be-%d0%ba%d1%80%d0%b0%d0%bd%d0%be%d0%b2%d1%96-%d1%81%d0%bf%d0%be%d1%80%d1%83%d0%b4%d0%b8\/\"><img decoding=\"async\" style=\"width: 300px; height: 225px;\" src=\"\/wp-content\/uploads\/2017\/12\/220_Suwnica_bramowa_jaworzno-1-200x150.jpg\" alt=\"\" \/><\/a><\/p>\n<div style=\"width: 300px; font-size: 130%;\"><strong><a href=\"https:\/\/odk-ergon.pl\/ua\/szkolenia\/szkolenia-na-suwnice\/podstawowe-konstrukcje-suwnic\/\">\u041e\u0441\u043d\u043e\u0432\u043d\u0456 \u043a\u043e\u043d\u0441\u0442\u0440\u0443\u043a\u0446\u0456\u0457 \u043a\u0440\u0430\u043d\u0456\u0432<\/a><\/strong><\/div>\n<p>&nbsp;<\/p>\n<\/div>\n<div style=\"float: left; margin-right: 40px; height: 290px;\">\n<p><a href=\"\/ua\/%d0%bd%d0%b0%d0%b2%d1%87%d0%b0%d0%bd%d0%bd%d1%8f\/%d0%bd%d0%b0%d0%b2%d1%87%d0%b0%d0%bd%d0%bd%d1%8f-%d0%bd%d0%b0-%d0%ba%d1%80%d0%b0%d0%bd%d0%b0%d1%85\/%d0%bd%d0%be%d1%80%d0%bc%d0%b0%d1%82%d0%b8%d0%b2%d0%bd%d1%96-%d0%b0%d0%ba%d1%82%d0%b8\/\"><img decoding=\"async\" style=\"width: 300px; height: 225px;\" src=\"\/wp-content\/uploads\/2017\/12\/12-0-200x150.jpg\" alt=\"\" \/><\/a><\/p>\n<div style=\"width: 300px; font-size: 130%;\"><strong>\u041f\u043e\u043b\u043e\u0436\u0435\u043d\u043d\u044f, \u0449\u043e \u0441\u0442\u043e\u0441\u0443\u044e\u0442\u044c\u0441\u044f <a href=\"https:\/\/odk-ergon.pl\/ua\/szkolenia\/szkolenia-na-suwnice\/przepisy\/\">\u0432\u0438\u043a\u043e\u0440\u0438\u0441\u0442\u0430\u043d\u043d\u044f \u043c\u043e\u0441\u0442\u043e\u0432\u0438\u0445 \u043a\u0440\u0430\u043d\u0456\u0432<\/a><\/strong><\/div>\n<p>&nbsp;<\/p>\n<\/div>\n<\/div>\n<div style=\"text-align: center; font-size: 85%; line-height: 120%;\">\n<div style=\"float: left; margin-right: 40px; height: 290px;\">\n<p><a href=\"\/ua\/%d0%bd%d0%b0%d0%b2%d1%87%d0%b0%d0%bd%d0%bd%d1%8f\/\"><img decoding=\"async\" style=\"width: 300px; height: 225px;\" src=\"\/wp-content\/uploads\/2014\/04\/suwnice.jpeg\" alt=\"\" \/><\/a><\/p>\n<div style=\"width: 300px; font-size: 130%;\"><strong><a href=\"https:\/\/odk-ergon.pl\/ua\/szkolenia\/szkolenia-na-suwnice\/uprawnienia\/\">\u041a\u0432\u0430\u043b\u0456\u0444\u0456\u043a\u0430\u0446\u0456\u044f UDT \u0434\u043b\u044f \u043c\u043e\u0441\u0442\u043e\u0432\u0438\u0445 \u043a\u0440\u0430\u043d\u0456\u0432<\/a><\/strong><\/div>\n<p>&nbsp;<\/p>\n<\/div>\n<\/div>\n<div style=\"text-align: center; font-size: 85%; line-height: 120%;\">\n<div style=\"float: left; margin-right: 40px; height: 290px;\">\n<p><a href=\"\/ua\/%d0%bd%d0%b0%d0%b2%d1%87%d0%b0%d0%bd%d0%bd%d1%8f\/%d0%bd%d0%b0%d0%b2%d1%87%d0%b0%d0%bd%d0%bd%d1%8f-%d0%bd%d0%b0-%d0%ba%d1%80%d0%b0%d0%bd%d0%b0%d1%85\/%d0%bf%d1%80%d0%b0%d0%b2%d0%b0\/\"><img decoding=\"async\" style=\"width: 300px; height: 225px;\" src=\"\/wp-content\/uploads\/2017\/10\/welder-working-at-height2-200x150.jpg\" alt=\"\" \/><\/a><\/p>\n<div style=\"width: 300px; font-size: 130%;\"><strong>\u041a\u0443\u0440\u0441 \u0434\u043b\u044f \u043c\u043e\u0441\u0442\u043e\u0432\u0438\u0445 \u043a\u0440\u0430\u043d\u0456\u0432<\/strong><\/div>\n<p>&nbsp;<\/p>\n<\/div>\n<\/div>\n<\/div>\n<p><a href=\"https:\/\/odk-ergon.pl\/wp-content\/uploads\/2022\/11\/32-suwnice-odk-ergon.pl_.png\"><img loading=\"lazy\" decoding=\"async\" class=\"aligncenter wp-image-2548\" src=\"https:\/\/odk-ergon.pl\/wp-content\/uploads\/2022\/11\/32-suwnice-odk-ergon.pl_-300x175.png\" alt=\"\" width=\"750\" height=\"438\" srcset=\"https:\/\/odk-ergon.pl\/wp-content\/uploads\/2022\/11\/32-suwnice-odk-ergon.pl_-300x175.png 300w, https:\/\/odk-ergon.pl\/wp-content\/uploads\/2022\/11\/32-suwnice-odk-ergon.pl_-1024x597.png 1024w, https:\/\/odk-ergon.pl\/wp-content\/uploads\/2022\/11\/32-suwnice-odk-ergon.pl_-768x448.png 768w, https:\/\/odk-ergon.pl\/wp-content\/uploads\/2022\/11\/32-suwnice-odk-ergon.pl_-18x12.png 18w, https:\/\/odk-ergon.pl\/wp-content\/uploads\/2022\/11\/32-suwnice-odk-ergon.pl_-624x364.png 624w, https:\/\/odk-ergon.pl\/wp-content\/uploads\/2022\/11\/32-suwnice-odk-ergon.pl_.png 1200w\" sizes=\"auto, (max-width: 750px) 100vw, 750px\" \/><\/a><\/p>","protected":false},"excerpt":{"rendered":"<p>Szkolenia na suwnice O\u015brodek Doskonalenia Kadr ERGON zaprasza na kurs na suwnice nadaj\u0105cy uprawnienia UDT. Szkolimy w mie\u015bcie Warszawa i w naszych o\u015brodkach regionalnych na terenie ca\u0142ej Polski. Nasze kursy UDT to gwarancja zadowolenia \u2013 szkolimy profesjonalnie, kompleksowo i w przyst\u0119pnych cenach! Kursy na suwnice skierowane s\u0105 do os\u00f3b chc\u0105cych uzyska\u0107 wiedz\u0119 i umiej\u0119tno\u015bci dotycz\u0105ce sprawnej i bezpiecznej obs\u0142ugi suwnic. Po zako\u0144czeniu zaj\u0119\u0107 uczestnicy podchodz\u0105 do egzaminu przed komisj\u0105 UDT. Po jej pozytywnym zaliczeniu uczestnik otrzymuje uprawnienia na suwnice. Zaj\u0119cia prowadzone s\u0105 w dw\u00f3ch kategoriach: II S \u2013 suwnice, wci\u0105gniki i wci\u0105garki obs\u0142ugiwane z poziomu roboczego oraz \u017curawie stacjonarne warsztatowe I S \u2013 suwnice, wci\u0105gniki i wci\u0105garki obs\u0142ugiwane z poziomu roboczego lub z kabiny oraz \u017curawie stacjonarne warsztatowe Program zaj\u0119\u0107 Prowadzone przez nas szkolenia na suwnice s\u0105 podzielone na cz\u0119\u015b\u0107 teoretyczn\u0105 i praktyczn\u0105. Dzi\u0119ki nim uczestnicy dowiaduj\u0105 si\u0119 wszystkiego, co niezb\u0119dne jest na stanowisku suwnicowego. Stosujemy aktywizuj\u0105ce metody nauczania, a nasi instruktorzy to osoby posiadaj\u0105ce wieloletnie do\u015bwiadczenie. Dzi\u0119ki temu nasz \u015brodek mo\u017ce szczyci\u0107 si\u0119 tak wysok\u0105 zdawalno\u015bci\u0105 egzamin\u00f3w UDT. W trakcie zaj\u0119\u0107 poruszane s\u0105 nast\u0119puj\u0105ce kwestie: doz\u00f3r techniczny urz\u0105dzenia informacje budowie i dzia\u0142aniu urz\u0105dzenia obowi\u0105zki na stanowisku operatora zasady bezpiecze\u0144stwa i higieny pracy Wymagania do wzi\u0119cia udzia\u0142u w szkoleniu: wiek co najmniej 18 lat wykszta\u0142cenie co najmniej podstawowe brak przeciwwskaza\u0144 zdrowotnych do pracy na stanowisku operatora suwnic po\u015bwiadczony za\u015bwiadczeniem lekarskim Zach\u0119camy do zapisania si\u0119 na kurs na suwnice \u2013 cena w naszym O\u015brodku ERGON jest przyst\u0119pna. Zaj\u0119cia organizujemy w mie\u015bcie Warszawa oraz w innych miastach na terenie ca\u0142ego kraju. Aktualny harmonogram dost\u0119pny jest na naszej [&hellip;]<\/p>\n","protected":false},"author":1,"featured_media":1664,"parent":65,"menu_order":0,"comment_status":"closed","ping_status":"closed","template":"","meta":{"sfsi_plus_gutenberg_text_before_share":"","sfsi_plus_gutenberg_show_text_before_share":"","sfsi_plus_gutenberg_icon_type":"","sfsi_plus_gutenberg_icon_alignemt":"","sfsi_plus_gutenburg_max_per_row":"","footnotes":""},"class_list":["post-1616","page","type-page","status-publish","has-post-thumbnail","hentry","has_thumb"],"aioseo_notices":[],"_links":{"self":[{"href":"https:\/\/odk-ergon.pl\/ua\/wp-json\/wp\/v2\/pages\/1616","targetHints":{"allow":["GET"]}}],"collection":[{"href":"https:\/\/odk-ergon.pl\/ua\/wp-json\/wp\/v2\/pages"}],"about":[{"href":"https:\/\/odk-ergon.pl\/ua\/wp-json\/wp\/v2\/types\/page"}],"author":[{"embeddable":true,"href":"https:\/\/odk-ergon.pl\/ua\/wp-json\/wp\/v2\/users\/1"}],"replies":[{"embeddable":true,"href":"https:\/\/odk-ergon.pl\/ua\/wp-json\/wp\/v2\/comments?post=1616"}],"version-history":[{"count":18,"href":"https:\/\/odk-ergon.pl\/ua\/wp-json\/wp\/v2\/pages\/1616\/revisions"}],"predecessor-version":[{"id":3083,"href":"https:\/\/odk-ergon.pl\/ua\/wp-json\/wp\/v2\/pages\/1616\/revisions\/3083"}],"up":[{"embeddable":true,"href":"https:\/\/odk-ergon.pl\/ua\/wp-json\/wp\/v2\/pages\/65"}],"wp:featuredmedia":[{"embeddable":true,"href":"https:\/\/odk-ergon.pl\/ua\/wp-json\/wp\/v2\/media\/1664"}],"wp:attachment":[{"href":"https:\/\/odk-ergon.pl\/ua\/wp-json\/wp\/v2\/media?parent=1616"}],"curies":[{"name":"wp","href":"https:\/\/api.w.org\/{rel}","templated":true}]}}