{"id":1618,"date":"2017-12-04T15:42:52","date_gmt":"2017-12-04T15:42:52","guid":{"rendered":"http:\/\/odk-ergon.pl\/?page_id=1618"},"modified":"2022-11-24T12:38:58","modified_gmt":"2022-11-24T11:38:58","slug":"%d0%bd%d0%be%d1%80%d0%bc%d0%b0%d1%82%d0%b8%d0%b2%d0%bd%d1%96-%d0%b0%d0%ba%d1%82%d0%b8","status":"publish","type":"page","link":"https:\/\/odk-ergon.pl\/ua\/szkolenia\/szkolenia-na-suwnice\/przepisy\/","title":{"rendered":"\u041f\u0440\u0430\u0432\u0438\u043b\u0430 \u0432\u0438\u043a\u043e\u0440\u0438\u0441\u0442\u0430\u043d\u043d\u044f \u043c\u043e\u0441\u0442\u043e\u0432\u0438\u0445 \u043a\u0440\u0430\u043d\u0456\u0432"},"content":{"rendered":"<div style=\"float: left; margin-right: 5px; margin-bottom: 10px; text-align: justify;\"><div id=\"metaslider-id-1686\" style=\"max-width: 200px;\" class=\"ml-slider-3-108-0 metaslider metaslider-flex metaslider-1686 ml-slider ms-theme-default nav-hidden\" role=\"region\" aria-label=\"\u041d\u043e\u0432\u0438\u0439 \u043f\u043e\u0432\u0437\u0443\u043d\u043e\u043a\" data-height=\"150\" data-width=\"200\">\n    <div id=\"metaslider_container_1686\">\n        <div id=\"metaslider_1686\" class=\"flexslider\">\n            <ul class='slides'>\n                <li style=\"display: block; width: 100%;\" class=\"slide-1687 ms-image\" aria-roledescription=\"slide\" data-date=\"2017-12-18 13:33:06\" data-filename=\"12-0-200x150.jpg\" data-slide-type=\"image\"><img loading=\"lazy\" decoding=\"async\" src=\"https:\/\/odk-ergon.pl\/wp-content\/uploads\/2017\/12\/12-0-200x150.jpg\" height=\"150\" width=\"200\" alt=\"\" class=\"slider-1686 slide-1687 msDefaultImage\" \/><\/li>\n            <\/ul>\n        <\/div>\n        \n    <\/div>\n<\/div><\/div>\n<p><strong>\u041f\u0440\u0430\u0432\u0438\u043b\u0430 \u0434\u043b\u044f \u043c\u043e\u0441\u0442\u043e\u0432\u0438\u0445 \u043a\u0440\u0430\u043d\u0456\u0432 - UDT, OHS <\/strong><\/p>\n<p>\u041a\u0440\u0430\u043d\u0438 - \u0446\u0435 \u043f\u0440\u0438\u0441\u0442\u0440\u043e\u0457, \u044f\u043a\u0456 \u043f\u0456\u0434\u043b\u044f\u0433\u0430\u044e\u0442\u044c \u0442\u0435\u0445\u043d\u0456\u0447\u043d\u043e\u043c\u0443 \u043e\u0433\u043b\u044f\u0434\u0443. \u041b\u044e\u0434\u0438, \u044f\u043a\u0456 \u043e\u0431\u0441\u043b\u0443\u0433\u043e\u0432\u0443\u044e\u0442\u044c \u043c\u043e\u0441\u0442\u043e\u0432\u0456 \u043a\u0440\u0430\u043d\u0438, \u043f\u043e\u0432\u0438\u043d\u043d\u0456 \u043c\u0430\u0442\u0438 \u0432\u0456\u0434\u043f\u043e\u0432\u0456\u0434\u043d\u0456 <a href=\"https:\/\/odk-ergon.pl\/ua\/szkolenia\/szkolenia-na-suwnice\/\">\u041a\u0432\u0430\u043b\u0456\u0444\u0456\u043a\u0430\u0446\u0456\u044f UDT<\/a> \u0456 \u043f\u0440\u043e\u0439\u0442\u0438 \u0441\u0443\u0447\u0430\u0441\u043d\u0443 \u043f\u0456\u0434\u0433\u043e\u0442\u043e\u0432\u043a\u0443 \u0437 \u043e\u0445\u043e\u0440\u043e\u043d\u0438 \u043f\u0440\u0430\u0446\u0456 \u0434\u043b\u044f \u0432\u0438\u043a\u043e\u043d\u0430\u043d\u043d\u044f \u0441\u0432\u043e\u0457\u0445 \u043e\u0431\u043e\u0432\u2019\u044f\u0437\u043a\u0456\u0432 \u0432\u0456\u0434\u043f\u043e\u0432\u0456\u0434\u043d\u043e \u0434\u043e \u043d\u043e\u0440\u043c\u0430\u0442\u0438\u0432\u043d\u0438\u0445 \u0430\u043a\u0442\u0456\u0432.<\/p>\n<div class=\"filmw\">\n<div class=\"responsive-youtube\" style=\"text-align: center;\"><iframe loading=\"lazy\" title=\"\u0412\u0456\u0434\u0435\u043e\u043f\u043b\u0435\u0454\u0440 YouTube\" src=\"https:\/\/www.youtube.com\/embed\/sfP7oV2iCs4\" width=\"560\" height=\"315\" frameborder=\"0\" allowfullscreen=\"allowfullscreen\"><\/iframe><\/div>\n<\/div>\n<p><strong> \u041f\u0440\u0430\u0432\u0438\u043b\u0430 \u0435\u043a\u0441\u043f\u043b\u0443\u0430\u0442\u0430\u0446\u0456\u0457 \u043c\u043e\u0441\u0442\u043e\u0432\u0438\u0445 \u043a\u0440\u0430\u043d\u0456\u0432 \u0432\u043a\u043b\u044e\u0447\u0430\u044e\u0442\u044c: <\/strong><\/p>\n<ul>\n<li>\u0417\u0430\u043a\u043e\u043d \u0432\u0456\u0434 21.12.2000 \u0440. \u00ab\u041f\u0440\u043e \u0442\u0435\u0445\u043e\u0433\u043b\u044f\u0434\u00bb (\u0417\u0430\u043a\u043e\u043d. \u0436\u0443\u0440\u043d. \u2116 122, \u0441\u0442. 1321 \u0456\u0437 \u0437\u043c\u0456\u043d\u0430\u043c\u0438)<\/li>\n<li>\u041d\u0430\u043a\u0430\u0437 \u041c\u0456\u043d\u0456\u0441\u0442\u0440\u0430 \u0435\u043a\u043e\u043d\u043e\u043c\u0456\u043a\u0438 \u0432\u0456\u0434 18 \u043b\u0438\u043f\u043d\u044f 2001 \u0440. \u041f\u0440\u043e \u043f\u043e\u0440\u044f\u0434\u043e\u043a \u043f\u0435\u0440\u0435\u0432\u0456\u0440\u043a\u0438 \u043a\u0432\u0430\u043b\u0456\u0444\u0456\u043a\u0430\u0446\u0456\u0457, \u043d\u0435\u043e\u0431\u0445\u0456\u0434\u043d\u043e\u0457 \u0434\u043b\u044f \u0435\u043a\u0441\u043f\u043b\u0443\u0430\u0442\u0430\u0446\u0456\u0457 \u0442\u0430 \u043e\u0431\u0441\u043b\u0443\u0433\u043e\u0432\u0443\u0432\u0430\u043d\u043d\u044f \u0442\u0435\u0445\u043d\u0456\u0447\u043d\u0438\u0445 \u043f\u0440\u0438\u0441\u0442\u0440\u043e\u0457\u0432 (\u0417\u0430\u043a\u043e\u043d. \u0432\u0456\u0441\u043d\u0438\u043a \u2116 79, \u043f. 849), \u0437\u0456 \u0437\u043c\u0456\u043d\u0430\u043c\u0438, \u0432\u043d\u0435\u0441\u0435\u043d\u0438\u043c\u0438 \u043d\u0430\u043a\u0430\u0437\u043e\u043c \u0432\u0456\u0434 20 \u043b\u044e\u0442\u043e\u0433\u043e 2003 \u0440. (\u0417\u0430\u043a. \u2116 50, \u043f. 426), \u0432\u0438\u0434\u0430\u043d\u043e\u0433\u043e \u043d\u0430 \u043f\u0456\u0434\u0441\u0442\u0430\u0432\u0456 \u0441\u0442. 23 \u0441\u0435\u043a. 5 \u0430\u043a\u0442\u0430 \u043f\u0440\u043e \u0442\u0435\u0445\u043d\u0456\u0447\u043d\u0438\u0439 \u043e\u0433\u043b\u044f\u0434<\/li>\n<li>\u0420\u043e\u0437\u043f\u043e\u0440\u044f\u0434\u0436\u0435\u043d\u043d\u044f \u041c\u0456\u043d\u0456\u0441\u0442\u0440\u0430 \u043f\u0456\u0434\u043f\u0440\u0438\u0454\u043c\u043d\u0438\u0446\u0442\u0432\u0430 \u0442\u0430 \u0442\u0435\u0445\u043d\u043e\u043b\u043e\u0433\u0456\u0439 \u0432\u0456\u0434 30 \u0436\u043e\u0432\u0442\u043d\u044f 2018 \u0440\u043e\u043a\u0443 \u043f\u0440\u043e \u0442\u0435\u0445\u043d\u0456\u0447\u043d\u0456 \u0443\u043c\u043e\u0432\u0438 \u0442\u0435\u0445\u043d\u0456\u0447\u043d\u043e\u0457 \u043f\u0435\u0440\u0435\u0432\u0456\u0440\u043a\u0438 \u0443 \u0441\u0444\u0435\u0440\u0456 \u0435\u043a\u0441\u043f\u043b\u0443\u0430\u0442\u0430\u0446\u0456\u0457, \u0440\u0435\u043c\u043e\u043d\u0442\u0443 \u0442\u0430 \u043c\u043e\u0434\u0435\u0440\u043d\u0456\u0437\u0430\u0446\u0456\u0457 \u0442\u0440\u0430\u043d\u0441\u043f\u043e\u0440\u0442\u043d\u043e-\u0440\u043e\u0437\u0432\u0430\u043d\u0442\u0430\u0436\u0443\u0432\u0430\u043b\u044c\u043d\u043e\u0433\u043e \u043e\u0431\u043b\u0430\u0434\u043d\u0430\u043d\u043d\u044f (\u0417\u0430\u043a\u043e\u043d. \u0432\u0456\u0441\u043d\u0438\u043a 2018 \u0440., \u043f. 2176)<\/li>\n<li>\u041f\u043e\u0441\u0442\u0430\u043d\u043e\u0432\u0430 \u0420\u0430\u0434\u0438 \u043c\u0456\u043d\u0456\u0441\u0442\u0440\u0456\u0432 \u0432\u0456\u0434 7 \u0433\u0440\u0443\u0434\u043d\u044f 2012 \u0440\u043e\u043a\u0443 \u043f\u0440\u043e \u0442\u0438\u043f\u0438 \u0442\u0435\u0445\u043d\u0456\u0447\u043d\u0438\u0445 \u043f\u0440\u0438\u0441\u0442\u0440\u043e\u0457\u0432, \u0449\u043e \u043f\u0456\u0434\u043b\u044f\u0433\u0430\u044e\u0442\u044c \u0442\u0435\u0445\u043d\u0456\u0447\u043d\u043e\u043c\u0443 \u043a\u043e\u043d\u0442\u0440\u043e\u043b\u044e (\u0417\u0430\u043a. \u0432\u0456\u0441\u043d\u0438\u043a 2012 \u0440. \u2116 0 \u0441\u0442. 1468), \u0432\u0438\u0434\u0430\u043d\u0430 \u043d\u0430 \u043f\u0456\u0434\u0441\u0442\u0430\u0432\u0456 \u0441\u0442. 5 \u0441\u0435\u043a. 2 \u0430\u043a\u0442\u0430 \u043f\u0440\u043e \u0442\u0435\u0445\u043d\u0456\u0447\u043d\u0438\u0439 \u043e\u0433\u043b\u044f\u0434<\/li>\n<li>\u041d\u0430\u043a\u0430\u0437 \u041c\u0456\u043d\u0456\u0441\u0442\u0440\u0430 \u0435\u043a\u043e\u043d\u043e\u043c\u0456\u043a\u0438 \u0432\u0456\u0434 27 \u043b\u0438\u0441\u0442\u043e\u043f\u0430\u0434\u0430 2014 \u0440. \u043f\u0440\u043e \u0432\u043d\u0435\u0441\u0435\u043d\u043d\u044f \u0437\u043c\u0456\u043d \u0434\u043e \u0440\u043e\u0437\u043f\u043e\u0440\u044f\u0434\u0436\u0435\u043d\u043d\u044f \u043f\u0440\u043e \u0440\u043e\u0437\u043c\u0456\u0440 \u043f\u043b\u0430\u0442\u0438 \u0437\u0430 \u0434\u0456\u044f\u043b\u044c\u043d\u0456\u0441\u0442\u044c \u043f\u0456\u0434\u0440\u043e\u0437\u0434\u0456\u043b\u0456\u0432 \u0442\u0435\u0445\u043d\u0456\u0447\u043d\u043e\u0433\u043e \u043e\u0433\u043b\u044f\u0434\u0443 (\u0417\u0430\u043a\u043e\u043d. \u0432\u0456\u0441\u043d\u0438\u043a 2014 \u0440., \u043f\u043e\u0437. 1675), \u0432\u0438\u0434\u0430\u043d\u0438\u0439 \u043d\u0430 \u043f\u0456\u0434\u0441\u0442\u0430\u0432\u0456 \u0441\u0442. 34 \u0441\u0435\u043a. 3 \u0430\u043a\u0442\u0430 \u043f\u0440\u043e \u0442\u0435\u0445\u043d\u0456\u0447\u043d\u0438\u0439 \u043e\u0433\u043b\u044f\u0434<\/li>\n<\/ul>\n<p><a href=\"https:\/\/odk-ergon.pl\/wp-content\/uploads\/2022\/10\/1.jpeg\"><img loading=\"lazy\" decoding=\"async\" class=\"aligncenter wp-image-2531\" src=\"https:\/\/odk-ergon.pl\/wp-content\/uploads\/2022\/10\/1-300x211.jpeg\" alt=\"\" width=\"750\" height=\"528\" srcset=\"https:\/\/odk-ergon.pl\/wp-content\/uploads\/2022\/10\/1-300x211.jpeg 300w, https:\/\/odk-ergon.pl\/wp-content\/uploads\/2022\/10\/1-1024x721.jpeg 1024w, https:\/\/odk-ergon.pl\/wp-content\/uploads\/2022\/10\/1-768x541.jpeg 768w, https:\/\/odk-ergon.pl\/wp-content\/uploads\/2022\/10\/1-1536x1082.jpeg 1536w, https:\/\/odk-ergon.pl\/wp-content\/uploads\/2022\/10\/1-18x12.jpeg 18w, https:\/\/odk-ergon.pl\/wp-content\/uploads\/2022\/10\/1-624x440.jpeg 624w, https:\/\/odk-ergon.pl\/wp-content\/uploads\/2022\/10\/1.jpeg 1600w\" sizes=\"auto, (max-width: 750px) 100vw, 750px\" \/><\/a><\/p>\n<p>\u041b\u044e\u0434\u0438, \u044f\u043a\u0456 \u0445\u043e\u0447\u0443\u0442\u044c \u043f\u043e\u0447\u0430\u0442\u0438 \u043f\u0440\u0430\u0446\u044e\u0432\u0430\u0442\u0438 \u043d\u0430 \u043a\u0440\u0430\u043d\u0456, \u043f\u043e\u0432\u0438\u043d\u043d\u0456 \u043c\u0430\u0442\u0438 \u0432\u0456\u0434\u043f\u043e\u0432\u0456\u0434\u043d\u0443 \u043a\u0432\u0430\u043b\u0456\u0444\u0456\u043a\u0430\u0446\u0456\u044e UDT \u0437\u0433\u0456\u0434\u043d\u043e \u0456\u0437 \u0437\u0430\u043a\u043e\u043d\u043e\u0434\u0430\u0432\u0441\u0442\u0432\u043e\u043c. \u0407\u0445 \u043c\u043e\u0436\u043d\u0430 \u043e\u0442\u0440\u0438\u043c\u0430\u0442\u0438, \u0437\u0430\u043f\u0438\u0441\u0430\u0432\u0448\u0438\u0441\u044c \u043d\u0430 \u043a\u0443\u0440\u0441\u0438 \u043a\u0440\u0430\u043d\u0456\u0432\u043d\u0438\u043a\u0456\u0432, \u0430 \u043f\u043e\u0442\u0456\u043c \u043f\u0456\u0434\u0456\u0439\u0448\u043e\u0432\u0448\u0438 \u0456 \u0441\u043a\u043b\u0430\u0432\u0448\u0438 \u0456\u0441\u043f\u0438\u0442 \u043f\u0435\u0440\u0435\u0434 \u043a\u043e\u043c\u0456\u0441\u0456\u0454\u044e \u0423\u043f\u0440\u0430\u0432\u043b\u0456\u043d\u043d\u044f \u0442\u0435\u0445\u043d\u0456\u0447\u043d\u043e\u0433\u043e \u043d\u0430\u0433\u043b\u044f\u0434\u0443. \u0414\u043e\u0437\u0432\u043e\u043b\u0438 \u0434\u043b\u044f \u043c\u043e\u0441\u0442\u043e\u0432\u0438\u0445 \u043a\u0440\u0430\u043d\u0456\u0432, \u043d\u0430\u0434\u0430\u043d\u0456 \u043d\u0430 \u0442\u043e\u0439 \u0447\u0430\u0441, \u0454 \u0431\u0435\u0437\u0441\u0442\u0440\u043e\u043a\u043e\u0432\u0438\u043c\u0438 \u2013 \u0457\u0445 \u043d\u0435 \u043f\u043e\u0442\u0440\u0456\u0431\u043d\u043e \u043f\u043e\u043d\u043e\u0432\u043b\u044e\u0432\u0430\u0442\u0438 \u0442\u0430 \u043f\u0435\u0440\u0435\u0432\u0456\u0440\u044f\u0442\u0438.<\/p>\n<p>\u0417\u0430\u043f\u0440\u043e\u0448\u0443\u0454\u043c\u043e \u0412\u0430\u0441 \u043f\u0440\u043e\u0439\u0442\u0438 \u043f\u0456\u0434\u0433\u043e\u0442\u043e\u0432\u043a\u0443 \u0434\u043e \u0456\u0441\u043f\u0438\u0442\u0443 UDT \u0432 \u043d\u0430\u0448\u043e\u043c\u0443 \u0426\u0435\u043d\u0442\u0440\u0456 \u043f\u0456\u0434\u0432\u0438\u0449\u0435\u043d\u043d\u044f \u043a\u0432\u0430\u043b\u0456\u0444\u0456\u043a\u0430\u0446\u0456\u0457 \u043f\u0435\u0440\u0441\u043e\u043d\u0430\u043b\u0443 \"\u0415\u0420\u0413\u041e\u041d\" - \u043c\u0438 \u0437\u0430\u0431\u0435\u0437\u043f\u0435\u0447\u0443\u0454\u043c\u043e \u043a\u043e\u043c\u043f\u043b\u0435\u043a\u0441\u043d\u0443 \u0442\u0430 \u043f\u0440\u043e\u0444\u0435\u0441\u0456\u0439\u043d\u0443 \u043f\u0456\u0434\u0433\u043e\u0442\u043e\u0432\u043a\u0443 \u0434\u043e \u0456\u0441\u043f\u0438\u0442\u0443 \u0456 \u0433\u0430\u0440\u0430\u043d\u0442\u0443\u0454\u043c\u043e \u0432\u0438\u0441\u043e\u043a\u0438\u0439 \u0432\u0456\u0434\u0441\u043e\u0442\u043e\u043a \u0443\u0441\u043f\u0456\u0448\u043d\u043e\u0433\u043e \u0441\u043a\u043b\u0430\u0434\u0430\u043d\u043d\u044f. \u041c\u0438 \u043f\u0440\u0430\u0446\u044e\u0454\u043c\u043e \u0443 \u0412\u0430\u0440\u0448\u0430\u0432\u0456 \u0442\u0430 \u0432 \u043d\u0430\u0448\u0438\u0445 \u0440\u0435\u0433\u0456\u043e\u043d\u0430\u043b\u044c\u043d\u0438\u0445 \u0446\u0435\u043d\u0442\u0440\u0430\u0445. \u041d\u0438\u0437\u044c\u043a\u0438\u0439 <a href=\"https:\/\/odk-ergon.pl\/ua\/cennik\/\">\u0446\u0456\u043d\u0430<\/a>\u041f\u0440\u043e\u0444\u0435\u0441\u0456\u0439\u043d\u0435 \u043e\u0431\u0441\u043b\u0443\u0433\u043e\u0432\u0443\u0432\u0430\u043d\u043d\u044f, \u0432\u0438\u0441\u043e\u043a\u0430 \u043e\u043f\u0435\u0440\u0430\u0442\u0438\u0432\u043d\u0456\u0441\u0442\u044c - \u043d\u0430\u0448\u0456 \u0441\u0438\u043b\u044c\u043d\u0456 \u0441\u0442\u043e\u0440\u043e\u043d\u0438 - \u0440\u0435\u0454\u0441\u0442\u0440\u0443\u0439\u0442\u0435\u0441\u044f \u0432\u0436\u0435 \u0437\u0430\u0440\u0430\u0437!<\/p>\n<div class=\"button_styl\" style=\"float: right; padding-left: 15px; padding-bottom: 8px; margin-bottom: 5px;\"><a class=\"myButton myButton_maly\" href=\"https:\/\/platformaedukacji.pl\/login\/signup.php\" target=\"_blank\" rel=\"nofollow noopener noreferrer\"><span style=\"color: white;\">\u0417\u0430\u043f\u0438\u0448\u0456\u0442\u044c\u0441\u044f \u043d\u0430 \u043d\u0430\u0432\u0447\u0430\u043d\u043d\u044f<\/span><\/a><\/div>\n<div style=\"padding-top: 70px;\">\n<h2>\u0411\u0456\u043b\u044c\u0448\u0435 \u0456\u043d\u0444\u043e\u0440\u043c\u0430\u0446\u0456\u0457:<\/h2>\n<div style=\"text-align: center; font-size: 85%; line-height: 120%;\">\n<div style=\"float: left; margin-right: 40px; height: 290px;\">\n<p><a href=\"\/ua\/%d0%bd%d0%b0%d0%b2%d1%87%d0%b0%d0%bd%d0%bd%d1%8f\/%d0%bd%d0%b0%d0%b2%d1%87%d0%b0%d0%bd%d0%bd%d1%8f-%d0%bd%d0%b0-%d0%ba%d1%80%d0%b0%d0%bd%d0%b0%d1%85\/%d0%b4%d1%96%d1%8f-%d0%b7%d0%b0%d0%b1%d0%be%d1%80%d0%be%d0%bd%d0%b5%d0%bd%d0%be\/\"><img decoding=\"async\" style=\"width: 300px; height: 225px;\" src=\"\/wp-content\/uploads\/2017\/12\/zabronione_m.jpg\" alt=\"\" \/><\/a><\/p>\n<div style=\"width: 300px; font-size: 130%;\"><strong><a href=\"https:\/\/odk-ergon.pl\/ua\/szkolenia\/szkolenia-na-suwnice\/czynnosci-zabronione\/\">\u0417\u0430\u0431\u043e\u0440\u043e\u043d\u0435\u043d\u0430 \u0434\u0456\u044f\u043b\u044c\u043d\u0456\u0441\u0442\u044c<\/a><\/strong><\/div>\n<p>&nbsp;<\/p>\n<\/div>\n<div style=\"float: left; margin-right: 40px; height: 290px;\">\n<p><a href=\"\/ua\/%d0%bd%d0%b0%d0%b2%d1%87%d0%b0%d0%bd%d0%bd%d1%8f\/%d0%bd%d0%b0%d0%b2%d1%87%d0%b0%d0%bd%d0%bd%d1%8f-%d0%bd%d0%b0-%d0%ba%d1%80%d0%b0%d0%bd%d0%b0%d1%85\/%d0%ba%d1%80%d0%b0%d0%bd%d1%96%d0%b2%d0%bd%d0%b8%d0%ba\/\"><img decoding=\"async\" style=\"width: 300px; height: 225px;\" src=\"\/wp-content\/uploads\/2017\/12\/Foto-suwnice-200x150.jpg\" alt=\"\" \/><\/a><\/p>\n<div style=\"width: 300px; font-size: 130%;\"><strong>\u041a\u0440\u0430\u043d\u0456\u0432\u043d\u0438\u043a<\/strong><\/div>\n<p>&nbsp;<\/p>\n<\/div>\n<\/div>\n<div style=\"clear: both;\"><\/div>\n<div style=\"text-align: center; font-size: 85%; line-height: 120%;\">\n<div style=\"float: left; margin-right: 40px; height: 290px;\">\n<p><a href=\"\/ua\/%d0%bd%d0%b0%d0%b2%d1%87%d0%b0%d0%bd%d0%bd%d1%8f\/%d0%bd%d0%b0%d0%b2%d1%87%d0%b0%d0%bd%d0%bd%d1%8f-%d0%bd%d0%b0-%d0%ba%d1%80%d0%b0%d0%bd%d0%b0%d1%85\/%d0%be%d0%bf%d0%be%d1%80%d0%bd%d0%be-%d0%ba%d1%80%d0%b0%d0%bd%d0%be%d0%b2%d1%96-%d1%81%d0%bf%d0%be%d1%80%d1%83%d0%b4%d0%b8\/\"><img decoding=\"async\" style=\"width: 300px; height: 225px;\" src=\"\/wp-content\/uploads\/2017\/12\/220_Suwnica_bramowa_jaworzno-1-200x150.jpg\" alt=\"\" \/><\/a><\/p>\n<div style=\"width: 300px; font-size: 130%;\"><strong><a href=\"https:\/\/odk-ergon.pl\/ua\/szkolenia\/szkolenia-na-suwnice\/podstawowe-konstrukcje-suwnic\/\">\u041e\u0441\u043d\u043e\u0432\u043d\u0456 \u043a\u043e\u043d\u0441\u0442\u0440\u0443\u043a\u0446\u0456\u0457 \u043a\u0440\u0430\u043d\u0456\u0432<\/a><\/strong><\/div>\n<p>&nbsp;<\/p>\n<\/div>\n<div style=\"float: left; margin-right: 40px; height: 290px;\">\n<p><a href=\"\/ua\/%d0%bd%d0%b0%d0%b2%d1%87%d0%b0%d0%bd%d0%bd%d1%8f\/%d0%bd%d0%b0%d0%b2%d1%87%d0%b0%d0%bd%d0%bd%d1%8f-%d0%bd%d0%b0-%d0%ba%d1%80%d0%b0%d0%bd%d0%b0%d1%85\/%d0%bd%d0%be%d1%80%d0%bc%d0%b0%d1%82%d0%b8%d0%b2%d0%bd%d1%96-%d0%b0%d0%ba%d1%82%d0%b8\/\"><img decoding=\"async\" style=\"width: 300px; height: 225px;\" src=\"\/wp-content\/uploads\/2017\/12\/12-0-200x150.jpg\" alt=\"\" \/><\/a><\/p>\n<div style=\"width: 300px; font-size: 130%;\"><strong>\u041f\u0440\u0430\u0432\u0438\u043b\u0430 \u0432\u0438\u043a\u043e\u0440\u0438\u0441\u0442\u0430\u043d\u043d\u044f \u043c\u043e\u0441\u0442\u043e\u0432\u0438\u0445 \u043a\u0440\u0430\u043d\u0456\u0432<\/strong><\/div>\n<p>&nbsp;<\/p>\n<\/div>\n<\/div>\n<div style=\"text-align: center; font-size: 85%; line-height: 120%;\">\n<div style=\"float: left; margin-right: 40px; height: 290px;\">\n<p><a href=\"\/ua\/%d0%bd%d0%b0%d0%b2%d1%87%d0%b0%d0%bd%d0%bd%d1%8f\/%d0%bd%d0%b0%d0%b2%d1%87%d0%b0%d0%bd%d0%bd%d1%8f-%d0%bd%d0%b0-%d0%ba%d1%80%d0%b0%d0%bd%d0%b0%d1%85\/\"><img decoding=\"async\" style=\"width: 300px; height: 225px;\" src=\"\/wp-content\/uploads\/2014\/04\/suwnice.jpeg\" alt=\"\" \/><\/a><\/p>\n<div style=\"width: 300px; font-size: 130%;\"><strong><a href=\"https:\/\/odk-ergon.pl\/ua\/szkolenia\/szkolenia-na-suwnice\/uprawnienia\/\">\u041a\u0432\u0430\u043b\u0456\u0444\u0456\u043a\u0430\u0446\u0456\u044f UDT \u0434\u043b\u044f \u043c\u043e\u0441\u0442\u043e\u0432\u0438\u0445 \u043a\u0440\u0430\u043d\u0456\u0432<\/a><\/strong><\/div>\n<p>&nbsp;<\/p>\n<\/div>\n<\/div>\n<div style=\"text-align: center; font-size: 85%; line-height: 120%;\">\n<div style=\"float: left; margin-right: 40px; height: 290px;\">\n<p><a href=\"\/ua\/%d0%bd%d0%b0%d0%b2%d1%87%d0%b0%d0%bd%d0%bd%d1%8f\/%d0%bd%d0%b0%d0%b2%d1%87%d0%b0%d0%bd%d0%bd%d1%8f-%d0%bd%d0%b0-%d0%ba%d1%80%d0%b0%d0%bd%d0%b0%d1%85\/%d0%bf%d1%80%d0%b0%d0%b2%d0%b0\/\"><img decoding=\"async\" style=\"width: 300px; height: 225px;\" src=\"\/wp-content\/uploads\/2017\/10\/welder-working-at-height2-200x150.jpg\" alt=\"\" \/><\/a><\/p>\n<div style=\"width: 300px; font-size: 130%;\"><strong>\u041a\u0443\u0440\u0441 \u0434\u043b\u044f \u043c\u043e\u0441\u0442\u043e\u0432\u0438\u0445 \u043a\u0440\u0430\u043d\u0456\u0432<\/strong><\/div>\n<p>&nbsp;<\/p>\n<\/div>\n<\/div>\n<\/div>\n<p><a href=\"https:\/\/odk-ergon.pl\/wp-content\/uploads\/2022\/11\/32-suwnice-odk-ergon.pl_.png\"><img loading=\"lazy\" decoding=\"async\" class=\"aligncenter wp-image-2548\" src=\"https:\/\/odk-ergon.pl\/wp-content\/uploads\/2022\/11\/32-suwnice-odk-ergon.pl_-300x175.png\" alt=\"\" width=\"750\" height=\"438\" srcset=\"https:\/\/odk-ergon.pl\/wp-content\/uploads\/2022\/11\/32-suwnice-odk-ergon.pl_-300x175.png 300w, https:\/\/odk-ergon.pl\/wp-content\/uploads\/2022\/11\/32-suwnice-odk-ergon.pl_-1024x597.png 1024w, https:\/\/odk-ergon.pl\/wp-content\/uploads\/2022\/11\/32-suwnice-odk-ergon.pl_-768x448.png 768w, https:\/\/odk-ergon.pl\/wp-content\/uploads\/2022\/11\/32-suwnice-odk-ergon.pl_-18x12.png 18w, https:\/\/odk-ergon.pl\/wp-content\/uploads\/2022\/11\/32-suwnice-odk-ergon.pl_-624x364.png 624w, https:\/\/odk-ergon.pl\/wp-content\/uploads\/2022\/11\/32-suwnice-odk-ergon.pl_.png 1200w\" sizes=\"auto, (max-width: 750px) 100vw, 750px\" \/><\/a><\/p>","protected":false},"excerpt":{"rendered":"<p>Przepisy dotycz\u0105ce suwnic \u2013 UDT, BHP Suwnice to urz\u0105dzenia, kt\u00f3re podlegaj\u0105 dozorowi technicznemu. Osoby obs\u0142uguj\u0105ce suwnice musz\u0105 posiada\u0107 odpowiednie uprawnienia UDT oraz posiada\u0107 aktualne przeszkolenie BHP, aby wykonywa\u0107 swoje obowi\u0105zki zgodnie z przepisami. Przepisy dotycz\u0105ce eksploatacji suwnic zawieraj\u0105: Ustawa z dnia 21 grudnia 2000 r. o dozorze technicznym (Dz. U. Nr 122, poz. 1321, z p\u00f3\u017aniejszymi zmianami) Rozporz\u0105dzenie Ministra Gospodarki z dnia 18 lipca 2001 r. w sprawie trybu sprawdzania kwalifikacji wymaganych przy obs\u0142udze i konserwacji urz\u0105dze\u0144 technicznych (Dz. U. Nr 79, poz. 849), zmienione rozporz\u0105dzeniem z dnia 20 lutego 2003 r. (Dz. U. Nr 50, poz. 426), wydane na podstawie art. 23 ust. 5 ustawy o dozorze technicznym Rozporz\u0105dzenie Ministra Przedsi\u0119biorczo\u015bci i Technologii z dnia 30 pa\u017adziernika 2018 r. w sprawie warunk\u00f3w technicznych dozoru technicznego w zakresie eksploatacji, napraw i modernizacji urz\u0105dze\u0144 transportu bliskiego (Dz.U. 2018 poz. 2176) Rozporz\u0105dzenie Rady Ministr\u00f3w z dnia 7 grudnia 2012 r. w sprawie rodzaj\u00f3w urz\u0105dze\u0144 technicznych podlegaj\u0105cych dozorowi technicznemu (Dz. U. 2012 Nr 0 poz. 1468), wydane na podstawie art. 5 ust. 2 ustawy o dozorze technicznym Rozporz\u0105dzenie Ministra Gospodarki z dnia 27 listopada 2014 r. zmieniaj\u0105ce rozporz\u0105dzenie w sprawie wysoko\u015bci op\u0142at za czynno\u015bci jednostek dozoru technicznego (Dz. U. 2014 poz. 1675), wydane na podstawie art. 34 ust. 3 ustawy o dozorze technicznym Osoby chc\u0105ce rozpocz\u0105\u0107 prac\u0119 na suwnicy, musz\u0105 posiada\u0107 odpowiednie uprawnienia UDT zgodnie z przepisami prawa. Mo\u017cna uzyska\u0107 je poprzez zapisanie sia na kurs na suwnice, a nast\u0119pnie podej\u015bcie i zaliczenie egzaminu przed komisj\u0105 Urz\u0119du Dozoru Technicznego. Nadawane w\u00f3wczas uprawnienia na suwnice s\u0105 bezterminowe \u2013 nie [&hellip;]<\/p>\n","protected":false},"author":1,"featured_media":2531,"parent":1616,"menu_order":0,"comment_status":"closed","ping_status":"closed","template":"","meta":{"sfsi_plus_gutenberg_text_before_share":"","sfsi_plus_gutenberg_show_text_before_share":"","sfsi_plus_gutenberg_icon_type":"","sfsi_plus_gutenberg_icon_alignemt":"","sfsi_plus_gutenburg_max_per_row":"","footnotes":""},"class_list":["post-1618","page","type-page","status-publish","has-post-thumbnail","hentry","has_thumb"],"aioseo_notices":[],"_links":{"self":[{"href":"https:\/\/odk-ergon.pl\/ua\/wp-json\/wp\/v2\/pages\/1618","targetHints":{"allow":["GET"]}}],"collection":[{"href":"https:\/\/odk-ergon.pl\/ua\/wp-json\/wp\/v2\/pages"}],"about":[{"href":"https:\/\/odk-ergon.pl\/ua\/wp-json\/wp\/v2\/types\/page"}],"author":[{"embeddable":true,"href":"https:\/\/odk-ergon.pl\/ua\/wp-json\/wp\/v2\/users\/1"}],"replies":[{"embeddable":true,"href":"https:\/\/odk-ergon.pl\/ua\/wp-json\/wp\/v2\/comments?post=1618"}],"version-history":[{"count":10,"href":"https:\/\/odk-ergon.pl\/ua\/wp-json\/wp\/v2\/pages\/1618\/revisions"}],"predecessor-version":[{"id":2550,"href":"https:\/\/odk-ergon.pl\/ua\/wp-json\/wp\/v2\/pages\/1618\/revisions\/2550"}],"up":[{"embeddable":true,"href":"https:\/\/odk-ergon.pl\/ua\/wp-json\/wp\/v2\/pages\/1616"}],"wp:featuredmedia":[{"embeddable":true,"href":"https:\/\/odk-ergon.pl\/ua\/wp-json\/wp\/v2\/media\/2531"}],"wp:attachment":[{"href":"https:\/\/odk-ergon.pl\/ua\/wp-json\/wp\/v2\/media?parent=1618"}],"curies":[{"name":"wp","href":"https:\/\/api.w.org\/{rel}","templated":true}]}}