{"id":1620,"date":"2017-12-04T15:44:39","date_gmt":"2017-12-04T15:44:39","guid":{"rendered":"http:\/\/odk-ergon.pl\/?page_id=1620"},"modified":"2022-11-24T13:03:50","modified_gmt":"2022-11-24T12:03:50","slug":"%d0%be%d0%bf%d0%be%d1%80%d0%bd%d0%be-%d0%ba%d1%80%d0%b0%d0%bd%d0%be%d0%b2%d1%96-%d1%81%d0%bf%d0%be%d1%80%d1%83%d0%b4%d0%b8","status":"publish","type":"page","link":"https:\/\/odk-ergon.pl\/ua\/szkolenia\/szkolenia-na-suwnice\/podstawowe-konstrukcje-suwnic\/","title":{"rendered":"\u041e\u0441\u043d\u043e\u0432\u043d\u0456 \u043a\u043e\u043d\u0441\u0442\u0440\u0443\u043a\u0446\u0456\u0457 \u043a\u0440\u0430\u043d\u0456\u0432"},"content":{"rendered":"<div style=\"float: left; margin-right: 5px; margin-bottom: 10px; text-align: justify;\"><div id=\"metaslider-id-1679\" style=\"max-width: 200px;\" class=\"ml-slider-3-108-0 metaslider metaslider-flex metaslider-1679 ml-slider ms-theme-default nav-hidden\" role=\"region\" aria-label=\"crane5\" data-height=\"150\" data-width=\"200\">\n    <div id=\"metaslider_container_1679\">\n        <div id=\"metaslider_1679\" class=\"flexslider\">\n            <ul class='slides'>\n                <li style=\"display: block; width: 100%;\" class=\"slide-1680 ms-image\" aria-roledescription=\"slide\" data-date=\"2017-12-18 13:31:22\" data-filename=\"220_Suwnica_bramowa_jaworzno-1-200x150.jpg\" data-slide-type=\"image\"><img loading=\"lazy\" decoding=\"async\" src=\"https:\/\/odk-ergon.pl\/wp-content\/uploads\/2017\/12\/220_Suwnica_bramowa_jaworzno-1-200x150.jpg\" height=\"150\" width=\"200\" alt=\"\" class=\"slider-1679 slide-1680 msDefaultImage\" \/><\/li>\n                <li style=\"display: none; width: 100%;\" class=\"slide-1681 ms-image\" aria-roledescription=\"slide\" data-date=\"2017-12-18 13:31:22\" data-filename=\"dscf1492_deb-200x150.jpg\" data-slide-type=\"image\"><img loading=\"lazy\" decoding=\"async\" src=\"https:\/\/odk-ergon.pl\/wp-content\/uploads\/2017\/12\/dscf1492_deb-200x150.jpg\" height=\"150\" width=\"200\" alt=\"\" class=\"slider-1679 slide-1681 msDefaultImage\" \/><\/li>\n                <li style=\"display: none; width: 100%;\" class=\"slide-1682 ms-image\" aria-roledescription=\"slide\" data-date=\"2017-12-18 13:31:22\" data-filename=\"foto2-suwnice-200x150.jpg\" data-slide-type=\"image\"><img loading=\"lazy\" decoding=\"async\" src=\"https:\/\/odk-ergon.pl\/wp-content\/uploads\/2017\/12\/foto2-suwnice-200x150.jpg\" height=\"150\" width=\"200\" alt=\"\" class=\"slider-1679 slide-1682 msDefaultImage\" \/><\/li>\n                <li style=\"display: none; width: 100%;\" class=\"slide-1683 ms-image\" aria-roledescription=\"slide\" data-date=\"2017-12-18 13:31:22\" data-filename=\"images-1-200x150.jpg\" data-slide-type=\"image\"><img loading=\"lazy\" decoding=\"async\" src=\"https:\/\/odk-ergon.pl\/wp-content\/uploads\/2017\/12\/images-1-200x150.jpg\" height=\"150\" width=\"200\" alt=\"\" class=\"slider-1679 slide-1683 msDefaultImage\" \/><\/li>\n                <li style=\"display: none; width: 100%;\" class=\"slide-1684 ms-image\" aria-roledescription=\"slide\" data-date=\"2017-12-18 13:31:22\" data-filename=\"CSU-Bryndal-2-e1509213597100-200x150.jpg\" data-slide-type=\"image\"><img loading=\"lazy\" decoding=\"async\" src=\"https:\/\/odk-ergon.pl\/wp-content\/uploads\/2017\/12\/CSU-Bryndal-2-e1509213597100-200x150.jpg\" height=\"150\" width=\"200\" alt=\"\" class=\"slider-1679 slide-1684 msDefaultImage\" \/><div class=\"caption-wrap\"><div class=\"caption\">\u0416\u043e\u0432\u0442\u0438\u0439 \u043c\u043e\u0441\u0442\u043e\u0432\u0438\u0439 \u043a\u0440\u0430\u043d \u0434\u043b\u044f \u0437\u0430\u0432\u043e\u0434\u0443<\/div><\/div><\/li>\n            <\/ul>\n        <\/div>\n        \n    <\/div>\n<\/div><\/div>\n<p><strong>\u0422\u0438\u043f\u0438 \u043a\u0440\u0430\u043d\u0456\u0432 <\/strong><\/p>\n<p>\u041a\u0440\u0430\u043d\u0438 - \u0446\u0435 \u043f\u0440\u0438\u0441\u0442\u0440\u043e\u0457, \u0449\u043e \u0432\u0456\u0434\u043d\u043e\u0441\u044f\u0442\u044c\u0441\u044f \u0434\u043e \u043a\u0440\u0430\u043d\u0456\u0432, \u0442\u043e\u0431\u0442\u043e \u043f\u0440\u0438\u0437\u043d\u0430\u0447\u0435\u043d\u0456 \u0434\u043b\u044f \u0432\u0435\u0440\u0442\u0438\u043a\u0430\u043b\u044c\u043d\u043e\u0433\u043e \u0456 \u0433\u043e\u0440\u0438\u0437\u043e\u043d\u0442\u0430\u043b\u044c\u043d\u043e\u0433\u043e \u043f\u0435\u0440\u0435\u043c\u0456\u0449\u0435\u043d\u043d\u044f \u0432\u0430\u043d\u0442\u0430\u0436\u0456\u0432. \u0417\u0430\u0432\u0434\u044f\u043a\u0438 \u0441\u0432\u043e\u0457\u0439 \u043a\u043e\u043d\u0441\u0442\u0440\u0443\u043a\u0446\u0456\u0457 \u043a\u0440\u0430\u043d\u0438 \u0434\u043e\u0437\u0432\u043e\u043b\u044f\u044e\u0442\u044c \u043f\u0435\u0440\u0435\u043c\u0456\u0449\u0443\u0432\u0430\u0442\u0438 \u0432\u0430\u043d\u0442\u0430\u0436\u0456, \u043f\u0456\u0434\u043d\u0456\u043c\u0430\u044e\u0447\u0438 \u0442\u0430 \u043e\u043f\u0443\u0441\u043a\u0430\u044e\u0447\u0438 \u0457\u0445 \u0443 \u043c\u0435\u0436\u0430\u0445 \u043f\u0440\u043e\u0441\u0442\u043e\u0440\u0443, \u0432\u0438\u0437\u043d\u0430\u0447\u0435\u043d\u043e\u0433\u043e \u043a\u043e\u043d\u0441\u0442\u0440\u0443\u043a\u0446\u0456\u0454\u044e \u0442\u0430 \u043a\u043e\u043b\u0456\u0454\u044e.<\/p>\n<p><strong>\u0406\u0441\u043d\u0443\u0454 \u0442\u0440\u0438 \u043e\u0441\u043d\u043e\u0432\u043d\u0438\u0445 \u0442\u0438\u043f\u0438 \u043a\u0440\u0430\u043d\u0456\u0432: <\/strong><\/p>\n<ul>\n<li>\u043c\u0456\u0441\u0442 (\u0434\u043e\u0440\u043e\u0433\u0430)<\/li>\n<li>\u043f\u043e\u0440\u0442\u0430\u043b\u044c\u043d\u0438\u0439<\/li>\n<li>\u043f\u0440\u0438\u0437\u0443\u043f\u0438\u043d\u0435\u043d\u043e<\/li>\n<\/ul>\n<p>\u041a\u043e\u0437\u043b\u043e\u0432\u0456 \u043a\u0440\u0430\u043d\u0438 \u0432\u0456\u0434\u0440\u0456\u0437\u043d\u044f\u044e\u0442\u044c\u0441\u044f \u043a\u043e\u043d\u0441\u0442\u0440\u0443\u043a\u0446\u0456\u0454\u044e \u0456 \u043c\u0456\u0441\u0446\u0435\u043c \u0441\u043a\u043b\u0430\u0434\u0430\u043d\u043d\u044f. \u041d\u0430\u0439\u0447\u0430\u0441\u0442\u0456\u0448\u0435 \u0432\u043e\u043d\u0438 \u0432\u0438\u043a\u043e\u0440\u0438\u0441\u0442\u043e\u0432\u0443\u044e\u0442\u044c\u0441\u044f \u0432 \u043f\u0440\u043e\u043c\u0438\u0441\u043b\u043e\u0432\u0438\u0445 \u0446\u0435\u0445\u0430\u0445, \u043f\u043e\u043b\u0456\u0433\u043e\u043d\u0430\u0445, \u0437\u0430\u043b\u0456\u0437\u043d\u0438\u0447\u043d\u0438\u0445 \u043f\u0456\u0434\u2019\u0457\u0437\u0434\u0430\u0445 \u0456 \u0432\u0435\u0440\u0444\u044f\u0445. \u0417\u0430\u043b\u0435\u0436\u043d\u043e \u0432\u0456\u0434 \u0442\u0438\u043f\u0443 \u043a\u0440\u0430\u043d\u0430 \u043e\u043f\u0435\u0440\u0430\u0442\u043e\u0440 \u043c\u043e\u0436\u0435 \u043a\u0435\u0440\u0443\u0432\u0430\u0442\u0438 \u043d\u0438\u043c \u0437 \u0440\u0456\u0432\u043d\u044f \u0437\u0435\u043c\u043b\u0456 \u0430\u0431\u043e \u0437 \u043a\u0430\u0431\u0456\u043d\u0438 \u043e\u043f\u0435\u0440\u0430\u0442\u043e\u0440\u0430. \u0423\u043f\u0440\u0430\u0432\u043b\u0456\u043d\u043d\u044f \u043c\u043e\u0436\u0435 \u0431\u0443\u0442\u0438 \u0434\u0440\u043e\u0442\u043e\u0432\u0438\u043c \u0430\u0431\u043e \u0431\u0435\u0437\u0434\u0440\u043e\u0442\u043e\u0432\u0438\u043c.<\/p>\n<div class=\"filmw\">\n<div class=\"responsive-youtube\" style=\"text-align: center;\"><iframe loading=\"lazy\" title=\"\u0412\u0456\u0434\u0435\u043e\u043f\u043b\u0435\u0454\u0440 YouTube\" src=\"https:\/\/www.youtube.com\/embed\/sfP7oV2iCs4\" width=\"560\" height=\"315\" frameborder=\"0\" allowfullscreen=\"allowfullscreen\"><\/iframe><\/div>\n<\/div>\n<p><strong>\u041c\u043e\u0441\u0442\u043e\u0432\u0438\u0439 \u043a\u0440\u0430\u043d <\/strong><br \/>\n\u041c\u043e\u0441\u0442\u043e\u0432\u0438\u0439 \u043a\u0440\u0430\u043d, \u044f\u043a\u0438\u0439 \u0442\u0430\u043a\u043e\u0436 \u043d\u0430\u0437\u0438\u0432\u0430\u044e\u0442\u044c \u043a\u043e\u043b\u0456\u0439\u043d\u0438\u043c, \u0432 \u043e\u0441\u043d\u043e\u0432\u043d\u043e\u043c\u0443 \u0432\u0438\u043a\u043e\u0440\u0438\u0441\u0442\u043e\u0432\u0443\u0454\u0442\u044c\u0441\u044f \u0432 \u043f\u0440\u043e\u043c\u0438\u0441\u043b\u043e\u0432\u0438\u0445 \u0446\u0435\u0445\u0430\u0445. \u041c\u043e\u0441\u0442\u043e\u0432\u0438\u0439 \u043a\u0440\u0430\u043d \u044f\u0432\u043b\u044f\u0454 \u0441\u043e\u0431\u043e\u044e \u0444\u0435\u0440\u043c\u0435\u043d\u043d\u0438\u0439 \u043c\u0456\u0441\u0442 \u043d\u0430 \u0440\u0435\u0439\u043a\u0430\u0445, \u043f\u043e \u044f\u043a\u043e\u043c\u0443 \u0440\u0443\u0445\u0430\u0454\u0442\u044c\u0441\u044f \u0442\u0440\u0430\u043a\u0442\u043e\u0440 (\u043f\u0456\u0434\u0439\u043e\u043c\u043d\u0438\u0439 \u043f\u0440\u0438\u0441\u0442\u0440\u0456\u0439, \u0449\u043e \u0432\u0438\u043a\u043e\u0440\u0438\u0441\u0442\u043e\u0432\u0443\u0454\u0442\u044c\u0441\u044f \u0434\u043b\u044f \u043f\u0435\u0440\u0435\u043c\u0456\u0449\u0435\u043d\u043d\u044f \u0432\u0430\u043d\u0442\u0430\u0436\u0456\u0432).<\/p>\n<p><a href=\"https:\/\/odk-ergon.pl\/wp-content\/uploads\/2022\/10\/2.jpeg\"><img loading=\"lazy\" decoding=\"async\" class=\"alignright size-medium wp-image-2528\" src=\"https:\/\/odk-ergon.pl\/wp-content\/uploads\/2022\/10\/2-300x200.jpeg\" alt=\"\" width=\"300\" height=\"200\" srcset=\"https:\/\/odk-ergon.pl\/wp-content\/uploads\/2022\/10\/2-300x200.jpeg 300w, https:\/\/odk-ergon.pl\/wp-content\/uploads\/2022\/10\/2-1024x683.jpeg 1024w, https:\/\/odk-ergon.pl\/wp-content\/uploads\/2022\/10\/2-768x512.jpeg 768w, https:\/\/odk-ergon.pl\/wp-content\/uploads\/2022\/10\/2-1536x1024.jpeg 1536w, https:\/\/odk-ergon.pl\/wp-content\/uploads\/2022\/10\/2-18x12.jpeg 18w, https:\/\/odk-ergon.pl\/wp-content\/uploads\/2022\/10\/2-624x416.jpeg 624w, https:\/\/odk-ergon.pl\/wp-content\/uploads\/2022\/10\/2.jpeg 1600w\" sizes=\"auto, (max-width: 300px) 100vw, 300px\" \/><\/a><\/p>\n<p><strong>\u041a\u043e\u0437\u043b\u043e\u0432\u0438\u0439 \u043a\u0440\u0430\u043d <\/strong><br \/>\n\u041a\u043e\u0437\u043b\u043e\u0432\u0456 \u043a\u0440\u0430\u043d\u0438 - \u0442\u0430\u043a\u043e\u0436 \u0432\u0456\u0434\u043e\u043c\u0456 \u044f\u043a \u043a\u043e\u0437\u043b\u043e\u0432\u0456 \u043a\u0440\u0430\u043d\u0438, \u0437\u043d\u0430\u0445\u043e\u0434\u044f\u0442\u044c\u0441\u044f \u043f\u0435\u0440\u0435\u0432\u0430\u0436\u043d\u043e \u043d\u0430 \u0432\u0443\u043b\u0438\u0446\u0456. \u041c\u0430\u044e\u0442\u044c \u0432\u0435\u043b\u0438\u043a\u0456 \u0433\u0430\u0431\u0430\u0440\u0438\u0442\u0438 \u0456 \u0432\u0438\u043a\u043e\u0440\u0438\u0441\u0442\u043e\u0432\u0443\u044e\u0442\u044c\u0441\u044f \u0434\u043b\u044f \u043f\u0435\u0440\u0435\u0432\u0435\u0437\u0435\u043d\u043d\u044f \u0432\u0435\u043b\u0438\u043a\u0438\u0445 \u0432\u0430\u043d\u0442\u0430\u0436\u0456\u0432. \u0412\u043e\u043d\u0438 \u0441\u043a\u043b\u0430\u0434\u0430\u044e\u0442\u044c\u0441\u044f \u0437 \u043f\u043b\u0430\u0442\u0444\u043e\u0440\u043c\u0438, \u043f\u0456\u0434\u0432\u0456\u0448\u0435\u043d\u043e\u0457 \u043d\u0430 \u0431\u0456\u0447\u043d\u0438\u0445 \u043c\u0456\u0441\u0442\u043a\u0430\u0445, \u0456 \u043c\u043e\u0436\u0443\u0442\u044c \u043c\u0430\u0442\u0438 \u0434\u0432\u043e\u0454 \u0430\u0431\u043e \u0431\u0456\u043b\u044c\u0448\u0435 \u0432\u043e\u0440\u0456\u0442. \u0423 \u0432\u0438\u043f\u0430\u0434\u043a\u0443 \u0437 \u043f\u043e\u0440\u0442\u0430\u043b\u044c\u043d\u0438\u043c\u0438 \u043a\u0440\u0430\u043d\u0430\u043c\u0438 \u0432\u043e\u0440\u043e\u0442\u0430 \u043c\u043e\u0436\u0443\u0442\u044c \u0431\u0443\u0442\u0438 \u043a\u0440\u0443\u0433\u043b\u0438\u043c\u0438 \u0430\u0431\u043e \u043c\u043e\u043d\u0442\u0443\u0432\u0430\u0442\u0438\u0441\u044f \u043d\u0430 \u0440\u0435\u0439\u043a\u0430\u0445. \u042f\u043a \u0456 \u0432 \u0456\u043d\u0448\u0438\u0445 \u0432\u0438\u0434\u0430\u0445 \u043e\u0431\u043b\u0430\u0434\u043d\u0430\u043d\u043d\u044f, \u043d\u0430 \u043f\u043e\u0440\u0442\u0430\u043b\u044c\u043d\u0456\u0439 \u043f\u0430\u043b\u0443\u0431\u0456 \u0454 \u043a\u0440\u0430\u043d.<\/p>\n<p><strong>\u041f\u0456\u0434\u0432\u0456\u0441\u043d\u0438\u0439 \u043a\u0440\u0430\u043d <\/strong><br \/>\n\u041f\u0456\u0434\u0432\u0456\u0441\u043d\u0456 \u043a\u0440\u0430\u043d\u0438 \u043f\u0440\u0438\u0437\u043d\u0430\u0447\u0435\u043d\u0456 \u0434\u043b\u044f \u0443\u0441\u0442\u0430\u043d\u043e\u0432\u043a\u0438 \u043f\u0456\u0434 \u043a\u043e\u043d\u0441\u0442\u0440\u0443\u043a\u0446\u0456\u0454\u044e \u0434\u0430\u0445\u0443. \u0412\u043e\u043d\u0438 \u0437\u0430\u0439\u043c\u0430\u044e\u0442\u044c \u043c\u0435\u043d\u0448\u0435 \u043c\u0456\u0441\u0446\u044f \u0456 \u0434\u043e\u0437\u0432\u043e\u043b\u044f\u044e\u0442\u044c \u043e\u043f\u0442\u0438\u043c\u0430\u043b\u044c\u043d\u043e \u0432\u0438\u043a\u043e\u0440\u0438\u0441\u0442\u043e\u0432\u0443\u0432\u0430\u0442\u0438 \u0432\u0438\u0441\u043e\u0442\u0443 \u043a\u0456\u043c\u043d\u0430\u0442. \u0421\u0443\u0447\u0430\u0441\u043d\u0456 \u043f\u0456\u0434\u0432\u0456\u0441\u043d\u0456 \u043a\u0440\u0430\u043d\u0438 \u0437\u0430\u0437\u0432\u0438\u0447\u0430\u0439 \u043c\u0430\u044e\u0442\u044c \u043c\u043e\u0434\u0443\u043b\u044c\u043d\u0443 \u043a\u043e\u043d\u0441\u0442\u0440\u0443\u043a\u0446\u0456\u044e.<\/p>\n<p>\u0417\u0430\u043f\u0440\u043e\u0448\u0443\u0454\u043c\u043e \u0412\u0430\u0441 \u0432\u0437\u044f\u0442\u0438 \u0443\u0447\u0430\u0441\u0442\u044c \u0443 \u043d\u0430\u0448\u0438\u0445 \u043a\u0443\u0440\u0441\u0430\u0445 \u043d\u0430\u0432\u0447\u0430\u043d\u043d\u044f \u043d\u0430 \u043c\u043e\u0441\u0442\u043e\u0432\u0438\u0445 \u043a\u0440\u0430\u043d\u0430\u0445 \u0437\u0430 \u0430\u0434\u0440\u0435\u0441\u043e\u044e <a href=\"https:\/\/odk-ergon.pl\/ua\/o-firmie\/\">\u0426\u0435\u043d\u0442\u0440 \u043f\u0456\u0434\u0433\u043e\u0442\u043e\u0432\u043a\u0438 \u043f\u0435\u0440\u0441\u043e\u043d\u0430\u043b\u0443 \u0415\u0420\u0413\u041e\u041d<\/a>! \u041c\u0438 \u043f\u0440\u043e\u0432\u043e\u0434\u0438\u043c\u043e \u0437\u0430\u043d\u044f\u0442\u0442\u044f \u0443 \u0412\u0430\u0440\u0448\u0430\u0432\u0456 \u0442\u0430 \u0456\u043d\u0448\u0438\u0445 \u043c\u0456\u0441\u0442\u0430\u0445 \u041f\u043e\u043b\u044c\u0449\u0456. \u0417\u0430\u043f\u0440\u043e\u0448\u0443\u0454\u043c\u043e \u0412\u0430\u0441 \u0437\u0430\u043f\u0438\u0441\u0430\u0442\u0438\u0441\u044f \u043d\u0430 \u043a\u0443\u0440\u0441 \u043f\u043e \u043a\u0440\u0430\u043d\u0430\u043c. <a href=\"https:\/\/odk-ergon.pl\/ua\/cennik\/\">\u0446\u0456\u043d\u0430<\/a>\u0437 \u0434\u0430\u0442\u0430\u043c\u0438 \u0442\u0430 \u043c\u0456\u0441\u0446\u044f\u043c\u0438 \u043f\u0440\u043e\u0432\u0435\u0434\u0435\u043d\u043d\u044f \u043c\u043e\u0436\u043d\u0430 \u043e\u0437\u043d\u0430\u0439\u043e\u043c\u0438\u0442\u0438\u0441\u044f \u043d\u0430 \u043d\u0430\u0448\u043e\u043c\u0443 \u0441\u0430\u0439\u0442\u0456. \u0423 \u0440\u0430\u0437\u0456 \u0432\u0438\u043d\u0438\u043a\u043d\u0435\u043d\u043d\u044f \u043f\u0438\u0442\u0430\u043d\u044c, \u0431\u0443\u0434\u044c \u043b\u0430\u0441\u043a\u0430, \u0437\u0432\u0435\u0440\u0442\u0430\u0439\u0442\u0435\u0441\u044f \u0434\u043e \u043d\u0430\u0441.<\/p>\n<div class=\"button_styl\" style=\"float: right; padding-left: 15px; padding-bottom: 8px; margin-bottom: 5px;\"><a class=\"myButton myButton_maly\" href=\"https:\/\/platformaedukacji.pl\/login\/signup.php\" target=\"_blank\" rel=\"nofollow noopener\"><span style=\"color: white;\">\u0417\u0430\u043f\u0438\u0448\u0456\u0442\u044c\u0441\u044f \u043d\u0430 \u043d\u0430\u0432\u0447\u0430\u043d\u043d\u044f<\/span><\/a><\/div>\n<div style=\"padding-top: 70px;\">\n<h2>\u0411\u0456\u043b\u044c\u0448\u0435 \u0456\u043d\u0444\u043e\u0440\u043c\u0430\u0446\u0456\u0457:<\/h2>\n<div style=\"text-align: center; font-size: 85%; line-height: 120%;\">\n<div style=\"float: left; margin-right: 40px; height: 290px;\">\n<p><a href=\"\/ua\/%d0%bd%d0%b0%d0%b2%d1%87%d0%b0%d0%bd%d0%bd%d1%8f\/%d0%bd%d0%b0%d0%b2%d1%87%d0%b0%d0%bd%d0%bd%d1%8f-%d0%bd%d0%b0-%d0%ba%d1%80%d0%b0%d0%bd%d0%b0%d1%85\/%d0%b4%d1%96%d1%8f-%d0%b7%d0%b0%d0%b1%d0%be%d1%80%d0%be%d0%bd%d0%b5%d0%bd%d0%be\/\"><img decoding=\"async\" style=\"width: 300px; height: 225px;\" src=\"\/wp-content\/uploads\/2017\/12\/zabronione_m.jpg\" alt=\"\" \/><\/a><\/p>\n<div style=\"width: 300px; font-size: 130%;\"><strong><a href=\"https:\/\/odk-ergon.pl\/ua\/szkolenia\/szkolenia-na-suwnice\/czynnosci-zabronione\/\">\u0417\u0430\u0431\u043e\u0440\u043e\u043d\u0435\u043d\u0430 \u0434\u0456\u044f\u043b\u044c\u043d\u0456\u0441\u0442\u044c<\/a><\/strong><\/div>\n<p>&nbsp;<\/p>\n<\/div>\n<div style=\"float: left; margin-right: 40px; height: 290px;\">\n<p><a href=\"\/ua\/%d0%bd%d0%b0%d0%b2%d1%87%d0%b0%d0%bd%d0%bd%d1%8f\/%d0%bd%d0%b0%d0%b2%d1%87%d0%b0%d0%bd%d0%bd%d1%8f-%d0%bd%d0%b0-%d0%ba%d1%80%d0%b0%d0%bd%d0%b0%d1%85\/%d0%ba%d1%80%d0%b0%d0%bd%d1%96%d0%b2%d0%bd%d0%b8%d0%ba\/\"><img decoding=\"async\" style=\"width: 300px; height: 225px;\" src=\"\/wp-content\/uploads\/2017\/12\/Foto-suwnice-200x150.jpg\" alt=\"\" \/><\/a><\/p>\n<div style=\"width: 300px; font-size: 130%;\"><strong>\u041a\u0440\u0430\u043d\u0456\u0432\u043d\u0438\u043a<\/strong><\/div>\n<p>&nbsp;<\/p>\n<\/div>\n<\/div>\n<div style=\"clear: both;\"><\/div>\n<div style=\"text-align: center; font-size: 85%; line-height: 120%;\">\n<div style=\"float: left; margin-right: 40px; height: 290px;\">\n<p><a href=\"\/ua\/%d0%bd%d0%b0%d0%b2%d1%87%d0%b0%d0%bd%d0%bd%d1%8f\/%d0%bd%d0%b0%d0%b2%d1%87%d0%b0%d0%bd%d0%bd%d1%8f-%d0%bd%d0%b0-%d0%ba%d1%80%d0%b0%d0%bd%d0%b0%d1%85\/%d0%be%d0%bf%d0%be%d1%80%d0%bd%d0%be-%d0%ba%d1%80%d0%b0%d0%bd%d0%be%d0%b2%d1%96-%d1%81%d0%bf%d0%be%d1%80%d1%83%d0%b4%d0%b8\/\"><img decoding=\"async\" style=\"width: 300px; height: 225px;\" src=\"\/wp-content\/uploads\/2017\/12\/220_Suwnica_bramowa_jaworzno-1-200x150.jpg\" alt=\"\" \/><\/a><\/p>\n<div style=\"width: 300px; font-size: 130%;\"><strong>\u041e\u0441\u043d\u043e\u0432\u043d\u0456 \u043a\u043e\u043d\u0441\u0442\u0440\u0443\u043a\u0446\u0456\u0457 \u043a\u0440\u0430\u043d\u0456\u0432<\/strong><\/div>\n<p>&nbsp;<\/p>\n<\/div>\n<div style=\"float: left; margin-right: 40px; height: 290px;\">\n<p><a href=\"\/ua\/%d0%bd%d0%b0%d0%b2%d1%87%d0%b0%d0%bd%d0%bd%d1%8f\/%d0%bd%d0%b0%d0%b2%d1%87%d0%b0%d0%bd%d0%bd%d1%8f-%d0%bd%d0%b0-%d0%ba%d1%80%d0%b0%d0%bd%d0%b0%d1%85\/%d0%bd%d0%be%d1%80%d0%bc%d0%b0%d1%82%d0%b8%d0%b2%d0%bd%d1%96-%d0%b0%d0%ba%d1%82%d0%b8\/\"><img decoding=\"async\" style=\"width: 300px; height: 225px;\" src=\"\/wp-content\/uploads\/2017\/12\/12-0-200x150.jpg\" alt=\"\" \/><\/a><\/p>\n<div style=\"width: 300px; font-size: 130%;\"><strong>\u041f\u043e\u043b\u043e\u0436\u0435\u043d\u043d\u044f, \u0449\u043e \u0441\u0442\u043e\u0441\u0443\u044e\u0442\u044c\u0441\u044f <a href=\"https:\/\/odk-ergon.pl\/ua\/szkolenia\/szkolenia-na-suwnice\/przepisy\/\">\u0432\u0438\u043a\u043e\u0440\u0438\u0441\u0442\u0430\u043d\u043d\u044f \u043c\u043e\u0441\u0442\u043e\u0432\u0438\u0445 \u043a\u0440\u0430\u043d\u0456\u0432<\/a><\/strong><\/div>\n<p>&nbsp;<\/p>\n<\/div>\n<\/div>\n<div style=\"text-align: center; font-size: 85%; line-height: 120%;\">\n<div style=\"float: left; margin-right: 40px; height: 290px;\">\n<p><a href=\"\/ua\/%d0%bd%d0%b0%d0%b2%d1%87%d0%b0%d0%bd%d0%bd%d1%8f\/%d0%bd%d0%b0%d0%b2%d1%87%d0%b0%d0%bd%d0%bd%d1%8f-%d0%bd%d0%b0-%d0%ba%d1%80%d0%b0%d0%bd%d0%b0%d1%85\/\"><img decoding=\"async\" style=\"width: 300px; height: 225px;\" src=\"\/wp-content\/uploads\/2014\/04\/suwnice.jpeg\" alt=\"\" \/><\/a><\/p>\n<div style=\"width: 300px; font-size: 130%;\"><strong><a href=\"https:\/\/odk-ergon.pl\/ua\/szkolenia\/szkolenia-na-suwnice\/uprawnienia\/\">\u041a\u0432\u0430\u043b\u0456\u0444\u0456\u043a\u0430\u0446\u0456\u044f UDT \u0434\u043b\u044f \u043c\u043e\u0441\u0442\u043e\u0432\u0438\u0445 \u043a\u0440\u0430\u043d\u0456\u0432<\/a><\/strong><\/div>\n<p>&nbsp;<\/p>\n<\/div>\n<\/div>\n<div style=\"text-align: center; font-size: 85%; line-height: 120%;\">\n<div style=\"float: left; margin-right: 40px; height: 290px;\">\n<p><a href=\"\/ua\/%d0%bd%d0%b0%d0%b2%d1%87%d0%b0%d0%bd%d0%bd%d1%8f\/%d0%bd%d0%b0%d0%b2%d1%87%d0%b0%d0%bd%d0%bd%d1%8f-%d0%bd%d0%b0-%d0%ba%d1%80%d0%b0%d0%bd%d0%b0%d1%85\/%d0%bf%d1%80%d0%b0%d0%b2%d0%b0\/\"><img decoding=\"async\" style=\"width: 300px; height: 225px;\" src=\"\/wp-content\/uploads\/2017\/10\/welder-working-at-height2-200x150.jpg\" alt=\"\" \/><\/a><\/p>\n<div style=\"width: 300px; font-size: 130%;\"><strong>\u041a\u0443\u0440\u0441 \u0434\u043b\u044f \u043c\u043e\u0441\u0442\u043e\u0432\u0438\u0445 \u043a\u0440\u0430\u043d\u0456\u0432<\/strong><\/div>\n<p>&nbsp;<\/p>\n<\/div>\n<\/div>\n<\/div>\n<p><a href=\"https:\/\/odk-ergon.pl\/wp-content\/uploads\/2022\/11\/32-suwnice-odk-ergon.pl_.png\"><img loading=\"lazy\" decoding=\"async\" class=\"aligncenter wp-image-2548\" src=\"https:\/\/odk-ergon.pl\/wp-content\/uploads\/2022\/11\/32-suwnice-odk-ergon.pl_-300x175.png\" alt=\"\" width=\"750\" height=\"438\" srcset=\"https:\/\/odk-ergon.pl\/wp-content\/uploads\/2022\/11\/32-suwnice-odk-ergon.pl_-300x175.png 300w, https:\/\/odk-ergon.pl\/wp-content\/uploads\/2022\/11\/32-suwnice-odk-ergon.pl_-1024x597.png 1024w, https:\/\/odk-ergon.pl\/wp-content\/uploads\/2022\/11\/32-suwnice-odk-ergon.pl_-768x448.png 768w, https:\/\/odk-ergon.pl\/wp-content\/uploads\/2022\/11\/32-suwnice-odk-ergon.pl_-18x12.png 18w, https:\/\/odk-ergon.pl\/wp-content\/uploads\/2022\/11\/32-suwnice-odk-ergon.pl_-624x364.png 624w, https:\/\/odk-ergon.pl\/wp-content\/uploads\/2022\/11\/32-suwnice-odk-ergon.pl_.png 1200w\" sizes=\"auto, (max-width: 750px) 100vw, 750px\" \/><\/a><\/p>","protected":false},"excerpt":{"rendered":"<p>Rodzaje suwnic Suwnice s\u0105 urz\u0105dzeniami zaliczanymi do d\u017awignic, czyli przeznaczone s\u0105 do przemieszczania pionowego i poziomego \u0142adunk\u00f3w. Dzi\u0119ki swojej konstrukcji suwnice umo\u017cliwiaj\u0105 przemieszczanie \u0142adunk\u00f3w poprzez ich podnoszenie i opuszczanie na przestrzeni wyznaczonej konstrukcj\u0105 oraz torem jazdy. Wyr\u00f3\u017cniamy trzy g\u0142\u00f3wne rodzaje suwnic: pomostowa (natorowa) bramowa podwieszona Suwnice r\u00f3\u017cni\u0105 si\u0119 one swoj\u0105 konstrukcj\u0105 i miejscem monta\u017cu. Najcz\u0119\u015bciej wykorzystywane s\u0105 w halach przemys\u0142owych, na sk\u0142adowiskach, na bocznicach kolejowych oraz w stoczniach. W zale\u017cno\u015bci od typu suwnicy operator mo\u017ce obs\u0142ugiwa\u0107 j\u0105 z poziomu ziemi albo z kabiny operatora. Sterowanie mo\u017ce odbywa\u0107 si\u0119 przewodowo lub bezprzewodowo. Suwnica pomostowa Suwnica pomostowa, kt\u00f3ra okre\u015blana jest r\u00f3wnie\u017c jako natorowa, stosowana jest przede wszystkim w halach przemys\u0142owych. Na suwnic\u0119 pomostow\u0105 sk\u0142adaj\u0105 si\u0119 kratownicowy pomost na szynach, po kt\u00f3rym porusza si\u0119 ci\u0119gnik (urz\u0105dzenie d\u017awigowe s\u0142u\u017c\u0105ce do przemieszczania \u0142adunk\u00f3w). Suwnica bramowa Suwnice bramowe \u2013 tak\u017ce okre\u015blane jako bramownice, spotykane s\u0105 przede wszystkim na zewn\u0105trz. Maj\u0105 du\u017ce gabaryty i s\u0142u\u017c\u0105 do przenoszenia du\u017cych \u0142adunk\u00f3w. Sk\u0142adaj\u0105 si\u0119 z pomostu zawieszonego na bocznych mostach i mog\u0105 posiada\u0107 dwie lub wi\u0119cej bram. W przypadku suwnic bramowych bramy mog\u0105 porusza\u0107 si\u0119 ko\u0142owo albo szynowo. Podobnie jak w przypadku innych rodzaj\u00f3w urz\u0105dzenia, na pomo\u015bcie suwnicy bramowej znajduje si\u0119 ci\u0119gnik. Suwnica podwieszana Suwnice podwieszane przeznaczone s\u0105 do monta\u017cu pod konstrukcj\u0105 dachow\u0105. Zabieraj\u0105 mniej przestrzeni i umo\u017cliwiaj\u0105 optymalne wykorzystanie wysoko\u015bci pomieszcze\u0144. Nowoczesne suwnice podwieszane maj\u0105 najcz\u0119\u015bciej budow\u0119 modu\u0142ow\u0105. Zapraszamy na szkolenia UDT na suwnice do naszego O\u015brodka Doskonalenia Kadr ERGON! Prowadzimy zaj\u0119cia w mie\u015bcie Warszawa i innych miejscowo\u015bciach na terenie Polski. Zach\u0119camy do zapisania si\u0119 na kurs na suwnice \u2013 cena, terminy i lokalizacje [&hellip;]<\/p>\n","protected":false},"author":1,"featured_media":2528,"parent":1616,"menu_order":0,"comment_status":"closed","ping_status":"closed","template":"","meta":{"sfsi_plus_gutenberg_text_before_share":"","sfsi_plus_gutenberg_show_text_before_share":"","sfsi_plus_gutenberg_icon_type":"","sfsi_plus_gutenberg_icon_alignemt":"","sfsi_plus_gutenburg_max_per_row":"","footnotes":""},"class_list":["post-1620","page","type-page","status-publish","has-post-thumbnail","hentry","has_thumb"],"aioseo_notices":[],"_links":{"self":[{"href":"https:\/\/odk-ergon.pl\/ua\/wp-json\/wp\/v2\/pages\/1620","targetHints":{"allow":["GET"]}}],"collection":[{"href":"https:\/\/odk-ergon.pl\/ua\/wp-json\/wp\/v2\/pages"}],"about":[{"href":"https:\/\/odk-ergon.pl\/ua\/wp-json\/wp\/v2\/types\/page"}],"author":[{"embeddable":true,"href":"https:\/\/odk-ergon.pl\/ua\/wp-json\/wp\/v2\/users\/1"}],"replies":[{"embeddable":true,"href":"https:\/\/odk-ergon.pl\/ua\/wp-json\/wp\/v2\/comments?post=1620"}],"version-history":[{"count":9,"href":"https:\/\/odk-ergon.pl\/ua\/wp-json\/wp\/v2\/pages\/1620\/revisions"}],"predecessor-version":[{"id":2551,"href":"https:\/\/odk-ergon.pl\/ua\/wp-json\/wp\/v2\/pages\/1620\/revisions\/2551"}],"up":[{"embeddable":true,"href":"https:\/\/odk-ergon.pl\/ua\/wp-json\/wp\/v2\/pages\/1616"}],"wp:featuredmedia":[{"embeddable":true,"href":"https:\/\/odk-ergon.pl\/ua\/wp-json\/wp\/v2\/media\/2528"}],"wp:attachment":[{"href":"https:\/\/odk-ergon.pl\/ua\/wp-json\/wp\/v2\/media?parent=1620"}],"curies":[{"name":"wp","href":"https:\/\/api.w.org\/{rel}","templated":true}]}}