{"id":1624,"date":"2017-12-04T15:48:59","date_gmt":"2017-12-04T15:48:59","guid":{"rendered":"http:\/\/odk-ergon.pl\/?page_id=1624"},"modified":"2022-11-24T13:06:31","modified_gmt":"2022-11-24T12:06:31","slug":"%d0%ba%d1%80%d0%b0%d0%bd%d1%96%d0%b2%d0%bd%d0%b8%d0%ba","status":"publish","type":"page","link":"https:\/\/odk-ergon.pl\/ua\/szkolenia\/szkolenia-na-suwnice\/operator-suwnicy\/","title":{"rendered":"\u041a\u0440\u0430\u043d\u0456\u0432\u043d\u0438\u043a - \u0432\u0438\u043c\u043e\u0433\u0438"},"content":{"rendered":"<div style=\"float: left; margin-right: 5px; margin-bottom: 10px; text-align: justify;\"><div id=\"metaslider-id-1675\" style=\"max-width: 200px;\" class=\"ml-slider-3-108-0 metaslider metaslider-flex metaslider-1675 ml-slider ms-theme-default nav-hidden\" role=\"region\" aria-label=\"crane4\" data-height=\"150\" data-width=\"200\">\n    <div id=\"metaslider_container_1675\">\n        <div id=\"metaslider_1675\" class=\"flexslider\">\n            <ul class='slides'>\n                <li style=\"display: block; width: 100%;\" class=\"slide-1677 ms-image\" aria-roledescription=\"slide\" data-date=\"2017-12-18 13:30:26\" data-filename=\"Foto-suwnice-200x150.jpg\" data-slide-type=\"image\"><img loading=\"lazy\" decoding=\"async\" src=\"https:\/\/odk-ergon.pl\/wp-content\/uploads\/2017\/12\/Foto-suwnice-200x150.jpg\" height=\"150\" width=\"200\" alt=\"\" class=\"slider-1675 slide-1677 msDefaultImage\" \/><\/li>\n            <\/ul>\n        <\/div>\n        \n    <\/div>\n<\/div><\/div>\n<h2><strong>\u041a\u0440\u0430\u043d\u0456\u0432\u043d\u0438\u043a - \u0432\u0438\u043c\u043e\u0433\u0438 <\/strong><\/h2>\n<p>\u041c\u043e\u0441\u0442\u043e\u0432\u0456 \u043a\u0440\u0430\u043d\u0438 \u0432\u0438\u043a\u043e\u0440\u0438\u0441\u0442\u043e\u0432\u0443\u044e\u0442\u044c\u0441\u044f, \u0441\u0435\u0440\u0435\u0434 \u0456\u043d\u0448\u043e\u0433\u043e, \u0443 \u043f\u0440\u043e\u043c\u0438\u0441\u043b\u043e\u0432\u0438\u0445 \u0446\u0435\u0445\u0430\u0445, \u043f\u0456\u0434&#039;\u0457\u0437\u0434\u0430\u0445, \u0441\u043a\u043b\u0430\u0434\u0441\u044c\u043a\u0438\u0445 \u043c\u0430\u0439\u0434\u0430\u043d\u0447\u0438\u043a\u0430\u0445 \u0456 \u0441\u0442\u0430\u043f\u0435\u043b\u044f\u0445 \u0432\u0435\u0440\u0444\u0456. \u041b\u044e\u0434\u0438, \u044f\u043a\u0456 \u043f\u0440\u0430\u0446\u044e\u044e\u0442\u044c \u0437 \u043a\u0440\u0430\u043d\u0430\u043c\u0438, \u043f\u043e\u0432\u0438\u043d\u043d\u0456 \u0432\u0456\u0434\u043f\u043e\u0432\u0456\u0434\u0430\u0442\u0438 \u043f\u0435\u0432\u043d\u0438\u043c \u0432\u0438\u043c\u043e\u0433\u0430\u043c. \u0420\u043e\u0431\u043e\u0442\u043e\u0434\u0430\u0432\u0435\u0446\u044c \u043d\u0435 \u043c\u043e\u0436\u0435 \u0434\u043e\u043f\u0443\u0441\u0442\u0438\u0442\u0438 \u0434\u043e \u0440\u043e\u0431\u043e\u0442\u0438 \u043f\u0440\u0430\u0446\u0456\u0432\u043d\u0438\u043a\u0430 \u0431\u0435\u0437 \u043d\u0435\u043e\u0431\u0445\u0456\u0434\u043d\u043e\u0457 \u043a\u0432\u0430\u043b\u0456\u0444\u0456\u043a\u0430\u0446\u0456\u0457 \u0442\u0430 \u043d\u0430\u0432\u0438\u0447\u043e\u043a.<\/p>\n<p>\u041b\u044e\u0434\u0438\u043d\u0430, \u044f\u043a\u0430 \u0445\u043e\u0447\u0435 \u043f\u0440\u0430\u0446\u044e\u0432\u0430\u0442\u0438 \u043a\u0440\u0430\u043d\u0456\u0432\u043d\u0438\u043a\u043e\u043c, \u043f\u043e\u0432\u0438\u043d\u043d\u0430 \u0437\u0430\u043f\u0438\u0441\u0430\u0442\u0438\u0441\u044f \u043d\u0430 \u043a\u0443\u0440\u0441\u0438 \u043a\u0440\u0430\u043d\u0456\u0432\u043d\u0438\u043a\u0456\u0432. \u0414\u043b\u044f \u0437\u0430\u0440\u0430\u0445\u0443\u0432\u0430\u043d\u043d\u044f \u0432 \u043a\u043b\u0430\u0441\u0438 \u043d\u0435\u043e\u0431\u0445\u0456\u0434\u043d\u043e \u0432\u0456\u0434\u043f\u043e\u0432\u0456\u0434\u0430\u0442\u0438 \u0432\u0456\u0434\u043f\u043e\u0432\u0456\u0434\u043d\u0438\u043c \u0432\u0438\u043c\u043e\u0433\u0430\u043c, \u0432\u0438\u043a\u043e\u043d\u0430\u043d\u043d\u044f \u044f\u043a\u0438\u0445 \u043d\u0435\u043e\u0431\u0445\u0456\u0434\u043d\u0435 \u0456 \u0432 \u043f\u0440\u043e\u0444\u0435\u0441\u0456\u0457 \u043a\u0440\u0430\u043d\u0456\u0432\u043d\u0438\u043a\u0430.<\/p>\n<div class=\"filmw\">\n<div class=\"responsive-youtube\" style=\"text-align: center;\"><iframe loading=\"lazy\" title=\"\u0412\u0456\u0434\u0435\u043e\u043f\u043b\u0435\u0454\u0440 YouTube\" src=\"https:\/\/www.youtube.com\/embed\/sfP7oV2iCs4\" width=\"560\" height=\"315\" frameborder=\"0\" allowfullscreen=\"allowfullscreen\"><\/iframe><\/div>\n<\/div>\n<p><strong>\u0412\u0438\u043c\u043e\u0433\u0438 \u0434\u043b\u044f \u0437\u0430\u0440\u0430\u0445\u0443\u0432\u0430\u043d\u043d\u044f \u043d\u0430 \u043a\u0443\u0440\u0441 \u043a\u0440\u0430\u043d\u0430: <\/strong><\/p>\n<ul>\n<li>18 \u0440\u043e\u043a\u0456\u0432 \u0456 \u0441\u0442\u0430\u0440\u0448\u0435<\/li>\n<li>\u043e\u0441\u0432\u0456\u0442\u0438 \u0434\u043e \u043d\u0430\u0439\u043c\u0435\u043d\u0448 \u0435\u043b\u0435\u043c\u0435\u043d\u0442\u0430\u0440\u043d\u043e\u0433\u043e<\/li>\n<li>\u0432\u0456\u0434\u0441\u0443\u0442\u043d\u0456\u0441\u0442\u044c \u043f\u0440\u043e\u0442\u0438\u043f\u043e\u043a\u0430\u0437\u0430\u043d\u044c \u0434\u043e \u0440\u043e\u0431\u043e\u0442\u0438 \u043a\u0440\u0430\u043d\u0456\u0432\u043d\u0438\u043a\u043e\u043c, \u043f\u0456\u0434\u0442\u0432\u0435\u0440\u0434\u0436\u0435\u043d\u0438\u0445 \u0432\u0456\u0434\u043f\u043e\u0432\u0456\u0434\u043d\u043e\u044e \u043c\u0435\u0434\u0438\u0447\u043d\u043e\u044e \u0434\u043e\u0432\u0456\u0434\u043a\u043e\u044e<\/li>\n<\/ul>\n<p>\u041e\u043f\u0435\u0440\u0430\u0442\u043e\u0440\u0438 \u043f\u043e\u0432\u0438\u043d\u043d\u0456 \u043c\u0430\u0442\u0438 \u0432\u0456\u0434\u043f\u043e\u0432\u0456\u0434\u043d\u0443 \u043a\u0432\u0430\u043b\u0456\u0444\u0456\u043a\u0430\u0446\u0456\u044e, \u043f\u0456\u0434\u0442\u0432\u0435\u0440\u0434\u0436\u0435\u043d\u0443 \u043a\u0432\u0430\u043b\u0456\u0444\u0456\u043a\u0430\u0446\u0456\u0439\u043d\u0438\u043c \u0441\u0435\u0440\u0442\u0438\u0444\u0456\u043a\u0430\u0442\u043e\u043c \u0423\u043f\u0440\u0430\u0432\u043b\u0456\u043d\u043d\u044f \u0442\u0435\u0445\u043d\u0456\u0447\u043d\u043e\u0433\u043e \u043d\u0430\u0433\u043b\u044f\u0434\u0443. \u041a\u0432\u0430\u043b\u0456\u0444\u0456\u043a\u0430\u0446\u0456\u044e \u043c\u043e\u0436\u043d\u0430 \u043e\u0442\u0440\u0438\u043c\u0430\u0442\u0438 \u043f\u0456\u0441\u043b\u044f \u0441\u043a\u043b\u0430\u0434\u0430\u043d\u043d\u044f \u043d\u0430\u0432\u0447\u0430\u043b\u044c\u043d\u043e\u0433\u043e \u0456\u0441\u043f\u0438\u0442\u0443 UDT \u0434\u043b\u044f \u0432\u0430\u043d\u0442\u0430\u0436\u043e\u043f\u0456\u0434\u0456\u0439\u043c\u0430\u043b\u044c\u043d\u0438\u0445 \u043a\u0440\u0430\u043d\u0456\u0432.<\/p>\n<p><strong>\u0404 \u0434\u0432\u0456 \u043a\u0430\u0442\u0435\u0433\u043e\u0440\u0456\u0457 \u043b\u0456\u0446\u0435\u043d\u0437\u0456\u0439 \u043d\u0430 \u043a\u0440\u0430\u043d \u0432\u0456\u0434\u043f\u043e\u0432\u0456\u0434\u043d\u043e \u0434\u043e UDT: <\/strong><\/p>\n<ul>\n<li><a href=\"https:\/\/odk-ergon.pl\/ua\/szkolenia\/szkolenia-na-suwnice\/\">II \u0421.<\/a> - \u043a\u0440\u0430\u043d\u0438, \u043f\u0456\u0434\u0439\u043e\u043c\u043d\u0438\u043a\u0438 \u0442\u0430 \u043b\u0435\u0431\u0456\u0434\u043a\u0438, \u043a\u0435\u0440\u043e\u0432\u0430\u043d\u0456 \u0437 \u0440\u043e\u0431\u043e\u0447\u043e\u0433\u043e \u0440\u0456\u0432\u043d\u044f \u0442\u0430 \u043a\u0440\u0430\u043d\u0438 \u0441\u0442\u0430\u0446\u0456\u043e\u043d\u0430\u0440\u043d\u0438\u0445 \u0446\u0435\u0445\u0456\u0432<\/li>\n<li>\u0406\u0421 - \u043a\u0440\u0430\u043d\u0438, \u043f\u0456\u0434\u0439\u043e\u043c\u043d\u0438\u043a\u0438 \u0456 \u043b\u0435\u0431\u0456\u0434\u043a\u0438, \u043a\u0435\u0440\u043e\u0432\u0430\u043d\u0456 \u0437 \u0440\u043e\u0431\u043e\u0447\u043e\u0433\u043e \u0440\u0456\u0432\u043d\u044f \u0430\u0431\u043e \u0437 \u043a\u0430\u0431\u0456\u043d\u0438, \u0456 \u0441\u0442\u0430\u0446\u0456\u043e\u043d\u0430\u0440\u043d\u0456 \u0446\u0435\u0445\u043e\u0432\u0456 \u043a\u0440\u0430\u043d\u0438.<\/li>\n<\/ul>\n<p>\u041c\u0430\u0448\u0438\u043d\u0456\u0441\u0442 \u043a\u0440\u0430\u043d\u0430 \u0442\u0430\u043a\u043e\u0436 \u043f\u043e\u0432\u0438\u043d\u0435\u043d \u0432\u0456\u0434\u043f\u043e\u0432\u0456\u0434\u0430\u0442\u0438 \u0456\u043d\u0448\u0438\u043c \u0432\u0438\u043c\u043e\u0433\u0430\u043c, \u0437\u0430\u043b\u0435\u0436\u043d\u043e \u0432\u0456\u0434 \u0442\u043e\u0433\u043e, \u043d\u0430 \u044f\u043a\u043e\u043c\u0443 \u043f\u0456\u0434\u043f\u0440\u0438\u0454\u043c\u0441\u0442\u0432\u0456 \u0432\u0456\u043d \u0431\u0443\u0434\u0435 \u043f\u0440\u0430\u0446\u0435\u0432\u043b\u0430\u0448\u0442\u043e\u0432\u0430\u043d\u0438\u0439. \u0421\u0435\u0440\u0435\u0434 \u0456\u043d\u0448\u043e\u0433\u043e, \u043f\u0440\u0430\u0446\u0456\u0432\u043d\u0438\u043a \u043f\u043e\u0432\u0438\u043d\u0435\u043d \u0432\u043e\u043b\u043e\u0434\u0456\u0442\u0438 \u0437\u043d\u0430\u043d\u043d\u044f\u043c\u0438 \u0447\u0438\u043d\u043d\u0438\u0445 \u043d\u043e\u0440\u043c\u0430\u0442\u0438\u0432\u043d\u043e-\u043f\u0440\u0430\u0432\u043e\u0432\u0438\u0445 \u0430\u043a\u0442\u0456\u0432, \u0431\u0443\u0442\u0438 \u043e\u0437\u043d\u0430\u0439\u043e\u043c\u043b\u0435\u043d\u0438\u043c \u0437 \u0440\u043e\u0431\u043e\u0442\u043e\u044e \u0437\u0430\u0441\u043e\u0431\u0456\u0432 \u0437\u0430\u0445\u0438\u0441\u0442\u0443, \u0430 \u0442\u0430\u043a\u043e\u0436 \u043f\u0440\u043e\u0439\u0442\u0438 \u043d\u0430\u0432\u0447\u0430\u043d\u043d\u044f \u0437 \u043f\u0438\u0442\u0430\u043d\u044c \u043e\u0445\u043e\u0440\u043e\u043d\u0438 \u043f\u0440\u0430\u0446\u0456 \u0432 \u043e\u0431\u0441\u044f\u0437\u0456 \u0437\u0430\u0433\u0430\u043b\u044c\u043d\u043e\u0433\u043e \u0456\u043d\u0441\u0442\u0440\u0443\u043a\u0442\u0430\u0436\u0443 \u0437 \u043e\u0445\u043e\u0440\u043e\u043d\u0438 \u043f\u0440\u0430\u0446\u0456 \u0442\u0430 \u043f\u043e\u0441\u0430\u0434\u043e\u0432\u043e\u0457 \u0456\u043d\u0441\u0442\u0440\u0443\u043a\u0446\u0456\u0457.<\/p>\n<p>\u041d\u0430\u0432\u0447\u0430\u043b\u044c\u043d\u0438\u0439 \u0446\u0435\u043d\u0442\u0440 \u00ab\u0415\u0420\u0413\u041e\u041d \u041a\u0430\u0434\u0440\u00bb \u0437\u0430\u043f\u0440\u043e\u0448\u0443\u0454 \u043d\u0430 \u043a\u0443\u0440\u0441 \u043a\u0440\u0430\u043d\u0430 - \u0446\u0456\u043d\u0430, \u0434\u0430\u0442\u0438 \u0437\u0430\u043d\u044f\u0442\u044c \u0456 \u043b\u043e\u043a\u0430\u0446\u0456\u0457 \u0434\u043e\u0441\u0442\u0443\u043f\u043d\u0456 \u043d\u0430 \u043d\u0430\u0448\u043e\u043c\u0443 \u0441\u0430\u0439\u0442\u0456. \u041c\u0438 \u043f\u0440\u043e\u0432\u043e\u0434\u0438\u043c\u043e \u0437\u0430\u043d\u044f\u0442\u0442\u044f \u0432 \u043c\u0456\u0441\u0442\u0456 \u0412\u0430\u0440\u0448\u0430\u0432\u0430 \u0442\u0430 \u0432 \u0456\u043d\u0448\u0438\u0445 \u043d\u0430\u0441\u0435\u043b\u0435\u043d\u0438\u0445 \u043f\u0443\u043d\u043a\u0442\u0430\u0445. \u041c\u0438 \u0433\u0430\u0440\u0430\u043d\u0442\u0443\u0454\u043c\u043e \u043a\u043e\u043c\u043f\u043b\u0435\u043a\u0441\u043d\u0435 \u043e\u0431\u0441\u043b\u0443\u0433\u043e\u0432\u0443\u0432\u0430\u043d\u043d\u044f, \u0432\u0438\u0441\u043e\u043a\u0443 \u043f\u0440\u043e\u0445\u0456\u0434\u043d\u0456\u0441\u0442\u044c \u0456 \u043d\u0438\u0437\u044c\u043a\u0456 \u0446\u0456\u043d\u0438. \u0411\u0443\u0434\u044c \u043b\u0430\u0441\u043a\u0430, \u0437\u0432&#039;\u044f\u0436\u0456\u0442\u044c\u0441\u044f \u0437 \u043d\u0430\u043c\u0438, \u044f\u043a\u0449\u043e \u0443 \u0432\u0430\u0441 \u0432\u0438\u043d\u0438\u043a\u043d\u0443\u0442\u044c \u0434\u043e\u0434\u0430\u0442\u043a\u043e\u0432\u0456 \u0437\u0430\u043f\u0438\u0442\u0430\u043d\u043d\u044f.<\/p>\n<div class=\"button_styl\" style=\"float: right; padding-left: 15px; padding-bottom: 8px; margin-bottom: 5px;\"><a class=\"myButton myButton_maly\" href=\"https:\/\/platformaedukacji.pl\/login\/signup.php\" target=\"_blank\" rel=\"nofollow noopener\"><span style=\"color: white;\">\u0417\u0430\u043f\u0438\u0448\u0456\u0442\u044c\u0441\u044f \u043d\u0430 \u043d\u0430\u0432\u0447\u0430\u043d\u043d\u044f<\/span><\/a><\/div>\n<div style=\"padding-top: 70px;\">\n<h2>\u0411\u0456\u043b\u044c\u0448\u0435 \u0456\u043d\u0444\u043e\u0440\u043c\u0430\u0446\u0456\u0457:<\/h2>\n<div style=\"text-align: center; font-size: 85%; line-height: 120%;\">\n<div style=\"float: left; margin-right: 40px; height: 290px;\">\n<p><a href=\"\/ua\/%d0%bd%d0%b0%d0%b2%d1%87%d0%b0%d0%bd%d0%bd%d1%8f\/%d0%bd%d0%b0%d0%b2%d1%87%d0%b0%d0%bd%d0%bd%d1%8f-%d0%bd%d0%b0-%d0%ba%d1%80%d0%b0%d0%bd%d0%b0%d1%85\/%d0%b4%d1%96%d1%8f-%d0%b7%d0%b0%d0%b1%d0%be%d1%80%d0%be%d0%bd%d0%b5%d0%bd%d0%be\/\"><img decoding=\"async\" style=\"width: 300px; height: 225px;\" src=\"\/wp-content\/uploads\/2017\/12\/zabronione_m.jpg\" alt=\"\" \/><\/a><\/p>\n<div style=\"width: 300px; font-size: 130%;\"><strong><a href=\"https:\/\/odk-ergon.pl\/ua\/szkolenia\/szkolenia-na-suwnice\/czynnosci-zabronione\/\">\u0417\u0430\u0431\u043e\u0440\u043e\u043d\u0435\u043d\u0430 \u0434\u0456\u044f\u043b\u044c\u043d\u0456\u0441\u0442\u044c<\/a><\/strong><\/div>\n<p>&nbsp;<\/p>\n<\/div>\n<div style=\"float: left; margin-right: 40px; height: 290px;\">\n<p><a href=\"\/ua\/%d0%bd%d0%b0%d0%b2%d1%87%d0%b0%d0%bd%d0%bd%d1%8f\/%d0%bd%d0%b0%d0%b2%d1%87%d0%b0%d0%bd%d0%bd%d1%8f-%d0%bd%d0%b0-%d0%ba%d1%80%d0%b0%d0%bd%d0%b0%d1%85\/%d0%ba%d1%80%d0%b0%d0%bd%d1%96%d0%b2%d0%bd%d0%b8%d0%ba\/\"><img decoding=\"async\" style=\"width: 300px; height: 225px;\" src=\"\/wp-content\/uploads\/2017\/12\/Foto-suwnice-200x150.jpg\" alt=\"\" \/><\/a><\/p>\n<div style=\"width: 300px; font-size: 130%;\"><strong>\u041a\u0440\u0430\u043d\u0456\u0432\u043d\u0438\u043a<\/strong><\/div>\n<p>&nbsp;<\/p>\n<\/div>\n<\/div>\n<div style=\"clear: both;\"><\/div>\n<div style=\"text-align: center; font-size: 85%; line-height: 120%;\">\n<div style=\"float: left; margin-right: 40px; height: 290px;\">\n<p><a href=\"\/ua\/%d0%bd%d0%b0%d0%b2%d1%87%d0%b0%d0%bd%d0%bd%d1%8f\/%d0%bd%d0%b0%d0%b2%d1%87%d0%b0%d0%bd%d0%bd%d1%8f-%d0%bd%d0%b0-%d0%ba%d1%80%d0%b0%d0%bd%d0%b0%d1%85\/%d0%be%d0%bf%d0%be%d1%80%d0%bd%d0%be-%d0%ba%d1%80%d0%b0%d0%bd%d0%be%d0%b2%d1%96-%d1%81%d0%bf%d0%be%d1%80%d1%83%d0%b4%d0%b8\/\"><img decoding=\"async\" style=\"width: 300px; height: 225px;\" src=\"\/wp-content\/uploads\/2017\/12\/220_Suwnica_bramowa_jaworzno-1-200x150.jpg\" alt=\"\" \/><\/a><\/p>\n<div style=\"width: 300px; font-size: 130%;\"><strong><a href=\"https:\/\/odk-ergon.pl\/ua\/szkolenia\/szkolenia-na-suwnice\/podstawowe-konstrukcje-suwnic\/\">\u041e\u0441\u043d\u043e\u0432\u043d\u0456 \u043a\u043e\u043d\u0441\u0442\u0440\u0443\u043a\u0446\u0456\u0457 \u043a\u0440\u0430\u043d\u0456\u0432<\/a><\/strong><\/div>\n<p>&nbsp;<\/p>\n<\/div>\n<div style=\"float: left; margin-right: 40px; height: 290px;\">\n<p><a href=\"\/ua\/%d0%bd%d0%b0%d0%b2%d1%87%d0%b0%d0%bd%d0%bd%d1%8f\/%d0%bd%d0%b0%d0%b2%d1%87%d0%b0%d0%bd%d0%bd%d1%8f-%d0%bd%d0%b0-%d0%ba%d1%80%d0%b0%d0%bd%d0%b0%d1%85\/%d0%bd%d0%be%d1%80%d0%bc%d0%b0%d1%82%d0%b8%d0%b2%d0%bd%d1%96-%d0%b0%d0%ba%d1%82%d0%b8\/\"><img decoding=\"async\" style=\"width: 300px; height: 225px;\" src=\"\/wp-content\/uploads\/2017\/12\/12-0-200x150.jpg\" alt=\"\" \/><\/a><\/p>\n<div style=\"width: 300px; font-size: 130%;\"><strong>\u041f\u043e\u043b\u043e\u0436\u0435\u043d\u043d\u044f, \u0449\u043e \u0441\u0442\u043e\u0441\u0443\u044e\u0442\u044c\u0441\u044f <a href=\"https:\/\/odk-ergon.pl\/ua\/szkolenia\/szkolenia-na-suwnice\/przepisy\/\">\u0432\u0438\u043a\u043e\u0440\u0438\u0441\u0442\u0430\u043d\u043d\u044f \u043c\u043e\u0441\u0442\u043e\u0432\u0438\u0445 \u043a\u0440\u0430\u043d\u0456\u0432<\/a><\/strong><\/div>\n<p>&nbsp;<\/p>\n<\/div>\n<\/div>\n<div style=\"text-align: center; font-size: 85%; line-height: 120%;\">\n<div style=\"float: left; margin-right: 40px; height: 290px;\">\n<p><a href=\"\/ua\/%d0%bd%d0%b0%d0%b2%d1%87%d0%b0%d0%bd%d0%bd%d1%8f\/%d0%bd%d0%b0%d0%b2%d1%87%d0%b0%d0%bd%d0%bd%d1%8f-%d0%bd%d0%b0-%d0%ba%d1%80%d0%b0%d0%bd%d0%b0%d1%85\/\"><img decoding=\"async\" style=\"width: 300px; height: 225px;\" src=\"\/wp-content\/uploads\/2014\/04\/suwnice.jpeg\" alt=\"\" \/><\/a><\/p>\n<div style=\"width: 300px; font-size: 130%;\"><strong><a href=\"https:\/\/odk-ergon.pl\/ua\/szkolenia\/szkolenia-na-suwnice\/uprawnienia\/\">\u041a\u0432\u0430\u043b\u0456\u0444\u0456\u043a\u0430\u0446\u0456\u044f UDT \u0434\u043b\u044f \u043c\u043e\u0441\u0442\u043e\u0432\u0438\u0445 \u043a\u0440\u0430\u043d\u0456\u0432<\/a><\/strong><\/div>\n<p>&nbsp;<\/p>\n<\/div>\n<\/div>\n<div style=\"text-align: center; font-size: 85%; line-height: 120%;\">\n<div style=\"float: left; margin-right: 40px; height: 290px;\">\n<p><a href=\"\/ua\/%d0%bd%d0%b0%d0%b2%d1%87%d0%b0%d0%bd%d0%bd%d1%8f\/%d0%bd%d0%b0%d0%b2%d1%87%d0%b0%d0%bd%d0%bd%d1%8f-%d0%bd%d0%b0-%d0%ba%d1%80%d0%b0%d0%bd%d0%b0%d1%85\/%d0%bf%d1%80%d0%b0%d0%b2%d0%b0\/\"><img decoding=\"async\" style=\"width: 300px; height: 225px;\" src=\"\/wp-content\/uploads\/2017\/10\/welder-working-at-height2-200x150.jpg\" alt=\"\" \/><\/a><\/p>\n<div style=\"width: 300px; font-size: 130%;\"><strong>\u041a\u0443\u0440\u0441 \u0434\u043b\u044f \u043c\u043e\u0441\u0442\u043e\u0432\u0438\u0445 \u043a\u0440\u0430\u043d\u0456\u0432<\/strong><\/div>\n<p>&nbsp;<\/p>\n<\/div>\n<\/div>\n<\/div>\n<p><a href=\"https:\/\/odk-ergon.pl\/wp-content\/uploads\/2022\/11\/32-suwnice-odk-ergon.pl_.png\"><img loading=\"lazy\" decoding=\"async\" class=\"aligncenter wp-image-2548\" src=\"https:\/\/odk-ergon.pl\/wp-content\/uploads\/2022\/11\/32-suwnice-odk-ergon.pl_-300x175.png\" alt=\"\" width=\"750\" height=\"438\" srcset=\"https:\/\/odk-ergon.pl\/wp-content\/uploads\/2022\/11\/32-suwnice-odk-ergon.pl_-300x175.png 300w, https:\/\/odk-ergon.pl\/wp-content\/uploads\/2022\/11\/32-suwnice-odk-ergon.pl_-1024x597.png 1024w, https:\/\/odk-ergon.pl\/wp-content\/uploads\/2022\/11\/32-suwnice-odk-ergon.pl_-768x448.png 768w, https:\/\/odk-ergon.pl\/wp-content\/uploads\/2022\/11\/32-suwnice-odk-ergon.pl_-18x12.png 18w, https:\/\/odk-ergon.pl\/wp-content\/uploads\/2022\/11\/32-suwnice-odk-ergon.pl_-624x364.png 624w, https:\/\/odk-ergon.pl\/wp-content\/uploads\/2022\/11\/32-suwnice-odk-ergon.pl_.png 1200w\" sizes=\"auto, (max-width: 750px) 100vw, 750px\" \/><\/a><\/p>","protected":false},"excerpt":{"rendered":"<p>Operator suwnicy \u2013 wymagania Suwnice stosowane s\u0105 mi\u0119dzy innymi w halach przemys\u0142owych, na bocznicach, sk\u0142adowiskach czy na pochylniach stoczniowych. Osoby pracuj\u0105ce z suwnicami musz\u0105 spe\u0142ni\u0107 okre\u015blone wymagania. Pracodawca nie mo\u017ce dopu\u015bci\u0107 do pracy pracownika bez wymaganych kwalifikacji i umiej\u0119tno\u015bci. Osoba chc\u0105ca pracowa\u0107 jako operator suwnicy musi zapisa\u0107 si\u0119 na kurs na suwnice. W celu zapisania si\u0119 na zaj\u0119cia nale\u017cy spe\u0142ni\u0107 odpowiednie wymagania, kt\u00f3rych spe\u0142nienie jest potrzebne r\u00f3wnie\u017c w zawodzie suwnicowego. Wymagania do zapisania si\u0119 na kurs na suwnic\u0119: uko\u0144czone 18 lat wykszta\u0142cenie do najmniej podstawowe brak przeciwwskaza\u0144 do pracy w zawodzie operatora suwnicy potwierdzony odpowiednim za\u015bwiadczeniem lekarskim Operatorzy powinni posiada\u0107 stosowne kwalifikacje potwierdzone za\u015bwiadczeniem kwalifikacyjnym Urz\u0119du Dozoru Technicznego. Uprawnienia mo\u017cna uzyska\u0107 po zaliczeniu egzaminu ko\u0144cz\u0105cego szkolenia UDT na suwnice. Wyr\u00f3\u017cniamy dwie kategorie uprawnie\u0144 na suwnice wed\u0142ug UDT: II S \u2013 suwnice, wci\u0105gniki i wci\u0105garki obs\u0142ugiwane z poziomu roboczego oraz \u017curawie stacjonarne warsztatowe I S \u2013 suwnice, wci\u0105gniki i wci\u0105garki obs\u0142ugiwane z poziomu roboczego lub z kabiny oraz \u017curawie stacjonarne warsztatowe Operator suwnicy powinien r\u00f3wnie\u017c spe\u0142ni\u0107 inne wymagania w zale\u017cno\u015bci od tego, w jakiej firmie b\u0119dzie zatrudniony. Mi\u0119dzy innymi pracownik powinien posiada\u0107 wiedz\u0119 w zakresie obowi\u0105zuj\u0105cych przepis\u00f3w, zna\u0107 zasady dzia\u0142ania urz\u0105dze\u0144 zabezpieczaj\u0105cych, powinien on przej\u015b\u0107 szkolenia BHP w zakresie instrukta\u017cu og\u00f3lnego BHP oraz instrukta\u017cu stanowiskowego. O\u015brodek Doskonalenia Kadr ERGON zaprasza na kurs na suwnice \u2013 cena i terminy zaj\u0119\u0107 wraz z lokalizacjami dost\u0119pne s\u0105 na naszej stronie internetowej. Prowadzimy zaj\u0119cia w mie\u015bcie Warszawa i w innych lokacjach. Gwarantujemy kompleksow\u0105 obs\u0142ug\u0119, wysok\u0105 zdawalno\u015b\u0107 i niskie ceny. Prosimy o kontakt w razie dodatkowych pyta\u0144. Zapisz si\u0119 na szkolenie [&hellip;]<\/p>\n","protected":false},"author":1,"featured_media":1676,"parent":1616,"menu_order":0,"comment_status":"closed","ping_status":"closed","template":"","meta":{"sfsi_plus_gutenberg_text_before_share":"","sfsi_plus_gutenberg_show_text_before_share":"","sfsi_plus_gutenberg_icon_type":"","sfsi_plus_gutenberg_icon_alignemt":"","sfsi_plus_gutenburg_max_per_row":"","footnotes":""},"class_list":["post-1624","page","type-page","status-publish","has-post-thumbnail","hentry","has_thumb"],"aioseo_notices":[],"_links":{"self":[{"href":"https:\/\/odk-ergon.pl\/ua\/wp-json\/wp\/v2\/pages\/1624","targetHints":{"allow":["GET"]}}],"collection":[{"href":"https:\/\/odk-ergon.pl\/ua\/wp-json\/wp\/v2\/pages"}],"about":[{"href":"https:\/\/odk-ergon.pl\/ua\/wp-json\/wp\/v2\/types\/page"}],"author":[{"embeddable":true,"href":"https:\/\/odk-ergon.pl\/ua\/wp-json\/wp\/v2\/users\/1"}],"replies":[{"embeddable":true,"href":"https:\/\/odk-ergon.pl\/ua\/wp-json\/wp\/v2\/comments?post=1624"}],"version-history":[{"count":10,"href":"https:\/\/odk-ergon.pl\/ua\/wp-json\/wp\/v2\/pages\/1624\/revisions"}],"predecessor-version":[{"id":2552,"href":"https:\/\/odk-ergon.pl\/ua\/wp-json\/wp\/v2\/pages\/1624\/revisions\/2552"}],"up":[{"embeddable":true,"href":"https:\/\/odk-ergon.pl\/ua\/wp-json\/wp\/v2\/pages\/1616"}],"wp:featuredmedia":[{"embeddable":true,"href":"https:\/\/odk-ergon.pl\/ua\/wp-json\/wp\/v2\/media\/1676"}],"wp:attachment":[{"href":"https:\/\/odk-ergon.pl\/ua\/wp-json\/wp\/v2\/media?parent=1624"}],"curies":[{"name":"wp","href":"https:\/\/api.w.org\/{rel}","templated":true}]}}