{"id":1791,"date":"2020-01-06T00:04:57","date_gmt":"2020-01-05T23:04:57","guid":{"rendered":"http:\/\/odk-ergon.pl\/?page_id=1791"},"modified":"2020-01-06T00:04:57","modified_gmt":"2020-01-05T23:04:57","slug":"%d0%b7%d0%b0%d1%85%d0%b8%d1%81%d1%82-%d0%bf%d0%b5%d1%80%d1%81%d0%be%d0%bd%d0%b0%d0%bb%d1%8c%d0%bd%d0%b8%d1%85-%d0%b4%d0%b0%d0%bd%d0%b8%d1%85-gdpr","status":"publish","type":"page","link":"https:\/\/odk-ergon.pl\/ua\/szkolenia\/ochrona-danych-osobowych-rodo\/","title":{"rendered":"\u0417\u0430\u0445\u0438\u0441\u0442 \u043f\u0435\u0440\u0441\u043e\u043d\u0430\u043b\u044c\u043d\u0438\u0445 \u0434\u0430\u043d\u0438\u0445 - GDPR"},"content":{"rendered":"<p>\u0417\u0430\u043f\u0440\u043e\u0448\u0443\u0454\u043c\u043e \u043d\u0430 \u043d\u0430\u0448 \u0442\u0440\u0435\u043d\u0456\u043d\u0433 GDPR \u0456\u0437 \u0437\u0430\u0445\u0438\u0441\u0442\u0443 \u043f\u0435\u0440\u0441\u043e\u043d\u0430\u043b\u044c\u043d\u0438\u0445 \u0434\u0430\u043d\u0438\u0445 <a href=\"https:\/\/odk-ergon.pl\/ua\/o-firmie\/\">\u0426\u0435\u043d\u0442\u0440 \u043f\u0456\u0434\u0433\u043e\u0442\u043e\u0432\u043a\u0438 \u043f\u0435\u0440\u0441\u043e\u043d\u0430\u043b\u0443 \u0415\u0420\u0413\u041e\u041d<\/a>. \u0417\u0430\u043d\u044f\u0442\u0442\u044f \u0434\u043e\u0441\u0442\u0443\u043f\u043d\u0456 \u0443 \u043c\u0456\u0441\u0442\u0456 \u0412\u0430\u0440\u0448\u0430\u0432\u0430. \u041d\u0430\u0432\u0447\u0430\u0454\u043c\u043e \u043f\u0440\u043e\u0444\u0435\u0441\u0456\u0439\u043d\u043e, \u043a\u043e\u043c\u043f\u043b\u0435\u043a\u0441\u043d\u043e \u0442\u0430 \u0437\u0430 \u043d\u0438\u0437\u044c\u043a\u0438\u043c\u0438 \u0446\u0456\u043d\u0430\u043c\u0438!<\/p>\n<p>\u0417\u0430\u043d\u044f\u0442\u0442\u044f \u043f\u0440\u0438\u0437\u043d\u0430\u0447\u0435\u043d\u0456 \u0434\u043b\u044f \u043a\u043e\u043d\u0442\u0440\u043e\u043b\u0435\u0440\u0456\u0432 \u0434\u0430\u043d\u0438\u0445 \u0442\u0430 \u0456\u043d\u0448\u0438\u0445 \u043b\u044e\u0434\u0435\u0439, \u044f\u043a\u0456 \u0445\u043e\u0447\u0443\u0442\u044c \u0434\u0456\u0437\u043d\u0430\u0442\u0438\u0441\u044f \u043f\u0440\u043e \u0437\u043c\u0456\u043d\u0438, \u0432\u043d\u0435\u0441\u0435\u043d\u0456 \u0440\u0435\u0433\u043b\u0430\u043c\u0435\u043d\u0442\u043e\u043c \u0404\u0421 GDPR, \u044f\u043a\u0438\u0439 \u0431\u0443\u0432 \u043f\u0440\u0438\u0439\u043d\u044f\u0442\u0438\u0439 27 \u043a\u0432\u0456\u0442\u043d\u044f 2016 \u0440\u043e\u043a\u0443 \u0442\u0430 \u043d\u0430\u0431\u0443\u0432\u0430\u0454 \u0447\u0438\u043d\u043d\u043e\u0441\u0442\u0456 25 \u0442\u0440\u0430\u0432\u043d\u044f 2018 \u0440\u043e\u043a\u0443. \u041d\u0430\u0432\u0447\u0430\u043d\u043d\u044f \u0449\u043e\u0434\u043e \u043f\u0435\u0440\u0441\u043e\u043d\u0430\u043b\u044c\u043d\u0438\u0445 \u0434\u0430\u043d\u0438\u0445, \u0434\u043e\u0441\u0442\u0443\u043f\u043d\u0435 \u0443 \u043d\u0430\u0441, \u0456\u043d\u0444\u043e\u0440\u043c\u0443\u0454 \u0432\u0430\u0441 \u043f\u0440\u043e \u0437\u043c\u0456\u043d\u0438 \u0432\u0441\u0435\u0431\u0456\u0447\u043d\u043e \u0442\u0430 \u0434\u043e\u0437\u0432\u043e\u043b\u044f\u0454 \u0443\u043d\u0438\u043a\u043d\u0443\u0442\u0438 \u0448\u0442\u0440\u0430\u0444\u043d\u0438\u0445 \u0441\u0430\u043d\u043a\u0446\u0456\u0439, \u043f\u043e\u0432\u2019\u044f\u0437\u0430\u043d\u0438\u0445 \u0456\u0437 \u043d\u0435\u0434\u043e\u0442\u0440\u0438\u043c\u0430\u043d\u043d\u044f\u043c.<\/p>\n<p><strong>\u0440\u043e\u0437\u043a\u043b\u0430\u0434<\/strong><\/p>\n<p>\u0422\u0440\u0435\u043d\u0456\u043d\u0433 \u0456\u0437 \u0437\u0430\u0445\u0438\u0441\u0442\u0443 \u043f\u0435\u0440\u0441\u043e\u043d\u0430\u043b\u044c\u043d\u0438\u0445 \u0434\u0430\u043d\u0438\u0445 \u0441\u043a\u043b\u0430\u0434\u0430\u0454\u0442\u044c\u0441\u044f \u0437 \u0434\u0432\u043e\u0445 \u0447\u0430\u0441\u0442\u0438\u043d \u2013 \u0442\u0435\u043e\u0440\u0435\u0442\u0438\u0447\u043d\u043e\u0457 \u0442\u0430 \u043f\u0440\u0430\u043a\u0442\u0438\u0447\u043d\u043e\u0457. \u0417\u0430\u0432\u0434\u044f\u043a\u0438 \u0443\u0447\u0430\u0441\u0442\u0456 \u0432 \u0437\u0430\u043d\u044f\u0442\u0442\u044f\u0445 \u0443\u0447\u0430\u0441\u043d\u0438\u043a\u0438 \u043e\u0442\u0440\u0438\u043c\u0443\u044e\u0442\u044c \u0448\u0438\u0440\u043e\u043a\u0456 \u0437\u043d\u0430\u043d\u043d\u044f \u043f\u0440\u043e \u0437\u043c\u0456\u043d\u0438, \u044f\u043a\u0456 \u0432\u043d\u043e\u0441\u0438\u0442\u044c \u0440\u0435\u0433\u043b\u0430\u043c\u0435\u043d\u0442 \u0404\u0432\u0440\u043e\u043f\u0435\u0439\u0441\u044c\u043a\u043e\u0433\u043e \u0421\u043e\u044e\u0437\u0443 \u0443 \u0441\u0444\u0435\u0440\u0456 \u0437\u0430\u0445\u0438\u0441\u0442\u0443 \u043f\u0435\u0440\u0441\u043e\u043d\u0430\u043b\u044c\u043d\u0438\u0445 \u0434\u0430\u043d\u0438\u0445 \u2013 GDPR.<\/p>\n<p>\u041f\u0456\u0434 \u0447\u0430\u0441 \u0437\u0430\u043d\u044f\u0442\u044c \u043c\u0438 \u0432\u0438\u043a\u043e\u0440\u0438\u0441\u0442\u043e\u0432\u0443\u0454\u043c\u043e \u0430\u043a\u0442\u0438\u0432\u0456\u0437\u0430\u0446\u0456\u0439\u043d\u0456 \u043c\u0435\u0442\u043e\u0434\u0438 \u043d\u0430\u0432\u0447\u0430\u043d\u043d\u044f. \u0417\u0430\u0432\u0434\u044f\u043a\u0438 \u0446\u044c\u043e\u043c\u0443 \u043d\u0430\u0448 \u0446\u0435\u043d\u0442\u0440 \u0432\u0456\u0434\u043e\u043c\u0438\u0439 \u0432\u0438\u0441\u043e\u043a\u043e\u044e \u0435\u0444\u0435\u043a\u0442\u0438\u0432\u043d\u0456\u0441\u0442\u044e \u043d\u0430\u0432\u0447\u0430\u043d\u043d\u044f.<\/p>\n<p><strong>\u041f\u0456\u0434 \u0447\u0430\u0441 \u0437\u0430\u043d\u044f\u0442\u044c \u0442\u0430\u043a\u0430 \u0456\u043d\u0444\u043e\u0440\u043c\u0430\u0446\u0456\u044f, \u044f\u043a:<\/strong><\/p>\n<ul>\n<li>\u043f\u0440\u0430\u0432\u043e\u0432\u0430 \u043e\u0441\u043d\u043e\u0432\u0430 \u043e\u0431\u0440\u043e\u0431\u043a\u0438 \u043f\u0435\u0440\u0441\u043e\u043d\u0430\u043b\u044c\u043d\u0438\u0445 \u0434\u0430\u043d\u0438\u0445<\/li>\n<li>\u043e\u0441\u043d\u043e\u0432\u043d\u0456 \u0432\u0438\u0437\u043d\u0430\u0447\u0435\u043d\u043d\u044f \u0443 \u0441\u0444\u0435\u0440\u0456 \u0437\u0430\u0445\u0438\u0441\u0442\u0443 \u043f\u0435\u0440\u0441\u043e\u043d\u0430\u043b\u044c\u043d\u0438\u0445 \u0434\u0430\u043d\u0438\u0445<\/li>\n<li>\u0445\u0442\u043e \u0442\u0430\u043a\u0438\u0439 \u0430\u0434\u043c\u0456\u043d\u0456\u0441\u0442\u0440\u0430\u0442\u043e\u0440 \u0434\u0430\u043d\u0438\u0445 \u0456 \u044f\u043a\u0456 \u0437\u0430\u0432\u0434\u0430\u043d\u043d\u044f \u0430\u0434\u043c\u0456\u043d\u0456\u0441\u0442\u0440\u0430\u0442\u043e\u0440\u0430<\/li>\n<li>\u0445\u0442\u043e \u043c\u0430\u0454 \u0441\u0442\u0430\u0442\u0443\u0441 \u0443\u043f\u043e\u0432\u043d\u043e\u0432\u0430\u0436\u0435\u043d\u043e\u0433\u043e \u0456\u0437 \u0437\u0430\u0445\u0438\u0441\u0442\u0443 \u0434\u0430\u043d\u0438\u0445 \u0456 \u044f\u043a\u0456 \u0439\u043e\u0433\u043e \u0437\u0430\u0432\u0434\u0430\u043d\u043d\u044f<\/li>\n<li>\u0445\u0442\u043e \u0454 \u0441\u0443\u0431\u2019\u0454\u043a\u0442\u043e\u043c \u043e\u0431\u0440\u043e\u0431\u043a\u0438 \u043f\u0435\u0440\u0441\u043e\u043d\u0430\u043b\u044c\u043d\u0438\u0445 \u0434\u0430\u043d\u0438\u0445<\/li>\n<li>\u0437\u0430\u0433\u0430\u043b\u044c\u043d\u0456 \u0443\u043c\u043e\u0432\u0438 \u043d\u0430\u043a\u043b\u0430\u0434\u0435\u043d\u043d\u044f \u0430\u0434\u043c\u0456\u043d\u0456\u0441\u0442\u0440\u0430\u0442\u0438\u0432\u043d\u0438\u0445 \u0441\u0442\u044f\u0433\u043d\u0435\u043d\u044c<\/li>\n<li>\u0434\u0456\u0457 \u0437 \u043e\u0431\u0440\u043e\u0431\u043a\u0438 \u0437\u0430\u043f\u0438\u0441\u0456\u0432<\/li>\n<li>\u043e\u0440\u0433\u0430\u043d\u0456\u0437\u0430\u0446\u0456\u0439\u043d\u0430 \u0441\u0442\u0440\u0443\u043a\u0442\u0443\u0440\u0430 \u0437\u0430\u0445\u0438\u0441\u0442\u0443 \u043f\u0435\u0440\u0441\u043e\u043d\u0430\u043b\u044c\u043d\u0438\u0445 \u0434\u0430\u043d\u0438\u0445<\/li>\n<li>\u0443\u043c\u043e\u0432\u0438 \u043d\u0430\u0434\u0430\u043d\u043d\u044f \u0437\u0433\u043e\u0434\u0438 \u043d\u0430 \u043e\u0431\u0440\u043e\u0431\u043a\u0443 \u043f\u0435\u0440\u0441\u043e\u043d\u0430\u043b\u044c\u043d\u0438\u0445 \u0434\u0430\u043d\u0438\u0445<\/li>\n<li>\u043f\u0440\u0430\u0432\u0438\u043b\u0430 \u043e\u0431\u0440\u043e\u0431\u043a\u0438 \u043f\u0435\u0440\u0441\u043e\u043d\u0430\u043b\u044c\u043d\u0438\u0445 \u0434\u0430\u043d\u0438\u0445<\/li>\n<li>\u043f\u0440\u0430\u0432\u043e \u0434\u043e\u0441\u0442\u0443\u043f\u0443 \u0441\u0443\u0431&#039;\u0454\u043a\u0442\u0430 \u0434\u0430\u043d\u0438\u0445<\/li>\n<li>\u043e\u0431\u0440\u043e\u0431\u043a\u0430 \u0441\u043f\u0435\u0446\u0456\u0430\u043b\u044c\u043d\u0438\u0445 \u043a\u0430\u0442\u0435\u0433\u043e\u0440\u0456\u0439 \u043f\u0435\u0440\u0441\u043e\u043d\u0430\u043b\u044c\u043d\u0438\u0445 \u0434\u0430\u043d\u0438\u0445<\/li>\n<\/ul>\n<p>\u041d\u0430\u0448\u0456 \u0437\u0430\u043d\u044f\u0442\u0442\u044f \u043f\u043e\u0434\u0456\u043b\u044f\u044e\u0442\u044c\u0441\u044f \u043d\u0430 \u0434\u0432\u0456 \u0447\u0430\u0441\u0442\u0438\u043d\u0438 \u2013 \u0442\u0435\u043e\u0440\u0435\u0442\u0438\u0447\u043d\u0443 \u0442\u0430 \u043f\u0440\u0430\u043a\u0442\u0438\u0447\u043d\u0443, \u0442\u043e\u043c\u0443 \u0442\u0430\u043a\u043e\u0436 \u043f\u0440\u0435\u0434\u0441\u0442\u0430\u0432\u043b\u0435\u043d\u043e, \u044f\u043a \u043d\u0430 \u043f\u0440\u0430\u043a\u0442\u0438\u0446\u0456 \u0432\u0438\u0433\u043b\u044f\u0434\u0430\u0442\u0438\u043c\u0435 \u0437\u0430\u0445\u0438\u0441\u0442 \u043f\u0435\u0440\u0441\u043e\u043d\u0430\u043b\u044c\u043d\u0438\u0445 \u0434\u0430\u043d\u0438\u0445 \u043f\u0456\u0441\u043b\u044f \u043d\u0430\u0431\u0440\u0430\u043d\u043d\u044f \u0447\u0438\u043d\u043d\u043e\u0441\u0442\u0456 \u0440\u0435\u0433\u043b\u0430\u043c\u0435\u043d\u0442\u043e\u043c \u0404\u0421. \u0423 \u0432\u0430\u0440\u0442\u0456\u0441\u0442\u044c \u043d\u0430\u0432\u0447\u0430\u043d\u043d\u044f \u0442\u0430\u043a\u043e\u0436 \u0432\u0445\u043e\u0434\u0438\u0442\u044c \u0445\u0430\u0440\u0447\u0443\u0432\u0430\u043d\u043d\u044f \u0442\u0430 \u043e\u0431\u0456\u0434\u043d\u044f \u043f\u0435\u0440\u0435\u0440\u0432\u0430.<\/p>\n<p>\u0417\u0430\u043f\u0440\u043e\u0448\u0443\u0454\u043c\u043e \u043d\u0430 \u0442\u0440\u0435\u043d\u0456\u043d\u0433 \u0443 \u0441\u0444\u0435\u0440\u0456 \u043f\u0435\u0440\u0441\u043e\u043d\u0430\u043b\u044c\u043d\u0438\u0445 \u0434\u0430\u043d\u0438\u0445 - \u0434\u0435\u0442\u0430\u043b\u044c\u043d\u0430 \u0456\u043d\u0444\u043e\u0440\u043c\u0430\u0446\u0456\u044f \u043d\u0430 \u043d\u0430\u0448\u043e\u043c\u0443 \u0441\u0430\u0439\u0442\u0456, \u0430 \u0442\u0430\u043a\u043e\u0436 \u043c\u0438 \u043d\u0430\u0434\u0430\u0454\u043c\u043e \u0457\u0457 \u043f\u043e \u0442\u0435\u043b\u0435\u0444\u043e\u043d\u0443 \u0442\u0430 \u0435\u043b\u0435\u043a\u0442\u0440\u043e\u043d\u043d\u0456\u0439 \u043f\u043e\u0448\u0442\u0456.<\/p>","protected":false},"excerpt":{"rendered":"<p>Zapraszamy na szkolenie z zakresu ochrony danych osobowych RODO do naszego O\u015brodka Doskonalenia Kadr ERGON. Zaj\u0119cia dost\u0119pne s\u0105 w mie\u015bcie Warszawa. Szkolimy fachowo, kompleksowo i w niskich cenach! Zaj\u0119cia przeznaczone s\u0105 dla administrator\u00f3w danych i innych os\u00f3b, kt\u00f3re chc\u0105 pozna\u0107 zmiany wprowadzone przez rozporz\u0105dzenie unijne RODO, kt\u00f3re zosta\u0142o przyj\u0119te 27 kwietnia 2016 i wchodzi w \u017cycie 25 maja 2018 roku. Dost\u0119pne u nas szkolenie z zakresu danych osobowych kompleksowo informuje o zmianach i pozwala na unikni\u0119cie kar zwi\u0105zanych z nieprzestrzeganiem przepis\u00f3w. Program zaj\u0119\u0107 Szkolenie o ochronie danych osobowych jest podzielone na dwie cz\u0119\u015bci \u2013 teoretyczn\u0105 oraz praktyczn\u0105. Dzi\u0119ki uczestnictwu w zaj\u0119ciach uczestnicy otrzymuj\u0105 szerok\u0105 wiedz\u0119 dotycz\u0105c\u0105 zmian wprowadzanych przez rozporz\u0105dzenie Unii Europejskiej w zakresie ochrony danych osobowych \u2013 RODO. W trakcie naszych zaj\u0119\u0107 stosujemy aktywizuj\u0105ce metody nauczania. Dzi\u0119ki temu nasz o\u015brodek znany jest z wysokiej skuteczno\u015bci szkolenia. Podczas zaj\u0119\u0107 poruszane s\u0105 takie informacje jak: podstawy prawne przetwarzania danych osobowych podstawowe definicje z zakresu ochrony danych osobowych kim jest administrator danych i jakie s\u0105 zadania administratora kim jest inspektor ochrony danych status i jakie s\u0105 jego zadania kim jest podmiot przetwarzaj\u0105cy dane osobowe og\u00f3lne warunki nak\u0142adania administracyjnych kar pieni\u0119\u017cnych rejestrowanie czynno\u015bci przetwarzania struktura organizacyjna ochrony danych osobowych warunki wyra\u017cenia zgody na przetwarzanie danych osobowych zasady dotycz\u0105ce przetwarzania danych osobowych prawo dost\u0119pu przys\u0142uguj\u0105ce osobie, kt\u00f3rej dane dotycz\u0105 przetwarzanie szczeg\u00f3lnych kategorii danych osobowych Nasze zaj\u0119cia podzielone s\u0105 na dwie cz\u0119\u015bci \u2013 teoretyczn\u0105 oraz praktyczn\u0105, dlatego prezentuje tak\u017ce, jak b\u0119dzie wygl\u0105da\u0107 ochrona danych osobowych w praktyce po wej\u015bciu w \u017cycie rozporz\u0105dzenia UE. W cenie szkolenia zawarte s\u0105 tak\u017ce catering [&hellip;]<\/p>\n","protected":false},"author":1,"featured_media":0,"parent":65,"menu_order":0,"comment_status":"closed","ping_status":"closed","template":"","meta":{"sfsi_plus_gutenberg_text_before_share":"","sfsi_plus_gutenberg_show_text_before_share":"","sfsi_plus_gutenberg_icon_type":"","sfsi_plus_gutenberg_icon_alignemt":"","sfsi_plus_gutenburg_max_per_row":"","footnotes":""},"class_list":["post-1791","page","type-page","status-publish","hentry","has_no_thumb"],"aioseo_notices":[],"_links":{"self":[{"href":"https:\/\/odk-ergon.pl\/ua\/wp-json\/wp\/v2\/pages\/1791","targetHints":{"allow":["GET"]}}],"collection":[{"href":"https:\/\/odk-ergon.pl\/ua\/wp-json\/wp\/v2\/pages"}],"about":[{"href":"https:\/\/odk-ergon.pl\/ua\/wp-json\/wp\/v2\/types\/page"}],"author":[{"embeddable":true,"href":"https:\/\/odk-ergon.pl\/ua\/wp-json\/wp\/v2\/users\/1"}],"replies":[{"embeddable":true,"href":"https:\/\/odk-ergon.pl\/ua\/wp-json\/wp\/v2\/comments?post=1791"}],"version-history":[{"count":1,"href":"https:\/\/odk-ergon.pl\/ua\/wp-json\/wp\/v2\/pages\/1791\/revisions"}],"predecessor-version":[{"id":1792,"href":"https:\/\/odk-ergon.pl\/ua\/wp-json\/wp\/v2\/pages\/1791\/revisions\/1792"}],"up":[{"embeddable":true,"href":"https:\/\/odk-ergon.pl\/ua\/wp-json\/wp\/v2\/pages\/65"}],"wp:attachment":[{"href":"https:\/\/odk-ergon.pl\/ua\/wp-json\/wp\/v2\/media?parent=1791"}],"curies":[{"name":"wp","href":"https:\/\/api.w.org\/{rel}","templated":true}]}}